{"id":99065,"date":"2023-11-22T09:35:54","date_gmt":"2023-11-22T06:35:54","guid":{"rendered":"https:\/\/antaris.az\/?post_type=product&#038;p=99065"},"modified":"2024-11-26T15:20:33","modified_gmt":"2024-11-26T11:20:33","slug":"skoc-kicik-12mmx10m-s%c9%99ffaf-80140-centrum","status":"publish","type":"product","link":"https:\/\/antaris.az\/ru\/m\u0259hsul\/skoc-kicik-12mmx10m-s%c9%99ffaf-80140-centrum\/","title":{"rendered":"Sko\u00e7 ki\u00e7ik 12mmx10m \u015f\u0259ffaf 80140 Centrum"},"content":{"rendered":"","protected":false},"excerpt":{"rendered":"<p>N\u00f6v\u00fc: Ki\u00e7ik<br \/>\n\u00d6l\u00e7\u00fcl\u0259r: 12mmx10mm<br \/>\n\u0130stehsal\u00e7\u0131 m\u0259hsul kodu: 80140<br \/>\nTicar\u0259t markas\u0131: Centrum<\/p>","protected":false},"featured_media":99066,"template":"","meta":{"_joinchat":[]},"product_brand":[],"product_cat":[713],"product_tag":[],"class_list":{"0":"post-99065","1":"product","2":"type-product","3":"status-publish","4":"has-post-thumbnail","6":"product_cat-skoc-v-skoc-dispenserlri","7":"pa_brand-centrum","9":"first","10":"instock","11":"shipping-taxable","12":"purchasable","13":"product-type-simple"},"yoast_head":"<!-- This site is optimized with the Yoast SEO plugin v27.3 - https:\/\/yoast.com\/product\/yoast-seo-wordpress\/ -->\n<title>Sko\u00e7 ki\u00e7ik 12mmx10m \u015f\u0259ffaf 80140 Centrum - Antaris<\/title>\n<meta name=\"robots\" content=\"index, follow, max-snippet:-1, max-image-preview:large, max-video-preview:-1\" \/>\n<link rel=\"canonical\" href=\"https:\/\/antaris.az\/ru\/m\u0259hsul\/skoc-kicik-12mmx10m-s\u0259ffaf-80140-centrum\/\" \/>\n<meta property=\"og:locale\" content=\"ru_RU\" \/>\n<meta property=\"og:type\" content=\"article\" \/>\n<meta property=\"og:title\" content=\"Sko\u00e7 ki\u00e7ik 12mmx10m \u015f\u0259ffaf 80140 Centrum - Antaris\" \/>\n<meta property=\"og:description\" content=\"N\u00f6v\u00fc: Ki\u00e7ik \u00d6l\u00e7\u00fcl\u0259r: 12mmx10mm \u0130stehsal\u00e7\u0131 m\u0259hsul kodu: 80140 Ticar\u0259t markas\u0131: Centrum\" \/>\n<meta property=\"og:url\" content=\"https:\/\/antaris.az\/ru\/m\u0259hsul\/skoc-kicik-12mmx10m-s\u0259ffaf-80140-centrum\/\" \/>\n<meta property=\"og:site_name\" content=\"Antaris\" \/>\n<meta property=\"article:publisher\" content=\"https:\/\/www.facebook.com\/antaris.az\/\" \/>\n<meta property=\"article:modified_time\" content=\"2024-11-26T11:20:33+00:00\" \/>\n<meta property=\"og:image\" content=\"https:\/\/antaris.az\/wp-content\/uploads\/2023\/11\/80140-Centrum-wep.webp\" \/>\n\t<meta property=\"og:image:width\" content=\"800\" \/>\n\t<meta property=\"og:image:height\" content=\"800\" \/>\n\t<meta property=\"og:image:type\" content=\"image\/webp\" \/>\n<script type=\"application\/ld+json\" class=\"yoast-schema-graph\">{\"@context\":\"https:\\\/\\\/schema.org\",\"@graph\":[{\"@type\":\"WebPage\",\"@id\":\"https:\\\/\\\/antaris.az\\\/m\u0259hsul\\\/skoc-kicik-12mmx10m-s%c9%99ffaf-80140-centrum\\\/\",\"url\":\"https:\\\/\\\/antaris.az\\\/m\u0259hsul\\\/skoc-kicik-12mmx10m-s%c9%99ffaf-80140-centrum\\\/\",\"name\":\"Sko\u00e7 ki\u00e7ik 12mmx10m \u015f\u0259ffaf 80140 Centrum - Antaris\",\"isPartOf\":{\"@id\":\"https:\\\/\\\/antaris.az\\\/#website\"},\"primaryImageOfPage\":{\"@id\":\"https:\\\/\\\/antaris.az\\\/m\u0259hsul\\\/skoc-kicik-12mmx10m-s%c9%99ffaf-80140-centrum\\\/#primaryimage\"},\"image\":{\"@id\":\"https:\\\/\\\/antaris.az\\\/m\u0259hsul\\\/skoc-kicik-12mmx10m-s%c9%99ffaf-80140-centrum\\\/#primaryimage\"},\"thumbnailUrl\":\"https:\\\/\\\/antaris.az\\\/wp-content\\\/uploads\\\/2023\\\/11\\\/80140-Centrum-wep.webp\",\"datePublished\":\"2023-11-22T06:35:54+00:00\",\"dateModified\":\"2024-11-26T11:20:33+00:00\",\"breadcrumb\":{\"@id\":\"https:\\\/\\\/antaris.az\\\/m\u0259hsul\\\/skoc-kicik-12mmx10m-s%c9%99ffaf-80140-centrum\\\/#breadcrumb\"},\"inLanguage\":\"ru-RU\",\"potentialAction\":[{\"@type\":\"ReadAction\",\"target\":[\"https:\\\/\\\/antaris.az\\\/m\u0259hsul\\\/skoc-kicik-12mmx10m-s%c9%99ffaf-80140-centrum\\\/\"]}]},{\"@type\":\"ImageObject\",\"inLanguage\":\"ru-RU\",\"@id\":\"https:\\\/\\\/antaris.az\\\/m\u0259hsul\\\/skoc-kicik-12mmx10m-s%c9%99ffaf-80140-centrum\\\/#primaryimage\",\"url\":\"https:\\\/\\\/antaris.az\\\/wp-content\\\/uploads\\\/2023\\\/11\\\/80140-Centrum-wep.webp\",\"contentUrl\":\"https:\\\/\\\/antaris.az\\\/wp-content\\\/uploads\\\/2023\\\/11\\\/80140-Centrum-wep.webp\",\"width\":800,\"height\":800,\"caption\":\"80140 Centrum wep\"},{\"@type\":\"BreadcrumbList\",\"@id\":\"https:\\\/\\\/antaris.az\\\/m\u0259hsul\\\/skoc-kicik-12mmx10m-s%c9%99ffaf-80140-centrum\\\/#breadcrumb\",\"itemListElement\":[{\"@type\":\"ListItem\",\"position\":1,\"name\":\"Home\",\"item\":\"https:\\\/\\\/antaris.az\\\/\"},{\"@type\":\"ListItem\",\"position\":2,\"name\":\"Ma\u011faza\",\"item\":\"https:\\\/\\\/antaris.az\\\/ru\\\/shop\\\/\"},{\"@type\":\"ListItem\",\"position\":3,\"name\":\"Sko\u00e7 ki\u00e7ik 12mmx10m \u015f\u0259ffaf 80140 Centrum\"}]},{\"@type\":\"WebSite\",\"@id\":\"https:\\\/\\\/antaris.az\\\/#website\",\"url\":\"https:\\\/\\\/antaris.az\\\/\",\"name\":\"Antaris\",\"description\":\"Ofis, ev, m\u0259kt\u0259b \u00fc\u00e7\u00fcn h\u0259r \u015fey\",\"publisher\":{\"@id\":\"https:\\\/\\\/antaris.az\\\/#organization\"},\"potentialAction\":[{\"@type\":\"SearchAction\",\"target\":{\"@type\":\"EntryPoint\",\"urlTemplate\":\"https:\\\/\\\/antaris.az\\\/?s={search_term_string}\"},\"query-input\":{\"@type\":\"PropertyValueSpecification\",\"valueRequired\":true,\"valueName\":\"search_term_string\"}}],\"inLanguage\":\"ru-RU\"},{\"@type\":\"Organization\",\"@id\":\"https:\\\/\\\/antaris.az\\\/#organization\",\"name\":\"Antaris QSC\",\"url\":\"https:\\\/\\\/antaris.az\\\/\",\"logo\":{\"@type\":\"ImageObject\",\"inLanguage\":\"ru-RU\",\"@id\":\"https:\\\/\\\/antaris.az\\\/#\\\/schema\\\/logo\\\/image\\\/\",\"url\":\"https:\\\/\\\/antaris.az\\\/wp-content\\\/uploads\\\/2025\\\/03\\\/Antaris-logo.png\",\"contentUrl\":\"https:\\\/\\\/antaris.az\\\/wp-content\\\/uploads\\\/2025\\\/03\\\/Antaris-logo.png\",\"width\":500,\"height\":500,\"caption\":\"Antaris QSC\"},\"image\":{\"@id\":\"https:\\\/\\\/antaris.az\\\/#\\\/schema\\\/logo\\\/image\\\/\"},\"sameAs\":[\"https:\\\/\\\/www.facebook.com\\\/antaris.az\\\/\",\"https:\\\/\\\/www.instagram.com\\\/antaris.az\\\/\"]}]}<\/script>\n<!-- \/ Yoast SEO plugin. -->","yoast_head_json":{"title":"Sko\u00e7 ki\u00e7ik 12mmx10m \u015f\u0259ffaf 80140 Centrum - Antaris","robots":{"index":"index","follow":"follow","max-snippet":"max-snippet:-1","max-image-preview":"max-image-preview:large","max-video-preview":"max-video-preview:-1"},"canonical":"https:\/\/antaris.az\/ru\/m\u0259hsul\/skoc-kicik-12mmx10m-s\u0259ffaf-80140-centrum\/","og_locale":"ru_RU","og_type":"article","og_title":"Sko\u00e7 ki\u00e7ik 12mmx10m \u015f\u0259ffaf 80140 Centrum - Antaris","og_description":"N\u00f6v\u00fc: Ki\u00e7ik \u00d6l\u00e7\u00fcl\u0259r: 12mmx10mm \u0130stehsal\u00e7\u0131 m\u0259hsul kodu: 80140 Ticar\u0259t markas\u0131: Centrum","og_url":"https:\/\/antaris.az\/ru\/m\u0259hsul\/skoc-kicik-12mmx10m-s\u0259ffaf-80140-centrum\/","og_site_name":"Antaris","article_publisher":"https:\/\/www.facebook.com\/antaris.az\/","article_modified_time":"2024-11-26T11:20:33+00:00","og_image":[{"width":800,"height":800,"url":"https:\/\/antaris.az\/wp-content\/uploads\/2023\/11\/80140-Centrum-wep.webp","type":"image\/webp"}],"schema":{"@context":"https:\/\/schema.org","@graph":[{"@type":"WebPage","@id":"https:\/\/antaris.az\/m\u0259hsul\/skoc-kicik-12mmx10m-s%c9%99ffaf-80140-centrum\/","url":"https:\/\/antaris.az\/m\u0259hsul\/skoc-kicik-12mmx10m-s%c9%99ffaf-80140-centrum\/","name":"Sko\u00e7 ki\u00e7ik 12mmx10m \u015f\u0259ffaf 80140 Centrum - Antaris","isPartOf":{"@id":"https:\/\/antaris.az\/#website"},"primaryImageOfPage":{"@id":"https:\/\/antaris.az\/m\u0259hsul\/skoc-kicik-12mmx10m-s%c9%99ffaf-80140-centrum\/#primaryimage"},"image":{"@id":"https:\/\/antaris.az\/m\u0259hsul\/skoc-kicik-12mmx10m-s%c9%99ffaf-80140-centrum\/#primaryimage"},"thumbnailUrl":"https:\/\/antaris.az\/wp-content\/uploads\/2023\/11\/80140-Centrum-wep.webp","datePublished":"2023-11-22T06:35:54+00:00","dateModified":"2024-11-26T11:20:33+00:00","breadcrumb":{"@id":"https:\/\/antaris.az\/m\u0259hsul\/skoc-kicik-12mmx10m-s%c9%99ffaf-80140-centrum\/#breadcrumb"},"inLanguage":"ru-RU","potentialAction":[{"@type":"ReadAction","target":["https:\/\/antaris.az\/m\u0259hsul\/skoc-kicik-12mmx10m-s%c9%99ffaf-80140-centrum\/"]}]},{"@type":"ImageObject","inLanguage":"ru-RU","@id":"https:\/\/antaris.az\/m\u0259hsul\/skoc-kicik-12mmx10m-s%c9%99ffaf-80140-centrum\/#primaryimage","url":"https:\/\/antaris.az\/wp-content\/uploads\/2023\/11\/80140-Centrum-wep.webp","contentUrl":"https:\/\/antaris.az\/wp-content\/uploads\/2023\/11\/80140-Centrum-wep.webp","width":800,"height":800,"caption":"80140 Centrum wep"},{"@type":"BreadcrumbList","@id":"https:\/\/antaris.az\/m\u0259hsul\/skoc-kicik-12mmx10m-s%c9%99ffaf-80140-centrum\/#breadcrumb","itemListElement":[{"@type":"ListItem","position":1,"name":"Home","item":"https:\/\/antaris.az\/"},{"@type":"ListItem","position":2,"name":"Ma\u011faza","item":"https:\/\/antaris.az\/ru\/shop\/"},{"@type":"ListItem","position":3,"name":"Sko\u00e7 ki\u00e7ik 12mmx10m \u015f\u0259ffaf 80140 Centrum"}]},{"@type":"WebSite","@id":"https:\/\/antaris.az\/#website","url":"https:\/\/antaris.az\/","name":"Antaris","description":"Ofis, ev, m\u0259kt\u0259b \u00fc\u00e7\u00fcn h\u0259r \u015fey","publisher":{"@id":"https:\/\/antaris.az\/#organization"},"potentialAction":[{"@type":"SearchAction","target":{"@type":"EntryPoint","urlTemplate":"https:\/\/antaris.az\/?s={search_term_string}"},"query-input":{"@type":"PropertyValueSpecification","valueRequired":true,"valueName":"search_term_string"}}],"inLanguage":"ru-RU"},{"@type":"Organization","@id":"https:\/\/antaris.az\/#organization","name":"\u0410\u043d\u0442\u0430\u0440\u0438\u0441 \u0417\u0410\u041e","url":"https:\/\/antaris.az\/","logo":{"@type":"ImageObject","inLanguage":"ru-RU","@id":"https:\/\/antaris.az\/#\/schema\/logo\/image\/","url":"https:\/\/antaris.az\/wp-content\/uploads\/2025\/03\/Antaris-logo.png","contentUrl":"https:\/\/antaris.az\/wp-content\/uploads\/2025\/03\/Antaris-logo.png","width":500,"height":500,"caption":"Antaris QSC"},"image":{"@id":"https:\/\/antaris.az\/#\/schema\/logo\/image\/"},"sameAs":["https:\/\/www.facebook.com\/antaris.az\/","https:\/\/www.instagram.com\/antaris.az\/"]}]}},"_links":{"self":[{"href":"https:\/\/antaris.az\/ru\/wp-json\/wp\/v2\/product\/99065","targetHints":{"allow":["GET"]}}],"collection":[{"href":"https:\/\/antaris.az\/ru\/wp-json\/wp\/v2\/product"}],"about":[{"href":"https:\/\/antaris.az\/ru\/wp-json\/wp\/v2\/types\/product"}],"version-history":[{"count":0,"href":"https:\/\/antaris.az\/ru\/wp-json\/wp\/v2\/product\/99065\/revisions"}],"wp:featuredmedia":[{"embeddable":true,"href":"https:\/\/antaris.az\/ru\/wp-json\/wp\/v2\/media\/99066"}],"wp:attachment":[{"href":"https:\/\/antaris.az\/ru\/wp-json\/wp\/v2\/media?parent=99065"}],"wp:term":[{"taxonomy":"product_brand","embeddable":true,"href":"https:\/\/antaris.az\/ru\/wp-json\/wp\/v2\/product_brand?post=99065"},{"taxonomy":"product_cat","embeddable":true,"href":"https:\/\/antaris.az\/ru\/wp-json\/wp\/v2\/product_cat?post=99065"},{"taxonomy":"product_tag","embeddable":true,"href":"https:\/\/antaris.az\/ru\/wp-json\/wp\/v2\/product_tag?post=99065"}],"curies":[{"name":"wp","href":"https:\/\/api.w.org\/{rel}","templated":true}]}}