{"id":98976,"date":"2023-11-17T15:12:34","date_gmt":"2023-11-17T12:12:34","guid":{"rendered":"https:\/\/antaris.az\/?post_type=product&#038;p=98976"},"modified":"2024-11-26T15:20:34","modified_gmt":"2024-11-26T11:20:34","slug":"qayci-usaq-ucun-turkuas-grip-181554-faber-castell","status":"publish","type":"product","link":"https:\/\/antaris.az\/ru\/m\u0259hsul\/qayci-usaq-ucun-turkuas-grip-181554-faber-castell\/","title":{"rendered":"Qay\u00e7\u0131 u\u015faq \u00fc\u00e7\u00fcn turkuas GR\u0130P 181554 Faber Castell"},"content":{"rendered":"","protected":false},"excerpt":{"rendered":"<p>R\u0259ngi: Turkuaz<br \/>\n\u0130stehsal\u00e7\u0131 m\u0259hsul kodu: 181554<br \/>\nTicar\u0259t markas\u0131: Faber-Castell<br \/>\n\u0130stehsal\u00e7\u0131 \u00f6lk\u0259: Almaniya<\/p>","protected":false},"featured_media":98984,"template":"","meta":{"_joinchat":[]},"product_brand":[],"product_cat":[512],"product_tag":[],"class_list":{"0":"post-98976","1":"product","2":"type-product","3":"status-publish","4":"has-post-thumbnail","6":"product_cat-qayci-2","7":"pa_brand-faber-castell","9":"first","10":"instock","11":"shipping-taxable","12":"purchasable","13":"product-type-simple"},"yoast_head":"<!-- This site is optimized with the Yoast SEO plugin v27.3 - https:\/\/yoast.com\/product\/yoast-seo-wordpress\/ -->\n<title>Qay\u00e7\u0131 u\u015faq \u00fc\u00e7\u00fcn turkuas GR\u0130P 181554 Faber Castell - Antaris<\/title>\n<meta name=\"robots\" content=\"index, follow, max-snippet:-1, max-image-preview:large, max-video-preview:-1\" \/>\n<link rel=\"canonical\" href=\"https:\/\/antaris.az\/ru\/m\u0259hsul\/qayci-usaq-ucun-turkuas-grip-181554-faber-castell\/\" \/>\n<meta property=\"og:locale\" content=\"ru_RU\" \/>\n<meta property=\"og:type\" content=\"article\" \/>\n<meta property=\"og:title\" content=\"Qay\u00e7\u0131 u\u015faq \u00fc\u00e7\u00fcn turkuas GR\u0130P 181554 Faber Castell - Antaris\" \/>\n<meta property=\"og:description\" content=\"R\u0259ngi: Turkuaz \u0130stehsal\u00e7\u0131 m\u0259hsul kodu: 181554 Ticar\u0259t markas\u0131: Faber-Castell \u0130stehsal\u00e7\u0131 \u00f6lk\u0259: Almaniya\" \/>\n<meta property=\"og:url\" content=\"https:\/\/antaris.az\/ru\/m\u0259hsul\/qayci-usaq-ucun-turkuas-grip-181554-faber-castell\/\" \/>\n<meta property=\"og:site_name\" content=\"Antaris\" \/>\n<meta property=\"article:publisher\" content=\"https:\/\/www.facebook.com\/antaris.az\/\" \/>\n<meta property=\"article:modified_time\" content=\"2024-11-26T11:20:34+00:00\" \/>\n<meta property=\"og:image\" content=\"https:\/\/antaris.az\/wp-content\/uploads\/2023\/11\/181554-Faber-Castell-wep.webp\" \/>\n\t<meta property=\"og:image:width\" content=\"800\" \/>\n\t<meta property=\"og:image:height\" content=\"800\" \/>\n\t<meta property=\"og:image:type\" content=\"image\/webp\" \/>\n<script type=\"application\/ld+json\" class=\"yoast-schema-graph\">{\"@context\":\"https:\\\/\\\/schema.org\",\"@graph\":[{\"@type\":\"WebPage\",\"@id\":\"https:\\\/\\\/antaris.az\\\/m\u0259hsul\\\/qayci-usaq-ucun-turkuas-grip-181554-faber-castell\\\/\",\"url\":\"https:\\\/\\\/antaris.az\\\/m\u0259hsul\\\/qayci-usaq-ucun-turkuas-grip-181554-faber-castell\\\/\",\"name\":\"Qay\u00e7\u0131 u\u015faq \u00fc\u00e7\u00fcn turkuas GR\u0130P 181554 Faber Castell - Antaris\",\"isPartOf\":{\"@id\":\"https:\\\/\\\/antaris.az\\\/#website\"},\"primaryImageOfPage\":{\"@id\":\"https:\\\/\\\/antaris.az\\\/m\u0259hsul\\\/qayci-usaq-ucun-turkuas-grip-181554-faber-castell\\\/#primaryimage\"},\"image\":{\"@id\":\"https:\\\/\\\/antaris.az\\\/m\u0259hsul\\\/qayci-usaq-ucun-turkuas-grip-181554-faber-castell\\\/#primaryimage\"},\"thumbnailUrl\":\"https:\\\/\\\/antaris.az\\\/wp-content\\\/uploads\\\/2023\\\/11\\\/181554-Faber-Castell-wep.webp\",\"datePublished\":\"2023-11-17T12:12:34+00:00\",\"dateModified\":\"2024-11-26T11:20:34+00:00\",\"breadcrumb\":{\"@id\":\"https:\\\/\\\/antaris.az\\\/m\u0259hsul\\\/qayci-usaq-ucun-turkuas-grip-181554-faber-castell\\\/#breadcrumb\"},\"inLanguage\":\"ru-RU\",\"potentialAction\":[{\"@type\":\"ReadAction\",\"target\":[\"https:\\\/\\\/antaris.az\\\/m\u0259hsul\\\/qayci-usaq-ucun-turkuas-grip-181554-faber-castell\\\/\"]}]},{\"@type\":\"ImageObject\",\"inLanguage\":\"ru-RU\",\"@id\":\"https:\\\/\\\/antaris.az\\\/m\u0259hsul\\\/qayci-usaq-ucun-turkuas-grip-181554-faber-castell\\\/#primaryimage\",\"url\":\"https:\\\/\\\/antaris.az\\\/wp-content\\\/uploads\\\/2023\\\/11\\\/181554-Faber-Castell-wep.webp\",\"contentUrl\":\"https:\\\/\\\/antaris.az\\\/wp-content\\\/uploads\\\/2023\\\/11\\\/181554-Faber-Castell-wep.webp\",\"width\":800,\"height\":800,\"caption\":\"181554 Faber Castell wep\"},{\"@type\":\"BreadcrumbList\",\"@id\":\"https:\\\/\\\/antaris.az\\\/m\u0259hsul\\\/qayci-usaq-ucun-turkuas-grip-181554-faber-castell\\\/#breadcrumb\",\"itemListElement\":[{\"@type\":\"ListItem\",\"position\":1,\"name\":\"Home\",\"item\":\"https:\\\/\\\/antaris.az\\\/\"},{\"@type\":\"ListItem\",\"position\":2,\"name\":\"Ma\u011faza\",\"item\":\"https:\\\/\\\/antaris.az\\\/ru\\\/shop\\\/\"},{\"@type\":\"ListItem\",\"position\":3,\"name\":\"Qay\u00e7\u0131 u\u015faq \u00fc\u00e7\u00fcn turkuas GR\u0130P 181554 Faber Castell\"}]},{\"@type\":\"WebSite\",\"@id\":\"https:\\\/\\\/antaris.az\\\/#website\",\"url\":\"https:\\\/\\\/antaris.az\\\/\",\"name\":\"Antaris\",\"description\":\"Ofis, ev, m\u0259kt\u0259b \u00fc\u00e7\u00fcn h\u0259r \u015fey\",\"publisher\":{\"@id\":\"https:\\\/\\\/antaris.az\\\/#organization\"},\"potentialAction\":[{\"@type\":\"SearchAction\",\"target\":{\"@type\":\"EntryPoint\",\"urlTemplate\":\"https:\\\/\\\/antaris.az\\\/?s={search_term_string}\"},\"query-input\":{\"@type\":\"PropertyValueSpecification\",\"valueRequired\":true,\"valueName\":\"search_term_string\"}}],\"inLanguage\":\"ru-RU\"},{\"@type\":\"Organization\",\"@id\":\"https:\\\/\\\/antaris.az\\\/#organization\",\"name\":\"Antaris QSC\",\"url\":\"https:\\\/\\\/antaris.az\\\/\",\"logo\":{\"@type\":\"ImageObject\",\"inLanguage\":\"ru-RU\",\"@id\":\"https:\\\/\\\/antaris.az\\\/#\\\/schema\\\/logo\\\/image\\\/\",\"url\":\"https:\\\/\\\/antaris.az\\\/wp-content\\\/uploads\\\/2025\\\/03\\\/Antaris-logo.png\",\"contentUrl\":\"https:\\\/\\\/antaris.az\\\/wp-content\\\/uploads\\\/2025\\\/03\\\/Antaris-logo.png\",\"width\":500,\"height\":500,\"caption\":\"Antaris QSC\"},\"image\":{\"@id\":\"https:\\\/\\\/antaris.az\\\/#\\\/schema\\\/logo\\\/image\\\/\"},\"sameAs\":[\"https:\\\/\\\/www.facebook.com\\\/antaris.az\\\/\",\"https:\\\/\\\/www.instagram.com\\\/antaris.az\\\/\"]}]}<\/script>\n<!-- \/ Yoast SEO plugin. -->","yoast_head_json":{"title":"Qay\u00e7\u0131 u\u015faq \u00fc\u00e7\u00fcn turkuas GR\u0130P 181554 Faber Castell - Antaris","robots":{"index":"index","follow":"follow","max-snippet":"max-snippet:-1","max-image-preview":"max-image-preview:large","max-video-preview":"max-video-preview:-1"},"canonical":"https:\/\/antaris.az\/ru\/m\u0259hsul\/qayci-usaq-ucun-turkuas-grip-181554-faber-castell\/","og_locale":"ru_RU","og_type":"article","og_title":"Qay\u00e7\u0131 u\u015faq \u00fc\u00e7\u00fcn turkuas GR\u0130P 181554 Faber Castell - Antaris","og_description":"R\u0259ngi: Turkuaz \u0130stehsal\u00e7\u0131 m\u0259hsul kodu: 181554 Ticar\u0259t markas\u0131: Faber-Castell \u0130stehsal\u00e7\u0131 \u00f6lk\u0259: Almaniya","og_url":"https:\/\/antaris.az\/ru\/m\u0259hsul\/qayci-usaq-ucun-turkuas-grip-181554-faber-castell\/","og_site_name":"Antaris","article_publisher":"https:\/\/www.facebook.com\/antaris.az\/","article_modified_time":"2024-11-26T11:20:34+00:00","og_image":[{"width":800,"height":800,"url":"https:\/\/antaris.az\/wp-content\/uploads\/2023\/11\/181554-Faber-Castell-wep.webp","type":"image\/webp"}],"schema":{"@context":"https:\/\/schema.org","@graph":[{"@type":"WebPage","@id":"https:\/\/antaris.az\/m\u0259hsul\/qayci-usaq-ucun-turkuas-grip-181554-faber-castell\/","url":"https:\/\/antaris.az\/m\u0259hsul\/qayci-usaq-ucun-turkuas-grip-181554-faber-castell\/","name":"Qay\u00e7\u0131 u\u015faq \u00fc\u00e7\u00fcn turkuas GR\u0130P 181554 Faber Castell - Antaris","isPartOf":{"@id":"https:\/\/antaris.az\/#website"},"primaryImageOfPage":{"@id":"https:\/\/antaris.az\/m\u0259hsul\/qayci-usaq-ucun-turkuas-grip-181554-faber-castell\/#primaryimage"},"image":{"@id":"https:\/\/antaris.az\/m\u0259hsul\/qayci-usaq-ucun-turkuas-grip-181554-faber-castell\/#primaryimage"},"thumbnailUrl":"https:\/\/antaris.az\/wp-content\/uploads\/2023\/11\/181554-Faber-Castell-wep.webp","datePublished":"2023-11-17T12:12:34+00:00","dateModified":"2024-11-26T11:20:34+00:00","breadcrumb":{"@id":"https:\/\/antaris.az\/m\u0259hsul\/qayci-usaq-ucun-turkuas-grip-181554-faber-castell\/#breadcrumb"},"inLanguage":"ru-RU","potentialAction":[{"@type":"ReadAction","target":["https:\/\/antaris.az\/m\u0259hsul\/qayci-usaq-ucun-turkuas-grip-181554-faber-castell\/"]}]},{"@type":"ImageObject","inLanguage":"ru-RU","@id":"https:\/\/antaris.az\/m\u0259hsul\/qayci-usaq-ucun-turkuas-grip-181554-faber-castell\/#primaryimage","url":"https:\/\/antaris.az\/wp-content\/uploads\/2023\/11\/181554-Faber-Castell-wep.webp","contentUrl":"https:\/\/antaris.az\/wp-content\/uploads\/2023\/11\/181554-Faber-Castell-wep.webp","width":800,"height":800,"caption":"181554 Faber Castell wep"},{"@type":"BreadcrumbList","@id":"https:\/\/antaris.az\/m\u0259hsul\/qayci-usaq-ucun-turkuas-grip-181554-faber-castell\/#breadcrumb","itemListElement":[{"@type":"ListItem","position":1,"name":"Home","item":"https:\/\/antaris.az\/"},{"@type":"ListItem","position":2,"name":"Ma\u011faza","item":"https:\/\/antaris.az\/ru\/shop\/"},{"@type":"ListItem","position":3,"name":"Qay\u00e7\u0131 u\u015faq \u00fc\u00e7\u00fcn turkuas GR\u0130P 181554 Faber Castell"}]},{"@type":"WebSite","@id":"https:\/\/antaris.az\/#website","url":"https:\/\/antaris.az\/","name":"Antaris","description":"Ofis, ev, m\u0259kt\u0259b \u00fc\u00e7\u00fcn h\u0259r \u015fey","publisher":{"@id":"https:\/\/antaris.az\/#organization"},"potentialAction":[{"@type":"SearchAction","target":{"@type":"EntryPoint","urlTemplate":"https:\/\/antaris.az\/?s={search_term_string}"},"query-input":{"@type":"PropertyValueSpecification","valueRequired":true,"valueName":"search_term_string"}}],"inLanguage":"ru-RU"},{"@type":"Organization","@id":"https:\/\/antaris.az\/#organization","name":"\u0410\u043d\u0442\u0430\u0440\u0438\u0441 \u0417\u0410\u041e","url":"https:\/\/antaris.az\/","logo":{"@type":"ImageObject","inLanguage":"ru-RU","@id":"https:\/\/antaris.az\/#\/schema\/logo\/image\/","url":"https:\/\/antaris.az\/wp-content\/uploads\/2025\/03\/Antaris-logo.png","contentUrl":"https:\/\/antaris.az\/wp-content\/uploads\/2025\/03\/Antaris-logo.png","width":500,"height":500,"caption":"Antaris QSC"},"image":{"@id":"https:\/\/antaris.az\/#\/schema\/logo\/image\/"},"sameAs":["https:\/\/www.facebook.com\/antaris.az\/","https:\/\/www.instagram.com\/antaris.az\/"]}]}},"_links":{"self":[{"href":"https:\/\/antaris.az\/ru\/wp-json\/wp\/v2\/product\/98976","targetHints":{"allow":["GET"]}}],"collection":[{"href":"https:\/\/antaris.az\/ru\/wp-json\/wp\/v2\/product"}],"about":[{"href":"https:\/\/antaris.az\/ru\/wp-json\/wp\/v2\/types\/product"}],"version-history":[{"count":0,"href":"https:\/\/antaris.az\/ru\/wp-json\/wp\/v2\/product\/98976\/revisions"}],"wp:featuredmedia":[{"embeddable":true,"href":"https:\/\/antaris.az\/ru\/wp-json\/wp\/v2\/media\/98984"}],"wp:attachment":[{"href":"https:\/\/antaris.az\/ru\/wp-json\/wp\/v2\/media?parent=98976"}],"wp:term":[{"taxonomy":"product_brand","embeddable":true,"href":"https:\/\/antaris.az\/ru\/wp-json\/wp\/v2\/product_brand?post=98976"},{"taxonomy":"product_cat","embeddable":true,"href":"https:\/\/antaris.az\/ru\/wp-json\/wp\/v2\/product_cat?post=98976"},{"taxonomy":"product_tag","embeddable":true,"href":"https:\/\/antaris.az\/ru\/wp-json\/wp\/v2\/product_tag?post=98976"}],"curies":[{"name":"wp","href":"https:\/\/api.w.org\/{rel}","templated":true}]}}