{"id":98263,"date":"2023-10-12T08:37:18","date_gmt":"2023-10-12T05:37:18","guid":{"rendered":"https:\/\/antaris.az\/?post_type=product&#038;p=98263"},"modified":"2024-11-26T15:20:47","modified_gmt":"2024-11-26T11:20:47","slug":"gund%c9%99lik-17x24sm-pu-d%c9%99ri-2024","status":"publish","type":"product","link":"https:\/\/antaris.az\/ru\/m\u0259hsul\/gund%c9%99lik-17x24sm-pu-d%c9%99ri-2024\/","title":{"rendered":"G\u00fcnd\u0259lik 17x24sm PU d\u0259ri &#8211; 2024"},"content":{"rendered":"","protected":false},"excerpt":{"rendered":"<p>N\u00f6v\u00fc: Tarixli<br \/>\nQapaq: S\u0259rt\/ PU<br \/>\n\u00d6l\u00e7\u00fc: 17x24sm<br \/>\nV\u0259r\u0259q say\u0131: 180v<br \/>\n\u00dcz qab\u0131\u011f\u0131n r\u0259ng se\u00e7imi: 10 r\u0259ng<br \/>\n\u0130stehsal \u00f6lk\u0259si: \u00c7in<\/p>","protected":false},"featured_media":98285,"template":"","meta":{"_joinchat":[]},"product_brand":[],"product_cat":[416,353,415],"product_tag":[],"class_list":{"0":"post-98263","1":"product","2":"type-product","3":"status-publish","4":"has-post-thumbnail","6":"product_cat-bloknot-2","7":"product_cat-gundlik","8":"product_cat-gundlik-2","9":"pa_reng-aciq-mavi","10":"pa_reng-aciq-qhvyi","11":"pa_reng-bnovsyi","12":"pa_reng-boz","13":"pa_reng-mavi","14":"pa_reng-qara","15":"pa_reng-qhvyi","16":"pa_reng-qirmizi","17":"pa_reng-tund-mavi","18":"pa_reng-yasil","20":"first","21":"outofstock","22":"shipping-taxable","23":"product-type-simple"},"yoast_head":"<!-- This site is optimized with the Yoast SEO plugin v27.3 - https:\/\/yoast.com\/product\/yoast-seo-wordpress\/ -->\n<title>G\u00fcnd\u0259lik 17x24sm PU d\u0259ri - 2024 - Antaris<\/title>\n<meta name=\"robots\" content=\"index, follow, max-snippet:-1, max-image-preview:large, max-video-preview:-1\" \/>\n<link rel=\"canonical\" href=\"https:\/\/antaris.az\/ru\/m\u0259hsul\/gund\u0259lik-17x24sm-pu-d\u0259ri-2024\/\" \/>\n<meta property=\"og:locale\" content=\"ru_RU\" \/>\n<meta property=\"og:type\" content=\"article\" \/>\n<meta property=\"og:title\" content=\"G\u00fcnd\u0259lik 17x24sm PU d\u0259ri - 2024 - Antaris\" \/>\n<meta property=\"og:description\" content=\"N\u00f6v\u00fc: Tarixli Qapaq: S\u0259rt\/ PU \u00d6l\u00e7\u00fc: 17x24sm V\u0259r\u0259q say\u0131: 180v \u00dcz qab\u0131\u011f\u0131n r\u0259ng se\u00e7imi: 10 r\u0259ng \u0130stehsal \u00f6lk\u0259si: \u00c7in\" \/>\n<meta property=\"og:url\" content=\"https:\/\/antaris.az\/ru\/m\u0259hsul\/gund\u0259lik-17x24sm-pu-d\u0259ri-2024\/\" \/>\n<meta property=\"og:site_name\" content=\"Antaris\" \/>\n<meta property=\"article:publisher\" content=\"https:\/\/www.facebook.com\/antaris.az\/\" \/>\n<meta property=\"article:modified_time\" content=\"2024-11-26T11:20:47+00:00\" \/>\n<meta property=\"og:image\" content=\"https:\/\/antaris.az\/wp-content\/uploads\/2023\/10\/Gund\u0259lik-17x24-umumi.webp\" \/>\n\t<meta property=\"og:image:width\" content=\"800\" \/>\n\t<meta property=\"og:image:height\" content=\"800\" \/>\n\t<meta property=\"og:image:type\" content=\"image\/webp\" \/>\n<script type=\"application\/ld+json\" class=\"yoast-schema-graph\">{\"@context\":\"https:\\\/\\\/schema.org\",\"@graph\":[{\"@type\":\"WebPage\",\"@id\":\"https:\\\/\\\/antaris.az\\\/m\u0259hsul\\\/gund%c9%99lik-17x24sm-pu-d%c9%99ri-2024\\\/\",\"url\":\"https:\\\/\\\/antaris.az\\\/m\u0259hsul\\\/gund%c9%99lik-17x24sm-pu-d%c9%99ri-2024\\\/\",\"name\":\"G\u00fcnd\u0259lik 17x24sm PU d\u0259ri - 2024 - Antaris\",\"isPartOf\":{\"@id\":\"https:\\\/\\\/antaris.az\\\/#website\"},\"primaryImageOfPage\":{\"@id\":\"https:\\\/\\\/antaris.az\\\/m\u0259hsul\\\/gund%c9%99lik-17x24sm-pu-d%c9%99ri-2024\\\/#primaryimage\"},\"image\":{\"@id\":\"https:\\\/\\\/antaris.az\\\/m\u0259hsul\\\/gund%c9%99lik-17x24sm-pu-d%c9%99ri-2024\\\/#primaryimage\"},\"thumbnailUrl\":\"https:\\\/\\\/antaris.az\\\/wp-content\\\/uploads\\\/2023\\\/10\\\/Gund\u0259lik-17x24-umumi.webp\",\"datePublished\":\"2023-10-12T05:37:18+00:00\",\"dateModified\":\"2024-11-26T11:20:47+00:00\",\"breadcrumb\":{\"@id\":\"https:\\\/\\\/antaris.az\\\/m\u0259hsul\\\/gund%c9%99lik-17x24sm-pu-d%c9%99ri-2024\\\/#breadcrumb\"},\"inLanguage\":\"ru-RU\",\"potentialAction\":[{\"@type\":\"ReadAction\",\"target\":[\"https:\\\/\\\/antaris.az\\\/m\u0259hsul\\\/gund%c9%99lik-17x24sm-pu-d%c9%99ri-2024\\\/\"]}]},{\"@type\":\"ImageObject\",\"inLanguage\":\"ru-RU\",\"@id\":\"https:\\\/\\\/antaris.az\\\/m\u0259hsul\\\/gund%c9%99lik-17x24sm-pu-d%c9%99ri-2024\\\/#primaryimage\",\"url\":\"https:\\\/\\\/antaris.az\\\/wp-content\\\/uploads\\\/2023\\\/10\\\/Gund\u0259lik-17x24-umumi.webp\",\"contentUrl\":\"https:\\\/\\\/antaris.az\\\/wp-content\\\/uploads\\\/2023\\\/10\\\/Gund\u0259lik-17x24-umumi.webp\",\"width\":800,\"height\":800,\"caption\":\"G\u00fcnd\u0259lik 17x24 \u00fcmumi\"},{\"@type\":\"BreadcrumbList\",\"@id\":\"https:\\\/\\\/antaris.az\\\/m\u0259hsul\\\/gund%c9%99lik-17x24sm-pu-d%c9%99ri-2024\\\/#breadcrumb\",\"itemListElement\":[{\"@type\":\"ListItem\",\"position\":1,\"name\":\"Home\",\"item\":\"https:\\\/\\\/antaris.az\\\/\"},{\"@type\":\"ListItem\",\"position\":2,\"name\":\"Ma\u011faza\",\"item\":\"https:\\\/\\\/antaris.az\\\/ru\\\/shop\\\/\"},{\"@type\":\"ListItem\",\"position\":3,\"name\":\"G\u00fcnd\u0259lik 17x24sm PU d\u0259ri &#8211; 2024\"}]},{\"@type\":\"WebSite\",\"@id\":\"https:\\\/\\\/antaris.az\\\/#website\",\"url\":\"https:\\\/\\\/antaris.az\\\/\",\"name\":\"Antaris\",\"description\":\"Ofis, ev, m\u0259kt\u0259b \u00fc\u00e7\u00fcn h\u0259r \u015fey\",\"publisher\":{\"@id\":\"https:\\\/\\\/antaris.az\\\/#organization\"},\"potentialAction\":[{\"@type\":\"SearchAction\",\"target\":{\"@type\":\"EntryPoint\",\"urlTemplate\":\"https:\\\/\\\/antaris.az\\\/?s={search_term_string}\"},\"query-input\":{\"@type\":\"PropertyValueSpecification\",\"valueRequired\":true,\"valueName\":\"search_term_string\"}}],\"inLanguage\":\"ru-RU\"},{\"@type\":\"Organization\",\"@id\":\"https:\\\/\\\/antaris.az\\\/#organization\",\"name\":\"Antaris QSC\",\"url\":\"https:\\\/\\\/antaris.az\\\/\",\"logo\":{\"@type\":\"ImageObject\",\"inLanguage\":\"ru-RU\",\"@id\":\"https:\\\/\\\/antaris.az\\\/#\\\/schema\\\/logo\\\/image\\\/\",\"url\":\"https:\\\/\\\/antaris.az\\\/wp-content\\\/uploads\\\/2025\\\/03\\\/Antaris-logo.png\",\"contentUrl\":\"https:\\\/\\\/antaris.az\\\/wp-content\\\/uploads\\\/2025\\\/03\\\/Antaris-logo.png\",\"width\":500,\"height\":500,\"caption\":\"Antaris QSC\"},\"image\":{\"@id\":\"https:\\\/\\\/antaris.az\\\/#\\\/schema\\\/logo\\\/image\\\/\"},\"sameAs\":[\"https:\\\/\\\/www.facebook.com\\\/antaris.az\\\/\",\"https:\\\/\\\/www.instagram.com\\\/antaris.az\\\/\"]}]}<\/script>\n<!-- \/ Yoast SEO plugin. -->","yoast_head_json":{"title":"G\u00fcnd\u0259lik 17x24sm PU d\u0259ri - 2024 - Antaris","robots":{"index":"index","follow":"follow","max-snippet":"max-snippet:-1","max-image-preview":"max-image-preview:large","max-video-preview":"max-video-preview:-1"},"canonical":"https:\/\/antaris.az\/ru\/m\u0259hsul\/gund\u0259lik-17x24sm-pu-d\u0259ri-2024\/","og_locale":"ru_RU","og_type":"article","og_title":"G\u00fcnd\u0259lik 17x24sm PU d\u0259ri - 2024 - Antaris","og_description":"N\u00f6v\u00fc: Tarixli Qapaq: S\u0259rt\/ PU \u00d6l\u00e7\u00fc: 17x24sm V\u0259r\u0259q say\u0131: 180v \u00dcz qab\u0131\u011f\u0131n r\u0259ng se\u00e7imi: 10 r\u0259ng \u0130stehsal \u00f6lk\u0259si: \u00c7in","og_url":"https:\/\/antaris.az\/ru\/m\u0259hsul\/gund\u0259lik-17x24sm-pu-d\u0259ri-2024\/","og_site_name":"Antaris","article_publisher":"https:\/\/www.facebook.com\/antaris.az\/","article_modified_time":"2024-11-26T11:20:47+00:00","og_image":[{"width":800,"height":800,"url":"https:\/\/antaris.az\/wp-content\/uploads\/2023\/10\/Gund\u0259lik-17x24-umumi.webp","type":"image\/webp"}],"schema":{"@context":"https:\/\/schema.org","@graph":[{"@type":"WebPage","@id":"https:\/\/antaris.az\/m\u0259hsul\/gund%c9%99lik-17x24sm-pu-d%c9%99ri-2024\/","url":"https:\/\/antaris.az\/m\u0259hsul\/gund%c9%99lik-17x24sm-pu-d%c9%99ri-2024\/","name":"G\u00fcnd\u0259lik 17x24sm PU d\u0259ri - 2024 - Antaris","isPartOf":{"@id":"https:\/\/antaris.az\/#website"},"primaryImageOfPage":{"@id":"https:\/\/antaris.az\/m\u0259hsul\/gund%c9%99lik-17x24sm-pu-d%c9%99ri-2024\/#primaryimage"},"image":{"@id":"https:\/\/antaris.az\/m\u0259hsul\/gund%c9%99lik-17x24sm-pu-d%c9%99ri-2024\/#primaryimage"},"thumbnailUrl":"https:\/\/antaris.az\/wp-content\/uploads\/2023\/10\/Gund\u0259lik-17x24-umumi.webp","datePublished":"2023-10-12T05:37:18+00:00","dateModified":"2024-11-26T11:20:47+00:00","breadcrumb":{"@id":"https:\/\/antaris.az\/m\u0259hsul\/gund%c9%99lik-17x24sm-pu-d%c9%99ri-2024\/#breadcrumb"},"inLanguage":"ru-RU","potentialAction":[{"@type":"ReadAction","target":["https:\/\/antaris.az\/m\u0259hsul\/gund%c9%99lik-17x24sm-pu-d%c9%99ri-2024\/"]}]},{"@type":"ImageObject","inLanguage":"ru-RU","@id":"https:\/\/antaris.az\/m\u0259hsul\/gund%c9%99lik-17x24sm-pu-d%c9%99ri-2024\/#primaryimage","url":"https:\/\/antaris.az\/wp-content\/uploads\/2023\/10\/Gund\u0259lik-17x24-umumi.webp","contentUrl":"https:\/\/antaris.az\/wp-content\/uploads\/2023\/10\/Gund\u0259lik-17x24-umumi.webp","width":800,"height":800,"caption":"G\u00fcnd\u0259lik 17x24 \u00fcmumi"},{"@type":"BreadcrumbList","@id":"https:\/\/antaris.az\/m\u0259hsul\/gund%c9%99lik-17x24sm-pu-d%c9%99ri-2024\/#breadcrumb","itemListElement":[{"@type":"ListItem","position":1,"name":"Home","item":"https:\/\/antaris.az\/"},{"@type":"ListItem","position":2,"name":"Ma\u011faza","item":"https:\/\/antaris.az\/ru\/shop\/"},{"@type":"ListItem","position":3,"name":"G\u00fcnd\u0259lik 17x24sm PU d\u0259ri &#8211; 2024"}]},{"@type":"WebSite","@id":"https:\/\/antaris.az\/#website","url":"https:\/\/antaris.az\/","name":"Antaris","description":"Ofis, ev, m\u0259kt\u0259b \u00fc\u00e7\u00fcn h\u0259r \u015fey","publisher":{"@id":"https:\/\/antaris.az\/#organization"},"potentialAction":[{"@type":"SearchAction","target":{"@type":"EntryPoint","urlTemplate":"https:\/\/antaris.az\/?s={search_term_string}"},"query-input":{"@type":"PropertyValueSpecification","valueRequired":true,"valueName":"search_term_string"}}],"inLanguage":"ru-RU"},{"@type":"Organization","@id":"https:\/\/antaris.az\/#organization","name":"\u0410\u043d\u0442\u0430\u0440\u0438\u0441 \u0417\u0410\u041e","url":"https:\/\/antaris.az\/","logo":{"@type":"ImageObject","inLanguage":"ru-RU","@id":"https:\/\/antaris.az\/#\/schema\/logo\/image\/","url":"https:\/\/antaris.az\/wp-content\/uploads\/2025\/03\/Antaris-logo.png","contentUrl":"https:\/\/antaris.az\/wp-content\/uploads\/2025\/03\/Antaris-logo.png","width":500,"height":500,"caption":"Antaris QSC"},"image":{"@id":"https:\/\/antaris.az\/#\/schema\/logo\/image\/"},"sameAs":["https:\/\/www.facebook.com\/antaris.az\/","https:\/\/www.instagram.com\/antaris.az\/"]}]}},"_links":{"self":[{"href":"https:\/\/antaris.az\/ru\/wp-json\/wp\/v2\/product\/98263","targetHints":{"allow":["GET"]}}],"collection":[{"href":"https:\/\/antaris.az\/ru\/wp-json\/wp\/v2\/product"}],"about":[{"href":"https:\/\/antaris.az\/ru\/wp-json\/wp\/v2\/types\/product"}],"version-history":[{"count":0,"href":"https:\/\/antaris.az\/ru\/wp-json\/wp\/v2\/product\/98263\/revisions"}],"wp:featuredmedia":[{"embeddable":true,"href":"https:\/\/antaris.az\/ru\/wp-json\/wp\/v2\/media\/98285"}],"wp:attachment":[{"href":"https:\/\/antaris.az\/ru\/wp-json\/wp\/v2\/media?parent=98263"}],"wp:term":[{"taxonomy":"product_brand","embeddable":true,"href":"https:\/\/antaris.az\/ru\/wp-json\/wp\/v2\/product_brand?post=98263"},{"taxonomy":"product_cat","embeddable":true,"href":"https:\/\/antaris.az\/ru\/wp-json\/wp\/v2\/product_cat?post=98263"},{"taxonomy":"product_tag","embeddable":true,"href":"https:\/\/antaris.az\/ru\/wp-json\/wp\/v2\/product_tag?post=98263"}],"curies":[{"name":"wp","href":"https:\/\/api.w.org\/{rel}","templated":true}]}}