{"id":9729,"date":"2020-05-22T22:44:06","date_gmt":"2020-05-22T19:44:06","guid":{"rendered":"http:\/\/www2.antaris.az\/?post_type=product&#038;p=9729"},"modified":"2024-11-26T16:56:25","modified_gmt":"2024-11-26T12:56:25","slug":"h%c9%99diyy%c9%99lik-d%c9%99st-rpbm630a-nina-ricci","status":"publish","type":"product","link":"https:\/\/antaris.az\/ru\/m\u0259hsul\/h%c9%99diyy%c9%99lik-d%c9%99st-rpbm630a-nina-ricci\/","title":{"rendered":"Q\u0259l\u0259m d\u0259sti h\u0259diyy\u0259lik RPBM630A Nina Ricci"},"content":{"rendered":"<p>H\u0259diyy\u0259li d\u0259st: Bloknot ba\u011f il\u0259 + Q\u0259l\u0259m diyirc\u0259kli<\/p>\n<p>&nbsp;<\/p>","protected":false},"excerpt":{"rendered":"<p>Bloknot: 153\u0445117\u044529 \u043c\u043c\/ qara\/ PU<br \/>\nQ\u0259l\u0259m: diyirc\u0259kli\/ d. 1,2&#215;12,8 sm\/ pirin\u00e7\/ m\u00fcr\u0259kk\u0259b mavi\/ r\u0259ngi qara-g\u00fcm\u00fc\u015f\u00fc<br \/>\nQutu: h\u0259diyy\u0259lik\/ karton<br \/>\nQutu \u00f6l\u00e7\u00fcl\u0259ri: 154\u0445123\u044532 mm<br \/>\n\u0130stehsal\u00e7\u0131 m\u0259hsul kodu: RPBM630A<br \/>\nTicar\u0259t markas\u0131: N\u0130NA R\u0130CC\u0130<br \/>\n\u0130stehsal\u00e7\u0131 \u00f6lk\u0259: Fransa<\/p>","protected":false},"featured_media":9730,"template":"","meta":{"_joinchat":[]},"product_brand":[],"product_cat":[445,460],"product_tag":[],"class_list":{"0":"post-9729","1":"product","2":"type-product","3":"status-publish","4":"has-post-thumbnail","6":"product_cat-biznes-aksesuarlar","7":"product_cat-qlm-dsti","8":"pa_brand-nina-ricci","10":"first","11":"outofstock","12":"shipping-taxable","13":"purchasable","14":"product-type-simple"},"yoast_head":"<!-- This site is optimized with the Yoast SEO plugin v27.4 - https:\/\/yoast.com\/product\/yoast-seo-wordpress\/ -->\n<title>Q\u0259l\u0259m d\u0259sti h\u0259diyy\u0259lik RPBM630A Nina Ricci - Antaris<\/title>\n<meta name=\"robots\" content=\"index, follow, max-snippet:-1, max-image-preview:large, max-video-preview:-1\" \/>\n<link rel=\"canonical\" href=\"https:\/\/antaris.az\/ru\/m\u0259hsul\/h\u0259diyy\u0259lik-d\u0259st-rpbm630a-nina-ricci\/\" \/>\n<meta property=\"og:locale\" content=\"ru_RU\" \/>\n<meta property=\"og:type\" content=\"article\" \/>\n<meta property=\"og:title\" content=\"Q\u0259l\u0259m d\u0259sti h\u0259diyy\u0259lik RPBM630A Nina Ricci - Antaris\" \/>\n<meta property=\"og:description\" content=\"Bloknot: 153\u0445117\u044529 \u043c\u043c\/ qara\/ PU Q\u0259l\u0259m: diyirc\u0259kli\/ d. 1,2x12,8 sm\/ pirin\u00e7\/ m\u00fcr\u0259kk\u0259b mavi\/ r\u0259ngi qara-g\u00fcm\u00fc\u015f\u00fc Qutu: h\u0259diyy\u0259lik\/ karton Qutu \u00f6l\u00e7\u00fcl\u0259ri: 154\u0445123\u044532 mm \u0130stehsal\u00e7\u0131 m\u0259hsul kodu: RPBM630A Ticar\u0259t markas\u0131: N\u0130NA R\u0130CC\u0130 \u0130stehsal\u00e7\u0131 \u00f6lk\u0259: Fransa\" \/>\n<meta property=\"og:url\" content=\"https:\/\/antaris.az\/ru\/m\u0259hsul\/h\u0259diyy\u0259lik-d\u0259st-rpbm630a-nina-ricci\/\" \/>\n<meta property=\"og:site_name\" content=\"Antaris\" \/>\n<meta property=\"article:publisher\" content=\"https:\/\/www.facebook.com\/antaris.az\/\" \/>\n<meta property=\"article:modified_time\" content=\"2024-11-26T12:56:25+00:00\" \/>\n<meta property=\"og:image\" content=\"https:\/\/antaris.az\/wp-content\/uploads\/2020\/05\/H\u018fD\u0130YY\u018fL\u0130K-D\u018fST-RPBM630A-N\u0130NA-R\u0130CC\u0130_.jpg\" \/>\n\t<meta property=\"og:image:width\" content=\"800\" \/>\n\t<meta property=\"og:image:height\" content=\"800\" \/>\n\t<meta property=\"og:image:type\" content=\"image\/jpeg\" \/>\n<script type=\"application\/ld+json\" class=\"yoast-schema-graph\">{\"@context\":\"https:\\\/\\\/schema.org\",\"@graph\":[{\"@type\":\"WebPage\",\"@id\":\"https:\\\/\\\/antaris.az\\\/m\u0259hsul\\\/h%c9%99diyy%c9%99lik-d%c9%99st-rpbm630a-nina-ricci\\\/\",\"url\":\"https:\\\/\\\/antaris.az\\\/m\u0259hsul\\\/h%c9%99diyy%c9%99lik-d%c9%99st-rpbm630a-nina-ricci\\\/\",\"name\":\"Q\u0259l\u0259m d\u0259sti h\u0259diyy\u0259lik RPBM630A Nina Ricci - Antaris\",\"isPartOf\":{\"@id\":\"https:\\\/\\\/antaris.az\\\/#website\"},\"primaryImageOfPage\":{\"@id\":\"https:\\\/\\\/antaris.az\\\/m\u0259hsul\\\/h%c9%99diyy%c9%99lik-d%c9%99st-rpbm630a-nina-ricci\\\/#primaryimage\"},\"image\":{\"@id\":\"https:\\\/\\\/antaris.az\\\/m\u0259hsul\\\/h%c9%99diyy%c9%99lik-d%c9%99st-rpbm630a-nina-ricci\\\/#primaryimage\"},\"thumbnailUrl\":\"https:\\\/\\\/antaris.az\\\/wp-content\\\/uploads\\\/2020\\\/05\\\/H\u018fD\u0130YY\u018fL\u0130K-D\u018fST-RPBM630A-N\u0130NA-R\u0130CC\u0130_.jpg\",\"datePublished\":\"2020-05-22T19:44:06+00:00\",\"dateModified\":\"2024-11-26T12:56:25+00:00\",\"breadcrumb\":{\"@id\":\"https:\\\/\\\/antaris.az\\\/m\u0259hsul\\\/h%c9%99diyy%c9%99lik-d%c9%99st-rpbm630a-nina-ricci\\\/#breadcrumb\"},\"inLanguage\":\"ru-RU\",\"potentialAction\":[{\"@type\":\"ReadAction\",\"target\":[\"https:\\\/\\\/antaris.az\\\/m\u0259hsul\\\/h%c9%99diyy%c9%99lik-d%c9%99st-rpbm630a-nina-ricci\\\/\"]}]},{\"@type\":\"ImageObject\",\"inLanguage\":\"ru-RU\",\"@id\":\"https:\\\/\\\/antaris.az\\\/m\u0259hsul\\\/h%c9%99diyy%c9%99lik-d%c9%99st-rpbm630a-nina-ricci\\\/#primaryimage\",\"url\":\"https:\\\/\\\/antaris.az\\\/wp-content\\\/uploads\\\/2020\\\/05\\\/H\u018fD\u0130YY\u018fL\u0130K-D\u018fST-RPBM630A-N\u0130NA-R\u0130CC\u0130_.jpg\",\"contentUrl\":\"https:\\\/\\\/antaris.az\\\/wp-content\\\/uploads\\\/2020\\\/05\\\/H\u018fD\u0130YY\u018fL\u0130K-D\u018fST-RPBM630A-N\u0130NA-R\u0130CC\u0130_.jpg\",\"width\":800,\"height\":800,\"caption\":\"H\u018fD\u0130YY\u018fL\u0130K D\u018fST RPBM630A N\u0130NA R\u0130CC\u0130_\"},{\"@type\":\"BreadcrumbList\",\"@id\":\"https:\\\/\\\/antaris.az\\\/m\u0259hsul\\\/h%c9%99diyy%c9%99lik-d%c9%99st-rpbm630a-nina-ricci\\\/#breadcrumb\",\"itemListElement\":[{\"@type\":\"ListItem\",\"position\":1,\"name\":\"Home\",\"item\":\"https:\\\/\\\/antaris.az\\\/\"},{\"@type\":\"ListItem\",\"position\":2,\"name\":\"Ma\u011faza\",\"item\":\"https:\\\/\\\/antaris.az\\\/ru\\\/shop\\\/\"},{\"@type\":\"ListItem\",\"position\":3,\"name\":\"Q\u0259l\u0259m d\u0259sti h\u0259diyy\u0259lik RPBM630A Nina Ricci\"}]},{\"@type\":\"WebSite\",\"@id\":\"https:\\\/\\\/antaris.az\\\/#website\",\"url\":\"https:\\\/\\\/antaris.az\\\/\",\"name\":\"Antaris\",\"description\":\"Ofis, ev, m\u0259kt\u0259b \u00fc\u00e7\u00fcn h\u0259r \u015fey\",\"publisher\":{\"@id\":\"https:\\\/\\\/antaris.az\\\/#organization\"},\"potentialAction\":[{\"@type\":\"SearchAction\",\"target\":{\"@type\":\"EntryPoint\",\"urlTemplate\":\"https:\\\/\\\/antaris.az\\\/?s={search_term_string}\"},\"query-input\":{\"@type\":\"PropertyValueSpecification\",\"valueRequired\":true,\"valueName\":\"search_term_string\"}}],\"inLanguage\":\"ru-RU\"},{\"@type\":\"Organization\",\"@id\":\"https:\\\/\\\/antaris.az\\\/#organization\",\"name\":\"Antaris QSC\",\"url\":\"https:\\\/\\\/antaris.az\\\/\",\"logo\":{\"@type\":\"ImageObject\",\"inLanguage\":\"ru-RU\",\"@id\":\"https:\\\/\\\/antaris.az\\\/#\\\/schema\\\/logo\\\/image\\\/\",\"url\":\"https:\\\/\\\/antaris.az\\\/wp-content\\\/uploads\\\/2025\\\/03\\\/Antaris-logo.png\",\"contentUrl\":\"https:\\\/\\\/antaris.az\\\/wp-content\\\/uploads\\\/2025\\\/03\\\/Antaris-logo.png\",\"width\":500,\"height\":500,\"caption\":\"Antaris QSC\"},\"image\":{\"@id\":\"https:\\\/\\\/antaris.az\\\/#\\\/schema\\\/logo\\\/image\\\/\"},\"sameAs\":[\"https:\\\/\\\/www.facebook.com\\\/antaris.az\\\/\",\"https:\\\/\\\/www.instagram.com\\\/antaris.az\\\/\"]}]}<\/script>\n<!-- \/ Yoast SEO plugin. -->","yoast_head_json":{"title":"Q\u0259l\u0259m d\u0259sti h\u0259diyy\u0259lik RPBM630A Nina Ricci - Antaris","robots":{"index":"index","follow":"follow","max-snippet":"max-snippet:-1","max-image-preview":"max-image-preview:large","max-video-preview":"max-video-preview:-1"},"canonical":"https:\/\/antaris.az\/ru\/m\u0259hsul\/h\u0259diyy\u0259lik-d\u0259st-rpbm630a-nina-ricci\/","og_locale":"ru_RU","og_type":"article","og_title":"Q\u0259l\u0259m d\u0259sti h\u0259diyy\u0259lik RPBM630A Nina Ricci - Antaris","og_description":"Bloknot: 153\u0445117\u044529 \u043c\u043c\/ qara\/ PU Q\u0259l\u0259m: diyirc\u0259kli\/ d. 1,2x12,8 sm\/ pirin\u00e7\/ m\u00fcr\u0259kk\u0259b mavi\/ r\u0259ngi qara-g\u00fcm\u00fc\u015f\u00fc Qutu: h\u0259diyy\u0259lik\/ karton Qutu \u00f6l\u00e7\u00fcl\u0259ri: 154\u0445123\u044532 mm \u0130stehsal\u00e7\u0131 m\u0259hsul kodu: RPBM630A Ticar\u0259t markas\u0131: N\u0130NA R\u0130CC\u0130 \u0130stehsal\u00e7\u0131 \u00f6lk\u0259: Fransa","og_url":"https:\/\/antaris.az\/ru\/m\u0259hsul\/h\u0259diyy\u0259lik-d\u0259st-rpbm630a-nina-ricci\/","og_site_name":"Antaris","article_publisher":"https:\/\/www.facebook.com\/antaris.az\/","article_modified_time":"2024-11-26T12:56:25+00:00","og_image":[{"width":800,"height":800,"url":"https:\/\/antaris.az\/wp-content\/uploads\/2020\/05\/H\u018fD\u0130YY\u018fL\u0130K-D\u018fST-RPBM630A-N\u0130NA-R\u0130CC\u0130_.jpg","type":"image\/jpeg"}],"schema":{"@context":"https:\/\/schema.org","@graph":[{"@type":"WebPage","@id":"https:\/\/antaris.az\/m\u0259hsul\/h%c9%99diyy%c9%99lik-d%c9%99st-rpbm630a-nina-ricci\/","url":"https:\/\/antaris.az\/m\u0259hsul\/h%c9%99diyy%c9%99lik-d%c9%99st-rpbm630a-nina-ricci\/","name":"Q\u0259l\u0259m d\u0259sti h\u0259diyy\u0259lik RPBM630A Nina Ricci - Antaris","isPartOf":{"@id":"https:\/\/antaris.az\/#website"},"primaryImageOfPage":{"@id":"https:\/\/antaris.az\/m\u0259hsul\/h%c9%99diyy%c9%99lik-d%c9%99st-rpbm630a-nina-ricci\/#primaryimage"},"image":{"@id":"https:\/\/antaris.az\/m\u0259hsul\/h%c9%99diyy%c9%99lik-d%c9%99st-rpbm630a-nina-ricci\/#primaryimage"},"thumbnailUrl":"https:\/\/antaris.az\/wp-content\/uploads\/2020\/05\/H\u018fD\u0130YY\u018fL\u0130K-D\u018fST-RPBM630A-N\u0130NA-R\u0130CC\u0130_.jpg","datePublished":"2020-05-22T19:44:06+00:00","dateModified":"2024-11-26T12:56:25+00:00","breadcrumb":{"@id":"https:\/\/antaris.az\/m\u0259hsul\/h%c9%99diyy%c9%99lik-d%c9%99st-rpbm630a-nina-ricci\/#breadcrumb"},"inLanguage":"ru-RU","potentialAction":[{"@type":"ReadAction","target":["https:\/\/antaris.az\/m\u0259hsul\/h%c9%99diyy%c9%99lik-d%c9%99st-rpbm630a-nina-ricci\/"]}]},{"@type":"ImageObject","inLanguage":"ru-RU","@id":"https:\/\/antaris.az\/m\u0259hsul\/h%c9%99diyy%c9%99lik-d%c9%99st-rpbm630a-nina-ricci\/#primaryimage","url":"https:\/\/antaris.az\/wp-content\/uploads\/2020\/05\/H\u018fD\u0130YY\u018fL\u0130K-D\u018fST-RPBM630A-N\u0130NA-R\u0130CC\u0130_.jpg","contentUrl":"https:\/\/antaris.az\/wp-content\/uploads\/2020\/05\/H\u018fD\u0130YY\u018fL\u0130K-D\u018fST-RPBM630A-N\u0130NA-R\u0130CC\u0130_.jpg","width":800,"height":800,"caption":"H\u018fD\u0130YY\u018fL\u0130K D\u018fST RPBM630A N\u0130NA R\u0130CC\u0130_"},{"@type":"BreadcrumbList","@id":"https:\/\/antaris.az\/m\u0259hsul\/h%c9%99diyy%c9%99lik-d%c9%99st-rpbm630a-nina-ricci\/#breadcrumb","itemListElement":[{"@type":"ListItem","position":1,"name":"Home","item":"https:\/\/antaris.az\/"},{"@type":"ListItem","position":2,"name":"Ma\u011faza","item":"https:\/\/antaris.az\/ru\/shop\/"},{"@type":"ListItem","position":3,"name":"Q\u0259l\u0259m d\u0259sti h\u0259diyy\u0259lik RPBM630A Nina Ricci"}]},{"@type":"WebSite","@id":"https:\/\/antaris.az\/#website","url":"https:\/\/antaris.az\/","name":"Antaris","description":"Ofis, ev, m\u0259kt\u0259b \u00fc\u00e7\u00fcn h\u0259r \u015fey","publisher":{"@id":"https:\/\/antaris.az\/#organization"},"potentialAction":[{"@type":"SearchAction","target":{"@type":"EntryPoint","urlTemplate":"https:\/\/antaris.az\/?s={search_term_string}"},"query-input":{"@type":"PropertyValueSpecification","valueRequired":true,"valueName":"search_term_string"}}],"inLanguage":"ru-RU"},{"@type":"Organization","@id":"https:\/\/antaris.az\/#organization","name":"\u0410\u043d\u0442\u0430\u0440\u0438\u0441 \u0417\u0410\u041e","url":"https:\/\/antaris.az\/","logo":{"@type":"ImageObject","inLanguage":"ru-RU","@id":"https:\/\/antaris.az\/#\/schema\/logo\/image\/","url":"https:\/\/antaris.az\/wp-content\/uploads\/2025\/03\/Antaris-logo.png","contentUrl":"https:\/\/antaris.az\/wp-content\/uploads\/2025\/03\/Antaris-logo.png","width":500,"height":500,"caption":"Antaris QSC"},"image":{"@id":"https:\/\/antaris.az\/#\/schema\/logo\/image\/"},"sameAs":["https:\/\/www.facebook.com\/antaris.az\/","https:\/\/www.instagram.com\/antaris.az\/"]}]}},"_links":{"self":[{"href":"https:\/\/antaris.az\/ru\/wp-json\/wp\/v2\/product\/9729","targetHints":{"allow":["GET"]}}],"collection":[{"href":"https:\/\/antaris.az\/ru\/wp-json\/wp\/v2\/product"}],"about":[{"href":"https:\/\/antaris.az\/ru\/wp-json\/wp\/v2\/types\/product"}],"version-history":[{"count":0,"href":"https:\/\/antaris.az\/ru\/wp-json\/wp\/v2\/product\/9729\/revisions"}],"wp:featuredmedia":[{"embeddable":true,"href":"https:\/\/antaris.az\/ru\/wp-json\/wp\/v2\/media\/9730"}],"wp:attachment":[{"href":"https:\/\/antaris.az\/ru\/wp-json\/wp\/v2\/media?parent=9729"}],"wp:term":[{"taxonomy":"product_brand","embeddable":true,"href":"https:\/\/antaris.az\/ru\/wp-json\/wp\/v2\/product_brand?post=9729"},{"taxonomy":"product_cat","embeddable":true,"href":"https:\/\/antaris.az\/ru\/wp-json\/wp\/v2\/product_cat?post=9729"},{"taxonomy":"product_tag","embeddable":true,"href":"https:\/\/antaris.az\/ru\/wp-json\/wp\/v2\/product_tag?post=9729"}],"curies":[{"name":"wp","href":"https:\/\/api.w.org\/{rel}","templated":true}]}}