{"id":9668,"date":"2020-05-22T22:15:48","date_gmt":"2020-05-22T19:15:48","guid":{"rendered":"http:\/\/www2.antaris.az\/?post_type=product&#038;p=9668"},"modified":"2024-11-26T16:56:27","modified_gmt":"2024-11-26T12:56:27","slug":"h%c9%99diyy%c9%99lik-d%c9%99st-rpbke730n-nina-ricci_","status":"publish","type":"product","link":"https:\/\/antaris.az\/ru\/m\u0259hsul\/h%c9%99diyy%c9%99lik-d%c9%99st-rpbke730n-nina-ricci_\/","title":{"rendered":"Q\u0259l\u0259m d\u0259sti h\u0259diyy\u0259lik RPBKE730N Nina Ricci"},"content":{"rendered":"<p>Nina Ricci-nin bu d\u0259sti \u015f\u0131k g\u00f6r\u00fcn\u00fc\u015f\u00fcn\u00fc qoruyaraq i\u015f\u0259 getm\u0259k \u00fc\u00e7\u00fcn ideald\u0131r. Yaz\u0131 qutusu \u015f\u0259xsi \u0259\u015fyalar\u0131n\u0131z\u0131 \u00e7ox m\u00fct\u0259\u015f\u0259kkil \u015f\u0259kild\u0259 saxlamaq \u00fc\u00e7\u00fcn x\u00fcsusi haz\u0131rlanm\u0131\u015fd\u0131r. T\u00fcnd mavi r\u0259ng z\u0259rif v\u0259 klassikdir. Yum\u015faq \u00f6rt\u00fcy\u00fc v\u0259 biti\u015fl\u0259ri m\u00fck\u0259mm\u0259l \u00f6yr\u0259nilmi\u015f, brend ad\u0131 il\u0259 h\u0259kk olunmu\u015f ba\u011flama sistemi l\u0259l-c\u0259vahirat kimi z\u0259rif \u015f\u0259kild\u0259 yerl\u0259\u015fdirilmi\u015fdir. O, nax\u0131\u015fl\u0131 l\u0259l-c\u0259vahirat\u0131 xat\u0131rladan m\u0259rk\u0259zi \u00fcz\u00fck v\u0259 dig\u0259r iki aksessuarlar\u0131 kimi \u015fampan r\u0259ngli a\u00e7ar \u00fcz\u00fck il\u0259 eyni r\u0259ngd\u0259 olan diyirc\u0259kli q\u0259l\u0259m il\u0259 tamamlan\u0131r.<\/p>","protected":false},"excerpt":{"rendered":"<p>\u0130stehsal\u00e7\u0131 m\u0259hsul kodu: RPBKE730N<br \/>\nTicar\u0259t markas\u0131: Nina Ricci<br \/>\n\u0130stehsal\u00e7\u0131 \u00f6lk\u0259: Fransa<\/p>","protected":false},"featured_media":9669,"template":"","meta":{"_joinchat":[]},"product_brand":[],"product_cat":[445,460],"product_tag":[],"class_list":{"0":"post-9668","1":"product","2":"type-product","3":"status-publish","4":"has-post-thumbnail","6":"product_cat-biznes-aksesuarlar","7":"product_cat-qlm-dsti","8":"pa_brand-nina-ricci","10":"first","11":"instock","12":"shipping-taxable","13":"purchasable","14":"product-type-simple"},"yoast_head":"<!-- This site is optimized with the Yoast SEO plugin v27.4 - https:\/\/yoast.com\/product\/yoast-seo-wordpress\/ -->\n<title>Q\u0259l\u0259m d\u0259sti h\u0259diyy\u0259lik RPBKE730N Nina Ricci - Antaris<\/title>\n<meta name=\"robots\" content=\"index, follow, max-snippet:-1, max-image-preview:large, max-video-preview:-1\" \/>\n<link rel=\"canonical\" href=\"https:\/\/antaris.az\/ru\/m\u0259hsul\/h\u0259diyy\u0259lik-d\u0259st-rpbke730n-nina-ricci_\/\" \/>\n<meta property=\"og:locale\" content=\"ru_RU\" \/>\n<meta property=\"og:type\" content=\"article\" \/>\n<meta property=\"og:title\" content=\"Q\u0259l\u0259m d\u0259sti h\u0259diyy\u0259lik RPBKE730N Nina Ricci - Antaris\" \/>\n<meta property=\"og:description\" content=\"\u0130stehsal\u00e7\u0131 m\u0259hsul kodu: RPBKE730N Ticar\u0259t markas\u0131: Nina Ricci \u0130stehsal\u00e7\u0131 \u00f6lk\u0259: Fransa\" \/>\n<meta property=\"og:url\" content=\"https:\/\/antaris.az\/ru\/m\u0259hsul\/h\u0259diyy\u0259lik-d\u0259st-rpbke730n-nina-ricci_\/\" \/>\n<meta property=\"og:site_name\" content=\"Antaris\" \/>\n<meta property=\"article:publisher\" content=\"https:\/\/www.facebook.com\/antaris.az\/\" \/>\n<meta property=\"article:modified_time\" content=\"2024-11-26T12:56:27+00:00\" \/>\n<meta property=\"og:image\" content=\"https:\/\/antaris.az\/wp-content\/uploads\/2020\/05\/H\u018fD\u0130YY\u018fL\u0130K-D\u018fST-RPBKE730N-N\u0130NA-R\u0130CC\u0130_.jpg\" \/>\n\t<meta property=\"og:image:width\" content=\"800\" \/>\n\t<meta property=\"og:image:height\" content=\"800\" \/>\n\t<meta property=\"og:image:type\" content=\"image\/jpeg\" \/>\n<script type=\"application\/ld+json\" class=\"yoast-schema-graph\">{\"@context\":\"https:\\\/\\\/schema.org\",\"@graph\":[{\"@type\":\"WebPage\",\"@id\":\"https:\\\/\\\/antaris.az\\\/m\u0259hsul\\\/h%c9%99diyy%c9%99lik-d%c9%99st-rpbke730n-nina-ricci_\\\/\",\"url\":\"https:\\\/\\\/antaris.az\\\/m\u0259hsul\\\/h%c9%99diyy%c9%99lik-d%c9%99st-rpbke730n-nina-ricci_\\\/\",\"name\":\"Q\u0259l\u0259m d\u0259sti h\u0259diyy\u0259lik RPBKE730N Nina Ricci - Antaris\",\"isPartOf\":{\"@id\":\"https:\\\/\\\/antaris.az\\\/#website\"},\"primaryImageOfPage\":{\"@id\":\"https:\\\/\\\/antaris.az\\\/m\u0259hsul\\\/h%c9%99diyy%c9%99lik-d%c9%99st-rpbke730n-nina-ricci_\\\/#primaryimage\"},\"image\":{\"@id\":\"https:\\\/\\\/antaris.az\\\/m\u0259hsul\\\/h%c9%99diyy%c9%99lik-d%c9%99st-rpbke730n-nina-ricci_\\\/#primaryimage\"},\"thumbnailUrl\":\"https:\\\/\\\/antaris.az\\\/wp-content\\\/uploads\\\/2020\\\/05\\\/H\u018fD\u0130YY\u018fL\u0130K-D\u018fST-RPBKE730N-N\u0130NA-R\u0130CC\u0130_.jpg\",\"datePublished\":\"2020-05-22T19:15:48+00:00\",\"dateModified\":\"2024-11-26T12:56:27+00:00\",\"breadcrumb\":{\"@id\":\"https:\\\/\\\/antaris.az\\\/m\u0259hsul\\\/h%c9%99diyy%c9%99lik-d%c9%99st-rpbke730n-nina-ricci_\\\/#breadcrumb\"},\"inLanguage\":\"ru-RU\",\"potentialAction\":[{\"@type\":\"ReadAction\",\"target\":[\"https:\\\/\\\/antaris.az\\\/m\u0259hsul\\\/h%c9%99diyy%c9%99lik-d%c9%99st-rpbke730n-nina-ricci_\\\/\"]}]},{\"@type\":\"ImageObject\",\"inLanguage\":\"ru-RU\",\"@id\":\"https:\\\/\\\/antaris.az\\\/m\u0259hsul\\\/h%c9%99diyy%c9%99lik-d%c9%99st-rpbke730n-nina-ricci_\\\/#primaryimage\",\"url\":\"https:\\\/\\\/antaris.az\\\/wp-content\\\/uploads\\\/2020\\\/05\\\/H\u018fD\u0130YY\u018fL\u0130K-D\u018fST-RPBKE730N-N\u0130NA-R\u0130CC\u0130_.jpg\",\"contentUrl\":\"https:\\\/\\\/antaris.az\\\/wp-content\\\/uploads\\\/2020\\\/05\\\/H\u018fD\u0130YY\u018fL\u0130K-D\u018fST-RPBKE730N-N\u0130NA-R\u0130CC\u0130_.jpg\",\"width\":800,\"height\":800,\"caption\":\"H\u018fD\u0130YY\u018fL\u0130K D\u018fST RPBKE730N N\u0130NA R\u0130CC\u0130_\"},{\"@type\":\"BreadcrumbList\",\"@id\":\"https:\\\/\\\/antaris.az\\\/m\u0259hsul\\\/h%c9%99diyy%c9%99lik-d%c9%99st-rpbke730n-nina-ricci_\\\/#breadcrumb\",\"itemListElement\":[{\"@type\":\"ListItem\",\"position\":1,\"name\":\"Home\",\"item\":\"https:\\\/\\\/antaris.az\\\/\"},{\"@type\":\"ListItem\",\"position\":2,\"name\":\"Ma\u011faza\",\"item\":\"https:\\\/\\\/antaris.az\\\/ru\\\/shop\\\/\"},{\"@type\":\"ListItem\",\"position\":3,\"name\":\"Q\u0259l\u0259m d\u0259sti h\u0259diyy\u0259lik RPBKE730N Nina Ricci\"}]},{\"@type\":\"WebSite\",\"@id\":\"https:\\\/\\\/antaris.az\\\/#website\",\"url\":\"https:\\\/\\\/antaris.az\\\/\",\"name\":\"Antaris\",\"description\":\"Ofis, ev, m\u0259kt\u0259b \u00fc\u00e7\u00fcn h\u0259r \u015fey\",\"publisher\":{\"@id\":\"https:\\\/\\\/antaris.az\\\/#organization\"},\"potentialAction\":[{\"@type\":\"SearchAction\",\"target\":{\"@type\":\"EntryPoint\",\"urlTemplate\":\"https:\\\/\\\/antaris.az\\\/?s={search_term_string}\"},\"query-input\":{\"@type\":\"PropertyValueSpecification\",\"valueRequired\":true,\"valueName\":\"search_term_string\"}}],\"inLanguage\":\"ru-RU\"},{\"@type\":\"Organization\",\"@id\":\"https:\\\/\\\/antaris.az\\\/#organization\",\"name\":\"Antaris QSC\",\"url\":\"https:\\\/\\\/antaris.az\\\/\",\"logo\":{\"@type\":\"ImageObject\",\"inLanguage\":\"ru-RU\",\"@id\":\"https:\\\/\\\/antaris.az\\\/#\\\/schema\\\/logo\\\/image\\\/\",\"url\":\"https:\\\/\\\/antaris.az\\\/wp-content\\\/uploads\\\/2025\\\/03\\\/Antaris-logo.png\",\"contentUrl\":\"https:\\\/\\\/antaris.az\\\/wp-content\\\/uploads\\\/2025\\\/03\\\/Antaris-logo.png\",\"width\":500,\"height\":500,\"caption\":\"Antaris QSC\"},\"image\":{\"@id\":\"https:\\\/\\\/antaris.az\\\/#\\\/schema\\\/logo\\\/image\\\/\"},\"sameAs\":[\"https:\\\/\\\/www.facebook.com\\\/antaris.az\\\/\",\"https:\\\/\\\/www.instagram.com\\\/antaris.az\\\/\"]}]}<\/script>\n<!-- \/ Yoast SEO plugin. -->","yoast_head_json":{"title":"Q\u0259l\u0259m d\u0259sti h\u0259diyy\u0259lik RPBKE730N Nina Ricci - Antaris","robots":{"index":"index","follow":"follow","max-snippet":"max-snippet:-1","max-image-preview":"max-image-preview:large","max-video-preview":"max-video-preview:-1"},"canonical":"https:\/\/antaris.az\/ru\/m\u0259hsul\/h\u0259diyy\u0259lik-d\u0259st-rpbke730n-nina-ricci_\/","og_locale":"ru_RU","og_type":"article","og_title":"Q\u0259l\u0259m d\u0259sti h\u0259diyy\u0259lik RPBKE730N Nina Ricci - Antaris","og_description":"\u0130stehsal\u00e7\u0131 m\u0259hsul kodu: RPBKE730N Ticar\u0259t markas\u0131: Nina Ricci \u0130stehsal\u00e7\u0131 \u00f6lk\u0259: Fransa","og_url":"https:\/\/antaris.az\/ru\/m\u0259hsul\/h\u0259diyy\u0259lik-d\u0259st-rpbke730n-nina-ricci_\/","og_site_name":"Antaris","article_publisher":"https:\/\/www.facebook.com\/antaris.az\/","article_modified_time":"2024-11-26T12:56:27+00:00","og_image":[{"width":800,"height":800,"url":"https:\/\/antaris.az\/wp-content\/uploads\/2020\/05\/H\u018fD\u0130YY\u018fL\u0130K-D\u018fST-RPBKE730N-N\u0130NA-R\u0130CC\u0130_.jpg","type":"image\/jpeg"}],"schema":{"@context":"https:\/\/schema.org","@graph":[{"@type":"WebPage","@id":"https:\/\/antaris.az\/m\u0259hsul\/h%c9%99diyy%c9%99lik-d%c9%99st-rpbke730n-nina-ricci_\/","url":"https:\/\/antaris.az\/m\u0259hsul\/h%c9%99diyy%c9%99lik-d%c9%99st-rpbke730n-nina-ricci_\/","name":"Q\u0259l\u0259m d\u0259sti h\u0259diyy\u0259lik RPBKE730N Nina Ricci - Antaris","isPartOf":{"@id":"https:\/\/antaris.az\/#website"},"primaryImageOfPage":{"@id":"https:\/\/antaris.az\/m\u0259hsul\/h%c9%99diyy%c9%99lik-d%c9%99st-rpbke730n-nina-ricci_\/#primaryimage"},"image":{"@id":"https:\/\/antaris.az\/m\u0259hsul\/h%c9%99diyy%c9%99lik-d%c9%99st-rpbke730n-nina-ricci_\/#primaryimage"},"thumbnailUrl":"https:\/\/antaris.az\/wp-content\/uploads\/2020\/05\/H\u018fD\u0130YY\u018fL\u0130K-D\u018fST-RPBKE730N-N\u0130NA-R\u0130CC\u0130_.jpg","datePublished":"2020-05-22T19:15:48+00:00","dateModified":"2024-11-26T12:56:27+00:00","breadcrumb":{"@id":"https:\/\/antaris.az\/m\u0259hsul\/h%c9%99diyy%c9%99lik-d%c9%99st-rpbke730n-nina-ricci_\/#breadcrumb"},"inLanguage":"ru-RU","potentialAction":[{"@type":"ReadAction","target":["https:\/\/antaris.az\/m\u0259hsul\/h%c9%99diyy%c9%99lik-d%c9%99st-rpbke730n-nina-ricci_\/"]}]},{"@type":"ImageObject","inLanguage":"ru-RU","@id":"https:\/\/antaris.az\/m\u0259hsul\/h%c9%99diyy%c9%99lik-d%c9%99st-rpbke730n-nina-ricci_\/#primaryimage","url":"https:\/\/antaris.az\/wp-content\/uploads\/2020\/05\/H\u018fD\u0130YY\u018fL\u0130K-D\u018fST-RPBKE730N-N\u0130NA-R\u0130CC\u0130_.jpg","contentUrl":"https:\/\/antaris.az\/wp-content\/uploads\/2020\/05\/H\u018fD\u0130YY\u018fL\u0130K-D\u018fST-RPBKE730N-N\u0130NA-R\u0130CC\u0130_.jpg","width":800,"height":800,"caption":"H\u018fD\u0130YY\u018fL\u0130K D\u018fST RPBKE730N N\u0130NA R\u0130CC\u0130_"},{"@type":"BreadcrumbList","@id":"https:\/\/antaris.az\/m\u0259hsul\/h%c9%99diyy%c9%99lik-d%c9%99st-rpbke730n-nina-ricci_\/#breadcrumb","itemListElement":[{"@type":"ListItem","position":1,"name":"Home","item":"https:\/\/antaris.az\/"},{"@type":"ListItem","position":2,"name":"Ma\u011faza","item":"https:\/\/antaris.az\/ru\/shop\/"},{"@type":"ListItem","position":3,"name":"Q\u0259l\u0259m d\u0259sti h\u0259diyy\u0259lik RPBKE730N Nina Ricci"}]},{"@type":"WebSite","@id":"https:\/\/antaris.az\/#website","url":"https:\/\/antaris.az\/","name":"Antaris","description":"Ofis, ev, m\u0259kt\u0259b \u00fc\u00e7\u00fcn h\u0259r \u015fey","publisher":{"@id":"https:\/\/antaris.az\/#organization"},"potentialAction":[{"@type":"SearchAction","target":{"@type":"EntryPoint","urlTemplate":"https:\/\/antaris.az\/?s={search_term_string}"},"query-input":{"@type":"PropertyValueSpecification","valueRequired":true,"valueName":"search_term_string"}}],"inLanguage":"ru-RU"},{"@type":"Organization","@id":"https:\/\/antaris.az\/#organization","name":"\u0410\u043d\u0442\u0430\u0440\u0438\u0441 \u0417\u0410\u041e","url":"https:\/\/antaris.az\/","logo":{"@type":"ImageObject","inLanguage":"ru-RU","@id":"https:\/\/antaris.az\/#\/schema\/logo\/image\/","url":"https:\/\/antaris.az\/wp-content\/uploads\/2025\/03\/Antaris-logo.png","contentUrl":"https:\/\/antaris.az\/wp-content\/uploads\/2025\/03\/Antaris-logo.png","width":500,"height":500,"caption":"Antaris QSC"},"image":{"@id":"https:\/\/antaris.az\/#\/schema\/logo\/image\/"},"sameAs":["https:\/\/www.facebook.com\/antaris.az\/","https:\/\/www.instagram.com\/antaris.az\/"]}]}},"_links":{"self":[{"href":"https:\/\/antaris.az\/ru\/wp-json\/wp\/v2\/product\/9668","targetHints":{"allow":["GET"]}}],"collection":[{"href":"https:\/\/antaris.az\/ru\/wp-json\/wp\/v2\/product"}],"about":[{"href":"https:\/\/antaris.az\/ru\/wp-json\/wp\/v2\/types\/product"}],"version-history":[{"count":0,"href":"https:\/\/antaris.az\/ru\/wp-json\/wp\/v2\/product\/9668\/revisions"}],"wp:featuredmedia":[{"embeddable":true,"href":"https:\/\/antaris.az\/ru\/wp-json\/wp\/v2\/media\/9669"}],"wp:attachment":[{"href":"https:\/\/antaris.az\/ru\/wp-json\/wp\/v2\/media?parent=9668"}],"wp:term":[{"taxonomy":"product_brand","embeddable":true,"href":"https:\/\/antaris.az\/ru\/wp-json\/wp\/v2\/product_brand?post=9668"},{"taxonomy":"product_cat","embeddable":true,"href":"https:\/\/antaris.az\/ru\/wp-json\/wp\/v2\/product_cat?post=9668"},{"taxonomy":"product_tag","embeddable":true,"href":"https:\/\/antaris.az\/ru\/wp-json\/wp\/v2\/product_tag?post=9668"}],"curies":[{"name":"wp","href":"https:\/\/api.w.org\/{rel}","templated":true}]}}