{"id":96007,"date":"2023-07-21T14:28:13","date_gmt":"2023-07-21T11:28:13","guid":{"rendered":"https:\/\/antaris.az\/?post_type=product&#038;p=96007"},"modified":"2024-11-26T15:24:09","modified_gmt":"2024-11-26T11:24:09","slug":"penal-flaps-bmx-533402-yes","status":"publish","type":"product","link":"https:\/\/antaris.az\/ru\/m\u0259hsul\/penal-flaps-bmx-533402-yes\/","title":{"rendered":"Penal flaps BMX 533402 YES"},"content":{"rendered":"","protected":false},"excerpt":{"rendered":"<p>N\u00f6v\u00fc: Bir hiss\u0259li<br \/>\n\u041c\u0430\u0442\u0435\u0440\u0438\u0430\u043b: \u041f\u043e\u043b\u0438\u044d\u0441\u0442\u0435\u0440<br \/>\n\u00d6l\u00e7\u00fcl\u0259ri: 13 \u0445 21 \u0445 3 sm<br \/>\n\u0130stehsal\u00e7\u0131 m\u0259hsul kodu: 533402<br \/>\nTicar\u0259t markas\u0131: YES<br \/>\n\u041f\u0440\u043e\u0438\u0437\u0432\u043e\u0434\u0438\u0442\u0435\u043b: \u0423\u043a\u0440\u0430\u0438\u043d\u0430<\/p>","protected":false},"featured_media":96101,"template":"","meta":{"_joinchat":[]},"product_brand":[],"product_cat":[522],"product_tag":[],"class_list":{"0":"post-96007","1":"product","2":"type-product","3":"status-publish","4":"has-post-thumbnail","6":"product_cat-penal2-mktb-lvazimatlari","7":"pa_brand-yes","8":"pa_cins-oglan","9":"pa_material-sert","10":"pa_novu-1-hisseli","11":"pa_reng-boz","12":"pa_reng-qirmizi","14":"first","15":"instock","16":"shipping-taxable","17":"purchasable","18":"product-type-simple"},"yoast_head":"<!-- This site is optimized with the Yoast SEO plugin v27.3 - https:\/\/yoast.com\/product\/yoast-seo-wordpress\/ -->\n<title>Penal flaps BMX 533402 YES - Antaris<\/title>\n<meta name=\"robots\" content=\"index, follow, max-snippet:-1, max-image-preview:large, max-video-preview:-1\" \/>\n<link rel=\"canonical\" href=\"https:\/\/antaris.az\/ru\/m\u0259hsul\/penal-flaps-bmx-533402-yes\/\" \/>\n<meta property=\"og:locale\" content=\"ru_RU\" \/>\n<meta property=\"og:type\" content=\"article\" \/>\n<meta property=\"og:title\" content=\"Penal flaps BMX 533402 YES - Antaris\" \/>\n<meta property=\"og:description\" content=\"N\u00f6v\u00fc: Bir hiss\u0259li Material: Polyester \u00d6l\u00e7\u00fcl\u0259ri: 13 \u0445 21 \u0445 3 sm \u0130stehsal\u00e7\u0131 m\u0259hsul kodu: 533402 Ticar\u0259t markas\u0131: YES \u0130stehsal\u00e7\u0131 \u00f6lk\u0259: Ukrayna\" \/>\n<meta property=\"og:url\" content=\"https:\/\/antaris.az\/ru\/m\u0259hsul\/penal-flaps-bmx-533402-yes\/\" \/>\n<meta property=\"og:site_name\" content=\"Antaris\" \/>\n<meta property=\"article:publisher\" content=\"https:\/\/www.facebook.com\/antaris.az\/\" \/>\n<meta property=\"article:modified_time\" content=\"2024-11-26T11:24:09+00:00\" \/>\n<meta property=\"og:image\" content=\"https:\/\/antaris.az\/wp-content\/uploads\/2023\/07\/533402-YES-wep-1.webp\" \/>\n\t<meta property=\"og:image:width\" content=\"800\" \/>\n\t<meta property=\"og:image:height\" content=\"800\" \/>\n\t<meta property=\"og:image:type\" content=\"image\/webp\" \/>\n<script type=\"application\/ld+json\" class=\"yoast-schema-graph\">{\"@context\":\"https:\\\/\\\/schema.org\",\"@graph\":[{\"@type\":\"WebPage\",\"@id\":\"https:\\\/\\\/antaris.az\\\/m\u0259hsul\\\/penal-flaps-bmx-533402-yes\\\/\",\"url\":\"https:\\\/\\\/antaris.az\\\/m\u0259hsul\\\/penal-flaps-bmx-533402-yes\\\/\",\"name\":\"Penal flaps BMX 533402 YES - Antaris\",\"isPartOf\":{\"@id\":\"https:\\\/\\\/antaris.az\\\/#website\"},\"primaryImageOfPage\":{\"@id\":\"https:\\\/\\\/antaris.az\\\/m\u0259hsul\\\/penal-flaps-bmx-533402-yes\\\/#primaryimage\"},\"image\":{\"@id\":\"https:\\\/\\\/antaris.az\\\/m\u0259hsul\\\/penal-flaps-bmx-533402-yes\\\/#primaryimage\"},\"thumbnailUrl\":\"https:\\\/\\\/antaris.az\\\/wp-content\\\/uploads\\\/2023\\\/07\\\/533402-YES-wep-1.webp\",\"datePublished\":\"2023-07-21T11:28:13+00:00\",\"dateModified\":\"2024-11-26T11:24:09+00:00\",\"breadcrumb\":{\"@id\":\"https:\\\/\\\/antaris.az\\\/m\u0259hsul\\\/penal-flaps-bmx-533402-yes\\\/#breadcrumb\"},\"inLanguage\":\"ru-RU\",\"potentialAction\":[{\"@type\":\"ReadAction\",\"target\":[\"https:\\\/\\\/antaris.az\\\/m\u0259hsul\\\/penal-flaps-bmx-533402-yes\\\/\"]}]},{\"@type\":\"ImageObject\",\"inLanguage\":\"ru-RU\",\"@id\":\"https:\\\/\\\/antaris.az\\\/m\u0259hsul\\\/penal-flaps-bmx-533402-yes\\\/#primaryimage\",\"url\":\"https:\\\/\\\/antaris.az\\\/wp-content\\\/uploads\\\/2023\\\/07\\\/533402-YES-wep-1.webp\",\"contentUrl\":\"https:\\\/\\\/antaris.az\\\/wp-content\\\/uploads\\\/2023\\\/07\\\/533402-YES-wep-1.webp\",\"width\":800,\"height\":800,\"caption\":\"533402 YES wep 1\"},{\"@type\":\"BreadcrumbList\",\"@id\":\"https:\\\/\\\/antaris.az\\\/m\u0259hsul\\\/penal-flaps-bmx-533402-yes\\\/#breadcrumb\",\"itemListElement\":[{\"@type\":\"ListItem\",\"position\":1,\"name\":\"Home\",\"item\":\"https:\\\/\\\/antaris.az\\\/\"},{\"@type\":\"ListItem\",\"position\":2,\"name\":\"Ma\u011faza\",\"item\":\"https:\\\/\\\/antaris.az\\\/ru\\\/shop\\\/\"},{\"@type\":\"ListItem\",\"position\":3,\"name\":\"Penal flaps BMX 533402 YES\"}]},{\"@type\":\"WebSite\",\"@id\":\"https:\\\/\\\/antaris.az\\\/#website\",\"url\":\"https:\\\/\\\/antaris.az\\\/\",\"name\":\"Antaris\",\"description\":\"Ofis, ev, m\u0259kt\u0259b \u00fc\u00e7\u00fcn h\u0259r \u015fey\",\"publisher\":{\"@id\":\"https:\\\/\\\/antaris.az\\\/#organization\"},\"potentialAction\":[{\"@type\":\"SearchAction\",\"target\":{\"@type\":\"EntryPoint\",\"urlTemplate\":\"https:\\\/\\\/antaris.az\\\/?s={search_term_string}\"},\"query-input\":{\"@type\":\"PropertyValueSpecification\",\"valueRequired\":true,\"valueName\":\"search_term_string\"}}],\"inLanguage\":\"ru-RU\"},{\"@type\":\"Organization\",\"@id\":\"https:\\\/\\\/antaris.az\\\/#organization\",\"name\":\"Antaris QSC\",\"url\":\"https:\\\/\\\/antaris.az\\\/\",\"logo\":{\"@type\":\"ImageObject\",\"inLanguage\":\"ru-RU\",\"@id\":\"https:\\\/\\\/antaris.az\\\/#\\\/schema\\\/logo\\\/image\\\/\",\"url\":\"https:\\\/\\\/antaris.az\\\/wp-content\\\/uploads\\\/2025\\\/03\\\/Antaris-logo.png\",\"contentUrl\":\"https:\\\/\\\/antaris.az\\\/wp-content\\\/uploads\\\/2025\\\/03\\\/Antaris-logo.png\",\"width\":500,\"height\":500,\"caption\":\"Antaris QSC\"},\"image\":{\"@id\":\"https:\\\/\\\/antaris.az\\\/#\\\/schema\\\/logo\\\/image\\\/\"},\"sameAs\":[\"https:\\\/\\\/www.facebook.com\\\/antaris.az\\\/\",\"https:\\\/\\\/www.instagram.com\\\/antaris.az\\\/\"]}]}<\/script>\n<!-- \/ Yoast SEO plugin. -->","yoast_head_json":{"title":"Penal flaps BMX 533402 YES - Antaris","robots":{"index":"index","follow":"follow","max-snippet":"max-snippet:-1","max-image-preview":"max-image-preview:large","max-video-preview":"max-video-preview:-1"},"canonical":"https:\/\/antaris.az\/ru\/m\u0259hsul\/penal-flaps-bmx-533402-yes\/","og_locale":"ru_RU","og_type":"article","og_title":"Penal flaps BMX 533402 YES - Antaris","og_description":"N\u00f6v\u00fc: Bir hiss\u0259li Material: Polyester \u00d6l\u00e7\u00fcl\u0259ri: 13 \u0445 21 \u0445 3 sm \u0130stehsal\u00e7\u0131 m\u0259hsul kodu: 533402 Ticar\u0259t markas\u0131: YES \u0130stehsal\u00e7\u0131 \u00f6lk\u0259: Ukrayna","og_url":"https:\/\/antaris.az\/ru\/m\u0259hsul\/penal-flaps-bmx-533402-yes\/","og_site_name":"Antaris","article_publisher":"https:\/\/www.facebook.com\/antaris.az\/","article_modified_time":"2024-11-26T11:24:09+00:00","og_image":[{"width":800,"height":800,"url":"https:\/\/antaris.az\/wp-content\/uploads\/2023\/07\/533402-YES-wep-1.webp","type":"image\/webp"}],"schema":{"@context":"https:\/\/schema.org","@graph":[{"@type":"WebPage","@id":"https:\/\/antaris.az\/m\u0259hsul\/penal-flaps-bmx-533402-yes\/","url":"https:\/\/antaris.az\/m\u0259hsul\/penal-flaps-bmx-533402-yes\/","name":"Penal flaps BMX 533402 YES - Antaris","isPartOf":{"@id":"https:\/\/antaris.az\/#website"},"primaryImageOfPage":{"@id":"https:\/\/antaris.az\/m\u0259hsul\/penal-flaps-bmx-533402-yes\/#primaryimage"},"image":{"@id":"https:\/\/antaris.az\/m\u0259hsul\/penal-flaps-bmx-533402-yes\/#primaryimage"},"thumbnailUrl":"https:\/\/antaris.az\/wp-content\/uploads\/2023\/07\/533402-YES-wep-1.webp","datePublished":"2023-07-21T11:28:13+00:00","dateModified":"2024-11-26T11:24:09+00:00","breadcrumb":{"@id":"https:\/\/antaris.az\/m\u0259hsul\/penal-flaps-bmx-533402-yes\/#breadcrumb"},"inLanguage":"ru-RU","potentialAction":[{"@type":"ReadAction","target":["https:\/\/antaris.az\/m\u0259hsul\/penal-flaps-bmx-533402-yes\/"]}]},{"@type":"ImageObject","inLanguage":"ru-RU","@id":"https:\/\/antaris.az\/m\u0259hsul\/penal-flaps-bmx-533402-yes\/#primaryimage","url":"https:\/\/antaris.az\/wp-content\/uploads\/2023\/07\/533402-YES-wep-1.webp","contentUrl":"https:\/\/antaris.az\/wp-content\/uploads\/2023\/07\/533402-YES-wep-1.webp","width":800,"height":800,"caption":"533402 YES wep 1"},{"@type":"BreadcrumbList","@id":"https:\/\/antaris.az\/m\u0259hsul\/penal-flaps-bmx-533402-yes\/#breadcrumb","itemListElement":[{"@type":"ListItem","position":1,"name":"Home","item":"https:\/\/antaris.az\/"},{"@type":"ListItem","position":2,"name":"Ma\u011faza","item":"https:\/\/antaris.az\/ru\/shop\/"},{"@type":"ListItem","position":3,"name":"Penal flaps BMX 533402 YES"}]},{"@type":"WebSite","@id":"https:\/\/antaris.az\/#website","url":"https:\/\/antaris.az\/","name":"Antaris","description":"Ofis, ev, m\u0259kt\u0259b \u00fc\u00e7\u00fcn h\u0259r \u015fey","publisher":{"@id":"https:\/\/antaris.az\/#organization"},"potentialAction":[{"@type":"SearchAction","target":{"@type":"EntryPoint","urlTemplate":"https:\/\/antaris.az\/?s={search_term_string}"},"query-input":{"@type":"PropertyValueSpecification","valueRequired":true,"valueName":"search_term_string"}}],"inLanguage":"ru-RU"},{"@type":"Organization","@id":"https:\/\/antaris.az\/#organization","name":"\u0410\u043d\u0442\u0430\u0440\u0438\u0441 \u0417\u0410\u041e","url":"https:\/\/antaris.az\/","logo":{"@type":"ImageObject","inLanguage":"ru-RU","@id":"https:\/\/antaris.az\/#\/schema\/logo\/image\/","url":"https:\/\/antaris.az\/wp-content\/uploads\/2025\/03\/Antaris-logo.png","contentUrl":"https:\/\/antaris.az\/wp-content\/uploads\/2025\/03\/Antaris-logo.png","width":500,"height":500,"caption":"Antaris QSC"},"image":{"@id":"https:\/\/antaris.az\/#\/schema\/logo\/image\/"},"sameAs":["https:\/\/www.facebook.com\/antaris.az\/","https:\/\/www.instagram.com\/antaris.az\/"]}]}},"_links":{"self":[{"href":"https:\/\/antaris.az\/ru\/wp-json\/wp\/v2\/product\/96007","targetHints":{"allow":["GET"]}}],"collection":[{"href":"https:\/\/antaris.az\/ru\/wp-json\/wp\/v2\/product"}],"about":[{"href":"https:\/\/antaris.az\/ru\/wp-json\/wp\/v2\/types\/product"}],"version-history":[{"count":0,"href":"https:\/\/antaris.az\/ru\/wp-json\/wp\/v2\/product\/96007\/revisions"}],"wp:featuredmedia":[{"embeddable":true,"href":"https:\/\/antaris.az\/ru\/wp-json\/wp\/v2\/media\/96101"}],"wp:attachment":[{"href":"https:\/\/antaris.az\/ru\/wp-json\/wp\/v2\/media?parent=96007"}],"wp:term":[{"taxonomy":"product_brand","embeddable":true,"href":"https:\/\/antaris.az\/ru\/wp-json\/wp\/v2\/product_brand?post=96007"},{"taxonomy":"product_cat","embeddable":true,"href":"https:\/\/antaris.az\/ru\/wp-json\/wp\/v2\/product_cat?post=96007"},{"taxonomy":"product_tag","embeddable":true,"href":"https:\/\/antaris.az\/ru\/wp-json\/wp\/v2\/product_tag?post=96007"}],"curies":[{"name":"wp","href":"https:\/\/api.w.org\/{rel}","templated":true}]}}