{"id":94768,"date":"2023-06-07T15:34:57","date_gmt":"2023-06-07T12:34:57","guid":{"rendered":"https:\/\/antaris.az\/?post_type=product&#038;p=94768"},"modified":"2024-11-26T15:31:36","modified_gmt":"2024-11-26T11:31:36","slug":"taube-55-led-smart-tv-4k-uhd-tb55s2rbk","status":"publish","type":"product","link":"https:\/\/antaris.az\/ru\/m\u0259hsul\/taube-55-led-smart-tv-4k-uhd-tb55s2rbk\/","title":{"rendered":"Taube 55&#8243; LED Smart TV 4K UHD (TB55S2RBK)"},"content":{"rendered":"","protected":false},"excerpt":{"rendered":"<p>Z\u0259man\u0259t m\u00fcdd\u0259ti : 1 il<br \/>\nBrend : Taube<br \/>\n24p True Cinema : Var<br \/>\n3D d\u0259st\u0259k : Yox<br \/>\nAkustik sistem : 2 Dinamik<br \/>\nAudio dekorderl\u0259r : DTS<br \/>\nDVB-C d\u0259st\u0259yi : DVB-C MPEG4<br \/>\nDVB-S2 d\u0259st\u0259yi : Var<br \/>\nDVB-T2 d\u0259st\u0259yi : Var<br \/>\nDVB-T d\u0259st\u0259yi : DVB-T MPEG4<br \/>\nEkran \u00f6l\u00e7\u00fcs\u00fc : 55&#8243;(140 sm)<br \/>\nD\u0259st\u0259kl\u0259n\u0259n formatlar : MP3, WMA, MPEG4, MKV, JPEG<br \/>\nEkran\u0131n format\u0131 : 16:9<br \/>\nHDMI : Var<br \/>\nLAN : Var<br \/>\nPortlar : AV, Headphone, HDMI x3, USB x2, Ethernet (RJ-45), Wi-Fi 802.11ac, Miracast<br \/>\nQulaql\u0131q \u00e7\u0131x\u0131\u015f\u0131 : Var<br \/>\nG\u00f6r\u00fcnt\u00fc imkanlar\u0131 : 3840&#215;2160 (4K UHD, HDR)<br \/>\nR\u0259q\u0259msal tuner : Var<br \/>\nSabvufer : Yox<br \/>\nSmart TV : Var<br \/>\nStereo s\u0259s : Var<br \/>\nS\u0259s g\u00fcc\u00fc : 10 W<br \/>\nTezlik (Hz) : 50 Hz<br \/>\nTimeShift d\u0259st\u0259yi : Var<br \/>\nUSB : Var<br \/>\nWi-Fi : Var<br \/>\nYuxu taymeri : Var<br \/>\n\u00c7\u0131x\u0131\u015f : Optik<br \/>\nR\u0259ng : Black<br \/>\n\u00d6l\u00e7\u00fcl\u0259r : 840 x 600 x 610 mm<br \/>\nBrend : Taube<br \/>\nModel: TB55S2RBK<br \/>\n\u0130stehsal\u00e7\u0131 \u00f6lk\u0259 : \u00c7in<br \/>\n\u0130stehsal\u00e7\u0131 m\u0259hsul kodu: 75746<br \/>\nTexnologiya : LED<\/p>","protected":false},"featured_media":94769,"template":"","meta":{"_joinchat":[]},"product_brand":[],"product_cat":[2274,2273],"product_tag":[],"class_list":{"0":"post-94768","1":"product","2":"type-product","3":"status-publish","4":"has-post-thumbnail","6":"product_cat-boyuk-meiset-avadanliqlari","7":"product_cat-meyset","9":"first","10":"outofstock","11":"shipping-taxable","12":"purchasable","13":"product-type-simple"},"yoast_head":"<!-- This site is optimized with the Yoast SEO plugin v27.4 - https:\/\/yoast.com\/product\/yoast-seo-wordpress\/ -->\n<title>Taube 55&quot; LED Smart TV 4K UHD (TB55S2RBK) - Antaris<\/title>\n<meta name=\"robots\" content=\"index, follow, max-snippet:-1, max-image-preview:large, max-video-preview:-1\" \/>\n<link rel=\"canonical\" href=\"https:\/\/antaris.az\/ru\/m\u0259hsul\/taube-55-led-smart-tv-4k-uhd-tb55s2rbk\/\" \/>\n<meta property=\"og:locale\" content=\"ru_RU\" \/>\n<meta property=\"og:type\" content=\"article\" \/>\n<meta property=\"og:title\" content=\"Taube 55&quot; LED Smart TV 4K UHD (TB55S2RBK) - Antaris\" \/>\n<meta property=\"og:description\" content=\"Z\u0259man\u0259t m\u00fcdd\u0259ti : 1 il Brend : Taube 24p True Cinema : Var 3D d\u0259st\u0259k : Yox Akustik sistem : 2 Dinamik Audio dekorderl\u0259r : DTS DVB-C d\u0259st\u0259yi : DVB-C MPEG4 DVB-S2 d\u0259st\u0259yi : Var DVB-T2 d\u0259st\u0259yi : Var DVB-T d\u0259st\u0259yi : DVB-T MPEG4 Ekran \u00f6l\u00e7\u00fcs\u00fc : 55&quot;(140 sm) D\u0259st\u0259kl\u0259n\u0259n formatlar : MP3, WMA, MPEG4, MKV, JPEG Ekran\u0131n format\u0131 : 16:9 HDMI : Var LAN : Var Portlar : AV, Headphone, HDMI x3, USB x2, Ethernet (RJ-45), Wi-Fi 802.11ac, Miracast Qulaql\u0131q \u00e7\u0131x\u0131\u015f\u0131 : Var G\u00f6r\u00fcnt\u00fc imkanlar\u0131 : 3840x2160 (4K UHD, HDR) R\u0259q\u0259msal tuner : Var Sabvufer : Yox Smart TV : Var Stereo s\u0259s : Var S\u0259s g\u00fcc\u00fc : 10 W Tezlik (Hz) : 50 Hz TimeShift d\u0259st\u0259yi : Var USB : Var Wi-Fi : Var Yuxu taymeri : Var \u00c7\u0131x\u0131\u015f : Optik R\u0259ng : Black \u00d6l\u00e7\u00fcl\u0259r : 840 x 600 x 610 mm Brend : Taube Model: TB55S2RBK \u0130stehsal\u00e7\u0131 \u00f6lk\u0259 : \u00c7in \u0130stehsal\u00e7\u0131 m\u0259hsul kodu: 75746 Texnologiya : LED\" \/>\n<meta property=\"og:url\" content=\"https:\/\/antaris.az\/ru\/m\u0259hsul\/taube-55-led-smart-tv-4k-uhd-tb55s2rbk\/\" \/>\n<meta property=\"og:site_name\" content=\"Antaris\" \/>\n<meta property=\"article:publisher\" content=\"https:\/\/www.facebook.com\/antaris.az\/\" \/>\n<meta property=\"article:modified_time\" content=\"2024-11-26T11:31:36+00:00\" \/>\n<meta property=\"og:image\" content=\"https:\/\/antaris.az\/wp-content\/uploads\/2023\/06\/Taube-55-LED-Smart-TV-4K-UHD-TB55S2RBK-WEP-1.webp\" \/>\n\t<meta property=\"og:image:width\" content=\"800\" \/>\n\t<meta property=\"og:image:height\" content=\"800\" \/>\n\t<meta property=\"og:image:type\" content=\"image\/webp\" \/>\n<script type=\"application\/ld+json\" class=\"yoast-schema-graph\">{\"@context\":\"https:\\\/\\\/schema.org\",\"@graph\":[{\"@type\":\"WebPage\",\"@id\":\"https:\\\/\\\/antaris.az\\\/ru\\\/m\u0259hsul\\\/taube-55-led-smart-tv-4k-uhd-tb55s2rbk\\\/\",\"url\":\"https:\\\/\\\/antaris.az\\\/ru\\\/m\u0259hsul\\\/taube-55-led-smart-tv-4k-uhd-tb55s2rbk\\\/\",\"name\":\"Taube 55\\\" LED Smart TV 4K UHD (TB55S2RBK) - Antaris\",\"isPartOf\":{\"@id\":\"https:\\\/\\\/antaris.az\\\/#website\"},\"primaryImageOfPage\":{\"@id\":\"https:\\\/\\\/antaris.az\\\/ru\\\/m\u0259hsul\\\/taube-55-led-smart-tv-4k-uhd-tb55s2rbk\\\/#primaryimage\"},\"image\":{\"@id\":\"https:\\\/\\\/antaris.az\\\/ru\\\/m\u0259hsul\\\/taube-55-led-smart-tv-4k-uhd-tb55s2rbk\\\/#primaryimage\"},\"thumbnailUrl\":\"https:\\\/\\\/antaris.az\\\/wp-content\\\/uploads\\\/2023\\\/06\\\/Taube-55-LED-Smart-TV-4K-UHD-TB55S2RBK-WEP-1.webp\",\"datePublished\":\"2023-06-07T12:34:57+00:00\",\"dateModified\":\"2024-11-26T11:31:36+00:00\",\"breadcrumb\":{\"@id\":\"https:\\\/\\\/antaris.az\\\/ru\\\/m\u0259hsul\\\/taube-55-led-smart-tv-4k-uhd-tb55s2rbk\\\/#breadcrumb\"},\"inLanguage\":\"ru-RU\",\"potentialAction\":[{\"@type\":\"ReadAction\",\"target\":[\"https:\\\/\\\/antaris.az\\\/ru\\\/m\u0259hsul\\\/taube-55-led-smart-tv-4k-uhd-tb55s2rbk\\\/\"]}]},{\"@type\":\"ImageObject\",\"inLanguage\":\"ru-RU\",\"@id\":\"https:\\\/\\\/antaris.az\\\/ru\\\/m\u0259hsul\\\/taube-55-led-smart-tv-4k-uhd-tb55s2rbk\\\/#primaryimage\",\"url\":\"https:\\\/\\\/antaris.az\\\/wp-content\\\/uploads\\\/2023\\\/06\\\/Taube-55-LED-Smart-TV-4K-UHD-TB55S2RBK-WEP-1.webp\",\"contentUrl\":\"https:\\\/\\\/antaris.az\\\/wp-content\\\/uploads\\\/2023\\\/06\\\/Taube-55-LED-Smart-TV-4K-UHD-TB55S2RBK-WEP-1.webp\",\"width\":800,\"height\":800},{\"@type\":\"BreadcrumbList\",\"@id\":\"https:\\\/\\\/antaris.az\\\/ru\\\/m\u0259hsul\\\/taube-55-led-smart-tv-4k-uhd-tb55s2rbk\\\/#breadcrumb\",\"itemListElement\":[{\"@type\":\"ListItem\",\"position\":1,\"name\":\"Home\",\"item\":\"https:\\\/\\\/antaris.az\\\/\"},{\"@type\":\"ListItem\",\"position\":2,\"name\":\"Ma\u011faza\",\"item\":\"https:\\\/\\\/antaris.az\\\/ru\\\/shop\\\/\"},{\"@type\":\"ListItem\",\"position\":3,\"name\":\"Taube 55&#8243; LED Smart TV 4K UHD (TB55S2RBK)\"}]},{\"@type\":\"WebSite\",\"@id\":\"https:\\\/\\\/antaris.az\\\/#website\",\"url\":\"https:\\\/\\\/antaris.az\\\/\",\"name\":\"Antaris\",\"description\":\"Ofis, ev, m\u0259kt\u0259b \u00fc\u00e7\u00fcn h\u0259r \u015fey\",\"publisher\":{\"@id\":\"https:\\\/\\\/antaris.az\\\/#organization\"},\"potentialAction\":[{\"@type\":\"SearchAction\",\"target\":{\"@type\":\"EntryPoint\",\"urlTemplate\":\"https:\\\/\\\/antaris.az\\\/?s={search_term_string}\"},\"query-input\":{\"@type\":\"PropertyValueSpecification\",\"valueRequired\":true,\"valueName\":\"search_term_string\"}}],\"inLanguage\":\"ru-RU\"},{\"@type\":\"Organization\",\"@id\":\"https:\\\/\\\/antaris.az\\\/#organization\",\"name\":\"Antaris QSC\",\"url\":\"https:\\\/\\\/antaris.az\\\/\",\"logo\":{\"@type\":\"ImageObject\",\"inLanguage\":\"ru-RU\",\"@id\":\"https:\\\/\\\/antaris.az\\\/#\\\/schema\\\/logo\\\/image\\\/\",\"url\":\"https:\\\/\\\/antaris.az\\\/wp-content\\\/uploads\\\/2025\\\/03\\\/Antaris-logo.png\",\"contentUrl\":\"https:\\\/\\\/antaris.az\\\/wp-content\\\/uploads\\\/2025\\\/03\\\/Antaris-logo.png\",\"width\":500,\"height\":500,\"caption\":\"Antaris QSC\"},\"image\":{\"@id\":\"https:\\\/\\\/antaris.az\\\/#\\\/schema\\\/logo\\\/image\\\/\"},\"sameAs\":[\"https:\\\/\\\/www.facebook.com\\\/antaris.az\\\/\",\"https:\\\/\\\/www.instagram.com\\\/antaris.az\\\/\"]}]}<\/script>\n<!-- \/ Yoast SEO plugin. -->","yoast_head_json":{"title":"Taube 55\" LED Smart TV 4K UHD (TB55S2RBK) - Antaris","robots":{"index":"index","follow":"follow","max-snippet":"max-snippet:-1","max-image-preview":"max-image-preview:large","max-video-preview":"max-video-preview:-1"},"canonical":"https:\/\/antaris.az\/ru\/m\u0259hsul\/taube-55-led-smart-tv-4k-uhd-tb55s2rbk\/","og_locale":"ru_RU","og_type":"article","og_title":"Taube 55\" LED Smart TV 4K UHD (TB55S2RBK) - Antaris","og_description":"Z\u0259man\u0259t m\u00fcdd\u0259ti : 1 il Brend : Taube 24p True Cinema : Var 3D d\u0259st\u0259k : Yox Akustik sistem : 2 Dinamik Audio dekorderl\u0259r : DTS DVB-C d\u0259st\u0259yi : DVB-C MPEG4 DVB-S2 d\u0259st\u0259yi : Var DVB-T2 d\u0259st\u0259yi : Var DVB-T d\u0259st\u0259yi : DVB-T MPEG4 Ekran \u00f6l\u00e7\u00fcs\u00fc : 55\"(140 sm) D\u0259st\u0259kl\u0259n\u0259n formatlar : MP3, WMA, MPEG4, MKV, JPEG Ekran\u0131n format\u0131 : 16:9 HDMI : Var LAN : Var Portlar : AV, Headphone, HDMI x3, USB x2, Ethernet (RJ-45), Wi-Fi 802.11ac, Miracast Qulaql\u0131q \u00e7\u0131x\u0131\u015f\u0131 : Var G\u00f6r\u00fcnt\u00fc imkanlar\u0131 : 3840x2160 (4K UHD, HDR) R\u0259q\u0259msal tuner : Var Sabvufer : Yox Smart TV : Var Stereo s\u0259s : Var S\u0259s g\u00fcc\u00fc : 10 W Tezlik (Hz) : 50 Hz TimeShift d\u0259st\u0259yi : Var USB : Var Wi-Fi : Var Yuxu taymeri : Var \u00c7\u0131x\u0131\u015f : Optik R\u0259ng : Black \u00d6l\u00e7\u00fcl\u0259r : 840 x 600 x 610 mm Brend : Taube Model: TB55S2RBK \u0130stehsal\u00e7\u0131 \u00f6lk\u0259 : \u00c7in \u0130stehsal\u00e7\u0131 m\u0259hsul kodu: 75746 Texnologiya : LED","og_url":"https:\/\/antaris.az\/ru\/m\u0259hsul\/taube-55-led-smart-tv-4k-uhd-tb55s2rbk\/","og_site_name":"Antaris","article_publisher":"https:\/\/www.facebook.com\/antaris.az\/","article_modified_time":"2024-11-26T11:31:36+00:00","og_image":[{"width":800,"height":800,"url":"https:\/\/antaris.az\/wp-content\/uploads\/2023\/06\/Taube-55-LED-Smart-TV-4K-UHD-TB55S2RBK-WEP-1.webp","type":"image\/webp"}],"schema":{"@context":"https:\/\/schema.org","@graph":[{"@type":"WebPage","@id":"https:\/\/antaris.az\/ru\/m\u0259hsul\/taube-55-led-smart-tv-4k-uhd-tb55s2rbk\/","url":"https:\/\/antaris.az\/ru\/m\u0259hsul\/taube-55-led-smart-tv-4k-uhd-tb55s2rbk\/","name":"Taube 55\" LED Smart TV 4K UHD (TB55S2RBK) - Antaris","isPartOf":{"@id":"https:\/\/antaris.az\/#website"},"primaryImageOfPage":{"@id":"https:\/\/antaris.az\/ru\/m\u0259hsul\/taube-55-led-smart-tv-4k-uhd-tb55s2rbk\/#primaryimage"},"image":{"@id":"https:\/\/antaris.az\/ru\/m\u0259hsul\/taube-55-led-smart-tv-4k-uhd-tb55s2rbk\/#primaryimage"},"thumbnailUrl":"https:\/\/antaris.az\/wp-content\/uploads\/2023\/06\/Taube-55-LED-Smart-TV-4K-UHD-TB55S2RBK-WEP-1.webp","datePublished":"2023-06-07T12:34:57+00:00","dateModified":"2024-11-26T11:31:36+00:00","breadcrumb":{"@id":"https:\/\/antaris.az\/ru\/m\u0259hsul\/taube-55-led-smart-tv-4k-uhd-tb55s2rbk\/#breadcrumb"},"inLanguage":"ru-RU","potentialAction":[{"@type":"ReadAction","target":["https:\/\/antaris.az\/ru\/m\u0259hsul\/taube-55-led-smart-tv-4k-uhd-tb55s2rbk\/"]}]},{"@type":"ImageObject","inLanguage":"ru-RU","@id":"https:\/\/antaris.az\/ru\/m\u0259hsul\/taube-55-led-smart-tv-4k-uhd-tb55s2rbk\/#primaryimage","url":"https:\/\/antaris.az\/wp-content\/uploads\/2023\/06\/Taube-55-LED-Smart-TV-4K-UHD-TB55S2RBK-WEP-1.webp","contentUrl":"https:\/\/antaris.az\/wp-content\/uploads\/2023\/06\/Taube-55-LED-Smart-TV-4K-UHD-TB55S2RBK-WEP-1.webp","width":800,"height":800},{"@type":"BreadcrumbList","@id":"https:\/\/antaris.az\/ru\/m\u0259hsul\/taube-55-led-smart-tv-4k-uhd-tb55s2rbk\/#breadcrumb","itemListElement":[{"@type":"ListItem","position":1,"name":"Home","item":"https:\/\/antaris.az\/"},{"@type":"ListItem","position":2,"name":"Ma\u011faza","item":"https:\/\/antaris.az\/ru\/shop\/"},{"@type":"ListItem","position":3,"name":"Taube 55&#8243; LED Smart TV 4K UHD (TB55S2RBK)"}]},{"@type":"WebSite","@id":"https:\/\/antaris.az\/#website","url":"https:\/\/antaris.az\/","name":"Antaris","description":"Ofis, ev, m\u0259kt\u0259b \u00fc\u00e7\u00fcn h\u0259r \u015fey","publisher":{"@id":"https:\/\/antaris.az\/#organization"},"potentialAction":[{"@type":"SearchAction","target":{"@type":"EntryPoint","urlTemplate":"https:\/\/antaris.az\/?s={search_term_string}"},"query-input":{"@type":"PropertyValueSpecification","valueRequired":true,"valueName":"search_term_string"}}],"inLanguage":"ru-RU"},{"@type":"Organization","@id":"https:\/\/antaris.az\/#organization","name":"\u0410\u043d\u0442\u0430\u0440\u0438\u0441 \u0417\u0410\u041e","url":"https:\/\/antaris.az\/","logo":{"@type":"ImageObject","inLanguage":"ru-RU","@id":"https:\/\/antaris.az\/#\/schema\/logo\/image\/","url":"https:\/\/antaris.az\/wp-content\/uploads\/2025\/03\/Antaris-logo.png","contentUrl":"https:\/\/antaris.az\/wp-content\/uploads\/2025\/03\/Antaris-logo.png","width":500,"height":500,"caption":"Antaris QSC"},"image":{"@id":"https:\/\/antaris.az\/#\/schema\/logo\/image\/"},"sameAs":["https:\/\/www.facebook.com\/antaris.az\/","https:\/\/www.instagram.com\/antaris.az\/"]}]}},"_links":{"self":[{"href":"https:\/\/antaris.az\/ru\/wp-json\/wp\/v2\/product\/94768","targetHints":{"allow":["GET"]}}],"collection":[{"href":"https:\/\/antaris.az\/ru\/wp-json\/wp\/v2\/product"}],"about":[{"href":"https:\/\/antaris.az\/ru\/wp-json\/wp\/v2\/types\/product"}],"version-history":[{"count":0,"href":"https:\/\/antaris.az\/ru\/wp-json\/wp\/v2\/product\/94768\/revisions"}],"wp:featuredmedia":[{"embeddable":true,"href":"https:\/\/antaris.az\/ru\/wp-json\/wp\/v2\/media\/94769"}],"wp:attachment":[{"href":"https:\/\/antaris.az\/ru\/wp-json\/wp\/v2\/media?parent=94768"}],"wp:term":[{"taxonomy":"product_brand","embeddable":true,"href":"https:\/\/antaris.az\/ru\/wp-json\/wp\/v2\/product_brand?post=94768"},{"taxonomy":"product_cat","embeddable":true,"href":"https:\/\/antaris.az\/ru\/wp-json\/wp\/v2\/product_cat?post=94768"},{"taxonomy":"product_tag","embeddable":true,"href":"https:\/\/antaris.az\/ru\/wp-json\/wp\/v2\/product_tag?post=94768"}],"curies":[{"name":"wp","href":"https:\/\/api.w.org\/{rel}","templated":true}]}}