{"id":94720,"date":"2023-06-07T09:27:18","date_gmt":"2023-06-07T06:27:18","guid":{"rendered":"https:\/\/antaris.az\/?post_type=product&#038;p=94720"},"modified":"2024-11-26T15:31:38","modified_gmt":"2024-11-26T11:31:38","slug":"taube-kondisioner-tb24r410jp","status":"publish","type":"product","link":"https:\/\/antaris.az\/ru\/m\u0259hsul\/taube-kondisioner-tb24r410jp\/","title":{"rendered":"TAUBE Kondisioner TB24R410JP"},"content":{"rendered":"","protected":false},"excerpt":{"rendered":"<p>R\u0259ng : A\u011f<br \/>\nKondisioner n\u00f6v\u00fc : Split<br \/>\nT\u00f6vsiy\u0259 edil\u0259n otaq sah\u0259si : 70-90 m\u00b2<br \/>\n\u0130sitm\u0259 g\u00fcc\u00fc : 3.8 kW<br \/>\nSoyutma g\u00fcc\u00fc : 4.9 kW<br \/>\nFreon n\u00f6v\u00fc : R410<br \/>\nKompressor tipi : On-Off<br \/>\nBTU : 24000<br \/>\nEnerji sinifi : A+<br \/>\nZ\u0259man\u0259t m\u00fcdd\u0259ti : 1 il<br \/>\n\u018fsas rejiml\u0259r : Soyutma\/Isitm\u0259<br \/>\nFilterl\u0259r : Var<br \/>\nModel : TB24R410JP<br \/>\n\u0130stehsal\u00e7\u0131 m\u0259hsul kodu: 85761<br \/>\nTicar\u0259t markas\u0131 : Taube<br \/>\n\u0130stehsal\u00e7\u0131 \u00f6lk\u0259 : T\u00fcrkiy\u0259<\/p>","protected":false},"featured_media":94712,"template":"","meta":{"_joinchat":[]},"product_brand":[],"product_cat":[2274,2273],"product_tag":[],"class_list":{"0":"post-94720","1":"product","2":"type-product","3":"status-publish","4":"has-post-thumbnail","6":"product_cat-boyuk-meiset-avadanliqlari","7":"product_cat-meyset","9":"first","10":"outofstock","11":"shipping-taxable","12":"purchasable","13":"product-type-simple"},"yoast_head":"<!-- This site is optimized with the Yoast SEO plugin v27.4 - https:\/\/yoast.com\/product\/yoast-seo-wordpress\/ -->\n<title>TAUBE Kondisioner TB24R410JP - Antaris<\/title>\n<meta name=\"robots\" content=\"index, follow, max-snippet:-1, max-image-preview:large, max-video-preview:-1\" \/>\n<link rel=\"canonical\" href=\"https:\/\/antaris.az\/ru\/m\u0259hsul\/taube-kondisioner-tb24r410jp\/\" \/>\n<meta property=\"og:locale\" content=\"ru_RU\" \/>\n<meta property=\"og:type\" content=\"article\" \/>\n<meta property=\"og:title\" content=\"TAUBE Kondisioner TB24R410JP - Antaris\" \/>\n<meta property=\"og:description\" content=\"R\u0259ng : A\u011f Kondisioner n\u00f6v\u00fc : Split T\u00f6vsiy\u0259 edil\u0259n otaq sah\u0259si : 70-90 m\u00b2 \u0130sitm\u0259 g\u00fcc\u00fc : 3.8 kW Soyutma g\u00fcc\u00fc : 4.9 kW Freon n\u00f6v\u00fc : R410 Kompressor tipi : On-Off BTU : 24000 Enerji sinifi : A+ Z\u0259man\u0259t m\u00fcdd\u0259ti : 1 il \u018fsas rejiml\u0259r : Soyutma\/Isitm\u0259 Filterl\u0259r : Var Model : TB24R410JP \u0130stehsal\u00e7\u0131 m\u0259hsul kodu: 85761 Ticar\u0259t markas\u0131 : Taube \u0130stehsal\u00e7\u0131 \u00f6lk\u0259 : T\u00fcrkiy\u0259\" \/>\n<meta property=\"og:url\" content=\"https:\/\/antaris.az\/ru\/m\u0259hsul\/taube-kondisioner-tb24r410jp\/\" \/>\n<meta property=\"og:site_name\" content=\"Antaris\" \/>\n<meta property=\"article:publisher\" content=\"https:\/\/www.facebook.com\/antaris.az\/\" \/>\n<meta property=\"article:modified_time\" content=\"2024-11-26T11:31:38+00:00\" \/>\n<meta property=\"og:image\" content=\"https:\/\/antaris.az\/wp-content\/uploads\/2023\/06\/TAUBE-Kondisioner-TB09R410JP-wep-1.webp\" \/>\n\t<meta property=\"og:image:width\" content=\"800\" \/>\n\t<meta property=\"og:image:height\" content=\"800\" \/>\n\t<meta property=\"og:image:type\" content=\"image\/webp\" \/>\n<script type=\"application\/ld+json\" class=\"yoast-schema-graph\">{\"@context\":\"https:\\\/\\\/schema.org\",\"@graph\":[{\"@type\":\"WebPage\",\"@id\":\"https:\\\/\\\/antaris.az\\\/m\u0259hsul\\\/taube-kondisioner-tb24r410jp\\\/\",\"url\":\"https:\\\/\\\/antaris.az\\\/m\u0259hsul\\\/taube-kondisioner-tb24r410jp\\\/\",\"name\":\"TAUBE Kondisioner TB24R410JP - Antaris\",\"isPartOf\":{\"@id\":\"https:\\\/\\\/antaris.az\\\/#website\"},\"primaryImageOfPage\":{\"@id\":\"https:\\\/\\\/antaris.az\\\/m\u0259hsul\\\/taube-kondisioner-tb24r410jp\\\/#primaryimage\"},\"image\":{\"@id\":\"https:\\\/\\\/antaris.az\\\/m\u0259hsul\\\/taube-kondisioner-tb24r410jp\\\/#primaryimage\"},\"thumbnailUrl\":\"https:\\\/\\\/antaris.az\\\/wp-content\\\/uploads\\\/2023\\\/06\\\/TAUBE-Kondisioner-TB09R410JP-wep-1.webp\",\"datePublished\":\"2023-06-07T06:27:18+00:00\",\"dateModified\":\"2024-11-26T11:31:38+00:00\",\"breadcrumb\":{\"@id\":\"https:\\\/\\\/antaris.az\\\/m\u0259hsul\\\/taube-kondisioner-tb24r410jp\\\/#breadcrumb\"},\"inLanguage\":\"ru-RU\",\"potentialAction\":[{\"@type\":\"ReadAction\",\"target\":[\"https:\\\/\\\/antaris.az\\\/m\u0259hsul\\\/taube-kondisioner-tb24r410jp\\\/\"]}]},{\"@type\":\"ImageObject\",\"inLanguage\":\"ru-RU\",\"@id\":\"https:\\\/\\\/antaris.az\\\/m\u0259hsul\\\/taube-kondisioner-tb24r410jp\\\/#primaryimage\",\"url\":\"https:\\\/\\\/antaris.az\\\/wp-content\\\/uploads\\\/2023\\\/06\\\/TAUBE-Kondisioner-TB09R410JP-wep-1.webp\",\"contentUrl\":\"https:\\\/\\\/antaris.az\\\/wp-content\\\/uploads\\\/2023\\\/06\\\/TAUBE-Kondisioner-TB09R410JP-wep-1.webp\",\"width\":800,\"height\":800},{\"@type\":\"BreadcrumbList\",\"@id\":\"https:\\\/\\\/antaris.az\\\/m\u0259hsul\\\/taube-kondisioner-tb24r410jp\\\/#breadcrumb\",\"itemListElement\":[{\"@type\":\"ListItem\",\"position\":1,\"name\":\"Home\",\"item\":\"https:\\\/\\\/antaris.az\\\/\"},{\"@type\":\"ListItem\",\"position\":2,\"name\":\"Ma\u011faza\",\"item\":\"https:\\\/\\\/antaris.az\\\/ru\\\/shop\\\/\"},{\"@type\":\"ListItem\",\"position\":3,\"name\":\"TAUBE Kondisioner TB24R410JP\"}]},{\"@type\":\"WebSite\",\"@id\":\"https:\\\/\\\/antaris.az\\\/#website\",\"url\":\"https:\\\/\\\/antaris.az\\\/\",\"name\":\"Antaris\",\"description\":\"Ofis, ev, m\u0259kt\u0259b \u00fc\u00e7\u00fcn h\u0259r \u015fey\",\"publisher\":{\"@id\":\"https:\\\/\\\/antaris.az\\\/#organization\"},\"potentialAction\":[{\"@type\":\"SearchAction\",\"target\":{\"@type\":\"EntryPoint\",\"urlTemplate\":\"https:\\\/\\\/antaris.az\\\/?s={search_term_string}\"},\"query-input\":{\"@type\":\"PropertyValueSpecification\",\"valueRequired\":true,\"valueName\":\"search_term_string\"}}],\"inLanguage\":\"ru-RU\"},{\"@type\":\"Organization\",\"@id\":\"https:\\\/\\\/antaris.az\\\/#organization\",\"name\":\"Antaris QSC\",\"url\":\"https:\\\/\\\/antaris.az\\\/\",\"logo\":{\"@type\":\"ImageObject\",\"inLanguage\":\"ru-RU\",\"@id\":\"https:\\\/\\\/antaris.az\\\/#\\\/schema\\\/logo\\\/image\\\/\",\"url\":\"https:\\\/\\\/antaris.az\\\/wp-content\\\/uploads\\\/2025\\\/03\\\/Antaris-logo.png\",\"contentUrl\":\"https:\\\/\\\/antaris.az\\\/wp-content\\\/uploads\\\/2025\\\/03\\\/Antaris-logo.png\",\"width\":500,\"height\":500,\"caption\":\"Antaris QSC\"},\"image\":{\"@id\":\"https:\\\/\\\/antaris.az\\\/#\\\/schema\\\/logo\\\/image\\\/\"},\"sameAs\":[\"https:\\\/\\\/www.facebook.com\\\/antaris.az\\\/\",\"https:\\\/\\\/www.instagram.com\\\/antaris.az\\\/\"]}]}<\/script>\n<!-- \/ Yoast SEO plugin. -->","yoast_head_json":{"title":"TAUBE Kondisioner TB24R410JP - Antaris","robots":{"index":"index","follow":"follow","max-snippet":"max-snippet:-1","max-image-preview":"max-image-preview:large","max-video-preview":"max-video-preview:-1"},"canonical":"https:\/\/antaris.az\/ru\/m\u0259hsul\/taube-kondisioner-tb24r410jp\/","og_locale":"ru_RU","og_type":"article","og_title":"TAUBE Kondisioner TB24R410JP - Antaris","og_description":"R\u0259ng : A\u011f Kondisioner n\u00f6v\u00fc : Split T\u00f6vsiy\u0259 edil\u0259n otaq sah\u0259si : 70-90 m\u00b2 \u0130sitm\u0259 g\u00fcc\u00fc : 3.8 kW Soyutma g\u00fcc\u00fc : 4.9 kW Freon n\u00f6v\u00fc : R410 Kompressor tipi : On-Off BTU : 24000 Enerji sinifi : A+ Z\u0259man\u0259t m\u00fcdd\u0259ti : 1 il \u018fsas rejiml\u0259r : Soyutma\/Isitm\u0259 Filterl\u0259r : Var Model : TB24R410JP \u0130stehsal\u00e7\u0131 m\u0259hsul kodu: 85761 Ticar\u0259t markas\u0131 : Taube \u0130stehsal\u00e7\u0131 \u00f6lk\u0259 : T\u00fcrkiy\u0259","og_url":"https:\/\/antaris.az\/ru\/m\u0259hsul\/taube-kondisioner-tb24r410jp\/","og_site_name":"Antaris","article_publisher":"https:\/\/www.facebook.com\/antaris.az\/","article_modified_time":"2024-11-26T11:31:38+00:00","og_image":[{"width":800,"height":800,"url":"https:\/\/antaris.az\/wp-content\/uploads\/2023\/06\/TAUBE-Kondisioner-TB09R410JP-wep-1.webp","type":"image\/webp"}],"schema":{"@context":"https:\/\/schema.org","@graph":[{"@type":"WebPage","@id":"https:\/\/antaris.az\/m\u0259hsul\/taube-kondisioner-tb24r410jp\/","url":"https:\/\/antaris.az\/m\u0259hsul\/taube-kondisioner-tb24r410jp\/","name":"TAUBE Kondisioner TB24R410JP - Antaris","isPartOf":{"@id":"https:\/\/antaris.az\/#website"},"primaryImageOfPage":{"@id":"https:\/\/antaris.az\/m\u0259hsul\/taube-kondisioner-tb24r410jp\/#primaryimage"},"image":{"@id":"https:\/\/antaris.az\/m\u0259hsul\/taube-kondisioner-tb24r410jp\/#primaryimage"},"thumbnailUrl":"https:\/\/antaris.az\/wp-content\/uploads\/2023\/06\/TAUBE-Kondisioner-TB09R410JP-wep-1.webp","datePublished":"2023-06-07T06:27:18+00:00","dateModified":"2024-11-26T11:31:38+00:00","breadcrumb":{"@id":"https:\/\/antaris.az\/m\u0259hsul\/taube-kondisioner-tb24r410jp\/#breadcrumb"},"inLanguage":"ru-RU","potentialAction":[{"@type":"ReadAction","target":["https:\/\/antaris.az\/m\u0259hsul\/taube-kondisioner-tb24r410jp\/"]}]},{"@type":"ImageObject","inLanguage":"ru-RU","@id":"https:\/\/antaris.az\/m\u0259hsul\/taube-kondisioner-tb24r410jp\/#primaryimage","url":"https:\/\/antaris.az\/wp-content\/uploads\/2023\/06\/TAUBE-Kondisioner-TB09R410JP-wep-1.webp","contentUrl":"https:\/\/antaris.az\/wp-content\/uploads\/2023\/06\/TAUBE-Kondisioner-TB09R410JP-wep-1.webp","width":800,"height":800},{"@type":"BreadcrumbList","@id":"https:\/\/antaris.az\/m\u0259hsul\/taube-kondisioner-tb24r410jp\/#breadcrumb","itemListElement":[{"@type":"ListItem","position":1,"name":"Home","item":"https:\/\/antaris.az\/"},{"@type":"ListItem","position":2,"name":"Ma\u011faza","item":"https:\/\/antaris.az\/ru\/shop\/"},{"@type":"ListItem","position":3,"name":"TAUBE Kondisioner TB24R410JP"}]},{"@type":"WebSite","@id":"https:\/\/antaris.az\/#website","url":"https:\/\/antaris.az\/","name":"Antaris","description":"Ofis, ev, m\u0259kt\u0259b \u00fc\u00e7\u00fcn h\u0259r \u015fey","publisher":{"@id":"https:\/\/antaris.az\/#organization"},"potentialAction":[{"@type":"SearchAction","target":{"@type":"EntryPoint","urlTemplate":"https:\/\/antaris.az\/?s={search_term_string}"},"query-input":{"@type":"PropertyValueSpecification","valueRequired":true,"valueName":"search_term_string"}}],"inLanguage":"ru-RU"},{"@type":"Organization","@id":"https:\/\/antaris.az\/#organization","name":"\u0410\u043d\u0442\u0430\u0440\u0438\u0441 \u0417\u0410\u041e","url":"https:\/\/antaris.az\/","logo":{"@type":"ImageObject","inLanguage":"ru-RU","@id":"https:\/\/antaris.az\/#\/schema\/logo\/image\/","url":"https:\/\/antaris.az\/wp-content\/uploads\/2025\/03\/Antaris-logo.png","contentUrl":"https:\/\/antaris.az\/wp-content\/uploads\/2025\/03\/Antaris-logo.png","width":500,"height":500,"caption":"Antaris QSC"},"image":{"@id":"https:\/\/antaris.az\/#\/schema\/logo\/image\/"},"sameAs":["https:\/\/www.facebook.com\/antaris.az\/","https:\/\/www.instagram.com\/antaris.az\/"]}]}},"_links":{"self":[{"href":"https:\/\/antaris.az\/ru\/wp-json\/wp\/v2\/product\/94720","targetHints":{"allow":["GET"]}}],"collection":[{"href":"https:\/\/antaris.az\/ru\/wp-json\/wp\/v2\/product"}],"about":[{"href":"https:\/\/antaris.az\/ru\/wp-json\/wp\/v2\/types\/product"}],"version-history":[{"count":0,"href":"https:\/\/antaris.az\/ru\/wp-json\/wp\/v2\/product\/94720\/revisions"}],"wp:featuredmedia":[{"embeddable":true,"href":"https:\/\/antaris.az\/ru\/wp-json\/wp\/v2\/media\/94712"}],"wp:attachment":[{"href":"https:\/\/antaris.az\/ru\/wp-json\/wp\/v2\/media?parent=94720"}],"wp:term":[{"taxonomy":"product_brand","embeddable":true,"href":"https:\/\/antaris.az\/ru\/wp-json\/wp\/v2\/product_brand?post=94720"},{"taxonomy":"product_cat","embeddable":true,"href":"https:\/\/antaris.az\/ru\/wp-json\/wp\/v2\/product_cat?post=94720"},{"taxonomy":"product_tag","embeddable":true,"href":"https:\/\/antaris.az\/ru\/wp-json\/wp\/v2\/product_tag?post=94720"}],"curies":[{"name":"wp","href":"https:\/\/api.w.org\/{rel}","templated":true}]}}