{"id":94587,"date":"2023-06-05T15:25:16","date_gmt":"2023-06-05T12:25:16","guid":{"rendered":"https:\/\/antaris.az\/?post_type=product&#038;p=94587"},"modified":"2024-11-26T15:31:38","modified_gmt":"2024-11-26T11:31:38","slug":"taube-tb7002gg-silver","status":"publish","type":"product","link":"https:\/\/antaris.az\/ru\/m\u0259hsul\/taube-tb7002gg-silver\/","title":{"rendered":"Taube Soba TB7002GG Silver"},"content":{"rendered":"","protected":false},"excerpt":{"rendered":"<p>R\u0259ng : Silver<br \/>\nTutum lt : 70 (lt)<br \/>\nG\u00fcc\u00fc : 1650 W<br \/>\nMaksimal temperatur : 250 \u00b0C<br \/>\nKonveksiya : Var<br \/>\nQril : Var<br \/>\n\u00d6l\u00e7\u00fcl\u0259r : 630x480x400 mm<br \/>\nTaymer : Var<br \/>\nS\u0259sli taymer : Var<br \/>\nS\u00f6nm\u0259 taymeri : Var<br \/>\nSoba n\u00f6v\u00fc : Masa\u00fcst\u00fc<br \/>\n\u0130dar\u0259etm\u0259 : Mexaniki<br \/>\nProqram say\u0131 : 5 Proqram<br \/>\nDaxili i\u015f\u0131qland\u0131rma : Var<br \/>\nMaterial : Emal olunmu\u015f polad<br \/>\nZ\u0259man\u0259t m\u00fcdd\u0259ti : 2 il<br \/>\nBrend : Taube<br \/>\n\u0130stehsal\u00e7\u0131 \u00f6lk\u0259 : T\u00fcrkiy\u0259<\/p>","protected":false},"featured_media":94588,"template":"","meta":{"_joinchat":[]},"product_brand":[],"product_cat":[2275,2273],"product_tag":[],"class_list":{"0":"post-94587","1":"product","2":"type-product","3":"status-publish","4":"has-post-thumbnail","6":"product_cat-kicik-meiset-avadanliqlari","7":"product_cat-meyset","9":"first","10":"outofstock","11":"shipping-taxable","12":"purchasable","13":"product-type-simple"},"yoast_head":"<!-- This site is optimized with the Yoast SEO plugin v27.4 - https:\/\/yoast.com\/product\/yoast-seo-wordpress\/ -->\n<title>Taube Soba TB7002GG Silver - Antaris<\/title>\n<meta name=\"robots\" content=\"index, follow, max-snippet:-1, max-image-preview:large, max-video-preview:-1\" \/>\n<link rel=\"canonical\" href=\"https:\/\/antaris.az\/ru\/m\u0259hsul\/taube-tb7002gg-silver\/\" \/>\n<meta property=\"og:locale\" content=\"ru_RU\" \/>\n<meta property=\"og:type\" content=\"article\" \/>\n<meta property=\"og:title\" content=\"Taube Soba TB7002GG Silver - Antaris\" \/>\n<meta property=\"og:description\" content=\"R\u0259ng : Silver Tutum lt : 70 (lt) G\u00fcc\u00fc : 1650 W Maksimal temperatur : 250 \u00b0C Konveksiya : Var Qril : Var \u00d6l\u00e7\u00fcl\u0259r : 630x480x400 mm Taymer : Var S\u0259sli taymer : Var S\u00f6nm\u0259 taymeri : Var Soba n\u00f6v\u00fc : Masa\u00fcst\u00fc \u0130dar\u0259etm\u0259 : Mexaniki Proqram say\u0131 : 5 Proqram Daxili i\u015f\u0131qland\u0131rma : Var Material : Emal olunmu\u015f polad Z\u0259man\u0259t m\u00fcdd\u0259ti : 2 il Brend : Taube \u0130stehsal\u00e7\u0131 \u00f6lk\u0259 : T\u00fcrkiy\u0259\" \/>\n<meta property=\"og:url\" content=\"https:\/\/antaris.az\/ru\/m\u0259hsul\/taube-tb7002gg-silver\/\" \/>\n<meta property=\"og:site_name\" content=\"Antaris\" \/>\n<meta property=\"article:publisher\" content=\"https:\/\/www.facebook.com\/antaris.az\/\" \/>\n<meta property=\"article:modified_time\" content=\"2024-11-26T11:31:38+00:00\" \/>\n<meta property=\"og:image\" content=\"https:\/\/antaris.az\/wp-content\/uploads\/2023\/06\/Taube-TB7002GG-Silver-web.webp\" \/>\n\t<meta property=\"og:image:width\" content=\"800\" \/>\n\t<meta property=\"og:image:height\" content=\"800\" \/>\n\t<meta property=\"og:image:type\" content=\"image\/webp\" \/>\n<script type=\"application\/ld+json\" class=\"yoast-schema-graph\">{\"@context\":\"https:\\\/\\\/schema.org\",\"@graph\":[{\"@type\":\"WebPage\",\"@id\":\"https:\\\/\\\/antaris.az\\\/m\u0259hsul\\\/taube-tb7002gg-silver\\\/\",\"url\":\"https:\\\/\\\/antaris.az\\\/m\u0259hsul\\\/taube-tb7002gg-silver\\\/\",\"name\":\"Taube Soba TB7002GG Silver - Antaris\",\"isPartOf\":{\"@id\":\"https:\\\/\\\/antaris.az\\\/#website\"},\"primaryImageOfPage\":{\"@id\":\"https:\\\/\\\/antaris.az\\\/m\u0259hsul\\\/taube-tb7002gg-silver\\\/#primaryimage\"},\"image\":{\"@id\":\"https:\\\/\\\/antaris.az\\\/m\u0259hsul\\\/taube-tb7002gg-silver\\\/#primaryimage\"},\"thumbnailUrl\":\"https:\\\/\\\/antaris.az\\\/wp-content\\\/uploads\\\/2023\\\/06\\\/Taube-TB7002GG-Silver-web.webp\",\"datePublished\":\"2023-06-05T12:25:16+00:00\",\"dateModified\":\"2024-11-26T11:31:38+00:00\",\"breadcrumb\":{\"@id\":\"https:\\\/\\\/antaris.az\\\/m\u0259hsul\\\/taube-tb7002gg-silver\\\/#breadcrumb\"},\"inLanguage\":\"ru-RU\",\"potentialAction\":[{\"@type\":\"ReadAction\",\"target\":[\"https:\\\/\\\/antaris.az\\\/m\u0259hsul\\\/taube-tb7002gg-silver\\\/\"]}]},{\"@type\":\"ImageObject\",\"inLanguage\":\"ru-RU\",\"@id\":\"https:\\\/\\\/antaris.az\\\/m\u0259hsul\\\/taube-tb7002gg-silver\\\/#primaryimage\",\"url\":\"https:\\\/\\\/antaris.az\\\/wp-content\\\/uploads\\\/2023\\\/06\\\/Taube-TB7002GG-Silver-web.webp\",\"contentUrl\":\"https:\\\/\\\/antaris.az\\\/wp-content\\\/uploads\\\/2023\\\/06\\\/Taube-TB7002GG-Silver-web.webp\",\"width\":800,\"height\":800},{\"@type\":\"BreadcrumbList\",\"@id\":\"https:\\\/\\\/antaris.az\\\/m\u0259hsul\\\/taube-tb7002gg-silver\\\/#breadcrumb\",\"itemListElement\":[{\"@type\":\"ListItem\",\"position\":1,\"name\":\"Home\",\"item\":\"https:\\\/\\\/antaris.az\\\/\"},{\"@type\":\"ListItem\",\"position\":2,\"name\":\"Ma\u011faza\",\"item\":\"https:\\\/\\\/antaris.az\\\/ru\\\/shop\\\/\"},{\"@type\":\"ListItem\",\"position\":3,\"name\":\"Taube Soba TB7002GG Silver\"}]},{\"@type\":\"WebSite\",\"@id\":\"https:\\\/\\\/antaris.az\\\/#website\",\"url\":\"https:\\\/\\\/antaris.az\\\/\",\"name\":\"Antaris\",\"description\":\"Ofis, ev, m\u0259kt\u0259b \u00fc\u00e7\u00fcn h\u0259r \u015fey\",\"publisher\":{\"@id\":\"https:\\\/\\\/antaris.az\\\/#organization\"},\"potentialAction\":[{\"@type\":\"SearchAction\",\"target\":{\"@type\":\"EntryPoint\",\"urlTemplate\":\"https:\\\/\\\/antaris.az\\\/?s={search_term_string}\"},\"query-input\":{\"@type\":\"PropertyValueSpecification\",\"valueRequired\":true,\"valueName\":\"search_term_string\"}}],\"inLanguage\":\"ru-RU\"},{\"@type\":\"Organization\",\"@id\":\"https:\\\/\\\/antaris.az\\\/#organization\",\"name\":\"Antaris QSC\",\"url\":\"https:\\\/\\\/antaris.az\\\/\",\"logo\":{\"@type\":\"ImageObject\",\"inLanguage\":\"ru-RU\",\"@id\":\"https:\\\/\\\/antaris.az\\\/#\\\/schema\\\/logo\\\/image\\\/\",\"url\":\"https:\\\/\\\/antaris.az\\\/wp-content\\\/uploads\\\/2025\\\/03\\\/Antaris-logo.png\",\"contentUrl\":\"https:\\\/\\\/antaris.az\\\/wp-content\\\/uploads\\\/2025\\\/03\\\/Antaris-logo.png\",\"width\":500,\"height\":500,\"caption\":\"Antaris QSC\"},\"image\":{\"@id\":\"https:\\\/\\\/antaris.az\\\/#\\\/schema\\\/logo\\\/image\\\/\"},\"sameAs\":[\"https:\\\/\\\/www.facebook.com\\\/antaris.az\\\/\",\"https:\\\/\\\/www.instagram.com\\\/antaris.az\\\/\"]}]}<\/script>\n<!-- \/ Yoast SEO plugin. -->","yoast_head_json":{"title":"Taube Soba TB7002GG Silver - Antaris","robots":{"index":"index","follow":"follow","max-snippet":"max-snippet:-1","max-image-preview":"max-image-preview:large","max-video-preview":"max-video-preview:-1"},"canonical":"https:\/\/antaris.az\/ru\/m\u0259hsul\/taube-tb7002gg-silver\/","og_locale":"ru_RU","og_type":"article","og_title":"Taube Soba TB7002GG Silver - Antaris","og_description":"R\u0259ng : Silver Tutum lt : 70 (lt) G\u00fcc\u00fc : 1650 W Maksimal temperatur : 250 \u00b0C Konveksiya : Var Qril : Var \u00d6l\u00e7\u00fcl\u0259r : 630x480x400 mm Taymer : Var S\u0259sli taymer : Var S\u00f6nm\u0259 taymeri : Var Soba n\u00f6v\u00fc : Masa\u00fcst\u00fc \u0130dar\u0259etm\u0259 : Mexaniki Proqram say\u0131 : 5 Proqram Daxili i\u015f\u0131qland\u0131rma : Var Material : Emal olunmu\u015f polad Z\u0259man\u0259t m\u00fcdd\u0259ti : 2 il Brend : Taube \u0130stehsal\u00e7\u0131 \u00f6lk\u0259 : T\u00fcrkiy\u0259","og_url":"https:\/\/antaris.az\/ru\/m\u0259hsul\/taube-tb7002gg-silver\/","og_site_name":"Antaris","article_publisher":"https:\/\/www.facebook.com\/antaris.az\/","article_modified_time":"2024-11-26T11:31:38+00:00","og_image":[{"width":800,"height":800,"url":"https:\/\/antaris.az\/wp-content\/uploads\/2023\/06\/Taube-TB7002GG-Silver-web.webp","type":"image\/webp"}],"schema":{"@context":"https:\/\/schema.org","@graph":[{"@type":"WebPage","@id":"https:\/\/antaris.az\/m\u0259hsul\/taube-tb7002gg-silver\/","url":"https:\/\/antaris.az\/m\u0259hsul\/taube-tb7002gg-silver\/","name":"Taube Soba TB7002GG Silver - Antaris","isPartOf":{"@id":"https:\/\/antaris.az\/#website"},"primaryImageOfPage":{"@id":"https:\/\/antaris.az\/m\u0259hsul\/taube-tb7002gg-silver\/#primaryimage"},"image":{"@id":"https:\/\/antaris.az\/m\u0259hsul\/taube-tb7002gg-silver\/#primaryimage"},"thumbnailUrl":"https:\/\/antaris.az\/wp-content\/uploads\/2023\/06\/Taube-TB7002GG-Silver-web.webp","datePublished":"2023-06-05T12:25:16+00:00","dateModified":"2024-11-26T11:31:38+00:00","breadcrumb":{"@id":"https:\/\/antaris.az\/m\u0259hsul\/taube-tb7002gg-silver\/#breadcrumb"},"inLanguage":"ru-RU","potentialAction":[{"@type":"ReadAction","target":["https:\/\/antaris.az\/m\u0259hsul\/taube-tb7002gg-silver\/"]}]},{"@type":"ImageObject","inLanguage":"ru-RU","@id":"https:\/\/antaris.az\/m\u0259hsul\/taube-tb7002gg-silver\/#primaryimage","url":"https:\/\/antaris.az\/wp-content\/uploads\/2023\/06\/Taube-TB7002GG-Silver-web.webp","contentUrl":"https:\/\/antaris.az\/wp-content\/uploads\/2023\/06\/Taube-TB7002GG-Silver-web.webp","width":800,"height":800},{"@type":"BreadcrumbList","@id":"https:\/\/antaris.az\/m\u0259hsul\/taube-tb7002gg-silver\/#breadcrumb","itemListElement":[{"@type":"ListItem","position":1,"name":"Home","item":"https:\/\/antaris.az\/"},{"@type":"ListItem","position":2,"name":"Ma\u011faza","item":"https:\/\/antaris.az\/ru\/shop\/"},{"@type":"ListItem","position":3,"name":"Taube Soba TB7002GG Silver"}]},{"@type":"WebSite","@id":"https:\/\/antaris.az\/#website","url":"https:\/\/antaris.az\/","name":"Antaris","description":"Ofis, ev, m\u0259kt\u0259b \u00fc\u00e7\u00fcn h\u0259r \u015fey","publisher":{"@id":"https:\/\/antaris.az\/#organization"},"potentialAction":[{"@type":"SearchAction","target":{"@type":"EntryPoint","urlTemplate":"https:\/\/antaris.az\/?s={search_term_string}"},"query-input":{"@type":"PropertyValueSpecification","valueRequired":true,"valueName":"search_term_string"}}],"inLanguage":"ru-RU"},{"@type":"Organization","@id":"https:\/\/antaris.az\/#organization","name":"\u0410\u043d\u0442\u0430\u0440\u0438\u0441 \u0417\u0410\u041e","url":"https:\/\/antaris.az\/","logo":{"@type":"ImageObject","inLanguage":"ru-RU","@id":"https:\/\/antaris.az\/#\/schema\/logo\/image\/","url":"https:\/\/antaris.az\/wp-content\/uploads\/2025\/03\/Antaris-logo.png","contentUrl":"https:\/\/antaris.az\/wp-content\/uploads\/2025\/03\/Antaris-logo.png","width":500,"height":500,"caption":"Antaris QSC"},"image":{"@id":"https:\/\/antaris.az\/#\/schema\/logo\/image\/"},"sameAs":["https:\/\/www.facebook.com\/antaris.az\/","https:\/\/www.instagram.com\/antaris.az\/"]}]}},"_links":{"self":[{"href":"https:\/\/antaris.az\/ru\/wp-json\/wp\/v2\/product\/94587","targetHints":{"allow":["GET"]}}],"collection":[{"href":"https:\/\/antaris.az\/ru\/wp-json\/wp\/v2\/product"}],"about":[{"href":"https:\/\/antaris.az\/ru\/wp-json\/wp\/v2\/types\/product"}],"version-history":[{"count":0,"href":"https:\/\/antaris.az\/ru\/wp-json\/wp\/v2\/product\/94587\/revisions"}],"wp:featuredmedia":[{"embeddable":true,"href":"https:\/\/antaris.az\/ru\/wp-json\/wp\/v2\/media\/94588"}],"wp:attachment":[{"href":"https:\/\/antaris.az\/ru\/wp-json\/wp\/v2\/media?parent=94587"}],"wp:term":[{"taxonomy":"product_brand","embeddable":true,"href":"https:\/\/antaris.az\/ru\/wp-json\/wp\/v2\/product_brand?post=94587"},{"taxonomy":"product_cat","embeddable":true,"href":"https:\/\/antaris.az\/ru\/wp-json\/wp\/v2\/product_cat?post=94587"},{"taxonomy":"product_tag","embeddable":true,"href":"https:\/\/antaris.az\/ru\/wp-json\/wp\/v2\/product_tag?post=94587"}],"curies":[{"name":"wp","href":"https:\/\/api.w.org\/{rel}","templated":true}]}}