{"id":93229,"date":"2023-04-19T09:42:52","date_gmt":"2023-04-19T06:42:52","guid":{"rendered":"https:\/\/antaris.az\/?post_type=product&#038;p=93229"},"modified":"2024-11-26T15:33:05","modified_gmt":"2024-11-26T11:33:05","slug":"laminator-ht-330-p-343301400","status":"publish","type":"product","link":"https:\/\/antaris.az\/ru\/m\u0259hsul\/laminator-ht-330-p-343301400\/","title":{"rendered":"LAM\u0130NATOR HT 330 P &#8211; 343301400"},"content":{"rendered":"","protected":false},"excerpt":{"rendered":"<p>G\u00fcc: 1150 vatt<br \/>\nFormat: A3<br \/>\nMaksimum giri\u015f eni: 330mm<br \/>\nLaminasiya s\u00fcr\u0259ti: d\u0259qiq\u0259d\u0259 30-150 sm<br \/>\nQal\u0131nl\u0131q: 250 mikron (c\u0259mi 500)<br \/>\nRollar\u0131n say\u0131: 6<br \/>\n\u0130stil\u0259\u015fm\u0259 vaxt\u0131: 4 d\u0259q<br \/>\n\u0130stehsal\u00e7\u0131 m\u0259hsul kodu: 343301400<br \/>\nTicar\u0259t markas\u0131: Renz<\/p>","protected":false},"featured_media":93315,"template":"","meta":{"_joinchat":[]},"product_brand":[],"product_cat":[369,370],"product_tag":[2233,2234,809],"class_list":{"0":"post-93229","1":"product","2":"type-product","3":"status-publish","4":"has-post-thumbnail","6":"product_cat-laminasiya","7":"product_cat-laminator","8":"product_tag-laminasiya","9":"product_tag-laminasiya-aparati","10":"product_tag-laminator","12":"first","13":"instock","14":"shipping-taxable","15":"purchasable","16":"product-type-simple"},"yoast_head":"<!-- This site is optimized with the Yoast SEO plugin v27.5 - https:\/\/yoast.com\/product\/yoast-seo-wordpress\/ -->\n<title>LAM\u0130NATOR HT 330 P - 343301400 - Antaris<\/title>\n<meta name=\"robots\" content=\"index, follow, max-snippet:-1, max-image-preview:large, max-video-preview:-1\" \/>\n<link rel=\"canonical\" href=\"https:\/\/antaris.az\/ru\/m\u0259hsul\/laminator-ht-330-p-343301400\/\" \/>\n<meta property=\"og:locale\" content=\"ru_RU\" \/>\n<meta property=\"og:type\" content=\"article\" \/>\n<meta property=\"og:title\" content=\"LAM\u0130NATOR HT 330 P - 343301400 - Antaris\" \/>\n<meta property=\"og:description\" content=\"G\u00fcc: 1150 vatt Format: A3 Maksimum giri\u015f eni: 330mm Laminasiya s\u00fcr\u0259ti: d\u0259qiq\u0259d\u0259 30-150 sm Qal\u0131nl\u0131q: 250 mikron (c\u0259mi 500) Rollar\u0131n say\u0131: 6 \u0130stil\u0259\u015fm\u0259 vaxt\u0131: 4 d\u0259q \u0130stehsal\u00e7\u0131 m\u0259hsul kodu: 343301400 Ticar\u0259t markas\u0131: Renz\" \/>\n<meta property=\"og:url\" content=\"https:\/\/antaris.az\/ru\/m\u0259hsul\/laminator-ht-330-p-343301400\/\" \/>\n<meta property=\"og:site_name\" content=\"Antaris\" \/>\n<meta property=\"article:publisher\" content=\"https:\/\/www.facebook.com\/antaris.az\/\" \/>\n<meta property=\"article:modified_time\" content=\"2024-11-26T11:33:05+00:00\" \/>\n<meta property=\"og:image\" content=\"https:\/\/antaris.az\/wp-content\/uploads\/2023\/04\/HT-330-P-343301400-wep.webp\" \/>\n\t<meta property=\"og:image:width\" content=\"800\" \/>\n\t<meta property=\"og:image:height\" content=\"800\" \/>\n\t<meta property=\"og:image:type\" content=\"image\/webp\" \/>\n<script type=\"application\/ld+json\" class=\"yoast-schema-graph\">{\"@context\":\"https:\\\/\\\/schema.org\",\"@graph\":[{\"@type\":\"WebPage\",\"@id\":\"https:\\\/\\\/antaris.az\\\/m\u0259hsul\\\/laminator-ht-330-p-343301400\\\/\",\"url\":\"https:\\\/\\\/antaris.az\\\/m\u0259hsul\\\/laminator-ht-330-p-343301400\\\/\",\"name\":\"LAM\u0130NATOR HT 330 P - 343301400 - Antaris\",\"isPartOf\":{\"@id\":\"https:\\\/\\\/antaris.az\\\/#website\"},\"primaryImageOfPage\":{\"@id\":\"https:\\\/\\\/antaris.az\\\/m\u0259hsul\\\/laminator-ht-330-p-343301400\\\/#primaryimage\"},\"image\":{\"@id\":\"https:\\\/\\\/antaris.az\\\/m\u0259hsul\\\/laminator-ht-330-p-343301400\\\/#primaryimage\"},\"thumbnailUrl\":\"https:\\\/\\\/antaris.az\\\/wp-content\\\/uploads\\\/2023\\\/04\\\/HT-330-P-343301400-wep.webp\",\"datePublished\":\"2023-04-19T06:42:52+00:00\",\"dateModified\":\"2024-11-26T11:33:05+00:00\",\"breadcrumb\":{\"@id\":\"https:\\\/\\\/antaris.az\\\/m\u0259hsul\\\/laminator-ht-330-p-343301400\\\/#breadcrumb\"},\"inLanguage\":\"ru-RU\",\"potentialAction\":[{\"@type\":\"ReadAction\",\"target\":[\"https:\\\/\\\/antaris.az\\\/m\u0259hsul\\\/laminator-ht-330-p-343301400\\\/\"]}]},{\"@type\":\"ImageObject\",\"inLanguage\":\"ru-RU\",\"@id\":\"https:\\\/\\\/antaris.az\\\/m\u0259hsul\\\/laminator-ht-330-p-343301400\\\/#primaryimage\",\"url\":\"https:\\\/\\\/antaris.az\\\/wp-content\\\/uploads\\\/2023\\\/04\\\/HT-330-P-343301400-wep.webp\",\"contentUrl\":\"https:\\\/\\\/antaris.az\\\/wp-content\\\/uploads\\\/2023\\\/04\\\/HT-330-P-343301400-wep.webp\",\"width\":800,\"height\":800},{\"@type\":\"BreadcrumbList\",\"@id\":\"https:\\\/\\\/antaris.az\\\/m\u0259hsul\\\/laminator-ht-330-p-343301400\\\/#breadcrumb\",\"itemListElement\":[{\"@type\":\"ListItem\",\"position\":1,\"name\":\"Home\",\"item\":\"https:\\\/\\\/antaris.az\\\/\"},{\"@type\":\"ListItem\",\"position\":2,\"name\":\"Ma\u011faza\",\"item\":\"https:\\\/\\\/antaris.az\\\/ru\\\/shop\\\/\"},{\"@type\":\"ListItem\",\"position\":3,\"name\":\"LAM\u0130NATOR HT 330 P &#8211; 343301400\"}]},{\"@type\":\"WebSite\",\"@id\":\"https:\\\/\\\/antaris.az\\\/#website\",\"url\":\"https:\\\/\\\/antaris.az\\\/\",\"name\":\"Antaris\",\"description\":\"Ofis, ev, m\u0259kt\u0259b \u00fc\u00e7\u00fcn h\u0259r \u015fey\",\"publisher\":{\"@id\":\"https:\\\/\\\/antaris.az\\\/#organization\"},\"potentialAction\":[{\"@type\":\"SearchAction\",\"target\":{\"@type\":\"EntryPoint\",\"urlTemplate\":\"https:\\\/\\\/antaris.az\\\/?s={search_term_string}\"},\"query-input\":{\"@type\":\"PropertyValueSpecification\",\"valueRequired\":true,\"valueName\":\"search_term_string\"}}],\"inLanguage\":\"ru-RU\"},{\"@type\":\"Organization\",\"@id\":\"https:\\\/\\\/antaris.az\\\/#organization\",\"name\":\"Antaris QSC\",\"url\":\"https:\\\/\\\/antaris.az\\\/\",\"logo\":{\"@type\":\"ImageObject\",\"inLanguage\":\"ru-RU\",\"@id\":\"https:\\\/\\\/antaris.az\\\/#\\\/schema\\\/logo\\\/image\\\/\",\"url\":\"https:\\\/\\\/antaris.az\\\/wp-content\\\/uploads\\\/2025\\\/03\\\/Antaris-logo.png\",\"contentUrl\":\"https:\\\/\\\/antaris.az\\\/wp-content\\\/uploads\\\/2025\\\/03\\\/Antaris-logo.png\",\"width\":500,\"height\":500,\"caption\":\"Antaris QSC\"},\"image\":{\"@id\":\"https:\\\/\\\/antaris.az\\\/#\\\/schema\\\/logo\\\/image\\\/\"},\"sameAs\":[\"https:\\\/\\\/www.facebook.com\\\/antaris.az\\\/\",\"https:\\\/\\\/www.instagram.com\\\/antaris.az\\\/\"]}]}<\/script>\n<!-- \/ Yoast SEO plugin. -->","yoast_head_json":{"title":"LAM\u0130NATOR HT 330 P - 343301400 - Antaris","robots":{"index":"index","follow":"follow","max-snippet":"max-snippet:-1","max-image-preview":"max-image-preview:large","max-video-preview":"max-video-preview:-1"},"canonical":"https:\/\/antaris.az\/ru\/m\u0259hsul\/laminator-ht-330-p-343301400\/","og_locale":"ru_RU","og_type":"article","og_title":"LAM\u0130NATOR HT 330 P - 343301400 - Antaris","og_description":"G\u00fcc: 1150 vatt Format: A3 Maksimum giri\u015f eni: 330mm Laminasiya s\u00fcr\u0259ti: d\u0259qiq\u0259d\u0259 30-150 sm Qal\u0131nl\u0131q: 250 mikron (c\u0259mi 500) Rollar\u0131n say\u0131: 6 \u0130stil\u0259\u015fm\u0259 vaxt\u0131: 4 d\u0259q \u0130stehsal\u00e7\u0131 m\u0259hsul kodu: 343301400 Ticar\u0259t markas\u0131: Renz","og_url":"https:\/\/antaris.az\/ru\/m\u0259hsul\/laminator-ht-330-p-343301400\/","og_site_name":"Antaris","article_publisher":"https:\/\/www.facebook.com\/antaris.az\/","article_modified_time":"2024-11-26T11:33:05+00:00","og_image":[{"width":800,"height":800,"url":"https:\/\/antaris.az\/wp-content\/uploads\/2023\/04\/HT-330-P-343301400-wep.webp","type":"image\/webp"}],"schema":{"@context":"https:\/\/schema.org","@graph":[{"@type":"WebPage","@id":"https:\/\/antaris.az\/m\u0259hsul\/laminator-ht-330-p-343301400\/","url":"https:\/\/antaris.az\/m\u0259hsul\/laminator-ht-330-p-343301400\/","name":"LAM\u0130NATOR HT 330 P - 343301400 - Antaris","isPartOf":{"@id":"https:\/\/antaris.az\/#website"},"primaryImageOfPage":{"@id":"https:\/\/antaris.az\/m\u0259hsul\/laminator-ht-330-p-343301400\/#primaryimage"},"image":{"@id":"https:\/\/antaris.az\/m\u0259hsul\/laminator-ht-330-p-343301400\/#primaryimage"},"thumbnailUrl":"https:\/\/antaris.az\/wp-content\/uploads\/2023\/04\/HT-330-P-343301400-wep.webp","datePublished":"2023-04-19T06:42:52+00:00","dateModified":"2024-11-26T11:33:05+00:00","breadcrumb":{"@id":"https:\/\/antaris.az\/m\u0259hsul\/laminator-ht-330-p-343301400\/#breadcrumb"},"inLanguage":"ru-RU","potentialAction":[{"@type":"ReadAction","target":["https:\/\/antaris.az\/m\u0259hsul\/laminator-ht-330-p-343301400\/"]}]},{"@type":"ImageObject","inLanguage":"ru-RU","@id":"https:\/\/antaris.az\/m\u0259hsul\/laminator-ht-330-p-343301400\/#primaryimage","url":"https:\/\/antaris.az\/wp-content\/uploads\/2023\/04\/HT-330-P-343301400-wep.webp","contentUrl":"https:\/\/antaris.az\/wp-content\/uploads\/2023\/04\/HT-330-P-343301400-wep.webp","width":800,"height":800},{"@type":"BreadcrumbList","@id":"https:\/\/antaris.az\/m\u0259hsul\/laminator-ht-330-p-343301400\/#breadcrumb","itemListElement":[{"@type":"ListItem","position":1,"name":"Home","item":"https:\/\/antaris.az\/"},{"@type":"ListItem","position":2,"name":"Ma\u011faza","item":"https:\/\/antaris.az\/ru\/shop\/"},{"@type":"ListItem","position":3,"name":"LAM\u0130NATOR HT 330 P &#8211; 343301400"}]},{"@type":"WebSite","@id":"https:\/\/antaris.az\/#website","url":"https:\/\/antaris.az\/","name":"Antaris","description":"Ofis, ev, m\u0259kt\u0259b \u00fc\u00e7\u00fcn h\u0259r \u015fey","publisher":{"@id":"https:\/\/antaris.az\/#organization"},"potentialAction":[{"@type":"SearchAction","target":{"@type":"EntryPoint","urlTemplate":"https:\/\/antaris.az\/?s={search_term_string}"},"query-input":{"@type":"PropertyValueSpecification","valueRequired":true,"valueName":"search_term_string"}}],"inLanguage":"ru-RU"},{"@type":"Organization","@id":"https:\/\/antaris.az\/#organization","name":"\u0410\u043d\u0442\u0430\u0440\u0438\u0441 \u0417\u0410\u041e","url":"https:\/\/antaris.az\/","logo":{"@type":"ImageObject","inLanguage":"ru-RU","@id":"https:\/\/antaris.az\/#\/schema\/logo\/image\/","url":"https:\/\/antaris.az\/wp-content\/uploads\/2025\/03\/Antaris-logo.png","contentUrl":"https:\/\/antaris.az\/wp-content\/uploads\/2025\/03\/Antaris-logo.png","width":500,"height":500,"caption":"Antaris QSC"},"image":{"@id":"https:\/\/antaris.az\/#\/schema\/logo\/image\/"},"sameAs":["https:\/\/www.facebook.com\/antaris.az\/","https:\/\/www.instagram.com\/antaris.az\/"]}]}},"_links":{"self":[{"href":"https:\/\/antaris.az\/ru\/wp-json\/wp\/v2\/product\/93229","targetHints":{"allow":["GET"]}}],"collection":[{"href":"https:\/\/antaris.az\/ru\/wp-json\/wp\/v2\/product"}],"about":[{"href":"https:\/\/antaris.az\/ru\/wp-json\/wp\/v2\/types\/product"}],"version-history":[{"count":0,"href":"https:\/\/antaris.az\/ru\/wp-json\/wp\/v2\/product\/93229\/revisions"}],"wp:featuredmedia":[{"embeddable":true,"href":"https:\/\/antaris.az\/ru\/wp-json\/wp\/v2\/media\/93315"}],"wp:attachment":[{"href":"https:\/\/antaris.az\/ru\/wp-json\/wp\/v2\/media?parent=93229"}],"wp:term":[{"taxonomy":"product_brand","embeddable":true,"href":"https:\/\/antaris.az\/ru\/wp-json\/wp\/v2\/product_brand?post=93229"},{"taxonomy":"product_cat","embeddable":true,"href":"https:\/\/antaris.az\/ru\/wp-json\/wp\/v2\/product_cat?post=93229"},{"taxonomy":"product_tag","embeddable":true,"href":"https:\/\/antaris.az\/ru\/wp-json\/wp\/v2\/product_tag?post=93229"}],"curies":[{"name":"wp","href":"https:\/\/api.w.org\/{rel}","templated":true}]}}