{"id":92753,"date":"2023-04-04T16:04:06","date_gmt":"2023-04-04T13:04:06","guid":{"rendered":"http:\/\/www2.antaris.az\/?post_type=product&#038;p=92753"},"modified":"2024-11-26T15:34:17","modified_gmt":"2024-11-26T11:34:17","slug":"gabol-113446-026-zambia","status":"publish","type":"product","link":"https:\/\/antaris.az\/ru\/m\u0259hsul\/gabol-113446-026-zambia\/","title":{"rendered":"\u00c7anta Gabol 113446-026 Zambia"},"content":{"rendered":"<p>Zambiya seriyas\u0131n\u0131n Gabol \u00e7amadan\u0131 artan t\u0259hl\u00fck\u0259sizlik \u00fc\u00e7\u00fcn TSA sisteminin kod kilidi il\u0259 t\u0259chiz edilmi\u015fdir. Alt \u00e7\u0259r\u00e7iv\u0259 strukturun p\u0259t\u0259k qurulu\u015fu say\u0259sind\u0259 y\u00fcng\u00fcl v\u0259 m\u00f6hk\u0259mdir. \u00d6n hiss\u0259d\u0259 fermuarl\u0131 geni\u015f cib var. Daxili h\u0259cmd\u0259 \u015feyl\u0259ri d\u00fcz\u0259ltm\u0259k \u00fc\u00e7\u00fcn k\u0259m\u0259rl\u0259r var. \u00c7amadan \u0259ks\u0259r m\u0259\u015fhur beyn\u0259lxalq v\u0259 yerli b\u00fcdc\u0259li aviada\u015f\u0131y\u0131c\u0131lar\u0131n \u0259l y\u00fck\u00fcn\u00fcn \u00f6l\u00e7\u00fcs\u00fcn\u0259 g\u00f6r\u0259 t\u0259l\u0259bl\u0259rin\u0259 cavab verir. \u00c7amadan y\u00fcng\u00fcl, manevrli v\u0259 da\u015f\u0131nma \u00fc\u00e7\u00fcn \u0259lveri\u015flidir.<br \/>\n\u00c7amadan y\u00fcks\u0259k temperaturlu termoplastik poliuretandan haz\u0131rlanm\u0131\u015f d\u00f6rd qo\u015fala\u015fm\u0131\u015f diyirc\u0259kli t\u0259k\u0259rl\u0259rl\u0259 t\u0259chiz edilmi\u015fdir. Material plastikl\u0259 m\u00fcqayis\u0259 edil\u0259 bil\u0259n silikon elastikliyin\u0259 malikdir, h\u0259m\u00e7inin temperatur d\u0259yi\u015fiklikl\u0259rin\u0259 qar\u015f\u0131 m\u00fcqavim\u0259tini art\u0131r\u0131r.\u00a0 A\u015f\u0131nmaya davaml\u0131 oldu\u011funa g\u00f6r\u0259, t\u0259k\u0259rl\u0259rin material\u0131 uzun xidm\u0259t m\u00fcdd\u0259tin\u0259 malikdir.<\/p>","protected":false},"excerpt":{"rendered":"<p>\u00d6l\u00e7\u00fc: 41x69x26 sm<br \/>\n\u00c7\u0259ki: 3.2 kg<br \/>\nR\u0259ng: B\u0259n\u00f6v\u015f\u0259yi<br \/>\n\u0130stehsal\u00e7\u0131 m\u0259hsul kodu:113446-026<br \/>\nTicar\u0259t markas\u0131:Gabol<br \/>\n\u0130stehsal\u00e7\u0131 \u00f6lk\u0259: \u0130spaniya<\/p>","protected":false},"featured_media":92794,"template":"","meta":{"_joinchat":[]},"product_brand":[],"product_cat":[209,452],"product_tag":[2116,2115],"class_list":{"0":"post-92753","1":"product","2":"type-product","3":"status-publish","4":"has-post-thumbnail","6":"product_cat-hediye-ve-biznes-aksessuarlar","7":"product_cat-syaht-ucun-cantalar","8":"product_tag-camadan","9":"product_tag-syaht-ucun-canta","10":"pa_brand-gabol","12":"first","13":"instock","14":"shipping-taxable","15":"purchasable","16":"product-type-simple"},"yoast_head":"<!-- This site is optimized with the Yoast SEO plugin v27.4 - https:\/\/yoast.com\/product\/yoast-seo-wordpress\/ -->\n<title>\u00c7anta Gabol 113446-026 Zambia - Antaris<\/title>\n<meta name=\"robots\" content=\"index, follow, max-snippet:-1, max-image-preview:large, max-video-preview:-1\" \/>\n<link rel=\"canonical\" href=\"https:\/\/antaris.az\/ru\/m\u0259hsul\/gabol-113446-026-zambia\/\" \/>\n<meta property=\"og:locale\" content=\"ru_RU\" \/>\n<meta property=\"og:type\" content=\"article\" \/>\n<meta property=\"og:title\" content=\"\u00c7anta Gabol 113446-026 Zambia - Antaris\" \/>\n<meta property=\"og:description\" content=\"\u00d6l\u00e7\u00fc: 41x69x26 sm \u00c7\u0259ki: 3.2 kg R\u0259ng: B\u0259n\u00f6v\u015f\u0259yi \u0130stehsal\u00e7\u0131 m\u0259hsul kodu:113446-026 Ticar\u0259t markas\u0131:Gabol \u0130stehsal\u00e7\u0131 \u00f6lk\u0259: \u0130spaniya\" \/>\n<meta property=\"og:url\" content=\"https:\/\/antaris.az\/ru\/m\u0259hsul\/gabol-113446-026-zambia\/\" \/>\n<meta property=\"og:site_name\" content=\"Antaris\" \/>\n<meta property=\"article:publisher\" content=\"https:\/\/www.facebook.com\/antaris.az\/\" \/>\n<meta property=\"article:modified_time\" content=\"2024-11-26T11:34:17+00:00\" \/>\n<meta property=\"og:image\" content=\"https:\/\/antaris.az\/wp-content\/uploads\/2023\/04\/Gabol-113446-026-wep-1.webp\" \/>\n\t<meta property=\"og:image:width\" content=\"800\" \/>\n\t<meta property=\"og:image:height\" content=\"800\" \/>\n\t<meta property=\"og:image:type\" content=\"image\/webp\" \/>\n<script type=\"application\/ld+json\" class=\"yoast-schema-graph\">{\"@context\":\"https:\\\/\\\/schema.org\",\"@graph\":[{\"@type\":\"WebPage\",\"@id\":\"https:\\\/\\\/antaris.az\\\/m\u0259hsul\\\/gabol-113446-026-zambia\\\/\",\"url\":\"https:\\\/\\\/antaris.az\\\/m\u0259hsul\\\/gabol-113446-026-zambia\\\/\",\"name\":\"\u00c7anta Gabol 113446-026 Zambia - Antaris\",\"isPartOf\":{\"@id\":\"https:\\\/\\\/antaris.az\\\/#website\"},\"primaryImageOfPage\":{\"@id\":\"https:\\\/\\\/antaris.az\\\/m\u0259hsul\\\/gabol-113446-026-zambia\\\/#primaryimage\"},\"image\":{\"@id\":\"https:\\\/\\\/antaris.az\\\/m\u0259hsul\\\/gabol-113446-026-zambia\\\/#primaryimage\"},\"thumbnailUrl\":\"https:\\\/\\\/antaris.az\\\/wp-content\\\/uploads\\\/2023\\\/04\\\/Gabol-113446-026-wep-1.webp\",\"datePublished\":\"2023-04-04T13:04:06+00:00\",\"dateModified\":\"2024-11-26T11:34:17+00:00\",\"breadcrumb\":{\"@id\":\"https:\\\/\\\/antaris.az\\\/m\u0259hsul\\\/gabol-113446-026-zambia\\\/#breadcrumb\"},\"inLanguage\":\"ru-RU\",\"potentialAction\":[{\"@type\":\"ReadAction\",\"target\":[\"https:\\\/\\\/antaris.az\\\/m\u0259hsul\\\/gabol-113446-026-zambia\\\/\"]}]},{\"@type\":\"ImageObject\",\"inLanguage\":\"ru-RU\",\"@id\":\"https:\\\/\\\/antaris.az\\\/m\u0259hsul\\\/gabol-113446-026-zambia\\\/#primaryimage\",\"url\":\"https:\\\/\\\/antaris.az\\\/wp-content\\\/uploads\\\/2023\\\/04\\\/Gabol-113446-026-wep-1.webp\",\"contentUrl\":\"https:\\\/\\\/antaris.az\\\/wp-content\\\/uploads\\\/2023\\\/04\\\/Gabol-113446-026-wep-1.webp\",\"width\":800,\"height\":800,\"caption\":\"S\u0259yah\u0259t \u00fc\u00e7\u00fcn \u00e7anta\"},{\"@type\":\"BreadcrumbList\",\"@id\":\"https:\\\/\\\/antaris.az\\\/m\u0259hsul\\\/gabol-113446-026-zambia\\\/#breadcrumb\",\"itemListElement\":[{\"@type\":\"ListItem\",\"position\":1,\"name\":\"Home\",\"item\":\"https:\\\/\\\/antaris.az\\\/\"},{\"@type\":\"ListItem\",\"position\":2,\"name\":\"Ma\u011faza\",\"item\":\"https:\\\/\\\/antaris.az\\\/ru\\\/shop\\\/\"},{\"@type\":\"ListItem\",\"position\":3,\"name\":\"\u00c7anta Gabol 113446-026 Zambia\"}]},{\"@type\":\"WebSite\",\"@id\":\"https:\\\/\\\/antaris.az\\\/#website\",\"url\":\"https:\\\/\\\/antaris.az\\\/\",\"name\":\"Antaris\",\"description\":\"Ofis, ev, m\u0259kt\u0259b \u00fc\u00e7\u00fcn h\u0259r \u015fey\",\"publisher\":{\"@id\":\"https:\\\/\\\/antaris.az\\\/#organization\"},\"potentialAction\":[{\"@type\":\"SearchAction\",\"target\":{\"@type\":\"EntryPoint\",\"urlTemplate\":\"https:\\\/\\\/antaris.az\\\/?s={search_term_string}\"},\"query-input\":{\"@type\":\"PropertyValueSpecification\",\"valueRequired\":true,\"valueName\":\"search_term_string\"}}],\"inLanguage\":\"ru-RU\"},{\"@type\":\"Organization\",\"@id\":\"https:\\\/\\\/antaris.az\\\/#organization\",\"name\":\"Antaris QSC\",\"url\":\"https:\\\/\\\/antaris.az\\\/\",\"logo\":{\"@type\":\"ImageObject\",\"inLanguage\":\"ru-RU\",\"@id\":\"https:\\\/\\\/antaris.az\\\/#\\\/schema\\\/logo\\\/image\\\/\",\"url\":\"https:\\\/\\\/antaris.az\\\/wp-content\\\/uploads\\\/2025\\\/03\\\/Antaris-logo.png\",\"contentUrl\":\"https:\\\/\\\/antaris.az\\\/wp-content\\\/uploads\\\/2025\\\/03\\\/Antaris-logo.png\",\"width\":500,\"height\":500,\"caption\":\"Antaris QSC\"},\"image\":{\"@id\":\"https:\\\/\\\/antaris.az\\\/#\\\/schema\\\/logo\\\/image\\\/\"},\"sameAs\":[\"https:\\\/\\\/www.facebook.com\\\/antaris.az\\\/\",\"https:\\\/\\\/www.instagram.com\\\/antaris.az\\\/\"]}]}<\/script>\n<!-- \/ Yoast SEO plugin. -->","yoast_head_json":{"title":"\u00c7anta Gabol 113446-026 Zambia - Antaris","robots":{"index":"index","follow":"follow","max-snippet":"max-snippet:-1","max-image-preview":"max-image-preview:large","max-video-preview":"max-video-preview:-1"},"canonical":"https:\/\/antaris.az\/ru\/m\u0259hsul\/gabol-113446-026-zambia\/","og_locale":"ru_RU","og_type":"article","og_title":"\u00c7anta Gabol 113446-026 Zambia - Antaris","og_description":"\u00d6l\u00e7\u00fc: 41x69x26 sm \u00c7\u0259ki: 3.2 kg R\u0259ng: B\u0259n\u00f6v\u015f\u0259yi \u0130stehsal\u00e7\u0131 m\u0259hsul kodu:113446-026 Ticar\u0259t markas\u0131:Gabol \u0130stehsal\u00e7\u0131 \u00f6lk\u0259: \u0130spaniya","og_url":"https:\/\/antaris.az\/ru\/m\u0259hsul\/gabol-113446-026-zambia\/","og_site_name":"Antaris","article_publisher":"https:\/\/www.facebook.com\/antaris.az\/","article_modified_time":"2024-11-26T11:34:17+00:00","og_image":[{"width":800,"height":800,"url":"https:\/\/antaris.az\/wp-content\/uploads\/2023\/04\/Gabol-113446-026-wep-1.webp","type":"image\/webp"}],"schema":{"@context":"https:\/\/schema.org","@graph":[{"@type":"WebPage","@id":"https:\/\/antaris.az\/m\u0259hsul\/gabol-113446-026-zambia\/","url":"https:\/\/antaris.az\/m\u0259hsul\/gabol-113446-026-zambia\/","name":"\u00c7anta Gabol 113446-026 Zambia - Antaris","isPartOf":{"@id":"https:\/\/antaris.az\/#website"},"primaryImageOfPage":{"@id":"https:\/\/antaris.az\/m\u0259hsul\/gabol-113446-026-zambia\/#primaryimage"},"image":{"@id":"https:\/\/antaris.az\/m\u0259hsul\/gabol-113446-026-zambia\/#primaryimage"},"thumbnailUrl":"https:\/\/antaris.az\/wp-content\/uploads\/2023\/04\/Gabol-113446-026-wep-1.webp","datePublished":"2023-04-04T13:04:06+00:00","dateModified":"2024-11-26T11:34:17+00:00","breadcrumb":{"@id":"https:\/\/antaris.az\/m\u0259hsul\/gabol-113446-026-zambia\/#breadcrumb"},"inLanguage":"ru-RU","potentialAction":[{"@type":"ReadAction","target":["https:\/\/antaris.az\/m\u0259hsul\/gabol-113446-026-zambia\/"]}]},{"@type":"ImageObject","inLanguage":"ru-RU","@id":"https:\/\/antaris.az\/m\u0259hsul\/gabol-113446-026-zambia\/#primaryimage","url":"https:\/\/antaris.az\/wp-content\/uploads\/2023\/04\/Gabol-113446-026-wep-1.webp","contentUrl":"https:\/\/antaris.az\/wp-content\/uploads\/2023\/04\/Gabol-113446-026-wep-1.webp","width":800,"height":800,"caption":"S\u0259yah\u0259t \u00fc\u00e7\u00fcn \u00e7anta"},{"@type":"BreadcrumbList","@id":"https:\/\/antaris.az\/m\u0259hsul\/gabol-113446-026-zambia\/#breadcrumb","itemListElement":[{"@type":"ListItem","position":1,"name":"Home","item":"https:\/\/antaris.az\/"},{"@type":"ListItem","position":2,"name":"Ma\u011faza","item":"https:\/\/antaris.az\/ru\/shop\/"},{"@type":"ListItem","position":3,"name":"\u00c7anta Gabol 113446-026 Zambia"}]},{"@type":"WebSite","@id":"https:\/\/antaris.az\/#website","url":"https:\/\/antaris.az\/","name":"Antaris","description":"Ofis, ev, m\u0259kt\u0259b \u00fc\u00e7\u00fcn h\u0259r \u015fey","publisher":{"@id":"https:\/\/antaris.az\/#organization"},"potentialAction":[{"@type":"SearchAction","target":{"@type":"EntryPoint","urlTemplate":"https:\/\/antaris.az\/?s={search_term_string}"},"query-input":{"@type":"PropertyValueSpecification","valueRequired":true,"valueName":"search_term_string"}}],"inLanguage":"ru-RU"},{"@type":"Organization","@id":"https:\/\/antaris.az\/#organization","name":"\u0410\u043d\u0442\u0430\u0440\u0438\u0441 \u0417\u0410\u041e","url":"https:\/\/antaris.az\/","logo":{"@type":"ImageObject","inLanguage":"ru-RU","@id":"https:\/\/antaris.az\/#\/schema\/logo\/image\/","url":"https:\/\/antaris.az\/wp-content\/uploads\/2025\/03\/Antaris-logo.png","contentUrl":"https:\/\/antaris.az\/wp-content\/uploads\/2025\/03\/Antaris-logo.png","width":500,"height":500,"caption":"Antaris QSC"},"image":{"@id":"https:\/\/antaris.az\/#\/schema\/logo\/image\/"},"sameAs":["https:\/\/www.facebook.com\/antaris.az\/","https:\/\/www.instagram.com\/antaris.az\/"]}]}},"_links":{"self":[{"href":"https:\/\/antaris.az\/ru\/wp-json\/wp\/v2\/product\/92753","targetHints":{"allow":["GET"]}}],"collection":[{"href":"https:\/\/antaris.az\/ru\/wp-json\/wp\/v2\/product"}],"about":[{"href":"https:\/\/antaris.az\/ru\/wp-json\/wp\/v2\/types\/product"}],"version-history":[{"count":0,"href":"https:\/\/antaris.az\/ru\/wp-json\/wp\/v2\/product\/92753\/revisions"}],"wp:featuredmedia":[{"embeddable":true,"href":"https:\/\/antaris.az\/ru\/wp-json\/wp\/v2\/media\/92794"}],"wp:attachment":[{"href":"https:\/\/antaris.az\/ru\/wp-json\/wp\/v2\/media?parent=92753"}],"wp:term":[{"taxonomy":"product_brand","embeddable":true,"href":"https:\/\/antaris.az\/ru\/wp-json\/wp\/v2\/product_brand?post=92753"},{"taxonomy":"product_cat","embeddable":true,"href":"https:\/\/antaris.az\/ru\/wp-json\/wp\/v2\/product_cat?post=92753"},{"taxonomy":"product_tag","embeddable":true,"href":"https:\/\/antaris.az\/ru\/wp-json\/wp\/v2\/product_tag?post=92753"}],"curies":[{"name":"wp","href":"https:\/\/api.w.org\/{rel}","templated":true}]}}