{"id":9213,"date":"2020-05-11T16:43:02","date_gmt":"2020-05-11T13:43:02","guid":{"rendered":"http:\/\/www2.antaris.az\/?post_type=product&#038;p=9213"},"modified":"2025-02-26T18:17:34","modified_gmt":"2025-02-26T14:17:34","slug":"karandas-mexaniki-05mm-fine-variol","status":"publish","type":"product","link":"https:\/\/antaris.az\/ru\/m\u0259hsul\/karandas-mexaniki-05mm-fine-variol\/","title":{"rendered":"Karanda\u015f mexaniki 135500 TK-F\u0130NE VAR\u0130O Faber-Castell Design"},"content":{"rendered":"<p>Brend Faber-Castell Almaniya istehsal\u0131d\u0131r, hal haz\u0131rda olan mexaniki q\u0259l\u0259m iki v\u0259 \u00fc\u00e7 yed\u0259k q\u0259bul ed\u0259 bilir, tutacaq hiss\u0259 paslanmayan poladdan haz\u0131rlan\u0131b v\u0259 qrifel t\u0259zyiq\u0259 davaml\u0131 oldu\u011fundan q\u0131r\u0131lm\u0131r. Cibd\u0259 g\u0259zdirm\u0259k \u00fc\u00e7\u00fcn \u00e7ox rahatd\u0131r \u0259lav\u0259 olaraq pozan yerl\u0259\u015fdirilib, r\u0259smx\u0259t \u00fc\u00e7\u00fcn v\u0259 dig\u0259r layih\u0259l\u0259ri i\u015fl\u0259m\u0259k \u00fc\u00e7\u00fcn \u00e7ox ideald\u0131r, uzun m\u00fcdd\u0259tli istifad\u0259d\u0259 barmaqlar\u0131 yormur v\u0259 m\u0259hsulun t\u0259rkibind\u0259 z\u0259h\u0259rli madd\u0259l\u0259r yoxdur. Nazik x\u0259tt yaratmaq \u00fc\u00e7\u00fcn bu q\u0259l\u0259m ideal se\u00e7imdir.<\/p>\n<p>&nbsp;<\/p>","protected":false},"excerpt":{"rendered":"<p>Q\u0259l\u0259m: Mexaniki\/Pozanla<br \/>\nUcluq: 0,5mm<br \/>\nQrifel: Q\u0131r\u0131lmayan<br \/>\nR\u0259ngi: Boz<br \/>\n\u0130stehsal\u00e7\u0131 m\u0259hsul kodu: 135500<br \/>\nTicar\u0259t markas\u0131: Faber-Castell<br \/>\n\u0130stehsal \u00f6lk\u0259si: Almaniya<\/p>","protected":false},"featured_media":9214,"template":"","meta":{"_joinchat":[]},"product_brand":[],"product_cat":[527],"product_tag":[],"class_list":{"0":"post-9213","1":"product","2":"type-product","3":"status-publish","4":"has-post-thumbnail","6":"product_cat-mexaniki-qlmlr","7":"pa_brand-faber-castell","9":"first","10":"instock","11":"shipping-taxable","12":"purchasable","13":"product-type-simple"},"yoast_head":"<!-- This site is optimized with the Yoast SEO plugin v27.4 - https:\/\/yoast.com\/product\/yoast-seo-wordpress\/ -->\n<title>Karanda\u015f mexaniki 135500 TK-F\u0130NE VAR\u0130O Faber-Castell Design - Antaris<\/title>\n<meta name=\"robots\" content=\"index, follow, max-snippet:-1, max-image-preview:large, max-video-preview:-1\" \/>\n<link rel=\"canonical\" href=\"https:\/\/antaris.az\/ru\/m\u0259hsul\/karandas-mexaniki-05mm-fine-variol\/\" \/>\n<meta property=\"og:locale\" content=\"ru_RU\" \/>\n<meta property=\"og:type\" content=\"article\" \/>\n<meta property=\"og:title\" content=\"Karanda\u015f mexaniki 135500 TK-F\u0130NE VAR\u0130O Faber-Castell Design - Antaris\" \/>\n<meta property=\"og:description\" content=\"Q\u0259l\u0259m: Mexaniki\/Pozanla Ucluq: 0,5mm Qrifel: Q\u0131r\u0131lmayan R\u0259ngi: Boz \u0130stehsal\u00e7\u0131 m\u0259hsul kodu: 135500 Ticar\u0259t markas\u0131: Faber-Castell \u0130stehsal \u00f6lk\u0259si: Almaniya\" \/>\n<meta property=\"og:url\" content=\"https:\/\/antaris.az\/ru\/m\u0259hsul\/karandas-mexaniki-05mm-fine-variol\/\" \/>\n<meta property=\"og:site_name\" content=\"Antaris\" \/>\n<meta property=\"article:publisher\" content=\"https:\/\/www.facebook.com\/antaris.az\/\" \/>\n<meta property=\"article:modified_time\" content=\"2025-02-26T14:17:34+00:00\" \/>\n<meta property=\"og:image\" content=\"https:\/\/antaris.az\/wp-content\/uploads\/2020\/05\/AN-00-00022440-Karanda\u015f-mexaniki-05mm-FINE-VARIOl-135500.jpg\" \/>\n\t<meta property=\"og:image:width\" content=\"800\" \/>\n\t<meta property=\"og:image:height\" content=\"800\" \/>\n\t<meta property=\"og:image:type\" content=\"image\/jpeg\" \/>\n<script type=\"application\/ld+json\" class=\"yoast-schema-graph\">{\"@context\":\"https:\\\/\\\/schema.org\",\"@graph\":[{\"@type\":\"WebPage\",\"@id\":\"https:\\\/\\\/antaris.az\\\/m\u0259hsul\\\/karandas-mexaniki-05mm-fine-variol\\\/\",\"url\":\"https:\\\/\\\/antaris.az\\\/m\u0259hsul\\\/karandas-mexaniki-05mm-fine-variol\\\/\",\"name\":\"Karanda\u015f mexaniki 135500 TK-F\u0130NE VAR\u0130O Faber-Castell Design - Antaris\",\"isPartOf\":{\"@id\":\"https:\\\/\\\/antaris.az\\\/#website\"},\"primaryImageOfPage\":{\"@id\":\"https:\\\/\\\/antaris.az\\\/m\u0259hsul\\\/karandas-mexaniki-05mm-fine-variol\\\/#primaryimage\"},\"image\":{\"@id\":\"https:\\\/\\\/antaris.az\\\/m\u0259hsul\\\/karandas-mexaniki-05mm-fine-variol\\\/#primaryimage\"},\"thumbnailUrl\":\"https:\\\/\\\/antaris.az\\\/wp-content\\\/uploads\\\/2020\\\/05\\\/AN-00-00022440-Karanda\u015f-mexaniki-05mm-FINE-VARIOl-135500.jpg\",\"datePublished\":\"2020-05-11T13:43:02+00:00\",\"dateModified\":\"2025-02-26T14:17:34+00:00\",\"breadcrumb\":{\"@id\":\"https:\\\/\\\/antaris.az\\\/m\u0259hsul\\\/karandas-mexaniki-05mm-fine-variol\\\/#breadcrumb\"},\"inLanguage\":\"ru-RU\",\"potentialAction\":[{\"@type\":\"ReadAction\",\"target\":[\"https:\\\/\\\/antaris.az\\\/m\u0259hsul\\\/karandas-mexaniki-05mm-fine-variol\\\/\"]}]},{\"@type\":\"ImageObject\",\"inLanguage\":\"ru-RU\",\"@id\":\"https:\\\/\\\/antaris.az\\\/m\u0259hsul\\\/karandas-mexaniki-05mm-fine-variol\\\/#primaryimage\",\"url\":\"https:\\\/\\\/antaris.az\\\/wp-content\\\/uploads\\\/2020\\\/05\\\/AN-00-00022440-Karanda\u015f-mexaniki-05mm-FINE-VARIOl-135500.jpg\",\"contentUrl\":\"https:\\\/\\\/antaris.az\\\/wp-content\\\/uploads\\\/2020\\\/05\\\/AN-00-00022440-Karanda\u015f-mexaniki-05mm-FINE-VARIOl-135500.jpg\",\"width\":800,\"height\":800,\"caption\":\"TK-Fine Vario L mechanical pencil, 0.5 mm\"},{\"@type\":\"BreadcrumbList\",\"@id\":\"https:\\\/\\\/antaris.az\\\/m\u0259hsul\\\/karandas-mexaniki-05mm-fine-variol\\\/#breadcrumb\",\"itemListElement\":[{\"@type\":\"ListItem\",\"position\":1,\"name\":\"Home\",\"item\":\"https:\\\/\\\/antaris.az\\\/\"},{\"@type\":\"ListItem\",\"position\":2,\"name\":\"Ma\u011faza\",\"item\":\"https:\\\/\\\/antaris.az\\\/ru\\\/shop\\\/\"},{\"@type\":\"ListItem\",\"position\":3,\"name\":\"Karanda\u015f mexaniki 135500 TK-F\u0130NE VAR\u0130O Faber-Castell Design\"}]},{\"@type\":\"WebSite\",\"@id\":\"https:\\\/\\\/antaris.az\\\/#website\",\"url\":\"https:\\\/\\\/antaris.az\\\/\",\"name\":\"Antaris\",\"description\":\"Ofis, ev, m\u0259kt\u0259b \u00fc\u00e7\u00fcn h\u0259r \u015fey\",\"publisher\":{\"@id\":\"https:\\\/\\\/antaris.az\\\/#organization\"},\"potentialAction\":[{\"@type\":\"SearchAction\",\"target\":{\"@type\":\"EntryPoint\",\"urlTemplate\":\"https:\\\/\\\/antaris.az\\\/?s={search_term_string}\"},\"query-input\":{\"@type\":\"PropertyValueSpecification\",\"valueRequired\":true,\"valueName\":\"search_term_string\"}}],\"inLanguage\":\"ru-RU\"},{\"@type\":\"Organization\",\"@id\":\"https:\\\/\\\/antaris.az\\\/#organization\",\"name\":\"Antaris QSC\",\"url\":\"https:\\\/\\\/antaris.az\\\/\",\"logo\":{\"@type\":\"ImageObject\",\"inLanguage\":\"ru-RU\",\"@id\":\"https:\\\/\\\/antaris.az\\\/#\\\/schema\\\/logo\\\/image\\\/\",\"url\":\"https:\\\/\\\/antaris.az\\\/wp-content\\\/uploads\\\/2025\\\/03\\\/Antaris-logo.png\",\"contentUrl\":\"https:\\\/\\\/antaris.az\\\/wp-content\\\/uploads\\\/2025\\\/03\\\/Antaris-logo.png\",\"width\":500,\"height\":500,\"caption\":\"Antaris QSC\"},\"image\":{\"@id\":\"https:\\\/\\\/antaris.az\\\/#\\\/schema\\\/logo\\\/image\\\/\"},\"sameAs\":[\"https:\\\/\\\/www.facebook.com\\\/antaris.az\\\/\",\"https:\\\/\\\/www.instagram.com\\\/antaris.az\\\/\"]}]}<\/script>\n<!-- \/ Yoast SEO plugin. -->","yoast_head_json":{"title":"Karanda\u015f mexaniki 135500 TK-F\u0130NE VAR\u0130O Faber-Castell Design - Antaris","robots":{"index":"index","follow":"follow","max-snippet":"max-snippet:-1","max-image-preview":"max-image-preview:large","max-video-preview":"max-video-preview:-1"},"canonical":"https:\/\/antaris.az\/ru\/m\u0259hsul\/karandas-mexaniki-05mm-fine-variol\/","og_locale":"ru_RU","og_type":"article","og_title":"Karanda\u015f mexaniki 135500 TK-F\u0130NE VAR\u0130O Faber-Castell Design - Antaris","og_description":"Q\u0259l\u0259m: Mexaniki\/Pozanla Ucluq: 0,5mm Qrifel: Q\u0131r\u0131lmayan R\u0259ngi: Boz \u0130stehsal\u00e7\u0131 m\u0259hsul kodu: 135500 Ticar\u0259t markas\u0131: Faber-Castell \u0130stehsal \u00f6lk\u0259si: Almaniya","og_url":"https:\/\/antaris.az\/ru\/m\u0259hsul\/karandas-mexaniki-05mm-fine-variol\/","og_site_name":"Antaris","article_publisher":"https:\/\/www.facebook.com\/antaris.az\/","article_modified_time":"2025-02-26T14:17:34+00:00","og_image":[{"width":800,"height":800,"url":"https:\/\/antaris.az\/wp-content\/uploads\/2020\/05\/AN-00-00022440-Karanda\u015f-mexaniki-05mm-FINE-VARIOl-135500.jpg","type":"image\/jpeg"}],"schema":{"@context":"https:\/\/schema.org","@graph":[{"@type":"WebPage","@id":"https:\/\/antaris.az\/m\u0259hsul\/karandas-mexaniki-05mm-fine-variol\/","url":"https:\/\/antaris.az\/m\u0259hsul\/karandas-mexaniki-05mm-fine-variol\/","name":"Karanda\u015f mexaniki 135500 TK-F\u0130NE VAR\u0130O Faber-Castell Design - Antaris","isPartOf":{"@id":"https:\/\/antaris.az\/#website"},"primaryImageOfPage":{"@id":"https:\/\/antaris.az\/m\u0259hsul\/karandas-mexaniki-05mm-fine-variol\/#primaryimage"},"image":{"@id":"https:\/\/antaris.az\/m\u0259hsul\/karandas-mexaniki-05mm-fine-variol\/#primaryimage"},"thumbnailUrl":"https:\/\/antaris.az\/wp-content\/uploads\/2020\/05\/AN-00-00022440-Karanda\u015f-mexaniki-05mm-FINE-VARIOl-135500.jpg","datePublished":"2020-05-11T13:43:02+00:00","dateModified":"2025-02-26T14:17:34+00:00","breadcrumb":{"@id":"https:\/\/antaris.az\/m\u0259hsul\/karandas-mexaniki-05mm-fine-variol\/#breadcrumb"},"inLanguage":"ru-RU","potentialAction":[{"@type":"ReadAction","target":["https:\/\/antaris.az\/m\u0259hsul\/karandas-mexaniki-05mm-fine-variol\/"]}]},{"@type":"ImageObject","inLanguage":"ru-RU","@id":"https:\/\/antaris.az\/m\u0259hsul\/karandas-mexaniki-05mm-fine-variol\/#primaryimage","url":"https:\/\/antaris.az\/wp-content\/uploads\/2020\/05\/AN-00-00022440-Karanda\u015f-mexaniki-05mm-FINE-VARIOl-135500.jpg","contentUrl":"https:\/\/antaris.az\/wp-content\/uploads\/2020\/05\/AN-00-00022440-Karanda\u015f-mexaniki-05mm-FINE-VARIOl-135500.jpg","width":800,"height":800,"caption":"TK-Fine Vario L mechanical pencil, 0.5 mm"},{"@type":"BreadcrumbList","@id":"https:\/\/antaris.az\/m\u0259hsul\/karandas-mexaniki-05mm-fine-variol\/#breadcrumb","itemListElement":[{"@type":"ListItem","position":1,"name":"Home","item":"https:\/\/antaris.az\/"},{"@type":"ListItem","position":2,"name":"Ma\u011faza","item":"https:\/\/antaris.az\/ru\/shop\/"},{"@type":"ListItem","position":3,"name":"Karanda\u015f mexaniki 135500 TK-F\u0130NE VAR\u0130O Faber-Castell Design"}]},{"@type":"WebSite","@id":"https:\/\/antaris.az\/#website","url":"https:\/\/antaris.az\/","name":"Antaris","description":"Ofis, ev, m\u0259kt\u0259b \u00fc\u00e7\u00fcn h\u0259r \u015fey","publisher":{"@id":"https:\/\/antaris.az\/#organization"},"potentialAction":[{"@type":"SearchAction","target":{"@type":"EntryPoint","urlTemplate":"https:\/\/antaris.az\/?s={search_term_string}"},"query-input":{"@type":"PropertyValueSpecification","valueRequired":true,"valueName":"search_term_string"}}],"inLanguage":"ru-RU"},{"@type":"Organization","@id":"https:\/\/antaris.az\/#organization","name":"\u0410\u043d\u0442\u0430\u0440\u0438\u0441 \u0417\u0410\u041e","url":"https:\/\/antaris.az\/","logo":{"@type":"ImageObject","inLanguage":"ru-RU","@id":"https:\/\/antaris.az\/#\/schema\/logo\/image\/","url":"https:\/\/antaris.az\/wp-content\/uploads\/2025\/03\/Antaris-logo.png","contentUrl":"https:\/\/antaris.az\/wp-content\/uploads\/2025\/03\/Antaris-logo.png","width":500,"height":500,"caption":"Antaris QSC"},"image":{"@id":"https:\/\/antaris.az\/#\/schema\/logo\/image\/"},"sameAs":["https:\/\/www.facebook.com\/antaris.az\/","https:\/\/www.instagram.com\/antaris.az\/"]}]}},"_links":{"self":[{"href":"https:\/\/antaris.az\/ru\/wp-json\/wp\/v2\/product\/9213","targetHints":{"allow":["GET"]}}],"collection":[{"href":"https:\/\/antaris.az\/ru\/wp-json\/wp\/v2\/product"}],"about":[{"href":"https:\/\/antaris.az\/ru\/wp-json\/wp\/v2\/types\/product"}],"version-history":[{"count":0,"href":"https:\/\/antaris.az\/ru\/wp-json\/wp\/v2\/product\/9213\/revisions"}],"wp:featuredmedia":[{"embeddable":true,"href":"https:\/\/antaris.az\/ru\/wp-json\/wp\/v2\/media\/9214"}],"wp:attachment":[{"href":"https:\/\/antaris.az\/ru\/wp-json\/wp\/v2\/media?parent=9213"}],"wp:term":[{"taxonomy":"product_brand","embeddable":true,"href":"https:\/\/antaris.az\/ru\/wp-json\/wp\/v2\/product_brand?post=9213"},{"taxonomy":"product_cat","embeddable":true,"href":"https:\/\/antaris.az\/ru\/wp-json\/wp\/v2\/product_cat?post=9213"},{"taxonomy":"product_tag","embeddable":true,"href":"https:\/\/antaris.az\/ru\/wp-json\/wp\/v2\/product_tag?post=9213"}],"curies":[{"name":"wp","href":"https:\/\/api.w.org\/{rel}","templated":true}]}}