{"id":92101,"date":"2023-03-10T10:44:42","date_gmt":"2023-03-10T07:44:42","guid":{"rendered":"http:\/\/www2.antaris.az\/?post_type=product&#038;p=92101"},"modified":"2024-11-26T15:34:32","modified_gmt":"2024-11-26T11:34:32","slug":"klaviatura-komp-ucun-bluetooth-qara-grundig","status":"publish","type":"product","link":"https:\/\/antaris.az\/ru\/m\u0259hsul\/klaviatura-komp-ucun-bluetooth-qara-grundig\/","title":{"rendered":"Klaviatura komp \u00fc\u00e7\u00fcn bluetooth qara Grundig"},"content":{"rendered":"<p>USB adapter vasit\u0259sil\u0259 komp\u00fcter\u0259 v\u0259 ya smart televizora s\u00fcr\u0259tli v\u0259 asan qo\u015fulma. 2.4GhZ. \u018flav\u0259 s\u00fcr\u00fcc\u00fcl\u0259rin qura\u015fd\u0131r\u0131lmas\u0131na ehtiyac yoxdur. D\u0259bd\u0259b\u0259li v\u0259 erqonomik dizayn. H\u0259m ofis, h\u0259m d\u0259 ev istifad\u0259si \u00fc\u00e7\u00fcn uy\u011fundur. Tez daxil olmaq \u00fc\u00e7\u00fcn 17 funksiya d\u00fcym\u0259si. 8 multimedia d\u00fcym\u0259si. BDS Kirill\u0259\u015fdirilm\u0259si. Y\u00fcks\u0259k keyfiyy\u0259tli alman s\u0259n\u0259tkarl\u0131\u011f\u0131. Mavi LED arxa i\u015f\u0131\u011f\u0131 &#8211; batareya v\u0259ziyy\u0259tinin g\u00f6st\u0259ricisi. 2 AAA batareya il\u0259 i\u015fl\u0259m\u0259 (daxil deyil).<\/p>","protected":false},"excerpt":{"rendered":"<p>Qo\u015fulma: simsiz<br \/>\nD\u00fcym\u0259 say\u0131: 17 funksiya d\u00fcym\u0259si.,8 multimedia d\u00fcym\u0259si<br \/>\n\u00d6l\u00e7\u00fcl\u0259ri: 210x30x490mm<br \/>\n\u00c7\u0259ki: 830 qr<br \/>\n\u0130stehsal\u00e7\u0131 m\u0259hsul kodu: 72848<br \/>\nTicar\u0259t markas\u0131: Grundig<br \/>\n\u0130stehsal\u00e7\u0131 \u00f6lk\u0259: Almaniya<\/p>","protected":false},"featured_media":92102,"template":"","meta":{"_joinchat":[]},"product_brand":[],"product_cat":[184,398],"product_tag":[2163,2162],"class_list":{"0":"post-92101","1":"product","2":"type-product","3":"status-publish","4":"has-post-thumbnail","6":"product_cat-avadanliq","7":"product_cat-komputer-aksessuarlari","8":"product_tag-keyboard","9":"product_tag-klaviatura","11":"first","12":"instock","13":"shipping-taxable","14":"purchasable","15":"product-type-simple"},"yoast_head":"<!-- This site is optimized with the Yoast SEO plugin v27.5 - https:\/\/yoast.com\/product\/yoast-seo-wordpress\/ -->\n<title>Klaviatura komp \u00fc\u00e7\u00fcn bluetooth qara Grundig - Antaris<\/title>\n<meta name=\"robots\" content=\"index, follow, max-snippet:-1, max-image-preview:large, max-video-preview:-1\" \/>\n<link rel=\"canonical\" href=\"https:\/\/antaris.az\/ru\/m\u0259hsul\/klaviatura-komp-ucun-bluetooth-qara-grundig\/\" \/>\n<meta property=\"og:locale\" content=\"ru_RU\" \/>\n<meta property=\"og:type\" content=\"article\" \/>\n<meta property=\"og:title\" content=\"Klaviatura komp \u00fc\u00e7\u00fcn bluetooth qara Grundig - Antaris\" \/>\n<meta property=\"og:description\" content=\"Qo\u015fulma: simsiz D\u00fcym\u0259 say\u0131: 17 funksiya d\u00fcym\u0259si.,8 multimedia d\u00fcym\u0259si \u00d6l\u00e7\u00fcl\u0259ri: 210x30x490mm \u00c7\u0259ki: 830 qr \u0130stehsal\u00e7\u0131 m\u0259hsul kodu: 72848 Ticar\u0259t markas\u0131: Grundig \u0130stehsal\u00e7\u0131 \u00f6lk\u0259: Almaniya\" \/>\n<meta property=\"og:url\" content=\"https:\/\/antaris.az\/ru\/m\u0259hsul\/klaviatura-komp-ucun-bluetooth-qara-grundig\/\" \/>\n<meta property=\"og:site_name\" content=\"Antaris\" \/>\n<meta property=\"article:publisher\" content=\"https:\/\/www.facebook.com\/antaris.az\/\" \/>\n<meta property=\"article:modified_time\" content=\"2024-11-26T11:34:32+00:00\" \/>\n<meta property=\"og:image\" content=\"https:\/\/antaris.az\/wp-content\/uploads\/2023\/03\/72848-Grundig-1-wep.webp\" \/>\n\t<meta property=\"og:image:width\" content=\"800\" \/>\n\t<meta property=\"og:image:height\" content=\"800\" \/>\n\t<meta property=\"og:image:type\" content=\"image\/webp\" \/>\n<script type=\"application\/ld+json\" class=\"yoast-schema-graph\">{\"@context\":\"https:\\\/\\\/schema.org\",\"@graph\":[{\"@type\":\"WebPage\",\"@id\":\"https:\\\/\\\/antaris.az\\\/m\u0259hsul\\\/klaviatura-komp-ucun-bluetooth-qara-grundig\\\/\",\"url\":\"https:\\\/\\\/antaris.az\\\/m\u0259hsul\\\/klaviatura-komp-ucun-bluetooth-qara-grundig\\\/\",\"name\":\"Klaviatura komp \u00fc\u00e7\u00fcn bluetooth qara Grundig - Antaris\",\"isPartOf\":{\"@id\":\"https:\\\/\\\/antaris.az\\\/#website\"},\"primaryImageOfPage\":{\"@id\":\"https:\\\/\\\/antaris.az\\\/m\u0259hsul\\\/klaviatura-komp-ucun-bluetooth-qara-grundig\\\/#primaryimage\"},\"image\":{\"@id\":\"https:\\\/\\\/antaris.az\\\/m\u0259hsul\\\/klaviatura-komp-ucun-bluetooth-qara-grundig\\\/#primaryimage\"},\"thumbnailUrl\":\"https:\\\/\\\/antaris.az\\\/wp-content\\\/uploads\\\/2023\\\/03\\\/72848-Grundig-1-wep.webp\",\"datePublished\":\"2023-03-10T07:44:42+00:00\",\"dateModified\":\"2024-11-26T11:34:32+00:00\",\"breadcrumb\":{\"@id\":\"https:\\\/\\\/antaris.az\\\/m\u0259hsul\\\/klaviatura-komp-ucun-bluetooth-qara-grundig\\\/#breadcrumb\"},\"inLanguage\":\"ru-RU\",\"potentialAction\":[{\"@type\":\"ReadAction\",\"target\":[\"https:\\\/\\\/antaris.az\\\/m\u0259hsul\\\/klaviatura-komp-ucun-bluetooth-qara-grundig\\\/\"]}]},{\"@type\":\"ImageObject\",\"inLanguage\":\"ru-RU\",\"@id\":\"https:\\\/\\\/antaris.az\\\/m\u0259hsul\\\/klaviatura-komp-ucun-bluetooth-qara-grundig\\\/#primaryimage\",\"url\":\"https:\\\/\\\/antaris.az\\\/wp-content\\\/uploads\\\/2023\\\/03\\\/72848-Grundig-1-wep.webp\",\"contentUrl\":\"https:\\\/\\\/antaris.az\\\/wp-content\\\/uploads\\\/2023\\\/03\\\/72848-Grundig-1-wep.webp\",\"width\":800,\"height\":800,\"caption\":\"Klaviatura\"},{\"@type\":\"BreadcrumbList\",\"@id\":\"https:\\\/\\\/antaris.az\\\/m\u0259hsul\\\/klaviatura-komp-ucun-bluetooth-qara-grundig\\\/#breadcrumb\",\"itemListElement\":[{\"@type\":\"ListItem\",\"position\":1,\"name\":\"Home\",\"item\":\"https:\\\/\\\/antaris.az\\\/\"},{\"@type\":\"ListItem\",\"position\":2,\"name\":\"Ma\u011faza\",\"item\":\"https:\\\/\\\/antaris.az\\\/ru\\\/shop\\\/\"},{\"@type\":\"ListItem\",\"position\":3,\"name\":\"Klaviatura komp \u00fc\u00e7\u00fcn bluetooth qara Grundig\"}]},{\"@type\":\"WebSite\",\"@id\":\"https:\\\/\\\/antaris.az\\\/#website\",\"url\":\"https:\\\/\\\/antaris.az\\\/\",\"name\":\"Antaris\",\"description\":\"Ofis, ev, m\u0259kt\u0259b \u00fc\u00e7\u00fcn h\u0259r \u015fey\",\"publisher\":{\"@id\":\"https:\\\/\\\/antaris.az\\\/#organization\"},\"potentialAction\":[{\"@type\":\"SearchAction\",\"target\":{\"@type\":\"EntryPoint\",\"urlTemplate\":\"https:\\\/\\\/antaris.az\\\/?s={search_term_string}\"},\"query-input\":{\"@type\":\"PropertyValueSpecification\",\"valueRequired\":true,\"valueName\":\"search_term_string\"}}],\"inLanguage\":\"ru-RU\"},{\"@type\":\"Organization\",\"@id\":\"https:\\\/\\\/antaris.az\\\/#organization\",\"name\":\"Antaris QSC\",\"url\":\"https:\\\/\\\/antaris.az\\\/\",\"logo\":{\"@type\":\"ImageObject\",\"inLanguage\":\"ru-RU\",\"@id\":\"https:\\\/\\\/antaris.az\\\/#\\\/schema\\\/logo\\\/image\\\/\",\"url\":\"https:\\\/\\\/antaris.az\\\/wp-content\\\/uploads\\\/2025\\\/03\\\/Antaris-logo.png\",\"contentUrl\":\"https:\\\/\\\/antaris.az\\\/wp-content\\\/uploads\\\/2025\\\/03\\\/Antaris-logo.png\",\"width\":500,\"height\":500,\"caption\":\"Antaris QSC\"},\"image\":{\"@id\":\"https:\\\/\\\/antaris.az\\\/#\\\/schema\\\/logo\\\/image\\\/\"},\"sameAs\":[\"https:\\\/\\\/www.facebook.com\\\/antaris.az\\\/\",\"https:\\\/\\\/www.instagram.com\\\/antaris.az\\\/\"]}]}<\/script>\n<!-- \/ Yoast SEO plugin. -->","yoast_head_json":{"title":"Klaviatura komp \u00fc\u00e7\u00fcn bluetooth qara Grundig - Antaris","robots":{"index":"index","follow":"follow","max-snippet":"max-snippet:-1","max-image-preview":"max-image-preview:large","max-video-preview":"max-video-preview:-1"},"canonical":"https:\/\/antaris.az\/ru\/m\u0259hsul\/klaviatura-komp-ucun-bluetooth-qara-grundig\/","og_locale":"ru_RU","og_type":"article","og_title":"Klaviatura komp \u00fc\u00e7\u00fcn bluetooth qara Grundig - Antaris","og_description":"Qo\u015fulma: simsiz D\u00fcym\u0259 say\u0131: 17 funksiya d\u00fcym\u0259si.,8 multimedia d\u00fcym\u0259si \u00d6l\u00e7\u00fcl\u0259ri: 210x30x490mm \u00c7\u0259ki: 830 qr \u0130stehsal\u00e7\u0131 m\u0259hsul kodu: 72848 Ticar\u0259t markas\u0131: Grundig \u0130stehsal\u00e7\u0131 \u00f6lk\u0259: Almaniya","og_url":"https:\/\/antaris.az\/ru\/m\u0259hsul\/klaviatura-komp-ucun-bluetooth-qara-grundig\/","og_site_name":"Antaris","article_publisher":"https:\/\/www.facebook.com\/antaris.az\/","article_modified_time":"2024-11-26T11:34:32+00:00","og_image":[{"width":800,"height":800,"url":"https:\/\/antaris.az\/wp-content\/uploads\/2023\/03\/72848-Grundig-1-wep.webp","type":"image\/webp"}],"schema":{"@context":"https:\/\/schema.org","@graph":[{"@type":"WebPage","@id":"https:\/\/antaris.az\/m\u0259hsul\/klaviatura-komp-ucun-bluetooth-qara-grundig\/","url":"https:\/\/antaris.az\/m\u0259hsul\/klaviatura-komp-ucun-bluetooth-qara-grundig\/","name":"Klaviatura komp \u00fc\u00e7\u00fcn bluetooth qara Grundig - Antaris","isPartOf":{"@id":"https:\/\/antaris.az\/#website"},"primaryImageOfPage":{"@id":"https:\/\/antaris.az\/m\u0259hsul\/klaviatura-komp-ucun-bluetooth-qara-grundig\/#primaryimage"},"image":{"@id":"https:\/\/antaris.az\/m\u0259hsul\/klaviatura-komp-ucun-bluetooth-qara-grundig\/#primaryimage"},"thumbnailUrl":"https:\/\/antaris.az\/wp-content\/uploads\/2023\/03\/72848-Grundig-1-wep.webp","datePublished":"2023-03-10T07:44:42+00:00","dateModified":"2024-11-26T11:34:32+00:00","breadcrumb":{"@id":"https:\/\/antaris.az\/m\u0259hsul\/klaviatura-komp-ucun-bluetooth-qara-grundig\/#breadcrumb"},"inLanguage":"ru-RU","potentialAction":[{"@type":"ReadAction","target":["https:\/\/antaris.az\/m\u0259hsul\/klaviatura-komp-ucun-bluetooth-qara-grundig\/"]}]},{"@type":"ImageObject","inLanguage":"ru-RU","@id":"https:\/\/antaris.az\/m\u0259hsul\/klaviatura-komp-ucun-bluetooth-qara-grundig\/#primaryimage","url":"https:\/\/antaris.az\/wp-content\/uploads\/2023\/03\/72848-Grundig-1-wep.webp","contentUrl":"https:\/\/antaris.az\/wp-content\/uploads\/2023\/03\/72848-Grundig-1-wep.webp","width":800,"height":800,"caption":"Klaviatura"},{"@type":"BreadcrumbList","@id":"https:\/\/antaris.az\/m\u0259hsul\/klaviatura-komp-ucun-bluetooth-qara-grundig\/#breadcrumb","itemListElement":[{"@type":"ListItem","position":1,"name":"Home","item":"https:\/\/antaris.az\/"},{"@type":"ListItem","position":2,"name":"Ma\u011faza","item":"https:\/\/antaris.az\/ru\/shop\/"},{"@type":"ListItem","position":3,"name":"Klaviatura komp \u00fc\u00e7\u00fcn bluetooth qara Grundig"}]},{"@type":"WebSite","@id":"https:\/\/antaris.az\/#website","url":"https:\/\/antaris.az\/","name":"Antaris","description":"Ofis, ev, m\u0259kt\u0259b \u00fc\u00e7\u00fcn h\u0259r \u015fey","publisher":{"@id":"https:\/\/antaris.az\/#organization"},"potentialAction":[{"@type":"SearchAction","target":{"@type":"EntryPoint","urlTemplate":"https:\/\/antaris.az\/?s={search_term_string}"},"query-input":{"@type":"PropertyValueSpecification","valueRequired":true,"valueName":"search_term_string"}}],"inLanguage":"ru-RU"},{"@type":"Organization","@id":"https:\/\/antaris.az\/#organization","name":"\u0410\u043d\u0442\u0430\u0440\u0438\u0441 \u0417\u0410\u041e","url":"https:\/\/antaris.az\/","logo":{"@type":"ImageObject","inLanguage":"ru-RU","@id":"https:\/\/antaris.az\/#\/schema\/logo\/image\/","url":"https:\/\/antaris.az\/wp-content\/uploads\/2025\/03\/Antaris-logo.png","contentUrl":"https:\/\/antaris.az\/wp-content\/uploads\/2025\/03\/Antaris-logo.png","width":500,"height":500,"caption":"Antaris QSC"},"image":{"@id":"https:\/\/antaris.az\/#\/schema\/logo\/image\/"},"sameAs":["https:\/\/www.facebook.com\/antaris.az\/","https:\/\/www.instagram.com\/antaris.az\/"]}]}},"_links":{"self":[{"href":"https:\/\/antaris.az\/ru\/wp-json\/wp\/v2\/product\/92101","targetHints":{"allow":["GET"]}}],"collection":[{"href":"https:\/\/antaris.az\/ru\/wp-json\/wp\/v2\/product"}],"about":[{"href":"https:\/\/antaris.az\/ru\/wp-json\/wp\/v2\/types\/product"}],"version-history":[{"count":0,"href":"https:\/\/antaris.az\/ru\/wp-json\/wp\/v2\/product\/92101\/revisions"}],"wp:featuredmedia":[{"embeddable":true,"href":"https:\/\/antaris.az\/ru\/wp-json\/wp\/v2\/media\/92102"}],"wp:attachment":[{"href":"https:\/\/antaris.az\/ru\/wp-json\/wp\/v2\/media?parent=92101"}],"wp:term":[{"taxonomy":"product_brand","embeddable":true,"href":"https:\/\/antaris.az\/ru\/wp-json\/wp\/v2\/product_brand?post=92101"},{"taxonomy":"product_cat","embeddable":true,"href":"https:\/\/antaris.az\/ru\/wp-json\/wp\/v2\/product_cat?post=92101"},{"taxonomy":"product_tag","embeddable":true,"href":"https:\/\/antaris.az\/ru\/wp-json\/wp\/v2\/product_tag?post=92101"}],"curies":[{"name":"wp","href":"https:\/\/api.w.org\/{rel}","templated":true}]}}