{"id":91404,"date":"2023-02-17T11:47:15","date_gmt":"2023-02-17T08:47:15","guid":{"rendered":"http:\/\/www2.antaris.az\/?post_type=product&#038;p=91404"},"modified":"2025-08-06T11:35:25","modified_gmt":"2025-08-06T07:35:25","slug":"skrepka-metal-ucbu%d1%81aq-140154","status":"publish","type":"product","link":"https:\/\/antaris.az\/ru\/m\u0259hsul\/skrepka-metal-ucbu%d1%81aq-140154\/","title":{"rendered":"SKREPKA METAL \u00dc\u00c7BU\u0421AQ 140154"},"content":{"rendered":"","protected":false},"excerpt":{"rendered":"<p>\u00d6l\u00e7\u00fc: 28 mm<br \/>\nSay: 100 \u0259d ( 1 ba\u011flamada)<br \/>\nMaterial: Metal<br \/>\n\u0130stehsal\u00e7\u0131 m\u0259hsul kodu: 140154<br \/>\nTicar\u0259t markas\u0131: Datum<\/p>","protected":false},"featured_media":91425,"template":"","meta":{"_joinchat":[]},"product_brand":[],"product_cat":[329],"product_tag":[2126],"class_list":{"0":"post-91404","1":"product","2":"type-product","3":"status-publish","4":"has-post-thumbnail","6":"product_cat-skrepka","7":"product_tag-skrepka","9":"first","10":"instock","11":"shipping-taxable","12":"purchasable","13":"product-type-simple"},"yoast_head":"<!-- This site is optimized with the Yoast SEO plugin v27.5 - https:\/\/yoast.com\/product\/yoast-seo-wordpress\/ -->\n<title>SKREPKA METAL \u00dc\u00c7BU\u0421AQ 140154 skrepka stepler - Antaris<\/title>\n<meta name=\"robots\" content=\"index, follow, max-snippet:-1, max-image-preview:large, max-video-preview:-1\" \/>\n<link rel=\"canonical\" href=\"https:\/\/antaris.az\/ru\/m\u0259hsul\/skrepka-metal-ucbu\u0441aq-140154\/\" \/>\n<meta property=\"og:locale\" content=\"ru_RU\" \/>\n<meta property=\"og:type\" content=\"article\" \/>\n<meta property=\"og:title\" content=\"SKREPKA METAL \u00dc\u00c7BU\u0421AQ 140154 skrepka stepler - Antaris\" \/>\n<meta property=\"og:description\" content=\"\u00d6l\u00e7\u00fc: 28 mm Say: 100 \u0259d ( 1 ba\u011flamada) Material: Metal \u0130stehsal\u00e7\u0131 m\u0259hsul kodu: 140154 Ticar\u0259t markas\u0131: Datum\" \/>\n<meta property=\"og:url\" content=\"https:\/\/antaris.az\/ru\/m\u0259hsul\/skrepka-metal-ucbu\u0441aq-140154\/\" \/>\n<meta property=\"og:site_name\" content=\"Antaris\" \/>\n<meta property=\"article:publisher\" content=\"https:\/\/www.facebook.com\/antaris.az\/\" \/>\n<meta property=\"article:modified_time\" content=\"2025-08-06T07:35:25+00:00\" \/>\n<meta property=\"og:image\" content=\"https:\/\/antaris.az\/wp-content\/uploads\/2023\/02\/140154-datum-wep.webp\" \/>\n\t<meta property=\"og:image:width\" content=\"800\" \/>\n\t<meta property=\"og:image:height\" content=\"800\" \/>\n\t<meta property=\"og:image:type\" content=\"image\/webp\" \/>\n<script type=\"application\/ld+json\" class=\"yoast-schema-graph\">{\"@context\":\"https:\\\/\\\/schema.org\",\"@graph\":[{\"@type\":\"WebPage\",\"@id\":\"https:\\\/\\\/antaris.az\\\/m\u0259hsul\\\/skrepka-metal-ucbu%d1%81aq-140154\\\/\",\"url\":\"https:\\\/\\\/antaris.az\\\/m\u0259hsul\\\/skrepka-metal-ucbu%d1%81aq-140154\\\/\",\"name\":\"SKREPKA METAL \u00dc\u00c7BU\u0421AQ 140154 skrepka stepler - Antaris\",\"isPartOf\":{\"@id\":\"https:\\\/\\\/antaris.az\\\/#website\"},\"primaryImageOfPage\":{\"@id\":\"https:\\\/\\\/antaris.az\\\/m\u0259hsul\\\/skrepka-metal-ucbu%d1%81aq-140154\\\/#primaryimage\"},\"image\":{\"@id\":\"https:\\\/\\\/antaris.az\\\/m\u0259hsul\\\/skrepka-metal-ucbu%d1%81aq-140154\\\/#primaryimage\"},\"thumbnailUrl\":\"https:\\\/\\\/antaris.az\\\/wp-content\\\/uploads\\\/2023\\\/02\\\/140154-datum-wep.webp\",\"datePublished\":\"2023-02-17T08:47:15+00:00\",\"dateModified\":\"2025-08-06T07:35:25+00:00\",\"breadcrumb\":{\"@id\":\"https:\\\/\\\/antaris.az\\\/m\u0259hsul\\\/skrepka-metal-ucbu%d1%81aq-140154\\\/#breadcrumb\"},\"inLanguage\":\"ru-RU\",\"potentialAction\":[{\"@type\":\"ReadAction\",\"target\":[\"https:\\\/\\\/antaris.az\\\/m\u0259hsul\\\/skrepka-metal-ucbu%d1%81aq-140154\\\/\"]}]},{\"@type\":\"ImageObject\",\"inLanguage\":\"ru-RU\",\"@id\":\"https:\\\/\\\/antaris.az\\\/m\u0259hsul\\\/skrepka-metal-ucbu%d1%81aq-140154\\\/#primaryimage\",\"url\":\"https:\\\/\\\/antaris.az\\\/wp-content\\\/uploads\\\/2023\\\/02\\\/140154-datum-wep.webp\",\"contentUrl\":\"https:\\\/\\\/antaris.az\\\/wp-content\\\/uploads\\\/2023\\\/02\\\/140154-datum-wep.webp\",\"width\":800,\"height\":800,\"caption\":\"Skrepka\"},{\"@type\":\"BreadcrumbList\",\"@id\":\"https:\\\/\\\/antaris.az\\\/m\u0259hsul\\\/skrepka-metal-ucbu%d1%81aq-140154\\\/#breadcrumb\",\"itemListElement\":[{\"@type\":\"ListItem\",\"position\":1,\"name\":\"Home\",\"item\":\"https:\\\/\\\/antaris.az\\\/\"},{\"@type\":\"ListItem\",\"position\":2,\"name\":\"Ma\u011faza\",\"item\":\"https:\\\/\\\/antaris.az\\\/ru\\\/shop\\\/\"},{\"@type\":\"ListItem\",\"position\":3,\"name\":\"SKREPKA METAL \u00dc\u00c7BU\u0421AQ 140154\"}]},{\"@type\":\"WebSite\",\"@id\":\"https:\\\/\\\/antaris.az\\\/#website\",\"url\":\"https:\\\/\\\/antaris.az\\\/\",\"name\":\"Antaris\",\"description\":\"Ofis, ev, m\u0259kt\u0259b \u00fc\u00e7\u00fcn h\u0259r \u015fey\",\"publisher\":{\"@id\":\"https:\\\/\\\/antaris.az\\\/#organization\"},\"potentialAction\":[{\"@type\":\"SearchAction\",\"target\":{\"@type\":\"EntryPoint\",\"urlTemplate\":\"https:\\\/\\\/antaris.az\\\/?s={search_term_string}\"},\"query-input\":{\"@type\":\"PropertyValueSpecification\",\"valueRequired\":true,\"valueName\":\"search_term_string\"}}],\"inLanguage\":\"ru-RU\"},{\"@type\":\"Organization\",\"@id\":\"https:\\\/\\\/antaris.az\\\/#organization\",\"name\":\"Antaris QSC\",\"url\":\"https:\\\/\\\/antaris.az\\\/\",\"logo\":{\"@type\":\"ImageObject\",\"inLanguage\":\"ru-RU\",\"@id\":\"https:\\\/\\\/antaris.az\\\/#\\\/schema\\\/logo\\\/image\\\/\",\"url\":\"https:\\\/\\\/antaris.az\\\/wp-content\\\/uploads\\\/2025\\\/03\\\/Antaris-logo.png\",\"contentUrl\":\"https:\\\/\\\/antaris.az\\\/wp-content\\\/uploads\\\/2025\\\/03\\\/Antaris-logo.png\",\"width\":500,\"height\":500,\"caption\":\"Antaris QSC\"},\"image\":{\"@id\":\"https:\\\/\\\/antaris.az\\\/#\\\/schema\\\/logo\\\/image\\\/\"},\"sameAs\":[\"https:\\\/\\\/www.facebook.com\\\/antaris.az\\\/\",\"https:\\\/\\\/www.instagram.com\\\/antaris.az\\\/\"]}]}<\/script>\n<!-- \/ Yoast SEO plugin. -->","yoast_head_json":{"title":"SKREPKA METAL \u00dc\u00c7BU\u0421AQ 140154 skrepka stepler - Antaris","robots":{"index":"index","follow":"follow","max-snippet":"max-snippet:-1","max-image-preview":"max-image-preview:large","max-video-preview":"max-video-preview:-1"},"canonical":"https:\/\/antaris.az\/ru\/m\u0259hsul\/skrepka-metal-ucbu\u0441aq-140154\/","og_locale":"ru_RU","og_type":"article","og_title":"SKREPKA METAL \u00dc\u00c7BU\u0421AQ 140154 skrepka stepler - Antaris","og_description":"\u00d6l\u00e7\u00fc: 28 mm Say: 100 \u0259d ( 1 ba\u011flamada) Material: Metal \u0130stehsal\u00e7\u0131 m\u0259hsul kodu: 140154 Ticar\u0259t markas\u0131: Datum","og_url":"https:\/\/antaris.az\/ru\/m\u0259hsul\/skrepka-metal-ucbu\u0441aq-140154\/","og_site_name":"Antaris","article_publisher":"https:\/\/www.facebook.com\/antaris.az\/","article_modified_time":"2025-08-06T07:35:25+00:00","og_image":[{"width":800,"height":800,"url":"https:\/\/antaris.az\/wp-content\/uploads\/2023\/02\/140154-datum-wep.webp","type":"image\/webp"}],"schema":{"@context":"https:\/\/schema.org","@graph":[{"@type":"WebPage","@id":"https:\/\/antaris.az\/m\u0259hsul\/skrepka-metal-ucbu%d1%81aq-140154\/","url":"https:\/\/antaris.az\/m\u0259hsul\/skrepka-metal-ucbu%d1%81aq-140154\/","name":"SKREPKA METAL \u00dc\u00c7BU\u0421AQ 140154 skrepka stepler - Antaris","isPartOf":{"@id":"https:\/\/antaris.az\/#website"},"primaryImageOfPage":{"@id":"https:\/\/antaris.az\/m\u0259hsul\/skrepka-metal-ucbu%d1%81aq-140154\/#primaryimage"},"image":{"@id":"https:\/\/antaris.az\/m\u0259hsul\/skrepka-metal-ucbu%d1%81aq-140154\/#primaryimage"},"thumbnailUrl":"https:\/\/antaris.az\/wp-content\/uploads\/2023\/02\/140154-datum-wep.webp","datePublished":"2023-02-17T08:47:15+00:00","dateModified":"2025-08-06T07:35:25+00:00","breadcrumb":{"@id":"https:\/\/antaris.az\/m\u0259hsul\/skrepka-metal-ucbu%d1%81aq-140154\/#breadcrumb"},"inLanguage":"ru-RU","potentialAction":[{"@type":"ReadAction","target":["https:\/\/antaris.az\/m\u0259hsul\/skrepka-metal-ucbu%d1%81aq-140154\/"]}]},{"@type":"ImageObject","inLanguage":"ru-RU","@id":"https:\/\/antaris.az\/m\u0259hsul\/skrepka-metal-ucbu%d1%81aq-140154\/#primaryimage","url":"https:\/\/antaris.az\/wp-content\/uploads\/2023\/02\/140154-datum-wep.webp","contentUrl":"https:\/\/antaris.az\/wp-content\/uploads\/2023\/02\/140154-datum-wep.webp","width":800,"height":800,"caption":"Skrepka"},{"@type":"BreadcrumbList","@id":"https:\/\/antaris.az\/m\u0259hsul\/skrepka-metal-ucbu%d1%81aq-140154\/#breadcrumb","itemListElement":[{"@type":"ListItem","position":1,"name":"Home","item":"https:\/\/antaris.az\/"},{"@type":"ListItem","position":2,"name":"Ma\u011faza","item":"https:\/\/antaris.az\/ru\/shop\/"},{"@type":"ListItem","position":3,"name":"SKREPKA METAL \u00dc\u00c7BU\u0421AQ 140154"}]},{"@type":"WebSite","@id":"https:\/\/antaris.az\/#website","url":"https:\/\/antaris.az\/","name":"Antaris","description":"Ofis, ev, m\u0259kt\u0259b \u00fc\u00e7\u00fcn h\u0259r \u015fey","publisher":{"@id":"https:\/\/antaris.az\/#organization"},"potentialAction":[{"@type":"SearchAction","target":{"@type":"EntryPoint","urlTemplate":"https:\/\/antaris.az\/?s={search_term_string}"},"query-input":{"@type":"PropertyValueSpecification","valueRequired":true,"valueName":"search_term_string"}}],"inLanguage":"ru-RU"},{"@type":"Organization","@id":"https:\/\/antaris.az\/#organization","name":"\u0410\u043d\u0442\u0430\u0440\u0438\u0441 \u0417\u0410\u041e","url":"https:\/\/antaris.az\/","logo":{"@type":"ImageObject","inLanguage":"ru-RU","@id":"https:\/\/antaris.az\/#\/schema\/logo\/image\/","url":"https:\/\/antaris.az\/wp-content\/uploads\/2025\/03\/Antaris-logo.png","contentUrl":"https:\/\/antaris.az\/wp-content\/uploads\/2025\/03\/Antaris-logo.png","width":500,"height":500,"caption":"Antaris QSC"},"image":{"@id":"https:\/\/antaris.az\/#\/schema\/logo\/image\/"},"sameAs":["https:\/\/www.facebook.com\/antaris.az\/","https:\/\/www.instagram.com\/antaris.az\/"]}]}},"_links":{"self":[{"href":"https:\/\/antaris.az\/ru\/wp-json\/wp\/v2\/product\/91404","targetHints":{"allow":["GET"]}}],"collection":[{"href":"https:\/\/antaris.az\/ru\/wp-json\/wp\/v2\/product"}],"about":[{"href":"https:\/\/antaris.az\/ru\/wp-json\/wp\/v2\/types\/product"}],"version-history":[{"count":0,"href":"https:\/\/antaris.az\/ru\/wp-json\/wp\/v2\/product\/91404\/revisions"}],"wp:featuredmedia":[{"embeddable":true,"href":"https:\/\/antaris.az\/ru\/wp-json\/wp\/v2\/media\/91425"}],"wp:attachment":[{"href":"https:\/\/antaris.az\/ru\/wp-json\/wp\/v2\/media?parent=91404"}],"wp:term":[{"taxonomy":"product_brand","embeddable":true,"href":"https:\/\/antaris.az\/ru\/wp-json\/wp\/v2\/product_brand?post=91404"},{"taxonomy":"product_cat","embeddable":true,"href":"https:\/\/antaris.az\/ru\/wp-json\/wp\/v2\/product_cat?post=91404"},{"taxonomy":"product_tag","embeddable":true,"href":"https:\/\/antaris.az\/ru\/wp-json\/wp\/v2\/product_tag?post=91404"}],"curies":[{"name":"wp","href":"https:\/\/api.w.org\/{rel}","templated":true}]}}