{"id":90818,"date":"2023-01-26T15:17:34","date_gmt":"2023-01-26T12:17:34","guid":{"rendered":"http:\/\/www2.antaris.az\/?post_type=product&#038;p=90818"},"modified":"2024-11-26T15:37:40","modified_gmt":"2024-11-26T11:37:40","slug":"canta-kostyum-ucun-rollor-ro-pres-m8-prestige-all-black","status":"publish","type":"product","link":"https:\/\/antaris.az\/ru\/m\u0259hsul\/canta-kostyum-ucun-rollor-ro-pres-m8-prestige-all-black\/","title":{"rendered":"\u00c7ANTA KOSTYUM \u00dc\u00c7\u00dcN ROLLOR RO-PRES-M8 PRESTIGE"},"content":{"rendered":"<p>Hollandiyada yeni\u00a0 kostyum da\u015f\u0131y\u0131c\u0131s\u0131 olan s\u0259yah\u0259t \u00e7antalar\u0131 g\u00f6d\u0259k\u00e7\u0259l\u0259ri v\u0259 \u015falvarlar\u0131 q\u0131r\u0131\u015fs\u0131z g\u0259zdirm\u0259y\u0259 imkan verir.\u00a0 \u0130stifad\u0259si asand\u0131r, kostyumu yayma rulonuna qoyub v\u0259 yuvarlamaq laz\u0131md\u0131r. Geyiml\u0259r q\u0131r\u0131\u015fs\u0131z \u00fc\u00e7\u00f6l\u00e7\u00fcl\u00fc m\u0259kana uy\u011fun g\u0259lir. Kompaktd\u0131r v\u0259 daxili reysl\u0259rd\u0259 da\u015f\u0131na bil\u0259n \u00f6l\u00e7\u00fcl\u0259r\u0259 malikdir.<\/p>","protected":false},"excerpt":{"rendered":"<p>\u00c7\u0259ki:950 qr<br \/>\n\u00d6l\u00e7\u00fc:46x24x24 sm<br \/>\nR\u0259ng:Qara<br \/>\n\u0130stehsal\u00e7\u0131 m\u0259hsul kodu:Ro-Press-M8<br \/>\nTicar\u0259t markas\u0131:Rollor<br \/>\n\u0130stehsal\u00e7\u0131 \u00f6lk\u0259: Hollandiya<\/p>","protected":false},"featured_media":90819,"template":"","meta":{"_joinchat":[]},"product_brand":[],"product_cat":[209,452],"product_tag":[2115],"class_list":{"0":"post-90818","1":"product","2":"type-product","3":"status-publish","4":"has-post-thumbnail","6":"product_cat-hediye-ve-biznes-aksessuarlar","7":"product_cat-syaht-ucun-cantalar","8":"product_tag-syaht-ucun-canta","10":"first","11":"instock","12":"shipping-taxable","13":"purchasable","14":"product-type-simple"},"yoast_head":"<!-- This site is optimized with the Yoast SEO plugin v27.4 - https:\/\/yoast.com\/product\/yoast-seo-wordpress\/ -->\n<title>\u00c7ANTA KOSTYUM \u00dc\u00c7\u00dcN ROLLOR RO-PRES-M8 PRESTIGE s\u0259yah\u0259t \u00e7antas\u0131, kostyum \u00fc\u00e7\u00fcn \u00e7anta - Antaris<\/title>\n<meta name=\"robots\" content=\"index, follow, max-snippet:-1, max-image-preview:large, max-video-preview:-1\" \/>\n<link rel=\"canonical\" href=\"https:\/\/antaris.az\/ru\/m\u0259hsul\/canta-kostyum-ucun-rollor-ro-pres-m8-prestige-all-black\/\" \/>\n<meta property=\"og:locale\" content=\"ru_RU\" \/>\n<meta property=\"og:type\" content=\"article\" \/>\n<meta property=\"og:title\" content=\"\u00c7ANTA KOSTYUM \u00dc\u00c7\u00dcN ROLLOR RO-PRES-M8 PRESTIGE s\u0259yah\u0259t \u00e7antas\u0131, kostyum \u00fc\u00e7\u00fcn \u00e7anta - Antaris\" \/>\n<meta property=\"og:description\" content=\"\u00c7\u0259ki:950 qr \u00d6l\u00e7\u00fc:46x24x24 sm R\u0259ng:Qara \u0130stehsal\u00e7\u0131 m\u0259hsul kodu:Ro-Press-M8 Ticar\u0259t markas\u0131:Rollor \u0130stehsal\u00e7\u0131 \u00f6lk\u0259: Hollandiya\" \/>\n<meta property=\"og:url\" content=\"https:\/\/antaris.az\/ru\/m\u0259hsul\/canta-kostyum-ucun-rollor-ro-pres-m8-prestige-all-black\/\" \/>\n<meta property=\"og:site_name\" content=\"Antaris\" \/>\n<meta property=\"article:publisher\" content=\"https:\/\/www.facebook.com\/antaris.az\/\" \/>\n<meta property=\"article:modified_time\" content=\"2024-11-26T11:37:40+00:00\" \/>\n<meta property=\"og:image\" content=\"https:\/\/antaris.az\/wp-content\/uploads\/2023\/01\/RO-PRESS-M8-1-WEP.webp\" \/>\n\t<meta property=\"og:image:width\" content=\"800\" \/>\n\t<meta property=\"og:image:height\" content=\"800\" \/>\n\t<meta property=\"og:image:type\" content=\"image\/webp\" \/>\n<script type=\"application\/ld+json\" class=\"yoast-schema-graph\">{\"@context\":\"https:\\\/\\\/schema.org\",\"@graph\":[{\"@type\":\"WebPage\",\"@id\":\"https:\\\/\\\/antaris.az\\\/ru\\\/m\u0259hsul\\\/canta-kostyum-ucun-rollor-ro-pres-m8-prestige-all-black\\\/\",\"url\":\"https:\\\/\\\/antaris.az\\\/ru\\\/m\u0259hsul\\\/canta-kostyum-ucun-rollor-ro-pres-m8-prestige-all-black\\\/\",\"name\":\"\u00c7ANTA KOSTYUM \u00dc\u00c7\u00dcN ROLLOR RO-PRES-M8 PRESTIGE s\u0259yah\u0259t \u00e7antas\u0131, kostyum \u00fc\u00e7\u00fcn \u00e7anta - Antaris\",\"isPartOf\":{\"@id\":\"https:\\\/\\\/antaris.az\\\/#website\"},\"primaryImageOfPage\":{\"@id\":\"https:\\\/\\\/antaris.az\\\/ru\\\/m\u0259hsul\\\/canta-kostyum-ucun-rollor-ro-pres-m8-prestige-all-black\\\/#primaryimage\"},\"image\":{\"@id\":\"https:\\\/\\\/antaris.az\\\/ru\\\/m\u0259hsul\\\/canta-kostyum-ucun-rollor-ro-pres-m8-prestige-all-black\\\/#primaryimage\"},\"thumbnailUrl\":\"https:\\\/\\\/antaris.az\\\/wp-content\\\/uploads\\\/2023\\\/01\\\/RO-PRESS-M8-1-WEP.webp\",\"datePublished\":\"2023-01-26T12:17:34+00:00\",\"dateModified\":\"2024-11-26T11:37:40+00:00\",\"breadcrumb\":{\"@id\":\"https:\\\/\\\/antaris.az\\\/ru\\\/m\u0259hsul\\\/canta-kostyum-ucun-rollor-ro-pres-m8-prestige-all-black\\\/#breadcrumb\"},\"inLanguage\":\"ru-RU\",\"potentialAction\":[{\"@type\":\"ReadAction\",\"target\":[\"https:\\\/\\\/antaris.az\\\/ru\\\/m\u0259hsul\\\/canta-kostyum-ucun-rollor-ro-pres-m8-prestige-all-black\\\/\"]}]},{\"@type\":\"ImageObject\",\"inLanguage\":\"ru-RU\",\"@id\":\"https:\\\/\\\/antaris.az\\\/ru\\\/m\u0259hsul\\\/canta-kostyum-ucun-rollor-ro-pres-m8-prestige-all-black\\\/#primaryimage\",\"url\":\"https:\\\/\\\/antaris.az\\\/wp-content\\\/uploads\\\/2023\\\/01\\\/RO-PRESS-M8-1-WEP.webp\",\"contentUrl\":\"https:\\\/\\\/antaris.az\\\/wp-content\\\/uploads\\\/2023\\\/01\\\/RO-PRESS-M8-1-WEP.webp\",\"width\":800,\"height\":800,\"caption\":\"S\u0259yah\u0259t \u00e7antas\u0131\"},{\"@type\":\"BreadcrumbList\",\"@id\":\"https:\\\/\\\/antaris.az\\\/ru\\\/m\u0259hsul\\\/canta-kostyum-ucun-rollor-ro-pres-m8-prestige-all-black\\\/#breadcrumb\",\"itemListElement\":[{\"@type\":\"ListItem\",\"position\":1,\"name\":\"Home\",\"item\":\"https:\\\/\\\/antaris.az\\\/\"},{\"@type\":\"ListItem\",\"position\":2,\"name\":\"Ma\u011faza\",\"item\":\"https:\\\/\\\/antaris.az\\\/ru\\\/shop\\\/\"},{\"@type\":\"ListItem\",\"position\":3,\"name\":\"\u00c7ANTA KOSTYUM \u00dc\u00c7\u00dcN ROLLOR RO-PRES-M8 PRESTIGE\"}]},{\"@type\":\"WebSite\",\"@id\":\"https:\\\/\\\/antaris.az\\\/#website\",\"url\":\"https:\\\/\\\/antaris.az\\\/\",\"name\":\"Antaris\",\"description\":\"Ofis, ev, m\u0259kt\u0259b \u00fc\u00e7\u00fcn h\u0259r \u015fey\",\"publisher\":{\"@id\":\"https:\\\/\\\/antaris.az\\\/#organization\"},\"potentialAction\":[{\"@type\":\"SearchAction\",\"target\":{\"@type\":\"EntryPoint\",\"urlTemplate\":\"https:\\\/\\\/antaris.az\\\/?s={search_term_string}\"},\"query-input\":{\"@type\":\"PropertyValueSpecification\",\"valueRequired\":true,\"valueName\":\"search_term_string\"}}],\"inLanguage\":\"ru-RU\"},{\"@type\":\"Organization\",\"@id\":\"https:\\\/\\\/antaris.az\\\/#organization\",\"name\":\"Antaris QSC\",\"url\":\"https:\\\/\\\/antaris.az\\\/\",\"logo\":{\"@type\":\"ImageObject\",\"inLanguage\":\"ru-RU\",\"@id\":\"https:\\\/\\\/antaris.az\\\/#\\\/schema\\\/logo\\\/image\\\/\",\"url\":\"https:\\\/\\\/antaris.az\\\/wp-content\\\/uploads\\\/2025\\\/03\\\/Antaris-logo.png\",\"contentUrl\":\"https:\\\/\\\/antaris.az\\\/wp-content\\\/uploads\\\/2025\\\/03\\\/Antaris-logo.png\",\"width\":500,\"height\":500,\"caption\":\"Antaris QSC\"},\"image\":{\"@id\":\"https:\\\/\\\/antaris.az\\\/#\\\/schema\\\/logo\\\/image\\\/\"},\"sameAs\":[\"https:\\\/\\\/www.facebook.com\\\/antaris.az\\\/\",\"https:\\\/\\\/www.instagram.com\\\/antaris.az\\\/\"]}]}<\/script>\n<!-- \/ Yoast SEO plugin. -->","yoast_head_json":{"title":"\u00c7ANTA KOSTYUM \u00dc\u00c7\u00dcN ROLLOR RO-PRES-M8 PRESTIGE s\u0259yah\u0259t \u00e7antas\u0131, kostyum \u00fc\u00e7\u00fcn \u00e7anta - Antaris","robots":{"index":"index","follow":"follow","max-snippet":"max-snippet:-1","max-image-preview":"max-image-preview:large","max-video-preview":"max-video-preview:-1"},"canonical":"https:\/\/antaris.az\/ru\/m\u0259hsul\/canta-kostyum-ucun-rollor-ro-pres-m8-prestige-all-black\/","og_locale":"ru_RU","og_type":"article","og_title":"\u00c7ANTA KOSTYUM \u00dc\u00c7\u00dcN ROLLOR RO-PRES-M8 PRESTIGE s\u0259yah\u0259t \u00e7antas\u0131, kostyum \u00fc\u00e7\u00fcn \u00e7anta - Antaris","og_description":"\u00c7\u0259ki:950 qr \u00d6l\u00e7\u00fc:46x24x24 sm R\u0259ng:Qara \u0130stehsal\u00e7\u0131 m\u0259hsul kodu:Ro-Press-M8 Ticar\u0259t markas\u0131:Rollor \u0130stehsal\u00e7\u0131 \u00f6lk\u0259: Hollandiya","og_url":"https:\/\/antaris.az\/ru\/m\u0259hsul\/canta-kostyum-ucun-rollor-ro-pres-m8-prestige-all-black\/","og_site_name":"Antaris","article_publisher":"https:\/\/www.facebook.com\/antaris.az\/","article_modified_time":"2024-11-26T11:37:40+00:00","og_image":[{"width":800,"height":800,"url":"https:\/\/antaris.az\/wp-content\/uploads\/2023\/01\/RO-PRESS-M8-1-WEP.webp","type":"image\/webp"}],"schema":{"@context":"https:\/\/schema.org","@graph":[{"@type":"WebPage","@id":"https:\/\/antaris.az\/ru\/m\u0259hsul\/canta-kostyum-ucun-rollor-ro-pres-m8-prestige-all-black\/","url":"https:\/\/antaris.az\/ru\/m\u0259hsul\/canta-kostyum-ucun-rollor-ro-pres-m8-prestige-all-black\/","name":"\u00c7ANTA KOSTYUM \u00dc\u00c7\u00dcN ROLLOR RO-PRES-M8 PRESTIGE s\u0259yah\u0259t \u00e7antas\u0131, kostyum \u00fc\u00e7\u00fcn \u00e7anta - Antaris","isPartOf":{"@id":"https:\/\/antaris.az\/#website"},"primaryImageOfPage":{"@id":"https:\/\/antaris.az\/ru\/m\u0259hsul\/canta-kostyum-ucun-rollor-ro-pres-m8-prestige-all-black\/#primaryimage"},"image":{"@id":"https:\/\/antaris.az\/ru\/m\u0259hsul\/canta-kostyum-ucun-rollor-ro-pres-m8-prestige-all-black\/#primaryimage"},"thumbnailUrl":"https:\/\/antaris.az\/wp-content\/uploads\/2023\/01\/RO-PRESS-M8-1-WEP.webp","datePublished":"2023-01-26T12:17:34+00:00","dateModified":"2024-11-26T11:37:40+00:00","breadcrumb":{"@id":"https:\/\/antaris.az\/ru\/m\u0259hsul\/canta-kostyum-ucun-rollor-ro-pres-m8-prestige-all-black\/#breadcrumb"},"inLanguage":"ru-RU","potentialAction":[{"@type":"ReadAction","target":["https:\/\/antaris.az\/ru\/m\u0259hsul\/canta-kostyum-ucun-rollor-ro-pres-m8-prestige-all-black\/"]}]},{"@type":"ImageObject","inLanguage":"ru-RU","@id":"https:\/\/antaris.az\/ru\/m\u0259hsul\/canta-kostyum-ucun-rollor-ro-pres-m8-prestige-all-black\/#primaryimage","url":"https:\/\/antaris.az\/wp-content\/uploads\/2023\/01\/RO-PRESS-M8-1-WEP.webp","contentUrl":"https:\/\/antaris.az\/wp-content\/uploads\/2023\/01\/RO-PRESS-M8-1-WEP.webp","width":800,"height":800,"caption":"S\u0259yah\u0259t \u00e7antas\u0131"},{"@type":"BreadcrumbList","@id":"https:\/\/antaris.az\/ru\/m\u0259hsul\/canta-kostyum-ucun-rollor-ro-pres-m8-prestige-all-black\/#breadcrumb","itemListElement":[{"@type":"ListItem","position":1,"name":"Home","item":"https:\/\/antaris.az\/"},{"@type":"ListItem","position":2,"name":"Ma\u011faza","item":"https:\/\/antaris.az\/ru\/shop\/"},{"@type":"ListItem","position":3,"name":"\u00c7ANTA KOSTYUM \u00dc\u00c7\u00dcN ROLLOR RO-PRES-M8 PRESTIGE"}]},{"@type":"WebSite","@id":"https:\/\/antaris.az\/#website","url":"https:\/\/antaris.az\/","name":"Antaris","description":"Ofis, ev, m\u0259kt\u0259b \u00fc\u00e7\u00fcn h\u0259r \u015fey","publisher":{"@id":"https:\/\/antaris.az\/#organization"},"potentialAction":[{"@type":"SearchAction","target":{"@type":"EntryPoint","urlTemplate":"https:\/\/antaris.az\/?s={search_term_string}"},"query-input":{"@type":"PropertyValueSpecification","valueRequired":true,"valueName":"search_term_string"}}],"inLanguage":"ru-RU"},{"@type":"Organization","@id":"https:\/\/antaris.az\/#organization","name":"\u0410\u043d\u0442\u0430\u0440\u0438\u0441 \u0417\u0410\u041e","url":"https:\/\/antaris.az\/","logo":{"@type":"ImageObject","inLanguage":"ru-RU","@id":"https:\/\/antaris.az\/#\/schema\/logo\/image\/","url":"https:\/\/antaris.az\/wp-content\/uploads\/2025\/03\/Antaris-logo.png","contentUrl":"https:\/\/antaris.az\/wp-content\/uploads\/2025\/03\/Antaris-logo.png","width":500,"height":500,"caption":"Antaris QSC"},"image":{"@id":"https:\/\/antaris.az\/#\/schema\/logo\/image\/"},"sameAs":["https:\/\/www.facebook.com\/antaris.az\/","https:\/\/www.instagram.com\/antaris.az\/"]}]}},"_links":{"self":[{"href":"https:\/\/antaris.az\/ru\/wp-json\/wp\/v2\/product\/90818","targetHints":{"allow":["GET"]}}],"collection":[{"href":"https:\/\/antaris.az\/ru\/wp-json\/wp\/v2\/product"}],"about":[{"href":"https:\/\/antaris.az\/ru\/wp-json\/wp\/v2\/types\/product"}],"version-history":[{"count":0,"href":"https:\/\/antaris.az\/ru\/wp-json\/wp\/v2\/product\/90818\/revisions"}],"wp:featuredmedia":[{"embeddable":true,"href":"https:\/\/antaris.az\/ru\/wp-json\/wp\/v2\/media\/90819"}],"wp:attachment":[{"href":"https:\/\/antaris.az\/ru\/wp-json\/wp\/v2\/media?parent=90818"}],"wp:term":[{"taxonomy":"product_brand","embeddable":true,"href":"https:\/\/antaris.az\/ru\/wp-json\/wp\/v2\/product_brand?post=90818"},{"taxonomy":"product_cat","embeddable":true,"href":"https:\/\/antaris.az\/ru\/wp-json\/wp\/v2\/product_cat?post=90818"},{"taxonomy":"product_tag","embeddable":true,"href":"https:\/\/antaris.az\/ru\/wp-json\/wp\/v2\/product_tag?post=90818"}],"curies":[{"name":"wp","href":"https:\/\/api.w.org\/{rel}","templated":true}]}}