{"id":89912,"date":"2022-10-13T12:56:40","date_gmt":"2022-10-13T09:56:40","guid":{"rendered":"http:\/\/www2.antaris.az\/?post_type=product&#038;p=89912"},"modified":"2025-01-15T10:46:19","modified_gmt":"2025-01-15T06:46:19","slug":"r%c9%99hb%c9%99r-kreslosu-antonio-black-burokrat","status":"publish","type":"product","link":"https:\/\/antaris.az\/ru\/m\u0259hsul\/r%c9%99hb%c9%99r-kreslosu-antonio-black-burokrat\/","title":{"rendered":"R\u0259hb\u0259r kreslosu ANTONIO Black Burokrat"},"content":{"rendered":"","protected":false},"excerpt":{"rendered":"<p><span lang=\"EN-US\">N\u00f6v\u00fc:\u00a0<\/span><span lang=\"AZ-LATIN\">T\u0259bii\u00a0<\/span><span lang=\"EN-US\">D\u0259ri<br \/>\nBellik: Erqonomik<\/span><span lang=\"AZ-LATIN\">, funksional<\/span><span lang=\"EN-US\"><br \/>\nDirs\u0259kalt\u0131: D\u0259ri astarl\u0131 taxta\/ Belliy\u0259 biti\u015fik<br \/>\nAyaqlar:\u00a0<\/span><span lang=\"AZ-LATIN\">Y\u00fcks\u0259k keyfiyy\u0259tli xrom<\/span><span lang=\"EN-US\"><br \/>\nH\u00fcnd\u00fcrl\u00fck t\u0259nziml\u0259yicisi: Vakum qazlift<br \/>\n\u00d6l\u00e7\u00fcl\u0259ri: 1<\/span><span lang=\"AZ-LATIN\">29<\/span><span lang=\"EN-US\">0x<\/span><span lang=\"AZ-LATIN\">555<\/span><span lang=\"EN-US\">x<\/span><span lang=\"AZ-LATIN\">530<\/span><span lang=\"EN-US\">mm<br \/>\n\u00c7\u0259ki d\u00f6z\u00fcml\u00fcy\u00fc:<\/span><span lang=\"AZ-LATIN\">150<\/span><span lang=\"EN-US\">kq<br \/>\nR\u0259ngi: Qara<br \/>\nZ\u0259man\u0259t: 12ay<br \/>\n\u0130stehsal\u00e7\u0131 m\u0259hsul kodu: ANTON<span lang=\"AZ-LATIN\">I<\/span>O Black (00-00039115)<\/span><span lang=\"EN-US\"><br \/>\nTicar\u0259t markas\u0131: Burokrat<br \/>\n\u0130stehsal \u00f6lk\u0259si: Rusiya<\/span><\/p>","protected":false},"featured_media":89916,"template":"","meta":{"_joinchat":[]},"product_brand":[],"product_cat":[2180,761],"product_tag":[2094,2091,2066,2099,2089,2092,2093,2098,2097,2096,2095,2103,2104,2090,2100,2067,2101,2102,2068,2069],"class_list":{"0":"post-89912","1":"product","2":"type-product","3":"status-publish","4":"has-post-thumbnail","6":"product_cat-mebel","7":"product_cat-rehber_kreslosu","8":"product_tag-dri-ofis-kreslo","9":"product_tag-keyfiyytli-kreslo","10":"product_tag-kreslo","11":"product_tag-kreslo-bakida","12":"product_tag-kreslo-ofis-ucun","13":"product_tag-kreslo-satisi","14":"product_tag-kursulrin-satisi","15":"product_tag-mudur-kreslo","16":"product_tag-ofis-kreslo-kredit","17":"product_tag-ofis-kreslo-satilir","18":"product_tag-ofis-kreslosu-sederek","19":"product_tag-ofis-oturacaqlar","20":"product_tag-ofis-torlu-kreslo","21":"product_tag-rahat-kreslo","22":"product_tag-rhbr-kreslo","23":"product_tag-rhbr-kreslosu","24":"product_tag-sederek-kreslo","25":"product_tag-ucuz-kreslolar","26":"product_tag-2068","27":"product_tag-2069","28":"pa_ayaglar-xrom","29":"pa_bellik-oturacaga-bitisik","30":"pa_brand-burokrat","31":"pa_material-dri","32":"pa_reng-qara","33":"pa_tenzimleyici-tenzimleyicili","35":"first","36":"instock","37":"shipping-taxable","38":"purchasable","39":"product-type-simple"},"yoast_head":"<!-- This site is optimized with the Yoast SEO plugin v27.4 - https:\/\/yoast.com\/product\/yoast-seo-wordpress\/ -->\n<title>R\u0259hb\u0259r kreslosu ANTONIO Black Burokrat Bak\u0131da s\u0259rf\u0259li almaq - Antaris<\/title>\n<meta name=\"robots\" content=\"index, follow, max-snippet:-1, max-image-preview:large, max-video-preview:-1\" \/>\n<link rel=\"canonical\" href=\"https:\/\/antaris.az\/ru\/m\u0259hsul\/r\u0259hb\u0259r-kreslosu-antonio-black-burokrat\/\" \/>\n<meta property=\"og:locale\" content=\"ru_RU\" \/>\n<meta property=\"og:type\" content=\"article\" \/>\n<meta property=\"og:title\" content=\"R\u0259hb\u0259r kreslosu ANTONIO Black Burokrat Bak\u0131da s\u0259rf\u0259li almaq - Antaris\" \/>\n<meta property=\"og:description\" content=\"N\u00f6v\u00fc:\u00a0T\u0259bii\u00a0D\u0259ri Bellik: Erqonomik, funksional Dirs\u0259kalt\u0131: D\u0259ri astarl\u0131 taxta\/ Belliy\u0259 biti\u015fik Ayaqlar:\u00a0Y\u00fcks\u0259k keyfiyy\u0259tli xrom H\u00fcnd\u00fcrl\u00fck t\u0259nziml\u0259yicisi: Vakum qazlift \u00d6l\u00e7\u00fcl\u0259ri: 1290x555x530mm \u00c7\u0259ki d\u00f6z\u00fcml\u00fcy\u00fc:150kq R\u0259ngi: Qara Z\u0259man\u0259t: 12ay \u0130stehsal\u00e7\u0131 m\u0259hsul kodu: ANTONIO Black (00-00039115) Ticar\u0259t markas\u0131: Burokrat \u0130stehsal \u00f6lk\u0259si: Rusiya\" \/>\n<meta property=\"og:url\" content=\"https:\/\/antaris.az\/ru\/m\u0259hsul\/r\u0259hb\u0259r-kreslosu-antonio-black-burokrat\/\" \/>\n<meta property=\"og:site_name\" content=\"Antaris\" \/>\n<meta property=\"article:publisher\" content=\"https:\/\/www.facebook.com\/antaris.az\/\" \/>\n<meta property=\"article:modified_time\" content=\"2025-01-15T06:46:19+00:00\" \/>\n<meta property=\"og:image\" content=\"https:\/\/antaris.az\/wp-content\/uploads\/2022\/10\/Antonio_Black3.webp\" \/>\n\t<meta property=\"og:image:width\" content=\"800\" \/>\n\t<meta property=\"og:image:height\" content=\"800\" \/>\n\t<meta property=\"og:image:type\" content=\"image\/webp\" \/>\n<script type=\"application\/ld+json\" class=\"yoast-schema-graph\">{\"@context\":\"https:\\\/\\\/schema.org\",\"@graph\":[{\"@type\":\"WebPage\",\"@id\":\"https:\\\/\\\/antaris.az\\\/m\u0259hsul\\\/r%c9%99hb%c9%99r-kreslosu-antonio-black-burokrat\\\/\",\"url\":\"https:\\\/\\\/antaris.az\\\/m\u0259hsul\\\/r%c9%99hb%c9%99r-kreslosu-antonio-black-burokrat\\\/\",\"name\":\"R\u0259hb\u0259r kreslosu ANTONIO Black Burokrat Bak\u0131da s\u0259rf\u0259li almaq - Antaris\",\"isPartOf\":{\"@id\":\"https:\\\/\\\/antaris.az\\\/#website\"},\"primaryImageOfPage\":{\"@id\":\"https:\\\/\\\/antaris.az\\\/m\u0259hsul\\\/r%c9%99hb%c9%99r-kreslosu-antonio-black-burokrat\\\/#primaryimage\"},\"image\":{\"@id\":\"https:\\\/\\\/antaris.az\\\/m\u0259hsul\\\/r%c9%99hb%c9%99r-kreslosu-antonio-black-burokrat\\\/#primaryimage\"},\"thumbnailUrl\":\"https:\\\/\\\/antaris.az\\\/wp-content\\\/uploads\\\/2022\\\/10\\\/Antonio_Black3.webp\",\"datePublished\":\"2022-10-13T09:56:40+00:00\",\"dateModified\":\"2025-01-15T06:46:19+00:00\",\"breadcrumb\":{\"@id\":\"https:\\\/\\\/antaris.az\\\/m\u0259hsul\\\/r%c9%99hb%c9%99r-kreslosu-antonio-black-burokrat\\\/#breadcrumb\"},\"inLanguage\":\"ru-RU\",\"potentialAction\":[{\"@type\":\"ReadAction\",\"target\":[\"https:\\\/\\\/antaris.az\\\/m\u0259hsul\\\/r%c9%99hb%c9%99r-kreslosu-antonio-black-burokrat\\\/\"]}]},{\"@type\":\"ImageObject\",\"inLanguage\":\"ru-RU\",\"@id\":\"https:\\\/\\\/antaris.az\\\/m\u0259hsul\\\/r%c9%99hb%c9%99r-kreslosu-antonio-black-burokrat\\\/#primaryimage\",\"url\":\"https:\\\/\\\/antaris.az\\\/wp-content\\\/uploads\\\/2022\\\/10\\\/Antonio_Black3.webp\",\"contentUrl\":\"https:\\\/\\\/antaris.az\\\/wp-content\\\/uploads\\\/2022\\\/10\\\/Antonio_Black3.webp\",\"width\":800,\"height\":800,\"caption\":\"kreslo\"},{\"@type\":\"BreadcrumbList\",\"@id\":\"https:\\\/\\\/antaris.az\\\/m\u0259hsul\\\/r%c9%99hb%c9%99r-kreslosu-antonio-black-burokrat\\\/#breadcrumb\",\"itemListElement\":[{\"@type\":\"ListItem\",\"position\":1,\"name\":\"Home\",\"item\":\"https:\\\/\\\/antaris.az\\\/\"},{\"@type\":\"ListItem\",\"position\":2,\"name\":\"Ma\u011faza\",\"item\":\"https:\\\/\\\/antaris.az\\\/ru\\\/shop\\\/\"},{\"@type\":\"ListItem\",\"position\":3,\"name\":\"R\u0259hb\u0259r kreslosu ANTONIO Black Burokrat\"}]},{\"@type\":\"WebSite\",\"@id\":\"https:\\\/\\\/antaris.az\\\/#website\",\"url\":\"https:\\\/\\\/antaris.az\\\/\",\"name\":\"Antaris\",\"description\":\"Ofis, ev, m\u0259kt\u0259b \u00fc\u00e7\u00fcn h\u0259r \u015fey\",\"publisher\":{\"@id\":\"https:\\\/\\\/antaris.az\\\/#organization\"},\"potentialAction\":[{\"@type\":\"SearchAction\",\"target\":{\"@type\":\"EntryPoint\",\"urlTemplate\":\"https:\\\/\\\/antaris.az\\\/?s={search_term_string}\"},\"query-input\":{\"@type\":\"PropertyValueSpecification\",\"valueRequired\":true,\"valueName\":\"search_term_string\"}}],\"inLanguage\":\"ru-RU\"},{\"@type\":\"Organization\",\"@id\":\"https:\\\/\\\/antaris.az\\\/#organization\",\"name\":\"Antaris QSC\",\"url\":\"https:\\\/\\\/antaris.az\\\/\",\"logo\":{\"@type\":\"ImageObject\",\"inLanguage\":\"ru-RU\",\"@id\":\"https:\\\/\\\/antaris.az\\\/#\\\/schema\\\/logo\\\/image\\\/\",\"url\":\"https:\\\/\\\/antaris.az\\\/wp-content\\\/uploads\\\/2025\\\/03\\\/Antaris-logo.png\",\"contentUrl\":\"https:\\\/\\\/antaris.az\\\/wp-content\\\/uploads\\\/2025\\\/03\\\/Antaris-logo.png\",\"width\":500,\"height\":500,\"caption\":\"Antaris QSC\"},\"image\":{\"@id\":\"https:\\\/\\\/antaris.az\\\/#\\\/schema\\\/logo\\\/image\\\/\"},\"sameAs\":[\"https:\\\/\\\/www.facebook.com\\\/antaris.az\\\/\",\"https:\\\/\\\/www.instagram.com\\\/antaris.az\\\/\"]}]}<\/script>\n<!-- \/ Yoast SEO plugin. -->","yoast_head_json":{"title":"R\u0259hb\u0259r kreslosu ANTONIO Black Burokrat Bak\u0131da s\u0259rf\u0259li almaq - Antaris","robots":{"index":"index","follow":"follow","max-snippet":"max-snippet:-1","max-image-preview":"max-image-preview:large","max-video-preview":"max-video-preview:-1"},"canonical":"https:\/\/antaris.az\/ru\/m\u0259hsul\/r\u0259hb\u0259r-kreslosu-antonio-black-burokrat\/","og_locale":"ru_RU","og_type":"article","og_title":"R\u0259hb\u0259r kreslosu ANTONIO Black Burokrat Bak\u0131da s\u0259rf\u0259li almaq - Antaris","og_description":"N\u00f6v\u00fc:\u00a0T\u0259bii\u00a0D\u0259ri Bellik: Erqonomik, funksional Dirs\u0259kalt\u0131: D\u0259ri astarl\u0131 taxta\/ Belliy\u0259 biti\u015fik Ayaqlar:\u00a0Y\u00fcks\u0259k keyfiyy\u0259tli xrom H\u00fcnd\u00fcrl\u00fck t\u0259nziml\u0259yicisi: Vakum qazlift \u00d6l\u00e7\u00fcl\u0259ri: 1290x555x530mm \u00c7\u0259ki d\u00f6z\u00fcml\u00fcy\u00fc:150kq R\u0259ngi: Qara Z\u0259man\u0259t: 12ay \u0130stehsal\u00e7\u0131 m\u0259hsul kodu: ANTONIO Black (00-00039115) Ticar\u0259t markas\u0131: Burokrat \u0130stehsal \u00f6lk\u0259si: Rusiya","og_url":"https:\/\/antaris.az\/ru\/m\u0259hsul\/r\u0259hb\u0259r-kreslosu-antonio-black-burokrat\/","og_site_name":"Antaris","article_publisher":"https:\/\/www.facebook.com\/antaris.az\/","article_modified_time":"2025-01-15T06:46:19+00:00","og_image":[{"width":800,"height":800,"url":"https:\/\/antaris.az\/wp-content\/uploads\/2022\/10\/Antonio_Black3.webp","type":"image\/webp"}],"schema":{"@context":"https:\/\/schema.org","@graph":[{"@type":"WebPage","@id":"https:\/\/antaris.az\/m\u0259hsul\/r%c9%99hb%c9%99r-kreslosu-antonio-black-burokrat\/","url":"https:\/\/antaris.az\/m\u0259hsul\/r%c9%99hb%c9%99r-kreslosu-antonio-black-burokrat\/","name":"R\u0259hb\u0259r kreslosu ANTONIO Black Burokrat Bak\u0131da s\u0259rf\u0259li almaq - Antaris","isPartOf":{"@id":"https:\/\/antaris.az\/#website"},"primaryImageOfPage":{"@id":"https:\/\/antaris.az\/m\u0259hsul\/r%c9%99hb%c9%99r-kreslosu-antonio-black-burokrat\/#primaryimage"},"image":{"@id":"https:\/\/antaris.az\/m\u0259hsul\/r%c9%99hb%c9%99r-kreslosu-antonio-black-burokrat\/#primaryimage"},"thumbnailUrl":"https:\/\/antaris.az\/wp-content\/uploads\/2022\/10\/Antonio_Black3.webp","datePublished":"2022-10-13T09:56:40+00:00","dateModified":"2025-01-15T06:46:19+00:00","breadcrumb":{"@id":"https:\/\/antaris.az\/m\u0259hsul\/r%c9%99hb%c9%99r-kreslosu-antonio-black-burokrat\/#breadcrumb"},"inLanguage":"ru-RU","potentialAction":[{"@type":"ReadAction","target":["https:\/\/antaris.az\/m\u0259hsul\/r%c9%99hb%c9%99r-kreslosu-antonio-black-burokrat\/"]}]},{"@type":"ImageObject","inLanguage":"ru-RU","@id":"https:\/\/antaris.az\/m\u0259hsul\/r%c9%99hb%c9%99r-kreslosu-antonio-black-burokrat\/#primaryimage","url":"https:\/\/antaris.az\/wp-content\/uploads\/2022\/10\/Antonio_Black3.webp","contentUrl":"https:\/\/antaris.az\/wp-content\/uploads\/2022\/10\/Antonio_Black3.webp","width":800,"height":800,"caption":"kreslo"},{"@type":"BreadcrumbList","@id":"https:\/\/antaris.az\/m\u0259hsul\/r%c9%99hb%c9%99r-kreslosu-antonio-black-burokrat\/#breadcrumb","itemListElement":[{"@type":"ListItem","position":1,"name":"Home","item":"https:\/\/antaris.az\/"},{"@type":"ListItem","position":2,"name":"Ma\u011faza","item":"https:\/\/antaris.az\/ru\/shop\/"},{"@type":"ListItem","position":3,"name":"R\u0259hb\u0259r kreslosu ANTONIO Black Burokrat"}]},{"@type":"WebSite","@id":"https:\/\/antaris.az\/#website","url":"https:\/\/antaris.az\/","name":"Antaris","description":"Ofis, ev, m\u0259kt\u0259b \u00fc\u00e7\u00fcn h\u0259r \u015fey","publisher":{"@id":"https:\/\/antaris.az\/#organization"},"potentialAction":[{"@type":"SearchAction","target":{"@type":"EntryPoint","urlTemplate":"https:\/\/antaris.az\/?s={search_term_string}"},"query-input":{"@type":"PropertyValueSpecification","valueRequired":true,"valueName":"search_term_string"}}],"inLanguage":"ru-RU"},{"@type":"Organization","@id":"https:\/\/antaris.az\/#organization","name":"\u0410\u043d\u0442\u0430\u0440\u0438\u0441 \u0417\u0410\u041e","url":"https:\/\/antaris.az\/","logo":{"@type":"ImageObject","inLanguage":"ru-RU","@id":"https:\/\/antaris.az\/#\/schema\/logo\/image\/","url":"https:\/\/antaris.az\/wp-content\/uploads\/2025\/03\/Antaris-logo.png","contentUrl":"https:\/\/antaris.az\/wp-content\/uploads\/2025\/03\/Antaris-logo.png","width":500,"height":500,"caption":"Antaris QSC"},"image":{"@id":"https:\/\/antaris.az\/#\/schema\/logo\/image\/"},"sameAs":["https:\/\/www.facebook.com\/antaris.az\/","https:\/\/www.instagram.com\/antaris.az\/"]}]}},"_links":{"self":[{"href":"https:\/\/antaris.az\/ru\/wp-json\/wp\/v2\/product\/89912","targetHints":{"allow":["GET"]}}],"collection":[{"href":"https:\/\/antaris.az\/ru\/wp-json\/wp\/v2\/product"}],"about":[{"href":"https:\/\/antaris.az\/ru\/wp-json\/wp\/v2\/types\/product"}],"version-history":[{"count":0,"href":"https:\/\/antaris.az\/ru\/wp-json\/wp\/v2\/product\/89912\/revisions"}],"wp:featuredmedia":[{"embeddable":true,"href":"https:\/\/antaris.az\/ru\/wp-json\/wp\/v2\/media\/89916"}],"wp:attachment":[{"href":"https:\/\/antaris.az\/ru\/wp-json\/wp\/v2\/media?parent=89912"}],"wp:term":[{"taxonomy":"product_brand","embeddable":true,"href":"https:\/\/antaris.az\/ru\/wp-json\/wp\/v2\/product_brand?post=89912"},{"taxonomy":"product_cat","embeddable":true,"href":"https:\/\/antaris.az\/ru\/wp-json\/wp\/v2\/product_cat?post=89912"},{"taxonomy":"product_tag","embeddable":true,"href":"https:\/\/antaris.az\/ru\/wp-json\/wp\/v2\/product_tag?post=89912"}],"curies":[{"name":"wp","href":"https:\/\/api.w.org\/{rel}","templated":true}]}}