{"id":89729,"date":"2022-09-29T21:29:21","date_gmt":"2022-09-29T18:29:21","guid":{"rendered":"http:\/\/www2.antaris.az\/?post_type=product&#038;p=89729"},"modified":"2025-01-15T10:46:20","modified_gmt":"2025-01-15T06:46:20","slug":"isci-kreslosu-ch-w695nlt-or-tw-961-burokrat","status":"publish","type":"product","link":"https:\/\/antaris.az\/ru\/m\u0259hsul\/isci-kreslosu-ch-w695nlt-or-tw-961-burokrat\/","title":{"rendered":"\u0130\u015f\u00e7i kreslosu CH-W695NLT\/ OR\/TW-961 Burokrat"},"content":{"rendered":"","protected":false},"excerpt":{"rendered":"<p>N\u00f6v\u00fc: Torlu<br \/>\nBellik: Erqonomik\/ Oturaca\u011fa biti\u015fik<br \/>\nDirs\u0259kalt\u0131: Plastik<br \/>\nAyaqlar: Plastik<br \/>\nH\u00fcnd\u00fcrl\u00fck t\u0259nziml\u0259yici: Vakum qazlift<br \/>\n\u00d6l\u00e7\u00fcl\u0259ri: 990x455x440mm<br \/>\n\u00c7\u0259ki d\u00f6z\u00fcml\u00fcy\u00fc: 100kq<br \/>\nR\u0259ngi: Narinci<br \/>\nZ\u0259man\u0259t: 12ay<br \/>\n\u0130stehsal\u00e7\u0131 m\u0259hsul kodu: CH-W695NLT\/ OR\/TW-961<br \/>\nTicar\u0259t markas\u0131: Burokrat<br \/>\n\u0130stehsal \u00f6lk\u0259si: Rusiya<\/p>","protected":false},"featured_media":89726,"template":"","meta":{"_joinchat":[]},"product_brand":[],"product_cat":[762,2180,2292],"product_tag":[2094,2071,2091,2066,2099,2089,2092,2093,2098,2097,2096,2095,2103,2104,2090,2100,2101,2102,2068,2070],"class_list":{"0":"post-89729","1":"product","2":"type-product","3":"status-publish","4":"has-post-thumbnail","6":"product_cat-isci-kreslosu","7":"product_cat-mebel","8":"product_cat-usaq-kreslolari","9":"product_tag-dri-ofis-kreslo","10":"product_tag-isci-kreslosu","11":"product_tag-keyfiyytli-kreslo","12":"product_tag-kreslo","13":"product_tag-kreslo-bakida","14":"product_tag-kreslo-ofis-ucun","15":"product_tag-kreslo-satisi","16":"product_tag-kursulrin-satisi","17":"product_tag-mudur-kreslo","18":"product_tag-ofis-kreslo-kredit","19":"product_tag-ofis-kreslo-satilir","20":"product_tag-ofis-kreslosu-sederek","21":"product_tag-ofis-oturacaqlar","22":"product_tag-ofis-torlu-kreslo","23":"product_tag-rahat-kreslo","24":"product_tag-rhbr-kreslo","25":"product_tag-sederek-kreslo","26":"product_tag-ucuz-kreslolar","27":"product_tag-2068","28":"product_tag-2070","29":"pa_ayaglar-plastik","30":"pa_ayaglar-tekerli","31":"pa_bellik-oturacaga-bitisik","32":"pa_brand-burokrat","33":"pa_dirsekalti-plastik","34":"pa_material-torlu","35":"pa_reng-narinci","36":"pa_tenzimleyici-tenzimleyicili","38":"first","39":"instock","40":"shipping-taxable","41":"purchasable","42":"product-type-simple"},"yoast_head":"<!-- This site is optimized with the Yoast SEO plugin v27.4 - https:\/\/yoast.com\/product\/yoast-seo-wordpress\/ -->\n<title>Kreslo ofis \u00fc\u00e7\u00fcn almaq \u00e7atd\u0131r\u0131lma il\u0259 Bak\u0131da - Antaris<\/title>\n<meta name=\"description\" content=\"Kreslo ofis \u00fc\u00e7\u00fcn almaq \u00e7atd\u0131r\u0131lma il\u0259 Bak\u0131da - N\u00f6v\u00fc: Torlu Bellik: Erqonomik\/ Oturaca\u011fa biti\u015fik Dirs\u0259kalt\u0131: Plastik Ayaqlar: Plastik H\u00fcnd\u00fcrl\u00fck t\u0259nziml\u0259yici: Vakum qazlift \u00d6l\u00e7\u00fcl\u0259ri: 990x455x440mm \u00c7\u0259ki d\u00f6z\u00fcml\u00fcy\u00fc: 100kq R\u0259ngi: Narinci Z\u0259man\u0259t: 12ay \u0130stehsal\u00e7\u0131 m\u0259hsul kodu: CH-W695NLT\/ OR\/TW-961 Ticar\u0259t markas\u0131: Burokrat \u0130stehsal \u00f6lk\u0259si: Rusiya\" \/>\n<meta name=\"robots\" content=\"index, follow, max-snippet:-1, max-image-preview:large, max-video-preview:-1\" \/>\n<link rel=\"canonical\" href=\"https:\/\/antaris.az\/ru\/m\u0259hsul\/isci-kreslosu-ch-w695nlt-or-tw-961-burokrat\/\" \/>\n<meta property=\"og:locale\" content=\"ru_RU\" \/>\n<meta property=\"og:type\" content=\"article\" \/>\n<meta property=\"og:title\" content=\"Kreslo ofis \u00fc\u00e7\u00fcn almaq \u00e7atd\u0131r\u0131lma il\u0259 Bak\u0131da - Antaris\" \/>\n<meta property=\"og:description\" content=\"Kreslo ofis \u00fc\u00e7\u00fcn almaq \u00e7atd\u0131r\u0131lma il\u0259 Bak\u0131da - N\u00f6v\u00fc: Torlu Bellik: Erqonomik\/ Oturaca\u011fa biti\u015fik Dirs\u0259kalt\u0131: Plastik Ayaqlar: Plastik H\u00fcnd\u00fcrl\u00fck t\u0259nziml\u0259yici: Vakum qazlift \u00d6l\u00e7\u00fcl\u0259ri: 990x455x440mm \u00c7\u0259ki d\u00f6z\u00fcml\u00fcy\u00fc: 100kq R\u0259ngi: Narinci Z\u0259man\u0259t: 12ay \u0130stehsal\u00e7\u0131 m\u0259hsul kodu: CH-W695NLT\/ OR\/TW-961 Ticar\u0259t markas\u0131: Burokrat \u0130stehsal \u00f6lk\u0259si: Rusiya\" \/>\n<meta property=\"og:url\" content=\"https:\/\/antaris.az\/ru\/m\u0259hsul\/isci-kreslosu-ch-w695nlt-or-tw-961-burokrat\/\" \/>\n<meta property=\"og:site_name\" content=\"Antaris\" \/>\n<meta property=\"article:publisher\" content=\"https:\/\/www.facebook.com\/antaris.az\/\" \/>\n<meta property=\"article:modified_time\" content=\"2025-01-15T06:46:20+00:00\" \/>\n<meta property=\"og:image\" content=\"https:\/\/antaris.az\/wp-content\/uploads\/2022\/09\/CH-W695N_DB_TW_10N.webp\" \/>\n\t<meta property=\"og:image:width\" content=\"800\" \/>\n\t<meta property=\"og:image:height\" content=\"800\" \/>\n\t<meta property=\"og:image:type\" content=\"image\/webp\" \/>\n<script type=\"application\/ld+json\" class=\"yoast-schema-graph\">{\"@context\":\"https:\\\/\\\/schema.org\",\"@graph\":[{\"@type\":\"WebPage\",\"@id\":\"https:\\\/\\\/antaris.az\\\/m\u0259hsul\\\/isci-kreslosu-ch-w695nlt-or-tw-961-burokrat\\\/\",\"url\":\"https:\\\/\\\/antaris.az\\\/m\u0259hsul\\\/isci-kreslosu-ch-w695nlt-or-tw-961-burokrat\\\/\",\"name\":\"Kreslo ofis \u00fc\u00e7\u00fcn almaq \u00e7atd\u0131r\u0131lma il\u0259 Bak\u0131da - Antaris\",\"isPartOf\":{\"@id\":\"https:\\\/\\\/antaris.az\\\/#website\"},\"primaryImageOfPage\":{\"@id\":\"https:\\\/\\\/antaris.az\\\/m\u0259hsul\\\/isci-kreslosu-ch-w695nlt-or-tw-961-burokrat\\\/#primaryimage\"},\"image\":{\"@id\":\"https:\\\/\\\/antaris.az\\\/m\u0259hsul\\\/isci-kreslosu-ch-w695nlt-or-tw-961-burokrat\\\/#primaryimage\"},\"thumbnailUrl\":\"https:\\\/\\\/antaris.az\\\/wp-content\\\/uploads\\\/2022\\\/09\\\/CH-W695N_DB_TW_10N.webp\",\"datePublished\":\"2022-09-29T18:29:21+00:00\",\"dateModified\":\"2025-01-15T06:46:20+00:00\",\"description\":\"Kreslo ofis \u00fc\u00e7\u00fcn almaq \u00e7atd\u0131r\u0131lma il\u0259 Bak\u0131da - N\u00f6v\u00fc: Torlu Bellik: Erqonomik\\\/ Oturaca\u011fa biti\u015fik Dirs\u0259kalt\u0131: Plastik Ayaqlar: Plastik H\u00fcnd\u00fcrl\u00fck t\u0259nziml\u0259yici: Vakum qazlift \u00d6l\u00e7\u00fcl\u0259ri: 990x455x440mm \u00c7\u0259ki d\u00f6z\u00fcml\u00fcy\u00fc: 100kq R\u0259ngi: Narinci Z\u0259man\u0259t: 12ay \u0130stehsal\u00e7\u0131 m\u0259hsul kodu: CH-W695NLT\\\/ OR\\\/TW-961 Ticar\u0259t markas\u0131: Burokrat \u0130stehsal \u00f6lk\u0259si: Rusiya\",\"breadcrumb\":{\"@id\":\"https:\\\/\\\/antaris.az\\\/m\u0259hsul\\\/isci-kreslosu-ch-w695nlt-or-tw-961-burokrat\\\/#breadcrumb\"},\"inLanguage\":\"ru-RU\",\"potentialAction\":[{\"@type\":\"ReadAction\",\"target\":[\"https:\\\/\\\/antaris.az\\\/m\u0259hsul\\\/isci-kreslosu-ch-w695nlt-or-tw-961-burokrat\\\/\"]}]},{\"@type\":\"ImageObject\",\"inLanguage\":\"ru-RU\",\"@id\":\"https:\\\/\\\/antaris.az\\\/m\u0259hsul\\\/isci-kreslosu-ch-w695nlt-or-tw-961-burokrat\\\/#primaryimage\",\"url\":\"https:\\\/\\\/antaris.az\\\/wp-content\\\/uploads\\\/2022\\\/09\\\/CH-W695N_DB_TW_10N.webp\",\"contentUrl\":\"https:\\\/\\\/antaris.az\\\/wp-content\\\/uploads\\\/2022\\\/09\\\/CH-W695N_DB_TW_10N.webp\",\"width\":800,\"height\":800,\"caption\":\"kreslo\"},{\"@type\":\"BreadcrumbList\",\"@id\":\"https:\\\/\\\/antaris.az\\\/m\u0259hsul\\\/isci-kreslosu-ch-w695nlt-or-tw-961-burokrat\\\/#breadcrumb\",\"itemListElement\":[{\"@type\":\"ListItem\",\"position\":1,\"name\":\"Home\",\"item\":\"https:\\\/\\\/antaris.az\\\/\"},{\"@type\":\"ListItem\",\"position\":2,\"name\":\"Ma\u011faza\",\"item\":\"https:\\\/\\\/antaris.az\\\/ru\\\/shop\\\/\"},{\"@type\":\"ListItem\",\"position\":3,\"name\":\"\u0130\u015f\u00e7i kreslosu CH-W695NLT\\\/ OR\\\/TW-961 Burokrat\"}]},{\"@type\":\"WebSite\",\"@id\":\"https:\\\/\\\/antaris.az\\\/#website\",\"url\":\"https:\\\/\\\/antaris.az\\\/\",\"name\":\"Antaris\",\"description\":\"Ofis, ev, m\u0259kt\u0259b \u00fc\u00e7\u00fcn h\u0259r \u015fey\",\"publisher\":{\"@id\":\"https:\\\/\\\/antaris.az\\\/#organization\"},\"potentialAction\":[{\"@type\":\"SearchAction\",\"target\":{\"@type\":\"EntryPoint\",\"urlTemplate\":\"https:\\\/\\\/antaris.az\\\/?s={search_term_string}\"},\"query-input\":{\"@type\":\"PropertyValueSpecification\",\"valueRequired\":true,\"valueName\":\"search_term_string\"}}],\"inLanguage\":\"ru-RU\"},{\"@type\":\"Organization\",\"@id\":\"https:\\\/\\\/antaris.az\\\/#organization\",\"name\":\"Antaris QSC\",\"url\":\"https:\\\/\\\/antaris.az\\\/\",\"logo\":{\"@type\":\"ImageObject\",\"inLanguage\":\"ru-RU\",\"@id\":\"https:\\\/\\\/antaris.az\\\/#\\\/schema\\\/logo\\\/image\\\/\",\"url\":\"https:\\\/\\\/antaris.az\\\/wp-content\\\/uploads\\\/2025\\\/03\\\/Antaris-logo.png\",\"contentUrl\":\"https:\\\/\\\/antaris.az\\\/wp-content\\\/uploads\\\/2025\\\/03\\\/Antaris-logo.png\",\"width\":500,\"height\":500,\"caption\":\"Antaris QSC\"},\"image\":{\"@id\":\"https:\\\/\\\/antaris.az\\\/#\\\/schema\\\/logo\\\/image\\\/\"},\"sameAs\":[\"https:\\\/\\\/www.facebook.com\\\/antaris.az\\\/\",\"https:\\\/\\\/www.instagram.com\\\/antaris.az\\\/\"]}]}<\/script>\n<!-- \/ Yoast SEO plugin. -->","yoast_head_json":{"title":"Kreslo ofis \u00fc\u00e7\u00fcn almaq \u00e7atd\u0131r\u0131lma il\u0259 Bak\u0131da - Antaris","description":"Kreslo ofis \u00fc\u00e7\u00fcn almaq \u00e7atd\u0131r\u0131lma il\u0259 Bak\u0131da - N\u00f6v\u00fc: Torlu Bellik: Erqonomik\/ Oturaca\u011fa biti\u015fik Dirs\u0259kalt\u0131: Plastik Ayaqlar: Plastik H\u00fcnd\u00fcrl\u00fck t\u0259nziml\u0259yici: Vakum qazlift \u00d6l\u00e7\u00fcl\u0259ri: 990x455x440mm \u00c7\u0259ki d\u00f6z\u00fcml\u00fcy\u00fc: 100kq R\u0259ngi: Narinci Z\u0259man\u0259t: 12ay \u0130stehsal\u00e7\u0131 m\u0259hsul kodu: CH-W695NLT\/ OR\/TW-961 Ticar\u0259t markas\u0131: Burokrat \u0130stehsal \u00f6lk\u0259si: Rusiya","robots":{"index":"index","follow":"follow","max-snippet":"max-snippet:-1","max-image-preview":"max-image-preview:large","max-video-preview":"max-video-preview:-1"},"canonical":"https:\/\/antaris.az\/ru\/m\u0259hsul\/isci-kreslosu-ch-w695nlt-or-tw-961-burokrat\/","og_locale":"ru_RU","og_type":"article","og_title":"Kreslo ofis \u00fc\u00e7\u00fcn almaq \u00e7atd\u0131r\u0131lma il\u0259 Bak\u0131da - Antaris","og_description":"Kreslo ofis \u00fc\u00e7\u00fcn almaq \u00e7atd\u0131r\u0131lma il\u0259 Bak\u0131da - N\u00f6v\u00fc: Torlu Bellik: Erqonomik\/ Oturaca\u011fa biti\u015fik Dirs\u0259kalt\u0131: Plastik Ayaqlar: Plastik H\u00fcnd\u00fcrl\u00fck t\u0259nziml\u0259yici: Vakum qazlift \u00d6l\u00e7\u00fcl\u0259ri: 990x455x440mm \u00c7\u0259ki d\u00f6z\u00fcml\u00fcy\u00fc: 100kq R\u0259ngi: Narinci Z\u0259man\u0259t: 12ay \u0130stehsal\u00e7\u0131 m\u0259hsul kodu: CH-W695NLT\/ OR\/TW-961 Ticar\u0259t markas\u0131: Burokrat \u0130stehsal \u00f6lk\u0259si: Rusiya","og_url":"https:\/\/antaris.az\/ru\/m\u0259hsul\/isci-kreslosu-ch-w695nlt-or-tw-961-burokrat\/","og_site_name":"Antaris","article_publisher":"https:\/\/www.facebook.com\/antaris.az\/","article_modified_time":"2025-01-15T06:46:20+00:00","og_image":[{"width":800,"height":800,"url":"https:\/\/antaris.az\/wp-content\/uploads\/2022\/09\/CH-W695N_DB_TW_10N.webp","type":"image\/webp"}],"schema":{"@context":"https:\/\/schema.org","@graph":[{"@type":"WebPage","@id":"https:\/\/antaris.az\/m\u0259hsul\/isci-kreslosu-ch-w695nlt-or-tw-961-burokrat\/","url":"https:\/\/antaris.az\/m\u0259hsul\/isci-kreslosu-ch-w695nlt-or-tw-961-burokrat\/","name":"Kreslo ofis \u00fc\u00e7\u00fcn almaq \u00e7atd\u0131r\u0131lma il\u0259 Bak\u0131da - Antaris","isPartOf":{"@id":"https:\/\/antaris.az\/#website"},"primaryImageOfPage":{"@id":"https:\/\/antaris.az\/m\u0259hsul\/isci-kreslosu-ch-w695nlt-or-tw-961-burokrat\/#primaryimage"},"image":{"@id":"https:\/\/antaris.az\/m\u0259hsul\/isci-kreslosu-ch-w695nlt-or-tw-961-burokrat\/#primaryimage"},"thumbnailUrl":"https:\/\/antaris.az\/wp-content\/uploads\/2022\/09\/CH-W695N_DB_TW_10N.webp","datePublished":"2022-09-29T18:29:21+00:00","dateModified":"2025-01-15T06:46:20+00:00","description":"Kreslo ofis \u00fc\u00e7\u00fcn almaq \u00e7atd\u0131r\u0131lma il\u0259 Bak\u0131da - N\u00f6v\u00fc: Torlu Bellik: Erqonomik\/ Oturaca\u011fa biti\u015fik Dirs\u0259kalt\u0131: Plastik Ayaqlar: Plastik H\u00fcnd\u00fcrl\u00fck t\u0259nziml\u0259yici: Vakum qazlift \u00d6l\u00e7\u00fcl\u0259ri: 990x455x440mm \u00c7\u0259ki d\u00f6z\u00fcml\u00fcy\u00fc: 100kq R\u0259ngi: Narinci Z\u0259man\u0259t: 12ay \u0130stehsal\u00e7\u0131 m\u0259hsul kodu: CH-W695NLT\/ OR\/TW-961 Ticar\u0259t markas\u0131: Burokrat \u0130stehsal \u00f6lk\u0259si: Rusiya","breadcrumb":{"@id":"https:\/\/antaris.az\/m\u0259hsul\/isci-kreslosu-ch-w695nlt-or-tw-961-burokrat\/#breadcrumb"},"inLanguage":"ru-RU","potentialAction":[{"@type":"ReadAction","target":["https:\/\/antaris.az\/m\u0259hsul\/isci-kreslosu-ch-w695nlt-or-tw-961-burokrat\/"]}]},{"@type":"ImageObject","inLanguage":"ru-RU","@id":"https:\/\/antaris.az\/m\u0259hsul\/isci-kreslosu-ch-w695nlt-or-tw-961-burokrat\/#primaryimage","url":"https:\/\/antaris.az\/wp-content\/uploads\/2022\/09\/CH-W695N_DB_TW_10N.webp","contentUrl":"https:\/\/antaris.az\/wp-content\/uploads\/2022\/09\/CH-W695N_DB_TW_10N.webp","width":800,"height":800,"caption":"kreslo"},{"@type":"BreadcrumbList","@id":"https:\/\/antaris.az\/m\u0259hsul\/isci-kreslosu-ch-w695nlt-or-tw-961-burokrat\/#breadcrumb","itemListElement":[{"@type":"ListItem","position":1,"name":"Home","item":"https:\/\/antaris.az\/"},{"@type":"ListItem","position":2,"name":"Ma\u011faza","item":"https:\/\/antaris.az\/ru\/shop\/"},{"@type":"ListItem","position":3,"name":"\u0130\u015f\u00e7i kreslosu CH-W695NLT\/ OR\/TW-961 Burokrat"}]},{"@type":"WebSite","@id":"https:\/\/antaris.az\/#website","url":"https:\/\/antaris.az\/","name":"Antaris","description":"Ofis, ev, m\u0259kt\u0259b \u00fc\u00e7\u00fcn h\u0259r \u015fey","publisher":{"@id":"https:\/\/antaris.az\/#organization"},"potentialAction":[{"@type":"SearchAction","target":{"@type":"EntryPoint","urlTemplate":"https:\/\/antaris.az\/?s={search_term_string}"},"query-input":{"@type":"PropertyValueSpecification","valueRequired":true,"valueName":"search_term_string"}}],"inLanguage":"ru-RU"},{"@type":"Organization","@id":"https:\/\/antaris.az\/#organization","name":"\u0410\u043d\u0442\u0430\u0440\u0438\u0441 \u0417\u0410\u041e","url":"https:\/\/antaris.az\/","logo":{"@type":"ImageObject","inLanguage":"ru-RU","@id":"https:\/\/antaris.az\/#\/schema\/logo\/image\/","url":"https:\/\/antaris.az\/wp-content\/uploads\/2025\/03\/Antaris-logo.png","contentUrl":"https:\/\/antaris.az\/wp-content\/uploads\/2025\/03\/Antaris-logo.png","width":500,"height":500,"caption":"Antaris QSC"},"image":{"@id":"https:\/\/antaris.az\/#\/schema\/logo\/image\/"},"sameAs":["https:\/\/www.facebook.com\/antaris.az\/","https:\/\/www.instagram.com\/antaris.az\/"]}]}},"_links":{"self":[{"href":"https:\/\/antaris.az\/ru\/wp-json\/wp\/v2\/product\/89729","targetHints":{"allow":["GET"]}}],"collection":[{"href":"https:\/\/antaris.az\/ru\/wp-json\/wp\/v2\/product"}],"about":[{"href":"https:\/\/antaris.az\/ru\/wp-json\/wp\/v2\/types\/product"}],"version-history":[{"count":0,"href":"https:\/\/antaris.az\/ru\/wp-json\/wp\/v2\/product\/89729\/revisions"}],"wp:featuredmedia":[{"embeddable":true,"href":"https:\/\/antaris.az\/ru\/wp-json\/wp\/v2\/media\/89726"}],"wp:attachment":[{"href":"https:\/\/antaris.az\/ru\/wp-json\/wp\/v2\/media?parent=89729"}],"wp:term":[{"taxonomy":"product_brand","embeddable":true,"href":"https:\/\/antaris.az\/ru\/wp-json\/wp\/v2\/product_brand?post=89729"},{"taxonomy":"product_cat","embeddable":true,"href":"https:\/\/antaris.az\/ru\/wp-json\/wp\/v2\/product_cat?post=89729"},{"taxonomy":"product_tag","embeddable":true,"href":"https:\/\/antaris.az\/ru\/wp-json\/wp\/v2\/product_tag?post=89729"}],"curies":[{"name":"wp","href":"https:\/\/api.w.org\/{rel}","templated":true}]}}