{"id":86112,"date":"2022-07-20T13:43:50","date_gmt":"2022-07-20T10:43:50","guid":{"rendered":"http:\/\/www2.antaris.az\/?post_type=product&#038;p=86112"},"modified":"2025-02-25T16:00:10","modified_gmt":"2025-02-25T12:00:10","slug":"seyf-msr-30-e-red-griffon","status":"publish","type":"product","link":"https:\/\/antaris.az\/ru\/m\u0259hsul\/seyf-msr-30-e-red-griffon\/","title":{"rendered":"Seyf MSR.30.E RED Griffon"},"content":{"rendered":"","protected":false},"excerpt":{"rendered":"<p>N\u00f6v\u00fc: Mebel Seyfi<br \/>\n\u0421\u0438\u0441\u0442\u0435\u043c\u0430 \u0431\u043b\u043e\u043a\u0438\u0440\u043e\u0432\u043a\u0438: \u042d\u043b\u0435\u043a\u0442\u0440\u043e\u043d\u043d\u044b\u0439 \u043a\u043e\u0434<br \/>\n\u00c7\u00f6l \u00f6l\u00e7\u00fcl\u0259ri: 300x380x320 mm;<br \/>\nDaxili \u00f6l\u00e7\u00fcl\u0259ri: 296x376x264 mm;<br \/>\n\u00c7\u0259ki: 15 kq<br \/>\nH\u0259cmi: 29 l<br \/>\nG\u00f6vd\u0259nin metal\u0131n qal\u0131nl\u0131\u011f\u0131: 2 v\u0259 4 mm<br \/>\nR\u0259f v\u0259 kassa say\u0131: 1 \u0259d<br \/>\n\u018flav\u0259: D\u00f6\u015f\u0259m\u0259y\u0259 v\u0259 divara anker boltlar\u0131 il\u0259 ba\u011flama imkan\u0131<br \/>\n\u0413\u0430\u0440\u0430\u043d\u0442\u0438\u044f \u043d\u0430 \u0437\u0430\u043c\u043e\u043a: 1 \u0433\u043e\u0434<br \/>\n\u0130stehsal\u00e7\u0131 m\u0259hsul kodu: MSR.30.E RED<br \/>\n\u0422\u043e\u0440\u0433\u043e\u0432\u0430\u044f \u043c\u0430\u0440\u043a\u0430: Griffon<br \/>\n\u0421\u0442\u0440\u0430\u043d\u0430 \u043f\u0440\u043e\u0438\u0437\u0432\u043e\u0434\u0438\u0442\u0435\u043b\u044c: \u0423\u043a\u0440\u0430\u0438\u043d\u0430<\/p>","protected":false},"featured_media":86113,"template":"","meta":{"_joinchat":[]},"product_brand":[],"product_cat":[755,2180],"product_tag":[812],"class_list":{"0":"post-86112","1":"product","2":"type-product","3":"status-publish","4":"has-post-thumbnail","6":"product_cat-otel_ev_seyfleri","7":"product_cat-mebel","8":"product_tag-seyf","9":"pa_brand-griffon","11":"first","12":"instock","13":"sale","14":"shipping-taxable","15":"purchasable","16":"product-type-simple"},"yoast_head":"<!-- This site is optimized with the Yoast SEO plugin v27.4 - https:\/\/yoast.com\/product\/yoast-seo-wordpress\/ -->\n<title>Seyf MSR.30.E RED Griffon Bak\u0131da s\u0259rf\u0259li almaq - Antaris<\/title>\n<meta name=\"robots\" content=\"index, follow, max-snippet:-1, max-image-preview:large, max-video-preview:-1\" \/>\n<link rel=\"canonical\" href=\"https:\/\/antaris.az\/ru\/m\u0259hsul\/seyf-msr-30-e-red-griffon\/\" \/>\n<meta property=\"og:locale\" content=\"ru_RU\" \/>\n<meta property=\"og:type\" content=\"article\" \/>\n<meta property=\"og:title\" content=\"Seyf MSR.30.E RED Griffon Bak\u0131da s\u0259rf\u0259li almaq - Antaris\" \/>\n<meta property=\"og:description\" content=\"N\u00f6v\u00fc: Mebel Seyfi Kilid sistemi: Elektron kod \u00c7\u00f6l \u00f6l\u00e7\u00fcl\u0259ri: 300x380x320 mm; Daxili \u00f6l\u00e7\u00fcl\u0259ri: 296x376x264 mm; \u00c7\u0259ki: 15 kq H\u0259cmi: 29 l G\u00f6vd\u0259nin metal\u0131n qal\u0131nl\u0131\u011f\u0131: 2 v\u0259 4 mm R\u0259f v\u0259 kassa say\u0131: 1 \u0259d \u018flav\u0259: D\u00f6\u015f\u0259m\u0259y\u0259 v\u0259 divara anker boltlar\u0131 il\u0259 ba\u011flama imkan\u0131 Kilid z\u0259man\u0259ti: 1 il \u0130stehsal\u00e7\u0131 m\u0259hsul kodu: MSR.30.E RED Ticar\u0259t markas\u0131: Griffon \u0130stehsal \u00f6lk\u0259si: Ukrayna\" \/>\n<meta property=\"og:url\" content=\"https:\/\/antaris.az\/ru\/m\u0259hsul\/seyf-msr-30-e-red-griffon\/\" \/>\n<meta property=\"og:site_name\" content=\"Antaris\" \/>\n<meta property=\"article:publisher\" content=\"https:\/\/www.facebook.com\/antaris.az\/\" \/>\n<meta property=\"article:modified_time\" content=\"2025-02-25T12:00:10+00:00\" \/>\n<meta property=\"og:image\" content=\"https:\/\/antaris.az\/wp-content\/uploads\/2022\/07\/1-.MSR_.30.E-RED.webp\" \/>\n\t<meta property=\"og:image:width\" content=\"800\" \/>\n\t<meta property=\"og:image:height\" content=\"800\" \/>\n\t<meta property=\"og:image:type\" content=\"image\/webp\" \/>\n<script type=\"application\/ld+json\" class=\"yoast-schema-graph\">{\"@context\":\"https:\\\/\\\/schema.org\",\"@graph\":[{\"@type\":\"WebPage\",\"@id\":\"https:\\\/\\\/antaris.az\\\/ru\\\/m\u0259hsul\\\/seyf-msr-30-e-red-griffon\\\/\",\"url\":\"https:\\\/\\\/antaris.az\\\/ru\\\/m\u0259hsul\\\/seyf-msr-30-e-red-griffon\\\/\",\"name\":\"Seyf MSR.30.E RED Griffon Bak\u0131da s\u0259rf\u0259li almaq - Antaris\",\"isPartOf\":{\"@id\":\"https:\\\/\\\/antaris.az\\\/#website\"},\"primaryImageOfPage\":{\"@id\":\"https:\\\/\\\/antaris.az\\\/ru\\\/m\u0259hsul\\\/seyf-msr-30-e-red-griffon\\\/#primaryimage\"},\"image\":{\"@id\":\"https:\\\/\\\/antaris.az\\\/ru\\\/m\u0259hsul\\\/seyf-msr-30-e-red-griffon\\\/#primaryimage\"},\"thumbnailUrl\":\"https:\\\/\\\/antaris.az\\\/wp-content\\\/uploads\\\/2022\\\/07\\\/1-.MSR_.30.E-RED.webp\",\"datePublished\":\"2022-07-20T10:43:50+00:00\",\"dateModified\":\"2025-02-25T12:00:10+00:00\",\"breadcrumb\":{\"@id\":\"https:\\\/\\\/antaris.az\\\/ru\\\/m\u0259hsul\\\/seyf-msr-30-e-red-griffon\\\/#breadcrumb\"},\"inLanguage\":\"ru-RU\",\"potentialAction\":[{\"@type\":\"ReadAction\",\"target\":[\"https:\\\/\\\/antaris.az\\\/ru\\\/m\u0259hsul\\\/seyf-msr-30-e-red-griffon\\\/\"]}]},{\"@type\":\"ImageObject\",\"inLanguage\":\"ru-RU\",\"@id\":\"https:\\\/\\\/antaris.az\\\/ru\\\/m\u0259hsul\\\/seyf-msr-30-e-red-griffon\\\/#primaryimage\",\"url\":\"https:\\\/\\\/antaris.az\\\/wp-content\\\/uploads\\\/2022\\\/07\\\/1-.MSR_.30.E-RED.webp\",\"contentUrl\":\"https:\\\/\\\/antaris.az\\\/wp-content\\\/uploads\\\/2022\\\/07\\\/1-.MSR_.30.E-RED.webp\",\"width\":800,\"height\":800,\"caption\":\"seyf\"},{\"@type\":\"BreadcrumbList\",\"@id\":\"https:\\\/\\\/antaris.az\\\/ru\\\/m\u0259hsul\\\/seyf-msr-30-e-red-griffon\\\/#breadcrumb\",\"itemListElement\":[{\"@type\":\"ListItem\",\"position\":1,\"name\":\"Home\",\"item\":\"https:\\\/\\\/antaris.az\\\/\"},{\"@type\":\"ListItem\",\"position\":2,\"name\":\"Ma\u011faza\",\"item\":\"https:\\\/\\\/antaris.az\\\/ru\\\/shop\\\/\"},{\"@type\":\"ListItem\",\"position\":3,\"name\":\"Seyf MSR.30.E RED Griffon\"}]},{\"@type\":\"WebSite\",\"@id\":\"https:\\\/\\\/antaris.az\\\/#website\",\"url\":\"https:\\\/\\\/antaris.az\\\/\",\"name\":\"Antaris\",\"description\":\"Ofis, ev, m\u0259kt\u0259b \u00fc\u00e7\u00fcn h\u0259r \u015fey\",\"publisher\":{\"@id\":\"https:\\\/\\\/antaris.az\\\/#organization\"},\"potentialAction\":[{\"@type\":\"SearchAction\",\"target\":{\"@type\":\"EntryPoint\",\"urlTemplate\":\"https:\\\/\\\/antaris.az\\\/?s={search_term_string}\"},\"query-input\":{\"@type\":\"PropertyValueSpecification\",\"valueRequired\":true,\"valueName\":\"search_term_string\"}}],\"inLanguage\":\"ru-RU\"},{\"@type\":\"Organization\",\"@id\":\"https:\\\/\\\/antaris.az\\\/#organization\",\"name\":\"Antaris QSC\",\"url\":\"https:\\\/\\\/antaris.az\\\/\",\"logo\":{\"@type\":\"ImageObject\",\"inLanguage\":\"ru-RU\",\"@id\":\"https:\\\/\\\/antaris.az\\\/#\\\/schema\\\/logo\\\/image\\\/\",\"url\":\"https:\\\/\\\/antaris.az\\\/wp-content\\\/uploads\\\/2025\\\/03\\\/Antaris-logo.png\",\"contentUrl\":\"https:\\\/\\\/antaris.az\\\/wp-content\\\/uploads\\\/2025\\\/03\\\/Antaris-logo.png\",\"width\":500,\"height\":500,\"caption\":\"Antaris QSC\"},\"image\":{\"@id\":\"https:\\\/\\\/antaris.az\\\/#\\\/schema\\\/logo\\\/image\\\/\"},\"sameAs\":[\"https:\\\/\\\/www.facebook.com\\\/antaris.az\\\/\",\"https:\\\/\\\/www.instagram.com\\\/antaris.az\\\/\"]}]}<\/script>\n<!-- \/ Yoast SEO plugin. -->","yoast_head_json":{"title":"Seyf MSR.30.E RED Griffon Bak\u0131da s\u0259rf\u0259li almaq - Antaris","robots":{"index":"index","follow":"follow","max-snippet":"max-snippet:-1","max-image-preview":"max-image-preview:large","max-video-preview":"max-video-preview:-1"},"canonical":"https:\/\/antaris.az\/ru\/m\u0259hsul\/seyf-msr-30-e-red-griffon\/","og_locale":"ru_RU","og_type":"article","og_title":"Seyf MSR.30.E RED Griffon Bak\u0131da s\u0259rf\u0259li almaq - Antaris","og_description":"N\u00f6v\u00fc: Mebel Seyfi Kilid sistemi: Elektron kod \u00c7\u00f6l \u00f6l\u00e7\u00fcl\u0259ri: 300x380x320 mm; Daxili \u00f6l\u00e7\u00fcl\u0259ri: 296x376x264 mm; \u00c7\u0259ki: 15 kq H\u0259cmi: 29 l G\u00f6vd\u0259nin metal\u0131n qal\u0131nl\u0131\u011f\u0131: 2 v\u0259 4 mm R\u0259f v\u0259 kassa say\u0131: 1 \u0259d \u018flav\u0259: D\u00f6\u015f\u0259m\u0259y\u0259 v\u0259 divara anker boltlar\u0131 il\u0259 ba\u011flama imkan\u0131 Kilid z\u0259man\u0259ti: 1 il \u0130stehsal\u00e7\u0131 m\u0259hsul kodu: MSR.30.E RED Ticar\u0259t markas\u0131: Griffon \u0130stehsal \u00f6lk\u0259si: Ukrayna","og_url":"https:\/\/antaris.az\/ru\/m\u0259hsul\/seyf-msr-30-e-red-griffon\/","og_site_name":"Antaris","article_publisher":"https:\/\/www.facebook.com\/antaris.az\/","article_modified_time":"2025-02-25T12:00:10+00:00","og_image":[{"width":800,"height":800,"url":"https:\/\/antaris.az\/wp-content\/uploads\/2022\/07\/1-.MSR_.30.E-RED.webp","type":"image\/webp"}],"schema":{"@context":"https:\/\/schema.org","@graph":[{"@type":"WebPage","@id":"https:\/\/antaris.az\/ru\/m\u0259hsul\/seyf-msr-30-e-red-griffon\/","url":"https:\/\/antaris.az\/ru\/m\u0259hsul\/seyf-msr-30-e-red-griffon\/","name":"Seyf MSR.30.E RED Griffon Bak\u0131da s\u0259rf\u0259li almaq - Antaris","isPartOf":{"@id":"https:\/\/antaris.az\/#website"},"primaryImageOfPage":{"@id":"https:\/\/antaris.az\/ru\/m\u0259hsul\/seyf-msr-30-e-red-griffon\/#primaryimage"},"image":{"@id":"https:\/\/antaris.az\/ru\/m\u0259hsul\/seyf-msr-30-e-red-griffon\/#primaryimage"},"thumbnailUrl":"https:\/\/antaris.az\/wp-content\/uploads\/2022\/07\/1-.MSR_.30.E-RED.webp","datePublished":"2022-07-20T10:43:50+00:00","dateModified":"2025-02-25T12:00:10+00:00","breadcrumb":{"@id":"https:\/\/antaris.az\/ru\/m\u0259hsul\/seyf-msr-30-e-red-griffon\/#breadcrumb"},"inLanguage":"ru-RU","potentialAction":[{"@type":"ReadAction","target":["https:\/\/antaris.az\/ru\/m\u0259hsul\/seyf-msr-30-e-red-griffon\/"]}]},{"@type":"ImageObject","inLanguage":"ru-RU","@id":"https:\/\/antaris.az\/ru\/m\u0259hsul\/seyf-msr-30-e-red-griffon\/#primaryimage","url":"https:\/\/antaris.az\/wp-content\/uploads\/2022\/07\/1-.MSR_.30.E-RED.webp","contentUrl":"https:\/\/antaris.az\/wp-content\/uploads\/2022\/07\/1-.MSR_.30.E-RED.webp","width":800,"height":800,"caption":"seyf"},{"@type":"BreadcrumbList","@id":"https:\/\/antaris.az\/ru\/m\u0259hsul\/seyf-msr-30-e-red-griffon\/#breadcrumb","itemListElement":[{"@type":"ListItem","position":1,"name":"Home","item":"https:\/\/antaris.az\/"},{"@type":"ListItem","position":2,"name":"Ma\u011faza","item":"https:\/\/antaris.az\/ru\/shop\/"},{"@type":"ListItem","position":3,"name":"Seyf MSR.30.E RED Griffon"}]},{"@type":"WebSite","@id":"https:\/\/antaris.az\/#website","url":"https:\/\/antaris.az\/","name":"Antaris","description":"Ofis, ev, m\u0259kt\u0259b \u00fc\u00e7\u00fcn h\u0259r \u015fey","publisher":{"@id":"https:\/\/antaris.az\/#organization"},"potentialAction":[{"@type":"SearchAction","target":{"@type":"EntryPoint","urlTemplate":"https:\/\/antaris.az\/?s={search_term_string}"},"query-input":{"@type":"PropertyValueSpecification","valueRequired":true,"valueName":"search_term_string"}}],"inLanguage":"ru-RU"},{"@type":"Organization","@id":"https:\/\/antaris.az\/#organization","name":"\u0410\u043d\u0442\u0430\u0440\u0438\u0441 \u0417\u0410\u041e","url":"https:\/\/antaris.az\/","logo":{"@type":"ImageObject","inLanguage":"ru-RU","@id":"https:\/\/antaris.az\/#\/schema\/logo\/image\/","url":"https:\/\/antaris.az\/wp-content\/uploads\/2025\/03\/Antaris-logo.png","contentUrl":"https:\/\/antaris.az\/wp-content\/uploads\/2025\/03\/Antaris-logo.png","width":500,"height":500,"caption":"Antaris QSC"},"image":{"@id":"https:\/\/antaris.az\/#\/schema\/logo\/image\/"},"sameAs":["https:\/\/www.facebook.com\/antaris.az\/","https:\/\/www.instagram.com\/antaris.az\/"]}]}},"_links":{"self":[{"href":"https:\/\/antaris.az\/ru\/wp-json\/wp\/v2\/product\/86112","targetHints":{"allow":["GET"]}}],"collection":[{"href":"https:\/\/antaris.az\/ru\/wp-json\/wp\/v2\/product"}],"about":[{"href":"https:\/\/antaris.az\/ru\/wp-json\/wp\/v2\/types\/product"}],"version-history":[{"count":0,"href":"https:\/\/antaris.az\/ru\/wp-json\/wp\/v2\/product\/86112\/revisions"}],"wp:featuredmedia":[{"embeddable":true,"href":"https:\/\/antaris.az\/ru\/wp-json\/wp\/v2\/media\/86113"}],"wp:attachment":[{"href":"https:\/\/antaris.az\/ru\/wp-json\/wp\/v2\/media?parent=86112"}],"wp:term":[{"taxonomy":"product_brand","embeddable":true,"href":"https:\/\/antaris.az\/ru\/wp-json\/wp\/v2\/product_brand?post=86112"},{"taxonomy":"product_cat","embeddable":true,"href":"https:\/\/antaris.az\/ru\/wp-json\/wp\/v2\/product_cat?post=86112"},{"taxonomy":"product_tag","embeddable":true,"href":"https:\/\/antaris.az\/ru\/wp-json\/wp\/v2\/product_tag?post=86112"}],"curies":[{"name":"wp","href":"https:\/\/api.w.org\/{rel}","templated":true}]}}