{"id":85118,"date":"2022-06-15T15:34:55","date_gmt":"2022-06-15T12:34:55","guid":{"rendered":"http:\/\/www2.antaris.az\/?post_type=product&#038;p=85118"},"modified":"2024-11-26T16:07:07","modified_gmt":"2024-11-26T12:07:07","slug":"boya-quas-40ml-stariy-master-qamma","status":"publish","type":"product","link":"https:\/\/antaris.az\/ru\/m\u0259hsul\/boya-quas-40ml-stariy-master-qamma\/","title":{"rendered":"Boya qua\u015f 40ml STARIY MASTER Qamma"},"content":{"rendered":"<p>&nbsp;<\/p>\n<p>&nbsp;<\/p>","protected":false},"excerpt":{"rendered":"<p>Ticar\u0259t markas\u0131: Qamma<\/p>\n<p>Qeyd:<br \/>\nS\u0259hif\u0259d\u0259 t\u0259qdim edil\u0259n r\u0259ngd\u0259n \u0259lav\u0259 m\u00fcxt\u0259lif r\u0259ng se\u00e7imi var.<br \/>\nT\u0259l\u0259b edil\u0259n boyan\u0131n \u0130stehsal\u00e7\u0131 m\u0259hsul kodunu bildirib, menecerl\u0259rimizd\u0259n soru\u015fa bil\u0259rsiniz.<\/p>","protected":false},"featured_media":67826,"template":"","meta":{"_joinchat":[]},"product_brand":[],"product_cat":[714],"product_tag":[989,1893,993],"class_list":{"0":"post-85118","1":"product","2":"type-product","3":"status-publish","4":"has-post-thumbnail","6":"product_cat-boya-2","7":"product_tag-boya","8":"product_tag-boya-quas","9":"product_tag-quas","10":"pa_brand-qamma","11":"pa_reng-aciq-mavi","12":"pa_reng-aciq-qhvyi","13":"pa_reng-aciq-yasil","14":"pa_reng-bej","15":"pa_reng-bnovsyi","16":"pa_reng-byaz","17":"pa_reng-bordo","18":"pa_reng-boz","19":"pa_reng-chrayi","20":"pa_reng-firuzyi","21":"pa_reng-goy","22":"pa_reng-gumusu","23":"pa_reng-mavi","24":"pa_reng-narinci","25":"pa_reng-qara","26":"pa_reng-qhvyi","27":"pa_reng-qirmizi","28":"pa_reng-qizili","29":"pa_reng-sari","30":"pa_reng-tund-goy","31":"pa_reng-tund-mavi","32":"pa_reng-yasil","34":"first","35":"instock","36":"shipping-taxable","37":"purchasable","38":"product-type-simple"},"yoast_head":"<!-- This site is optimized with the Yoast SEO plugin v27.4 - https:\/\/yoast.com\/product\/yoast-seo-wordpress\/ -->\n<title>Boya qua\u015f 40ml STARIY MASTER Qamma Bak\u0131da almaq s\u0259rf\u0259li - Antaris<\/title>\n<meta name=\"robots\" content=\"index, follow, max-snippet:-1, max-image-preview:large, max-video-preview:-1\" \/>\n<link rel=\"canonical\" href=\"https:\/\/antaris.az\/ru\/m\u0259hsul\/boya-quas-40ml-stariy-master-qamma\/\" \/>\n<meta property=\"og:locale\" content=\"ru_RU\" \/>\n<meta property=\"og:type\" content=\"article\" \/>\n<meta property=\"og:title\" content=\"Boya qua\u015f 40ml STARIY MASTER Qamma Bak\u0131da almaq s\u0259rf\u0259li - Antaris\" \/>\n<meta property=\"og:description\" content=\"Ticar\u0259t markas\u0131: Qamma  Qeyd: S\u0259hif\u0259d\u0259 t\u0259qdim edil\u0259n r\u0259ngd\u0259n \u0259lav\u0259 m\u00fcxt\u0259lif r\u0259ng se\u00e7imi var. T\u0259l\u0259b edil\u0259n boyan\u0131n \u0130stehsal\u00e7\u0131 m\u0259hsul kodunu bildirib, menecerl\u0259rimizd\u0259n soru\u015fa bil\u0259rsiniz.\" \/>\n<meta property=\"og:url\" content=\"https:\/\/antaris.az\/ru\/m\u0259hsul\/boya-quas-40ml-stariy-master-qamma\/\" \/>\n<meta property=\"og:site_name\" content=\"Antaris\" \/>\n<meta property=\"article:publisher\" content=\"https:\/\/www.facebook.com\/antaris.az\/\" \/>\n<meta property=\"article:modified_time\" content=\"2024-11-26T12:07:07+00:00\" \/>\n<meta property=\"og:image\" content=\"https:\/\/antaris.az\/wp-content\/uploads\/2022\/02\/12112040412.webp\" \/>\n\t<meta property=\"og:image:width\" content=\"800\" \/>\n\t<meta property=\"og:image:height\" content=\"800\" \/>\n\t<meta property=\"og:image:type\" content=\"image\/webp\" \/>\n<script type=\"application\/ld+json\" class=\"yoast-schema-graph\">{\"@context\":\"https:\\\/\\\/schema.org\",\"@graph\":[{\"@type\":\"WebPage\",\"@id\":\"https:\\\/\\\/antaris.az\\\/m\u0259hsul\\\/boya-quas-40ml-stariy-master-qamma\\\/\",\"url\":\"https:\\\/\\\/antaris.az\\\/m\u0259hsul\\\/boya-quas-40ml-stariy-master-qamma\\\/\",\"name\":\"Boya qua\u015f 40ml STARIY MASTER Qamma Bak\u0131da almaq s\u0259rf\u0259li - Antaris\",\"isPartOf\":{\"@id\":\"https:\\\/\\\/antaris.az\\\/#website\"},\"primaryImageOfPage\":{\"@id\":\"https:\\\/\\\/antaris.az\\\/m\u0259hsul\\\/boya-quas-40ml-stariy-master-qamma\\\/#primaryimage\"},\"image\":{\"@id\":\"https:\\\/\\\/antaris.az\\\/m\u0259hsul\\\/boya-quas-40ml-stariy-master-qamma\\\/#primaryimage\"},\"thumbnailUrl\":\"https:\\\/\\\/antaris.az\\\/wp-content\\\/uploads\\\/2022\\\/02\\\/12112040412.webp\",\"datePublished\":\"2022-06-15T12:34:55+00:00\",\"dateModified\":\"2024-11-26T12:07:07+00:00\",\"breadcrumb\":{\"@id\":\"https:\\\/\\\/antaris.az\\\/m\u0259hsul\\\/boya-quas-40ml-stariy-master-qamma\\\/#breadcrumb\"},\"inLanguage\":\"ru-RU\",\"potentialAction\":[{\"@type\":\"ReadAction\",\"target\":[\"https:\\\/\\\/antaris.az\\\/m\u0259hsul\\\/boya-quas-40ml-stariy-master-qamma\\\/\"]}]},{\"@type\":\"ImageObject\",\"inLanguage\":\"ru-RU\",\"@id\":\"https:\\\/\\\/antaris.az\\\/m\u0259hsul\\\/boya-quas-40ml-stariy-master-qamma\\\/#primaryimage\",\"url\":\"https:\\\/\\\/antaris.az\\\/wp-content\\\/uploads\\\/2022\\\/02\\\/12112040412.webp\",\"contentUrl\":\"https:\\\/\\\/antaris.az\\\/wp-content\\\/uploads\\\/2022\\\/02\\\/12112040412.webp\",\"width\":800,\"height\":800,\"caption\":\"boya qua\u015f\"},{\"@type\":\"BreadcrumbList\",\"@id\":\"https:\\\/\\\/antaris.az\\\/m\u0259hsul\\\/boya-quas-40ml-stariy-master-qamma\\\/#breadcrumb\",\"itemListElement\":[{\"@type\":\"ListItem\",\"position\":1,\"name\":\"Home\",\"item\":\"https:\\\/\\\/antaris.az\\\/\"},{\"@type\":\"ListItem\",\"position\":2,\"name\":\"Ma\u011faza\",\"item\":\"https:\\\/\\\/antaris.az\\\/ru\\\/shop\\\/\"},{\"@type\":\"ListItem\",\"position\":3,\"name\":\"Boya qua\u015f 40ml STARIY MASTER Qamma\"}]},{\"@type\":\"WebSite\",\"@id\":\"https:\\\/\\\/antaris.az\\\/#website\",\"url\":\"https:\\\/\\\/antaris.az\\\/\",\"name\":\"Antaris\",\"description\":\"Ofis, ev, m\u0259kt\u0259b \u00fc\u00e7\u00fcn h\u0259r \u015fey\",\"publisher\":{\"@id\":\"https:\\\/\\\/antaris.az\\\/#organization\"},\"potentialAction\":[{\"@type\":\"SearchAction\",\"target\":{\"@type\":\"EntryPoint\",\"urlTemplate\":\"https:\\\/\\\/antaris.az\\\/?s={search_term_string}\"},\"query-input\":{\"@type\":\"PropertyValueSpecification\",\"valueRequired\":true,\"valueName\":\"search_term_string\"}}],\"inLanguage\":\"ru-RU\"},{\"@type\":\"Organization\",\"@id\":\"https:\\\/\\\/antaris.az\\\/#organization\",\"name\":\"Antaris QSC\",\"url\":\"https:\\\/\\\/antaris.az\\\/\",\"logo\":{\"@type\":\"ImageObject\",\"inLanguage\":\"ru-RU\",\"@id\":\"https:\\\/\\\/antaris.az\\\/#\\\/schema\\\/logo\\\/image\\\/\",\"url\":\"https:\\\/\\\/antaris.az\\\/wp-content\\\/uploads\\\/2025\\\/03\\\/Antaris-logo.png\",\"contentUrl\":\"https:\\\/\\\/antaris.az\\\/wp-content\\\/uploads\\\/2025\\\/03\\\/Antaris-logo.png\",\"width\":500,\"height\":500,\"caption\":\"Antaris QSC\"},\"image\":{\"@id\":\"https:\\\/\\\/antaris.az\\\/#\\\/schema\\\/logo\\\/image\\\/\"},\"sameAs\":[\"https:\\\/\\\/www.facebook.com\\\/antaris.az\\\/\",\"https:\\\/\\\/www.instagram.com\\\/antaris.az\\\/\"]}]}<\/script>\n<!-- \/ Yoast SEO plugin. -->","yoast_head_json":{"title":"Boya qua\u015f 40ml STARIY MASTER Qamma Bak\u0131da almaq s\u0259rf\u0259li - Antaris","robots":{"index":"index","follow":"follow","max-snippet":"max-snippet:-1","max-image-preview":"max-image-preview:large","max-video-preview":"max-video-preview:-1"},"canonical":"https:\/\/antaris.az\/ru\/m\u0259hsul\/boya-quas-40ml-stariy-master-qamma\/","og_locale":"ru_RU","og_type":"article","og_title":"Boya qua\u015f 40ml STARIY MASTER Qamma Bak\u0131da almaq s\u0259rf\u0259li - Antaris","og_description":"Ticar\u0259t markas\u0131: Qamma  Qeyd: S\u0259hif\u0259d\u0259 t\u0259qdim edil\u0259n r\u0259ngd\u0259n \u0259lav\u0259 m\u00fcxt\u0259lif r\u0259ng se\u00e7imi var. T\u0259l\u0259b edil\u0259n boyan\u0131n \u0130stehsal\u00e7\u0131 m\u0259hsul kodunu bildirib, menecerl\u0259rimizd\u0259n soru\u015fa bil\u0259rsiniz.","og_url":"https:\/\/antaris.az\/ru\/m\u0259hsul\/boya-quas-40ml-stariy-master-qamma\/","og_site_name":"Antaris","article_publisher":"https:\/\/www.facebook.com\/antaris.az\/","article_modified_time":"2024-11-26T12:07:07+00:00","og_image":[{"width":800,"height":800,"url":"https:\/\/antaris.az\/wp-content\/uploads\/2022\/02\/12112040412.webp","type":"image\/webp"}],"schema":{"@context":"https:\/\/schema.org","@graph":[{"@type":"WebPage","@id":"https:\/\/antaris.az\/m\u0259hsul\/boya-quas-40ml-stariy-master-qamma\/","url":"https:\/\/antaris.az\/m\u0259hsul\/boya-quas-40ml-stariy-master-qamma\/","name":"Boya qua\u015f 40ml STARIY MASTER Qamma Bak\u0131da almaq s\u0259rf\u0259li - Antaris","isPartOf":{"@id":"https:\/\/antaris.az\/#website"},"primaryImageOfPage":{"@id":"https:\/\/antaris.az\/m\u0259hsul\/boya-quas-40ml-stariy-master-qamma\/#primaryimage"},"image":{"@id":"https:\/\/antaris.az\/m\u0259hsul\/boya-quas-40ml-stariy-master-qamma\/#primaryimage"},"thumbnailUrl":"https:\/\/antaris.az\/wp-content\/uploads\/2022\/02\/12112040412.webp","datePublished":"2022-06-15T12:34:55+00:00","dateModified":"2024-11-26T12:07:07+00:00","breadcrumb":{"@id":"https:\/\/antaris.az\/m\u0259hsul\/boya-quas-40ml-stariy-master-qamma\/#breadcrumb"},"inLanguage":"ru-RU","potentialAction":[{"@type":"ReadAction","target":["https:\/\/antaris.az\/m\u0259hsul\/boya-quas-40ml-stariy-master-qamma\/"]}]},{"@type":"ImageObject","inLanguage":"ru-RU","@id":"https:\/\/antaris.az\/m\u0259hsul\/boya-quas-40ml-stariy-master-qamma\/#primaryimage","url":"https:\/\/antaris.az\/wp-content\/uploads\/2022\/02\/12112040412.webp","contentUrl":"https:\/\/antaris.az\/wp-content\/uploads\/2022\/02\/12112040412.webp","width":800,"height":800,"caption":"boya qua\u015f"},{"@type":"BreadcrumbList","@id":"https:\/\/antaris.az\/m\u0259hsul\/boya-quas-40ml-stariy-master-qamma\/#breadcrumb","itemListElement":[{"@type":"ListItem","position":1,"name":"Home","item":"https:\/\/antaris.az\/"},{"@type":"ListItem","position":2,"name":"Ma\u011faza","item":"https:\/\/antaris.az\/ru\/shop\/"},{"@type":"ListItem","position":3,"name":"Boya qua\u015f 40ml STARIY MASTER Qamma"}]},{"@type":"WebSite","@id":"https:\/\/antaris.az\/#website","url":"https:\/\/antaris.az\/","name":"Antaris","description":"Ofis, ev, m\u0259kt\u0259b \u00fc\u00e7\u00fcn h\u0259r \u015fey","publisher":{"@id":"https:\/\/antaris.az\/#organization"},"potentialAction":[{"@type":"SearchAction","target":{"@type":"EntryPoint","urlTemplate":"https:\/\/antaris.az\/?s={search_term_string}"},"query-input":{"@type":"PropertyValueSpecification","valueRequired":true,"valueName":"search_term_string"}}],"inLanguage":"ru-RU"},{"@type":"Organization","@id":"https:\/\/antaris.az\/#organization","name":"\u0410\u043d\u0442\u0430\u0440\u0438\u0441 \u0417\u0410\u041e","url":"https:\/\/antaris.az\/","logo":{"@type":"ImageObject","inLanguage":"ru-RU","@id":"https:\/\/antaris.az\/#\/schema\/logo\/image\/","url":"https:\/\/antaris.az\/wp-content\/uploads\/2025\/03\/Antaris-logo.png","contentUrl":"https:\/\/antaris.az\/wp-content\/uploads\/2025\/03\/Antaris-logo.png","width":500,"height":500,"caption":"Antaris QSC"},"image":{"@id":"https:\/\/antaris.az\/#\/schema\/logo\/image\/"},"sameAs":["https:\/\/www.facebook.com\/antaris.az\/","https:\/\/www.instagram.com\/antaris.az\/"]}]}},"_links":{"self":[{"href":"https:\/\/antaris.az\/ru\/wp-json\/wp\/v2\/product\/85118","targetHints":{"allow":["GET"]}}],"collection":[{"href":"https:\/\/antaris.az\/ru\/wp-json\/wp\/v2\/product"}],"about":[{"href":"https:\/\/antaris.az\/ru\/wp-json\/wp\/v2\/types\/product"}],"version-history":[{"count":0,"href":"https:\/\/antaris.az\/ru\/wp-json\/wp\/v2\/product\/85118\/revisions"}],"wp:featuredmedia":[{"embeddable":true,"href":"https:\/\/antaris.az\/ru\/wp-json\/wp\/v2\/media\/67826"}],"wp:attachment":[{"href":"https:\/\/antaris.az\/ru\/wp-json\/wp\/v2\/media?parent=85118"}],"wp:term":[{"taxonomy":"product_brand","embeddable":true,"href":"https:\/\/antaris.az\/ru\/wp-json\/wp\/v2\/product_brand?post=85118"},{"taxonomy":"product_cat","embeddable":true,"href":"https:\/\/antaris.az\/ru\/wp-json\/wp\/v2\/product_cat?post=85118"},{"taxonomy":"product_tag","embeddable":true,"href":"https:\/\/antaris.az\/ru\/wp-json\/wp\/v2\/product_tag?post=85118"}],"curies":[{"name":"wp","href":"https:\/\/api.w.org\/{rel}","templated":true}]}}