{"id":84748,"date":"2022-06-07T20:24:37","date_gmt":"2022-06-07T17:24:37","guid":{"rendered":"http:\/\/www2.antaris.az\/?post_type=product&#038;p=84748"},"modified":"2024-11-26T16:07:12","modified_gmt":"2024-11-26T12:07:12","slug":"maqnit-d%c9%99sti-4-%c9%99d%c9%99d-91385-forofis","status":"publish","type":"product","link":"https:\/\/antaris.az\/ru\/m\u0259hsul\/maqnit-d%c9%99sti-4-%c9%99d%c9%99d-91385-forofis\/","title":{"rendered":"Maqnit d\u0259sti 4 \u0259d\u0259d 91385 Forofis"},"content":{"rendered":"","protected":false},"excerpt":{"rendered":"<p>D\u0259std\u0259: 4 \u0259d\u0259d\/ r\u0259ngli<br \/>\n\u00d6l\u00e7\u00fcs\u00fc: 40mm<br \/>\n\u0130stehsal\u00e7\u0131 m\u0259hsul kodu: 91385<br \/>\nTicar\u0259t markas\u0131: Forofis<\/p>","protected":false},"featured_media":84749,"template":"","meta":{"_joinchat":[]},"product_brand":[],"product_cat":[481],"product_tag":[1936],"class_list":{"0":"post-84748","1":"product","2":"type-product","3":"status-publish","4":"has-post-thumbnail","6":"product_cat-oyun-v-hobbi","7":"product_tag-maqnit","8":"pa_brand-forofis","10":"first","11":"instock","12":"shipping-taxable","13":"purchasable","14":"product-type-simple"},"yoast_head":"<!-- This site is optimized with the Yoast SEO plugin v27.4 - https:\/\/yoast.com\/product\/yoast-seo-wordpress\/ -->\n<title>Maqnit d\u0259sti 4 \u0259d\u0259d 91385 ForofisBak\u0131da s\u0259rf\u0259li almaq - Antaris<\/title>\n<meta name=\"robots\" content=\"index, follow, max-snippet:-1, max-image-preview:large, max-video-preview:-1\" \/>\n<link rel=\"canonical\" href=\"https:\/\/antaris.az\/ru\/m\u0259hsul\/maqnit-d\u0259sti-4-\u0259d\u0259d-91385-forofis\/\" \/>\n<meta property=\"og:locale\" content=\"ru_RU\" \/>\n<meta property=\"og:type\" content=\"article\" \/>\n<meta property=\"og:title\" content=\"Maqnit d\u0259sti 4 \u0259d\u0259d 91385 ForofisBak\u0131da s\u0259rf\u0259li almaq - Antaris\" \/>\n<meta property=\"og:description\" content=\"D\u0259std\u0259: 4 \u0259d\u0259d\/ r\u0259ngli \u00d6l\u00e7\u00fcs\u00fc: 40mm \u0130stehsal\u00e7\u0131 m\u0259hsul kodu: 91385 Ticar\u0259t markas\u0131: Forofis\" \/>\n<meta property=\"og:url\" content=\"https:\/\/antaris.az\/ru\/m\u0259hsul\/maqnit-d\u0259sti-4-\u0259d\u0259d-91385-forofis\/\" \/>\n<meta property=\"og:site_name\" content=\"Antaris\" \/>\n<meta property=\"article:publisher\" content=\"https:\/\/www.facebook.com\/antaris.az\/\" \/>\n<meta property=\"article:modified_time\" content=\"2024-11-26T12:07:12+00:00\" \/>\n<meta property=\"og:image\" content=\"https:\/\/antaris.az\/wp-content\/uploads\/2022\/06\/91385.webp\" \/>\n\t<meta property=\"og:image:width\" content=\"800\" \/>\n\t<meta property=\"og:image:height\" content=\"800\" \/>\n\t<meta property=\"og:image:type\" content=\"image\/webp\" \/>\n<script type=\"application\/ld+json\" class=\"yoast-schema-graph\">{\"@context\":\"https:\\\/\\\/schema.org\",\"@graph\":[{\"@type\":\"WebPage\",\"@id\":\"https:\\\/\\\/antaris.az\\\/m\u0259hsul\\\/maqnit-d%c9%99sti-4-%c9%99d%c9%99d-91385-forofis\\\/\",\"url\":\"https:\\\/\\\/antaris.az\\\/m\u0259hsul\\\/maqnit-d%c9%99sti-4-%c9%99d%c9%99d-91385-forofis\\\/\",\"name\":\"Maqnit d\u0259sti 4 \u0259d\u0259d 91385 ForofisBak\u0131da s\u0259rf\u0259li almaq - Antaris\",\"isPartOf\":{\"@id\":\"https:\\\/\\\/antaris.az\\\/#website\"},\"primaryImageOfPage\":{\"@id\":\"https:\\\/\\\/antaris.az\\\/m\u0259hsul\\\/maqnit-d%c9%99sti-4-%c9%99d%c9%99d-91385-forofis\\\/#primaryimage\"},\"image\":{\"@id\":\"https:\\\/\\\/antaris.az\\\/m\u0259hsul\\\/maqnit-d%c9%99sti-4-%c9%99d%c9%99d-91385-forofis\\\/#primaryimage\"},\"thumbnailUrl\":\"https:\\\/\\\/antaris.az\\\/wp-content\\\/uploads\\\/2022\\\/06\\\/91385.webp\",\"datePublished\":\"2022-06-07T17:24:37+00:00\",\"dateModified\":\"2024-11-26T12:07:12+00:00\",\"breadcrumb\":{\"@id\":\"https:\\\/\\\/antaris.az\\\/m\u0259hsul\\\/maqnit-d%c9%99sti-4-%c9%99d%c9%99d-91385-forofis\\\/#breadcrumb\"},\"inLanguage\":\"ru-RU\",\"potentialAction\":[{\"@type\":\"ReadAction\",\"target\":[\"https:\\\/\\\/antaris.az\\\/m\u0259hsul\\\/maqnit-d%c9%99sti-4-%c9%99d%c9%99d-91385-forofis\\\/\"]}]},{\"@type\":\"ImageObject\",\"inLanguage\":\"ru-RU\",\"@id\":\"https:\\\/\\\/antaris.az\\\/m\u0259hsul\\\/maqnit-d%c9%99sti-4-%c9%99d%c9%99d-91385-forofis\\\/#primaryimage\",\"url\":\"https:\\\/\\\/antaris.az\\\/wp-content\\\/uploads\\\/2022\\\/06\\\/91385.webp\",\"contentUrl\":\"https:\\\/\\\/antaris.az\\\/wp-content\\\/uploads\\\/2022\\\/06\\\/91385.webp\",\"width\":800,\"height\":800,\"caption\":\"maqnit\"},{\"@type\":\"BreadcrumbList\",\"@id\":\"https:\\\/\\\/antaris.az\\\/m\u0259hsul\\\/maqnit-d%c9%99sti-4-%c9%99d%c9%99d-91385-forofis\\\/#breadcrumb\",\"itemListElement\":[{\"@type\":\"ListItem\",\"position\":1,\"name\":\"Home\",\"item\":\"https:\\\/\\\/antaris.az\\\/\"},{\"@type\":\"ListItem\",\"position\":2,\"name\":\"Ma\u011faza\",\"item\":\"https:\\\/\\\/antaris.az\\\/ru\\\/shop\\\/\"},{\"@type\":\"ListItem\",\"position\":3,\"name\":\"Maqnit d\u0259sti 4 \u0259d\u0259d 91385 Forofis\"}]},{\"@type\":\"WebSite\",\"@id\":\"https:\\\/\\\/antaris.az\\\/#website\",\"url\":\"https:\\\/\\\/antaris.az\\\/\",\"name\":\"Antaris\",\"description\":\"Ofis, ev, m\u0259kt\u0259b \u00fc\u00e7\u00fcn h\u0259r \u015fey\",\"publisher\":{\"@id\":\"https:\\\/\\\/antaris.az\\\/#organization\"},\"potentialAction\":[{\"@type\":\"SearchAction\",\"target\":{\"@type\":\"EntryPoint\",\"urlTemplate\":\"https:\\\/\\\/antaris.az\\\/?s={search_term_string}\"},\"query-input\":{\"@type\":\"PropertyValueSpecification\",\"valueRequired\":true,\"valueName\":\"search_term_string\"}}],\"inLanguage\":\"ru-RU\"},{\"@type\":\"Organization\",\"@id\":\"https:\\\/\\\/antaris.az\\\/#organization\",\"name\":\"Antaris QSC\",\"url\":\"https:\\\/\\\/antaris.az\\\/\",\"logo\":{\"@type\":\"ImageObject\",\"inLanguage\":\"ru-RU\",\"@id\":\"https:\\\/\\\/antaris.az\\\/#\\\/schema\\\/logo\\\/image\\\/\",\"url\":\"https:\\\/\\\/antaris.az\\\/wp-content\\\/uploads\\\/2025\\\/03\\\/Antaris-logo.png\",\"contentUrl\":\"https:\\\/\\\/antaris.az\\\/wp-content\\\/uploads\\\/2025\\\/03\\\/Antaris-logo.png\",\"width\":500,\"height\":500,\"caption\":\"Antaris QSC\"},\"image\":{\"@id\":\"https:\\\/\\\/antaris.az\\\/#\\\/schema\\\/logo\\\/image\\\/\"},\"sameAs\":[\"https:\\\/\\\/www.facebook.com\\\/antaris.az\\\/\",\"https:\\\/\\\/www.instagram.com\\\/antaris.az\\\/\"]}]}<\/script>\n<!-- \/ Yoast SEO plugin. -->","yoast_head_json":{"title":"Maqnit d\u0259sti 4 \u0259d\u0259d 91385 ForofisBak\u0131da s\u0259rf\u0259li almaq - Antaris","robots":{"index":"index","follow":"follow","max-snippet":"max-snippet:-1","max-image-preview":"max-image-preview:large","max-video-preview":"max-video-preview:-1"},"canonical":"https:\/\/antaris.az\/ru\/m\u0259hsul\/maqnit-d\u0259sti-4-\u0259d\u0259d-91385-forofis\/","og_locale":"ru_RU","og_type":"article","og_title":"Maqnit d\u0259sti 4 \u0259d\u0259d 91385 ForofisBak\u0131da s\u0259rf\u0259li almaq - Antaris","og_description":"D\u0259std\u0259: 4 \u0259d\u0259d\/ r\u0259ngli \u00d6l\u00e7\u00fcs\u00fc: 40mm \u0130stehsal\u00e7\u0131 m\u0259hsul kodu: 91385 Ticar\u0259t markas\u0131: Forofis","og_url":"https:\/\/antaris.az\/ru\/m\u0259hsul\/maqnit-d\u0259sti-4-\u0259d\u0259d-91385-forofis\/","og_site_name":"Antaris","article_publisher":"https:\/\/www.facebook.com\/antaris.az\/","article_modified_time":"2024-11-26T12:07:12+00:00","og_image":[{"width":800,"height":800,"url":"https:\/\/antaris.az\/wp-content\/uploads\/2022\/06\/91385.webp","type":"image\/webp"}],"schema":{"@context":"https:\/\/schema.org","@graph":[{"@type":"WebPage","@id":"https:\/\/antaris.az\/m\u0259hsul\/maqnit-d%c9%99sti-4-%c9%99d%c9%99d-91385-forofis\/","url":"https:\/\/antaris.az\/m\u0259hsul\/maqnit-d%c9%99sti-4-%c9%99d%c9%99d-91385-forofis\/","name":"Maqnit d\u0259sti 4 \u0259d\u0259d 91385 ForofisBak\u0131da s\u0259rf\u0259li almaq - Antaris","isPartOf":{"@id":"https:\/\/antaris.az\/#website"},"primaryImageOfPage":{"@id":"https:\/\/antaris.az\/m\u0259hsul\/maqnit-d%c9%99sti-4-%c9%99d%c9%99d-91385-forofis\/#primaryimage"},"image":{"@id":"https:\/\/antaris.az\/m\u0259hsul\/maqnit-d%c9%99sti-4-%c9%99d%c9%99d-91385-forofis\/#primaryimage"},"thumbnailUrl":"https:\/\/antaris.az\/wp-content\/uploads\/2022\/06\/91385.webp","datePublished":"2022-06-07T17:24:37+00:00","dateModified":"2024-11-26T12:07:12+00:00","breadcrumb":{"@id":"https:\/\/antaris.az\/m\u0259hsul\/maqnit-d%c9%99sti-4-%c9%99d%c9%99d-91385-forofis\/#breadcrumb"},"inLanguage":"ru-RU","potentialAction":[{"@type":"ReadAction","target":["https:\/\/antaris.az\/m\u0259hsul\/maqnit-d%c9%99sti-4-%c9%99d%c9%99d-91385-forofis\/"]}]},{"@type":"ImageObject","inLanguage":"ru-RU","@id":"https:\/\/antaris.az\/m\u0259hsul\/maqnit-d%c9%99sti-4-%c9%99d%c9%99d-91385-forofis\/#primaryimage","url":"https:\/\/antaris.az\/wp-content\/uploads\/2022\/06\/91385.webp","contentUrl":"https:\/\/antaris.az\/wp-content\/uploads\/2022\/06\/91385.webp","width":800,"height":800,"caption":"maqnit"},{"@type":"BreadcrumbList","@id":"https:\/\/antaris.az\/m\u0259hsul\/maqnit-d%c9%99sti-4-%c9%99d%c9%99d-91385-forofis\/#breadcrumb","itemListElement":[{"@type":"ListItem","position":1,"name":"Home","item":"https:\/\/antaris.az\/"},{"@type":"ListItem","position":2,"name":"Ma\u011faza","item":"https:\/\/antaris.az\/ru\/shop\/"},{"@type":"ListItem","position":3,"name":"Maqnit d\u0259sti 4 \u0259d\u0259d 91385 Forofis"}]},{"@type":"WebSite","@id":"https:\/\/antaris.az\/#website","url":"https:\/\/antaris.az\/","name":"Antaris","description":"Ofis, ev, m\u0259kt\u0259b \u00fc\u00e7\u00fcn h\u0259r \u015fey","publisher":{"@id":"https:\/\/antaris.az\/#organization"},"potentialAction":[{"@type":"SearchAction","target":{"@type":"EntryPoint","urlTemplate":"https:\/\/antaris.az\/?s={search_term_string}"},"query-input":{"@type":"PropertyValueSpecification","valueRequired":true,"valueName":"search_term_string"}}],"inLanguage":"ru-RU"},{"@type":"Organization","@id":"https:\/\/antaris.az\/#organization","name":"\u0410\u043d\u0442\u0430\u0440\u0438\u0441 \u0417\u0410\u041e","url":"https:\/\/antaris.az\/","logo":{"@type":"ImageObject","inLanguage":"ru-RU","@id":"https:\/\/antaris.az\/#\/schema\/logo\/image\/","url":"https:\/\/antaris.az\/wp-content\/uploads\/2025\/03\/Antaris-logo.png","contentUrl":"https:\/\/antaris.az\/wp-content\/uploads\/2025\/03\/Antaris-logo.png","width":500,"height":500,"caption":"Antaris QSC"},"image":{"@id":"https:\/\/antaris.az\/#\/schema\/logo\/image\/"},"sameAs":["https:\/\/www.facebook.com\/antaris.az\/","https:\/\/www.instagram.com\/antaris.az\/"]}]}},"_links":{"self":[{"href":"https:\/\/antaris.az\/ru\/wp-json\/wp\/v2\/product\/84748","targetHints":{"allow":["GET"]}}],"collection":[{"href":"https:\/\/antaris.az\/ru\/wp-json\/wp\/v2\/product"}],"about":[{"href":"https:\/\/antaris.az\/ru\/wp-json\/wp\/v2\/types\/product"}],"version-history":[{"count":0,"href":"https:\/\/antaris.az\/ru\/wp-json\/wp\/v2\/product\/84748\/revisions"}],"wp:featuredmedia":[{"embeddable":true,"href":"https:\/\/antaris.az\/ru\/wp-json\/wp\/v2\/media\/84749"}],"wp:attachment":[{"href":"https:\/\/antaris.az\/ru\/wp-json\/wp\/v2\/media?parent=84748"}],"wp:term":[{"taxonomy":"product_brand","embeddable":true,"href":"https:\/\/antaris.az\/ru\/wp-json\/wp\/v2\/product_brand?post=84748"},{"taxonomy":"product_cat","embeddable":true,"href":"https:\/\/antaris.az\/ru\/wp-json\/wp\/v2\/product_cat?post=84748"},{"taxonomy":"product_tag","embeddable":true,"href":"https:\/\/antaris.az\/ru\/wp-json\/wp\/v2\/product_tag?post=84748"}],"curies":[{"name":"wp","href":"https:\/\/api.w.org\/{rel}","templated":true}]}}