{"id":8421,"date":"2020-05-07T10:42:04","date_gmt":"2020-05-07T07:42:04","guid":{"rendered":"http:\/\/www2.antaris.az\/?post_type=product&#038;p=8421"},"modified":"2024-11-26T16:56:39","modified_gmt":"2024-11-26T12:56:39","slug":"q%c9%99l%c9%99m-diyirc%c9%99kli-0-7mm-grip-fine","status":"publish","type":"product","link":"https:\/\/antaris.az\/ru\/m\u0259hsul\/q%c9%99l%c9%99m-diyirc%c9%99kli-0-7mm-grip-fine\/","title":{"rendered":"Q\u0259l\u0259m diyirc\u0259kli 0.7mm UB247 GR\u0130P F\u0130NE Uni-Ball"},"content":{"rendered":"<p><!--td {border: 1px solid #ccc;}br {mso-data-placement:same-cell;}--><span data-sheets-value=\"{&quot;1&quot;:2,&quot;2&quot;:&quot;Yaponiya istehsal\u0131, Mitsubishi CO.LTD. Q\u0259l\u0259m plastik materialdan haz\u0131rlan\u0131b. Hamar v\u0259 k\u0259silm\u0259y\u0259n yaz\u0131 x\u0259ttini yarad\u0131r. Yum\u015faq tutaca\u011fa g\u00f6r\u0259 istifad\u0259d\u0259 \u00e7ox rahatd\u0131r. H\u0259m m\u0259kt\u0259blil\u0259r, h\u0259m d\u0259 ofis i\u015f\u00e7il\u0259ri \u00fc\u00e7\u00fcn uy\u011fundur. \\n\\nQ\u0259l\u0259m: Diyirc\u0259kli\\nUcluq: o,7mm\\nM\u00fcr\u0259kk\u0259b: Suya davaml\u0131\/ Solmayan\\nR\u0259ng: qara\\mavi\\q\u0131rm\u0131z\u0131\\\\n\u0130stehsal\u00e7\u0131 m\u0259hsul kodu: UB247\\nTicar\u0259t markas\u0131: Uni-Ball \\n\u0130stehsal \u00f6lk\u0259si: Yaponiya&quot;}\" data-sheets-userformat=\"{&quot;2&quot;:15359,&quot;3&quot;:{&quot;1&quot;:0},&quot;4&quot;:{&quot;1&quot;:3,&quot;3&quot;:2},&quot;5&quot;:{&quot;1&quot;:[{&quot;1&quot;:2,&quot;2&quot;:0,&quot;5&quot;:{&quot;1&quot;:2,&quot;2&quot;:0}},{&quot;1&quot;:0,&quot;2&quot;:0,&quot;3&quot;:3},{&quot;1&quot;:1,&quot;2&quot;:0,&quot;4&quot;:1}]},&quot;6&quot;:{&quot;1&quot;:[{&quot;1&quot;:2,&quot;2&quot;:0,&quot;5&quot;:{&quot;1&quot;:0}},{&quot;1&quot;:0,&quot;2&quot;:0,&quot;3&quot;:3},{&quot;1&quot;:1,&quot;2&quot;:0,&quot;4&quot;:1}]},&quot;7&quot;:{&quot;1&quot;:[{&quot;1&quot;:2,&quot;2&quot;:0,&quot;5&quot;:{&quot;1&quot;:2,&quot;2&quot;:0}},{&quot;1&quot;:0,&quot;2&quot;:0,&quot;3&quot;:3},{&quot;1&quot;:1,&quot;2&quot;:0,&quot;4&quot;:1}]},&quot;8&quot;:{&quot;1&quot;:[{&quot;1&quot;:2,&quot;2&quot;:0,&quot;5&quot;:{&quot;1&quot;:2,&quot;2&quot;:0}},{&quot;1&quot;:0,&quot;2&quot;:0,&quot;3&quot;:3},{&quot;1&quot;:1,&quot;2&quot;:0,&quot;4&quot;:1}]},&quot;9&quot;:0,&quot;10&quot;:0,&quot;11&quot;:4,&quot;12&quot;:0,&quot;14&quot;:{&quot;1&quot;:2,&quot;2&quot;:0},&quot;15&quot;:&quot;Cambria&quot;,&quot;16&quot;:11}\">Yaponiya istehsal\u0131, Mitsubishi CO.LTD. Q\u0259l\u0259m plastik materialdan haz\u0131rlan\u0131b. Hamar v\u0259 k\u0259silm\u0259y\u0259n yaz\u0131 x\u0259ttini yarad\u0131r. Yum\u015faq tutaca\u011fa g\u00f6r\u0259 istifad\u0259d\u0259 \u00e7ox rahatd\u0131r. H\u0259m m\u0259kt\u0259blil\u0259r, h\u0259m d\u0259 ofis i\u015f\u00e7il\u0259ri \u00fc\u00e7\u00fcn uy\u011fundur.<\/span><\/p>\n<p>&nbsp;<\/p>\n","protected":false},"excerpt":{"rendered":"<p><span data-sheets-value=\"{&quot;1&quot;:2,&quot;2&quot;:&quot;Yaponiya istehsal\u0131, Mitsubishi CO.LTD. Q\u0259l\u0259m plastik materialdan haz\u0131rlan\u0131b. Hamar v\u0259 k\u0259silm\u0259y\u0259n yaz\u0131 x\u0259ttini yarad\u0131r. Yum\u015faq tutaca\u011fa g\u00f6r\u0259 istifad\u0259d\u0259 \u00e7ox rahatd\u0131r. H\u0259m m\u0259kt\u0259blil\u0259r, h\u0259m d\u0259 ofis i\u015f\u00e7il\u0259ri \u00fc\u00e7\u00fcn uy\u011fundur. \\n\\nQ\u0259l\u0259m: Diyirc\u0259kli\\nUcluq: o,7mm\\nM\u00fcr\u0259kk\u0259b: Suya davaml\u0131\/ Solmayan\\nR\u0259ng: qara\\mavi\\q\u0131rm\u0131z\u0131\\\\n\u0130stehsal\u00e7\u0131 m\u0259hsul kodu: UB247\\nTicar\u0259t markas\u0131: Uni-Ball \\n\u0130stehsal \u00f6lk\u0259si: Yaponiya&quot;}\" data-sheets-userformat=\"{&quot;2&quot;:15359,&quot;3&quot;:{&quot;1&quot;:0},&quot;4&quot;:{&quot;1&quot;:3,&quot;3&quot;:2},&quot;5&quot;:{&quot;1&quot;:[{&quot;1&quot;:2,&quot;2&quot;:0,&quot;5&quot;:{&quot;1&quot;:2,&quot;2&quot;:0}},{&quot;1&quot;:0,&quot;2&quot;:0,&quot;3&quot;:3},{&quot;1&quot;:1,&quot;2&quot;:0,&quot;4&quot;:1}]},&quot;6&quot;:{&quot;1&quot;:[{&quot;1&quot;:2,&quot;2&quot;:0,&quot;5&quot;:{&quot;1&quot;:0}},{&quot;1&quot;:0,&quot;2&quot;:0,&quot;3&quot;:3},{&quot;1&quot;:1,&quot;2&quot;:0,&quot;4&quot;:1}]},&quot;7&quot;:{&quot;1&quot;:[{&quot;1&quot;:2,&quot;2&quot;:0,&quot;5&quot;:{&quot;1&quot;:2,&quot;2&quot;:0}},{&quot;1&quot;:0,&quot;2&quot;:0,&quot;3&quot;:3},{&quot;1&quot;:1,&quot;2&quot;:0,&quot;4&quot;:1}]},&quot;8&quot;:{&quot;1&quot;:[{&quot;1&quot;:2,&quot;2&quot;:0,&quot;5&quot;:{&quot;1&quot;:2,&quot;2&quot;:0}},{&quot;1&quot;:0,&quot;2&quot;:0,&quot;3&quot;:3},{&quot;1&quot;:1,&quot;2&quot;:0,&quot;4&quot;:1}]},&quot;9&quot;:0,&quot;10&quot;:0,&quot;11&quot;:4,&quot;12&quot;:0,&quot;14&quot;:{&quot;1&quot;:2,&quot;2&quot;:0},&quot;15&quot;:&quot;Cambria&quot;,&quot;16&quot;:11}\">Q\u0259l\u0259m: Diyirc\u0259kli<br \/>\nUcluq: o,7mm<br \/>\nM\u00fcr\u0259kk\u0259b: Suya davaml\u0131\/ Solmayan<br \/>\nR\u0259ng: qaramaviq\u0131rm\u0131z\u0131<br \/>\n\u0130stehsal\u00e7\u0131 m\u0259hsul kodu: UB247<br \/>\nTicar\u0259t markas\u0131: Uni-Ball<br \/>\n\u0130stehsal \u00f6lk\u0259si: Yaponiya<\/span><\/p>\n","protected":false},"featured_media":101528,"template":"","meta":{"_joinchat":[]},"product_brand":[],"product_cat":[348],"product_tag":[],"class_list":{"0":"post-8421","1":"product","2":"type-product","3":"status-publish","4":"has-post-thumbnail","6":"product_cat-diyirckli-qlm","7":"pa_brand-uni-ball-2","8":"pa_reng-mavi","9":"pa_reng-qara","10":"pa_reng-qirmizi","12":"first","13":"instock","14":"shipping-taxable","15":"purchasable","16":"product-type-variable"},"yoast_head":"<!-- This site is optimized with the Yoast SEO plugin v27.5 - https:\/\/yoast.com\/product\/yoast-seo-wordpress\/ -->\n<title>Q\u0259l\u0259m diyirc\u0259kli 0.7mm UB247 GR\u0130P F\u0130NE Uni-Ball - Antaris<\/title>\n<meta name=\"robots\" content=\"index, follow, max-snippet:-1, max-image-preview:large, max-video-preview:-1\" \/>\n<link rel=\"canonical\" href=\"https:\/\/antaris.az\/ru\/m\u0259hsul\/q\u0259l\u0259m-diyirc\u0259kli-0-7mm-grip-fine\/\" \/>\n<meta property=\"og:locale\" content=\"ru_RU\" \/>\n<meta property=\"og:type\" content=\"article\" \/>\n<meta property=\"og:title\" content=\"Q\u0259l\u0259m diyirc\u0259kli 0.7mm UB247 GR\u0130P F\u0130NE Uni-Ball - Antaris\" \/>\n<meta property=\"og:description\" content=\"Q\u0259l\u0259m: Diyirc\u0259kli Ucluq: o,7mm M\u00fcr\u0259kk\u0259b: Suya davaml\u0131\/ Solmayan R\u0259ng: qaramaviq\u0131rm\u0131z\u0131 \u0130stehsal\u00e7\u0131 m\u0259hsul kodu: UB247 Ticar\u0259t markas\u0131: Uni-Ball \u0130stehsal \u00f6lk\u0259si: Yaponiya\" \/>\n<meta property=\"og:url\" content=\"https:\/\/antaris.az\/ru\/m\u0259hsul\/q\u0259l\u0259m-diyirc\u0259kli-0-7mm-grip-fine\/\" \/>\n<meta property=\"og:site_name\" content=\"Antaris\" \/>\n<meta property=\"article:publisher\" content=\"https:\/\/www.facebook.com\/antaris.az\/\" \/>\n<meta property=\"article:modified_time\" content=\"2024-11-26T12:56:39+00:00\" \/>\n<meta property=\"og:image\" content=\"https:\/\/antaris.az\/wp-content\/uploads\/2020\/05\/UB247-Uni-Ball-wep.webp\" \/>\n\t<meta property=\"og:image:width\" content=\"800\" \/>\n\t<meta property=\"og:image:height\" content=\"800\" \/>\n\t<meta property=\"og:image:type\" content=\"image\/webp\" \/>\n<script type=\"application\/ld+json\" class=\"yoast-schema-graph\">{\"@context\":\"https:\\\/\\\/schema.org\",\"@graph\":[{\"@type\":\"WebPage\",\"@id\":\"https:\\\/\\\/antaris.az\\\/m\u0259hsul\\\/q%c9%99l%c9%99m-diyirc%c9%99kli-0-7mm-grip-fine\\\/\",\"url\":\"https:\\\/\\\/antaris.az\\\/m\u0259hsul\\\/q%c9%99l%c9%99m-diyirc%c9%99kli-0-7mm-grip-fine\\\/\",\"name\":\"Q\u0259l\u0259m diyirc\u0259kli 0.7mm UB247 GR\u0130P F\u0130NE Uni-Ball - Antaris\",\"isPartOf\":{\"@id\":\"https:\\\/\\\/antaris.az\\\/#website\"},\"primaryImageOfPage\":{\"@id\":\"https:\\\/\\\/antaris.az\\\/m\u0259hsul\\\/q%c9%99l%c9%99m-diyirc%c9%99kli-0-7mm-grip-fine\\\/#primaryimage\"},\"image\":{\"@id\":\"https:\\\/\\\/antaris.az\\\/m\u0259hsul\\\/q%c9%99l%c9%99m-diyirc%c9%99kli-0-7mm-grip-fine\\\/#primaryimage\"},\"thumbnailUrl\":\"https:\\\/\\\/antaris.az\\\/wp-content\\\/uploads\\\/2020\\\/05\\\/UB247-Uni-Ball-wep.webp\",\"datePublished\":\"2020-05-07T07:42:04+00:00\",\"dateModified\":\"2024-11-26T12:56:39+00:00\",\"breadcrumb\":{\"@id\":\"https:\\\/\\\/antaris.az\\\/m\u0259hsul\\\/q%c9%99l%c9%99m-diyirc%c9%99kli-0-7mm-grip-fine\\\/#breadcrumb\"},\"inLanguage\":\"ru-RU\",\"potentialAction\":[{\"@type\":\"ReadAction\",\"target\":[\"https:\\\/\\\/antaris.az\\\/m\u0259hsul\\\/q%c9%99l%c9%99m-diyirc%c9%99kli-0-7mm-grip-fine\\\/\"]}]},{\"@type\":\"ImageObject\",\"inLanguage\":\"ru-RU\",\"@id\":\"https:\\\/\\\/antaris.az\\\/m\u0259hsul\\\/q%c9%99l%c9%99m-diyirc%c9%99kli-0-7mm-grip-fine\\\/#primaryimage\",\"url\":\"https:\\\/\\\/antaris.az\\\/wp-content\\\/uploads\\\/2020\\\/05\\\/UB247-Uni-Ball-wep.webp\",\"contentUrl\":\"https:\\\/\\\/antaris.az\\\/wp-content\\\/uploads\\\/2020\\\/05\\\/UB247-Uni-Ball-wep.webp\",\"width\":800,\"height\":800,\"caption\":\"UB247 Uni-Ball wep\"},{\"@type\":\"BreadcrumbList\",\"@id\":\"https:\\\/\\\/antaris.az\\\/m\u0259hsul\\\/q%c9%99l%c9%99m-diyirc%c9%99kli-0-7mm-grip-fine\\\/#breadcrumb\",\"itemListElement\":[{\"@type\":\"ListItem\",\"position\":1,\"name\":\"Home\",\"item\":\"https:\\\/\\\/antaris.az\\\/\"},{\"@type\":\"ListItem\",\"position\":2,\"name\":\"Ma\u011faza\",\"item\":\"https:\\\/\\\/antaris.az\\\/ru\\\/shop\\\/\"},{\"@type\":\"ListItem\",\"position\":3,\"name\":\"Q\u0259l\u0259m diyirc\u0259kli 0.7mm UB247 GR\u0130P F\u0130NE Uni-Ball\"}]},{\"@type\":\"WebSite\",\"@id\":\"https:\\\/\\\/antaris.az\\\/#website\",\"url\":\"https:\\\/\\\/antaris.az\\\/\",\"name\":\"Antaris\",\"description\":\"Ofis, ev, m\u0259kt\u0259b \u00fc\u00e7\u00fcn h\u0259r \u015fey\",\"publisher\":{\"@id\":\"https:\\\/\\\/antaris.az\\\/#organization\"},\"potentialAction\":[{\"@type\":\"SearchAction\",\"target\":{\"@type\":\"EntryPoint\",\"urlTemplate\":\"https:\\\/\\\/antaris.az\\\/?s={search_term_string}\"},\"query-input\":{\"@type\":\"PropertyValueSpecification\",\"valueRequired\":true,\"valueName\":\"search_term_string\"}}],\"inLanguage\":\"ru-RU\"},{\"@type\":\"Organization\",\"@id\":\"https:\\\/\\\/antaris.az\\\/#organization\",\"name\":\"Antaris QSC\",\"url\":\"https:\\\/\\\/antaris.az\\\/\",\"logo\":{\"@type\":\"ImageObject\",\"inLanguage\":\"ru-RU\",\"@id\":\"https:\\\/\\\/antaris.az\\\/#\\\/schema\\\/logo\\\/image\\\/\",\"url\":\"https:\\\/\\\/antaris.az\\\/wp-content\\\/uploads\\\/2025\\\/03\\\/Antaris-logo.png\",\"contentUrl\":\"https:\\\/\\\/antaris.az\\\/wp-content\\\/uploads\\\/2025\\\/03\\\/Antaris-logo.png\",\"width\":500,\"height\":500,\"caption\":\"Antaris QSC\"},\"image\":{\"@id\":\"https:\\\/\\\/antaris.az\\\/#\\\/schema\\\/logo\\\/image\\\/\"},\"sameAs\":[\"https:\\\/\\\/www.facebook.com\\\/antaris.az\\\/\",\"https:\\\/\\\/www.instagram.com\\\/antaris.az\\\/\"]}]}<\/script>\n<!-- \/ Yoast SEO plugin. -->","yoast_head_json":{"title":"Q\u0259l\u0259m diyirc\u0259kli 0.7mm UB247 GR\u0130P F\u0130NE Uni-Ball - Antaris","robots":{"index":"index","follow":"follow","max-snippet":"max-snippet:-1","max-image-preview":"max-image-preview:large","max-video-preview":"max-video-preview:-1"},"canonical":"https:\/\/antaris.az\/ru\/m\u0259hsul\/q\u0259l\u0259m-diyirc\u0259kli-0-7mm-grip-fine\/","og_locale":"ru_RU","og_type":"article","og_title":"Q\u0259l\u0259m diyirc\u0259kli 0.7mm UB247 GR\u0130P F\u0130NE Uni-Ball - Antaris","og_description":"Q\u0259l\u0259m: Diyirc\u0259kli Ucluq: o,7mm M\u00fcr\u0259kk\u0259b: Suya davaml\u0131\/ Solmayan R\u0259ng: qaramaviq\u0131rm\u0131z\u0131 \u0130stehsal\u00e7\u0131 m\u0259hsul kodu: UB247 Ticar\u0259t markas\u0131: Uni-Ball \u0130stehsal \u00f6lk\u0259si: Yaponiya","og_url":"https:\/\/antaris.az\/ru\/m\u0259hsul\/q\u0259l\u0259m-diyirc\u0259kli-0-7mm-grip-fine\/","og_site_name":"Antaris","article_publisher":"https:\/\/www.facebook.com\/antaris.az\/","article_modified_time":"2024-11-26T12:56:39+00:00","og_image":[{"width":800,"height":800,"url":"https:\/\/antaris.az\/wp-content\/uploads\/2020\/05\/UB247-Uni-Ball-wep.webp","type":"image\/webp"}],"schema":{"@context":"https:\/\/schema.org","@graph":[{"@type":"WebPage","@id":"https:\/\/antaris.az\/m\u0259hsul\/q%c9%99l%c9%99m-diyirc%c9%99kli-0-7mm-grip-fine\/","url":"https:\/\/antaris.az\/m\u0259hsul\/q%c9%99l%c9%99m-diyirc%c9%99kli-0-7mm-grip-fine\/","name":"Q\u0259l\u0259m diyirc\u0259kli 0.7mm UB247 GR\u0130P F\u0130NE Uni-Ball - Antaris","isPartOf":{"@id":"https:\/\/antaris.az\/#website"},"primaryImageOfPage":{"@id":"https:\/\/antaris.az\/m\u0259hsul\/q%c9%99l%c9%99m-diyirc%c9%99kli-0-7mm-grip-fine\/#primaryimage"},"image":{"@id":"https:\/\/antaris.az\/m\u0259hsul\/q%c9%99l%c9%99m-diyirc%c9%99kli-0-7mm-grip-fine\/#primaryimage"},"thumbnailUrl":"https:\/\/antaris.az\/wp-content\/uploads\/2020\/05\/UB247-Uni-Ball-wep.webp","datePublished":"2020-05-07T07:42:04+00:00","dateModified":"2024-11-26T12:56:39+00:00","breadcrumb":{"@id":"https:\/\/antaris.az\/m\u0259hsul\/q%c9%99l%c9%99m-diyirc%c9%99kli-0-7mm-grip-fine\/#breadcrumb"},"inLanguage":"ru-RU","potentialAction":[{"@type":"ReadAction","target":["https:\/\/antaris.az\/m\u0259hsul\/q%c9%99l%c9%99m-diyirc%c9%99kli-0-7mm-grip-fine\/"]}]},{"@type":"ImageObject","inLanguage":"ru-RU","@id":"https:\/\/antaris.az\/m\u0259hsul\/q%c9%99l%c9%99m-diyirc%c9%99kli-0-7mm-grip-fine\/#primaryimage","url":"https:\/\/antaris.az\/wp-content\/uploads\/2020\/05\/UB247-Uni-Ball-wep.webp","contentUrl":"https:\/\/antaris.az\/wp-content\/uploads\/2020\/05\/UB247-Uni-Ball-wep.webp","width":800,"height":800,"caption":"UB247 Uni-Ball wep"},{"@type":"BreadcrumbList","@id":"https:\/\/antaris.az\/m\u0259hsul\/q%c9%99l%c9%99m-diyirc%c9%99kli-0-7mm-grip-fine\/#breadcrumb","itemListElement":[{"@type":"ListItem","position":1,"name":"Home","item":"https:\/\/antaris.az\/"},{"@type":"ListItem","position":2,"name":"Ma\u011faza","item":"https:\/\/antaris.az\/ru\/shop\/"},{"@type":"ListItem","position":3,"name":"Q\u0259l\u0259m diyirc\u0259kli 0.7mm UB247 GR\u0130P F\u0130NE Uni-Ball"}]},{"@type":"WebSite","@id":"https:\/\/antaris.az\/#website","url":"https:\/\/antaris.az\/","name":"Antaris","description":"Ofis, ev, m\u0259kt\u0259b \u00fc\u00e7\u00fcn h\u0259r \u015fey","publisher":{"@id":"https:\/\/antaris.az\/#organization"},"potentialAction":[{"@type":"SearchAction","target":{"@type":"EntryPoint","urlTemplate":"https:\/\/antaris.az\/?s={search_term_string}"},"query-input":{"@type":"PropertyValueSpecification","valueRequired":true,"valueName":"search_term_string"}}],"inLanguage":"ru-RU"},{"@type":"Organization","@id":"https:\/\/antaris.az\/#organization","name":"\u0410\u043d\u0442\u0430\u0440\u0438\u0441 \u0417\u0410\u041e","url":"https:\/\/antaris.az\/","logo":{"@type":"ImageObject","inLanguage":"ru-RU","@id":"https:\/\/antaris.az\/#\/schema\/logo\/image\/","url":"https:\/\/antaris.az\/wp-content\/uploads\/2025\/03\/Antaris-logo.png","contentUrl":"https:\/\/antaris.az\/wp-content\/uploads\/2025\/03\/Antaris-logo.png","width":500,"height":500,"caption":"Antaris QSC"},"image":{"@id":"https:\/\/antaris.az\/#\/schema\/logo\/image\/"},"sameAs":["https:\/\/www.facebook.com\/antaris.az\/","https:\/\/www.instagram.com\/antaris.az\/"]}]}},"_links":{"self":[{"href":"https:\/\/antaris.az\/ru\/wp-json\/wp\/v2\/product\/8421","targetHints":{"allow":["GET"]}}],"collection":[{"href":"https:\/\/antaris.az\/ru\/wp-json\/wp\/v2\/product"}],"about":[{"href":"https:\/\/antaris.az\/ru\/wp-json\/wp\/v2\/types\/product"}],"version-history":[{"count":0,"href":"https:\/\/antaris.az\/ru\/wp-json\/wp\/v2\/product\/8421\/revisions"}],"wp:featuredmedia":[{"embeddable":true,"href":"https:\/\/antaris.az\/ru\/wp-json\/wp\/v2\/media\/101528"}],"wp:attachment":[{"href":"https:\/\/antaris.az\/ru\/wp-json\/wp\/v2\/media?parent=8421"}],"wp:term":[{"taxonomy":"product_brand","embeddable":true,"href":"https:\/\/antaris.az\/ru\/wp-json\/wp\/v2\/product_brand?post=8421"},{"taxonomy":"product_cat","embeddable":true,"href":"https:\/\/antaris.az\/ru\/wp-json\/wp\/v2\/product_cat?post=8421"},{"taxonomy":"product_tag","embeddable":true,"href":"https:\/\/antaris.az\/ru\/wp-json\/wp\/v2\/product_tag?post=8421"}],"curies":[{"name":"wp","href":"https:\/\/api.w.org\/{rel}","templated":true}]}}