{"id":8195,"date":"2020-05-06T14:38:18","date_gmt":"2020-05-06T11:38:18","guid":{"rendered":"http:\/\/www2.antaris.az\/?post_type=product&#038;p=8195"},"modified":"2025-02-06T15:40:43","modified_gmt":"2025-02-06T11:40:43","slug":"karandas-mexaniki-07mm-grip-2011-2","status":"publish","type":"product","link":"https:\/\/antaris.az\/ru\/m\u0259hsul\/karandas-mexaniki-07mm-grip-2011-2\/","title":{"rendered":"Karanda\u015f mexaniki 131287 GRIP2011 Faber-Castell"},"content":{"rendered":"<p><!--td {border: 1px solid #ccc;}br {mso-data-placement:same-cell;}--><span data-sheets-value=\"{&quot;1&quot;:2,&quot;2&quot;:&quot;Almaniya istehsal\u0131, Faber-Castell \u015firk\u0259ti.Yorulmadan yazmaq \u00fc\u00e7\u00fcn erqonomik \u00fc\u00e7bucaql\u0131 formaya malikdir.\\nEtibarl\u0131 bir tutma \u00fc\u00e7\u00fcn yum\u015faq bir zonaya malikdir. Daxild\u0259 uzun formada pozan yerl\u0259\u015fdirilib.\\nOptimal yaz\u0131 \u00fc\u00e7\u00fcn 0.7 mm yaz\u0131l\u0131\u015fa y\u00fcks\u0259k t\u0259sir edir.\\nDoldurma v\u0259 ehtiyat silgi g\u00f6t\u00fcr\u0259nl\u0259r m\u00f6vcuddur.\\n\\n\\n\\nQ\u0259l\u0259m: Mexaniki, pozanl\u0131\\nUcluq: 0,7mm\\ni\u00e7lik: Q\u0131r\u0131lmayan \\nR\u0259ngi: Boz\\n\u0130stehsal\u00e7\u0131 m\u0259hsul kodu: 131287r\\nTicar\u0259t markas\u0131: Faber Castell&quot;}\" data-sheets-userformat=\"{&quot;2&quot;:15285,&quot;3&quot;:{&quot;1&quot;:0},&quot;5&quot;:{&quot;1&quot;:[{&quot;1&quot;:2,&quot;2&quot;:0,&quot;5&quot;:[null,2,0]},{&quot;1&quot;:0,&quot;2&quot;:0,&quot;3&quot;:3},{&quot;1&quot;:1,&quot;2&quot;:0,&quot;4&quot;:1}]},&quot;7&quot;:{&quot;1&quot;:[{&quot;1&quot;:2,&quot;2&quot;:0,&quot;5&quot;:[null,2,0]},{&quot;1&quot;:0,&quot;2&quot;:0,&quot;3&quot;:3},{&quot;1&quot;:1,&quot;2&quot;:0,&quot;4&quot;:1}]},&quot;8&quot;:{&quot;1&quot;:[{&quot;1&quot;:2,&quot;2&quot;:0,&quot;5&quot;:[null,2,0]},{&quot;1&quot;:0,&quot;2&quot;:0,&quot;3&quot;:3},{&quot;1&quot;:1,&quot;2&quot;:0,&quot;4&quot;:1}]},&quot;10&quot;:0,&quot;11&quot;:4,&quot;12&quot;:0,&quot;14&quot;:[null,2,0],&quot;15&quot;:&quot;Cambria&quot;,&quot;16&quot;:11}\">Almaniya istehsal\u0131, Faber-Castell \u015firk\u0259ti. Yorulmadan yazmaq \u00fc\u00e7\u00fcn erqonomik \u00fc\u00e7bucaql\u0131 formaya malikdir. Etibarl\u0131 bir tutma \u00fc\u00e7\u00fcn yum\u015faq bir zonaya malikdir. Daxild\u0259 uzun formada pozan yerl\u0259\u015fdirilib. Optimal yaz\u0131 \u00fc\u00e7\u00fcn 0.7 mm yaz\u0131l\u0131\u015fa y\u00fcks\u0259k t\u0259sir edir. Doldurma v\u0259 ehtiyat silgi\u00a0 m\u00f6vcuddur.<\/span><\/p>\n<p>&nbsp;<\/p>\n","protected":false},"excerpt":{"rendered":"<p><span data-sheets-value=\"{&quot;1&quot;:2,&quot;2&quot;:&quot;Almaniya istehsal\u0131, Faber-Castell \u015firk\u0259ti.Yorulmadan yazmaq \u00fc\u00e7\u00fcn erqonomik \u00fc\u00e7bucaql\u0131 formaya malikdir.\\nEtibarl\u0131 bir tutma \u00fc\u00e7\u00fcn yum\u015faq bir zonaya malikdir. Daxild\u0259 uzun formada pozan yerl\u0259\u015fdirilib.\\nOptimal yaz\u0131 \u00fc\u00e7\u00fcn 0.7 mm yaz\u0131l\u0131\u015fa y\u00fcks\u0259k t\u0259sir edir.\\nDoldurma v\u0259 ehtiyat silgi g\u00f6t\u00fcr\u0259nl\u0259r m\u00f6vcuddur.\\n\\n\\n\\nQ\u0259l\u0259m: Mexaniki, pozanl\u0131\\nUcluq: 0,7mm\\ni\u00e7lik: Q\u0131r\u0131lmayan \\nR\u0259ngi: Boz\\n\u0130stehsal\u00e7\u0131 m\u0259hsul kodu: 131287r\\nTicar\u0259t markas\u0131: Faber Castell&quot;}\" data-sheets-userformat=\"{&quot;2&quot;:15285,&quot;3&quot;:{&quot;1&quot;:0},&quot;5&quot;:{&quot;1&quot;:[{&quot;1&quot;:2,&quot;2&quot;:0,&quot;5&quot;:[null,2,0]},{&quot;1&quot;:0,&quot;2&quot;:0,&quot;3&quot;:3},{&quot;1&quot;:1,&quot;2&quot;:0,&quot;4&quot;:1}]},&quot;7&quot;:{&quot;1&quot;:[{&quot;1&quot;:2,&quot;2&quot;:0,&quot;5&quot;:[null,2,0]},{&quot;1&quot;:0,&quot;2&quot;:0,&quot;3&quot;:3},{&quot;1&quot;:1,&quot;2&quot;:0,&quot;4&quot;:1}]},&quot;8&quot;:{&quot;1&quot;:[{&quot;1&quot;:2,&quot;2&quot;:0,&quot;5&quot;:[null,2,0]},{&quot;1&quot;:0,&quot;2&quot;:0,&quot;3&quot;:3},{&quot;1&quot;:1,&quot;2&quot;:0,&quot;4&quot;:1}]},&quot;10&quot;:0,&quot;11&quot;:4,&quot;12&quot;:0,&quot;14&quot;:[null,2,0],&quot;15&quot;:&quot;Cambria&quot;,&quot;16&quot;:11}\">Q\u0259l\u0259m: Mexaniki, pozanl\u0131<br \/>\nUcluq: 0,7mm<br \/>\ni\u00e7lik: Q\u0131r\u0131lmayan<br \/>\nR\u0259ngi: Boz<br \/>\n\u0130stehsal\u00e7\u0131 m\u0259hsul kodu: 131287<br \/>\nTicar\u0259t markas\u0131: Faber-Castell<br \/>\n\u0130stehsal \u00f6lk\u0259si: Almaniya<br \/>\n<\/span><\/p>\n","protected":false},"featured_media":124571,"template":"","meta":{"_joinchat":[]},"product_brand":[],"product_cat":[527],"product_tag":[],"class_list":{"0":"post-8195","1":"product","2":"type-product","3":"status-publish","4":"has-post-thumbnail","6":"product_cat-mexaniki-qlmlr","7":"pa_brand-faber-castell","9":"first","10":"instock","11":"shipping-taxable","12":"purchasable","13":"product-type-simple"},"yoast_head":"<!-- This site is optimized with the Yoast SEO plugin v27.5 - https:\/\/yoast.com\/product\/yoast-seo-wordpress\/ -->\n<title>Karanda\u015f mexaniki 131287 GRIP2011 Faber-Castell - Antaris<\/title>\n<meta name=\"robots\" content=\"index, follow, max-snippet:-1, max-image-preview:large, max-video-preview:-1\" \/>\n<link rel=\"canonical\" href=\"https:\/\/antaris.az\/ru\/m\u0259hsul\/karandas-mexaniki-07mm-grip-2011-2\/\" \/>\n<meta property=\"og:locale\" content=\"ru_RU\" \/>\n<meta property=\"og:type\" content=\"article\" \/>\n<meta property=\"og:title\" content=\"Karanda\u015f mexaniki 131287 GRIP2011 Faber-Castell - Antaris\" \/>\n<meta property=\"og:description\" content=\"Q\u0259l\u0259m: Mexaniki, pozanl\u0131 Ucluq: 0,7mm i\u00e7lik: Q\u0131r\u0131lmayan R\u0259ngi: Boz \u0130stehsal\u00e7\u0131 m\u0259hsul kodu: 131287 Ticar\u0259t markas\u0131: Faber-Castell \u0130stehsal \u00f6lk\u0259si: Almaniya\" \/>\n<meta property=\"og:url\" content=\"https:\/\/antaris.az\/ru\/m\u0259hsul\/karandas-mexaniki-07mm-grip-2011-2\/\" \/>\n<meta property=\"og:site_name\" content=\"Antaris\" \/>\n<meta property=\"article:publisher\" content=\"https:\/\/www.facebook.com\/antaris.az\/\" \/>\n<meta property=\"article:modified_time\" content=\"2025-02-06T11:40:43+00:00\" \/>\n<meta property=\"og:image\" content=\"https:\/\/antaris.az\/wp-content\/uploads\/2020\/05\/131287-Faber-Castell-wep.webp\" \/>\n\t<meta property=\"og:image:width\" content=\"800\" \/>\n\t<meta property=\"og:image:height\" content=\"800\" \/>\n\t<meta property=\"og:image:type\" content=\"image\/webp\" \/>\n<script type=\"application\/ld+json\" class=\"yoast-schema-graph\">{\"@context\":\"https:\\\/\\\/schema.org\",\"@graph\":[{\"@type\":\"WebPage\",\"@id\":\"https:\\\/\\\/antaris.az\\\/m\u0259hsul\\\/karandas-mexaniki-07mm-grip-2011-2\\\/\",\"url\":\"https:\\\/\\\/antaris.az\\\/m\u0259hsul\\\/karandas-mexaniki-07mm-grip-2011-2\\\/\",\"name\":\"Karanda\u015f mexaniki 131287 GRIP2011 Faber-Castell - Antaris\",\"isPartOf\":{\"@id\":\"https:\\\/\\\/antaris.az\\\/#website\"},\"primaryImageOfPage\":{\"@id\":\"https:\\\/\\\/antaris.az\\\/m\u0259hsul\\\/karandas-mexaniki-07mm-grip-2011-2\\\/#primaryimage\"},\"image\":{\"@id\":\"https:\\\/\\\/antaris.az\\\/m\u0259hsul\\\/karandas-mexaniki-07mm-grip-2011-2\\\/#primaryimage\"},\"thumbnailUrl\":\"https:\\\/\\\/antaris.az\\\/wp-content\\\/uploads\\\/2020\\\/05\\\/131287-Faber-Castell-wep.webp\",\"datePublished\":\"2020-05-06T11:38:18+00:00\",\"dateModified\":\"2025-02-06T11:40:43+00:00\",\"breadcrumb\":{\"@id\":\"https:\\\/\\\/antaris.az\\\/m\u0259hsul\\\/karandas-mexaniki-07mm-grip-2011-2\\\/#breadcrumb\"},\"inLanguage\":\"ru-RU\",\"potentialAction\":[{\"@type\":\"ReadAction\",\"target\":[\"https:\\\/\\\/antaris.az\\\/m\u0259hsul\\\/karandas-mexaniki-07mm-grip-2011-2\\\/\"]}]},{\"@type\":\"ImageObject\",\"inLanguage\":\"ru-RU\",\"@id\":\"https:\\\/\\\/antaris.az\\\/m\u0259hsul\\\/karandas-mexaniki-07mm-grip-2011-2\\\/#primaryimage\",\"url\":\"https:\\\/\\\/antaris.az\\\/wp-content\\\/uploads\\\/2020\\\/05\\\/131287-Faber-Castell-wep.webp\",\"contentUrl\":\"https:\\\/\\\/antaris.az\\\/wp-content\\\/uploads\\\/2020\\\/05\\\/131287-Faber-Castell-wep.webp\",\"width\":800,\"height\":800,\"caption\":\"131287 Faber-Castell wep\"},{\"@type\":\"BreadcrumbList\",\"@id\":\"https:\\\/\\\/antaris.az\\\/m\u0259hsul\\\/karandas-mexaniki-07mm-grip-2011-2\\\/#breadcrumb\",\"itemListElement\":[{\"@type\":\"ListItem\",\"position\":1,\"name\":\"Home\",\"item\":\"https:\\\/\\\/antaris.az\\\/\"},{\"@type\":\"ListItem\",\"position\":2,\"name\":\"Ma\u011faza\",\"item\":\"https:\\\/\\\/antaris.az\\\/ru\\\/shop\\\/\"},{\"@type\":\"ListItem\",\"position\":3,\"name\":\"Karanda\u015f mexaniki 131287 GRIP2011 Faber-Castell\"}]},{\"@type\":\"WebSite\",\"@id\":\"https:\\\/\\\/antaris.az\\\/#website\",\"url\":\"https:\\\/\\\/antaris.az\\\/\",\"name\":\"Antaris\",\"description\":\"Ofis, ev, m\u0259kt\u0259b \u00fc\u00e7\u00fcn h\u0259r \u015fey\",\"publisher\":{\"@id\":\"https:\\\/\\\/antaris.az\\\/#organization\"},\"potentialAction\":[{\"@type\":\"SearchAction\",\"target\":{\"@type\":\"EntryPoint\",\"urlTemplate\":\"https:\\\/\\\/antaris.az\\\/?s={search_term_string}\"},\"query-input\":{\"@type\":\"PropertyValueSpecification\",\"valueRequired\":true,\"valueName\":\"search_term_string\"}}],\"inLanguage\":\"ru-RU\"},{\"@type\":\"Organization\",\"@id\":\"https:\\\/\\\/antaris.az\\\/#organization\",\"name\":\"Antaris QSC\",\"url\":\"https:\\\/\\\/antaris.az\\\/\",\"logo\":{\"@type\":\"ImageObject\",\"inLanguage\":\"ru-RU\",\"@id\":\"https:\\\/\\\/antaris.az\\\/#\\\/schema\\\/logo\\\/image\\\/\",\"url\":\"https:\\\/\\\/antaris.az\\\/wp-content\\\/uploads\\\/2025\\\/03\\\/Antaris-logo.png\",\"contentUrl\":\"https:\\\/\\\/antaris.az\\\/wp-content\\\/uploads\\\/2025\\\/03\\\/Antaris-logo.png\",\"width\":500,\"height\":500,\"caption\":\"Antaris QSC\"},\"image\":{\"@id\":\"https:\\\/\\\/antaris.az\\\/#\\\/schema\\\/logo\\\/image\\\/\"},\"sameAs\":[\"https:\\\/\\\/www.facebook.com\\\/antaris.az\\\/\",\"https:\\\/\\\/www.instagram.com\\\/antaris.az\\\/\"]}]}<\/script>\n<!-- \/ Yoast SEO plugin. -->","yoast_head_json":{"title":"Karanda\u015f mexaniki 131287 GRIP2011 Faber-Castell - Antaris","robots":{"index":"index","follow":"follow","max-snippet":"max-snippet:-1","max-image-preview":"max-image-preview:large","max-video-preview":"max-video-preview:-1"},"canonical":"https:\/\/antaris.az\/ru\/m\u0259hsul\/karandas-mexaniki-07mm-grip-2011-2\/","og_locale":"ru_RU","og_type":"article","og_title":"Karanda\u015f mexaniki 131287 GRIP2011 Faber-Castell - Antaris","og_description":"Q\u0259l\u0259m: Mexaniki, pozanl\u0131 Ucluq: 0,7mm i\u00e7lik: Q\u0131r\u0131lmayan R\u0259ngi: Boz \u0130stehsal\u00e7\u0131 m\u0259hsul kodu: 131287 Ticar\u0259t markas\u0131: Faber-Castell \u0130stehsal \u00f6lk\u0259si: Almaniya","og_url":"https:\/\/antaris.az\/ru\/m\u0259hsul\/karandas-mexaniki-07mm-grip-2011-2\/","og_site_name":"Antaris","article_publisher":"https:\/\/www.facebook.com\/antaris.az\/","article_modified_time":"2025-02-06T11:40:43+00:00","og_image":[{"width":800,"height":800,"url":"https:\/\/antaris.az\/wp-content\/uploads\/2020\/05\/131287-Faber-Castell-wep.webp","type":"image\/webp"}],"schema":{"@context":"https:\/\/schema.org","@graph":[{"@type":"WebPage","@id":"https:\/\/antaris.az\/m\u0259hsul\/karandas-mexaniki-07mm-grip-2011-2\/","url":"https:\/\/antaris.az\/m\u0259hsul\/karandas-mexaniki-07mm-grip-2011-2\/","name":"Karanda\u015f mexaniki 131287 GRIP2011 Faber-Castell - Antaris","isPartOf":{"@id":"https:\/\/antaris.az\/#website"},"primaryImageOfPage":{"@id":"https:\/\/antaris.az\/m\u0259hsul\/karandas-mexaniki-07mm-grip-2011-2\/#primaryimage"},"image":{"@id":"https:\/\/antaris.az\/m\u0259hsul\/karandas-mexaniki-07mm-grip-2011-2\/#primaryimage"},"thumbnailUrl":"https:\/\/antaris.az\/wp-content\/uploads\/2020\/05\/131287-Faber-Castell-wep.webp","datePublished":"2020-05-06T11:38:18+00:00","dateModified":"2025-02-06T11:40:43+00:00","breadcrumb":{"@id":"https:\/\/antaris.az\/m\u0259hsul\/karandas-mexaniki-07mm-grip-2011-2\/#breadcrumb"},"inLanguage":"ru-RU","potentialAction":[{"@type":"ReadAction","target":["https:\/\/antaris.az\/m\u0259hsul\/karandas-mexaniki-07mm-grip-2011-2\/"]}]},{"@type":"ImageObject","inLanguage":"ru-RU","@id":"https:\/\/antaris.az\/m\u0259hsul\/karandas-mexaniki-07mm-grip-2011-2\/#primaryimage","url":"https:\/\/antaris.az\/wp-content\/uploads\/2020\/05\/131287-Faber-Castell-wep.webp","contentUrl":"https:\/\/antaris.az\/wp-content\/uploads\/2020\/05\/131287-Faber-Castell-wep.webp","width":800,"height":800,"caption":"131287 Faber-Castell wep"},{"@type":"BreadcrumbList","@id":"https:\/\/antaris.az\/m\u0259hsul\/karandas-mexaniki-07mm-grip-2011-2\/#breadcrumb","itemListElement":[{"@type":"ListItem","position":1,"name":"Home","item":"https:\/\/antaris.az\/"},{"@type":"ListItem","position":2,"name":"Ma\u011faza","item":"https:\/\/antaris.az\/ru\/shop\/"},{"@type":"ListItem","position":3,"name":"Karanda\u015f mexaniki 131287 GRIP2011 Faber-Castell"}]},{"@type":"WebSite","@id":"https:\/\/antaris.az\/#website","url":"https:\/\/antaris.az\/","name":"Antaris","description":"Ofis, ev, m\u0259kt\u0259b \u00fc\u00e7\u00fcn h\u0259r \u015fey","publisher":{"@id":"https:\/\/antaris.az\/#organization"},"potentialAction":[{"@type":"SearchAction","target":{"@type":"EntryPoint","urlTemplate":"https:\/\/antaris.az\/?s={search_term_string}"},"query-input":{"@type":"PropertyValueSpecification","valueRequired":true,"valueName":"search_term_string"}}],"inLanguage":"ru-RU"},{"@type":"Organization","@id":"https:\/\/antaris.az\/#organization","name":"\u0410\u043d\u0442\u0430\u0440\u0438\u0441 \u0417\u0410\u041e","url":"https:\/\/antaris.az\/","logo":{"@type":"ImageObject","inLanguage":"ru-RU","@id":"https:\/\/antaris.az\/#\/schema\/logo\/image\/","url":"https:\/\/antaris.az\/wp-content\/uploads\/2025\/03\/Antaris-logo.png","contentUrl":"https:\/\/antaris.az\/wp-content\/uploads\/2025\/03\/Antaris-logo.png","width":500,"height":500,"caption":"Antaris QSC"},"image":{"@id":"https:\/\/antaris.az\/#\/schema\/logo\/image\/"},"sameAs":["https:\/\/www.facebook.com\/antaris.az\/","https:\/\/www.instagram.com\/antaris.az\/"]}]}},"_links":{"self":[{"href":"https:\/\/antaris.az\/ru\/wp-json\/wp\/v2\/product\/8195","targetHints":{"allow":["GET"]}}],"collection":[{"href":"https:\/\/antaris.az\/ru\/wp-json\/wp\/v2\/product"}],"about":[{"href":"https:\/\/antaris.az\/ru\/wp-json\/wp\/v2\/types\/product"}],"version-history":[{"count":0,"href":"https:\/\/antaris.az\/ru\/wp-json\/wp\/v2\/product\/8195\/revisions"}],"wp:featuredmedia":[{"embeddable":true,"href":"https:\/\/antaris.az\/ru\/wp-json\/wp\/v2\/media\/124571"}],"wp:attachment":[{"href":"https:\/\/antaris.az\/ru\/wp-json\/wp\/v2\/media?parent=8195"}],"wp:term":[{"taxonomy":"product_brand","embeddable":true,"href":"https:\/\/antaris.az\/ru\/wp-json\/wp\/v2\/product_brand?post=8195"},{"taxonomy":"product_cat","embeddable":true,"href":"https:\/\/antaris.az\/ru\/wp-json\/wp\/v2\/product_cat?post=8195"},{"taxonomy":"product_tag","embeddable":true,"href":"https:\/\/antaris.az\/ru\/wp-json\/wp\/v2\/product_tag?post=8195"}],"curies":[{"name":"wp","href":"https:\/\/api.w.org\/{rel}","templated":true}]}}