{"id":8100,"date":"2020-05-05T16:21:18","date_gmt":"2020-05-05T13:21:18","guid":{"rendered":"http:\/\/www2.antaris.az\/?post_type=product&#038;p=8100"},"modified":"2024-11-26T17:01:36","modified_gmt":"2024-11-26T13:01:36","slug":"canta-m%c9%99kt%c9%99bli-football-38x29x15sm-554593","status":"publish","type":"product","link":"https:\/\/antaris.az\/ru\/m\u0259hsul\/canta-m%c9%99kt%c9%99bli-football-38x29x15sm-554593\/","title":{"rendered":"Bel \u00e7antas\u0131 554593 FOOTBALL Yes"},"content":{"rendered":"<p>\u0130ki hiss\u0259li s\u0259rt, ortopedik bel \u00e7antas\u0131. \u00d6n panel &#8220;\u00c7anaq&#8221; \u00fcslubunda haz\u0131rlanb v\u0259 y\u00fcng\u00fcl t\u0259zyiq alt\u0131nda v\u0259 ya qeyri-b\u0259rab\u0259r y\u00fckl\u0259nm\u0259 hal\u0131nda deformasiya olmur v\u0259 formas\u0131n\u0131 itirmir. \u00c7antan\u0131n t\u0259nziml\u0259n\u0259n \u00e7iyin v\u0259 sin\u0259 k\u0259m\u0259rl\u0259ri var. Bundan \u0259lav\u0259 su qab\u0131 v\u0259 ya x\u0131rda \u0259\u015fyalar \u00fc\u00e7\u00fcn tordan cib, noutbuk, orqanayzer v\u0259 telefon \u00fc\u00e7\u00fcn b\u00f6lm\u0259l\u0259r, 6 i\u015f\u0131q reflektorlar\u0131 var.<\/p>\n<p>&nbsp;<\/p>","protected":false},"excerpt":{"rendered":"<p>N\u00f6v: O\u011flanlar \u00fc\u00e7\u00fcn<br \/>\n\u041c\u0430\u0442\u0435\u0440\u0438\u0430\u043b: \u041f\u043e\u043b\u0438\u044d\u0441\u0442\u0435\u0440<br \/>\nH\u0259cmi: 15 L<br \/>\n\u00d6l\u00e7\u00fcs\u00fc: 29x38x15 sm<br \/>\nR\u0259ng: Mavi<br \/>\n\u0130stehsal\u00e7\u0131 m\u0259hsul kodu: 554593<br \/>\nTicari Brend: TOP \u2013 B\u00f6y\u00fck Britaniya<br \/>\nTicar\u0259t markalar\u0131: Yes, 1Veresnya, Smart<\/p>\n<p>Z\u0259man\u0259t: 1 il<br \/>\n\u0421\u0442\u0440\u0430\u043d\u0430 \u043f\u0440\u043e\u0438\u0437\u0432\u043e\u0434\u0438\u0442\u0435\u043b\u044c: \u0423\u043a\u0440\u0430\u0438\u043d\u0430<\/p>","protected":false},"featured_media":16669,"template":"","meta":{"_joinchat":[]},"product_brand":[],"product_cat":[519],"product_tag":[],"class_list":{"0":"post-8100","1":"product","2":"type-product","3":"status-publish","4":"has-post-thumbnail","6":"product_cat-cantalar","7":"pa_brand-yes","8":"pa_cins-oglan","9":"pa_reng-goy","10":"pa_yas-6-9-yas","12":"first","13":"outofstock","14":"shipping-taxable","15":"purchasable","16":"product-type-simple"},"yoast_head":"<!-- This site is optimized with the Yoast SEO plugin v27.4 - https:\/\/yoast.com\/product\/yoast-seo-wordpress\/ -->\n<title>Bel \u00e7antas\u0131 554593 FOOTBALL Yes - Antaris<\/title>\n<meta name=\"robots\" content=\"index, follow, max-snippet:-1, max-image-preview:large, max-video-preview:-1\" \/>\n<link rel=\"canonical\" href=\"https:\/\/antaris.az\/ru\/m\u0259hsul\/canta-m\u0259kt\u0259bli-football-38x29x15sm-554593\/\" \/>\n<meta property=\"og:locale\" content=\"ru_RU\" \/>\n<meta property=\"og:type\" content=\"article\" \/>\n<meta property=\"og:title\" content=\"Bel \u00e7antas\u0131 554593 FOOTBALL Yes - Antaris\" \/>\n<meta property=\"og:description\" content=\"N\u00f6v: O\u011flanlar \u00fc\u00e7\u00fcn Material: Polyester H\u0259cmi: 15 L \u00d6l\u00e7\u00fcs\u00fc: 29x38x15 sm R\u0259ng: Mavi \u0130stehsal\u00e7\u0131 m\u0259hsul kodu: 554593 Ticari Brend: TOP \u2013 B\u00f6y\u00fck Britaniya Ticar\u0259t markalar\u0131: Yes, 1Veresnya, Smart  Z\u0259man\u0259t: 1 il \u0130stehsal \u00f6lk\u0259si: Ukrayna\" \/>\n<meta property=\"og:url\" content=\"https:\/\/antaris.az\/ru\/m\u0259hsul\/canta-m\u0259kt\u0259bli-football-38x29x15sm-554593\/\" \/>\n<meta property=\"og:site_name\" content=\"Antaris\" \/>\n<meta property=\"article:publisher\" content=\"https:\/\/www.facebook.com\/antaris.az\/\" \/>\n<meta property=\"article:modified_time\" content=\"2024-11-26T13:01:36+00:00\" \/>\n<meta property=\"og:image\" content=\"https:\/\/antaris.az\/wp-content\/uploads\/2020\/05\/AN00-00019735.jpg\" \/>\n\t<meta property=\"og:image:width\" content=\"800\" \/>\n\t<meta property=\"og:image:height\" content=\"800\" \/>\n\t<meta property=\"og:image:type\" content=\"image\/jpeg\" \/>\n<script type=\"application\/ld+json\" class=\"yoast-schema-graph\">{\"@context\":\"https:\\\/\\\/schema.org\",\"@graph\":[{\"@type\":\"WebPage\",\"@id\":\"https:\\\/\\\/antaris.az\\\/m\u0259hsul\\\/canta-m%c9%99kt%c9%99bli-football-38x29x15sm-554593\\\/\",\"url\":\"https:\\\/\\\/antaris.az\\\/m\u0259hsul\\\/canta-m%c9%99kt%c9%99bli-football-38x29x15sm-554593\\\/\",\"name\":\"Bel \u00e7antas\u0131 554593 FOOTBALL Yes - Antaris\",\"isPartOf\":{\"@id\":\"https:\\\/\\\/antaris.az\\\/#website\"},\"primaryImageOfPage\":{\"@id\":\"https:\\\/\\\/antaris.az\\\/m\u0259hsul\\\/canta-m%c9%99kt%c9%99bli-football-38x29x15sm-554593\\\/#primaryimage\"},\"image\":{\"@id\":\"https:\\\/\\\/antaris.az\\\/m\u0259hsul\\\/canta-m%c9%99kt%c9%99bli-football-38x29x15sm-554593\\\/#primaryimage\"},\"thumbnailUrl\":\"https:\\\/\\\/antaris.az\\\/wp-content\\\/uploads\\\/2020\\\/05\\\/AN00-00019735.jpg\",\"datePublished\":\"2020-05-05T13:21:18+00:00\",\"dateModified\":\"2024-11-26T13:01:36+00:00\",\"breadcrumb\":{\"@id\":\"https:\\\/\\\/antaris.az\\\/m\u0259hsul\\\/canta-m%c9%99kt%c9%99bli-football-38x29x15sm-554593\\\/#breadcrumb\"},\"inLanguage\":\"ru-RU\",\"potentialAction\":[{\"@type\":\"ReadAction\",\"target\":[\"https:\\\/\\\/antaris.az\\\/m\u0259hsul\\\/canta-m%c9%99kt%c9%99bli-football-38x29x15sm-554593\\\/\"]}]},{\"@type\":\"ImageObject\",\"inLanguage\":\"ru-RU\",\"@id\":\"https:\\\/\\\/antaris.az\\\/m\u0259hsul\\\/canta-m%c9%99kt%c9%99bli-football-38x29x15sm-554593\\\/#primaryimage\",\"url\":\"https:\\\/\\\/antaris.az\\\/wp-content\\\/uploads\\\/2020\\\/05\\\/AN00-00019735.jpg\",\"contentUrl\":\"https:\\\/\\\/antaris.az\\\/wp-content\\\/uploads\\\/2020\\\/05\\\/AN00-00019735.jpg\",\"width\":800,\"height\":800,\"caption\":\"\u00c7anta, Bel \u00c7antas\u0131, YES\"},{\"@type\":\"BreadcrumbList\",\"@id\":\"https:\\\/\\\/antaris.az\\\/m\u0259hsul\\\/canta-m%c9%99kt%c9%99bli-football-38x29x15sm-554593\\\/#breadcrumb\",\"itemListElement\":[{\"@type\":\"ListItem\",\"position\":1,\"name\":\"Home\",\"item\":\"https:\\\/\\\/antaris.az\\\/\"},{\"@type\":\"ListItem\",\"position\":2,\"name\":\"Ma\u011faza\",\"item\":\"https:\\\/\\\/antaris.az\\\/ru\\\/shop\\\/\"},{\"@type\":\"ListItem\",\"position\":3,\"name\":\"Bel \u00e7antas\u0131 554593 FOOTBALL Yes\"}]},{\"@type\":\"WebSite\",\"@id\":\"https:\\\/\\\/antaris.az\\\/#website\",\"url\":\"https:\\\/\\\/antaris.az\\\/\",\"name\":\"Antaris\",\"description\":\"Ofis, ev, m\u0259kt\u0259b \u00fc\u00e7\u00fcn h\u0259r \u015fey\",\"publisher\":{\"@id\":\"https:\\\/\\\/antaris.az\\\/#organization\"},\"potentialAction\":[{\"@type\":\"SearchAction\",\"target\":{\"@type\":\"EntryPoint\",\"urlTemplate\":\"https:\\\/\\\/antaris.az\\\/?s={search_term_string}\"},\"query-input\":{\"@type\":\"PropertyValueSpecification\",\"valueRequired\":true,\"valueName\":\"search_term_string\"}}],\"inLanguage\":\"ru-RU\"},{\"@type\":\"Organization\",\"@id\":\"https:\\\/\\\/antaris.az\\\/#organization\",\"name\":\"Antaris QSC\",\"url\":\"https:\\\/\\\/antaris.az\\\/\",\"logo\":{\"@type\":\"ImageObject\",\"inLanguage\":\"ru-RU\",\"@id\":\"https:\\\/\\\/antaris.az\\\/#\\\/schema\\\/logo\\\/image\\\/\",\"url\":\"https:\\\/\\\/antaris.az\\\/wp-content\\\/uploads\\\/2025\\\/03\\\/Antaris-logo.png\",\"contentUrl\":\"https:\\\/\\\/antaris.az\\\/wp-content\\\/uploads\\\/2025\\\/03\\\/Antaris-logo.png\",\"width\":500,\"height\":500,\"caption\":\"Antaris QSC\"},\"image\":{\"@id\":\"https:\\\/\\\/antaris.az\\\/#\\\/schema\\\/logo\\\/image\\\/\"},\"sameAs\":[\"https:\\\/\\\/www.facebook.com\\\/antaris.az\\\/\",\"https:\\\/\\\/www.instagram.com\\\/antaris.az\\\/\"]}]}<\/script>\n<!-- \/ Yoast SEO plugin. -->","yoast_head_json":{"title":"Bel \u00e7antas\u0131 554593 FOOTBALL Yes - Antaris","robots":{"index":"index","follow":"follow","max-snippet":"max-snippet:-1","max-image-preview":"max-image-preview:large","max-video-preview":"max-video-preview:-1"},"canonical":"https:\/\/antaris.az\/ru\/m\u0259hsul\/canta-m\u0259kt\u0259bli-football-38x29x15sm-554593\/","og_locale":"ru_RU","og_type":"article","og_title":"Bel \u00e7antas\u0131 554593 FOOTBALL Yes - Antaris","og_description":"N\u00f6v: O\u011flanlar \u00fc\u00e7\u00fcn Material: Polyester H\u0259cmi: 15 L \u00d6l\u00e7\u00fcs\u00fc: 29x38x15 sm R\u0259ng: Mavi \u0130stehsal\u00e7\u0131 m\u0259hsul kodu: 554593 Ticari Brend: TOP \u2013 B\u00f6y\u00fck Britaniya Ticar\u0259t markalar\u0131: Yes, 1Veresnya, Smart  Z\u0259man\u0259t: 1 il \u0130stehsal \u00f6lk\u0259si: Ukrayna","og_url":"https:\/\/antaris.az\/ru\/m\u0259hsul\/canta-m\u0259kt\u0259bli-football-38x29x15sm-554593\/","og_site_name":"Antaris","article_publisher":"https:\/\/www.facebook.com\/antaris.az\/","article_modified_time":"2024-11-26T13:01:36+00:00","og_image":[{"width":800,"height":800,"url":"https:\/\/antaris.az\/wp-content\/uploads\/2020\/05\/AN00-00019735.jpg","type":"image\/jpeg"}],"schema":{"@context":"https:\/\/schema.org","@graph":[{"@type":"WebPage","@id":"https:\/\/antaris.az\/m\u0259hsul\/canta-m%c9%99kt%c9%99bli-football-38x29x15sm-554593\/","url":"https:\/\/antaris.az\/m\u0259hsul\/canta-m%c9%99kt%c9%99bli-football-38x29x15sm-554593\/","name":"Bel \u00e7antas\u0131 554593 FOOTBALL Yes - Antaris","isPartOf":{"@id":"https:\/\/antaris.az\/#website"},"primaryImageOfPage":{"@id":"https:\/\/antaris.az\/m\u0259hsul\/canta-m%c9%99kt%c9%99bli-football-38x29x15sm-554593\/#primaryimage"},"image":{"@id":"https:\/\/antaris.az\/m\u0259hsul\/canta-m%c9%99kt%c9%99bli-football-38x29x15sm-554593\/#primaryimage"},"thumbnailUrl":"https:\/\/antaris.az\/wp-content\/uploads\/2020\/05\/AN00-00019735.jpg","datePublished":"2020-05-05T13:21:18+00:00","dateModified":"2024-11-26T13:01:36+00:00","breadcrumb":{"@id":"https:\/\/antaris.az\/m\u0259hsul\/canta-m%c9%99kt%c9%99bli-football-38x29x15sm-554593\/#breadcrumb"},"inLanguage":"ru-RU","potentialAction":[{"@type":"ReadAction","target":["https:\/\/antaris.az\/m\u0259hsul\/canta-m%c9%99kt%c9%99bli-football-38x29x15sm-554593\/"]}]},{"@type":"ImageObject","inLanguage":"ru-RU","@id":"https:\/\/antaris.az\/m\u0259hsul\/canta-m%c9%99kt%c9%99bli-football-38x29x15sm-554593\/#primaryimage","url":"https:\/\/antaris.az\/wp-content\/uploads\/2020\/05\/AN00-00019735.jpg","contentUrl":"https:\/\/antaris.az\/wp-content\/uploads\/2020\/05\/AN00-00019735.jpg","width":800,"height":800,"caption":"\u00c7anta, Bel \u00c7antas\u0131, YES"},{"@type":"BreadcrumbList","@id":"https:\/\/antaris.az\/m\u0259hsul\/canta-m%c9%99kt%c9%99bli-football-38x29x15sm-554593\/#breadcrumb","itemListElement":[{"@type":"ListItem","position":1,"name":"Home","item":"https:\/\/antaris.az\/"},{"@type":"ListItem","position":2,"name":"Ma\u011faza","item":"https:\/\/antaris.az\/ru\/shop\/"},{"@type":"ListItem","position":3,"name":"Bel \u00e7antas\u0131 554593 FOOTBALL Yes"}]},{"@type":"WebSite","@id":"https:\/\/antaris.az\/#website","url":"https:\/\/antaris.az\/","name":"Antaris","description":"Ofis, ev, m\u0259kt\u0259b \u00fc\u00e7\u00fcn h\u0259r \u015fey","publisher":{"@id":"https:\/\/antaris.az\/#organization"},"potentialAction":[{"@type":"SearchAction","target":{"@type":"EntryPoint","urlTemplate":"https:\/\/antaris.az\/?s={search_term_string}"},"query-input":{"@type":"PropertyValueSpecification","valueRequired":true,"valueName":"search_term_string"}}],"inLanguage":"ru-RU"},{"@type":"Organization","@id":"https:\/\/antaris.az\/#organization","name":"\u0410\u043d\u0442\u0430\u0440\u0438\u0441 \u0417\u0410\u041e","url":"https:\/\/antaris.az\/","logo":{"@type":"ImageObject","inLanguage":"ru-RU","@id":"https:\/\/antaris.az\/#\/schema\/logo\/image\/","url":"https:\/\/antaris.az\/wp-content\/uploads\/2025\/03\/Antaris-logo.png","contentUrl":"https:\/\/antaris.az\/wp-content\/uploads\/2025\/03\/Antaris-logo.png","width":500,"height":500,"caption":"Antaris QSC"},"image":{"@id":"https:\/\/antaris.az\/#\/schema\/logo\/image\/"},"sameAs":["https:\/\/www.facebook.com\/antaris.az\/","https:\/\/www.instagram.com\/antaris.az\/"]}]}},"_links":{"self":[{"href":"https:\/\/antaris.az\/ru\/wp-json\/wp\/v2\/product\/8100","targetHints":{"allow":["GET"]}}],"collection":[{"href":"https:\/\/antaris.az\/ru\/wp-json\/wp\/v2\/product"}],"about":[{"href":"https:\/\/antaris.az\/ru\/wp-json\/wp\/v2\/types\/product"}],"version-history":[{"count":0,"href":"https:\/\/antaris.az\/ru\/wp-json\/wp\/v2\/product\/8100\/revisions"}],"wp:featuredmedia":[{"embeddable":true,"href":"https:\/\/antaris.az\/ru\/wp-json\/wp\/v2\/media\/16669"}],"wp:attachment":[{"href":"https:\/\/antaris.az\/ru\/wp-json\/wp\/v2\/media?parent=8100"}],"wp:term":[{"taxonomy":"product_brand","embeddable":true,"href":"https:\/\/antaris.az\/ru\/wp-json\/wp\/v2\/product_brand?post=8100"},{"taxonomy":"product_cat","embeddable":true,"href":"https:\/\/antaris.az\/ru\/wp-json\/wp\/v2\/product_cat?post=8100"},{"taxonomy":"product_tag","embeddable":true,"href":"https:\/\/antaris.az\/ru\/wp-json\/wp\/v2\/product_tag?post=8100"}],"curies":[{"name":"wp","href":"https:\/\/api.w.org\/{rel}","templated":true}]}}