{"id":7956,"date":"2020-05-05T14:37:45","date_gmt":"2020-05-05T11:37:45","guid":{"rendered":"http:\/\/www2.antaris.az\/?post_type=product&#038;p=7956"},"modified":"2024-11-26T17:01:43","modified_gmt":"2024-11-26T13:01:43","slug":"q%c9%99l%c9%99m-gel-07mm-free","status":"publish","type":"product","link":"https:\/\/antaris.az\/ru\/m\u0259hsul\/q%c9%99l%c9%99m-gel-07mm-free\/","title":{"rendered":"Q\u0259l\u0259m gel 0,7mm Free 348251 Faber-Castell"},"content":{"rendered":"<p><!--td {border: 1px solid #ccc;}br {mso-data-placement:same-cell;}--><span data-sheets-value=\"{&quot;1&quot;:2,&quot;2&quot;:&quot;Almaniya keyfiyy\u0259ti. Rolikin ucu metaldan haz\u0131rlanm\u0131\u015fd\u0131r v\u0259 ekstremal d\u0259r\u0259c\u0259d\u0259 t\u0259ziq\u0259 tab g\u0259tir\u0259 bilir. M\u00fcr\u0259kk\u0259bin s\u0259viyy\u0259sini yoxlamaq \u00fc\u00e7\u00fcn \u015f\u0259ffav p\u0259nc\u0259r\u0259 m\u00f6vcuddur.\\n\\nQ\u0259l\u0259m: Gel\\nUcluq: 0,7mm\\nM\u00fcr\u0259kk\u0259b: Suya davaml\u0131d\u0131r\\nR\u0259ng: Nar\u0131nc\u0131 \\n\u0130stehsal\u00e7\u0131 m\u0259hsul kodu: 348115\\nTicar\u0259t markas\u0131: Faber- Castell\\n\u0130stehsal \u00f6lk\u0259si: Almaniya&quot;}\" data-sheets-userformat=\"{&quot;2&quot;:14781,&quot;3&quot;:{&quot;1&quot;:0,&quot;3&quot;:1},&quot;5&quot;:{&quot;1&quot;:[{&quot;1&quot;:2,&quot;2&quot;:0,&quot;5&quot;:{&quot;1&quot;:2,&quot;2&quot;:0}},{&quot;1&quot;:0,&quot;2&quot;:0,&quot;3&quot;:3},{&quot;1&quot;:1,&quot;2&quot;:0,&quot;4&quot;:1}]},&quot;6&quot;:{&quot;1&quot;:[{&quot;1&quot;:2,&quot;2&quot;:0,&quot;5&quot;:{&quot;1&quot;:2,&quot;2&quot;:0}},{&quot;1&quot;:0,&quot;2&quot;:0,&quot;3&quot;:3},{&quot;1&quot;:1,&quot;2&quot;:0,&quot;4&quot;:1}]},&quot;7&quot;:{&quot;1&quot;:[{&quot;1&quot;:2,&quot;2&quot;:0,&quot;5&quot;:{&quot;1&quot;:2,&quot;2&quot;:0}},{&quot;1&quot;:0,&quot;2&quot;:0,&quot;3&quot;:3},{&quot;1&quot;:1,&quot;2&quot;:0,&quot;4&quot;:1}]},&quot;8&quot;:{&quot;1&quot;:[{&quot;1&quot;:2,&quot;2&quot;:0,&quot;5&quot;:{&quot;1&quot;:2,&quot;2&quot;:0}},{&quot;1&quot;:0,&quot;2&quot;:0,&quot;3&quot;:3},{&quot;1&quot;:1,&quot;2&quot;:0,&quot;4&quot;:1}]},&quot;10&quot;:0,&quot;11&quot;:4,&quot;14&quot;:{&quot;1&quot;:3,&quot;3&quot;:1},&quot;15&quot;:&quot;Cambria&quot;,&quot;16&quot;:11}\">Almaniya keyfiyy\u0259ti. Rolikin ucu metaldan haz\u0131rlanm\u0131\u015fd\u0131r v\u0259 ekstremal d\u0259r\u0259c\u0259d\u0259 t\u0259ziq\u0259 tab g\u0259tir\u0259 bilir. M\u00fcr\u0259kk\u0259bin s\u0259viyy\u0259sini yoxlamaq \u00fc\u00e7\u00fcn \u015f\u0259ffav p\u0259nc\u0259r\u0259 m\u00f6vcuddur.<\/span><\/p>\n<p>&nbsp;<\/p>\n","protected":false},"excerpt":{"rendered":"<p><span data-sheets-value=\"{&quot;1&quot;:2,&quot;2&quot;:&quot;Almaniya keyfiyy\u0259ti. Rolikin ucu metaldan haz\u0131rlanm\u0131\u015fd\u0131r v\u0259 ekstremal d\u0259r\u0259c\u0259d\u0259 t\u0259ziq\u0259 tab g\u0259tir\u0259 bilir. M\u00fcr\u0259kk\u0259bin s\u0259viyy\u0259sini yoxlamaq \u00fc\u00e7\u00fcn \u015f\u0259ffav p\u0259nc\u0259r\u0259 m\u00f6vcuddur.\\n\\nQ\u0259l\u0259m: Gel\\nUcluq: 0,7mm\\nM\u00fcr\u0259kk\u0259b: Suya davaml\u0131d\u0131r\\nR\u0259ng: Nar\u0131nc\u0131 \\n\u0130stehsal\u00e7\u0131 m\u0259hsul kodu: 348115\\nTicar\u0259t markas\u0131: Faber- Castell\\n\u0130stehsal \u00f6lk\u0259si: Almaniya&quot;}\" data-sheets-userformat=\"{&quot;2&quot;:14781,&quot;3&quot;:{&quot;1&quot;:0,&quot;3&quot;:1},&quot;5&quot;:{&quot;1&quot;:[{&quot;1&quot;:2,&quot;2&quot;:0,&quot;5&quot;:{&quot;1&quot;:2,&quot;2&quot;:0}},{&quot;1&quot;:0,&quot;2&quot;:0,&quot;3&quot;:3},{&quot;1&quot;:1,&quot;2&quot;:0,&quot;4&quot;:1}]},&quot;6&quot;:{&quot;1&quot;:[{&quot;1&quot;:2,&quot;2&quot;:0,&quot;5&quot;:{&quot;1&quot;:2,&quot;2&quot;:0}},{&quot;1&quot;:0,&quot;2&quot;:0,&quot;3&quot;:3},{&quot;1&quot;:1,&quot;2&quot;:0,&quot;4&quot;:1}]},&quot;7&quot;:{&quot;1&quot;:[{&quot;1&quot;:2,&quot;2&quot;:0,&quot;5&quot;:{&quot;1&quot;:2,&quot;2&quot;:0}},{&quot;1&quot;:0,&quot;2&quot;:0,&quot;3&quot;:3},{&quot;1&quot;:1,&quot;2&quot;:0,&quot;4&quot;:1}]},&quot;8&quot;:{&quot;1&quot;:[{&quot;1&quot;:2,&quot;2&quot;:0,&quot;5&quot;:{&quot;1&quot;:2,&quot;2&quot;:0}},{&quot;1&quot;:0,&quot;2&quot;:0,&quot;3&quot;:3},{&quot;1&quot;:1,&quot;2&quot;:0,&quot;4&quot;:1}]},&quot;10&quot;:0,&quot;11&quot;:4,&quot;14&quot;:{&quot;1&quot;:3,&quot;3&quot;:1},&quot;15&quot;:&quot;Cambria&quot;,&quot;16&quot;:11}\">Q\u0259l\u0259m: Gel<br \/>\nUcluq: 0,7mm<br \/>\nM\u00fcr\u0259kk\u0259b: Suya davaml\u0131d\u0131r<br \/>\nTicar\u0259t markas\u0131: Faber-Castell<br \/>\n\u0130stehsal\u00e7\u0131 m\u0259hsul kodu: 348251<br \/>\n\u0130stehsal\u00e7\u0131 \u00f6lk\u0259: Malaziya<\/span><\/p>\n","protected":false},"featured_media":101519,"template":"","meta":{"_joinchat":[]},"product_brand":[],"product_cat":[347],"product_tag":[],"class_list":{"0":"post-7956","1":"product","2":"type-product","3":"status-publish","4":"has-post-thumbnail","6":"product_cat-gel-qelem","7":"pa_brand-faber-castell","8":"pa_reng-aciq-mavi","9":"pa_reng-aciq-qirmizi","10":"pa_reng-aciq-yasil","11":"pa_reng-bnovsyi","12":"pa_reng-chrayi","13":"pa_reng-mavi","14":"pa_reng-narinci","15":"pa_reng-qara","16":"pa_reng-qirmizi","17":"pa_reng-yasil","19":"first","20":"instock","21":"featured","22":"shipping-taxable","23":"purchasable","24":"product-type-simple"},"yoast_head":"<!-- This site is optimized with the Yoast SEO plugin v27.4 - https:\/\/yoast.com\/product\/yoast-seo-wordpress\/ -->\n<title>Q\u0259l\u0259m gel 0,7mm Free 348251 Faber-Castell - Antaris<\/title>\n<meta name=\"robots\" content=\"index, follow, max-snippet:-1, max-image-preview:large, max-video-preview:-1\" \/>\n<link rel=\"canonical\" href=\"https:\/\/antaris.az\/ru\/m\u0259hsul\/q\u0259l\u0259m-gel-07mm-free\/\" \/>\n<meta property=\"og:locale\" content=\"ru_RU\" \/>\n<meta property=\"og:type\" content=\"article\" \/>\n<meta property=\"og:title\" content=\"Q\u0259l\u0259m gel 0,7mm Free 348251 Faber-Castell - Antaris\" \/>\n<meta property=\"og:description\" content=\"Q\u0259l\u0259m: Gel Ucluq: 0,7mm M\u00fcr\u0259kk\u0259b: Suya davaml\u0131d\u0131r Ticar\u0259t markas\u0131: Faber-Castell \u0130stehsal\u00e7\u0131 m\u0259hsul kodu: 348251 \u0130stehsal\u00e7\u0131 \u00f6lk\u0259: Malaziya\" \/>\n<meta property=\"og:url\" content=\"https:\/\/antaris.az\/ru\/m\u0259hsul\/q\u0259l\u0259m-gel-07mm-free\/\" \/>\n<meta property=\"og:site_name\" content=\"Antaris\" \/>\n<meta property=\"article:publisher\" content=\"https:\/\/www.facebook.com\/antaris.az\/\" \/>\n<meta property=\"article:modified_time\" content=\"2024-11-26T13:01:43+00:00\" \/>\n<meta property=\"og:image\" content=\"https:\/\/antaris.az\/wp-content\/uploads\/2020\/05\/348251-Faber-Castell-wep.webp\" \/>\n\t<meta property=\"og:image:width\" content=\"800\" \/>\n\t<meta property=\"og:image:height\" content=\"800\" \/>\n\t<meta property=\"og:image:type\" content=\"image\/webp\" \/>\n<script type=\"application\/ld+json\" class=\"yoast-schema-graph\">{\"@context\":\"https:\\\/\\\/schema.org\",\"@graph\":[{\"@type\":\"WebPage\",\"@id\":\"https:\\\/\\\/antaris.az\\\/m\u0259hsul\\\/q%c9%99l%c9%99m-gel-07mm-free\\\/\",\"url\":\"https:\\\/\\\/antaris.az\\\/m\u0259hsul\\\/q%c9%99l%c9%99m-gel-07mm-free\\\/\",\"name\":\"Q\u0259l\u0259m gel 0,7mm Free 348251 Faber-Castell - Antaris\",\"isPartOf\":{\"@id\":\"https:\\\/\\\/antaris.az\\\/#website\"},\"primaryImageOfPage\":{\"@id\":\"https:\\\/\\\/antaris.az\\\/m\u0259hsul\\\/q%c9%99l%c9%99m-gel-07mm-free\\\/#primaryimage\"},\"image\":{\"@id\":\"https:\\\/\\\/antaris.az\\\/m\u0259hsul\\\/q%c9%99l%c9%99m-gel-07mm-free\\\/#primaryimage\"},\"thumbnailUrl\":\"https:\\\/\\\/antaris.az\\\/wp-content\\\/uploads\\\/2020\\\/05\\\/348251-Faber-Castell-wep.webp\",\"datePublished\":\"2020-05-05T11:37:45+00:00\",\"dateModified\":\"2024-11-26T13:01:43+00:00\",\"breadcrumb\":{\"@id\":\"https:\\\/\\\/antaris.az\\\/m\u0259hsul\\\/q%c9%99l%c9%99m-gel-07mm-free\\\/#breadcrumb\"},\"inLanguage\":\"ru-RU\",\"potentialAction\":[{\"@type\":\"ReadAction\",\"target\":[\"https:\\\/\\\/antaris.az\\\/m\u0259hsul\\\/q%c9%99l%c9%99m-gel-07mm-free\\\/\"]}]},{\"@type\":\"ImageObject\",\"inLanguage\":\"ru-RU\",\"@id\":\"https:\\\/\\\/antaris.az\\\/m\u0259hsul\\\/q%c9%99l%c9%99m-gel-07mm-free\\\/#primaryimage\",\"url\":\"https:\\\/\\\/antaris.az\\\/wp-content\\\/uploads\\\/2020\\\/05\\\/348251-Faber-Castell-wep.webp\",\"contentUrl\":\"https:\\\/\\\/antaris.az\\\/wp-content\\\/uploads\\\/2020\\\/05\\\/348251-Faber-Castell-wep.webp\",\"width\":800,\"height\":800,\"caption\":\"348251 Faber-Castell wep\"},{\"@type\":\"BreadcrumbList\",\"@id\":\"https:\\\/\\\/antaris.az\\\/m\u0259hsul\\\/q%c9%99l%c9%99m-gel-07mm-free\\\/#breadcrumb\",\"itemListElement\":[{\"@type\":\"ListItem\",\"position\":1,\"name\":\"Home\",\"item\":\"https:\\\/\\\/antaris.az\\\/\"},{\"@type\":\"ListItem\",\"position\":2,\"name\":\"Ma\u011faza\",\"item\":\"https:\\\/\\\/antaris.az\\\/ru\\\/shop\\\/\"},{\"@type\":\"ListItem\",\"position\":3,\"name\":\"Q\u0259l\u0259m gel 0,7mm Free 348251 Faber-Castell\"}]},{\"@type\":\"WebSite\",\"@id\":\"https:\\\/\\\/antaris.az\\\/#website\",\"url\":\"https:\\\/\\\/antaris.az\\\/\",\"name\":\"Antaris\",\"description\":\"Ofis, ev, m\u0259kt\u0259b \u00fc\u00e7\u00fcn h\u0259r \u015fey\",\"publisher\":{\"@id\":\"https:\\\/\\\/antaris.az\\\/#organization\"},\"potentialAction\":[{\"@type\":\"SearchAction\",\"target\":{\"@type\":\"EntryPoint\",\"urlTemplate\":\"https:\\\/\\\/antaris.az\\\/?s={search_term_string}\"},\"query-input\":{\"@type\":\"PropertyValueSpecification\",\"valueRequired\":true,\"valueName\":\"search_term_string\"}}],\"inLanguage\":\"ru-RU\"},{\"@type\":\"Organization\",\"@id\":\"https:\\\/\\\/antaris.az\\\/#organization\",\"name\":\"Antaris QSC\",\"url\":\"https:\\\/\\\/antaris.az\\\/\",\"logo\":{\"@type\":\"ImageObject\",\"inLanguage\":\"ru-RU\",\"@id\":\"https:\\\/\\\/antaris.az\\\/#\\\/schema\\\/logo\\\/image\\\/\",\"url\":\"https:\\\/\\\/antaris.az\\\/wp-content\\\/uploads\\\/2025\\\/03\\\/Antaris-logo.png\",\"contentUrl\":\"https:\\\/\\\/antaris.az\\\/wp-content\\\/uploads\\\/2025\\\/03\\\/Antaris-logo.png\",\"width\":500,\"height\":500,\"caption\":\"Antaris QSC\"},\"image\":{\"@id\":\"https:\\\/\\\/antaris.az\\\/#\\\/schema\\\/logo\\\/image\\\/\"},\"sameAs\":[\"https:\\\/\\\/www.facebook.com\\\/antaris.az\\\/\",\"https:\\\/\\\/www.instagram.com\\\/antaris.az\\\/\"]}]}<\/script>\n<!-- \/ Yoast SEO plugin. -->","yoast_head_json":{"title":"Q\u0259l\u0259m gel 0,7mm Free 348251 Faber-Castell - Antaris","robots":{"index":"index","follow":"follow","max-snippet":"max-snippet:-1","max-image-preview":"max-image-preview:large","max-video-preview":"max-video-preview:-1"},"canonical":"https:\/\/antaris.az\/ru\/m\u0259hsul\/q\u0259l\u0259m-gel-07mm-free\/","og_locale":"ru_RU","og_type":"article","og_title":"Q\u0259l\u0259m gel 0,7mm Free 348251 Faber-Castell - Antaris","og_description":"Q\u0259l\u0259m: Gel Ucluq: 0,7mm M\u00fcr\u0259kk\u0259b: Suya davaml\u0131d\u0131r Ticar\u0259t markas\u0131: Faber-Castell \u0130stehsal\u00e7\u0131 m\u0259hsul kodu: 348251 \u0130stehsal\u00e7\u0131 \u00f6lk\u0259: Malaziya","og_url":"https:\/\/antaris.az\/ru\/m\u0259hsul\/q\u0259l\u0259m-gel-07mm-free\/","og_site_name":"Antaris","article_publisher":"https:\/\/www.facebook.com\/antaris.az\/","article_modified_time":"2024-11-26T13:01:43+00:00","og_image":[{"width":800,"height":800,"url":"https:\/\/antaris.az\/wp-content\/uploads\/2020\/05\/348251-Faber-Castell-wep.webp","type":"image\/webp"}],"schema":{"@context":"https:\/\/schema.org","@graph":[{"@type":"WebPage","@id":"https:\/\/antaris.az\/m\u0259hsul\/q%c9%99l%c9%99m-gel-07mm-free\/","url":"https:\/\/antaris.az\/m\u0259hsul\/q%c9%99l%c9%99m-gel-07mm-free\/","name":"Q\u0259l\u0259m gel 0,7mm Free 348251 Faber-Castell - Antaris","isPartOf":{"@id":"https:\/\/antaris.az\/#website"},"primaryImageOfPage":{"@id":"https:\/\/antaris.az\/m\u0259hsul\/q%c9%99l%c9%99m-gel-07mm-free\/#primaryimage"},"image":{"@id":"https:\/\/antaris.az\/m\u0259hsul\/q%c9%99l%c9%99m-gel-07mm-free\/#primaryimage"},"thumbnailUrl":"https:\/\/antaris.az\/wp-content\/uploads\/2020\/05\/348251-Faber-Castell-wep.webp","datePublished":"2020-05-05T11:37:45+00:00","dateModified":"2024-11-26T13:01:43+00:00","breadcrumb":{"@id":"https:\/\/antaris.az\/m\u0259hsul\/q%c9%99l%c9%99m-gel-07mm-free\/#breadcrumb"},"inLanguage":"ru-RU","potentialAction":[{"@type":"ReadAction","target":["https:\/\/antaris.az\/m\u0259hsul\/q%c9%99l%c9%99m-gel-07mm-free\/"]}]},{"@type":"ImageObject","inLanguage":"ru-RU","@id":"https:\/\/antaris.az\/m\u0259hsul\/q%c9%99l%c9%99m-gel-07mm-free\/#primaryimage","url":"https:\/\/antaris.az\/wp-content\/uploads\/2020\/05\/348251-Faber-Castell-wep.webp","contentUrl":"https:\/\/antaris.az\/wp-content\/uploads\/2020\/05\/348251-Faber-Castell-wep.webp","width":800,"height":800,"caption":"348251 Faber-Castell wep"},{"@type":"BreadcrumbList","@id":"https:\/\/antaris.az\/m\u0259hsul\/q%c9%99l%c9%99m-gel-07mm-free\/#breadcrumb","itemListElement":[{"@type":"ListItem","position":1,"name":"Home","item":"https:\/\/antaris.az\/"},{"@type":"ListItem","position":2,"name":"Ma\u011faza","item":"https:\/\/antaris.az\/ru\/shop\/"},{"@type":"ListItem","position":3,"name":"Q\u0259l\u0259m gel 0,7mm Free 348251 Faber-Castell"}]},{"@type":"WebSite","@id":"https:\/\/antaris.az\/#website","url":"https:\/\/antaris.az\/","name":"Antaris","description":"Ofis, ev, m\u0259kt\u0259b \u00fc\u00e7\u00fcn h\u0259r \u015fey","publisher":{"@id":"https:\/\/antaris.az\/#organization"},"potentialAction":[{"@type":"SearchAction","target":{"@type":"EntryPoint","urlTemplate":"https:\/\/antaris.az\/?s={search_term_string}"},"query-input":{"@type":"PropertyValueSpecification","valueRequired":true,"valueName":"search_term_string"}}],"inLanguage":"ru-RU"},{"@type":"Organization","@id":"https:\/\/antaris.az\/#organization","name":"\u0410\u043d\u0442\u0430\u0440\u0438\u0441 \u0417\u0410\u041e","url":"https:\/\/antaris.az\/","logo":{"@type":"ImageObject","inLanguage":"ru-RU","@id":"https:\/\/antaris.az\/#\/schema\/logo\/image\/","url":"https:\/\/antaris.az\/wp-content\/uploads\/2025\/03\/Antaris-logo.png","contentUrl":"https:\/\/antaris.az\/wp-content\/uploads\/2025\/03\/Antaris-logo.png","width":500,"height":500,"caption":"Antaris QSC"},"image":{"@id":"https:\/\/antaris.az\/#\/schema\/logo\/image\/"},"sameAs":["https:\/\/www.facebook.com\/antaris.az\/","https:\/\/www.instagram.com\/antaris.az\/"]}]}},"_links":{"self":[{"href":"https:\/\/antaris.az\/ru\/wp-json\/wp\/v2\/product\/7956","targetHints":{"allow":["GET"]}}],"collection":[{"href":"https:\/\/antaris.az\/ru\/wp-json\/wp\/v2\/product"}],"about":[{"href":"https:\/\/antaris.az\/ru\/wp-json\/wp\/v2\/types\/product"}],"version-history":[{"count":0,"href":"https:\/\/antaris.az\/ru\/wp-json\/wp\/v2\/product\/7956\/revisions"}],"wp:featuredmedia":[{"embeddable":true,"href":"https:\/\/antaris.az\/ru\/wp-json\/wp\/v2\/media\/101519"}],"wp:attachment":[{"href":"https:\/\/antaris.az\/ru\/wp-json\/wp\/v2\/media?parent=7956"}],"wp:term":[{"taxonomy":"product_brand","embeddable":true,"href":"https:\/\/antaris.az\/ru\/wp-json\/wp\/v2\/product_brand?post=7956"},{"taxonomy":"product_cat","embeddable":true,"href":"https:\/\/antaris.az\/ru\/wp-json\/wp\/v2\/product_cat?post=7956"},{"taxonomy":"product_tag","embeddable":true,"href":"https:\/\/antaris.az\/ru\/wp-json\/wp\/v2\/product_tag?post=7956"}],"curies":[{"name":"wp","href":"https:\/\/api.w.org\/{rel}","templated":true}]}}