{"id":7458,"date":"2020-05-01T09:38:24","date_gmt":"2020-05-01T06:38:24","guid":{"rendered":"http:\/\/www2.antaris.az\/?post_type=product&#038;p=7458"},"modified":"2024-11-26T17:03:00","modified_gmt":"2024-11-26T13:03:00","slug":"fayl-s%c9%99ffaf-a4-35-mikron","status":"publish","type":"product","link":"https:\/\/antaris.az\/ru\/m\u0259hsul\/fayl-s%c9%99ffaf-a4-35-mikron\/","title":{"rendered":"Fayl \u015f\u0259ffaf MD20018 35 mikron Mondo"},"content":{"rendered":"<p>\u00c7ap olunmu\u015f s\u0259n\u0259dl\u0259rin saxlanmas\u0131 v\u0259 qorunmas\u0131 \u00fc\u00e7\u00fcn fayllar polipropilend\u0259n haz\u0131rlanm\u0131b. Yan hiss\u0259d\u0259 olan perforasiya m\u00fcxt\u0259lif n\u00f6v qovluqlara \u00fc\u00e7\u00fcn uy\u011fundur.<\/p>\n<p>&nbsp;<\/p>","protected":false},"excerpt":{"rendered":"<p>N\u00f6v\u00fc: \u015e\u0259ffaf fayl<br \/>\nFormat: A4<br \/>\nQal\u0131nl\u0131\u011f\u0131: 35 mkr<br \/>\nQabla\u015fd\u0131rma: 100 \u0259d\u0259d<br \/>\n\u0130stehsal\u00e7\u0131 m\u0259hsul kodu: MD20018<br \/>\nTicar\u0259t markas\u0131: Mondo<br \/>\n\u0130stehsal \u00f6lk\u0259si: \u00c7in<\/p>\n<p>&nbsp;<\/p>","protected":false},"featured_media":7459,"template":"","meta":{"_joinchat":[]},"product_brand":[],"product_cat":[359],"product_tag":[],"class_list":{"0":"post-7458","1":"product","2":"type-product","3":"status-publish","4":"has-post-thumbnail","6":"product_cat-sffaf-fayl","7":"pa_brand-mondo","9":"first","10":"outofstock","11":"shipping-taxable","12":"purchasable","13":"product-type-simple"},"yoast_head":"<!-- This site is optimized with the Yoast SEO plugin v27.3 - https:\/\/yoast.com\/product\/yoast-seo-wordpress\/ -->\n<title>Fayl \u015f\u0259ffaf MD20018 35 mikron Mondo - Antaris<\/title>\n<meta name=\"robots\" content=\"index, follow, max-snippet:-1, max-image-preview:large, max-video-preview:-1\" \/>\n<link rel=\"canonical\" href=\"https:\/\/antaris.az\/ru\/m\u0259hsul\/fayl-s\u0259ffaf-a4-35-mikron\/\" \/>\n<meta property=\"og:locale\" content=\"ru_RU\" \/>\n<meta property=\"og:type\" content=\"article\" \/>\n<meta property=\"og:title\" content=\"Fayl \u015f\u0259ffaf MD20018 35 mikron Mondo - Antaris\" \/>\n<meta property=\"og:description\" content=\"N\u00f6v\u00fc: \u015e\u0259ffaf fayl Format: A4 Qal\u0131nl\u0131\u011f\u0131: 35 mkr Qabla\u015fd\u0131rma: 100 \u0259d\u0259d \u0130stehsal\u00e7\u0131 m\u0259hsul kodu: MD20018 Ticar\u0259t markas\u0131: Mondo \u0130stehsal \u00f6lk\u0259si: \u00c7in  &nbsp;\" \/>\n<meta property=\"og:url\" content=\"https:\/\/antaris.az\/ru\/m\u0259hsul\/fayl-s\u0259ffaf-a4-35-mikron\/\" \/>\n<meta property=\"og:site_name\" content=\"Antaris\" \/>\n<meta property=\"article:publisher\" content=\"https:\/\/www.facebook.com\/antaris.az\/\" \/>\n<meta property=\"article:modified_time\" content=\"2024-11-26T13:03:00+00:00\" \/>\n<meta property=\"og:image\" content=\"https:\/\/antaris.az\/wp-content\/uploads\/2020\/05\/AN-00-00025551-Fayl-\u015f\u0259ffaf-A4-35-mikron-MD20018.jpg\" \/>\n\t<meta property=\"og:image:width\" content=\"800\" \/>\n\t<meta property=\"og:image:height\" content=\"800\" \/>\n\t<meta property=\"og:image:type\" content=\"image\/jpeg\" \/>\n<script type=\"application\/ld+json\" class=\"yoast-schema-graph\">{\"@context\":\"https:\\\/\\\/schema.org\",\"@graph\":[{\"@type\":\"WebPage\",\"@id\":\"https:\\\/\\\/antaris.az\\\/m\u0259hsul\\\/fayl-s%c9%99ffaf-a4-35-mikron\\\/\",\"url\":\"https:\\\/\\\/antaris.az\\\/m\u0259hsul\\\/fayl-s%c9%99ffaf-a4-35-mikron\\\/\",\"name\":\"Fayl \u015f\u0259ffaf MD20018 35 mikron Mondo - Antaris\",\"isPartOf\":{\"@id\":\"https:\\\/\\\/antaris.az\\\/#website\"},\"primaryImageOfPage\":{\"@id\":\"https:\\\/\\\/antaris.az\\\/m\u0259hsul\\\/fayl-s%c9%99ffaf-a4-35-mikron\\\/#primaryimage\"},\"image\":{\"@id\":\"https:\\\/\\\/antaris.az\\\/m\u0259hsul\\\/fayl-s%c9%99ffaf-a4-35-mikron\\\/#primaryimage\"},\"thumbnailUrl\":\"https:\\\/\\\/antaris.az\\\/wp-content\\\/uploads\\\/2020\\\/05\\\/AN-00-00025551-Fayl-\u015f\u0259ffaf-A4-35-mikron-MD20018.jpg\",\"datePublished\":\"2020-05-01T06:38:24+00:00\",\"dateModified\":\"2024-11-26T13:03:00+00:00\",\"breadcrumb\":{\"@id\":\"https:\\\/\\\/antaris.az\\\/m\u0259hsul\\\/fayl-s%c9%99ffaf-a4-35-mikron\\\/#breadcrumb\"},\"inLanguage\":\"ru-RU\",\"potentialAction\":[{\"@type\":\"ReadAction\",\"target\":[\"https:\\\/\\\/antaris.az\\\/m\u0259hsul\\\/fayl-s%c9%99ffaf-a4-35-mikron\\\/\"]}]},{\"@type\":\"ImageObject\",\"inLanguage\":\"ru-RU\",\"@id\":\"https:\\\/\\\/antaris.az\\\/m\u0259hsul\\\/fayl-s%c9%99ffaf-a4-35-mikron\\\/#primaryimage\",\"url\":\"https:\\\/\\\/antaris.az\\\/wp-content\\\/uploads\\\/2020\\\/05\\\/AN-00-00025551-Fayl-\u015f\u0259ffaf-A4-35-mikron-MD20018.jpg\",\"contentUrl\":\"https:\\\/\\\/antaris.az\\\/wp-content\\\/uploads\\\/2020\\\/05\\\/AN-00-00025551-Fayl-\u015f\u0259ffaf-A4-35-mikron-MD20018.jpg\",\"width\":800,\"height\":800,\"caption\":\"Fayl \u015f\u0259ffaf A4 35 mikron MD20018\"},{\"@type\":\"BreadcrumbList\",\"@id\":\"https:\\\/\\\/antaris.az\\\/m\u0259hsul\\\/fayl-s%c9%99ffaf-a4-35-mikron\\\/#breadcrumb\",\"itemListElement\":[{\"@type\":\"ListItem\",\"position\":1,\"name\":\"Home\",\"item\":\"https:\\\/\\\/antaris.az\\\/\"},{\"@type\":\"ListItem\",\"position\":2,\"name\":\"Ma\u011faza\",\"item\":\"https:\\\/\\\/antaris.az\\\/ru\\\/shop\\\/\"},{\"@type\":\"ListItem\",\"position\":3,\"name\":\"Fayl \u015f\u0259ffaf MD20018 35 mikron Mondo\"}]},{\"@type\":\"WebSite\",\"@id\":\"https:\\\/\\\/antaris.az\\\/#website\",\"url\":\"https:\\\/\\\/antaris.az\\\/\",\"name\":\"Antaris\",\"description\":\"Ofis, ev, m\u0259kt\u0259b \u00fc\u00e7\u00fcn h\u0259r \u015fey\",\"publisher\":{\"@id\":\"https:\\\/\\\/antaris.az\\\/#organization\"},\"potentialAction\":[{\"@type\":\"SearchAction\",\"target\":{\"@type\":\"EntryPoint\",\"urlTemplate\":\"https:\\\/\\\/antaris.az\\\/?s={search_term_string}\"},\"query-input\":{\"@type\":\"PropertyValueSpecification\",\"valueRequired\":true,\"valueName\":\"search_term_string\"}}],\"inLanguage\":\"ru-RU\"},{\"@type\":\"Organization\",\"@id\":\"https:\\\/\\\/antaris.az\\\/#organization\",\"name\":\"Antaris QSC\",\"url\":\"https:\\\/\\\/antaris.az\\\/\",\"logo\":{\"@type\":\"ImageObject\",\"inLanguage\":\"ru-RU\",\"@id\":\"https:\\\/\\\/antaris.az\\\/#\\\/schema\\\/logo\\\/image\\\/\",\"url\":\"https:\\\/\\\/antaris.az\\\/wp-content\\\/uploads\\\/2025\\\/03\\\/Antaris-logo.png\",\"contentUrl\":\"https:\\\/\\\/antaris.az\\\/wp-content\\\/uploads\\\/2025\\\/03\\\/Antaris-logo.png\",\"width\":500,\"height\":500,\"caption\":\"Antaris QSC\"},\"image\":{\"@id\":\"https:\\\/\\\/antaris.az\\\/#\\\/schema\\\/logo\\\/image\\\/\"},\"sameAs\":[\"https:\\\/\\\/www.facebook.com\\\/antaris.az\\\/\",\"https:\\\/\\\/www.instagram.com\\\/antaris.az\\\/\"]}]}<\/script>\n<!-- \/ Yoast SEO plugin. -->","yoast_head_json":{"title":"Fayl \u015f\u0259ffaf MD20018 35 mikron Mondo - Antaris","robots":{"index":"index","follow":"follow","max-snippet":"max-snippet:-1","max-image-preview":"max-image-preview:large","max-video-preview":"max-video-preview:-1"},"canonical":"https:\/\/antaris.az\/ru\/m\u0259hsul\/fayl-s\u0259ffaf-a4-35-mikron\/","og_locale":"ru_RU","og_type":"article","og_title":"Fayl \u015f\u0259ffaf MD20018 35 mikron Mondo - Antaris","og_description":"N\u00f6v\u00fc: \u015e\u0259ffaf fayl Format: A4 Qal\u0131nl\u0131\u011f\u0131: 35 mkr Qabla\u015fd\u0131rma: 100 \u0259d\u0259d \u0130stehsal\u00e7\u0131 m\u0259hsul kodu: MD20018 Ticar\u0259t markas\u0131: Mondo \u0130stehsal \u00f6lk\u0259si: \u00c7in  &nbsp;","og_url":"https:\/\/antaris.az\/ru\/m\u0259hsul\/fayl-s\u0259ffaf-a4-35-mikron\/","og_site_name":"Antaris","article_publisher":"https:\/\/www.facebook.com\/antaris.az\/","article_modified_time":"2024-11-26T13:03:00+00:00","og_image":[{"width":800,"height":800,"url":"https:\/\/antaris.az\/wp-content\/uploads\/2020\/05\/AN-00-00025551-Fayl-\u015f\u0259ffaf-A4-35-mikron-MD20018.jpg","type":"image\/jpeg"}],"schema":{"@context":"https:\/\/schema.org","@graph":[{"@type":"WebPage","@id":"https:\/\/antaris.az\/m\u0259hsul\/fayl-s%c9%99ffaf-a4-35-mikron\/","url":"https:\/\/antaris.az\/m\u0259hsul\/fayl-s%c9%99ffaf-a4-35-mikron\/","name":"Fayl \u015f\u0259ffaf MD20018 35 mikron Mondo - Antaris","isPartOf":{"@id":"https:\/\/antaris.az\/#website"},"primaryImageOfPage":{"@id":"https:\/\/antaris.az\/m\u0259hsul\/fayl-s%c9%99ffaf-a4-35-mikron\/#primaryimage"},"image":{"@id":"https:\/\/antaris.az\/m\u0259hsul\/fayl-s%c9%99ffaf-a4-35-mikron\/#primaryimage"},"thumbnailUrl":"https:\/\/antaris.az\/wp-content\/uploads\/2020\/05\/AN-00-00025551-Fayl-\u015f\u0259ffaf-A4-35-mikron-MD20018.jpg","datePublished":"2020-05-01T06:38:24+00:00","dateModified":"2024-11-26T13:03:00+00:00","breadcrumb":{"@id":"https:\/\/antaris.az\/m\u0259hsul\/fayl-s%c9%99ffaf-a4-35-mikron\/#breadcrumb"},"inLanguage":"ru-RU","potentialAction":[{"@type":"ReadAction","target":["https:\/\/antaris.az\/m\u0259hsul\/fayl-s%c9%99ffaf-a4-35-mikron\/"]}]},{"@type":"ImageObject","inLanguage":"ru-RU","@id":"https:\/\/antaris.az\/m\u0259hsul\/fayl-s%c9%99ffaf-a4-35-mikron\/#primaryimage","url":"https:\/\/antaris.az\/wp-content\/uploads\/2020\/05\/AN-00-00025551-Fayl-\u015f\u0259ffaf-A4-35-mikron-MD20018.jpg","contentUrl":"https:\/\/antaris.az\/wp-content\/uploads\/2020\/05\/AN-00-00025551-Fayl-\u015f\u0259ffaf-A4-35-mikron-MD20018.jpg","width":800,"height":800,"caption":"Fayl \u015f\u0259ffaf A4 35 mikron MD20018"},{"@type":"BreadcrumbList","@id":"https:\/\/antaris.az\/m\u0259hsul\/fayl-s%c9%99ffaf-a4-35-mikron\/#breadcrumb","itemListElement":[{"@type":"ListItem","position":1,"name":"Home","item":"https:\/\/antaris.az\/"},{"@type":"ListItem","position":2,"name":"Ma\u011faza","item":"https:\/\/antaris.az\/ru\/shop\/"},{"@type":"ListItem","position":3,"name":"Fayl \u015f\u0259ffaf MD20018 35 mikron Mondo"}]},{"@type":"WebSite","@id":"https:\/\/antaris.az\/#website","url":"https:\/\/antaris.az\/","name":"Antaris","description":"Ofis, ev, m\u0259kt\u0259b \u00fc\u00e7\u00fcn h\u0259r \u015fey","publisher":{"@id":"https:\/\/antaris.az\/#organization"},"potentialAction":[{"@type":"SearchAction","target":{"@type":"EntryPoint","urlTemplate":"https:\/\/antaris.az\/?s={search_term_string}"},"query-input":{"@type":"PropertyValueSpecification","valueRequired":true,"valueName":"search_term_string"}}],"inLanguage":"ru-RU"},{"@type":"Organization","@id":"https:\/\/antaris.az\/#organization","name":"\u0410\u043d\u0442\u0430\u0440\u0438\u0441 \u0417\u0410\u041e","url":"https:\/\/antaris.az\/","logo":{"@type":"ImageObject","inLanguage":"ru-RU","@id":"https:\/\/antaris.az\/#\/schema\/logo\/image\/","url":"https:\/\/antaris.az\/wp-content\/uploads\/2025\/03\/Antaris-logo.png","contentUrl":"https:\/\/antaris.az\/wp-content\/uploads\/2025\/03\/Antaris-logo.png","width":500,"height":500,"caption":"Antaris QSC"},"image":{"@id":"https:\/\/antaris.az\/#\/schema\/logo\/image\/"},"sameAs":["https:\/\/www.facebook.com\/antaris.az\/","https:\/\/www.instagram.com\/antaris.az\/"]}]}},"_links":{"self":[{"href":"https:\/\/antaris.az\/ru\/wp-json\/wp\/v2\/product\/7458","targetHints":{"allow":["GET"]}}],"collection":[{"href":"https:\/\/antaris.az\/ru\/wp-json\/wp\/v2\/product"}],"about":[{"href":"https:\/\/antaris.az\/ru\/wp-json\/wp\/v2\/types\/product"}],"version-history":[{"count":0,"href":"https:\/\/antaris.az\/ru\/wp-json\/wp\/v2\/product\/7458\/revisions"}],"wp:featuredmedia":[{"embeddable":true,"href":"https:\/\/antaris.az\/ru\/wp-json\/wp\/v2\/media\/7459"}],"wp:attachment":[{"href":"https:\/\/antaris.az\/ru\/wp-json\/wp\/v2\/media?parent=7458"}],"wp:term":[{"taxonomy":"product_brand","embeddable":true,"href":"https:\/\/antaris.az\/ru\/wp-json\/wp\/v2\/product_brand?post=7458"},{"taxonomy":"product_cat","embeddable":true,"href":"https:\/\/antaris.az\/ru\/wp-json\/wp\/v2\/product_cat?post=7458"},{"taxonomy":"product_tag","embeddable":true,"href":"https:\/\/antaris.az\/ru\/wp-json\/wp\/v2\/product_tag?post=7458"}],"curies":[{"name":"wp","href":"https:\/\/api.w.org\/{rel}","templated":true}]}}