{"id":7439,"date":"2020-05-01T09:07:11","date_gmt":"2020-05-01T06:07:11","guid":{"rendered":"http:\/\/www2.antaris.az\/?post_type=product&#038;p=7439"},"modified":"2024-11-26T17:03:00","modified_gmt":"2024-11-26T13:03:00","slug":"faylli-qovluq-a4-40-faylli","status":"publish","type":"product","link":"https:\/\/antaris.az\/ru\/m\u0259hsul\/faylli-qovluq-a4-40-faylli\/","title":{"rendered":"Qovluq fayll\u0131 64120-N-130 Noki"},"content":{"rendered":"<p>\u0130lkin perforasiya olmayan s\u0259n\u0259dl\u0259rin saxlanmas\u0131 \u00fc\u00e7\u00fcn n\u0259z\u0259rd\u0259 tutulub. Plastikd\u0259n haz\u0131rlan\u0131b. S\u0259n\u0259dl\u0259rin rahat saxlanmas\u0131 v\u0259 t\u0259qdim edilm\u0259si \u00fc\u00e7\u00fcn 20 \u015f\u0259ffaf polipropilen \u0259lav\u0259l\u0259ri var. Qovlu\u011fun tutumu 40 v\u0259r\u0259q\u0259 q\u0259d\u0259rdir.<\/p>\n<p>&nbsp;<\/p>","protected":false},"excerpt":{"rendered":"<p>N\u00f6v\u00fc: Fayll\u0131<br \/>\nFormat: A4<br \/>\nMaterial: Polipropilen<br \/>\nR\u0259ng: Mavi<br \/>\nFayl say\u0131: 40 \u0259d\u0259d<br \/>\n\u0130stehsal\u00e7\u0131 m\u0259hsul kodu: 64140-N-130<br \/>\nTicar\u0259t markas\u0131: Noki<br \/>\n\u0130stehsal \u00f6lk\u0259si: T\u00fcrkiy\u0259<\/p>\n<p>&nbsp;<\/p>","protected":false},"featured_media":7482,"template":"","meta":{"_joinchat":[]},"product_brand":[],"product_cat":[364],"product_tag":[1969],"class_list":{"0":"post-7439","1":"product","2":"type-product","3":"status-publish","4":"has-post-thumbnail","6":"product_cat-fayilli-qovluq","7":"product_tag-qovluq-faylli","8":"pa_brand-noki","10":"first","11":"instock","12":"shipping-taxable","13":"purchasable","14":"product-type-simple"},"yoast_head":"<!-- This site is optimized with the Yoast SEO plugin v27.4 - https:\/\/yoast.com\/product\/yoast-seo-wordpress\/ -->\n<title>Qovluq fayll\u0131 64120-N-130 Noki Bak\u0131da s\u0259rf\u0259li almaq - Antaris<\/title>\n<meta name=\"robots\" content=\"index, follow, max-snippet:-1, max-image-preview:large, max-video-preview:-1\" \/>\n<link rel=\"canonical\" href=\"https:\/\/antaris.az\/ru\/m\u0259hsul\/faylli-qovluq-a4-40-faylli\/\" \/>\n<meta property=\"og:locale\" content=\"ru_RU\" \/>\n<meta property=\"og:type\" content=\"article\" \/>\n<meta property=\"og:title\" content=\"Qovluq fayll\u0131 64120-N-130 Noki Bak\u0131da s\u0259rf\u0259li almaq - Antaris\" \/>\n<meta property=\"og:description\" content=\"N\u00f6v\u00fc: Fayll\u0131 Format: A4 Material: Polipropilen R\u0259ng: Mavi Fayl say\u0131: 40 \u0259d\u0259d \u0130stehsal\u00e7\u0131 m\u0259hsul kodu: 64140-N-130 Ticar\u0259t markas\u0131: Noki \u0130stehsal \u00f6lk\u0259si: T\u00fcrkiy\u0259  &nbsp;\" \/>\n<meta property=\"og:url\" content=\"https:\/\/antaris.az\/ru\/m\u0259hsul\/faylli-qovluq-a4-40-faylli\/\" \/>\n<meta property=\"og:site_name\" content=\"Antaris\" \/>\n<meta property=\"article:publisher\" content=\"https:\/\/www.facebook.com\/antaris.az\/\" \/>\n<meta property=\"article:modified_time\" content=\"2024-11-26T13:03:00+00:00\" \/>\n<meta property=\"og:image\" content=\"https:\/\/antaris.az\/wp-content\/uploads\/2020\/05\/Noki-Flat-File.jpg\" \/>\n\t<meta property=\"og:image:width\" content=\"400\" \/>\n\t<meta property=\"og:image:height\" content=\"400\" \/>\n\t<meta property=\"og:image:type\" content=\"image\/jpeg\" \/>\n<script type=\"application\/ld+json\" class=\"yoast-schema-graph\">{\"@context\":\"https:\\\/\\\/schema.org\",\"@graph\":[{\"@type\":\"WebPage\",\"@id\":\"https:\\\/\\\/antaris.az\\\/m\u0259hsul\\\/faylli-qovluq-a4-40-faylli\\\/\",\"url\":\"https:\\\/\\\/antaris.az\\\/m\u0259hsul\\\/faylli-qovluq-a4-40-faylli\\\/\",\"name\":\"Qovluq fayll\u0131 64120-N-130 Noki Bak\u0131da s\u0259rf\u0259li almaq - Antaris\",\"isPartOf\":{\"@id\":\"https:\\\/\\\/antaris.az\\\/#website\"},\"primaryImageOfPage\":{\"@id\":\"https:\\\/\\\/antaris.az\\\/m\u0259hsul\\\/faylli-qovluq-a4-40-faylli\\\/#primaryimage\"},\"image\":{\"@id\":\"https:\\\/\\\/antaris.az\\\/m\u0259hsul\\\/faylli-qovluq-a4-40-faylli\\\/#primaryimage\"},\"thumbnailUrl\":\"https:\\\/\\\/antaris.az\\\/wp-content\\\/uploads\\\/2020\\\/05\\\/Noki-Flat-File.jpg\",\"datePublished\":\"2020-05-01T06:07:11+00:00\",\"dateModified\":\"2024-11-26T13:03:00+00:00\",\"breadcrumb\":{\"@id\":\"https:\\\/\\\/antaris.az\\\/m\u0259hsul\\\/faylli-qovluq-a4-40-faylli\\\/#breadcrumb\"},\"inLanguage\":\"ru-RU\",\"potentialAction\":[{\"@type\":\"ReadAction\",\"target\":[\"https:\\\/\\\/antaris.az\\\/m\u0259hsul\\\/faylli-qovluq-a4-40-faylli\\\/\"]}]},{\"@type\":\"ImageObject\",\"inLanguage\":\"ru-RU\",\"@id\":\"https:\\\/\\\/antaris.az\\\/m\u0259hsul\\\/faylli-qovluq-a4-40-faylli\\\/#primaryimage\",\"url\":\"https:\\\/\\\/antaris.az\\\/wp-content\\\/uploads\\\/2020\\\/05\\\/Noki-Flat-File.jpg\",\"contentUrl\":\"https:\\\/\\\/antaris.az\\\/wp-content\\\/uploads\\\/2020\\\/05\\\/Noki-Flat-File.jpg\",\"width\":400,\"height\":400,\"caption\":\"qovluq fayll\u0131\"},{\"@type\":\"BreadcrumbList\",\"@id\":\"https:\\\/\\\/antaris.az\\\/m\u0259hsul\\\/faylli-qovluq-a4-40-faylli\\\/#breadcrumb\",\"itemListElement\":[{\"@type\":\"ListItem\",\"position\":1,\"name\":\"Home\",\"item\":\"https:\\\/\\\/antaris.az\\\/\"},{\"@type\":\"ListItem\",\"position\":2,\"name\":\"Ma\u011faza\",\"item\":\"https:\\\/\\\/antaris.az\\\/ru\\\/shop\\\/\"},{\"@type\":\"ListItem\",\"position\":3,\"name\":\"Qovluq fayll\u0131 64120-N-130 Noki\"}]},{\"@type\":\"WebSite\",\"@id\":\"https:\\\/\\\/antaris.az\\\/#website\",\"url\":\"https:\\\/\\\/antaris.az\\\/\",\"name\":\"Antaris\",\"description\":\"Ofis, ev, m\u0259kt\u0259b \u00fc\u00e7\u00fcn h\u0259r \u015fey\",\"publisher\":{\"@id\":\"https:\\\/\\\/antaris.az\\\/#organization\"},\"potentialAction\":[{\"@type\":\"SearchAction\",\"target\":{\"@type\":\"EntryPoint\",\"urlTemplate\":\"https:\\\/\\\/antaris.az\\\/?s={search_term_string}\"},\"query-input\":{\"@type\":\"PropertyValueSpecification\",\"valueRequired\":true,\"valueName\":\"search_term_string\"}}],\"inLanguage\":\"ru-RU\"},{\"@type\":\"Organization\",\"@id\":\"https:\\\/\\\/antaris.az\\\/#organization\",\"name\":\"Antaris QSC\",\"url\":\"https:\\\/\\\/antaris.az\\\/\",\"logo\":{\"@type\":\"ImageObject\",\"inLanguage\":\"ru-RU\",\"@id\":\"https:\\\/\\\/antaris.az\\\/#\\\/schema\\\/logo\\\/image\\\/\",\"url\":\"https:\\\/\\\/antaris.az\\\/wp-content\\\/uploads\\\/2025\\\/03\\\/Antaris-logo.png\",\"contentUrl\":\"https:\\\/\\\/antaris.az\\\/wp-content\\\/uploads\\\/2025\\\/03\\\/Antaris-logo.png\",\"width\":500,\"height\":500,\"caption\":\"Antaris QSC\"},\"image\":{\"@id\":\"https:\\\/\\\/antaris.az\\\/#\\\/schema\\\/logo\\\/image\\\/\"},\"sameAs\":[\"https:\\\/\\\/www.facebook.com\\\/antaris.az\\\/\",\"https:\\\/\\\/www.instagram.com\\\/antaris.az\\\/\"]}]}<\/script>\n<!-- \/ Yoast SEO plugin. -->","yoast_head_json":{"title":"Qovluq fayll\u0131 64120-N-130 Noki Bak\u0131da s\u0259rf\u0259li almaq - Antaris","robots":{"index":"index","follow":"follow","max-snippet":"max-snippet:-1","max-image-preview":"max-image-preview:large","max-video-preview":"max-video-preview:-1"},"canonical":"https:\/\/antaris.az\/ru\/m\u0259hsul\/faylli-qovluq-a4-40-faylli\/","og_locale":"ru_RU","og_type":"article","og_title":"Qovluq fayll\u0131 64120-N-130 Noki Bak\u0131da s\u0259rf\u0259li almaq - Antaris","og_description":"N\u00f6v\u00fc: Fayll\u0131 Format: A4 Material: Polipropilen R\u0259ng: Mavi Fayl say\u0131: 40 \u0259d\u0259d \u0130stehsal\u00e7\u0131 m\u0259hsul kodu: 64140-N-130 Ticar\u0259t markas\u0131: Noki \u0130stehsal \u00f6lk\u0259si: T\u00fcrkiy\u0259  &nbsp;","og_url":"https:\/\/antaris.az\/ru\/m\u0259hsul\/faylli-qovluq-a4-40-faylli\/","og_site_name":"Antaris","article_publisher":"https:\/\/www.facebook.com\/antaris.az\/","article_modified_time":"2024-11-26T13:03:00+00:00","og_image":[{"width":400,"height":400,"url":"https:\/\/antaris.az\/wp-content\/uploads\/2020\/05\/Noki-Flat-File.jpg","type":"image\/jpeg"}],"schema":{"@context":"https:\/\/schema.org","@graph":[{"@type":"WebPage","@id":"https:\/\/antaris.az\/m\u0259hsul\/faylli-qovluq-a4-40-faylli\/","url":"https:\/\/antaris.az\/m\u0259hsul\/faylli-qovluq-a4-40-faylli\/","name":"Qovluq fayll\u0131 64120-N-130 Noki Bak\u0131da s\u0259rf\u0259li almaq - Antaris","isPartOf":{"@id":"https:\/\/antaris.az\/#website"},"primaryImageOfPage":{"@id":"https:\/\/antaris.az\/m\u0259hsul\/faylli-qovluq-a4-40-faylli\/#primaryimage"},"image":{"@id":"https:\/\/antaris.az\/m\u0259hsul\/faylli-qovluq-a4-40-faylli\/#primaryimage"},"thumbnailUrl":"https:\/\/antaris.az\/wp-content\/uploads\/2020\/05\/Noki-Flat-File.jpg","datePublished":"2020-05-01T06:07:11+00:00","dateModified":"2024-11-26T13:03:00+00:00","breadcrumb":{"@id":"https:\/\/antaris.az\/m\u0259hsul\/faylli-qovluq-a4-40-faylli\/#breadcrumb"},"inLanguage":"ru-RU","potentialAction":[{"@type":"ReadAction","target":["https:\/\/antaris.az\/m\u0259hsul\/faylli-qovluq-a4-40-faylli\/"]}]},{"@type":"ImageObject","inLanguage":"ru-RU","@id":"https:\/\/antaris.az\/m\u0259hsul\/faylli-qovluq-a4-40-faylli\/#primaryimage","url":"https:\/\/antaris.az\/wp-content\/uploads\/2020\/05\/Noki-Flat-File.jpg","contentUrl":"https:\/\/antaris.az\/wp-content\/uploads\/2020\/05\/Noki-Flat-File.jpg","width":400,"height":400,"caption":"qovluq fayll\u0131"},{"@type":"BreadcrumbList","@id":"https:\/\/antaris.az\/m\u0259hsul\/faylli-qovluq-a4-40-faylli\/#breadcrumb","itemListElement":[{"@type":"ListItem","position":1,"name":"Home","item":"https:\/\/antaris.az\/"},{"@type":"ListItem","position":2,"name":"Ma\u011faza","item":"https:\/\/antaris.az\/ru\/shop\/"},{"@type":"ListItem","position":3,"name":"Qovluq fayll\u0131 64120-N-130 Noki"}]},{"@type":"WebSite","@id":"https:\/\/antaris.az\/#website","url":"https:\/\/antaris.az\/","name":"Antaris","description":"Ofis, ev, m\u0259kt\u0259b \u00fc\u00e7\u00fcn h\u0259r \u015fey","publisher":{"@id":"https:\/\/antaris.az\/#organization"},"potentialAction":[{"@type":"SearchAction","target":{"@type":"EntryPoint","urlTemplate":"https:\/\/antaris.az\/?s={search_term_string}"},"query-input":{"@type":"PropertyValueSpecification","valueRequired":true,"valueName":"search_term_string"}}],"inLanguage":"ru-RU"},{"@type":"Organization","@id":"https:\/\/antaris.az\/#organization","name":"\u0410\u043d\u0442\u0430\u0440\u0438\u0441 \u0417\u0410\u041e","url":"https:\/\/antaris.az\/","logo":{"@type":"ImageObject","inLanguage":"ru-RU","@id":"https:\/\/antaris.az\/#\/schema\/logo\/image\/","url":"https:\/\/antaris.az\/wp-content\/uploads\/2025\/03\/Antaris-logo.png","contentUrl":"https:\/\/antaris.az\/wp-content\/uploads\/2025\/03\/Antaris-logo.png","width":500,"height":500,"caption":"Antaris QSC"},"image":{"@id":"https:\/\/antaris.az\/#\/schema\/logo\/image\/"},"sameAs":["https:\/\/www.facebook.com\/antaris.az\/","https:\/\/www.instagram.com\/antaris.az\/"]}]}},"_links":{"self":[{"href":"https:\/\/antaris.az\/ru\/wp-json\/wp\/v2\/product\/7439","targetHints":{"allow":["GET"]}}],"collection":[{"href":"https:\/\/antaris.az\/ru\/wp-json\/wp\/v2\/product"}],"about":[{"href":"https:\/\/antaris.az\/ru\/wp-json\/wp\/v2\/types\/product"}],"version-history":[{"count":0,"href":"https:\/\/antaris.az\/ru\/wp-json\/wp\/v2\/product\/7439\/revisions"}],"wp:featuredmedia":[{"embeddable":true,"href":"https:\/\/antaris.az\/ru\/wp-json\/wp\/v2\/media\/7482"}],"wp:attachment":[{"href":"https:\/\/antaris.az\/ru\/wp-json\/wp\/v2\/media?parent=7439"}],"wp:term":[{"taxonomy":"product_brand","embeddable":true,"href":"https:\/\/antaris.az\/ru\/wp-json\/wp\/v2\/product_brand?post=7439"},{"taxonomy":"product_cat","embeddable":true,"href":"https:\/\/antaris.az\/ru\/wp-json\/wp\/v2\/product_cat?post=7439"},{"taxonomy":"product_tag","embeddable":true,"href":"https:\/\/antaris.az\/ru\/wp-json\/wp\/v2\/product_tag?post=7439"}],"curies":[{"name":"wp","href":"https:\/\/api.w.org\/{rel}","templated":true}]}}