{"id":7389,"date":"2020-04-30T13:48:04","date_gmt":"2020-04-30T10:48:04","guid":{"rendered":"http:\/\/www2.antaris.az\/?post_type=product&#038;p=7389"},"modified":"2026-01-28T16:19:29","modified_gmt":"2026-01-28T12:19:29","slug":"s%c9%99n%c9%99d-dolabi-3-r%c9%99fli-1802mm918mm400mm-kilid-il%c9%99","status":"publish","type":"product","link":"https:\/\/antaris.az\/ru\/m\u0259hsul\/s%c9%99n%c9%99d-dolabi-3-r%c9%99fli-1802mm918mm400mm-kilid-il%c9%99\/","title":{"rendered":"Dolab s\u0259n\u0259d \u00fc\u00e7\u00fcn 101SW Rexel"},"content":{"rendered":"<p>D\u00fcnyaca m\u0259\u015fhur olan &#8220;Rexel&#8221; markas\u0131 beyn\u0259lxalq standartlara uy\u011fundur.&#8221;SW&#8221; seriyal\u0131 dolablar y\u00fcks\u0259k keyfiyy\u0259tli poladdan haz\u0131rlan\u0131r v\u0259 s\u0259n\u0259dl\u0259rinizin qorunub saxlan\u0131lmas\u0131 \u00fc\u00e7\u00fcn \u0259la se\u00e7imdir. Bu dolablar bir ne\u00e7\u0259 \u00fcst\u00fcnl\u00fckl\u0259r\u0259 malikdir: N\u0259m v\u0259 paslanmaya qar\u015f\u0131 x\u00fcsusi boya\/ T\u0259nziml\u0259n\u0259n r\u0259fl\u0259r\/ Y\u00fcks\u0259k da\u015f\u0131ma qabiliyy\u0259ti (r\u0259f \u00e7\u0259kisi &#8211; 50 kq)<\/p>\n<p>&#8211; Y\u00fcks\u0259k keyfiyy\u0259tli CRCA polad<br \/>\n&#8211; G\u00fccl\u00fc kimy\u0259vi emaldan sonra epoksi poliester toz \u00f6rt\u00fckl\u00fc<br \/>\n&#8211; M\u00f6vqe g\u00f6st\u0259ricil\u0259ri olan premium keyfiyy\u0259tli kilid<br \/>\n&#8211; \u018fyilm\u0259y\u0259 qar\u015f\u0131 r\u0259f d\u0259st\u0259yi il\u0259 t\u0259nziml\u0259n\u0259n r\u0259fl\u0259r<br \/>\n&#8211; Daha \u00e7ox saxlama sah\u0259si olan c\u0259lbedici daxili kabin<br \/>\n&#8211; Gizli mente\u015f\u0259l\u0259ri olan tam a\u00e7\u0131lan qap\u0131<br \/>\n&#8211; S\u00fcr\u00fc\u015fm\u0259 \u015fkaflar \u00fc\u00e7\u00fcn premium keyfiyy\u0259tli dayaqlar<\/p>","protected":false},"excerpt":{"rendered":"<p>N\u00f6v\u00fc: Metal s\u0259n\u0259d dolab\u0131<br \/>\n\u0421\u0438\u0441\u0442\u0435\u043c\u0430 \u0437\u0430\u043f\u0438\u0440\u0430\u043d\u0438\u044f: \u0441 \u043a\u043b\u044e\u0447\u043e\u043c<br \/>\n\u00d6l\u00e7\u00fcl\u0259r: 1802x918x400 mm<br \/>\nR\u0259f say\u0131: 3 \u0259d<br \/>\nKonstruksiya z\u0259man\u0259ti: 5 il<br \/>\nKlid z\u0259man\u0259ti: 1 il<br \/>\n\u0130stehsal\u00e7\u0131 m\u0259hsul kodu: 101SW<br \/>\nTicar\u0259t markas\u0131: Rexel<br \/>\n\u0130stehsal \u00f6lk\u0259si: B\u018f\u018f<\/p>\n<p>&nbsp;<\/p>","protected":false},"featured_media":129508,"template":"","meta":{"_joinchat":[]},"product_brand":[],"product_cat":[639,759],"product_tag":[1975,1976,1979],"class_list":{"0":"post-7389","1":"product","2":"type-product","3":"status-publish","4":"has-post-thumbnail","6":"product_cat-metal-mebel-seyf","7":"product_cat-sened_dolablari","8":"product_tag-dmir-dolab","9":"product_tag-dolab","10":"product_tag-dolab-snd-ucun","11":"pa_brand-rexel","13":"first","14":"instock","15":"shipping-taxable","16":"purchasable","17":"product-type-simple"},"yoast_head":"<!-- This site is optimized with the Yoast SEO plugin v27.5 - https:\/\/yoast.com\/product\/yoast-seo-wordpress\/ -->\n<title>Dolab s\u0259n\u0259d \u00fc\u00e7\u00fcn 101SW Rexel Bak\u0131da s\u0259rf\u0259li almaq - Antaris<\/title>\n<meta name=\"description\" content=\"Dolab s\u0259n\u0259d \u00fc\u00e7\u00fcn 101SW Rexel\" \/>\n<meta name=\"robots\" content=\"index, follow, max-snippet:-1, max-image-preview:large, max-video-preview:-1\" \/>\n<link rel=\"canonical\" href=\"https:\/\/antaris.az\/ru\/m\u0259hsul\/s\u0259n\u0259d-dolabi-3-r\u0259fli-1802mm918mm400mm-kilid-il\u0259\/\" \/>\n<meta property=\"og:locale\" content=\"ru_RU\" \/>\n<meta property=\"og:type\" content=\"article\" \/>\n<meta property=\"og:title\" content=\"Dolab s\u0259n\u0259d \u00fc\u00e7\u00fcn 101SW Rexel Bak\u0131da s\u0259rf\u0259li almaq - Antaris\" \/>\n<meta property=\"og:description\" content=\"Dolab s\u0259n\u0259d \u00fc\u00e7\u00fcn 101SW Rexel\" \/>\n<meta property=\"og:url\" content=\"https:\/\/antaris.az\/ru\/m\u0259hsul\/s\u0259n\u0259d-dolabi-3-r\u0259fli-1802mm918mm400mm-kilid-il\u0259\/\" \/>\n<meta property=\"og:site_name\" content=\"Antaris\" \/>\n<meta property=\"article:publisher\" content=\"https:\/\/www.facebook.com\/antaris.az\/\" \/>\n<meta property=\"article:modified_time\" content=\"2026-01-28T12:19:29+00:00\" \/>\n<meta property=\"og:image\" content=\"https:\/\/antaris.az\/wp-content\/uploads\/2020\/04\/RXL101SW.webp\" \/>\n\t<meta property=\"og:image:width\" content=\"800\" \/>\n\t<meta property=\"og:image:height\" content=\"800\" \/>\n\t<meta property=\"og:image:type\" content=\"image\/webp\" \/>\n<script type=\"application\/ld+json\" class=\"yoast-schema-graph\">{\"@context\":\"https:\\\/\\\/schema.org\",\"@graph\":[{\"@type\":\"WebPage\",\"@id\":\"https:\\\/\\\/antaris.az\\\/m\u0259hsul\\\/s%c9%99n%c9%99d-dolabi-3-r%c9%99fli-1802mm918mm400mm-kilid-il%c9%99\\\/\",\"url\":\"https:\\\/\\\/antaris.az\\\/m\u0259hsul\\\/s%c9%99n%c9%99d-dolabi-3-r%c9%99fli-1802mm918mm400mm-kilid-il%c9%99\\\/\",\"name\":\"Dolab s\u0259n\u0259d \u00fc\u00e7\u00fcn 101SW Rexel Bak\u0131da s\u0259rf\u0259li almaq - Antaris\",\"isPartOf\":{\"@id\":\"https:\\\/\\\/antaris.az\\\/#website\"},\"primaryImageOfPage\":{\"@id\":\"https:\\\/\\\/antaris.az\\\/m\u0259hsul\\\/s%c9%99n%c9%99d-dolabi-3-r%c9%99fli-1802mm918mm400mm-kilid-il%c9%99\\\/#primaryimage\"},\"image\":{\"@id\":\"https:\\\/\\\/antaris.az\\\/m\u0259hsul\\\/s%c9%99n%c9%99d-dolabi-3-r%c9%99fli-1802mm918mm400mm-kilid-il%c9%99\\\/#primaryimage\"},\"thumbnailUrl\":\"https:\\\/\\\/antaris.az\\\/wp-content\\\/uploads\\\/2020\\\/04\\\/RXL101SW.webp\",\"datePublished\":\"2020-04-30T10:48:04+00:00\",\"dateModified\":\"2026-01-28T12:19:29+00:00\",\"description\":\"Dolab s\u0259n\u0259d \u00fc\u00e7\u00fcn 101SW Rexel\",\"breadcrumb\":{\"@id\":\"https:\\\/\\\/antaris.az\\\/m\u0259hsul\\\/s%c9%99n%c9%99d-dolabi-3-r%c9%99fli-1802mm918mm400mm-kilid-il%c9%99\\\/#breadcrumb\"},\"inLanguage\":\"ru-RU\",\"potentialAction\":[{\"@type\":\"ReadAction\",\"target\":[\"https:\\\/\\\/antaris.az\\\/m\u0259hsul\\\/s%c9%99n%c9%99d-dolabi-3-r%c9%99fli-1802mm918mm400mm-kilid-il%c9%99\\\/\"]}]},{\"@type\":\"ImageObject\",\"inLanguage\":\"ru-RU\",\"@id\":\"https:\\\/\\\/antaris.az\\\/m\u0259hsul\\\/s%c9%99n%c9%99d-dolabi-3-r%c9%99fli-1802mm918mm400mm-kilid-il%c9%99\\\/#primaryimage\",\"url\":\"https:\\\/\\\/antaris.az\\\/wp-content\\\/uploads\\\/2020\\\/04\\\/RXL101SW.webp\",\"contentUrl\":\"https:\\\/\\\/antaris.az\\\/wp-content\\\/uploads\\\/2020\\\/04\\\/RXL101SW.webp\",\"width\":800,\"height\":800},{\"@type\":\"BreadcrumbList\",\"@id\":\"https:\\\/\\\/antaris.az\\\/m\u0259hsul\\\/s%c9%99n%c9%99d-dolabi-3-r%c9%99fli-1802mm918mm400mm-kilid-il%c9%99\\\/#breadcrumb\",\"itemListElement\":[{\"@type\":\"ListItem\",\"position\":1,\"name\":\"Home\",\"item\":\"https:\\\/\\\/antaris.az\\\/\"},{\"@type\":\"ListItem\",\"position\":2,\"name\":\"Ma\u011faza\",\"item\":\"https:\\\/\\\/antaris.az\\\/ru\\\/shop\\\/\"},{\"@type\":\"ListItem\",\"position\":3,\"name\":\"Dolab s\u0259n\u0259d \u00fc\u00e7\u00fcn 101SW Rexel\"}]},{\"@type\":\"WebSite\",\"@id\":\"https:\\\/\\\/antaris.az\\\/#website\",\"url\":\"https:\\\/\\\/antaris.az\\\/\",\"name\":\"Antaris\",\"description\":\"Ofis, ev, m\u0259kt\u0259b \u00fc\u00e7\u00fcn h\u0259r \u015fey\",\"publisher\":{\"@id\":\"https:\\\/\\\/antaris.az\\\/#organization\"},\"potentialAction\":[{\"@type\":\"SearchAction\",\"target\":{\"@type\":\"EntryPoint\",\"urlTemplate\":\"https:\\\/\\\/antaris.az\\\/?s={search_term_string}\"},\"query-input\":{\"@type\":\"PropertyValueSpecification\",\"valueRequired\":true,\"valueName\":\"search_term_string\"}}],\"inLanguage\":\"ru-RU\"},{\"@type\":\"Organization\",\"@id\":\"https:\\\/\\\/antaris.az\\\/#organization\",\"name\":\"Antaris QSC\",\"url\":\"https:\\\/\\\/antaris.az\\\/\",\"logo\":{\"@type\":\"ImageObject\",\"inLanguage\":\"ru-RU\",\"@id\":\"https:\\\/\\\/antaris.az\\\/#\\\/schema\\\/logo\\\/image\\\/\",\"url\":\"https:\\\/\\\/antaris.az\\\/wp-content\\\/uploads\\\/2025\\\/03\\\/Antaris-logo.png\",\"contentUrl\":\"https:\\\/\\\/antaris.az\\\/wp-content\\\/uploads\\\/2025\\\/03\\\/Antaris-logo.png\",\"width\":500,\"height\":500,\"caption\":\"Antaris QSC\"},\"image\":{\"@id\":\"https:\\\/\\\/antaris.az\\\/#\\\/schema\\\/logo\\\/image\\\/\"},\"sameAs\":[\"https:\\\/\\\/www.facebook.com\\\/antaris.az\\\/\",\"https:\\\/\\\/www.instagram.com\\\/antaris.az\\\/\"]}]}<\/script>\n<!-- \/ Yoast SEO plugin. -->","yoast_head_json":{"title":"Dolab s\u0259n\u0259d \u00fc\u00e7\u00fcn 101SW Rexel Bak\u0131da s\u0259rf\u0259li almaq - Antaris","description":"Dolab s\u0259n\u0259d \u00fc\u00e7\u00fcn 101SW Rexel","robots":{"index":"index","follow":"follow","max-snippet":"max-snippet:-1","max-image-preview":"max-image-preview:large","max-video-preview":"max-video-preview:-1"},"canonical":"https:\/\/antaris.az\/ru\/m\u0259hsul\/s\u0259n\u0259d-dolabi-3-r\u0259fli-1802mm918mm400mm-kilid-il\u0259\/","og_locale":"ru_RU","og_type":"article","og_title":"Dolab s\u0259n\u0259d \u00fc\u00e7\u00fcn 101SW Rexel Bak\u0131da s\u0259rf\u0259li almaq - Antaris","og_description":"Dolab s\u0259n\u0259d \u00fc\u00e7\u00fcn 101SW Rexel","og_url":"https:\/\/antaris.az\/ru\/m\u0259hsul\/s\u0259n\u0259d-dolabi-3-r\u0259fli-1802mm918mm400mm-kilid-il\u0259\/","og_site_name":"Antaris","article_publisher":"https:\/\/www.facebook.com\/antaris.az\/","article_modified_time":"2026-01-28T12:19:29+00:00","og_image":[{"width":800,"height":800,"url":"https:\/\/antaris.az\/wp-content\/uploads\/2020\/04\/RXL101SW.webp","type":"image\/webp"}],"schema":{"@context":"https:\/\/schema.org","@graph":[{"@type":"WebPage","@id":"https:\/\/antaris.az\/m\u0259hsul\/s%c9%99n%c9%99d-dolabi-3-r%c9%99fli-1802mm918mm400mm-kilid-il%c9%99\/","url":"https:\/\/antaris.az\/m\u0259hsul\/s%c9%99n%c9%99d-dolabi-3-r%c9%99fli-1802mm918mm400mm-kilid-il%c9%99\/","name":"Dolab s\u0259n\u0259d \u00fc\u00e7\u00fcn 101SW Rexel Bak\u0131da s\u0259rf\u0259li almaq - Antaris","isPartOf":{"@id":"https:\/\/antaris.az\/#website"},"primaryImageOfPage":{"@id":"https:\/\/antaris.az\/m\u0259hsul\/s%c9%99n%c9%99d-dolabi-3-r%c9%99fli-1802mm918mm400mm-kilid-il%c9%99\/#primaryimage"},"image":{"@id":"https:\/\/antaris.az\/m\u0259hsul\/s%c9%99n%c9%99d-dolabi-3-r%c9%99fli-1802mm918mm400mm-kilid-il%c9%99\/#primaryimage"},"thumbnailUrl":"https:\/\/antaris.az\/wp-content\/uploads\/2020\/04\/RXL101SW.webp","datePublished":"2020-04-30T10:48:04+00:00","dateModified":"2026-01-28T12:19:29+00:00","description":"Dolab s\u0259n\u0259d \u00fc\u00e7\u00fcn 101SW Rexel","breadcrumb":{"@id":"https:\/\/antaris.az\/m\u0259hsul\/s%c9%99n%c9%99d-dolabi-3-r%c9%99fli-1802mm918mm400mm-kilid-il%c9%99\/#breadcrumb"},"inLanguage":"ru-RU","potentialAction":[{"@type":"ReadAction","target":["https:\/\/antaris.az\/m\u0259hsul\/s%c9%99n%c9%99d-dolabi-3-r%c9%99fli-1802mm918mm400mm-kilid-il%c9%99\/"]}]},{"@type":"ImageObject","inLanguage":"ru-RU","@id":"https:\/\/antaris.az\/m\u0259hsul\/s%c9%99n%c9%99d-dolabi-3-r%c9%99fli-1802mm918mm400mm-kilid-il%c9%99\/#primaryimage","url":"https:\/\/antaris.az\/wp-content\/uploads\/2020\/04\/RXL101SW.webp","contentUrl":"https:\/\/antaris.az\/wp-content\/uploads\/2020\/04\/RXL101SW.webp","width":800,"height":800},{"@type":"BreadcrumbList","@id":"https:\/\/antaris.az\/m\u0259hsul\/s%c9%99n%c9%99d-dolabi-3-r%c9%99fli-1802mm918mm400mm-kilid-il%c9%99\/#breadcrumb","itemListElement":[{"@type":"ListItem","position":1,"name":"Home","item":"https:\/\/antaris.az\/"},{"@type":"ListItem","position":2,"name":"Ma\u011faza","item":"https:\/\/antaris.az\/ru\/shop\/"},{"@type":"ListItem","position":3,"name":"Dolab s\u0259n\u0259d \u00fc\u00e7\u00fcn 101SW Rexel"}]},{"@type":"WebSite","@id":"https:\/\/antaris.az\/#website","url":"https:\/\/antaris.az\/","name":"Antaris","description":"Ofis, ev, m\u0259kt\u0259b \u00fc\u00e7\u00fcn h\u0259r \u015fey","publisher":{"@id":"https:\/\/antaris.az\/#organization"},"potentialAction":[{"@type":"SearchAction","target":{"@type":"EntryPoint","urlTemplate":"https:\/\/antaris.az\/?s={search_term_string}"},"query-input":{"@type":"PropertyValueSpecification","valueRequired":true,"valueName":"search_term_string"}}],"inLanguage":"ru-RU"},{"@type":"Organization","@id":"https:\/\/antaris.az\/#organization","name":"\u0410\u043d\u0442\u0430\u0440\u0438\u0441 \u0417\u0410\u041e","url":"https:\/\/antaris.az\/","logo":{"@type":"ImageObject","inLanguage":"ru-RU","@id":"https:\/\/antaris.az\/#\/schema\/logo\/image\/","url":"https:\/\/antaris.az\/wp-content\/uploads\/2025\/03\/Antaris-logo.png","contentUrl":"https:\/\/antaris.az\/wp-content\/uploads\/2025\/03\/Antaris-logo.png","width":500,"height":500,"caption":"Antaris QSC"},"image":{"@id":"https:\/\/antaris.az\/#\/schema\/logo\/image\/"},"sameAs":["https:\/\/www.facebook.com\/antaris.az\/","https:\/\/www.instagram.com\/antaris.az\/"]}]}},"_links":{"self":[{"href":"https:\/\/antaris.az\/ru\/wp-json\/wp\/v2\/product\/7389","targetHints":{"allow":["GET"]}}],"collection":[{"href":"https:\/\/antaris.az\/ru\/wp-json\/wp\/v2\/product"}],"about":[{"href":"https:\/\/antaris.az\/ru\/wp-json\/wp\/v2\/types\/product"}],"version-history":[{"count":0,"href":"https:\/\/antaris.az\/ru\/wp-json\/wp\/v2\/product\/7389\/revisions"}],"wp:featuredmedia":[{"embeddable":true,"href":"https:\/\/antaris.az\/ru\/wp-json\/wp\/v2\/media\/129508"}],"wp:attachment":[{"href":"https:\/\/antaris.az\/ru\/wp-json\/wp\/v2\/media?parent=7389"}],"wp:term":[{"taxonomy":"product_brand","embeddable":true,"href":"https:\/\/antaris.az\/ru\/wp-json\/wp\/v2\/product_brand?post=7389"},{"taxonomy":"product_cat","embeddable":true,"href":"https:\/\/antaris.az\/ru\/wp-json\/wp\/v2\/product_cat?post=7389"},{"taxonomy":"product_tag","embeddable":true,"href":"https:\/\/antaris.az\/ru\/wp-json\/wp\/v2\/product_tag?post=7389"}],"curies":[{"name":"wp","href":"https:\/\/api.w.org\/{rel}","templated":true}]}}