{"id":7382,"date":"2020-04-30T13:39:07","date_gmt":"2020-04-30T10:39:07","guid":{"rendered":"http:\/\/www2.antaris.az\/?post_type=product&#038;p=7382"},"modified":"2025-12-09T15:26:17","modified_gmt":"2025-12-09T11:26:17","slug":"paltar-dolabi-2-qapili-asilqanli-1802mm375mm458mm","status":"publish","type":"product","link":"https:\/\/antaris.az\/ru\/m\u0259hsul\/paltar-dolabi-2-qapili-asilqanli-1802mm375mm458mm\/","title":{"rendered":"Dolab paltar \u00fc\u00e7\u00fcn 202ST Rexel"},"content":{"rendered":"<p>D\u00fcnyaca m\u0259\u015fhur olan &#8220;Rexel&#8221; markas\u0131 beyn\u0259lxalq standartlara uy\u011fundur. &#8220;ST&#8221; seriyal\u0131 dolablar y\u00fcks\u0259k keyfiyy\u0259tli poladdan haz\u0131rlan\u0131r. Geyim v\u0259 \u015f\u0259xsi \u0259\u015fyalar\u0131 s\u0259naye, idman v\u0259 dig\u0259r obyektl\u0259rd\u0259 saxlamaq \u00fc\u00e7\u00fcn\u0259la se\u00e7imdir. Bu dolablar bir ne\u00e7\u0259 \u00fcst\u00fcnl\u00fckl\u0259r\u0259 malikdir: N\u0259m v\u0259 paslanmaya qar\u015f\u0131 x\u00fcsusi boya\/ Dolab\u0131n havaland\u0131rma sistemi\/ Rahat istifad\u0259 v\u0259 da\u015f\u0131ma\/ Keyfiyy\u0259tli CRCA polad<\/p>\n<p>&nbsp;<\/p>","protected":false},"excerpt":{"rendered":"<p>N\u00f6v\u00fc: Metal paltar dolab\u0131\/ As\u0131lqanl\u0131<br \/>\n\u0421\u0438\u0441\u0442\u0435\u043c\u0430 \u0437\u0430\u043f\u0438\u0440\u0430\u043d\u0438\u044f: \u0441 \u043a\u043b\u044e\u0447\u043e\u043c<br \/>\n\u00d6l\u00e7\u00fcl\u0259r: 1802x375x458 mm<br \/>\nQap\u0131 say\u0131: 2 \u0259d<br \/>\nKonstruksiya z\u0259man\u0259ti: 5 il<br \/>\n\u0413\u0430\u0440\u0430\u043d\u0442\u0438\u044f \u043d\u0430 \u0437\u0430\u043c\u043e\u043a: 1 \u0433\u043e\u0434<br \/>\n\u0130stehsal\u00e7\u0131 m\u0259hsul kodu: 202ST<br \/>\nTicar\u0259t markas\u0131: Rexel<br \/>\n\u0130stehsal \u00f6lk\u0259si: B\u018f\u018f<\/p>\n<p>\u0130stehsal\u00e7\u0131 m\u0259hsul kodu: 202ST<\/p>","protected":false},"featured_media":7383,"template":"","meta":{"_joinchat":[]},"product_brand":[],"product_cat":[2180,758],"product_tag":[],"class_list":{"0":"post-7382","1":"product","2":"type-product","3":"status-publish","4":"has-post-thumbnail","6":"product_cat-mebel","7":"product_cat-paltar_dolablari","8":"pa_brand-rexel","10":"first","11":"instock","12":"shipping-taxable","13":"purchasable","14":"product-type-simple"},"yoast_head":"<!-- This site is optimized with the Yoast SEO plugin v27.4 - https:\/\/yoast.com\/product\/yoast-seo-wordpress\/ -->\n<title>Dolab paltar \u00fc\u00e7\u00fcn 202ST Rexel - Antaris<\/title>\n<meta name=\"description\" content=\"Dolab paltar \u00fc\u00e7\u00fcn 202ST Rexel\" \/>\n<meta name=\"robots\" content=\"index, follow, max-snippet:-1, max-image-preview:large, max-video-preview:-1\" \/>\n<link rel=\"canonical\" href=\"https:\/\/antaris.az\/ru\/m\u0259hsul\/paltar-dolabi-2-qapili-asilqanli-1802mm375mm458mm\/\" \/>\n<meta property=\"og:locale\" content=\"ru_RU\" \/>\n<meta property=\"og:type\" content=\"article\" \/>\n<meta property=\"og:title\" content=\"Dolab paltar \u00fc\u00e7\u00fcn 202ST Rexel - Antaris\" \/>\n<meta property=\"og:description\" content=\"Dolab paltar \u00fc\u00e7\u00fcn 202ST Rexel\" \/>\n<meta property=\"og:url\" content=\"https:\/\/antaris.az\/ru\/m\u0259hsul\/paltar-dolabi-2-qapili-asilqanli-1802mm375mm458mm\/\" \/>\n<meta property=\"og:site_name\" content=\"Antaris\" \/>\n<meta property=\"article:publisher\" content=\"https:\/\/www.facebook.com\/antaris.az\/\" \/>\n<meta property=\"article:modified_time\" content=\"2025-12-09T11:26:17+00:00\" \/>\n<meta property=\"og:image\" content=\"https:\/\/antaris.az\/wp-content\/uploads\/2020\/04\/AN-00-00000054-Paltar-Dolab\u0131-2-qap\u0131l\u0131-as\u0131lqanl\u0131-1802mm375mm458mm-202ST-rexel_2_door_locker_180x37.5x46_cm._rxl202st_off_white_.jpg\" \/>\n\t<meta property=\"og:image:width\" content=\"800\" \/>\n\t<meta property=\"og:image:height\" content=\"800\" \/>\n\t<meta property=\"og:image:type\" content=\"image\/jpeg\" \/>\n<script type=\"application\/ld+json\" class=\"yoast-schema-graph\">{\"@context\":\"https:\\\/\\\/schema.org\",\"@graph\":[{\"@type\":\"WebPage\",\"@id\":\"https:\\\/\\\/antaris.az\\\/m\u0259hsul\\\/paltar-dolabi-2-qapili-asilqanli-1802mm375mm458mm\\\/\",\"url\":\"https:\\\/\\\/antaris.az\\\/m\u0259hsul\\\/paltar-dolabi-2-qapili-asilqanli-1802mm375mm458mm\\\/\",\"name\":\"Dolab paltar \u00fc\u00e7\u00fcn 202ST Rexel - Antaris\",\"isPartOf\":{\"@id\":\"https:\\\/\\\/antaris.az\\\/#website\"},\"primaryImageOfPage\":{\"@id\":\"https:\\\/\\\/antaris.az\\\/m\u0259hsul\\\/paltar-dolabi-2-qapili-asilqanli-1802mm375mm458mm\\\/#primaryimage\"},\"image\":{\"@id\":\"https:\\\/\\\/antaris.az\\\/m\u0259hsul\\\/paltar-dolabi-2-qapili-asilqanli-1802mm375mm458mm\\\/#primaryimage\"},\"thumbnailUrl\":\"https:\\\/\\\/antaris.az\\\/wp-content\\\/uploads\\\/2020\\\/04\\\/AN-00-00000054-Paltar-Dolab\u0131-2-qap\u0131l\u0131-as\u0131lqanl\u0131-1802mm375mm458mm-202ST-rexel_2_door_locker_180x37.5x46_cm._rxl202st_off_white_.jpg\",\"datePublished\":\"2020-04-30T10:39:07+00:00\",\"dateModified\":\"2025-12-09T11:26:17+00:00\",\"description\":\"Dolab paltar \u00fc\u00e7\u00fcn 202ST Rexel\",\"breadcrumb\":{\"@id\":\"https:\\\/\\\/antaris.az\\\/m\u0259hsul\\\/paltar-dolabi-2-qapili-asilqanli-1802mm375mm458mm\\\/#breadcrumb\"},\"inLanguage\":\"ru-RU\",\"potentialAction\":[{\"@type\":\"ReadAction\",\"target\":[\"https:\\\/\\\/antaris.az\\\/m\u0259hsul\\\/paltar-dolabi-2-qapili-asilqanli-1802mm375mm458mm\\\/\"]}]},{\"@type\":\"ImageObject\",\"inLanguage\":\"ru-RU\",\"@id\":\"https:\\\/\\\/antaris.az\\\/m\u0259hsul\\\/paltar-dolabi-2-qapili-asilqanli-1802mm375mm458mm\\\/#primaryimage\",\"url\":\"https:\\\/\\\/antaris.az\\\/wp-content\\\/uploads\\\/2020\\\/04\\\/AN-00-00000054-Paltar-Dolab\u0131-2-qap\u0131l\u0131-as\u0131lqanl\u0131-1802mm375mm458mm-202ST-rexel_2_door_locker_180x37.5x46_cm._rxl202st_off_white_.jpg\",\"contentUrl\":\"https:\\\/\\\/antaris.az\\\/wp-content\\\/uploads\\\/2020\\\/04\\\/AN-00-00000054-Paltar-Dolab\u0131-2-qap\u0131l\u0131-as\u0131lqanl\u0131-1802mm375mm458mm-202ST-rexel_2_door_locker_180x37.5x46_cm._rxl202st_off_white_.jpg\",\"width\":800,\"height\":800,\"caption\":\"Paltar Dolab\u0131, 2 qap\u0131l\u0131, as\u0131lqanl\u0131, 1802mm375mm458mm, 202ST rexel_2_door_locker_180x37.5x46_cm._rxl202st_off_white_\"},{\"@type\":\"BreadcrumbList\",\"@id\":\"https:\\\/\\\/antaris.az\\\/m\u0259hsul\\\/paltar-dolabi-2-qapili-asilqanli-1802mm375mm458mm\\\/#breadcrumb\",\"itemListElement\":[{\"@type\":\"ListItem\",\"position\":1,\"name\":\"Home\",\"item\":\"https:\\\/\\\/antaris.az\\\/\"},{\"@type\":\"ListItem\",\"position\":2,\"name\":\"Ma\u011faza\",\"item\":\"https:\\\/\\\/antaris.az\\\/ru\\\/shop\\\/\"},{\"@type\":\"ListItem\",\"position\":3,\"name\":\"Dolab paltar \u00fc\u00e7\u00fcn 202ST Rexel\"}]},{\"@type\":\"WebSite\",\"@id\":\"https:\\\/\\\/antaris.az\\\/#website\",\"url\":\"https:\\\/\\\/antaris.az\\\/\",\"name\":\"Antaris\",\"description\":\"Ofis, ev, m\u0259kt\u0259b \u00fc\u00e7\u00fcn h\u0259r \u015fey\",\"publisher\":{\"@id\":\"https:\\\/\\\/antaris.az\\\/#organization\"},\"potentialAction\":[{\"@type\":\"SearchAction\",\"target\":{\"@type\":\"EntryPoint\",\"urlTemplate\":\"https:\\\/\\\/antaris.az\\\/?s={search_term_string}\"},\"query-input\":{\"@type\":\"PropertyValueSpecification\",\"valueRequired\":true,\"valueName\":\"search_term_string\"}}],\"inLanguage\":\"ru-RU\"},{\"@type\":\"Organization\",\"@id\":\"https:\\\/\\\/antaris.az\\\/#organization\",\"name\":\"Antaris QSC\",\"url\":\"https:\\\/\\\/antaris.az\\\/\",\"logo\":{\"@type\":\"ImageObject\",\"inLanguage\":\"ru-RU\",\"@id\":\"https:\\\/\\\/antaris.az\\\/#\\\/schema\\\/logo\\\/image\\\/\",\"url\":\"https:\\\/\\\/antaris.az\\\/wp-content\\\/uploads\\\/2025\\\/03\\\/Antaris-logo.png\",\"contentUrl\":\"https:\\\/\\\/antaris.az\\\/wp-content\\\/uploads\\\/2025\\\/03\\\/Antaris-logo.png\",\"width\":500,\"height\":500,\"caption\":\"Antaris QSC\"},\"image\":{\"@id\":\"https:\\\/\\\/antaris.az\\\/#\\\/schema\\\/logo\\\/image\\\/\"},\"sameAs\":[\"https:\\\/\\\/www.facebook.com\\\/antaris.az\\\/\",\"https:\\\/\\\/www.instagram.com\\\/antaris.az\\\/\"]}]}<\/script>\n<!-- \/ Yoast SEO plugin. -->","yoast_head_json":{"title":"Dolab paltar \u00fc\u00e7\u00fcn 202ST Rexel - Antaris","description":"Dolab paltar \u00fc\u00e7\u00fcn 202ST Rexel","robots":{"index":"index","follow":"follow","max-snippet":"max-snippet:-1","max-image-preview":"max-image-preview:large","max-video-preview":"max-video-preview:-1"},"canonical":"https:\/\/antaris.az\/ru\/m\u0259hsul\/paltar-dolabi-2-qapili-asilqanli-1802mm375mm458mm\/","og_locale":"ru_RU","og_type":"article","og_title":"Dolab paltar \u00fc\u00e7\u00fcn 202ST Rexel - Antaris","og_description":"Dolab paltar \u00fc\u00e7\u00fcn 202ST Rexel","og_url":"https:\/\/antaris.az\/ru\/m\u0259hsul\/paltar-dolabi-2-qapili-asilqanli-1802mm375mm458mm\/","og_site_name":"Antaris","article_publisher":"https:\/\/www.facebook.com\/antaris.az\/","article_modified_time":"2025-12-09T11:26:17+00:00","og_image":[{"width":800,"height":800,"url":"https:\/\/antaris.az\/wp-content\/uploads\/2020\/04\/AN-00-00000054-Paltar-Dolab\u0131-2-qap\u0131l\u0131-as\u0131lqanl\u0131-1802mm375mm458mm-202ST-rexel_2_door_locker_180x37.5x46_cm._rxl202st_off_white_.jpg","type":"image\/jpeg"}],"schema":{"@context":"https:\/\/schema.org","@graph":[{"@type":"WebPage","@id":"https:\/\/antaris.az\/m\u0259hsul\/paltar-dolabi-2-qapili-asilqanli-1802mm375mm458mm\/","url":"https:\/\/antaris.az\/m\u0259hsul\/paltar-dolabi-2-qapili-asilqanli-1802mm375mm458mm\/","name":"Dolab paltar \u00fc\u00e7\u00fcn 202ST Rexel - Antaris","isPartOf":{"@id":"https:\/\/antaris.az\/#website"},"primaryImageOfPage":{"@id":"https:\/\/antaris.az\/m\u0259hsul\/paltar-dolabi-2-qapili-asilqanli-1802mm375mm458mm\/#primaryimage"},"image":{"@id":"https:\/\/antaris.az\/m\u0259hsul\/paltar-dolabi-2-qapili-asilqanli-1802mm375mm458mm\/#primaryimage"},"thumbnailUrl":"https:\/\/antaris.az\/wp-content\/uploads\/2020\/04\/AN-00-00000054-Paltar-Dolab\u0131-2-qap\u0131l\u0131-as\u0131lqanl\u0131-1802mm375mm458mm-202ST-rexel_2_door_locker_180x37.5x46_cm._rxl202st_off_white_.jpg","datePublished":"2020-04-30T10:39:07+00:00","dateModified":"2025-12-09T11:26:17+00:00","description":"Dolab paltar \u00fc\u00e7\u00fcn 202ST Rexel","breadcrumb":{"@id":"https:\/\/antaris.az\/m\u0259hsul\/paltar-dolabi-2-qapili-asilqanli-1802mm375mm458mm\/#breadcrumb"},"inLanguage":"ru-RU","potentialAction":[{"@type":"ReadAction","target":["https:\/\/antaris.az\/m\u0259hsul\/paltar-dolabi-2-qapili-asilqanli-1802mm375mm458mm\/"]}]},{"@type":"ImageObject","inLanguage":"ru-RU","@id":"https:\/\/antaris.az\/m\u0259hsul\/paltar-dolabi-2-qapili-asilqanli-1802mm375mm458mm\/#primaryimage","url":"https:\/\/antaris.az\/wp-content\/uploads\/2020\/04\/AN-00-00000054-Paltar-Dolab\u0131-2-qap\u0131l\u0131-as\u0131lqanl\u0131-1802mm375mm458mm-202ST-rexel_2_door_locker_180x37.5x46_cm._rxl202st_off_white_.jpg","contentUrl":"https:\/\/antaris.az\/wp-content\/uploads\/2020\/04\/AN-00-00000054-Paltar-Dolab\u0131-2-qap\u0131l\u0131-as\u0131lqanl\u0131-1802mm375mm458mm-202ST-rexel_2_door_locker_180x37.5x46_cm._rxl202st_off_white_.jpg","width":800,"height":800,"caption":"Paltar Dolab\u0131, 2 qap\u0131l\u0131, as\u0131lqanl\u0131, 1802mm375mm458mm, 202ST rexel_2_door_locker_180x37.5x46_cm._rxl202st_off_white_"},{"@type":"BreadcrumbList","@id":"https:\/\/antaris.az\/m\u0259hsul\/paltar-dolabi-2-qapili-asilqanli-1802mm375mm458mm\/#breadcrumb","itemListElement":[{"@type":"ListItem","position":1,"name":"Home","item":"https:\/\/antaris.az\/"},{"@type":"ListItem","position":2,"name":"Ma\u011faza","item":"https:\/\/antaris.az\/ru\/shop\/"},{"@type":"ListItem","position":3,"name":"Dolab paltar \u00fc\u00e7\u00fcn 202ST Rexel"}]},{"@type":"WebSite","@id":"https:\/\/antaris.az\/#website","url":"https:\/\/antaris.az\/","name":"Antaris","description":"Ofis, ev, m\u0259kt\u0259b \u00fc\u00e7\u00fcn h\u0259r \u015fey","publisher":{"@id":"https:\/\/antaris.az\/#organization"},"potentialAction":[{"@type":"SearchAction","target":{"@type":"EntryPoint","urlTemplate":"https:\/\/antaris.az\/?s={search_term_string}"},"query-input":{"@type":"PropertyValueSpecification","valueRequired":true,"valueName":"search_term_string"}}],"inLanguage":"ru-RU"},{"@type":"Organization","@id":"https:\/\/antaris.az\/#organization","name":"\u0410\u043d\u0442\u0430\u0440\u0438\u0441 \u0417\u0410\u041e","url":"https:\/\/antaris.az\/","logo":{"@type":"ImageObject","inLanguage":"ru-RU","@id":"https:\/\/antaris.az\/#\/schema\/logo\/image\/","url":"https:\/\/antaris.az\/wp-content\/uploads\/2025\/03\/Antaris-logo.png","contentUrl":"https:\/\/antaris.az\/wp-content\/uploads\/2025\/03\/Antaris-logo.png","width":500,"height":500,"caption":"Antaris QSC"},"image":{"@id":"https:\/\/antaris.az\/#\/schema\/logo\/image\/"},"sameAs":["https:\/\/www.facebook.com\/antaris.az\/","https:\/\/www.instagram.com\/antaris.az\/"]}]}},"_links":{"self":[{"href":"https:\/\/antaris.az\/ru\/wp-json\/wp\/v2\/product\/7382","targetHints":{"allow":["GET"]}}],"collection":[{"href":"https:\/\/antaris.az\/ru\/wp-json\/wp\/v2\/product"}],"about":[{"href":"https:\/\/antaris.az\/ru\/wp-json\/wp\/v2\/types\/product"}],"version-history":[{"count":0,"href":"https:\/\/antaris.az\/ru\/wp-json\/wp\/v2\/product\/7382\/revisions"}],"wp:featuredmedia":[{"embeddable":true,"href":"https:\/\/antaris.az\/ru\/wp-json\/wp\/v2\/media\/7383"}],"wp:attachment":[{"href":"https:\/\/antaris.az\/ru\/wp-json\/wp\/v2\/media?parent=7382"}],"wp:term":[{"taxonomy":"product_brand","embeddable":true,"href":"https:\/\/antaris.az\/ru\/wp-json\/wp\/v2\/product_brand?post=7382"},{"taxonomy":"product_cat","embeddable":true,"href":"https:\/\/antaris.az\/ru\/wp-json\/wp\/v2\/product_cat?post=7382"},{"taxonomy":"product_tag","embeddable":true,"href":"https:\/\/antaris.az\/ru\/wp-json\/wp\/v2\/product_tag?post=7382"}],"curies":[{"name":"wp","href":"https:\/\/api.w.org\/{rel}","templated":true}]}}