{"id":7342,"date":"2020-04-30T11:19:22","date_gmt":"2020-04-30T08:19:22","guid":{"rendered":"http:\/\/www2.antaris.az\/?post_type=product&#038;p=7342"},"modified":"2024-11-26T17:03:02","modified_gmt":"2024-11-26T13:03:02","slug":"mexanizm-38x14mm","status":"publish","type":"product","link":"https:\/\/antaris.az\/ru\/m\u0259hsul\/mexanizm-38x14mm\/","title":{"rendered":"Mexanizm 4911 Trodat"},"content":{"rendered":"<p><!--td {border: 1px solid #ccc;}br {mso-data-placement:same-cell;}--><span data-sheets-value=\"{&quot;1&quot;:2,&quot;2&quot;:&quot;C\u0259lbedici dizayna malikdir.\\nM\u0259nfi iqlim t\u0259siri yoxdur.\\nX\u00fcsusi tutma zonalar\u0131 \u0259ll\u0259rinizi \u00e7irkl\u0259nm\u0259d\u0259n yast\u0131\u011f\u0131 d\u0259yi\u015fdirm\u0259y\u0259 imkan verir.\\nBu, d\u00fcnyan\u0131n \u0259n ki\u00e7ik v\u0259 y\u00fcng\u00fcl \u00f6z-\u00f6z\u00fcn\u0259 r\u0259ngl\u0259n\u0259n m\u00f6h\u00fcrl\u0259rind\u0259n biridir.\\nSoft-touch elementl\u0259ri say\u0259sind\u0259 m\u00f6h\u00fcr\u00fc saxlamaq xo\u015f v\u0259 rahatd\u0131r.\\n\u00c7ap ka\u011f\u0131z \u00fcz\u0259rind\u0259 d\u0259qiq yerl\u0259\u015fdirilir.\\nBu g\u00fcn\u0259 q\u0259d\u0259r olan m\u00f6h\u00fcr v\u0259 \u015ftamplar aras\u0131nda Orijinal Printy x\u0259ttinin b\u00fct\u00fcn m\u00f6h\u00fcr v\u0259 \u015ftamplar\u0131 \u0259n populyar v\u0259 y\u00fcks\u0259k keyfiyy\u0259tlidir. \\n\\n\u0130stehsal\u00e7\u0131 m\u0259hsul kodu: 4911\\n\u00d6l\u00e7\u00fcl\u0259ri - 38\u044514mm \\nR\u0259ng - Qara \\nQabla\u015fd\u0131rma - 1\\n&quot;}\" data-sheets-userformat=\"{&quot;2&quot;:11261,&quot;3&quot;:{&quot;1&quot;:0},&quot;5&quot;:{&quot;1&quot;:[{&quot;1&quot;:2,&quot;2&quot;:0,&quot;5&quot;:{&quot;1&quot;:2,&quot;2&quot;:0}},{&quot;1&quot;:0,&quot;2&quot;:0,&quot;3&quot;:3},{&quot;1&quot;:1,&quot;2&quot;:0,&quot;4&quot;:1}]},&quot;6&quot;:{&quot;1&quot;:[{&quot;1&quot;:2,&quot;2&quot;:0,&quot;5&quot;:{&quot;1&quot;:2,&quot;2&quot;:0}},{&quot;1&quot;:0,&quot;2&quot;:0,&quot;3&quot;:3},{&quot;1&quot;:1,&quot;2&quot;:0,&quot;4&quot;:1}]},&quot;7&quot;:{&quot;1&quot;:[{&quot;1&quot;:2,&quot;2&quot;:0,&quot;5&quot;:{&quot;1&quot;:2,&quot;2&quot;:0}},{&quot;1&quot;:0,&quot;2&quot;:0,&quot;3&quot;:3},{&quot;1&quot;:1,&quot;2&quot;:0,&quot;4&quot;:1}]},&quot;8&quot;:{&quot;1&quot;:[{&quot;1&quot;:2,&quot;2&quot;:0,&quot;5&quot;:{&quot;1&quot;:2,&quot;2&quot;:0}},{&quot;1&quot;:0,&quot;2&quot;:0,&quot;3&quot;:3},{&quot;1&quot;:1,&quot;2&quot;:0,&quot;4&quot;:1}]},&quot;9&quot;:0,&quot;10&quot;:1,&quot;11&quot;:4,&quot;12&quot;:0,&quot;14&quot;:{&quot;1&quot;:2,&quot;2&quot;:0},&quot;16&quot;:11}\">C\u0259lbedici dizayna malikdir.<br \/>\nM\u0259nfi iqlim t\u0259siri yoxdur.<br \/>\nX\u00fcsusi tutma zonalar\u0131 \u0259ll\u0259rinizi \u00e7irkl\u0259nm\u0259d\u0259n yast\u0131\u011f\u0131 d\u0259yi\u015fdirm\u0259y\u0259 imkan verir.<br \/>\nBu, d\u00fcnyan\u0131n \u0259n ki\u00e7ik v\u0259 y\u00fcng\u00fcl \u00f6z-\u00f6z\u00fcn\u0259 r\u0259ngl\u0259n\u0259n m\u00f6h\u00fcrl\u0259rind\u0259n biridir.<br \/>\nSoft-touch elementl\u0259ri say\u0259sind\u0259 m\u00f6h\u00fcr\u00fc saxlamaq xo\u015f v\u0259 rahatd\u0131r.<br \/>\n\u00c7ap ka\u011f\u0131z \u00fcz\u0259rind\u0259 d\u0259qiq yerl\u0259\u015fdirilir.<br \/>\nBu g\u00fcn\u0259 q\u0259d\u0259r olan m\u00f6h\u00fcr v\u0259 \u015ftamplar aras\u0131nda Orijinal Printy x\u0259ttinin b\u00fct\u00fcn m\u00f6h\u00fcr v\u0259 \u015ftamplar\u0131 \u0259n populyar v\u0259 y\u00fcks\u0259k keyfiyy\u0259tlidir.<\/span><\/p>\n<p><!--more--><\/p>\n<p><strong>Mohur haz\u0131rlanmas\u0131 ucun t\u0259l\u0259b olunan s\u0259n\u0259dl\u0259r<\/strong><\/p>\n<p><strong>\u00a0<\/strong><\/p>\n<ol>\n<li><strong>Fiziki \u015f\u0259xs ucun <\/strong><\/li>\n<li>V\u00f6enin kopyas\u0131,<\/li>\n<li>\u015e\u0259xsiyy\u0259t v\u0259siq\u0259sinin kopyas\u0131,<\/li>\n<\/ol>\n<p>&nbsp;<\/p>\n<ol start=\"2\">\n<li><strong> H\u0259kiml\u0259r ucun <\/strong><\/li>\n<li>Ali t\u0259hsili t\u0259sdiq ed\u0259n Diplomun kopyas\u0131,<\/li>\n<li>H\u0259kimin \u015f\u0259xsiyy\u0259t v\u0259siq\u0259sinin kopyas\u0131,<\/li>\n<\/ol>\n<p>&nbsp;<\/p>\n<ol start=\"3\">\n<li><strong> MMC QSC ASC-l\u0259r \u00fc\u00e7\u00fcn<\/strong><\/li>\n<li>Reyestrd\u0259n c\u0131xar\u0131\u015f\u0131n kopyas\u0131,<\/li>\n<li>Direktorun \u015f\u0259xsiyy\u0259t v\u0259siq\u0259sinin kopyas\u0131,<\/li>\n<li>V\u00f6enin kopyas\u0131<\/li>\n<\/ol>\n<p>&nbsp;<\/p>\n<p><strong>\u0130ctimai birlik \u00fc\u00e7\u00fcn<\/strong><\/p>\n<p>&nbsp;<\/p>\n<ol>\n<li>Reyesterd\u0259n \u00e7\u0131xar\u0131\u015f\u0131n kopyas\u0131<\/li>\n<li>\u015e\u0259hadatnam\u0259nin kopyas\u0131<\/li>\n<li>Nizamnam\u0259nin kopyas\u0131<\/li>\n<li>Direktorun \u015f\u0259xsiyy\u0259t v\u0259siq\u0259sinin kopyas\u0131<\/li>\n<\/ol>\n<p>&nbsp;<\/p>\n<ol start=\"4\">\n<li><strong> \u0130tirilm\u0259 zaman\u0131 \u2013<\/strong><\/li>\n<li>Reyestrdan c\u0131xar\u0131\u015f kopyas\u0131,<\/li>\n<li>Direktorun \u015f\u0259xsiyy\u0259t v\u0259siq\u0259sinin kopyas\u0131,<\/li>\n<li>V\u00f6enin kopyas\u0131<\/li>\n<\/ol>\n<p>\u00e7. B\u015eP\u0130 Tap\u0131nt\u0131lar \u0130dar\u0259sind\u0259n itirilm\u0259ni t\u0259sdiq ed\u0259n m\u0259ktub<\/p>\n<p>&nbsp;<\/p>\n<p><strong><u>D\u00f6vl\u0259t orqanlar\u0131 \u00fc\u00e7\u00fcn<\/u><\/strong><\/p>\n<ol>\n<li>R\u0259smi blankda m\u0259ktub<\/li>\n<li>Etibarnam\u0259<\/li>\n<li>Eskizin t\u0259sdi<\/li>\n<\/ol>\n<p>&nbsp;<\/p>\n<p><strong>Qeyd: H\u0259r hans\u0131 \u015ftampda \u015firk\u0259tin ad\u0131 varsa r\u0259smi blankda m\u00fcr\u0259ciy\u0259t m\u0259ktubu olmal\u0131d\u0131r.<\/strong><\/p>\n<p><strong>\u015etamp \u00fc\u00e7\u00fcn laz\u0131m olan s\u0259n\u0259d. R\u0259smi blankda m\u0259ktub imzal\u0131 m\u00f6h\u00fcrl\u00fc.<\/strong><\/p>\n<p><strong>\u00a0<\/strong><\/p>\n<p>&nbsp;<\/p>\n","protected":false},"excerpt":{"rendered":"<p><span data-sheets-value=\"{&quot;1&quot;:2,&quot;2&quot;:&quot;C\u0259lbedici dizayna malikdir.\\nM\u0259nfi iqlim t\u0259siri yoxdur.\\nX\u00fcsusi tutma zonalar\u0131 \u0259ll\u0259rinizi \u00e7irkl\u0259nm\u0259d\u0259n yast\u0131\u011f\u0131 d\u0259yi\u015fdirm\u0259y\u0259 imkan verir.\\nBu, d\u00fcnyan\u0131n \u0259n ki\u00e7ik v\u0259 y\u00fcng\u00fcl \u00f6z-\u00f6z\u00fcn\u0259 r\u0259ngl\u0259n\u0259n m\u00f6h\u00fcrl\u0259rind\u0259n biridir.\\nSoft-touch elementl\u0259ri say\u0259sind\u0259 m\u00f6h\u00fcr\u00fc saxlamaq xo\u015f v\u0259 rahatd\u0131r.\\n\u00c7ap ka\u011f\u0131z \u00fcz\u0259rind\u0259 d\u0259qiq yerl\u0259\u015fdirilir.\\nBu g\u00fcn\u0259 q\u0259d\u0259r olan m\u00f6h\u00fcr v\u0259 \u015ftamplar aras\u0131nda Orijinal Printy x\u0259ttinin b\u00fct\u00fcn m\u00f6h\u00fcr v\u0259 \u015ftamplar\u0131 \u0259n populyar v\u0259 y\u00fcks\u0259k keyfiyy\u0259tlidir. \\n\\n\u0130stehsal\u00e7\u0131 m\u0259hsul kodu: 4911\\n\u00d6l\u00e7\u00fcl\u0259ri - 38\u044514mm \\nR\u0259ng - Qara \\nQabla\u015fd\u0131rma - 1\\n&quot;}\" data-sheets-userformat=\"{&quot;2&quot;:11261,&quot;3&quot;:{&quot;1&quot;:0},&quot;5&quot;:{&quot;1&quot;:[{&quot;1&quot;:2,&quot;2&quot;:0,&quot;5&quot;:{&quot;1&quot;:2,&quot;2&quot;:0}},{&quot;1&quot;:0,&quot;2&quot;:0,&quot;3&quot;:3},{&quot;1&quot;:1,&quot;2&quot;:0,&quot;4&quot;:1}]},&quot;6&quot;:{&quot;1&quot;:[{&quot;1&quot;:2,&quot;2&quot;:0,&quot;5&quot;:{&quot;1&quot;:2,&quot;2&quot;:0}},{&quot;1&quot;:0,&quot;2&quot;:0,&quot;3&quot;:3},{&quot;1&quot;:1,&quot;2&quot;:0,&quot;4&quot;:1}]},&quot;7&quot;:{&quot;1&quot;:[{&quot;1&quot;:2,&quot;2&quot;:0,&quot;5&quot;:{&quot;1&quot;:2,&quot;2&quot;:0}},{&quot;1&quot;:0,&quot;2&quot;:0,&quot;3&quot;:3},{&quot;1&quot;:1,&quot;2&quot;:0,&quot;4&quot;:1}]},&quot;8&quot;:{&quot;1&quot;:[{&quot;1&quot;:2,&quot;2&quot;:0,&quot;5&quot;:{&quot;1&quot;:2,&quot;2&quot;:0}},{&quot;1&quot;:0,&quot;2&quot;:0,&quot;3&quot;:3},{&quot;1&quot;:1,&quot;2&quot;:0,&quot;4&quot;:1}]},&quot;9&quot;:0,&quot;10&quot;:1,&quot;11&quot;:4,&quot;12&quot;:0,&quot;14&quot;:{&quot;1&quot;:2,&quot;2&quot;:0},&quot;16&quot;:11}\">\u00d6l\u00e7\u00fcl\u0259ri: 38\u044514mm<br \/>\nR\u0259ng: Qara<br \/>\nQabla\u015fd\u0131rma: 1<br \/>\n\u0130stehsal\u00e7\u0131 m\u0259hsul kodu: 4911<br \/>\nTicar\u0259t markas\u0131: Trodat<\/span><\/p>\n","protected":false},"featured_media":7343,"template":"","meta":{"_joinchat":[]},"product_brand":[],"product_cat":[171],"product_tag":[],"class_list":{"0":"post-7342","1":"product","2":"type-product","3":"status-publish","4":"has-post-thumbnail","6":"product_cat-mohur-mexanizm","7":"pa_brand-trodat","9":"first","10":"instock","11":"shipping-taxable","12":"purchasable","13":"product-type-simple"},"yoast_head":"<!-- This site is optimized with the Yoast SEO plugin v27.4 - https:\/\/yoast.com\/product\/yoast-seo-wordpress\/ -->\n<title>Mexanizm 4911 Trodat - Antaris<\/title>\n<meta name=\"robots\" content=\"index, follow, max-snippet:-1, max-image-preview:large, max-video-preview:-1\" \/>\n<link rel=\"canonical\" href=\"https:\/\/antaris.az\/ru\/m\u0259hsul\/mexanizm-38x14mm\/\" \/>\n<meta property=\"og:locale\" content=\"ru_RU\" \/>\n<meta property=\"og:type\" content=\"article\" \/>\n<meta property=\"og:title\" content=\"Mexanizm 4911 Trodat - Antaris\" \/>\n<meta property=\"og:description\" content=\"\u00d6l\u00e7\u00fcl\u0259ri: 38\u044514mm R\u0259ng: Qara Qabla\u015fd\u0131rma: 1 \u0130stehsal\u00e7\u0131 m\u0259hsul kodu: 4911 Ticar\u0259t markas\u0131: Trodat\" \/>\n<meta property=\"og:url\" content=\"https:\/\/antaris.az\/ru\/m\u0259hsul\/mexanizm-38x14mm\/\" \/>\n<meta property=\"og:site_name\" content=\"Antaris\" \/>\n<meta property=\"article:publisher\" content=\"https:\/\/www.facebook.com\/antaris.az\/\" \/>\n<meta property=\"article:modified_time\" content=\"2024-11-26T13:03:02+00:00\" \/>\n<meta property=\"og:image\" content=\"https:\/\/antaris.az\/wp-content\/uploads\/2020\/04\/AN-00-00002781-Mexanizm-38x14mm-Mexanizm-4911-38x14mm-Trodat.jpg\" \/>\n\t<meta property=\"og:image:width\" content=\"800\" \/>\n\t<meta property=\"og:image:height\" content=\"800\" \/>\n\t<meta property=\"og:image:type\" content=\"image\/jpeg\" \/>\n<script type=\"application\/ld+json\" class=\"yoast-schema-graph\">{\"@context\":\"https:\\\/\\\/schema.org\",\"@graph\":[{\"@type\":\"WebPage\",\"@id\":\"https:\\\/\\\/antaris.az\\\/m\u0259hsul\\\/mexanizm-38x14mm\\\/\",\"url\":\"https:\\\/\\\/antaris.az\\\/m\u0259hsul\\\/mexanizm-38x14mm\\\/\",\"name\":\"Mexanizm 4911 Trodat - Antaris\",\"isPartOf\":{\"@id\":\"https:\\\/\\\/antaris.az\\\/#website\"},\"primaryImageOfPage\":{\"@id\":\"https:\\\/\\\/antaris.az\\\/m\u0259hsul\\\/mexanizm-38x14mm\\\/#primaryimage\"},\"image\":{\"@id\":\"https:\\\/\\\/antaris.az\\\/m\u0259hsul\\\/mexanizm-38x14mm\\\/#primaryimage\"},\"thumbnailUrl\":\"https:\\\/\\\/antaris.az\\\/wp-content\\\/uploads\\\/2020\\\/04\\\/AN-00-00002781-Mexanizm-38x14mm-Mexanizm-4911-38x14mm-Trodat.jpg\",\"datePublished\":\"2020-04-30T08:19:22+00:00\",\"dateModified\":\"2024-11-26T13:03:02+00:00\",\"breadcrumb\":{\"@id\":\"https:\\\/\\\/antaris.az\\\/m\u0259hsul\\\/mexanizm-38x14mm\\\/#breadcrumb\"},\"inLanguage\":\"ru-RU\",\"potentialAction\":[{\"@type\":\"ReadAction\",\"target\":[\"https:\\\/\\\/antaris.az\\\/m\u0259hsul\\\/mexanizm-38x14mm\\\/\"]}]},{\"@type\":\"ImageObject\",\"inLanguage\":\"ru-RU\",\"@id\":\"https:\\\/\\\/antaris.az\\\/m\u0259hsul\\\/mexanizm-38x14mm\\\/#primaryimage\",\"url\":\"https:\\\/\\\/antaris.az\\\/wp-content\\\/uploads\\\/2020\\\/04\\\/AN-00-00002781-Mexanizm-38x14mm-Mexanizm-4911-38x14mm-Trodat.jpg\",\"contentUrl\":\"https:\\\/\\\/antaris.az\\\/wp-content\\\/uploads\\\/2020\\\/04\\\/AN-00-00002781-Mexanizm-38x14mm-Mexanizm-4911-38x14mm-Trodat.jpg\",\"width\":800,\"height\":800,\"caption\":\"Mexanizm 38x14mm Mexanizm 4911 (38x14mm) Trodat\"},{\"@type\":\"BreadcrumbList\",\"@id\":\"https:\\\/\\\/antaris.az\\\/m\u0259hsul\\\/mexanizm-38x14mm\\\/#breadcrumb\",\"itemListElement\":[{\"@type\":\"ListItem\",\"position\":1,\"name\":\"Home\",\"item\":\"https:\\\/\\\/antaris.az\\\/\"},{\"@type\":\"ListItem\",\"position\":2,\"name\":\"Ma\u011faza\",\"item\":\"https:\\\/\\\/antaris.az\\\/ru\\\/shop\\\/\"},{\"@type\":\"ListItem\",\"position\":3,\"name\":\"Mexanizm 4911 Trodat\"}]},{\"@type\":\"WebSite\",\"@id\":\"https:\\\/\\\/antaris.az\\\/#website\",\"url\":\"https:\\\/\\\/antaris.az\\\/\",\"name\":\"Antaris\",\"description\":\"Ofis, ev, m\u0259kt\u0259b \u00fc\u00e7\u00fcn h\u0259r \u015fey\",\"publisher\":{\"@id\":\"https:\\\/\\\/antaris.az\\\/#organization\"},\"potentialAction\":[{\"@type\":\"SearchAction\",\"target\":{\"@type\":\"EntryPoint\",\"urlTemplate\":\"https:\\\/\\\/antaris.az\\\/?s={search_term_string}\"},\"query-input\":{\"@type\":\"PropertyValueSpecification\",\"valueRequired\":true,\"valueName\":\"search_term_string\"}}],\"inLanguage\":\"ru-RU\"},{\"@type\":\"Organization\",\"@id\":\"https:\\\/\\\/antaris.az\\\/#organization\",\"name\":\"Antaris QSC\",\"url\":\"https:\\\/\\\/antaris.az\\\/\",\"logo\":{\"@type\":\"ImageObject\",\"inLanguage\":\"ru-RU\",\"@id\":\"https:\\\/\\\/antaris.az\\\/#\\\/schema\\\/logo\\\/image\\\/\",\"url\":\"https:\\\/\\\/antaris.az\\\/wp-content\\\/uploads\\\/2025\\\/03\\\/Antaris-logo.png\",\"contentUrl\":\"https:\\\/\\\/antaris.az\\\/wp-content\\\/uploads\\\/2025\\\/03\\\/Antaris-logo.png\",\"width\":500,\"height\":500,\"caption\":\"Antaris QSC\"},\"image\":{\"@id\":\"https:\\\/\\\/antaris.az\\\/#\\\/schema\\\/logo\\\/image\\\/\"},\"sameAs\":[\"https:\\\/\\\/www.facebook.com\\\/antaris.az\\\/\",\"https:\\\/\\\/www.instagram.com\\\/antaris.az\\\/\"]}]}<\/script>\n<!-- \/ Yoast SEO plugin. -->","yoast_head_json":{"title":"Mexanizm 4911 Trodat - Antaris","robots":{"index":"index","follow":"follow","max-snippet":"max-snippet:-1","max-image-preview":"max-image-preview:large","max-video-preview":"max-video-preview:-1"},"canonical":"https:\/\/antaris.az\/ru\/m\u0259hsul\/mexanizm-38x14mm\/","og_locale":"ru_RU","og_type":"article","og_title":"Mexanizm 4911 Trodat - Antaris","og_description":"\u00d6l\u00e7\u00fcl\u0259ri: 38\u044514mm R\u0259ng: Qara Qabla\u015fd\u0131rma: 1 \u0130stehsal\u00e7\u0131 m\u0259hsul kodu: 4911 Ticar\u0259t markas\u0131: Trodat","og_url":"https:\/\/antaris.az\/ru\/m\u0259hsul\/mexanizm-38x14mm\/","og_site_name":"Antaris","article_publisher":"https:\/\/www.facebook.com\/antaris.az\/","article_modified_time":"2024-11-26T13:03:02+00:00","og_image":[{"width":800,"height":800,"url":"https:\/\/antaris.az\/wp-content\/uploads\/2020\/04\/AN-00-00002781-Mexanizm-38x14mm-Mexanizm-4911-38x14mm-Trodat.jpg","type":"image\/jpeg"}],"schema":{"@context":"https:\/\/schema.org","@graph":[{"@type":"WebPage","@id":"https:\/\/antaris.az\/m\u0259hsul\/mexanizm-38x14mm\/","url":"https:\/\/antaris.az\/m\u0259hsul\/mexanizm-38x14mm\/","name":"Mexanizm 4911 Trodat - Antaris","isPartOf":{"@id":"https:\/\/antaris.az\/#website"},"primaryImageOfPage":{"@id":"https:\/\/antaris.az\/m\u0259hsul\/mexanizm-38x14mm\/#primaryimage"},"image":{"@id":"https:\/\/antaris.az\/m\u0259hsul\/mexanizm-38x14mm\/#primaryimage"},"thumbnailUrl":"https:\/\/antaris.az\/wp-content\/uploads\/2020\/04\/AN-00-00002781-Mexanizm-38x14mm-Mexanizm-4911-38x14mm-Trodat.jpg","datePublished":"2020-04-30T08:19:22+00:00","dateModified":"2024-11-26T13:03:02+00:00","breadcrumb":{"@id":"https:\/\/antaris.az\/m\u0259hsul\/mexanizm-38x14mm\/#breadcrumb"},"inLanguage":"ru-RU","potentialAction":[{"@type":"ReadAction","target":["https:\/\/antaris.az\/m\u0259hsul\/mexanizm-38x14mm\/"]}]},{"@type":"ImageObject","inLanguage":"ru-RU","@id":"https:\/\/antaris.az\/m\u0259hsul\/mexanizm-38x14mm\/#primaryimage","url":"https:\/\/antaris.az\/wp-content\/uploads\/2020\/04\/AN-00-00002781-Mexanizm-38x14mm-Mexanizm-4911-38x14mm-Trodat.jpg","contentUrl":"https:\/\/antaris.az\/wp-content\/uploads\/2020\/04\/AN-00-00002781-Mexanizm-38x14mm-Mexanizm-4911-38x14mm-Trodat.jpg","width":800,"height":800,"caption":"Mexanizm 38x14mm Mexanizm 4911 (38x14mm) Trodat"},{"@type":"BreadcrumbList","@id":"https:\/\/antaris.az\/m\u0259hsul\/mexanizm-38x14mm\/#breadcrumb","itemListElement":[{"@type":"ListItem","position":1,"name":"Home","item":"https:\/\/antaris.az\/"},{"@type":"ListItem","position":2,"name":"Ma\u011faza","item":"https:\/\/antaris.az\/ru\/shop\/"},{"@type":"ListItem","position":3,"name":"Mexanizm 4911 Trodat"}]},{"@type":"WebSite","@id":"https:\/\/antaris.az\/#website","url":"https:\/\/antaris.az\/","name":"Antaris","description":"Ofis, ev, m\u0259kt\u0259b \u00fc\u00e7\u00fcn h\u0259r \u015fey","publisher":{"@id":"https:\/\/antaris.az\/#organization"},"potentialAction":[{"@type":"SearchAction","target":{"@type":"EntryPoint","urlTemplate":"https:\/\/antaris.az\/?s={search_term_string}"},"query-input":{"@type":"PropertyValueSpecification","valueRequired":true,"valueName":"search_term_string"}}],"inLanguage":"ru-RU"},{"@type":"Organization","@id":"https:\/\/antaris.az\/#organization","name":"\u0410\u043d\u0442\u0430\u0440\u0438\u0441 \u0417\u0410\u041e","url":"https:\/\/antaris.az\/","logo":{"@type":"ImageObject","inLanguage":"ru-RU","@id":"https:\/\/antaris.az\/#\/schema\/logo\/image\/","url":"https:\/\/antaris.az\/wp-content\/uploads\/2025\/03\/Antaris-logo.png","contentUrl":"https:\/\/antaris.az\/wp-content\/uploads\/2025\/03\/Antaris-logo.png","width":500,"height":500,"caption":"Antaris QSC"},"image":{"@id":"https:\/\/antaris.az\/#\/schema\/logo\/image\/"},"sameAs":["https:\/\/www.facebook.com\/antaris.az\/","https:\/\/www.instagram.com\/antaris.az\/"]}]}},"_links":{"self":[{"href":"https:\/\/antaris.az\/ru\/wp-json\/wp\/v2\/product\/7342","targetHints":{"allow":["GET"]}}],"collection":[{"href":"https:\/\/antaris.az\/ru\/wp-json\/wp\/v2\/product"}],"about":[{"href":"https:\/\/antaris.az\/ru\/wp-json\/wp\/v2\/types\/product"}],"version-history":[{"count":0,"href":"https:\/\/antaris.az\/ru\/wp-json\/wp\/v2\/product\/7342\/revisions"}],"wp:featuredmedia":[{"embeddable":true,"href":"https:\/\/antaris.az\/ru\/wp-json\/wp\/v2\/media\/7343"}],"wp:attachment":[{"href":"https:\/\/antaris.az\/ru\/wp-json\/wp\/v2\/media?parent=7342"}],"wp:term":[{"taxonomy":"product_brand","embeddable":true,"href":"https:\/\/antaris.az\/ru\/wp-json\/wp\/v2\/product_brand?post=7342"},{"taxonomy":"product_cat","embeddable":true,"href":"https:\/\/antaris.az\/ru\/wp-json\/wp\/v2\/product_cat?post=7342"},{"taxonomy":"product_tag","embeddable":true,"href":"https:\/\/antaris.az\/ru\/wp-json\/wp\/v2\/product_tag?post=7342"}],"curies":[{"name":"wp","href":"https:\/\/api.w.org\/{rel}","templated":true}]}}