{"id":6733,"date":"2020-04-27T16:13:15","date_gmt":"2020-04-27T13:13:15","guid":{"rendered":"http:\/\/www2.antaris.az\/?post_type=product&#038;p=6733"},"modified":"2024-11-26T17:03:11","modified_gmt":"2024-11-26T13:03:11","slug":"cay-100qr-sad%c9%99-yasil","status":"publish","type":"product","link":"https:\/\/antaris.az\/ru\/m\u0259hsul\/cay-100qr-sad%c9%99-yasil\/","title":{"rendered":"\u00c7ay 100qr SAD\u018f YA\u015eIL Ahmad Tea"},"content":{"rendered":"<p><!--td {border: 1px solid #ccc;}br {mso-data-placement:same-cell;}--><span data-sheets-value=\"{&quot;1&quot;:2,&quot;2&quot;:&quot;Xo\u015f bir dad v\u0259 bir \u00e7ox faydal\u0131 keyfiyy\u0259ti olan g\u00f6z\u0259l ya\u015f\u0131l \u00e7ay. Ahmad Green Tea, \u015f\u00fcbh\u0259siz ki, sa\u011flam h\u0259yat t\u0259rzi s\u00fcrm\u0259y\u0259 \u00e7al\u0131\u015fan v\u0259 \u00f6zl\u0259ri \u00fc\u00e7\u00fcn \u0259n uy\u011fun i\u00e7kil\u0259r se\u00e7\u0259n h\u0259r k\u0259sin se\u00e7imidir. Bir fincan ya\u015f\u0131l \u00e7ay rahatlama\u011fa, dinc\u0259lm\u0259yiniz\u0259 v\u0259 t\u0259z\u0259 g\u00fcc, enerji il\u0259 dolu olma\u011f\u0131n\u0131za k\u00f6m\u0259k ed\u0259c\u0259k, eyni zamanda susuzlu\u011funuzu da yat\u0131racaqd\u0131r. A\u015fa\u011f\u0131 kofein t\u0259rkibi g\u00fcn\u00fcn ist\u0259nil\u0259n vaxt\u0131nda z\u00f6vq alma\u011fa imkan verir. Sakit anlar, s\u0259mimi s\u00f6hb\u0259tl\u0259r, vacib d\u00fc\u015f\u00fcnc\u0259l\u0259r v\u0259 sakit x\u0259yallar \u00fc\u00e7\u00fcn yarad\u0131lm\u0131\u015fd\u0131r.\\n\\nTicar\u0259t markas\u0131: Ahmad Tea\\nM\u0259hsulun n\u00f6v\u00fc: yarpaq\\n\u00c7ay\u0131n n\u00f6v\u00fc: ya\u015f\u0131l\\n\u00c7\u0259ki: 100 qr\\n\\n&quot;}\" data-sheets-userformat=\"{&quot;2&quot;:10689,&quot;3&quot;:{&quot;1&quot;:0,&quot;3&quot;:1},&quot;9&quot;:0,&quot;10&quot;:0,&quot;11&quot;:4,&quot;14&quot;:{&quot;1&quot;:3,&quot;3&quot;:1},&quot;16&quot;:11}\">Xo\u015f bir dad v\u0259 bir \u00e7ox faydal\u0131 keyfiyy\u0259ti olan g\u00f6z\u0259l ya\u015f\u0131l \u00e7ay. Ahmad Green Tea, \u015f\u00fcbh\u0259siz ki, sa\u011flam h\u0259yat t\u0259rzi s\u00fcrm\u0259y\u0259 \u00e7al\u0131\u015fan v\u0259 \u00f6zl\u0259ri \u00fc\u00e7\u00fcn \u0259n uy\u011fun i\u00e7kil\u0259r se\u00e7\u0259n h\u0259r k\u0259sin se\u00e7imidir. Bir fincan ya\u015f\u0131l \u00e7ay rahatlama\u011fa, dinc\u0259lm\u0259yiniz\u0259 v\u0259 t\u0259z\u0259 g\u00fcc, enerji il\u0259 dolu olma\u011f\u0131n\u0131za k\u00f6m\u0259k ed\u0259c\u0259k, eyni zamanda susuzlu\u011funuzu da yat\u0131racaqd\u0131r. A\u015fa\u011f\u0131 kofein t\u0259rkibi g\u00fcn\u00fcn ist\u0259nil\u0259n vaxt\u0131nda z\u00f6vq alma\u011fa imkan verir. Sakit anlar, s\u0259mimi s\u00f6hb\u0259tl\u0259r, vacib d\u00fc\u015f\u00fcnc\u0259l\u0259r v\u0259 sakit x\u0259yallar \u00fc\u00e7\u00fcn yarad\u0131lm\u0131\u015fd\u0131r.<\/span><\/p>\n<p>&nbsp;<\/p>","protected":false},"excerpt":{"rendered":"<p><span data-sheets-value=\"{&quot;1&quot;:2,&quot;2&quot;:&quot;Xo\u015f bir dad v\u0259 bir \u00e7ox faydal\u0131 keyfiyy\u0259ti olan g\u00f6z\u0259l ya\u015f\u0131l \u00e7ay. Ahmad Green Tea, \u015f\u00fcbh\u0259siz ki, sa\u011flam h\u0259yat t\u0259rzi s\u00fcrm\u0259y\u0259 \u00e7al\u0131\u015fan v\u0259 \u00f6zl\u0259ri \u00fc\u00e7\u00fcn \u0259n uy\u011fun i\u00e7kil\u0259r se\u00e7\u0259n h\u0259r k\u0259sin se\u00e7imidir. Bir fincan ya\u015f\u0131l \u00e7ay rahatlama\u011fa, dinc\u0259lm\u0259yiniz\u0259 v\u0259 t\u0259z\u0259 g\u00fcc, enerji il\u0259 dolu olma\u011f\u0131n\u0131za k\u00f6m\u0259k ed\u0259c\u0259k, eyni zamanda susuzlu\u011funuzu da yat\u0131racaqd\u0131r. A\u015fa\u011f\u0131 kofein t\u0259rkibi g\u00fcn\u00fcn ist\u0259nil\u0259n vaxt\u0131nda z\u00f6vq alma\u011fa imkan verir. Sakit anlar, s\u0259mimi s\u00f6hb\u0259tl\u0259r, vacib d\u00fc\u015f\u00fcnc\u0259l\u0259r v\u0259 sakit x\u0259yallar \u00fc\u00e7\u00fcn yarad\u0131lm\u0131\u015fd\u0131r.\\n\\nTicar\u0259t markas\u0131: Ahmad Tea\\nM\u0259hsulun n\u00f6v\u00fc: yarpaq\\n\u00c7ay\u0131n n\u00f6v\u00fc: ya\u015f\u0131l\\n\u00c7\u0259ki: 100 qr\\n\\n&quot;}\" data-sheets-userformat=\"{&quot;2&quot;:10689,&quot;3&quot;:{&quot;1&quot;:0,&quot;3&quot;:1},&quot;9&quot;:0,&quot;10&quot;:0,&quot;11&quot;:4,&quot;14&quot;:{&quot;1&quot;:3,&quot;3&quot;:1},&quot;16&quot;:11}\">Ticar\u0259t markas\u0131: Ahmad Tea<br \/>\nM\u0259hsulun n\u00f6v\u00fc: yarpaq<br \/>\n\u00c7ay\u0131n n\u00f6v\u00fc: ya\u015f\u0131l<br \/>\n\u00c7\u0259ki: 100 qr<br \/>\n<\/span><\/p>","protected":false},"featured_media":6734,"template":"","meta":{"_joinchat":[]},"product_brand":[],"product_cat":[231],"product_tag":[],"class_list":{"0":"post-6733","1":"product","2":"type-product","3":"status-publish","4":"has-post-thumbnail","6":"product_cat-cay","8":"first","9":"instock","10":"shipping-taxable","11":"purchasable","12":"product-type-simple"},"yoast_head":"<!-- This site is optimized with the Yoast SEO plugin v27.4 - https:\/\/yoast.com\/product\/yoast-seo-wordpress\/ -->\n<title>\u00c7ay 100qr SAD\u018f YA\u015eIL Ahmad Tea - Antaris<\/title>\n<meta name=\"robots\" content=\"index, follow, max-snippet:-1, max-image-preview:large, max-video-preview:-1\" \/>\n<link rel=\"canonical\" href=\"https:\/\/antaris.az\/ru\/m\u0259hsul\/cay-100qr-sad\u0259-yasil\/\" \/>\n<meta property=\"og:locale\" content=\"ru_RU\" \/>\n<meta property=\"og:type\" content=\"article\" \/>\n<meta property=\"og:title\" content=\"\u00c7ay 100qr SAD\u018f YA\u015eIL Ahmad Tea - Antaris\" \/>\n<meta property=\"og:description\" content=\"Ticar\u0259t markas\u0131: Ahmad Tea M\u0259hsulun n\u00f6v\u00fc: yarpaq \u00c7ay\u0131n n\u00f6v\u00fc: ya\u015f\u0131l \u00c7\u0259ki: 100 qr\" \/>\n<meta property=\"og:url\" content=\"https:\/\/antaris.az\/ru\/m\u0259hsul\/cay-100qr-sad\u0259-yasil\/\" \/>\n<meta property=\"og:site_name\" content=\"Antaris\" \/>\n<meta property=\"article:publisher\" content=\"https:\/\/www.facebook.com\/antaris.az\/\" \/>\n<meta property=\"article:modified_time\" content=\"2024-11-26T13:03:11+00:00\" \/>\n<meta property=\"og:image\" content=\"https:\/\/antaris.az\/wp-content\/uploads\/2020\/04\/AN-00-00000707-\u00c7ay-100qr-sad\u0259-ya\u015f\u0131l-Ahmad.jpg\" \/>\n\t<meta property=\"og:image:width\" content=\"800\" \/>\n\t<meta property=\"og:image:height\" content=\"800\" \/>\n\t<meta property=\"og:image:type\" content=\"image\/jpeg\" \/>\n<script type=\"application\/ld+json\" class=\"yoast-schema-graph\">{\"@context\":\"https:\\\/\\\/schema.org\",\"@graph\":[{\"@type\":\"WebPage\",\"@id\":\"https:\\\/\\\/antaris.az\\\/ru\\\/m\u0259hsul\\\/cay-100qr-sad%c9%99-yasil\\\/\",\"url\":\"https:\\\/\\\/antaris.az\\\/ru\\\/m\u0259hsul\\\/cay-100qr-sad%c9%99-yasil\\\/\",\"name\":\"\u00c7ay 100qr SAD\u018f YA\u015eIL Ahmad Tea - Antaris\",\"isPartOf\":{\"@id\":\"https:\\\/\\\/antaris.az\\\/#website\"},\"primaryImageOfPage\":{\"@id\":\"https:\\\/\\\/antaris.az\\\/ru\\\/m\u0259hsul\\\/cay-100qr-sad%c9%99-yasil\\\/#primaryimage\"},\"image\":{\"@id\":\"https:\\\/\\\/antaris.az\\\/ru\\\/m\u0259hsul\\\/cay-100qr-sad%c9%99-yasil\\\/#primaryimage\"},\"thumbnailUrl\":\"https:\\\/\\\/antaris.az\\\/wp-content\\\/uploads\\\/2020\\\/04\\\/AN-00-00000707-\u00c7ay-100qr-sad\u0259-ya\u015f\u0131l-Ahmad.jpg\",\"datePublished\":\"2020-04-27T13:13:15+00:00\",\"dateModified\":\"2024-11-26T13:03:11+00:00\",\"breadcrumb\":{\"@id\":\"https:\\\/\\\/antaris.az\\\/ru\\\/m\u0259hsul\\\/cay-100qr-sad%c9%99-yasil\\\/#breadcrumb\"},\"inLanguage\":\"ru-RU\",\"potentialAction\":[{\"@type\":\"ReadAction\",\"target\":[\"https:\\\/\\\/antaris.az\\\/ru\\\/m\u0259hsul\\\/cay-100qr-sad%c9%99-yasil\\\/\"]}]},{\"@type\":\"ImageObject\",\"inLanguage\":\"ru-RU\",\"@id\":\"https:\\\/\\\/antaris.az\\\/ru\\\/m\u0259hsul\\\/cay-100qr-sad%c9%99-yasil\\\/#primaryimage\",\"url\":\"https:\\\/\\\/antaris.az\\\/wp-content\\\/uploads\\\/2020\\\/04\\\/AN-00-00000707-\u00c7ay-100qr-sad\u0259-ya\u015f\u0131l-Ahmad.jpg\",\"contentUrl\":\"https:\\\/\\\/antaris.az\\\/wp-content\\\/uploads\\\/2020\\\/04\\\/AN-00-00000707-\u00c7ay-100qr-sad\u0259-ya\u015f\u0131l-Ahmad.jpg\",\"width\":800,\"height\":800,\"caption\":\"\u00c7ay 100qr sad\u0259 ya\u015f\u0131l Ahmad\"},{\"@type\":\"BreadcrumbList\",\"@id\":\"https:\\\/\\\/antaris.az\\\/ru\\\/m\u0259hsul\\\/cay-100qr-sad%c9%99-yasil\\\/#breadcrumb\",\"itemListElement\":[{\"@type\":\"ListItem\",\"position\":1,\"name\":\"Home\",\"item\":\"https:\\\/\\\/antaris.az\\\/\"},{\"@type\":\"ListItem\",\"position\":2,\"name\":\"Ma\u011faza\",\"item\":\"https:\\\/\\\/antaris.az\\\/ru\\\/shop\\\/\"},{\"@type\":\"ListItem\",\"position\":3,\"name\":\"\u00c7ay 100qr SAD\u018f YA\u015eIL Ahmad Tea\"}]},{\"@type\":\"WebSite\",\"@id\":\"https:\\\/\\\/antaris.az\\\/#website\",\"url\":\"https:\\\/\\\/antaris.az\\\/\",\"name\":\"Antaris\",\"description\":\"Ofis, ev, m\u0259kt\u0259b \u00fc\u00e7\u00fcn h\u0259r \u015fey\",\"publisher\":{\"@id\":\"https:\\\/\\\/antaris.az\\\/#organization\"},\"potentialAction\":[{\"@type\":\"SearchAction\",\"target\":{\"@type\":\"EntryPoint\",\"urlTemplate\":\"https:\\\/\\\/antaris.az\\\/?s={search_term_string}\"},\"query-input\":{\"@type\":\"PropertyValueSpecification\",\"valueRequired\":true,\"valueName\":\"search_term_string\"}}],\"inLanguage\":\"ru-RU\"},{\"@type\":\"Organization\",\"@id\":\"https:\\\/\\\/antaris.az\\\/#organization\",\"name\":\"Antaris QSC\",\"url\":\"https:\\\/\\\/antaris.az\\\/\",\"logo\":{\"@type\":\"ImageObject\",\"inLanguage\":\"ru-RU\",\"@id\":\"https:\\\/\\\/antaris.az\\\/#\\\/schema\\\/logo\\\/image\\\/\",\"url\":\"https:\\\/\\\/antaris.az\\\/wp-content\\\/uploads\\\/2025\\\/03\\\/Antaris-logo.png\",\"contentUrl\":\"https:\\\/\\\/antaris.az\\\/wp-content\\\/uploads\\\/2025\\\/03\\\/Antaris-logo.png\",\"width\":500,\"height\":500,\"caption\":\"Antaris QSC\"},\"image\":{\"@id\":\"https:\\\/\\\/antaris.az\\\/#\\\/schema\\\/logo\\\/image\\\/\"},\"sameAs\":[\"https:\\\/\\\/www.facebook.com\\\/antaris.az\\\/\",\"https:\\\/\\\/www.instagram.com\\\/antaris.az\\\/\"]}]}<\/script>\n<!-- \/ Yoast SEO plugin. -->","yoast_head_json":{"title":"\u00c7ay 100qr SAD\u018f YA\u015eIL Ahmad Tea - Antaris","robots":{"index":"index","follow":"follow","max-snippet":"max-snippet:-1","max-image-preview":"max-image-preview:large","max-video-preview":"max-video-preview:-1"},"canonical":"https:\/\/antaris.az\/ru\/m\u0259hsul\/cay-100qr-sad\u0259-yasil\/","og_locale":"ru_RU","og_type":"article","og_title":"\u00c7ay 100qr SAD\u018f YA\u015eIL Ahmad Tea - Antaris","og_description":"Ticar\u0259t markas\u0131: Ahmad Tea M\u0259hsulun n\u00f6v\u00fc: yarpaq \u00c7ay\u0131n n\u00f6v\u00fc: ya\u015f\u0131l \u00c7\u0259ki: 100 qr","og_url":"https:\/\/antaris.az\/ru\/m\u0259hsul\/cay-100qr-sad\u0259-yasil\/","og_site_name":"Antaris","article_publisher":"https:\/\/www.facebook.com\/antaris.az\/","article_modified_time":"2024-11-26T13:03:11+00:00","og_image":[{"width":800,"height":800,"url":"https:\/\/antaris.az\/wp-content\/uploads\/2020\/04\/AN-00-00000707-\u00c7ay-100qr-sad\u0259-ya\u015f\u0131l-Ahmad.jpg","type":"image\/jpeg"}],"schema":{"@context":"https:\/\/schema.org","@graph":[{"@type":"WebPage","@id":"https:\/\/antaris.az\/ru\/m\u0259hsul\/cay-100qr-sad%c9%99-yasil\/","url":"https:\/\/antaris.az\/ru\/m\u0259hsul\/cay-100qr-sad%c9%99-yasil\/","name":"\u00c7ay 100qr SAD\u018f YA\u015eIL Ahmad Tea - Antaris","isPartOf":{"@id":"https:\/\/antaris.az\/#website"},"primaryImageOfPage":{"@id":"https:\/\/antaris.az\/ru\/m\u0259hsul\/cay-100qr-sad%c9%99-yasil\/#primaryimage"},"image":{"@id":"https:\/\/antaris.az\/ru\/m\u0259hsul\/cay-100qr-sad%c9%99-yasil\/#primaryimage"},"thumbnailUrl":"https:\/\/antaris.az\/wp-content\/uploads\/2020\/04\/AN-00-00000707-\u00c7ay-100qr-sad\u0259-ya\u015f\u0131l-Ahmad.jpg","datePublished":"2020-04-27T13:13:15+00:00","dateModified":"2024-11-26T13:03:11+00:00","breadcrumb":{"@id":"https:\/\/antaris.az\/ru\/m\u0259hsul\/cay-100qr-sad%c9%99-yasil\/#breadcrumb"},"inLanguage":"ru-RU","potentialAction":[{"@type":"ReadAction","target":["https:\/\/antaris.az\/ru\/m\u0259hsul\/cay-100qr-sad%c9%99-yasil\/"]}]},{"@type":"ImageObject","inLanguage":"ru-RU","@id":"https:\/\/antaris.az\/ru\/m\u0259hsul\/cay-100qr-sad%c9%99-yasil\/#primaryimage","url":"https:\/\/antaris.az\/wp-content\/uploads\/2020\/04\/AN-00-00000707-\u00c7ay-100qr-sad\u0259-ya\u015f\u0131l-Ahmad.jpg","contentUrl":"https:\/\/antaris.az\/wp-content\/uploads\/2020\/04\/AN-00-00000707-\u00c7ay-100qr-sad\u0259-ya\u015f\u0131l-Ahmad.jpg","width":800,"height":800,"caption":"\u00c7ay 100qr sad\u0259 ya\u015f\u0131l Ahmad"},{"@type":"BreadcrumbList","@id":"https:\/\/antaris.az\/ru\/m\u0259hsul\/cay-100qr-sad%c9%99-yasil\/#breadcrumb","itemListElement":[{"@type":"ListItem","position":1,"name":"Home","item":"https:\/\/antaris.az\/"},{"@type":"ListItem","position":2,"name":"Ma\u011faza","item":"https:\/\/antaris.az\/ru\/shop\/"},{"@type":"ListItem","position":3,"name":"\u00c7ay 100qr SAD\u018f YA\u015eIL Ahmad Tea"}]},{"@type":"WebSite","@id":"https:\/\/antaris.az\/#website","url":"https:\/\/antaris.az\/","name":"Antaris","description":"Ofis, ev, m\u0259kt\u0259b \u00fc\u00e7\u00fcn h\u0259r \u015fey","publisher":{"@id":"https:\/\/antaris.az\/#organization"},"potentialAction":[{"@type":"SearchAction","target":{"@type":"EntryPoint","urlTemplate":"https:\/\/antaris.az\/?s={search_term_string}"},"query-input":{"@type":"PropertyValueSpecification","valueRequired":true,"valueName":"search_term_string"}}],"inLanguage":"ru-RU"},{"@type":"Organization","@id":"https:\/\/antaris.az\/#organization","name":"\u0410\u043d\u0442\u0430\u0440\u0438\u0441 \u0417\u0410\u041e","url":"https:\/\/antaris.az\/","logo":{"@type":"ImageObject","inLanguage":"ru-RU","@id":"https:\/\/antaris.az\/#\/schema\/logo\/image\/","url":"https:\/\/antaris.az\/wp-content\/uploads\/2025\/03\/Antaris-logo.png","contentUrl":"https:\/\/antaris.az\/wp-content\/uploads\/2025\/03\/Antaris-logo.png","width":500,"height":500,"caption":"Antaris QSC"},"image":{"@id":"https:\/\/antaris.az\/#\/schema\/logo\/image\/"},"sameAs":["https:\/\/www.facebook.com\/antaris.az\/","https:\/\/www.instagram.com\/antaris.az\/"]}]}},"_links":{"self":[{"href":"https:\/\/antaris.az\/ru\/wp-json\/wp\/v2\/product\/6733","targetHints":{"allow":["GET"]}}],"collection":[{"href":"https:\/\/antaris.az\/ru\/wp-json\/wp\/v2\/product"}],"about":[{"href":"https:\/\/antaris.az\/ru\/wp-json\/wp\/v2\/types\/product"}],"version-history":[{"count":0,"href":"https:\/\/antaris.az\/ru\/wp-json\/wp\/v2\/product\/6733\/revisions"}],"wp:featuredmedia":[{"embeddable":true,"href":"https:\/\/antaris.az\/ru\/wp-json\/wp\/v2\/media\/6734"}],"wp:attachment":[{"href":"https:\/\/antaris.az\/ru\/wp-json\/wp\/v2\/media?parent=6733"}],"wp:term":[{"taxonomy":"product_brand","embeddable":true,"href":"https:\/\/antaris.az\/ru\/wp-json\/wp\/v2\/product_brand?post=6733"},{"taxonomy":"product_cat","embeddable":true,"href":"https:\/\/antaris.az\/ru\/wp-json\/wp\/v2\/product_cat?post=6733"},{"taxonomy":"product_tag","embeddable":true,"href":"https:\/\/antaris.az\/ru\/wp-json\/wp\/v2\/product_tag?post=6733"}],"curies":[{"name":"wp","href":"https:\/\/api.w.org\/{rel}","templated":true}]}}