{"id":6711,"date":"2020-04-27T15:58:40","date_gmt":"2020-04-27T12:58:40","guid":{"rendered":"http:\/\/www2.antaris.az\/?post_type=product&#038;p=6711"},"modified":"2024-11-26T17:03:11","modified_gmt":"2024-11-26T13:03:11","slug":"cay-500qr-qirmizi-x%c9%99tt","status":"publish","type":"product","link":"https:\/\/antaris.az\/ru\/m\u0259hsul\/cay-500qr-qirmizi-x%c9%99tt\/","title":{"rendered":"\u00c7ay 500qr QIRMIZI X\u018fTT Ahmad Tea"},"content":{"rendered":"<p><!--td {border: 1px solid #ccc;}br {mso-data-placement:same-cell;}--><span data-sheets-value=\"{&quot;1&quot;:2,&quot;2&quot;:&quot;Seylon, Keniya v\u0259 Assam\u0131n m\u0259\u015fhur plantasiyalar\u0131nda yeti\u015f\u0259n \u00fc\u00e7 \u0259n yax\u015f\u0131 \u00e7ay n\u00f6v\u00fcn\u00fcn z\u0259ngin birl\u0259\u015fm\u0259sidir. Z\u0259nginliyi, dol\u011funlu\u011fu, xo\u015f \u0259tri v\u0259 heyr\u0259tl\u0259ndirici tonik x\u00fcsusiyy\u0259tl\u0259ri il\u0259 \u00e7ox sayda canland\u0131r\u0131c\u0131 i\u00e7ki sev\u0259nl\u0259ri t\u0259r\u0259find\u0259n sevilir. S\u0259h\u0259rl\u0259r \u015fadlanma\u011f\u0131n\u0131za, vacib v\u0259zif\u0259l\u0259r v\u0259 ya cari i\u015fl\u0259r \u00fc\u00e7\u00fcn g\u00fcc toplama\u011f\u0131n\u0131za z\u0259man\u0259t verir. Nahar vaxt\u0131, h\u0259m d\u0259 y\u00fcng\u00fcl bir \u015fam yem\u0259yind\u0259n sonra x\u00fcsusi t\u0259\u0259ss\u00fcratlar ba\u011f\u0131\u015flayacaqd\u0131r. S\u00fcdl\u0259 yax\u015f\u0131 sintez olunur. Bir dilim limon v\u0259 \u015f\u0259k\u0259r il\u0259 canland\u0131r\u0131n.\\n\\nTicar\u0259t markas\u0131: Ahmad Tea\\nM\u0259hsulun n\u00f6v\u00fc: yarpaq\\n\u00c7ay\u0131n n\u00f6v\u00fc: qara\\n\u00c7\u0259ki: 500 qr\\n&quot;}\" data-sheets-userformat=\"{&quot;2&quot;:10689,&quot;3&quot;:{&quot;1&quot;:0,&quot;3&quot;:1},&quot;9&quot;:0,&quot;10&quot;:0,&quot;11&quot;:4,&quot;14&quot;:{&quot;1&quot;:3,&quot;3&quot;:1},&quot;16&quot;:11}\">Seylon, Keniya v\u0259 Assam\u0131n m\u0259\u015fhur plantasiyalar\u0131nda yeti\u015f\u0259n \u00fc\u00e7 \u0259n yax\u015f\u0131 \u00e7ay n\u00f6v\u00fcn\u00fcn z\u0259ngin birl\u0259\u015fm\u0259sidir. Z\u0259nginliyi, dol\u011funlu\u011fu, xo\u015f \u0259tri v\u0259 heyr\u0259tl\u0259ndirici tonik x\u00fcsusiyy\u0259tl\u0259ri il\u0259 \u00e7ox sayda canland\u0131r\u0131c\u0131 i\u00e7ki sev\u0259nl\u0259ri t\u0259r\u0259find\u0259n sevilir. S\u0259h\u0259rl\u0259r \u015fadlanma\u011f\u0131n\u0131za, vacib v\u0259zif\u0259l\u0259r v\u0259 ya cari i\u015fl\u0259r \u00fc\u00e7\u00fcn g\u00fcc toplama\u011f\u0131n\u0131za z\u0259man\u0259t verir. Nahar vaxt\u0131, h\u0259m d\u0259 y\u00fcng\u00fcl bir \u015fam yem\u0259yind\u0259n sonra x\u00fcsusi t\u0259\u0259ss\u00fcratlar ba\u011f\u0131\u015flayacaqd\u0131r. S\u00fcdl\u0259 yax\u015f\u0131 sintez olunur. Bir dilim limon v\u0259 \u015f\u0259k\u0259r il\u0259 canland\u0131r\u0131n.<\/span><\/p>\n<p>&nbsp;<\/p>","protected":false},"excerpt":{"rendered":"<p><span data-sheets-value=\"{&quot;1&quot;:2,&quot;2&quot;:&quot;Seylon, Keniya v\u0259 Assam\u0131n m\u0259\u015fhur plantasiyalar\u0131nda yeti\u015f\u0259n \u00fc\u00e7 \u0259n yax\u015f\u0131 \u00e7ay n\u00f6v\u00fcn\u00fcn z\u0259ngin birl\u0259\u015fm\u0259sidir. Z\u0259nginliyi, dol\u011funlu\u011fu, xo\u015f \u0259tri v\u0259 heyr\u0259tl\u0259ndirici tonik x\u00fcsusiyy\u0259tl\u0259ri il\u0259 \u00e7ox sayda canland\u0131r\u0131c\u0131 i\u00e7ki sev\u0259nl\u0259ri t\u0259r\u0259find\u0259n sevilir. S\u0259h\u0259rl\u0259r \u015fadlanma\u011f\u0131n\u0131za, vacib v\u0259zif\u0259l\u0259r v\u0259 ya cari i\u015fl\u0259r \u00fc\u00e7\u00fcn g\u00fcc toplama\u011f\u0131n\u0131za z\u0259man\u0259t verir. Nahar vaxt\u0131, h\u0259m d\u0259 y\u00fcng\u00fcl bir \u015fam yem\u0259yind\u0259n sonra x\u00fcsusi t\u0259\u0259ss\u00fcratlar ba\u011f\u0131\u015flayacaqd\u0131r. S\u00fcdl\u0259 yax\u015f\u0131 sintez olunur. Bir dilim limon v\u0259 \u015f\u0259k\u0259r il\u0259 canland\u0131r\u0131n.\\n\\nTicar\u0259t markas\u0131: Ahmad Tea\\nM\u0259hsulun n\u00f6v\u00fc: yarpaq\\n\u00c7ay\u0131n n\u00f6v\u00fc: qara\\n\u00c7\u0259ki: 500 qr\\n&quot;}\" data-sheets-userformat=\"{&quot;2&quot;:10689,&quot;3&quot;:{&quot;1&quot;:0,&quot;3&quot;:1},&quot;9&quot;:0,&quot;10&quot;:0,&quot;11&quot;:4,&quot;14&quot;:{&quot;1&quot;:3,&quot;3&quot;:1},&quot;16&quot;:11}\">Ticar\u0259t markas\u0131: Ahmad Tea<br \/>\nM\u0259hsulun n\u00f6v\u00fc: yarpaq<br \/>\n\u00c7ay\u0131n n\u00f6v\u00fc: qara<br \/>\n\u00c7\u0259ki: 500 qr<\/span><\/p>","protected":false},"featured_media":6712,"template":"","meta":{"_joinchat":[]},"product_brand":[],"product_cat":[231],"product_tag":[],"class_list":{"0":"post-6711","1":"product","2":"type-product","3":"status-publish","4":"has-post-thumbnail","6":"product_cat-cay","8":"first","9":"instock","10":"shipping-taxable","11":"purchasable","12":"product-type-simple"},"yoast_head":"<!-- This site is optimized with the Yoast SEO plugin v27.4 - https:\/\/yoast.com\/product\/yoast-seo-wordpress\/ -->\n<title>\u00c7ay 500qr QIRMIZI X\u018fTT Ahmad Tea - Antaris<\/title>\n<meta name=\"robots\" content=\"index, follow, max-snippet:-1, max-image-preview:large, max-video-preview:-1\" \/>\n<link rel=\"canonical\" href=\"https:\/\/antaris.az\/ru\/m\u0259hsul\/cay-500qr-qirmizi-x\u0259tt\/\" \/>\n<meta property=\"og:locale\" content=\"ru_RU\" \/>\n<meta property=\"og:type\" content=\"article\" \/>\n<meta property=\"og:title\" content=\"\u00c7ay 500qr QIRMIZI X\u018fTT Ahmad Tea - Antaris\" \/>\n<meta property=\"og:description\" content=\"Ticar\u0259t markas\u0131: Ahmad Tea M\u0259hsulun n\u00f6v\u00fc: yarpaq \u00c7ay\u0131n n\u00f6v\u00fc: qara \u00c7\u0259ki: 500 qr\" \/>\n<meta property=\"og:url\" content=\"https:\/\/antaris.az\/ru\/m\u0259hsul\/cay-500qr-qirmizi-x\u0259tt\/\" \/>\n<meta property=\"og:site_name\" content=\"Antaris\" \/>\n<meta property=\"article:publisher\" content=\"https:\/\/www.facebook.com\/antaris.az\/\" \/>\n<meta property=\"article:modified_time\" content=\"2024-11-26T13:03:11+00:00\" \/>\n<meta property=\"og:image\" content=\"https:\/\/antaris.az\/wp-content\/uploads\/2020\/04\/AN-00-00000710-\u00c7ay-500qr-q\u0131rm\u0131z\u0131-x\u0259tt-Ahmad.jpg\" \/>\n\t<meta property=\"og:image:width\" content=\"800\" \/>\n\t<meta property=\"og:image:height\" content=\"800\" \/>\n\t<meta property=\"og:image:type\" content=\"image\/jpeg\" \/>\n<script type=\"application\/ld+json\" class=\"yoast-schema-graph\">{\"@context\":\"https:\\\/\\\/schema.org\",\"@graph\":[{\"@type\":\"WebPage\",\"@id\":\"https:\\\/\\\/antaris.az\\\/m\u0259hsul\\\/cay-500qr-qirmizi-x%c9%99tt\\\/\",\"url\":\"https:\\\/\\\/antaris.az\\\/m\u0259hsul\\\/cay-500qr-qirmizi-x%c9%99tt\\\/\",\"name\":\"\u00c7ay 500qr QIRMIZI X\u018fTT Ahmad Tea - Antaris\",\"isPartOf\":{\"@id\":\"https:\\\/\\\/antaris.az\\\/#website\"},\"primaryImageOfPage\":{\"@id\":\"https:\\\/\\\/antaris.az\\\/m\u0259hsul\\\/cay-500qr-qirmizi-x%c9%99tt\\\/#primaryimage\"},\"image\":{\"@id\":\"https:\\\/\\\/antaris.az\\\/m\u0259hsul\\\/cay-500qr-qirmizi-x%c9%99tt\\\/#primaryimage\"},\"thumbnailUrl\":\"https:\\\/\\\/antaris.az\\\/wp-content\\\/uploads\\\/2020\\\/04\\\/AN-00-00000710-\u00c7ay-500qr-q\u0131rm\u0131z\u0131-x\u0259tt-Ahmad.jpg\",\"datePublished\":\"2020-04-27T12:58:40+00:00\",\"dateModified\":\"2024-11-26T13:03:11+00:00\",\"breadcrumb\":{\"@id\":\"https:\\\/\\\/antaris.az\\\/m\u0259hsul\\\/cay-500qr-qirmizi-x%c9%99tt\\\/#breadcrumb\"},\"inLanguage\":\"ru-RU\",\"potentialAction\":[{\"@type\":\"ReadAction\",\"target\":[\"https:\\\/\\\/antaris.az\\\/m\u0259hsul\\\/cay-500qr-qirmizi-x%c9%99tt\\\/\"]}]},{\"@type\":\"ImageObject\",\"inLanguage\":\"ru-RU\",\"@id\":\"https:\\\/\\\/antaris.az\\\/m\u0259hsul\\\/cay-500qr-qirmizi-x%c9%99tt\\\/#primaryimage\",\"url\":\"https:\\\/\\\/antaris.az\\\/wp-content\\\/uploads\\\/2020\\\/04\\\/AN-00-00000710-\u00c7ay-500qr-q\u0131rm\u0131z\u0131-x\u0259tt-Ahmad.jpg\",\"contentUrl\":\"https:\\\/\\\/antaris.az\\\/wp-content\\\/uploads\\\/2020\\\/04\\\/AN-00-00000710-\u00c7ay-500qr-q\u0131rm\u0131z\u0131-x\u0259tt-Ahmad.jpg\",\"width\":800,\"height\":800,\"caption\":\"\u00c7ay 500qr q\u0131rm\u0131z\u0131 x\u0259tt Ahmad\"},{\"@type\":\"BreadcrumbList\",\"@id\":\"https:\\\/\\\/antaris.az\\\/m\u0259hsul\\\/cay-500qr-qirmizi-x%c9%99tt\\\/#breadcrumb\",\"itemListElement\":[{\"@type\":\"ListItem\",\"position\":1,\"name\":\"Home\",\"item\":\"https:\\\/\\\/antaris.az\\\/\"},{\"@type\":\"ListItem\",\"position\":2,\"name\":\"Ma\u011faza\",\"item\":\"https:\\\/\\\/antaris.az\\\/ru\\\/shop\\\/\"},{\"@type\":\"ListItem\",\"position\":3,\"name\":\"\u00c7ay 500qr QIRMIZI X\u018fTT Ahmad Tea\"}]},{\"@type\":\"WebSite\",\"@id\":\"https:\\\/\\\/antaris.az\\\/#website\",\"url\":\"https:\\\/\\\/antaris.az\\\/\",\"name\":\"Antaris\",\"description\":\"Ofis, ev, m\u0259kt\u0259b \u00fc\u00e7\u00fcn h\u0259r \u015fey\",\"publisher\":{\"@id\":\"https:\\\/\\\/antaris.az\\\/#organization\"},\"potentialAction\":[{\"@type\":\"SearchAction\",\"target\":{\"@type\":\"EntryPoint\",\"urlTemplate\":\"https:\\\/\\\/antaris.az\\\/?s={search_term_string}\"},\"query-input\":{\"@type\":\"PropertyValueSpecification\",\"valueRequired\":true,\"valueName\":\"search_term_string\"}}],\"inLanguage\":\"ru-RU\"},{\"@type\":\"Organization\",\"@id\":\"https:\\\/\\\/antaris.az\\\/#organization\",\"name\":\"Antaris QSC\",\"url\":\"https:\\\/\\\/antaris.az\\\/\",\"logo\":{\"@type\":\"ImageObject\",\"inLanguage\":\"ru-RU\",\"@id\":\"https:\\\/\\\/antaris.az\\\/#\\\/schema\\\/logo\\\/image\\\/\",\"url\":\"https:\\\/\\\/antaris.az\\\/wp-content\\\/uploads\\\/2025\\\/03\\\/Antaris-logo.png\",\"contentUrl\":\"https:\\\/\\\/antaris.az\\\/wp-content\\\/uploads\\\/2025\\\/03\\\/Antaris-logo.png\",\"width\":500,\"height\":500,\"caption\":\"Antaris QSC\"},\"image\":{\"@id\":\"https:\\\/\\\/antaris.az\\\/#\\\/schema\\\/logo\\\/image\\\/\"},\"sameAs\":[\"https:\\\/\\\/www.facebook.com\\\/antaris.az\\\/\",\"https:\\\/\\\/www.instagram.com\\\/antaris.az\\\/\"]}]}<\/script>\n<!-- \/ Yoast SEO plugin. -->","yoast_head_json":{"title":"\u00c7ay 500qr QIRMIZI X\u018fTT Ahmad Tea - Antaris","robots":{"index":"index","follow":"follow","max-snippet":"max-snippet:-1","max-image-preview":"max-image-preview:large","max-video-preview":"max-video-preview:-1"},"canonical":"https:\/\/antaris.az\/ru\/m\u0259hsul\/cay-500qr-qirmizi-x\u0259tt\/","og_locale":"ru_RU","og_type":"article","og_title":"\u00c7ay 500qr QIRMIZI X\u018fTT Ahmad Tea - Antaris","og_description":"Ticar\u0259t markas\u0131: Ahmad Tea M\u0259hsulun n\u00f6v\u00fc: yarpaq \u00c7ay\u0131n n\u00f6v\u00fc: qara \u00c7\u0259ki: 500 qr","og_url":"https:\/\/antaris.az\/ru\/m\u0259hsul\/cay-500qr-qirmizi-x\u0259tt\/","og_site_name":"Antaris","article_publisher":"https:\/\/www.facebook.com\/antaris.az\/","article_modified_time":"2024-11-26T13:03:11+00:00","og_image":[{"width":800,"height":800,"url":"https:\/\/antaris.az\/wp-content\/uploads\/2020\/04\/AN-00-00000710-\u00c7ay-500qr-q\u0131rm\u0131z\u0131-x\u0259tt-Ahmad.jpg","type":"image\/jpeg"}],"schema":{"@context":"https:\/\/schema.org","@graph":[{"@type":"WebPage","@id":"https:\/\/antaris.az\/m\u0259hsul\/cay-500qr-qirmizi-x%c9%99tt\/","url":"https:\/\/antaris.az\/m\u0259hsul\/cay-500qr-qirmizi-x%c9%99tt\/","name":"\u00c7ay 500qr QIRMIZI X\u018fTT Ahmad Tea - Antaris","isPartOf":{"@id":"https:\/\/antaris.az\/#website"},"primaryImageOfPage":{"@id":"https:\/\/antaris.az\/m\u0259hsul\/cay-500qr-qirmizi-x%c9%99tt\/#primaryimage"},"image":{"@id":"https:\/\/antaris.az\/m\u0259hsul\/cay-500qr-qirmizi-x%c9%99tt\/#primaryimage"},"thumbnailUrl":"https:\/\/antaris.az\/wp-content\/uploads\/2020\/04\/AN-00-00000710-\u00c7ay-500qr-q\u0131rm\u0131z\u0131-x\u0259tt-Ahmad.jpg","datePublished":"2020-04-27T12:58:40+00:00","dateModified":"2024-11-26T13:03:11+00:00","breadcrumb":{"@id":"https:\/\/antaris.az\/m\u0259hsul\/cay-500qr-qirmizi-x%c9%99tt\/#breadcrumb"},"inLanguage":"ru-RU","potentialAction":[{"@type":"ReadAction","target":["https:\/\/antaris.az\/m\u0259hsul\/cay-500qr-qirmizi-x%c9%99tt\/"]}]},{"@type":"ImageObject","inLanguage":"ru-RU","@id":"https:\/\/antaris.az\/m\u0259hsul\/cay-500qr-qirmizi-x%c9%99tt\/#primaryimage","url":"https:\/\/antaris.az\/wp-content\/uploads\/2020\/04\/AN-00-00000710-\u00c7ay-500qr-q\u0131rm\u0131z\u0131-x\u0259tt-Ahmad.jpg","contentUrl":"https:\/\/antaris.az\/wp-content\/uploads\/2020\/04\/AN-00-00000710-\u00c7ay-500qr-q\u0131rm\u0131z\u0131-x\u0259tt-Ahmad.jpg","width":800,"height":800,"caption":"\u00c7ay 500qr q\u0131rm\u0131z\u0131 x\u0259tt Ahmad"},{"@type":"BreadcrumbList","@id":"https:\/\/antaris.az\/m\u0259hsul\/cay-500qr-qirmizi-x%c9%99tt\/#breadcrumb","itemListElement":[{"@type":"ListItem","position":1,"name":"Home","item":"https:\/\/antaris.az\/"},{"@type":"ListItem","position":2,"name":"Ma\u011faza","item":"https:\/\/antaris.az\/ru\/shop\/"},{"@type":"ListItem","position":3,"name":"\u00c7ay 500qr QIRMIZI X\u018fTT Ahmad Tea"}]},{"@type":"WebSite","@id":"https:\/\/antaris.az\/#website","url":"https:\/\/antaris.az\/","name":"Antaris","description":"Ofis, ev, m\u0259kt\u0259b \u00fc\u00e7\u00fcn h\u0259r \u015fey","publisher":{"@id":"https:\/\/antaris.az\/#organization"},"potentialAction":[{"@type":"SearchAction","target":{"@type":"EntryPoint","urlTemplate":"https:\/\/antaris.az\/?s={search_term_string}"},"query-input":{"@type":"PropertyValueSpecification","valueRequired":true,"valueName":"search_term_string"}}],"inLanguage":"ru-RU"},{"@type":"Organization","@id":"https:\/\/antaris.az\/#organization","name":"\u0410\u043d\u0442\u0430\u0440\u0438\u0441 \u0417\u0410\u041e","url":"https:\/\/antaris.az\/","logo":{"@type":"ImageObject","inLanguage":"ru-RU","@id":"https:\/\/antaris.az\/#\/schema\/logo\/image\/","url":"https:\/\/antaris.az\/wp-content\/uploads\/2025\/03\/Antaris-logo.png","contentUrl":"https:\/\/antaris.az\/wp-content\/uploads\/2025\/03\/Antaris-logo.png","width":500,"height":500,"caption":"Antaris QSC"},"image":{"@id":"https:\/\/antaris.az\/#\/schema\/logo\/image\/"},"sameAs":["https:\/\/www.facebook.com\/antaris.az\/","https:\/\/www.instagram.com\/antaris.az\/"]}]}},"_links":{"self":[{"href":"https:\/\/antaris.az\/ru\/wp-json\/wp\/v2\/product\/6711","targetHints":{"allow":["GET"]}}],"collection":[{"href":"https:\/\/antaris.az\/ru\/wp-json\/wp\/v2\/product"}],"about":[{"href":"https:\/\/antaris.az\/ru\/wp-json\/wp\/v2\/types\/product"}],"version-history":[{"count":0,"href":"https:\/\/antaris.az\/ru\/wp-json\/wp\/v2\/product\/6711\/revisions"}],"wp:featuredmedia":[{"embeddable":true,"href":"https:\/\/antaris.az\/ru\/wp-json\/wp\/v2\/media\/6712"}],"wp:attachment":[{"href":"https:\/\/antaris.az\/ru\/wp-json\/wp\/v2\/media?parent=6711"}],"wp:term":[{"taxonomy":"product_brand","embeddable":true,"href":"https:\/\/antaris.az\/ru\/wp-json\/wp\/v2\/product_brand?post=6711"},{"taxonomy":"product_cat","embeddable":true,"href":"https:\/\/antaris.az\/ru\/wp-json\/wp\/v2\/product_cat?post=6711"},{"taxonomy":"product_tag","embeddable":true,"href":"https:\/\/antaris.az\/ru\/wp-json\/wp\/v2\/product_tag?post=6711"}],"curies":[{"name":"wp","href":"https:\/\/api.w.org\/{rel}","templated":true}]}}