{"id":6639,"date":"2020-04-27T15:31:12","date_gmt":"2020-04-27T12:31:12","guid":{"rendered":"http:\/\/www2.antaris.az\/?post_type=product&#038;p=6639"},"modified":"2024-11-26T17:04:07","modified_gmt":"2024-11-26T13:04:07","slug":"turk-q%c9%99hv%c9%99si-250qr","status":"publish","type":"product","link":"https:\/\/antaris.az\/ru\/m\u0259hsul\/turk-q%c9%99hv%c9%99si-250qr\/","title":{"rendered":"Q\u0259hv\u0259 250qr Kurukahveci Mehmet Efendi"},"content":{"rendered":"<p>T\u00fcrkl\u0259r t\u0259r\u0259find\u0259n k\u0259\u015ff edil\u0259n q\u0259hv\u0259 haz\u0131rlama v\u0259 bi\u015firm\u0259 \u00fcsulu olan T\u00fcrk Q\u0259hv\u0259si x\u00fcsusi bir dad\u0131, k\u00f6p\u00fcy\u00fc, qoxusu, bi\u015firilm\u0259si, qonaq edilm\u0259si v\u0259 \u00f6z\u00fcn\u0259m\u0259xsus bir \u0259n\u0259n\u0259si il\u0259 se\u00e7ilir. 1871-ci ild\u0259n b\u0259ri q\u0259hv\u0259 istehsal\u0131na bir s\u0259n\u0259t olaraq yax\u0131nla\u015fan Kurukahveci Mehmet Efendi, \u0259n\u0259n\u0259vi biliyi v\u0259 t\u0259cr\u00fcb\u0259si say\u0259sind\u0259 biz\u0259 q\u0259hv\u0259 l\u0259zz\u0259tini t\u0259qdim etm\u0259y\u0259 davam edir.<\/p>\n<p>&nbsp;<\/p>","protected":false},"excerpt":{"rendered":"<p>Ticar\u0259t markas\u0131: Kurukahveci Mehmet Efendi<br \/>\nN\u00f6v\u00fc: T\u00fcrk q\u0259hv\u0259si<br \/>\nM\u0259hsulun n\u00f6v\u00fc: \u00dcy\u00fcd\u00fclm\u00fc\u015f<br \/>\nQovrulma: T\u00fcnd<br \/>\n\u00c7\u0259ki: 250qr<\/p>","protected":false},"featured_media":6644,"template":"","meta":{"_joinchat":[]},"product_brand":[],"product_cat":[229],"product_tag":[],"class_list":{"0":"post-6639","1":"product","2":"type-product","3":"status-publish","4":"has-post-thumbnail","6":"product_cat-kofe","8":"first","9":"instock","10":"shipping-taxable","11":"purchasable","12":"product-type-simple"},"yoast_head":"<!-- This site is optimized with the Yoast SEO plugin v27.4 - https:\/\/yoast.com\/product\/yoast-seo-wordpress\/ -->\n<title>Q\u0259hv\u0259 250qr Kurukahveci Mehmet Efendi - Antaris<\/title>\n<meta name=\"robots\" content=\"index, follow, max-snippet:-1, max-image-preview:large, max-video-preview:-1\" \/>\n<link rel=\"canonical\" href=\"https:\/\/antaris.az\/ru\/m\u0259hsul\/turk-q\u0259hv\u0259si-250qr\/\" \/>\n<meta property=\"og:locale\" content=\"ru_RU\" \/>\n<meta property=\"og:type\" content=\"article\" \/>\n<meta property=\"og:title\" content=\"Q\u0259hv\u0259 250qr Kurukahveci Mehmet Efendi - Antaris\" \/>\n<meta property=\"og:description\" content=\"Ticar\u0259t markas\u0131: Kurukahveci Mehmet Efendi N\u00f6v\u00fc: T\u00fcrk q\u0259hv\u0259si M\u0259hsulun n\u00f6v\u00fc: \u00dcy\u00fcd\u00fclm\u00fc\u015f Qovrulma: T\u00fcnd \u00c7\u0259ki: 250qr\" \/>\n<meta property=\"og:url\" content=\"https:\/\/antaris.az\/ru\/m\u0259hsul\/turk-q\u0259hv\u0259si-250qr\/\" \/>\n<meta property=\"og:site_name\" content=\"Antaris\" \/>\n<meta property=\"article:publisher\" content=\"https:\/\/www.facebook.com\/antaris.az\/\" \/>\n<meta property=\"article:modified_time\" content=\"2024-11-26T13:04:07+00:00\" \/>\n<meta property=\"og:image\" content=\"https:\/\/antaris.az\/wp-content\/uploads\/2020\/04\/AN-00-00007685-T\u00fcrk-kofesi-250qr-Mehmedefendi.jpg\" \/>\n\t<meta property=\"og:image:width\" content=\"800\" \/>\n\t<meta property=\"og:image:height\" content=\"800\" \/>\n\t<meta property=\"og:image:type\" content=\"image\/jpeg\" \/>\n<script type=\"application\/ld+json\" class=\"yoast-schema-graph\">{\"@context\":\"https:\\\/\\\/schema.org\",\"@graph\":[{\"@type\":\"WebPage\",\"@id\":\"https:\\\/\\\/antaris.az\\\/m\u0259hsul\\\/turk-q%c9%99hv%c9%99si-250qr\\\/\",\"url\":\"https:\\\/\\\/antaris.az\\\/m\u0259hsul\\\/turk-q%c9%99hv%c9%99si-250qr\\\/\",\"name\":\"Q\u0259hv\u0259 250qr Kurukahveci Mehmet Efendi - Antaris\",\"isPartOf\":{\"@id\":\"https:\\\/\\\/antaris.az\\\/#website\"},\"primaryImageOfPage\":{\"@id\":\"https:\\\/\\\/antaris.az\\\/m\u0259hsul\\\/turk-q%c9%99hv%c9%99si-250qr\\\/#primaryimage\"},\"image\":{\"@id\":\"https:\\\/\\\/antaris.az\\\/m\u0259hsul\\\/turk-q%c9%99hv%c9%99si-250qr\\\/#primaryimage\"},\"thumbnailUrl\":\"https:\\\/\\\/antaris.az\\\/wp-content\\\/uploads\\\/2020\\\/04\\\/AN-00-00007685-T\u00fcrk-kofesi-250qr-Mehmedefendi.jpg\",\"datePublished\":\"2020-04-27T12:31:12+00:00\",\"dateModified\":\"2024-11-26T13:04:07+00:00\",\"breadcrumb\":{\"@id\":\"https:\\\/\\\/antaris.az\\\/m\u0259hsul\\\/turk-q%c9%99hv%c9%99si-250qr\\\/#breadcrumb\"},\"inLanguage\":\"ru-RU\",\"potentialAction\":[{\"@type\":\"ReadAction\",\"target\":[\"https:\\\/\\\/antaris.az\\\/m\u0259hsul\\\/turk-q%c9%99hv%c9%99si-250qr\\\/\"]}]},{\"@type\":\"ImageObject\",\"inLanguage\":\"ru-RU\",\"@id\":\"https:\\\/\\\/antaris.az\\\/m\u0259hsul\\\/turk-q%c9%99hv%c9%99si-250qr\\\/#primaryimage\",\"url\":\"https:\\\/\\\/antaris.az\\\/wp-content\\\/uploads\\\/2020\\\/04\\\/AN-00-00007685-T\u00fcrk-kofesi-250qr-Mehmedefendi.jpg\",\"contentUrl\":\"https:\\\/\\\/antaris.az\\\/wp-content\\\/uploads\\\/2020\\\/04\\\/AN-00-00007685-T\u00fcrk-kofesi-250qr-Mehmedefendi.jpg\",\"width\":800,\"height\":800,\"caption\":\"T\u00fcrk kofesi 250qr Mehmedefendi\"},{\"@type\":\"BreadcrumbList\",\"@id\":\"https:\\\/\\\/antaris.az\\\/m\u0259hsul\\\/turk-q%c9%99hv%c9%99si-250qr\\\/#breadcrumb\",\"itemListElement\":[{\"@type\":\"ListItem\",\"position\":1,\"name\":\"Home\",\"item\":\"https:\\\/\\\/antaris.az\\\/\"},{\"@type\":\"ListItem\",\"position\":2,\"name\":\"Ma\u011faza\",\"item\":\"https:\\\/\\\/antaris.az\\\/ru\\\/shop\\\/\"},{\"@type\":\"ListItem\",\"position\":3,\"name\":\"Q\u0259hv\u0259 250qr Kurukahveci Mehmet Efendi\"}]},{\"@type\":\"WebSite\",\"@id\":\"https:\\\/\\\/antaris.az\\\/#website\",\"url\":\"https:\\\/\\\/antaris.az\\\/\",\"name\":\"Antaris\",\"description\":\"Ofis, ev, m\u0259kt\u0259b \u00fc\u00e7\u00fcn h\u0259r \u015fey\",\"publisher\":{\"@id\":\"https:\\\/\\\/antaris.az\\\/#organization\"},\"potentialAction\":[{\"@type\":\"SearchAction\",\"target\":{\"@type\":\"EntryPoint\",\"urlTemplate\":\"https:\\\/\\\/antaris.az\\\/?s={search_term_string}\"},\"query-input\":{\"@type\":\"PropertyValueSpecification\",\"valueRequired\":true,\"valueName\":\"search_term_string\"}}],\"inLanguage\":\"ru-RU\"},{\"@type\":\"Organization\",\"@id\":\"https:\\\/\\\/antaris.az\\\/#organization\",\"name\":\"Antaris QSC\",\"url\":\"https:\\\/\\\/antaris.az\\\/\",\"logo\":{\"@type\":\"ImageObject\",\"inLanguage\":\"ru-RU\",\"@id\":\"https:\\\/\\\/antaris.az\\\/#\\\/schema\\\/logo\\\/image\\\/\",\"url\":\"https:\\\/\\\/antaris.az\\\/wp-content\\\/uploads\\\/2025\\\/03\\\/Antaris-logo.png\",\"contentUrl\":\"https:\\\/\\\/antaris.az\\\/wp-content\\\/uploads\\\/2025\\\/03\\\/Antaris-logo.png\",\"width\":500,\"height\":500,\"caption\":\"Antaris QSC\"},\"image\":{\"@id\":\"https:\\\/\\\/antaris.az\\\/#\\\/schema\\\/logo\\\/image\\\/\"},\"sameAs\":[\"https:\\\/\\\/www.facebook.com\\\/antaris.az\\\/\",\"https:\\\/\\\/www.instagram.com\\\/antaris.az\\\/\"]}]}<\/script>\n<!-- \/ Yoast SEO plugin. -->","yoast_head_json":{"title":"Q\u0259hv\u0259 250qr Kurukahveci Mehmet Efendi - Antaris","robots":{"index":"index","follow":"follow","max-snippet":"max-snippet:-1","max-image-preview":"max-image-preview:large","max-video-preview":"max-video-preview:-1"},"canonical":"https:\/\/antaris.az\/ru\/m\u0259hsul\/turk-q\u0259hv\u0259si-250qr\/","og_locale":"ru_RU","og_type":"article","og_title":"Q\u0259hv\u0259 250qr Kurukahveci Mehmet Efendi - Antaris","og_description":"Ticar\u0259t markas\u0131: Kurukahveci Mehmet Efendi N\u00f6v\u00fc: T\u00fcrk q\u0259hv\u0259si M\u0259hsulun n\u00f6v\u00fc: \u00dcy\u00fcd\u00fclm\u00fc\u015f Qovrulma: T\u00fcnd \u00c7\u0259ki: 250qr","og_url":"https:\/\/antaris.az\/ru\/m\u0259hsul\/turk-q\u0259hv\u0259si-250qr\/","og_site_name":"Antaris","article_publisher":"https:\/\/www.facebook.com\/antaris.az\/","article_modified_time":"2024-11-26T13:04:07+00:00","og_image":[{"width":800,"height":800,"url":"https:\/\/antaris.az\/wp-content\/uploads\/2020\/04\/AN-00-00007685-T\u00fcrk-kofesi-250qr-Mehmedefendi.jpg","type":"image\/jpeg"}],"schema":{"@context":"https:\/\/schema.org","@graph":[{"@type":"WebPage","@id":"https:\/\/antaris.az\/m\u0259hsul\/turk-q%c9%99hv%c9%99si-250qr\/","url":"https:\/\/antaris.az\/m\u0259hsul\/turk-q%c9%99hv%c9%99si-250qr\/","name":"Q\u0259hv\u0259 250qr Kurukahveci Mehmet Efendi - Antaris","isPartOf":{"@id":"https:\/\/antaris.az\/#website"},"primaryImageOfPage":{"@id":"https:\/\/antaris.az\/m\u0259hsul\/turk-q%c9%99hv%c9%99si-250qr\/#primaryimage"},"image":{"@id":"https:\/\/antaris.az\/m\u0259hsul\/turk-q%c9%99hv%c9%99si-250qr\/#primaryimage"},"thumbnailUrl":"https:\/\/antaris.az\/wp-content\/uploads\/2020\/04\/AN-00-00007685-T\u00fcrk-kofesi-250qr-Mehmedefendi.jpg","datePublished":"2020-04-27T12:31:12+00:00","dateModified":"2024-11-26T13:04:07+00:00","breadcrumb":{"@id":"https:\/\/antaris.az\/m\u0259hsul\/turk-q%c9%99hv%c9%99si-250qr\/#breadcrumb"},"inLanguage":"ru-RU","potentialAction":[{"@type":"ReadAction","target":["https:\/\/antaris.az\/m\u0259hsul\/turk-q%c9%99hv%c9%99si-250qr\/"]}]},{"@type":"ImageObject","inLanguage":"ru-RU","@id":"https:\/\/antaris.az\/m\u0259hsul\/turk-q%c9%99hv%c9%99si-250qr\/#primaryimage","url":"https:\/\/antaris.az\/wp-content\/uploads\/2020\/04\/AN-00-00007685-T\u00fcrk-kofesi-250qr-Mehmedefendi.jpg","contentUrl":"https:\/\/antaris.az\/wp-content\/uploads\/2020\/04\/AN-00-00007685-T\u00fcrk-kofesi-250qr-Mehmedefendi.jpg","width":800,"height":800,"caption":"T\u00fcrk kofesi 250qr Mehmedefendi"},{"@type":"BreadcrumbList","@id":"https:\/\/antaris.az\/m\u0259hsul\/turk-q%c9%99hv%c9%99si-250qr\/#breadcrumb","itemListElement":[{"@type":"ListItem","position":1,"name":"Home","item":"https:\/\/antaris.az\/"},{"@type":"ListItem","position":2,"name":"Ma\u011faza","item":"https:\/\/antaris.az\/ru\/shop\/"},{"@type":"ListItem","position":3,"name":"Q\u0259hv\u0259 250qr Kurukahveci Mehmet Efendi"}]},{"@type":"WebSite","@id":"https:\/\/antaris.az\/#website","url":"https:\/\/antaris.az\/","name":"Antaris","description":"Ofis, ev, m\u0259kt\u0259b \u00fc\u00e7\u00fcn h\u0259r \u015fey","publisher":{"@id":"https:\/\/antaris.az\/#organization"},"potentialAction":[{"@type":"SearchAction","target":{"@type":"EntryPoint","urlTemplate":"https:\/\/antaris.az\/?s={search_term_string}"},"query-input":{"@type":"PropertyValueSpecification","valueRequired":true,"valueName":"search_term_string"}}],"inLanguage":"ru-RU"},{"@type":"Organization","@id":"https:\/\/antaris.az\/#organization","name":"\u0410\u043d\u0442\u0430\u0440\u0438\u0441 \u0417\u0410\u041e","url":"https:\/\/antaris.az\/","logo":{"@type":"ImageObject","inLanguage":"ru-RU","@id":"https:\/\/antaris.az\/#\/schema\/logo\/image\/","url":"https:\/\/antaris.az\/wp-content\/uploads\/2025\/03\/Antaris-logo.png","contentUrl":"https:\/\/antaris.az\/wp-content\/uploads\/2025\/03\/Antaris-logo.png","width":500,"height":500,"caption":"Antaris QSC"},"image":{"@id":"https:\/\/antaris.az\/#\/schema\/logo\/image\/"},"sameAs":["https:\/\/www.facebook.com\/antaris.az\/","https:\/\/www.instagram.com\/antaris.az\/"]}]}},"_links":{"self":[{"href":"https:\/\/antaris.az\/ru\/wp-json\/wp\/v2\/product\/6639","targetHints":{"allow":["GET"]}}],"collection":[{"href":"https:\/\/antaris.az\/ru\/wp-json\/wp\/v2\/product"}],"about":[{"href":"https:\/\/antaris.az\/ru\/wp-json\/wp\/v2\/types\/product"}],"version-history":[{"count":0,"href":"https:\/\/antaris.az\/ru\/wp-json\/wp\/v2\/product\/6639\/revisions"}],"wp:featuredmedia":[{"embeddable":true,"href":"https:\/\/antaris.az\/ru\/wp-json\/wp\/v2\/media\/6644"}],"wp:attachment":[{"href":"https:\/\/antaris.az\/ru\/wp-json\/wp\/v2\/media?parent=6639"}],"wp:term":[{"taxonomy":"product_brand","embeddable":true,"href":"https:\/\/antaris.az\/ru\/wp-json\/wp\/v2\/product_brand?post=6639"},{"taxonomy":"product_cat","embeddable":true,"href":"https:\/\/antaris.az\/ru\/wp-json\/wp\/v2\/product_cat?post=6639"},{"taxonomy":"product_tag","embeddable":true,"href":"https:\/\/antaris.az\/ru\/wp-json\/wp\/v2\/product_tag?post=6639"}],"curies":[{"name":"wp","href":"https:\/\/api.w.org\/{rel}","templated":true}]}}