{"id":6634,"date":"2020-04-27T15:30:27","date_gmt":"2020-04-27T12:30:27","guid":{"rendered":"http:\/\/www2.antaris.az\/?post_type=product&#038;p=6634"},"modified":"2024-11-26T17:04:07","modified_gmt":"2024-11-26T13:04:07","slug":"cay-1x25-earl-grey-2","status":"publish","type":"product","link":"https:\/\/antaris.az\/ru\/m\u0259hsul\/cay-1x25-earl-grey-2\/","title":{"rendered":"\u00c7ay 1&#215;25 EARL GREY Beta Tea"},"content":{"rendered":"<p><span data-sheets-value=\"{&quot;1&quot;:2,&quot;2&quot;:&quot;Bergamotun inc\u0259 notlar\u0131 il\u0259 birlikd\u0259 m\u00f6ht\u0259\u015f\u0259m, n\u0259cib v\u0259 z\u0259rif bir dad hiss ed\u0259c\u0259ksiniz. Milyonlarla \u00e7ay sev\u0259rin diqq\u0259tini \u00e7\u0259k\u0259n dad v\u0259 \u0259tir, \u0259n yax\u015f\u0131 \u00e7ay s\u00fcfr\u0259si v\u0259 g\u00f6z\u0259l, isti bir atmosfer \u00fc\u00e7\u00fcn anlar yarad\u0131r.\\n\\n\\n\\nTicar\u0259t markas\u0131: Beta\\nM\u0259hsulun n\u00f6v\u00fc: paketli\\n\u00c7ay\u0131n n\u00f6v\u00fc: qara\\nPaketin n\u00f6v\u00fc: standart\\nQutudak\u0131 \u00e7ay paketl\u0259ri: 25 \u0259d.\\n\u00c7\u0259ki: 50 qr\\nQabla\u015fd\u0131rma n\u00f6v\u00fc: karton \\nSaxlanma m\u00fcdd\u0259ti: 24 ay\\n(v\u0259 ya R\u0259f \u00f6mr\u00fc)\\n&quot;}\" data-sheets-userformat=\"{&quot;2&quot;:11201,&quot;3&quot;:{&quot;1&quot;:0},&quot;9&quot;:0,&quot;10&quot;:0,&quot;11&quot;:4,&quot;12&quot;:0,&quot;14&quot;:{&quot;1&quot;:2,&quot;2&quot;:0},&quot;16&quot;:11}\">Bergamotun inc\u0259 notlar\u0131 il\u0259 birlikd\u0259 m\u00f6ht\u0259\u015f\u0259m, n\u0259cib v\u0259 z\u0259rif bir dad hiss ed\u0259c\u0259ksiniz. Milyonlarla \u00e7ay sev\u0259rin diqq\u0259tini \u00e7\u0259k\u0259n dad v\u0259 \u0259tir, \u0259n yax\u015f\u0131 \u00e7ay s\u00fcfr\u0259si v\u0259 g\u00f6z\u0259l, isti bir atmosfer \u00fc\u00e7\u00fcn anlar yarad\u0131r.<\/span><\/p>\n<p>&nbsp;<\/p>","protected":false},"excerpt":{"rendered":"<p><span data-sheets-value=\"{&quot;1&quot;:2,&quot;2&quot;:&quot;Bergamotun inc\u0259 notlar\u0131 il\u0259 birlikd\u0259 m\u00f6ht\u0259\u015f\u0259m, n\u0259cib v\u0259 z\u0259rif bir dad hiss ed\u0259c\u0259ksiniz. Milyonlarla \u00e7ay sev\u0259rin diqq\u0259tini \u00e7\u0259k\u0259n dad v\u0259 \u0259tir, \u0259n yax\u015f\u0131 \u00e7ay s\u00fcfr\u0259si v\u0259 g\u00f6z\u0259l, isti bir atmosfer \u00fc\u00e7\u00fcn anlar yarad\u0131r.\\n\\n\\n\\nTicar\u0259t markas\u0131: Beta\\nM\u0259hsulun n\u00f6v\u00fc: paketli\\n\u00c7ay\u0131n n\u00f6v\u00fc: qara\\nPaketin n\u00f6v\u00fc: standart\\nQutudak\u0131 \u00e7ay paketl\u0259ri: 25 \u0259d.\\n\u00c7\u0259ki: 50 qr\\nQabla\u015fd\u0131rma n\u00f6v\u00fc: karton \\nSaxlanma m\u00fcdd\u0259ti: 24 ay\\n(v\u0259 ya R\u0259f \u00f6mr\u00fc)\\n&quot;}\" data-sheets-userformat=\"{&quot;2&quot;:11201,&quot;3&quot;:{&quot;1&quot;:0},&quot;9&quot;:0,&quot;10&quot;:0,&quot;11&quot;:4,&quot;12&quot;:0,&quot;14&quot;:{&quot;1&quot;:2,&quot;2&quot;:0},&quot;16&quot;:11}\">Ticar\u0259t markas\u0131: Beta<br \/>\nM\u0259hsulun n\u00f6v\u00fc: paketli<br \/>\n\u00c7ay\u0131n n\u00f6v\u00fc: qara<br \/>\nPaketin n\u00f6v\u00fc: standart<br \/>\nQutudak\u0131 \u00e7ay paketl\u0259ri: 25 \u0259d.<br \/>\n\u00c7\u0259ki: 50 qr<br \/>\nQabla\u015fd\u0131rma n\u00f6v\u00fc: karton<br \/>\nSaxlanma m\u00fcdd\u0259ti: 24 ay<br \/>\n(v\u0259 ya R\u0259f \u00f6mr\u00fc)<\/span><\/p>","protected":false},"featured_media":6640,"template":"","meta":{"_joinchat":[]},"product_brand":[],"product_cat":[231],"product_tag":[],"class_list":{"0":"post-6634","1":"product","2":"type-product","3":"status-publish","4":"has-post-thumbnail","6":"product_cat-cay","8":"first","9":"instock","10":"shipping-taxable","11":"purchasable","12":"product-type-simple"},"yoast_head":"<!-- This site is optimized with the Yoast SEO plugin v27.4 - https:\/\/yoast.com\/product\/yoast-seo-wordpress\/ -->\n<title>\u00c7ay 1x25 EARL GREY Beta Tea - Antaris<\/title>\n<meta name=\"robots\" content=\"index, follow, max-snippet:-1, max-image-preview:large, max-video-preview:-1\" \/>\n<link rel=\"canonical\" href=\"https:\/\/antaris.az\/ru\/m\u0259hsul\/cay-1x25-earl-grey-2\/\" \/>\n<meta property=\"og:locale\" content=\"ru_RU\" \/>\n<meta property=\"og:type\" content=\"article\" \/>\n<meta property=\"og:title\" content=\"\u00c7ay 1x25 EARL GREY Beta Tea - Antaris\" \/>\n<meta property=\"og:description\" content=\"Ticar\u0259t markas\u0131: Beta M\u0259hsulun n\u00f6v\u00fc: paketli \u00c7ay\u0131n n\u00f6v\u00fc: qara Paketin n\u00f6v\u00fc: standart Qutudak\u0131 \u00e7ay paketl\u0259ri: 25 \u0259d. \u00c7\u0259ki: 50 qr Qabla\u015fd\u0131rma n\u00f6v\u00fc: karton Saxlanma m\u00fcdd\u0259ti: 24 ay (v\u0259 ya R\u0259f \u00f6mr\u00fc)\" \/>\n<meta property=\"og:url\" content=\"https:\/\/antaris.az\/ru\/m\u0259hsul\/cay-1x25-earl-grey-2\/\" \/>\n<meta property=\"og:site_name\" content=\"Antaris\" \/>\n<meta property=\"article:publisher\" content=\"https:\/\/www.facebook.com\/antaris.az\/\" \/>\n<meta property=\"article:modified_time\" content=\"2024-11-26T13:04:07+00:00\" \/>\n<meta property=\"og:image\" content=\"https:\/\/antaris.az\/wp-content\/uploads\/2020\/04\/AN-00-00000744-\u00c7ay-1x25-Earl-Grey-Beta.jpg\" \/>\n\t<meta property=\"og:image:width\" content=\"800\" \/>\n\t<meta property=\"og:image:height\" content=\"800\" \/>\n\t<meta property=\"og:image:type\" content=\"image\/jpeg\" \/>\n<script type=\"application\/ld+json\" class=\"yoast-schema-graph\">{\"@context\":\"https:\\\/\\\/schema.org\",\"@graph\":[{\"@type\":\"WebPage\",\"@id\":\"https:\\\/\\\/antaris.az\\\/m\u0259hsul\\\/cay-1x25-earl-grey-2\\\/\",\"url\":\"https:\\\/\\\/antaris.az\\\/m\u0259hsul\\\/cay-1x25-earl-grey-2\\\/\",\"name\":\"\u00c7ay 1x25 EARL GREY Beta Tea - Antaris\",\"isPartOf\":{\"@id\":\"https:\\\/\\\/antaris.az\\\/#website\"},\"primaryImageOfPage\":{\"@id\":\"https:\\\/\\\/antaris.az\\\/m\u0259hsul\\\/cay-1x25-earl-grey-2\\\/#primaryimage\"},\"image\":{\"@id\":\"https:\\\/\\\/antaris.az\\\/m\u0259hsul\\\/cay-1x25-earl-grey-2\\\/#primaryimage\"},\"thumbnailUrl\":\"https:\\\/\\\/antaris.az\\\/wp-content\\\/uploads\\\/2020\\\/04\\\/AN-00-00000744-\u00c7ay-1x25-Earl-Grey-Beta.jpg\",\"datePublished\":\"2020-04-27T12:30:27+00:00\",\"dateModified\":\"2024-11-26T13:04:07+00:00\",\"breadcrumb\":{\"@id\":\"https:\\\/\\\/antaris.az\\\/m\u0259hsul\\\/cay-1x25-earl-grey-2\\\/#breadcrumb\"},\"inLanguage\":\"ru-RU\",\"potentialAction\":[{\"@type\":\"ReadAction\",\"target\":[\"https:\\\/\\\/antaris.az\\\/m\u0259hsul\\\/cay-1x25-earl-grey-2\\\/\"]}]},{\"@type\":\"ImageObject\",\"inLanguage\":\"ru-RU\",\"@id\":\"https:\\\/\\\/antaris.az\\\/m\u0259hsul\\\/cay-1x25-earl-grey-2\\\/#primaryimage\",\"url\":\"https:\\\/\\\/antaris.az\\\/wp-content\\\/uploads\\\/2020\\\/04\\\/AN-00-00000744-\u00c7ay-1x25-Earl-Grey-Beta.jpg\",\"contentUrl\":\"https:\\\/\\\/antaris.az\\\/wp-content\\\/uploads\\\/2020\\\/04\\\/AN-00-00000744-\u00c7ay-1x25-Earl-Grey-Beta.jpg\",\"width\":800,\"height\":800,\"caption\":\"\u00c7ay 1x25 - Earl Grey Beta\"},{\"@type\":\"BreadcrumbList\",\"@id\":\"https:\\\/\\\/antaris.az\\\/m\u0259hsul\\\/cay-1x25-earl-grey-2\\\/#breadcrumb\",\"itemListElement\":[{\"@type\":\"ListItem\",\"position\":1,\"name\":\"Home\",\"item\":\"https:\\\/\\\/antaris.az\\\/\"},{\"@type\":\"ListItem\",\"position\":2,\"name\":\"Ma\u011faza\",\"item\":\"https:\\\/\\\/antaris.az\\\/ru\\\/shop\\\/\"},{\"@type\":\"ListItem\",\"position\":3,\"name\":\"\u00c7ay 1&#215;25 EARL GREY Beta Tea\"}]},{\"@type\":\"WebSite\",\"@id\":\"https:\\\/\\\/antaris.az\\\/#website\",\"url\":\"https:\\\/\\\/antaris.az\\\/\",\"name\":\"Antaris\",\"description\":\"Ofis, ev, m\u0259kt\u0259b \u00fc\u00e7\u00fcn h\u0259r \u015fey\",\"publisher\":{\"@id\":\"https:\\\/\\\/antaris.az\\\/#organization\"},\"potentialAction\":[{\"@type\":\"SearchAction\",\"target\":{\"@type\":\"EntryPoint\",\"urlTemplate\":\"https:\\\/\\\/antaris.az\\\/?s={search_term_string}\"},\"query-input\":{\"@type\":\"PropertyValueSpecification\",\"valueRequired\":true,\"valueName\":\"search_term_string\"}}],\"inLanguage\":\"ru-RU\"},{\"@type\":\"Organization\",\"@id\":\"https:\\\/\\\/antaris.az\\\/#organization\",\"name\":\"Antaris QSC\",\"url\":\"https:\\\/\\\/antaris.az\\\/\",\"logo\":{\"@type\":\"ImageObject\",\"inLanguage\":\"ru-RU\",\"@id\":\"https:\\\/\\\/antaris.az\\\/#\\\/schema\\\/logo\\\/image\\\/\",\"url\":\"https:\\\/\\\/antaris.az\\\/wp-content\\\/uploads\\\/2025\\\/03\\\/Antaris-logo.png\",\"contentUrl\":\"https:\\\/\\\/antaris.az\\\/wp-content\\\/uploads\\\/2025\\\/03\\\/Antaris-logo.png\",\"width\":500,\"height\":500,\"caption\":\"Antaris QSC\"},\"image\":{\"@id\":\"https:\\\/\\\/antaris.az\\\/#\\\/schema\\\/logo\\\/image\\\/\"},\"sameAs\":[\"https:\\\/\\\/www.facebook.com\\\/antaris.az\\\/\",\"https:\\\/\\\/www.instagram.com\\\/antaris.az\\\/\"]}]}<\/script>\n<!-- \/ Yoast SEO plugin. -->","yoast_head_json":{"title":"\u00c7ay 1x25 EARL GREY Beta Tea - Antaris","robots":{"index":"index","follow":"follow","max-snippet":"max-snippet:-1","max-image-preview":"max-image-preview:large","max-video-preview":"max-video-preview:-1"},"canonical":"https:\/\/antaris.az\/ru\/m\u0259hsul\/cay-1x25-earl-grey-2\/","og_locale":"ru_RU","og_type":"article","og_title":"\u00c7ay 1x25 EARL GREY Beta Tea - Antaris","og_description":"Ticar\u0259t markas\u0131: Beta M\u0259hsulun n\u00f6v\u00fc: paketli \u00c7ay\u0131n n\u00f6v\u00fc: qara Paketin n\u00f6v\u00fc: standart Qutudak\u0131 \u00e7ay paketl\u0259ri: 25 \u0259d. \u00c7\u0259ki: 50 qr Qabla\u015fd\u0131rma n\u00f6v\u00fc: karton Saxlanma m\u00fcdd\u0259ti: 24 ay (v\u0259 ya R\u0259f \u00f6mr\u00fc)","og_url":"https:\/\/antaris.az\/ru\/m\u0259hsul\/cay-1x25-earl-grey-2\/","og_site_name":"Antaris","article_publisher":"https:\/\/www.facebook.com\/antaris.az\/","article_modified_time":"2024-11-26T13:04:07+00:00","og_image":[{"width":800,"height":800,"url":"https:\/\/antaris.az\/wp-content\/uploads\/2020\/04\/AN-00-00000744-\u00c7ay-1x25-Earl-Grey-Beta.jpg","type":"image\/jpeg"}],"schema":{"@context":"https:\/\/schema.org","@graph":[{"@type":"WebPage","@id":"https:\/\/antaris.az\/m\u0259hsul\/cay-1x25-earl-grey-2\/","url":"https:\/\/antaris.az\/m\u0259hsul\/cay-1x25-earl-grey-2\/","name":"\u00c7ay 1x25 EARL GREY Beta Tea - Antaris","isPartOf":{"@id":"https:\/\/antaris.az\/#website"},"primaryImageOfPage":{"@id":"https:\/\/antaris.az\/m\u0259hsul\/cay-1x25-earl-grey-2\/#primaryimage"},"image":{"@id":"https:\/\/antaris.az\/m\u0259hsul\/cay-1x25-earl-grey-2\/#primaryimage"},"thumbnailUrl":"https:\/\/antaris.az\/wp-content\/uploads\/2020\/04\/AN-00-00000744-\u00c7ay-1x25-Earl-Grey-Beta.jpg","datePublished":"2020-04-27T12:30:27+00:00","dateModified":"2024-11-26T13:04:07+00:00","breadcrumb":{"@id":"https:\/\/antaris.az\/m\u0259hsul\/cay-1x25-earl-grey-2\/#breadcrumb"},"inLanguage":"ru-RU","potentialAction":[{"@type":"ReadAction","target":["https:\/\/antaris.az\/m\u0259hsul\/cay-1x25-earl-grey-2\/"]}]},{"@type":"ImageObject","inLanguage":"ru-RU","@id":"https:\/\/antaris.az\/m\u0259hsul\/cay-1x25-earl-grey-2\/#primaryimage","url":"https:\/\/antaris.az\/wp-content\/uploads\/2020\/04\/AN-00-00000744-\u00c7ay-1x25-Earl-Grey-Beta.jpg","contentUrl":"https:\/\/antaris.az\/wp-content\/uploads\/2020\/04\/AN-00-00000744-\u00c7ay-1x25-Earl-Grey-Beta.jpg","width":800,"height":800,"caption":"\u00c7ay 1x25 - Earl Grey Beta"},{"@type":"BreadcrumbList","@id":"https:\/\/antaris.az\/m\u0259hsul\/cay-1x25-earl-grey-2\/#breadcrumb","itemListElement":[{"@type":"ListItem","position":1,"name":"Home","item":"https:\/\/antaris.az\/"},{"@type":"ListItem","position":2,"name":"Ma\u011faza","item":"https:\/\/antaris.az\/ru\/shop\/"},{"@type":"ListItem","position":3,"name":"\u00c7ay 1&#215;25 EARL GREY Beta Tea"}]},{"@type":"WebSite","@id":"https:\/\/antaris.az\/#website","url":"https:\/\/antaris.az\/","name":"Antaris","description":"Ofis, ev, m\u0259kt\u0259b \u00fc\u00e7\u00fcn h\u0259r \u015fey","publisher":{"@id":"https:\/\/antaris.az\/#organization"},"potentialAction":[{"@type":"SearchAction","target":{"@type":"EntryPoint","urlTemplate":"https:\/\/antaris.az\/?s={search_term_string}"},"query-input":{"@type":"PropertyValueSpecification","valueRequired":true,"valueName":"search_term_string"}}],"inLanguage":"ru-RU"},{"@type":"Organization","@id":"https:\/\/antaris.az\/#organization","name":"\u0410\u043d\u0442\u0430\u0440\u0438\u0441 \u0417\u0410\u041e","url":"https:\/\/antaris.az\/","logo":{"@type":"ImageObject","inLanguage":"ru-RU","@id":"https:\/\/antaris.az\/#\/schema\/logo\/image\/","url":"https:\/\/antaris.az\/wp-content\/uploads\/2025\/03\/Antaris-logo.png","contentUrl":"https:\/\/antaris.az\/wp-content\/uploads\/2025\/03\/Antaris-logo.png","width":500,"height":500,"caption":"Antaris QSC"},"image":{"@id":"https:\/\/antaris.az\/#\/schema\/logo\/image\/"},"sameAs":["https:\/\/www.facebook.com\/antaris.az\/","https:\/\/www.instagram.com\/antaris.az\/"]}]}},"_links":{"self":[{"href":"https:\/\/antaris.az\/ru\/wp-json\/wp\/v2\/product\/6634","targetHints":{"allow":["GET"]}}],"collection":[{"href":"https:\/\/antaris.az\/ru\/wp-json\/wp\/v2\/product"}],"about":[{"href":"https:\/\/antaris.az\/ru\/wp-json\/wp\/v2\/types\/product"}],"version-history":[{"count":0,"href":"https:\/\/antaris.az\/ru\/wp-json\/wp\/v2\/product\/6634\/revisions"}],"wp:featuredmedia":[{"embeddable":true,"href":"https:\/\/antaris.az\/ru\/wp-json\/wp\/v2\/media\/6640"}],"wp:attachment":[{"href":"https:\/\/antaris.az\/ru\/wp-json\/wp\/v2\/media?parent=6634"}],"wp:term":[{"taxonomy":"product_brand","embeddable":true,"href":"https:\/\/antaris.az\/ru\/wp-json\/wp\/v2\/product_brand?post=6634"},{"taxonomy":"product_cat","embeddable":true,"href":"https:\/\/antaris.az\/ru\/wp-json\/wp\/v2\/product_cat?post=6634"},{"taxonomy":"product_tag","embeddable":true,"href":"https:\/\/antaris.az\/ru\/wp-json\/wp\/v2\/product_tag?post=6634"}],"curies":[{"name":"wp","href":"https:\/\/api.w.org\/{rel}","templated":true}]}}