{"id":66302,"date":"2021-11-25T16:37:52","date_gmt":"2021-11-25T13:37:52","guid":{"rendered":"http:\/\/www2.antaris.az\/?post_type=product&#038;p=66302"},"modified":"2024-11-26T16:12:03","modified_gmt":"2024-11-26T12:12:03","slug":"dispenser-kopuk-sabun-ucun-it-0639-grass","status":"publish","type":"product","link":"https:\/\/antaris.az\/ru\/m\u0259hsul\/dispenser-kopuk-sabun-ucun-it-0639-grass\/","title":{"rendered":"Dispenser k\u00f6p\u00fck sabun \u00fc\u00e7\u00fcn IT-0639 Grass"},"content":{"rendered":"<p>Sabun k\u00f6p\u00fcy\u00fc \u00fc\u00e7\u00fcn dispenser, z\u0259rb\u0259y\u0259<br \/>\ndavaml\u0131 ABS plastikd\u0259n haz\u0131rlanm\u0131\u015f,<br \/>\netibarl\u0131 v\u0259 q\u0259na\u0259tcildir. Orta v\u0259 b\u00f6y\u00fck<br \/>\nobyektl\u0259r \u00fc\u00e7\u00fcn n\u0259z\u0259rd\u0259 tutulmu\u015fdur.<\/p>\n<p>&nbsp;<\/p>","protected":false},"excerpt":{"rendered":"<p>N\u00f6v\u00fc: Kilidl\u0259\/ Divara b\u0259rkidil\u0259n\/ Mexanik sistem<br \/>\nMaterial: Plastik<br \/>\nR\u0259ngi: A\u011f<br \/>\nH\u0259cmi: 1 l<br \/>\nBir presin h\u0259cmi: 0,5 ml<br \/>\n\u00d6l\u00e7\u00fcl\u0259ri: 120x115x250 mm<br \/>\n\u00c7\u0259ki: 0.45kg<br \/>\n\u0130stehsal\u00e7\u0131 m\u0259hsul kodu: IT-0639<br \/>\nTicar\u0259t markalar\u0131: Grass<\/p>","protected":false},"featured_media":66303,"template":"","meta":{"_joinchat":[]},"product_brand":[],"product_cat":[225],"product_tag":[893,886,887],"class_list":{"0":"post-66302","1":"product","2":"type-product","3":"status-publish","4":"has-post-thumbnail","6":"product_cat-tmizlik-maddlr","7":"product_tag-sabun","8":"product_tag-tmizlyici","9":"product_tag-tmizlyici-madd","11":"first","12":"outofstock","13":"shipping-taxable","14":"purchasable","15":"product-type-simple"},"yoast_head":"<!-- This site is optimized with the Yoast SEO plugin v27.4 - https:\/\/yoast.com\/product\/yoast-seo-wordpress\/ -->\n<title>Dusenser sabun \u00fc\u00e7\u00fcn Grass Bak\u0131da almaq s\u0259rf\u0259li - Antaris<\/title>\n<meta name=\"robots\" content=\"index, follow, max-snippet:-1, max-image-preview:large, max-video-preview:-1\" \/>\n<link rel=\"canonical\" href=\"https:\/\/antaris.az\/ru\/m\u0259hsul\/dispenser-kopuk-sabun-ucun-it-0639-grass\/\" \/>\n<meta property=\"og:locale\" content=\"ru_RU\" \/>\n<meta property=\"og:type\" content=\"article\" \/>\n<meta property=\"og:title\" content=\"Dusenser sabun \u00fc\u00e7\u00fcn Grass Bak\u0131da almaq s\u0259rf\u0259li - Antaris\" \/>\n<meta property=\"og:description\" content=\"N\u00f6v\u00fc: Kilidl\u0259\/ Divara b\u0259rkidil\u0259n\/ Mexanik sistem Material: Plastik R\u0259ngi: A\u011f H\u0259cmi: 1 l Bir presin h\u0259cmi: 0,5 ml \u00d6l\u00e7\u00fcl\u0259ri: 120x115x250 mm \u00c7\u0259ki: 0.45kg \u0130stehsal\u00e7\u0131 m\u0259hsul kodu: IT-0639 Ticar\u0259t markalar\u0131: Grass\" \/>\n<meta property=\"og:url\" content=\"https:\/\/antaris.az\/ru\/m\u0259hsul\/dispenser-kopuk-sabun-ucun-it-0639-grass\/\" \/>\n<meta property=\"og:site_name\" content=\"Antaris\" \/>\n<meta property=\"article:publisher\" content=\"https:\/\/www.facebook.com\/antaris.az\/\" \/>\n<meta property=\"article:modified_time\" content=\"2024-11-26T12:12:03+00:00\" \/>\n<meta property=\"og:image\" content=\"https:\/\/antaris.az\/wp-content\/uploads\/2021\/11\/IT-0639-webp.webp\" \/>\n\t<meta property=\"og:image:width\" content=\"800\" \/>\n\t<meta property=\"og:image:height\" content=\"800\" \/>\n\t<meta property=\"og:image:type\" content=\"image\/webp\" \/>\n<script type=\"application\/ld+json\" class=\"yoast-schema-graph\">{\"@context\":\"https:\\\/\\\/schema.org\",\"@graph\":[{\"@type\":\"WebPage\",\"@id\":\"https:\\\/\\\/antaris.az\\\/ru\\\/m\u0259hsul\\\/dispenser-kopuk-sabun-ucun-it-0639-grass\\\/\",\"url\":\"https:\\\/\\\/antaris.az\\\/ru\\\/m\u0259hsul\\\/dispenser-kopuk-sabun-ucun-it-0639-grass\\\/\",\"name\":\"Dusenser sabun \u00fc\u00e7\u00fcn Grass Bak\u0131da almaq s\u0259rf\u0259li - Antaris\",\"isPartOf\":{\"@id\":\"https:\\\/\\\/antaris.az\\\/#website\"},\"primaryImageOfPage\":{\"@id\":\"https:\\\/\\\/antaris.az\\\/ru\\\/m\u0259hsul\\\/dispenser-kopuk-sabun-ucun-it-0639-grass\\\/#primaryimage\"},\"image\":{\"@id\":\"https:\\\/\\\/antaris.az\\\/ru\\\/m\u0259hsul\\\/dispenser-kopuk-sabun-ucun-it-0639-grass\\\/#primaryimage\"},\"thumbnailUrl\":\"https:\\\/\\\/antaris.az\\\/wp-content\\\/uploads\\\/2021\\\/11\\\/IT-0639-webp.webp\",\"datePublished\":\"2021-11-25T13:37:52+00:00\",\"dateModified\":\"2024-11-26T12:12:03+00:00\",\"breadcrumb\":{\"@id\":\"https:\\\/\\\/antaris.az\\\/ru\\\/m\u0259hsul\\\/dispenser-kopuk-sabun-ucun-it-0639-grass\\\/#breadcrumb\"},\"inLanguage\":\"ru-RU\",\"potentialAction\":[{\"@type\":\"ReadAction\",\"target\":[\"https:\\\/\\\/antaris.az\\\/ru\\\/m\u0259hsul\\\/dispenser-kopuk-sabun-ucun-it-0639-grass\\\/\"]}]},{\"@type\":\"ImageObject\",\"inLanguage\":\"ru-RU\",\"@id\":\"https:\\\/\\\/antaris.az\\\/ru\\\/m\u0259hsul\\\/dispenser-kopuk-sabun-ucun-it-0639-grass\\\/#primaryimage\",\"url\":\"https:\\\/\\\/antaris.az\\\/wp-content\\\/uploads\\\/2021\\\/11\\\/IT-0639-webp.webp\",\"contentUrl\":\"https:\\\/\\\/antaris.az\\\/wp-content\\\/uploads\\\/2021\\\/11\\\/IT-0639-webp.webp\",\"width\":800,\"height\":800},{\"@type\":\"BreadcrumbList\",\"@id\":\"https:\\\/\\\/antaris.az\\\/ru\\\/m\u0259hsul\\\/dispenser-kopuk-sabun-ucun-it-0639-grass\\\/#breadcrumb\",\"itemListElement\":[{\"@type\":\"ListItem\",\"position\":1,\"name\":\"Home\",\"item\":\"https:\\\/\\\/antaris.az\\\/\"},{\"@type\":\"ListItem\",\"position\":2,\"name\":\"Ma\u011faza\",\"item\":\"https:\\\/\\\/antaris.az\\\/ru\\\/shop\\\/\"},{\"@type\":\"ListItem\",\"position\":3,\"name\":\"Dispenser k\u00f6p\u00fck sabun \u00fc\u00e7\u00fcn IT-0639 Grass\"}]},{\"@type\":\"WebSite\",\"@id\":\"https:\\\/\\\/antaris.az\\\/#website\",\"url\":\"https:\\\/\\\/antaris.az\\\/\",\"name\":\"Antaris\",\"description\":\"Ofis, ev, m\u0259kt\u0259b \u00fc\u00e7\u00fcn h\u0259r \u015fey\",\"publisher\":{\"@id\":\"https:\\\/\\\/antaris.az\\\/#organization\"},\"potentialAction\":[{\"@type\":\"SearchAction\",\"target\":{\"@type\":\"EntryPoint\",\"urlTemplate\":\"https:\\\/\\\/antaris.az\\\/?s={search_term_string}\"},\"query-input\":{\"@type\":\"PropertyValueSpecification\",\"valueRequired\":true,\"valueName\":\"search_term_string\"}}],\"inLanguage\":\"ru-RU\"},{\"@type\":\"Organization\",\"@id\":\"https:\\\/\\\/antaris.az\\\/#organization\",\"name\":\"Antaris QSC\",\"url\":\"https:\\\/\\\/antaris.az\\\/\",\"logo\":{\"@type\":\"ImageObject\",\"inLanguage\":\"ru-RU\",\"@id\":\"https:\\\/\\\/antaris.az\\\/#\\\/schema\\\/logo\\\/image\\\/\",\"url\":\"https:\\\/\\\/antaris.az\\\/wp-content\\\/uploads\\\/2025\\\/03\\\/Antaris-logo.png\",\"contentUrl\":\"https:\\\/\\\/antaris.az\\\/wp-content\\\/uploads\\\/2025\\\/03\\\/Antaris-logo.png\",\"width\":500,\"height\":500,\"caption\":\"Antaris QSC\"},\"image\":{\"@id\":\"https:\\\/\\\/antaris.az\\\/#\\\/schema\\\/logo\\\/image\\\/\"},\"sameAs\":[\"https:\\\/\\\/www.facebook.com\\\/antaris.az\\\/\",\"https:\\\/\\\/www.instagram.com\\\/antaris.az\\\/\"]}]}<\/script>\n<!-- \/ Yoast SEO plugin. -->","yoast_head_json":{"title":"Dusenser sabun \u00fc\u00e7\u00fcn Grass Bak\u0131da almaq s\u0259rf\u0259li - Antaris","robots":{"index":"index","follow":"follow","max-snippet":"max-snippet:-1","max-image-preview":"max-image-preview:large","max-video-preview":"max-video-preview:-1"},"canonical":"https:\/\/antaris.az\/ru\/m\u0259hsul\/dispenser-kopuk-sabun-ucun-it-0639-grass\/","og_locale":"ru_RU","og_type":"article","og_title":"Dusenser sabun \u00fc\u00e7\u00fcn Grass Bak\u0131da almaq s\u0259rf\u0259li - Antaris","og_description":"N\u00f6v\u00fc: Kilidl\u0259\/ Divara b\u0259rkidil\u0259n\/ Mexanik sistem Material: Plastik R\u0259ngi: A\u011f H\u0259cmi: 1 l Bir presin h\u0259cmi: 0,5 ml \u00d6l\u00e7\u00fcl\u0259ri: 120x115x250 mm \u00c7\u0259ki: 0.45kg \u0130stehsal\u00e7\u0131 m\u0259hsul kodu: IT-0639 Ticar\u0259t markalar\u0131: Grass","og_url":"https:\/\/antaris.az\/ru\/m\u0259hsul\/dispenser-kopuk-sabun-ucun-it-0639-grass\/","og_site_name":"Antaris","article_publisher":"https:\/\/www.facebook.com\/antaris.az\/","article_modified_time":"2024-11-26T12:12:03+00:00","og_image":[{"width":800,"height":800,"url":"https:\/\/antaris.az\/wp-content\/uploads\/2021\/11\/IT-0639-webp.webp","type":"image\/webp"}],"schema":{"@context":"https:\/\/schema.org","@graph":[{"@type":"WebPage","@id":"https:\/\/antaris.az\/ru\/m\u0259hsul\/dispenser-kopuk-sabun-ucun-it-0639-grass\/","url":"https:\/\/antaris.az\/ru\/m\u0259hsul\/dispenser-kopuk-sabun-ucun-it-0639-grass\/","name":"Dusenser sabun \u00fc\u00e7\u00fcn Grass Bak\u0131da almaq s\u0259rf\u0259li - Antaris","isPartOf":{"@id":"https:\/\/antaris.az\/#website"},"primaryImageOfPage":{"@id":"https:\/\/antaris.az\/ru\/m\u0259hsul\/dispenser-kopuk-sabun-ucun-it-0639-grass\/#primaryimage"},"image":{"@id":"https:\/\/antaris.az\/ru\/m\u0259hsul\/dispenser-kopuk-sabun-ucun-it-0639-grass\/#primaryimage"},"thumbnailUrl":"https:\/\/antaris.az\/wp-content\/uploads\/2021\/11\/IT-0639-webp.webp","datePublished":"2021-11-25T13:37:52+00:00","dateModified":"2024-11-26T12:12:03+00:00","breadcrumb":{"@id":"https:\/\/antaris.az\/ru\/m\u0259hsul\/dispenser-kopuk-sabun-ucun-it-0639-grass\/#breadcrumb"},"inLanguage":"ru-RU","potentialAction":[{"@type":"ReadAction","target":["https:\/\/antaris.az\/ru\/m\u0259hsul\/dispenser-kopuk-sabun-ucun-it-0639-grass\/"]}]},{"@type":"ImageObject","inLanguage":"ru-RU","@id":"https:\/\/antaris.az\/ru\/m\u0259hsul\/dispenser-kopuk-sabun-ucun-it-0639-grass\/#primaryimage","url":"https:\/\/antaris.az\/wp-content\/uploads\/2021\/11\/IT-0639-webp.webp","contentUrl":"https:\/\/antaris.az\/wp-content\/uploads\/2021\/11\/IT-0639-webp.webp","width":800,"height":800},{"@type":"BreadcrumbList","@id":"https:\/\/antaris.az\/ru\/m\u0259hsul\/dispenser-kopuk-sabun-ucun-it-0639-grass\/#breadcrumb","itemListElement":[{"@type":"ListItem","position":1,"name":"Home","item":"https:\/\/antaris.az\/"},{"@type":"ListItem","position":2,"name":"Ma\u011faza","item":"https:\/\/antaris.az\/ru\/shop\/"},{"@type":"ListItem","position":3,"name":"Dispenser k\u00f6p\u00fck sabun \u00fc\u00e7\u00fcn IT-0639 Grass"}]},{"@type":"WebSite","@id":"https:\/\/antaris.az\/#website","url":"https:\/\/antaris.az\/","name":"Antaris","description":"Ofis, ev, m\u0259kt\u0259b \u00fc\u00e7\u00fcn h\u0259r \u015fey","publisher":{"@id":"https:\/\/antaris.az\/#organization"},"potentialAction":[{"@type":"SearchAction","target":{"@type":"EntryPoint","urlTemplate":"https:\/\/antaris.az\/?s={search_term_string}"},"query-input":{"@type":"PropertyValueSpecification","valueRequired":true,"valueName":"search_term_string"}}],"inLanguage":"ru-RU"},{"@type":"Organization","@id":"https:\/\/antaris.az\/#organization","name":"\u0410\u043d\u0442\u0430\u0440\u0438\u0441 \u0417\u0410\u041e","url":"https:\/\/antaris.az\/","logo":{"@type":"ImageObject","inLanguage":"ru-RU","@id":"https:\/\/antaris.az\/#\/schema\/logo\/image\/","url":"https:\/\/antaris.az\/wp-content\/uploads\/2025\/03\/Antaris-logo.png","contentUrl":"https:\/\/antaris.az\/wp-content\/uploads\/2025\/03\/Antaris-logo.png","width":500,"height":500,"caption":"Antaris QSC"},"image":{"@id":"https:\/\/antaris.az\/#\/schema\/logo\/image\/"},"sameAs":["https:\/\/www.facebook.com\/antaris.az\/","https:\/\/www.instagram.com\/antaris.az\/"]}]}},"_links":{"self":[{"href":"https:\/\/antaris.az\/ru\/wp-json\/wp\/v2\/product\/66302","targetHints":{"allow":["GET"]}}],"collection":[{"href":"https:\/\/antaris.az\/ru\/wp-json\/wp\/v2\/product"}],"about":[{"href":"https:\/\/antaris.az\/ru\/wp-json\/wp\/v2\/types\/product"}],"version-history":[{"count":0,"href":"https:\/\/antaris.az\/ru\/wp-json\/wp\/v2\/product\/66302\/revisions"}],"wp:featuredmedia":[{"embeddable":true,"href":"https:\/\/antaris.az\/ru\/wp-json\/wp\/v2\/media\/66303"}],"wp:attachment":[{"href":"https:\/\/antaris.az\/ru\/wp-json\/wp\/v2\/media?parent=66302"}],"wp:term":[{"taxonomy":"product_brand","embeddable":true,"href":"https:\/\/antaris.az\/ru\/wp-json\/wp\/v2\/product_brand?post=66302"},{"taxonomy":"product_cat","embeddable":true,"href":"https:\/\/antaris.az\/ru\/wp-json\/wp\/v2\/product_cat?post=66302"},{"taxonomy":"product_tag","embeddable":true,"href":"https:\/\/antaris.az\/ru\/wp-json\/wp\/v2\/product_tag?post=66302"}],"curies":[{"name":"wp","href":"https:\/\/api.w.org\/{rel}","templated":true}]}}