{"id":66280,"date":"2021-11-24T18:22:54","date_gmt":"2021-11-24T15:22:54","guid":{"rendered":"http:\/\/www2.antaris.az\/?post_type=product&#038;p=66280"},"modified":"2024-11-26T16:12:04","modified_gmt":"2024-11-26T12:12:04","slug":"t%c9%99mizsl%c9%99yici-vasit%c9%99-qril-v%c9%99-qizarma-avadanligi-ucun-125470-grill-grass","status":"publish","type":"product","link":"https:\/\/antaris.az\/ru\/m\u0259hsul\/t%c9%99mizsl%c9%99yici-vasit%c9%99-qril-v%c9%99-qizarma-avadanligi-ucun-125470-grill-grass\/","title":{"rendered":"T\u0259miz\u015fl\u0259yici vasit\u0259 qril v\u0259 q\u0131zarma avadanl\u0131\u011f\u0131 \u00fc\u00e7\u00fcn 125470 GRILL Grass"},"content":{"rendered":"<p>Kombi buxarlar\u0131n\u0131, sobalar\u0131, q\u0131zartma avadanl\u0131qlar\u0131n\u0131 v\u0259 qablar\u0131n\u0131, qida v\u0259 \u00fczvi \u00e7irkl\u0259ndiricil\u0259rd\u0259n<br \/>\nba\u015fl\u0131qlar\u0131 t\u0259mizl\u0259m\u0259k \u00fc\u00e7\u00fcn y\u00fcks\u0259k t\u0259sirli m\u0259hsuldur. Karbon \u00e7\u00f6k\u00fcnt\u00fcl\u0259ri, ya\u011f, his v\u0259<br \/>\nyand\u0131r\u0131lm\u0131\u015f qidalar\u0131n t\u0259mizl\u0259nm\u0259si \u00fc\u00e7\u00fcn n\u0259z\u0259rd\u0259 tutulmu\u015fdur. M\u0259hsul emal olunmu\u015f qazanlar,<br \/>\nxrom \u00f6rt\u00fckl\u00fc s\u0259thl\u0259r, \u015f\u00fc\u015f\u0259 qablar, paslanmayan polad, \u00e7uqun, saxs\u0131 qablar, \u00e7ini qablar\u0131n<br \/>\nt\u0259mizl\u0259nm\u0259si \u00fc\u00e7\u00fcn n\u0259z\u0259rd\u0259 tutulmu\u015fdur. Ya\u011f, karbon \u00e7\u00f6k\u00fcnt\u00fcl\u0259ri v\u0259 dig\u0259r \u00fczvi \u00e7irkl\u0259ri<br \/>\npar\u00e7alayan aktiv t\u0259mizl\u0259yici madd\u0259l\u0259ri \u00f6z\u00fcnd\u0259 birl\u0259\u015fdirir ki, bu da \u00e7ox s\u0259y g\u00f6st\u0259rm\u0259d\u0259n \u0259la<br \/>\nn\u0259tic\u0259y\u0259 z\u0259man\u0259t verir. Xo\u015fag\u0259lm\u0259z qoxular\u0131 aradan qald\u0131r\u0131r.<br \/>\n\u0130stifad\u0259 qaydalar\u0131 : 1.Kombi t\u0259mizl\u0259nm\u0259si \u00fc\u00e7\u00fcn : Mayeni daxild\u0259ki s\u0259th\u0259 \u0259lav\u0259 edin, buxarlanma<br \/>\nrejimini i\u015f\u0259 sal\u0131n v\u0259 5-15 d\u0259qiq\u0259 g\u00f6zl\u0259yin. Daha sonra s\u0259thi su il\u0259 yuyun.<br \/>\n2. Qril, plit\u0259 sobalar, m\u0259tb\u0259x avadanl\u0131qlar\u0131 v\u0259 s. q\u0131zartma cihazlar\u0131 \u00fc\u00e7\u00fcn istifad\u0259 olunur. Maye<br \/>\nsoyudulmu\u015f \u00e7irkli s\u0259th\u0259 \u0259lav\u0259 olunur v\u0259 3-5 d\u0259qiq\u0259 g\u00f6zl\u0259nilir.<br \/>\nT\u0259mizlik \u015fotkas\u0131 il\u0259 t\u0259mizl\u0259nir v\u0259 su il\u0259 yuyulur. G\u00fccl\u00fc \u00e7irkl\u0259nmi\u015f s\u0259thd\u0259 prosesi t\u0259krar edin v\u0259 g\u00f6zl\u0259m\u0259 m\u00fcdd\u0259tini art\u0131r\u0131n.<\/p>","protected":false},"excerpt":{"rendered":"<p>N\u00f6v\u00fc: Qril v\u0259 q\u0131zarma avadanl\u0131\u011f\u0131 \u00fc\u00e7\u00fcn<br \/>\nH\u0259cmi: 600ml<br \/>\n\u0130stehsal\u00e7\u0131 m\u0259hsul kodu: 125470<br \/>\nTicar\u0259t markalar\u0131: Grass<\/p>","protected":false},"featured_media":66281,"template":"","meta":{"_joinchat":[]},"product_brand":[],"product_cat":[405],"product_tag":[890,886,887],"class_list":{"0":"post-66280","1":"product","2":"type-product","3":"status-publish","4":"has-post-thumbnail","6":"product_cat-qab-yumaq-ucun-maye","7":"product_tag-mtbx-ucun","8":"product_tag-tmizlyici","9":"product_tag-tmizlyici-madd","11":"first","12":"outofstock","13":"shipping-taxable","14":"purchasable","15":"product-type-simple"},"yoast_head":"<!-- This site is optimized with the Yoast SEO plugin v27.4 - https:\/\/yoast.com\/product\/yoast-seo-wordpress\/ -->\n<title>T\u0259miz\u015fl\u0259yici vasit\u0259 qril v\u0259 q\u0131zarma avadanl\u0131\u011f\u0131 \u00fc\u00e7\u00fcn Bak\u0131da almaq - Antaris<\/title>\n<meta name=\"robots\" content=\"index, follow, max-snippet:-1, max-image-preview:large, max-video-preview:-1\" \/>\n<link rel=\"canonical\" href=\"https:\/\/antaris.az\/ru\/m\u0259hsul\/t\u0259mizsl\u0259yici-vasit\u0259-qril-v\u0259-qizarma-avadanligi-ucun-125470-grill-grass\/\" \/>\n<meta property=\"og:locale\" content=\"ru_RU\" \/>\n<meta property=\"og:type\" content=\"article\" \/>\n<meta property=\"og:title\" content=\"T\u0259miz\u015fl\u0259yici vasit\u0259 qril v\u0259 q\u0131zarma avadanl\u0131\u011f\u0131 \u00fc\u00e7\u00fcn Bak\u0131da almaq - Antaris\" \/>\n<meta property=\"og:description\" content=\"N\u00f6v\u00fc: Qril v\u0259 q\u0131zarma avadanl\u0131\u011f\u0131 \u00fc\u00e7\u00fcn H\u0259cmi: 600ml \u0130stehsal\u00e7\u0131 m\u0259hsul kodu: 125470 Ticar\u0259t markalar\u0131: Grass\" \/>\n<meta property=\"og:url\" content=\"https:\/\/antaris.az\/ru\/m\u0259hsul\/t\u0259mizsl\u0259yici-vasit\u0259-qril-v\u0259-qizarma-avadanligi-ucun-125470-grill-grass\/\" \/>\n<meta property=\"og:site_name\" content=\"Antaris\" \/>\n<meta property=\"article:publisher\" content=\"https:\/\/www.facebook.com\/antaris.az\/\" \/>\n<meta property=\"article:modified_time\" content=\"2024-11-26T12:12:04+00:00\" \/>\n<meta property=\"og:image\" content=\"https:\/\/antaris.az\/wp-content\/uploads\/2021\/11\/Grill-webp.webp\" \/>\n\t<meta property=\"og:image:width\" content=\"800\" \/>\n\t<meta property=\"og:image:height\" content=\"800\" \/>\n\t<meta property=\"og:image:type\" content=\"image\/webp\" \/>\n<script type=\"application\/ld+json\" class=\"yoast-schema-graph\">{\"@context\":\"https:\\\/\\\/schema.org\",\"@graph\":[{\"@type\":\"WebPage\",\"@id\":\"https:\\\/\\\/antaris.az\\\/ru\\\/m\u0259hsul\\\/t%c9%99mizsl%c9%99yici-vasit%c9%99-qril-v%c9%99-qizarma-avadanligi-ucun-125470-grill-grass\\\/\",\"url\":\"https:\\\/\\\/antaris.az\\\/ru\\\/m\u0259hsul\\\/t%c9%99mizsl%c9%99yici-vasit%c9%99-qril-v%c9%99-qizarma-avadanligi-ucun-125470-grill-grass\\\/\",\"name\":\"T\u0259miz\u015fl\u0259yici vasit\u0259 qril v\u0259 q\u0131zarma avadanl\u0131\u011f\u0131 \u00fc\u00e7\u00fcn Bak\u0131da almaq - Antaris\",\"isPartOf\":{\"@id\":\"https:\\\/\\\/antaris.az\\\/#website\"},\"primaryImageOfPage\":{\"@id\":\"https:\\\/\\\/antaris.az\\\/ru\\\/m\u0259hsul\\\/t%c9%99mizsl%c9%99yici-vasit%c9%99-qril-v%c9%99-qizarma-avadanligi-ucun-125470-grill-grass\\\/#primaryimage\"},\"image\":{\"@id\":\"https:\\\/\\\/antaris.az\\\/ru\\\/m\u0259hsul\\\/t%c9%99mizsl%c9%99yici-vasit%c9%99-qril-v%c9%99-qizarma-avadanligi-ucun-125470-grill-grass\\\/#primaryimage\"},\"thumbnailUrl\":\"https:\\\/\\\/antaris.az\\\/wp-content\\\/uploads\\\/2021\\\/11\\\/Grill-webp.webp\",\"datePublished\":\"2021-11-24T15:22:54+00:00\",\"dateModified\":\"2024-11-26T12:12:04+00:00\",\"breadcrumb\":{\"@id\":\"https:\\\/\\\/antaris.az\\\/ru\\\/m\u0259hsul\\\/t%c9%99mizsl%c9%99yici-vasit%c9%99-qril-v%c9%99-qizarma-avadanligi-ucun-125470-grill-grass\\\/#breadcrumb\"},\"inLanguage\":\"ru-RU\",\"potentialAction\":[{\"@type\":\"ReadAction\",\"target\":[\"https:\\\/\\\/antaris.az\\\/ru\\\/m\u0259hsul\\\/t%c9%99mizsl%c9%99yici-vasit%c9%99-qril-v%c9%99-qizarma-avadanligi-ucun-125470-grill-grass\\\/\"]}]},{\"@type\":\"ImageObject\",\"inLanguage\":\"ru-RU\",\"@id\":\"https:\\\/\\\/antaris.az\\\/ru\\\/m\u0259hsul\\\/t%c9%99mizsl%c9%99yici-vasit%c9%99-qril-v%c9%99-qizarma-avadanligi-ucun-125470-grill-grass\\\/#primaryimage\",\"url\":\"https:\\\/\\\/antaris.az\\\/wp-content\\\/uploads\\\/2021\\\/11\\\/Grill-webp.webp\",\"contentUrl\":\"https:\\\/\\\/antaris.az\\\/wp-content\\\/uploads\\\/2021\\\/11\\\/Grill-webp.webp\",\"width\":800,\"height\":800,\"caption\":\"t\u0259mizl\u0259tici vasit\u0259\"},{\"@type\":\"BreadcrumbList\",\"@id\":\"https:\\\/\\\/antaris.az\\\/ru\\\/m\u0259hsul\\\/t%c9%99mizsl%c9%99yici-vasit%c9%99-qril-v%c9%99-qizarma-avadanligi-ucun-125470-grill-grass\\\/#breadcrumb\",\"itemListElement\":[{\"@type\":\"ListItem\",\"position\":1,\"name\":\"Home\",\"item\":\"https:\\\/\\\/antaris.az\\\/\"},{\"@type\":\"ListItem\",\"position\":2,\"name\":\"Ma\u011faza\",\"item\":\"https:\\\/\\\/antaris.az\\\/ru\\\/shop\\\/\"},{\"@type\":\"ListItem\",\"position\":3,\"name\":\"T\u0259miz\u015fl\u0259yici vasit\u0259 qril v\u0259 q\u0131zarma avadanl\u0131\u011f\u0131 \u00fc\u00e7\u00fcn 125470 GRILL Grass\"}]},{\"@type\":\"WebSite\",\"@id\":\"https:\\\/\\\/antaris.az\\\/#website\",\"url\":\"https:\\\/\\\/antaris.az\\\/\",\"name\":\"Antaris\",\"description\":\"Ofis, ev, m\u0259kt\u0259b \u00fc\u00e7\u00fcn h\u0259r \u015fey\",\"publisher\":{\"@id\":\"https:\\\/\\\/antaris.az\\\/#organization\"},\"potentialAction\":[{\"@type\":\"SearchAction\",\"target\":{\"@type\":\"EntryPoint\",\"urlTemplate\":\"https:\\\/\\\/antaris.az\\\/?s={search_term_string}\"},\"query-input\":{\"@type\":\"PropertyValueSpecification\",\"valueRequired\":true,\"valueName\":\"search_term_string\"}}],\"inLanguage\":\"ru-RU\"},{\"@type\":\"Organization\",\"@id\":\"https:\\\/\\\/antaris.az\\\/#organization\",\"name\":\"Antaris QSC\",\"url\":\"https:\\\/\\\/antaris.az\\\/\",\"logo\":{\"@type\":\"ImageObject\",\"inLanguage\":\"ru-RU\",\"@id\":\"https:\\\/\\\/antaris.az\\\/#\\\/schema\\\/logo\\\/image\\\/\",\"url\":\"https:\\\/\\\/antaris.az\\\/wp-content\\\/uploads\\\/2025\\\/03\\\/Antaris-logo.png\",\"contentUrl\":\"https:\\\/\\\/antaris.az\\\/wp-content\\\/uploads\\\/2025\\\/03\\\/Antaris-logo.png\",\"width\":500,\"height\":500,\"caption\":\"Antaris QSC\"},\"image\":{\"@id\":\"https:\\\/\\\/antaris.az\\\/#\\\/schema\\\/logo\\\/image\\\/\"},\"sameAs\":[\"https:\\\/\\\/www.facebook.com\\\/antaris.az\\\/\",\"https:\\\/\\\/www.instagram.com\\\/antaris.az\\\/\"]}]}<\/script>\n<!-- \/ Yoast SEO plugin. -->","yoast_head_json":{"title":"T\u0259miz\u015fl\u0259yici vasit\u0259 qril v\u0259 q\u0131zarma avadanl\u0131\u011f\u0131 \u00fc\u00e7\u00fcn Bak\u0131da almaq - Antaris","robots":{"index":"index","follow":"follow","max-snippet":"max-snippet:-1","max-image-preview":"max-image-preview:large","max-video-preview":"max-video-preview:-1"},"canonical":"https:\/\/antaris.az\/ru\/m\u0259hsul\/t\u0259mizsl\u0259yici-vasit\u0259-qril-v\u0259-qizarma-avadanligi-ucun-125470-grill-grass\/","og_locale":"ru_RU","og_type":"article","og_title":"T\u0259miz\u015fl\u0259yici vasit\u0259 qril v\u0259 q\u0131zarma avadanl\u0131\u011f\u0131 \u00fc\u00e7\u00fcn Bak\u0131da almaq - Antaris","og_description":"N\u00f6v\u00fc: Qril v\u0259 q\u0131zarma avadanl\u0131\u011f\u0131 \u00fc\u00e7\u00fcn H\u0259cmi: 600ml \u0130stehsal\u00e7\u0131 m\u0259hsul kodu: 125470 Ticar\u0259t markalar\u0131: Grass","og_url":"https:\/\/antaris.az\/ru\/m\u0259hsul\/t\u0259mizsl\u0259yici-vasit\u0259-qril-v\u0259-qizarma-avadanligi-ucun-125470-grill-grass\/","og_site_name":"Antaris","article_publisher":"https:\/\/www.facebook.com\/antaris.az\/","article_modified_time":"2024-11-26T12:12:04+00:00","og_image":[{"width":800,"height":800,"url":"https:\/\/antaris.az\/wp-content\/uploads\/2021\/11\/Grill-webp.webp","type":"image\/webp"}],"schema":{"@context":"https:\/\/schema.org","@graph":[{"@type":"WebPage","@id":"https:\/\/antaris.az\/ru\/m\u0259hsul\/t%c9%99mizsl%c9%99yici-vasit%c9%99-qril-v%c9%99-qizarma-avadanligi-ucun-125470-grill-grass\/","url":"https:\/\/antaris.az\/ru\/m\u0259hsul\/t%c9%99mizsl%c9%99yici-vasit%c9%99-qril-v%c9%99-qizarma-avadanligi-ucun-125470-grill-grass\/","name":"T\u0259miz\u015fl\u0259yici vasit\u0259 qril v\u0259 q\u0131zarma avadanl\u0131\u011f\u0131 \u00fc\u00e7\u00fcn Bak\u0131da almaq - Antaris","isPartOf":{"@id":"https:\/\/antaris.az\/#website"},"primaryImageOfPage":{"@id":"https:\/\/antaris.az\/ru\/m\u0259hsul\/t%c9%99mizsl%c9%99yici-vasit%c9%99-qril-v%c9%99-qizarma-avadanligi-ucun-125470-grill-grass\/#primaryimage"},"image":{"@id":"https:\/\/antaris.az\/ru\/m\u0259hsul\/t%c9%99mizsl%c9%99yici-vasit%c9%99-qril-v%c9%99-qizarma-avadanligi-ucun-125470-grill-grass\/#primaryimage"},"thumbnailUrl":"https:\/\/antaris.az\/wp-content\/uploads\/2021\/11\/Grill-webp.webp","datePublished":"2021-11-24T15:22:54+00:00","dateModified":"2024-11-26T12:12:04+00:00","breadcrumb":{"@id":"https:\/\/antaris.az\/ru\/m\u0259hsul\/t%c9%99mizsl%c9%99yici-vasit%c9%99-qril-v%c9%99-qizarma-avadanligi-ucun-125470-grill-grass\/#breadcrumb"},"inLanguage":"ru-RU","potentialAction":[{"@type":"ReadAction","target":["https:\/\/antaris.az\/ru\/m\u0259hsul\/t%c9%99mizsl%c9%99yici-vasit%c9%99-qril-v%c9%99-qizarma-avadanligi-ucun-125470-grill-grass\/"]}]},{"@type":"ImageObject","inLanguage":"ru-RU","@id":"https:\/\/antaris.az\/ru\/m\u0259hsul\/t%c9%99mizsl%c9%99yici-vasit%c9%99-qril-v%c9%99-qizarma-avadanligi-ucun-125470-grill-grass\/#primaryimage","url":"https:\/\/antaris.az\/wp-content\/uploads\/2021\/11\/Grill-webp.webp","contentUrl":"https:\/\/antaris.az\/wp-content\/uploads\/2021\/11\/Grill-webp.webp","width":800,"height":800,"caption":"t\u0259mizl\u0259tici vasit\u0259"},{"@type":"BreadcrumbList","@id":"https:\/\/antaris.az\/ru\/m\u0259hsul\/t%c9%99mizsl%c9%99yici-vasit%c9%99-qril-v%c9%99-qizarma-avadanligi-ucun-125470-grill-grass\/#breadcrumb","itemListElement":[{"@type":"ListItem","position":1,"name":"Home","item":"https:\/\/antaris.az\/"},{"@type":"ListItem","position":2,"name":"Ma\u011faza","item":"https:\/\/antaris.az\/ru\/shop\/"},{"@type":"ListItem","position":3,"name":"T\u0259miz\u015fl\u0259yici vasit\u0259 qril v\u0259 q\u0131zarma avadanl\u0131\u011f\u0131 \u00fc\u00e7\u00fcn 125470 GRILL Grass"}]},{"@type":"WebSite","@id":"https:\/\/antaris.az\/#website","url":"https:\/\/antaris.az\/","name":"Antaris","description":"Ofis, ev, m\u0259kt\u0259b \u00fc\u00e7\u00fcn h\u0259r \u015fey","publisher":{"@id":"https:\/\/antaris.az\/#organization"},"potentialAction":[{"@type":"SearchAction","target":{"@type":"EntryPoint","urlTemplate":"https:\/\/antaris.az\/?s={search_term_string}"},"query-input":{"@type":"PropertyValueSpecification","valueRequired":true,"valueName":"search_term_string"}}],"inLanguage":"ru-RU"},{"@type":"Organization","@id":"https:\/\/antaris.az\/#organization","name":"\u0410\u043d\u0442\u0430\u0440\u0438\u0441 \u0417\u0410\u041e","url":"https:\/\/antaris.az\/","logo":{"@type":"ImageObject","inLanguage":"ru-RU","@id":"https:\/\/antaris.az\/#\/schema\/logo\/image\/","url":"https:\/\/antaris.az\/wp-content\/uploads\/2025\/03\/Antaris-logo.png","contentUrl":"https:\/\/antaris.az\/wp-content\/uploads\/2025\/03\/Antaris-logo.png","width":500,"height":500,"caption":"Antaris QSC"},"image":{"@id":"https:\/\/antaris.az\/#\/schema\/logo\/image\/"},"sameAs":["https:\/\/www.facebook.com\/antaris.az\/","https:\/\/www.instagram.com\/antaris.az\/"]}]}},"_links":{"self":[{"href":"https:\/\/antaris.az\/ru\/wp-json\/wp\/v2\/product\/66280","targetHints":{"allow":["GET"]}}],"collection":[{"href":"https:\/\/antaris.az\/ru\/wp-json\/wp\/v2\/product"}],"about":[{"href":"https:\/\/antaris.az\/ru\/wp-json\/wp\/v2\/types\/product"}],"version-history":[{"count":0,"href":"https:\/\/antaris.az\/ru\/wp-json\/wp\/v2\/product\/66280\/revisions"}],"wp:featuredmedia":[{"embeddable":true,"href":"https:\/\/antaris.az\/ru\/wp-json\/wp\/v2\/media\/66281"}],"wp:attachment":[{"href":"https:\/\/antaris.az\/ru\/wp-json\/wp\/v2\/media?parent=66280"}],"wp:term":[{"taxonomy":"product_brand","embeddable":true,"href":"https:\/\/antaris.az\/ru\/wp-json\/wp\/v2\/product_brand?post=66280"},{"taxonomy":"product_cat","embeddable":true,"href":"https:\/\/antaris.az\/ru\/wp-json\/wp\/v2\/product_cat?post=66280"},{"taxonomy":"product_tag","embeddable":true,"href":"https:\/\/antaris.az\/ru\/wp-json\/wp\/v2\/product_tag?post=66280"}],"curies":[{"name":"wp","href":"https:\/\/api.w.org\/{rel}","templated":true}]}}