{"id":66273,"date":"2021-11-24T17:56:57","date_gmt":"2021-11-24T14:56:57","guid":{"rendered":"http:\/\/www2.antaris.az\/?post_type=product&#038;p=66273"},"modified":"2024-11-26T16:12:04","modified_gmt":"2024-11-26T12:12:04","slug":"t%c9%99mizl%c9%99yici-vasit%c9%99-125569-digger-gel-grass","status":"publish","type":"product","link":"https:\/\/antaris.az\/ru\/m\u0259hsul\/t%c9%99mizl%c9%99yici-vasit%c9%99-125569-digger-gel-grass\/","title":{"rendered":"T\u0259mizl\u0259yici vasit\u0259 kanalizasiya v\u0259 boru \u00fc\u00e7\u00fcn 125569 DIGGER-GEL Grass"},"content":{"rendered":"<p>Kanalizasiya v\u0259 borular\u0131n \u00e7at\u0131lmas\u0131 \u00e7\u0259tin olan yerl\u0259rd\u0259 \u00fczvi t\u0131xanma v\u0259 dig\u0259r t\u0131xanmalar\u0131<br \/>\naradan qald\u0131rmaq \u00fc\u00e7\u00fcn y\u00fcks\u0259k t\u0259sirli vasit\u0259dir. Bakteriyalar\u0131 \u00f6ld\u00fcr\u00fcr v\u0259 xo\u015fag\u0259lm\u0259z<br \/>\nqoxular\u0131 aradan qald\u0131r\u0131r. H\u0259r n\u00f6v metal v\u0259 plastik borular \u00fc\u00e7\u00fcn ideald\u0131r. Sa\u00e7lar\u0131, qida<br \/>\nqal\u0131qlar\u0131n\u0131, ya\u011flar\u0131, z\u00fclallar\u0131 v\u0259 dig\u0259r \u00fczvi \u00e7\u00f6k\u00fcnt\u00fcl\u0259ri tez h\u0259ll edir. G\u00fccl\u00fc formulalar<br \/>\ndaha da t\u0259sirli t\u0131xanma n\u0259zar\u0259tin\u0259 imkan verir.<br \/>\n\u0130stifad\u0259 qaydas\u0131 : \u0130stifad\u0259d\u0259n \u00f6nc\u0259 silk\u0259l\u0259yin. 300-350 ml \u00e7irkl\u0259nmi\u015f sah\u0259y\u0259 \u0259lav\u0259<br \/>\nolunur v\u0259 5-10 d\u0259qiq\u0259 \u00e7irkli sah\u0259nin \u00fcz\u0259rind\u0259 saxlay\u0131n. Laz\u0131m g\u0259ldikd\u0259, t\u0259krar olunan<br \/>\nprosesd\u0259 sah\u0259 \u00fcz\u0259rind\u0259 saxlama m\u00fcdd\u0259tini 1-2 saat art\u0131ra bil\u0259rsiz. Y\u00fcks\u0259k d\u0259r\u0259c\u0259li isti<br \/>\nsu il\u0259 yuma\u011f\u0131n\u0131z m\u0259sl\u0259h\u0259tdir.<\/p>","protected":false},"excerpt":{"rendered":"<p>N\u00f6v\u00fc: Kanalizasiya v\u0259 boru \u00fc\u00e7\u00fcn<br \/>\nH\u0259cmi: 1 l<br \/>\n\u0130stehsal\u00e7\u0131 m\u0259hsul kodu: 125569<br \/>\nTicar\u0259t markalar\u0131: Grass<\/p>","protected":false},"featured_media":66274,"template":"","meta":{"_joinchat":[]},"product_brand":[],"product_cat":[225],"product_tag":[886,887],"class_list":{"0":"post-66273","1":"product","2":"type-product","3":"status-publish","4":"has-post-thumbnail","6":"product_cat-tmizlik-maddlr","7":"product_tag-tmizlyici","8":"product_tag-tmizlyici-madd","10":"first","11":"outofstock","12":"shipping-taxable","13":"purchasable","14":"product-type-simple"},"yoast_head":"<!-- This site is optimized with the Yoast SEO plugin v27.4 - https:\/\/yoast.com\/product\/yoast-seo-wordpress\/ -->\n<title>T\u0259miz\u0131\u0259yici vasit\u0259 kanalizasiya v\u0259 boru \u00fc\u00e7\u00fcn Bak\u0131da almaq s\u0259rf\u0259li - Antaris<\/title>\n<meta name=\"robots\" content=\"index, follow, max-snippet:-1, max-image-preview:large, max-video-preview:-1\" \/>\n<link rel=\"canonical\" href=\"https:\/\/antaris.az\/ru\/m\u0259hsul\/t\u0259mizl\u0259yici-vasit\u0259-125569-digger-gel-grass\/\" \/>\n<meta property=\"og:locale\" content=\"ru_RU\" \/>\n<meta property=\"og:type\" content=\"article\" \/>\n<meta property=\"og:title\" content=\"T\u0259miz\u0131\u0259yici vasit\u0259 kanalizasiya v\u0259 boru \u00fc\u00e7\u00fcn Bak\u0131da almaq s\u0259rf\u0259li - Antaris\" \/>\n<meta property=\"og:description\" content=\"N\u00f6v\u00fc: Kanalizasiya v\u0259 boru \u00fc\u00e7\u00fcn H\u0259cmi: 1 l \u0130stehsal\u00e7\u0131 m\u0259hsul kodu: 125569 Ticar\u0259t markalar\u0131: Grass\" \/>\n<meta property=\"og:url\" content=\"https:\/\/antaris.az\/ru\/m\u0259hsul\/t\u0259mizl\u0259yici-vasit\u0259-125569-digger-gel-grass\/\" \/>\n<meta property=\"og:site_name\" content=\"Antaris\" \/>\n<meta property=\"article:publisher\" content=\"https:\/\/www.facebook.com\/antaris.az\/\" \/>\n<meta property=\"article:modified_time\" content=\"2024-11-26T12:12:04+00:00\" \/>\n<meta property=\"og:image\" content=\"https:\/\/antaris.az\/wp-content\/uploads\/2021\/11\/Digger-gel-webp.webp\" \/>\n\t<meta property=\"og:image:width\" content=\"800\" \/>\n\t<meta property=\"og:image:height\" content=\"800\" \/>\n\t<meta property=\"og:image:type\" content=\"image\/webp\" \/>\n<script type=\"application\/ld+json\" class=\"yoast-schema-graph\">{\"@context\":\"https:\\\/\\\/schema.org\",\"@graph\":[{\"@type\":\"WebPage\",\"@id\":\"https:\\\/\\\/antaris.az\\\/m\u0259hsul\\\/t%c9%99mizl%c9%99yici-vasit%c9%99-125569-digger-gel-grass\\\/\",\"url\":\"https:\\\/\\\/antaris.az\\\/m\u0259hsul\\\/t%c9%99mizl%c9%99yici-vasit%c9%99-125569-digger-gel-grass\\\/\",\"name\":\"T\u0259miz\u0131\u0259yici vasit\u0259 kanalizasiya v\u0259 boru \u00fc\u00e7\u00fcn Bak\u0131da almaq s\u0259rf\u0259li - Antaris\",\"isPartOf\":{\"@id\":\"https:\\\/\\\/antaris.az\\\/#website\"},\"primaryImageOfPage\":{\"@id\":\"https:\\\/\\\/antaris.az\\\/m\u0259hsul\\\/t%c9%99mizl%c9%99yici-vasit%c9%99-125569-digger-gel-grass\\\/#primaryimage\"},\"image\":{\"@id\":\"https:\\\/\\\/antaris.az\\\/m\u0259hsul\\\/t%c9%99mizl%c9%99yici-vasit%c9%99-125569-digger-gel-grass\\\/#primaryimage\"},\"thumbnailUrl\":\"https:\\\/\\\/antaris.az\\\/wp-content\\\/uploads\\\/2021\\\/11\\\/Digger-gel-webp.webp\",\"datePublished\":\"2021-11-24T14:56:57+00:00\",\"dateModified\":\"2024-11-26T12:12:04+00:00\",\"breadcrumb\":{\"@id\":\"https:\\\/\\\/antaris.az\\\/m\u0259hsul\\\/t%c9%99mizl%c9%99yici-vasit%c9%99-125569-digger-gel-grass\\\/#breadcrumb\"},\"inLanguage\":\"ru-RU\",\"potentialAction\":[{\"@type\":\"ReadAction\",\"target\":[\"https:\\\/\\\/antaris.az\\\/m\u0259hsul\\\/t%c9%99mizl%c9%99yici-vasit%c9%99-125569-digger-gel-grass\\\/\"]}]},{\"@type\":\"ImageObject\",\"inLanguage\":\"ru-RU\",\"@id\":\"https:\\\/\\\/antaris.az\\\/m\u0259hsul\\\/t%c9%99mizl%c9%99yici-vasit%c9%99-125569-digger-gel-grass\\\/#primaryimage\",\"url\":\"https:\\\/\\\/antaris.az\\\/wp-content\\\/uploads\\\/2021\\\/11\\\/Digger-gel-webp.webp\",\"contentUrl\":\"https:\\\/\\\/antaris.az\\\/wp-content\\\/uploads\\\/2021\\\/11\\\/Digger-gel-webp.webp\",\"width\":800,\"height\":800,\"caption\":\"t\u0259mizl\u0259yici vasit\u0259\"},{\"@type\":\"BreadcrumbList\",\"@id\":\"https:\\\/\\\/antaris.az\\\/m\u0259hsul\\\/t%c9%99mizl%c9%99yici-vasit%c9%99-125569-digger-gel-grass\\\/#breadcrumb\",\"itemListElement\":[{\"@type\":\"ListItem\",\"position\":1,\"name\":\"Home\",\"item\":\"https:\\\/\\\/antaris.az\\\/\"},{\"@type\":\"ListItem\",\"position\":2,\"name\":\"Ma\u011faza\",\"item\":\"https:\\\/\\\/antaris.az\\\/ru\\\/shop\\\/\"},{\"@type\":\"ListItem\",\"position\":3,\"name\":\"T\u0259mizl\u0259yici vasit\u0259 kanalizasiya v\u0259 boru \u00fc\u00e7\u00fcn 125569 DIGGER-GEL Grass\"}]},{\"@type\":\"WebSite\",\"@id\":\"https:\\\/\\\/antaris.az\\\/#website\",\"url\":\"https:\\\/\\\/antaris.az\\\/\",\"name\":\"Antaris\",\"description\":\"Ofis, ev, m\u0259kt\u0259b \u00fc\u00e7\u00fcn h\u0259r \u015fey\",\"publisher\":{\"@id\":\"https:\\\/\\\/antaris.az\\\/#organization\"},\"potentialAction\":[{\"@type\":\"SearchAction\",\"target\":{\"@type\":\"EntryPoint\",\"urlTemplate\":\"https:\\\/\\\/antaris.az\\\/?s={search_term_string}\"},\"query-input\":{\"@type\":\"PropertyValueSpecification\",\"valueRequired\":true,\"valueName\":\"search_term_string\"}}],\"inLanguage\":\"ru-RU\"},{\"@type\":\"Organization\",\"@id\":\"https:\\\/\\\/antaris.az\\\/#organization\",\"name\":\"Antaris QSC\",\"url\":\"https:\\\/\\\/antaris.az\\\/\",\"logo\":{\"@type\":\"ImageObject\",\"inLanguage\":\"ru-RU\",\"@id\":\"https:\\\/\\\/antaris.az\\\/#\\\/schema\\\/logo\\\/image\\\/\",\"url\":\"https:\\\/\\\/antaris.az\\\/wp-content\\\/uploads\\\/2025\\\/03\\\/Antaris-logo.png\",\"contentUrl\":\"https:\\\/\\\/antaris.az\\\/wp-content\\\/uploads\\\/2025\\\/03\\\/Antaris-logo.png\",\"width\":500,\"height\":500,\"caption\":\"Antaris QSC\"},\"image\":{\"@id\":\"https:\\\/\\\/antaris.az\\\/#\\\/schema\\\/logo\\\/image\\\/\"},\"sameAs\":[\"https:\\\/\\\/www.facebook.com\\\/antaris.az\\\/\",\"https:\\\/\\\/www.instagram.com\\\/antaris.az\\\/\"]}]}<\/script>\n<!-- \/ Yoast SEO plugin. -->","yoast_head_json":{"title":"T\u0259miz\u0131\u0259yici vasit\u0259 kanalizasiya v\u0259 boru \u00fc\u00e7\u00fcn Bak\u0131da almaq s\u0259rf\u0259li - Antaris","robots":{"index":"index","follow":"follow","max-snippet":"max-snippet:-1","max-image-preview":"max-image-preview:large","max-video-preview":"max-video-preview:-1"},"canonical":"https:\/\/antaris.az\/ru\/m\u0259hsul\/t\u0259mizl\u0259yici-vasit\u0259-125569-digger-gel-grass\/","og_locale":"ru_RU","og_type":"article","og_title":"T\u0259miz\u0131\u0259yici vasit\u0259 kanalizasiya v\u0259 boru \u00fc\u00e7\u00fcn Bak\u0131da almaq s\u0259rf\u0259li - Antaris","og_description":"N\u00f6v\u00fc: Kanalizasiya v\u0259 boru \u00fc\u00e7\u00fcn H\u0259cmi: 1 l \u0130stehsal\u00e7\u0131 m\u0259hsul kodu: 125569 Ticar\u0259t markalar\u0131: Grass","og_url":"https:\/\/antaris.az\/ru\/m\u0259hsul\/t\u0259mizl\u0259yici-vasit\u0259-125569-digger-gel-grass\/","og_site_name":"Antaris","article_publisher":"https:\/\/www.facebook.com\/antaris.az\/","article_modified_time":"2024-11-26T12:12:04+00:00","og_image":[{"width":800,"height":800,"url":"https:\/\/antaris.az\/wp-content\/uploads\/2021\/11\/Digger-gel-webp.webp","type":"image\/webp"}],"schema":{"@context":"https:\/\/schema.org","@graph":[{"@type":"WebPage","@id":"https:\/\/antaris.az\/m\u0259hsul\/t%c9%99mizl%c9%99yici-vasit%c9%99-125569-digger-gel-grass\/","url":"https:\/\/antaris.az\/m\u0259hsul\/t%c9%99mizl%c9%99yici-vasit%c9%99-125569-digger-gel-grass\/","name":"T\u0259miz\u0131\u0259yici vasit\u0259 kanalizasiya v\u0259 boru \u00fc\u00e7\u00fcn Bak\u0131da almaq s\u0259rf\u0259li - Antaris","isPartOf":{"@id":"https:\/\/antaris.az\/#website"},"primaryImageOfPage":{"@id":"https:\/\/antaris.az\/m\u0259hsul\/t%c9%99mizl%c9%99yici-vasit%c9%99-125569-digger-gel-grass\/#primaryimage"},"image":{"@id":"https:\/\/antaris.az\/m\u0259hsul\/t%c9%99mizl%c9%99yici-vasit%c9%99-125569-digger-gel-grass\/#primaryimage"},"thumbnailUrl":"https:\/\/antaris.az\/wp-content\/uploads\/2021\/11\/Digger-gel-webp.webp","datePublished":"2021-11-24T14:56:57+00:00","dateModified":"2024-11-26T12:12:04+00:00","breadcrumb":{"@id":"https:\/\/antaris.az\/m\u0259hsul\/t%c9%99mizl%c9%99yici-vasit%c9%99-125569-digger-gel-grass\/#breadcrumb"},"inLanguage":"ru-RU","potentialAction":[{"@type":"ReadAction","target":["https:\/\/antaris.az\/m\u0259hsul\/t%c9%99mizl%c9%99yici-vasit%c9%99-125569-digger-gel-grass\/"]}]},{"@type":"ImageObject","inLanguage":"ru-RU","@id":"https:\/\/antaris.az\/m\u0259hsul\/t%c9%99mizl%c9%99yici-vasit%c9%99-125569-digger-gel-grass\/#primaryimage","url":"https:\/\/antaris.az\/wp-content\/uploads\/2021\/11\/Digger-gel-webp.webp","contentUrl":"https:\/\/antaris.az\/wp-content\/uploads\/2021\/11\/Digger-gel-webp.webp","width":800,"height":800,"caption":"t\u0259mizl\u0259yici vasit\u0259"},{"@type":"BreadcrumbList","@id":"https:\/\/antaris.az\/m\u0259hsul\/t%c9%99mizl%c9%99yici-vasit%c9%99-125569-digger-gel-grass\/#breadcrumb","itemListElement":[{"@type":"ListItem","position":1,"name":"Home","item":"https:\/\/antaris.az\/"},{"@type":"ListItem","position":2,"name":"Ma\u011faza","item":"https:\/\/antaris.az\/ru\/shop\/"},{"@type":"ListItem","position":3,"name":"T\u0259mizl\u0259yici vasit\u0259 kanalizasiya v\u0259 boru \u00fc\u00e7\u00fcn 125569 DIGGER-GEL Grass"}]},{"@type":"WebSite","@id":"https:\/\/antaris.az\/#website","url":"https:\/\/antaris.az\/","name":"Antaris","description":"Ofis, ev, m\u0259kt\u0259b \u00fc\u00e7\u00fcn h\u0259r \u015fey","publisher":{"@id":"https:\/\/antaris.az\/#organization"},"potentialAction":[{"@type":"SearchAction","target":{"@type":"EntryPoint","urlTemplate":"https:\/\/antaris.az\/?s={search_term_string}"},"query-input":{"@type":"PropertyValueSpecification","valueRequired":true,"valueName":"search_term_string"}}],"inLanguage":"ru-RU"},{"@type":"Organization","@id":"https:\/\/antaris.az\/#organization","name":"\u0410\u043d\u0442\u0430\u0440\u0438\u0441 \u0417\u0410\u041e","url":"https:\/\/antaris.az\/","logo":{"@type":"ImageObject","inLanguage":"ru-RU","@id":"https:\/\/antaris.az\/#\/schema\/logo\/image\/","url":"https:\/\/antaris.az\/wp-content\/uploads\/2025\/03\/Antaris-logo.png","contentUrl":"https:\/\/antaris.az\/wp-content\/uploads\/2025\/03\/Antaris-logo.png","width":500,"height":500,"caption":"Antaris QSC"},"image":{"@id":"https:\/\/antaris.az\/#\/schema\/logo\/image\/"},"sameAs":["https:\/\/www.facebook.com\/antaris.az\/","https:\/\/www.instagram.com\/antaris.az\/"]}]}},"_links":{"self":[{"href":"https:\/\/antaris.az\/ru\/wp-json\/wp\/v2\/product\/66273","targetHints":{"allow":["GET"]}}],"collection":[{"href":"https:\/\/antaris.az\/ru\/wp-json\/wp\/v2\/product"}],"about":[{"href":"https:\/\/antaris.az\/ru\/wp-json\/wp\/v2\/types\/product"}],"version-history":[{"count":0,"href":"https:\/\/antaris.az\/ru\/wp-json\/wp\/v2\/product\/66273\/revisions"}],"wp:featuredmedia":[{"embeddable":true,"href":"https:\/\/antaris.az\/ru\/wp-json\/wp\/v2\/media\/66274"}],"wp:attachment":[{"href":"https:\/\/antaris.az\/ru\/wp-json\/wp\/v2\/media?parent=66273"}],"wp:term":[{"taxonomy":"product_brand","embeddable":true,"href":"https:\/\/antaris.az\/ru\/wp-json\/wp\/v2\/product_brand?post=66273"},{"taxonomy":"product_cat","embeddable":true,"href":"https:\/\/antaris.az\/ru\/wp-json\/wp\/v2\/product_cat?post=66273"},{"taxonomy":"product_tag","embeddable":true,"href":"https:\/\/antaris.az\/ru\/wp-json\/wp\/v2\/product_tag?post=66273"}],"curies":[{"name":"wp","href":"https:\/\/api.w.org\/{rel}","templated":true}]}}