{"id":6613,"date":"2020-04-27T15:24:36","date_gmt":"2020-04-27T12:24:36","guid":{"rendered":"http:\/\/www2.antaris.az\/?post_type=product&#038;p=6613"},"modified":"2026-04-03T10:01:31","modified_gmt":"2026-04-03T06:01:31","slug":"q%c9%99hv%c9%99-1kq-chernaya","status":"publish","type":"product","link":"https:\/\/antaris.az\/ru\/m\u0259hsul\/q%c9%99hv%c9%99-1kq-chernaya\/","title":{"rendered":"Q\u0259hv\u0259 1kq Chernaya Karta"},"content":{"rendered":"<p>Bu ekoloji c\u0259h\u0259td\u0259n t\u0259miz, plantasiyalardan toplanm\u0131\u015f v\u0259 y\u00fcks\u0259k ixtisasl\u0131 m\u00fct\u0259x\u0259ssisl\u0259r t\u0259r\u0259find\u0259n qovrulmu\u015f bir q\u0259hv\u0259dir. G\u00fcn\u0259 ba\u015flamaq \u00fc\u00e7\u00fcn ideal se\u00e7imdir.<\/p>\n<p>&nbsp;<\/p>","protected":false},"excerpt":{"rendered":"<p>Ticar\u0259t markas\u0131: Chernaya Karta<br \/>\nM\u0259hsulun n\u00f6v\u00fc: D\u0259nli<br \/>\nT\u0259rkib: 100% q\u0259hv\u0259<br \/>\nBi\u015fm\u0259 d\u0259r\u0259c\u0259si: Orta<br \/>\n\u00c7\u0259ki: 1000 qr<br \/>\nQabla\u015fd\u0131rma n\u00f6v\u00fc: vakuum paket<\/p>","protected":false},"featured_media":6621,"template":"","meta":{"_joinchat":[]},"product_brand":[],"product_cat":[229],"product_tag":[],"class_list":{"0":"post-6613","1":"product","2":"type-product","3":"status-publish","4":"has-post-thumbnail","6":"product_cat-kofe","8":"first","9":"instock","10":"shipping-taxable","11":"purchasable","12":"product-type-simple"},"yoast_head":"<!-- This site is optimized with the Yoast SEO plugin v27.4 - https:\/\/yoast.com\/product\/yoast-seo-wordpress\/ -->\n<title>Q\u0259hv\u0259 1kq Chernaya Karta - Antaris<\/title>\n<meta name=\"robots\" content=\"index, follow, max-snippet:-1, max-image-preview:large, max-video-preview:-1\" \/>\n<link rel=\"canonical\" href=\"https:\/\/antaris.az\/ru\/m\u0259hsul\/q\u0259hv\u0259-1kq-chernaya\/\" \/>\n<meta property=\"og:locale\" content=\"ru_RU\" \/>\n<meta property=\"og:type\" content=\"article\" \/>\n<meta property=\"og:title\" content=\"Q\u0259hv\u0259 1kq Chernaya Karta - Antaris\" \/>\n<meta property=\"og:description\" content=\"Ticar\u0259t markas\u0131: Chernaya Karta M\u0259hsulun n\u00f6v\u00fc: D\u0259nli T\u0259rkib: 100% q\u0259hv\u0259 Bi\u015fm\u0259 d\u0259r\u0259c\u0259si: Orta \u00c7\u0259ki: 1000 qr Qabla\u015fd\u0131rma n\u00f6v\u00fc: vakuum paket\" \/>\n<meta property=\"og:url\" content=\"https:\/\/antaris.az\/ru\/m\u0259hsul\/q\u0259hv\u0259-1kq-chernaya\/\" \/>\n<meta property=\"og:site_name\" content=\"Antaris\" \/>\n<meta property=\"article:publisher\" content=\"https:\/\/www.facebook.com\/antaris.az\/\" \/>\n<meta property=\"article:modified_time\" content=\"2026-04-03T06:01:31+00:00\" \/>\n<meta property=\"og:image\" content=\"https:\/\/antaris.az\/wp-content\/uploads\/2020\/04\/AN-00-00010582-Kofe-1kq-Chernaya-Karta.jpg\" \/>\n\t<meta property=\"og:image:width\" content=\"800\" \/>\n\t<meta property=\"og:image:height\" content=\"800\" \/>\n\t<meta property=\"og:image:type\" content=\"image\/jpeg\" \/>\n<script type=\"application\/ld+json\" class=\"yoast-schema-graph\">{\"@context\":\"https:\\\/\\\/schema.org\",\"@graph\":[{\"@type\":\"WebPage\",\"@id\":\"https:\\\/\\\/antaris.az\\\/m\u0259hsul\\\/q%c9%99hv%c9%99-1kq-chernaya\\\/\",\"url\":\"https:\\\/\\\/antaris.az\\\/m\u0259hsul\\\/q%c9%99hv%c9%99-1kq-chernaya\\\/\",\"name\":\"Q\u0259hv\u0259 1kq Chernaya Karta - Antaris\",\"isPartOf\":{\"@id\":\"https:\\\/\\\/antaris.az\\\/#website\"},\"primaryImageOfPage\":{\"@id\":\"https:\\\/\\\/antaris.az\\\/m\u0259hsul\\\/q%c9%99hv%c9%99-1kq-chernaya\\\/#primaryimage\"},\"image\":{\"@id\":\"https:\\\/\\\/antaris.az\\\/m\u0259hsul\\\/q%c9%99hv%c9%99-1kq-chernaya\\\/#primaryimage\"},\"thumbnailUrl\":\"https:\\\/\\\/antaris.az\\\/wp-content\\\/uploads\\\/2020\\\/04\\\/AN-00-00010582-Kofe-1kq-Chernaya-Karta.jpg\",\"datePublished\":\"2020-04-27T12:24:36+00:00\",\"dateModified\":\"2026-04-03T06:01:31+00:00\",\"breadcrumb\":{\"@id\":\"https:\\\/\\\/antaris.az\\\/m\u0259hsul\\\/q%c9%99hv%c9%99-1kq-chernaya\\\/#breadcrumb\"},\"inLanguage\":\"ru-RU\",\"potentialAction\":[{\"@type\":\"ReadAction\",\"target\":[\"https:\\\/\\\/antaris.az\\\/m\u0259hsul\\\/q%c9%99hv%c9%99-1kq-chernaya\\\/\"]}]},{\"@type\":\"ImageObject\",\"inLanguage\":\"ru-RU\",\"@id\":\"https:\\\/\\\/antaris.az\\\/m\u0259hsul\\\/q%c9%99hv%c9%99-1kq-chernaya\\\/#primaryimage\",\"url\":\"https:\\\/\\\/antaris.az\\\/wp-content\\\/uploads\\\/2020\\\/04\\\/AN-00-00010582-Kofe-1kq-Chernaya-Karta.jpg\",\"contentUrl\":\"https:\\\/\\\/antaris.az\\\/wp-content\\\/uploads\\\/2020\\\/04\\\/AN-00-00010582-Kofe-1kq-Chernaya-Karta.jpg\",\"width\":800,\"height\":800,\"caption\":\"Kofe 1kq - Chernaya Karta\"},{\"@type\":\"BreadcrumbList\",\"@id\":\"https:\\\/\\\/antaris.az\\\/m\u0259hsul\\\/q%c9%99hv%c9%99-1kq-chernaya\\\/#breadcrumb\",\"itemListElement\":[{\"@type\":\"ListItem\",\"position\":1,\"name\":\"Home\",\"item\":\"https:\\\/\\\/antaris.az\\\/\"},{\"@type\":\"ListItem\",\"position\":2,\"name\":\"Ma\u011faza\",\"item\":\"https:\\\/\\\/antaris.az\\\/ru\\\/shop\\\/\"},{\"@type\":\"ListItem\",\"position\":3,\"name\":\"Q\u0259hv\u0259 1kq Chernaya Karta\"}]},{\"@type\":\"WebSite\",\"@id\":\"https:\\\/\\\/antaris.az\\\/#website\",\"url\":\"https:\\\/\\\/antaris.az\\\/\",\"name\":\"Antaris\",\"description\":\"Ofis, ev, m\u0259kt\u0259b \u00fc\u00e7\u00fcn h\u0259r \u015fey\",\"publisher\":{\"@id\":\"https:\\\/\\\/antaris.az\\\/#organization\"},\"potentialAction\":[{\"@type\":\"SearchAction\",\"target\":{\"@type\":\"EntryPoint\",\"urlTemplate\":\"https:\\\/\\\/antaris.az\\\/?s={search_term_string}\"},\"query-input\":{\"@type\":\"PropertyValueSpecification\",\"valueRequired\":true,\"valueName\":\"search_term_string\"}}],\"inLanguage\":\"ru-RU\"},{\"@type\":\"Organization\",\"@id\":\"https:\\\/\\\/antaris.az\\\/#organization\",\"name\":\"Antaris QSC\",\"url\":\"https:\\\/\\\/antaris.az\\\/\",\"logo\":{\"@type\":\"ImageObject\",\"inLanguage\":\"ru-RU\",\"@id\":\"https:\\\/\\\/antaris.az\\\/#\\\/schema\\\/logo\\\/image\\\/\",\"url\":\"https:\\\/\\\/antaris.az\\\/wp-content\\\/uploads\\\/2025\\\/03\\\/Antaris-logo.png\",\"contentUrl\":\"https:\\\/\\\/antaris.az\\\/wp-content\\\/uploads\\\/2025\\\/03\\\/Antaris-logo.png\",\"width\":500,\"height\":500,\"caption\":\"Antaris QSC\"},\"image\":{\"@id\":\"https:\\\/\\\/antaris.az\\\/#\\\/schema\\\/logo\\\/image\\\/\"},\"sameAs\":[\"https:\\\/\\\/www.facebook.com\\\/antaris.az\\\/\",\"https:\\\/\\\/www.instagram.com\\\/antaris.az\\\/\"]}]}<\/script>\n<!-- \/ Yoast SEO plugin. -->","yoast_head_json":{"title":"Q\u0259hv\u0259 1kq Chernaya Karta - Antaris","robots":{"index":"index","follow":"follow","max-snippet":"max-snippet:-1","max-image-preview":"max-image-preview:large","max-video-preview":"max-video-preview:-1"},"canonical":"https:\/\/antaris.az\/ru\/m\u0259hsul\/q\u0259hv\u0259-1kq-chernaya\/","og_locale":"ru_RU","og_type":"article","og_title":"Q\u0259hv\u0259 1kq Chernaya Karta - Antaris","og_description":"Ticar\u0259t markas\u0131: Chernaya Karta M\u0259hsulun n\u00f6v\u00fc: D\u0259nli T\u0259rkib: 100% q\u0259hv\u0259 Bi\u015fm\u0259 d\u0259r\u0259c\u0259si: Orta \u00c7\u0259ki: 1000 qr Qabla\u015fd\u0131rma n\u00f6v\u00fc: vakuum paket","og_url":"https:\/\/antaris.az\/ru\/m\u0259hsul\/q\u0259hv\u0259-1kq-chernaya\/","og_site_name":"Antaris","article_publisher":"https:\/\/www.facebook.com\/antaris.az\/","article_modified_time":"2026-04-03T06:01:31+00:00","og_image":[{"width":800,"height":800,"url":"https:\/\/antaris.az\/wp-content\/uploads\/2020\/04\/AN-00-00010582-Kofe-1kq-Chernaya-Karta.jpg","type":"image\/jpeg"}],"schema":{"@context":"https:\/\/schema.org","@graph":[{"@type":"WebPage","@id":"https:\/\/antaris.az\/m\u0259hsul\/q%c9%99hv%c9%99-1kq-chernaya\/","url":"https:\/\/antaris.az\/m\u0259hsul\/q%c9%99hv%c9%99-1kq-chernaya\/","name":"Q\u0259hv\u0259 1kq Chernaya Karta - Antaris","isPartOf":{"@id":"https:\/\/antaris.az\/#website"},"primaryImageOfPage":{"@id":"https:\/\/antaris.az\/m\u0259hsul\/q%c9%99hv%c9%99-1kq-chernaya\/#primaryimage"},"image":{"@id":"https:\/\/antaris.az\/m\u0259hsul\/q%c9%99hv%c9%99-1kq-chernaya\/#primaryimage"},"thumbnailUrl":"https:\/\/antaris.az\/wp-content\/uploads\/2020\/04\/AN-00-00010582-Kofe-1kq-Chernaya-Karta.jpg","datePublished":"2020-04-27T12:24:36+00:00","dateModified":"2026-04-03T06:01:31+00:00","breadcrumb":{"@id":"https:\/\/antaris.az\/m\u0259hsul\/q%c9%99hv%c9%99-1kq-chernaya\/#breadcrumb"},"inLanguage":"ru-RU","potentialAction":[{"@type":"ReadAction","target":["https:\/\/antaris.az\/m\u0259hsul\/q%c9%99hv%c9%99-1kq-chernaya\/"]}]},{"@type":"ImageObject","inLanguage":"ru-RU","@id":"https:\/\/antaris.az\/m\u0259hsul\/q%c9%99hv%c9%99-1kq-chernaya\/#primaryimage","url":"https:\/\/antaris.az\/wp-content\/uploads\/2020\/04\/AN-00-00010582-Kofe-1kq-Chernaya-Karta.jpg","contentUrl":"https:\/\/antaris.az\/wp-content\/uploads\/2020\/04\/AN-00-00010582-Kofe-1kq-Chernaya-Karta.jpg","width":800,"height":800,"caption":"Kofe 1kq - Chernaya Karta"},{"@type":"BreadcrumbList","@id":"https:\/\/antaris.az\/m\u0259hsul\/q%c9%99hv%c9%99-1kq-chernaya\/#breadcrumb","itemListElement":[{"@type":"ListItem","position":1,"name":"Home","item":"https:\/\/antaris.az\/"},{"@type":"ListItem","position":2,"name":"Ma\u011faza","item":"https:\/\/antaris.az\/ru\/shop\/"},{"@type":"ListItem","position":3,"name":"Q\u0259hv\u0259 1kq Chernaya Karta"}]},{"@type":"WebSite","@id":"https:\/\/antaris.az\/#website","url":"https:\/\/antaris.az\/","name":"Antaris","description":"Ofis, ev, m\u0259kt\u0259b \u00fc\u00e7\u00fcn h\u0259r \u015fey","publisher":{"@id":"https:\/\/antaris.az\/#organization"},"potentialAction":[{"@type":"SearchAction","target":{"@type":"EntryPoint","urlTemplate":"https:\/\/antaris.az\/?s={search_term_string}"},"query-input":{"@type":"PropertyValueSpecification","valueRequired":true,"valueName":"search_term_string"}}],"inLanguage":"ru-RU"},{"@type":"Organization","@id":"https:\/\/antaris.az\/#organization","name":"\u0410\u043d\u0442\u0430\u0440\u0438\u0441 \u0417\u0410\u041e","url":"https:\/\/antaris.az\/","logo":{"@type":"ImageObject","inLanguage":"ru-RU","@id":"https:\/\/antaris.az\/#\/schema\/logo\/image\/","url":"https:\/\/antaris.az\/wp-content\/uploads\/2025\/03\/Antaris-logo.png","contentUrl":"https:\/\/antaris.az\/wp-content\/uploads\/2025\/03\/Antaris-logo.png","width":500,"height":500,"caption":"Antaris QSC"},"image":{"@id":"https:\/\/antaris.az\/#\/schema\/logo\/image\/"},"sameAs":["https:\/\/www.facebook.com\/antaris.az\/","https:\/\/www.instagram.com\/antaris.az\/"]}]}},"_links":{"self":[{"href":"https:\/\/antaris.az\/ru\/wp-json\/wp\/v2\/product\/6613","targetHints":{"allow":["GET"]}}],"collection":[{"href":"https:\/\/antaris.az\/ru\/wp-json\/wp\/v2\/product"}],"about":[{"href":"https:\/\/antaris.az\/ru\/wp-json\/wp\/v2\/types\/product"}],"version-history":[{"count":0,"href":"https:\/\/antaris.az\/ru\/wp-json\/wp\/v2\/product\/6613\/revisions"}],"wp:featuredmedia":[{"embeddable":true,"href":"https:\/\/antaris.az\/ru\/wp-json\/wp\/v2\/media\/6621"}],"wp:attachment":[{"href":"https:\/\/antaris.az\/ru\/wp-json\/wp\/v2\/media?parent=6613"}],"wp:term":[{"taxonomy":"product_brand","embeddable":true,"href":"https:\/\/antaris.az\/ru\/wp-json\/wp\/v2\/product_brand?post=6613"},{"taxonomy":"product_cat","embeddable":true,"href":"https:\/\/antaris.az\/ru\/wp-json\/wp\/v2\/product_cat?post=6613"},{"taxonomy":"product_tag","embeddable":true,"href":"https:\/\/antaris.az\/ru\/wp-json\/wp\/v2\/product_tag?post=6613"}],"curies":[{"name":"wp","href":"https:\/\/api.w.org\/{rel}","templated":true}]}}