{"id":6605,"date":"2020-04-27T15:16:09","date_gmt":"2020-04-27T12:16:09","guid":{"rendered":"http:\/\/www2.antaris.az\/?post_type=product&#038;p=6605"},"modified":"2024-11-26T17:04:08","modified_gmt":"2024-11-26T13:04:08","slug":"q%c9%99hv%c9%99-1kq-espresso-top-class","status":"publish","type":"product","link":"https:\/\/antaris.az\/ru\/m\u0259hsul\/q%c9%99hv%c9%99-1kq-espresso-top-class\/","title":{"rendered":"Q\u0259hv\u0259 1kq ESPRESSO TOP CLASS Lavazza"},"content":{"rendered":"<p>Lavazza Top Class q\u0259hv\u0259si \u015fokolad v\u0259 quru meyv\u0259 aromalar\u0131n\u0131n xo\u015f t\u0259sirini \u00f6z\u00fcnd\u0259 ideal \u015f\u0259kild\u0259 balansla\u015fd\u0131rm\u0131\u015fd\u0131r. Ac\u0131 kakaonun \u0259n t\u0259miz dad\u0131, Braziliyadan t\u0259bii Arabica, Hind Arabica v\u0259 Yava adas\u0131nda Robustan\u0131 qar\u0131\u015fd\u0131r\u0131b orta d\u0259r\u0259c\u0259d\u0259 qovurmaqla \u0259ld\u0259 edilir. B\u00fct\u00fcn l\u0259zz\u0259t v\u0259 aromatik keyfiyy\u0259tl\u0259r soyudulanda bel\u0259 qorunur. Buz k\u00fcpl\u0259ri \u0259lav\u0259 edin v\u0259 k\u00f6hn\u0259 tan\u0131\u015f\u0131n\u0131zdan yeni bir t\u0259cr\u00fcb\u0259 qazan\u0131n!<\/p>\n<p>&nbsp;<\/p>","protected":false},"excerpt":{"rendered":"<p>M\u0259hsulun n\u00f6v\u00fc: D\u0259nli<br \/>\nT\u0259rkib: 90% arabica, 10% robusta<br \/>\nBi\u015fm\u0259 d\u0259r\u0259c\u0259si: Orta<br \/>\n\u00c7\u0259ki: 1kq<br \/>\nQabla\u015fd\u0131rma n\u00f6v\u00fc: vakuum paket<br \/>\nTicar\u0259t markas\u0131: Lavazza<\/p>","protected":false},"featured_media":6606,"template":"","meta":{"_joinchat":[]},"product_brand":[],"product_cat":[229],"product_tag":[],"class_list":{"0":"post-6605","1":"product","2":"type-product","3":"status-publish","4":"has-post-thumbnail","6":"product_cat-kofe","7":"pa_brand-lavazza","9":"first","10":"instock","11":"shipping-taxable","12":"purchasable","13":"product-type-simple"},"yoast_head":"<!-- This site is optimized with the Yoast SEO plugin v27.4 - https:\/\/yoast.com\/product\/yoast-seo-wordpress\/ -->\n<title>Q\u0259hv\u0259 1kq ESPRESSO TOP CLASS Lavazza - Antaris<\/title>\n<meta name=\"robots\" content=\"index, follow, max-snippet:-1, max-image-preview:large, max-video-preview:-1\" \/>\n<link rel=\"canonical\" href=\"https:\/\/antaris.az\/ru\/m\u0259hsul\/q\u0259hv\u0259-1kq-espresso-top-class\/\" \/>\n<meta property=\"og:locale\" content=\"ru_RU\" \/>\n<meta property=\"og:type\" content=\"article\" \/>\n<meta property=\"og:title\" content=\"Q\u0259hv\u0259 1kq ESPRESSO TOP CLASS Lavazza - Antaris\" \/>\n<meta property=\"og:description\" content=\"M\u0259hsulun n\u00f6v\u00fc: D\u0259nli T\u0259rkib: 90% arabica, 10% robusta Bi\u015fm\u0259 d\u0259r\u0259c\u0259si: Orta \u00c7\u0259ki: 1kq Qabla\u015fd\u0131rma n\u00f6v\u00fc: vakuum paket Ticar\u0259t markas\u0131: Lavazza\" \/>\n<meta property=\"og:url\" content=\"https:\/\/antaris.az\/ru\/m\u0259hsul\/q\u0259hv\u0259-1kq-espresso-top-class\/\" \/>\n<meta property=\"og:site_name\" content=\"Antaris\" \/>\n<meta property=\"article:publisher\" content=\"https:\/\/www.facebook.com\/antaris.az\/\" \/>\n<meta property=\"article:modified_time\" content=\"2024-11-26T13:04:08+00:00\" \/>\n<meta property=\"og:image\" content=\"https:\/\/antaris.az\/wp-content\/uploads\/2020\/04\/AN-00-00006964-Kofe-1kq-Espresso-Top-Class-Lavazza.jpg\" \/>\n\t<meta property=\"og:image:width\" content=\"800\" \/>\n\t<meta property=\"og:image:height\" content=\"800\" \/>\n\t<meta property=\"og:image:type\" content=\"image\/jpeg\" \/>\n<script type=\"application\/ld+json\" class=\"yoast-schema-graph\">{\"@context\":\"https:\\\/\\\/schema.org\",\"@graph\":[{\"@type\":\"WebPage\",\"@id\":\"https:\\\/\\\/antaris.az\\\/m\u0259hsul\\\/q%c9%99hv%c9%99-1kq-espresso-top-class\\\/\",\"url\":\"https:\\\/\\\/antaris.az\\\/m\u0259hsul\\\/q%c9%99hv%c9%99-1kq-espresso-top-class\\\/\",\"name\":\"Q\u0259hv\u0259 1kq ESPRESSO TOP CLASS Lavazza - Antaris\",\"isPartOf\":{\"@id\":\"https:\\\/\\\/antaris.az\\\/#website\"},\"primaryImageOfPage\":{\"@id\":\"https:\\\/\\\/antaris.az\\\/m\u0259hsul\\\/q%c9%99hv%c9%99-1kq-espresso-top-class\\\/#primaryimage\"},\"image\":{\"@id\":\"https:\\\/\\\/antaris.az\\\/m\u0259hsul\\\/q%c9%99hv%c9%99-1kq-espresso-top-class\\\/#primaryimage\"},\"thumbnailUrl\":\"https:\\\/\\\/antaris.az\\\/wp-content\\\/uploads\\\/2020\\\/04\\\/AN-00-00006964-Kofe-1kq-Espresso-Top-Class-Lavazza.jpg\",\"datePublished\":\"2020-04-27T12:16:09+00:00\",\"dateModified\":\"2024-11-26T13:04:08+00:00\",\"breadcrumb\":{\"@id\":\"https:\\\/\\\/antaris.az\\\/m\u0259hsul\\\/q%c9%99hv%c9%99-1kq-espresso-top-class\\\/#breadcrumb\"},\"inLanguage\":\"ru-RU\",\"potentialAction\":[{\"@type\":\"ReadAction\",\"target\":[\"https:\\\/\\\/antaris.az\\\/m\u0259hsul\\\/q%c9%99hv%c9%99-1kq-espresso-top-class\\\/\"]}]},{\"@type\":\"ImageObject\",\"inLanguage\":\"ru-RU\",\"@id\":\"https:\\\/\\\/antaris.az\\\/m\u0259hsul\\\/q%c9%99hv%c9%99-1kq-espresso-top-class\\\/#primaryimage\",\"url\":\"https:\\\/\\\/antaris.az\\\/wp-content\\\/uploads\\\/2020\\\/04\\\/AN-00-00006964-Kofe-1kq-Espresso-Top-Class-Lavazza.jpg\",\"contentUrl\":\"https:\\\/\\\/antaris.az\\\/wp-content\\\/uploads\\\/2020\\\/04\\\/AN-00-00006964-Kofe-1kq-Espresso-Top-Class-Lavazza.jpg\",\"width\":800,\"height\":800,\"caption\":\"Kofe 1kq Espresso Top Class Lavazza\"},{\"@type\":\"BreadcrumbList\",\"@id\":\"https:\\\/\\\/antaris.az\\\/m\u0259hsul\\\/q%c9%99hv%c9%99-1kq-espresso-top-class\\\/#breadcrumb\",\"itemListElement\":[{\"@type\":\"ListItem\",\"position\":1,\"name\":\"Home\",\"item\":\"https:\\\/\\\/antaris.az\\\/\"},{\"@type\":\"ListItem\",\"position\":2,\"name\":\"Ma\u011faza\",\"item\":\"https:\\\/\\\/antaris.az\\\/ru\\\/shop\\\/\"},{\"@type\":\"ListItem\",\"position\":3,\"name\":\"Q\u0259hv\u0259 1kq ESPRESSO TOP CLASS Lavazza\"}]},{\"@type\":\"WebSite\",\"@id\":\"https:\\\/\\\/antaris.az\\\/#website\",\"url\":\"https:\\\/\\\/antaris.az\\\/\",\"name\":\"Antaris\",\"description\":\"Ofis, ev, m\u0259kt\u0259b \u00fc\u00e7\u00fcn h\u0259r \u015fey\",\"publisher\":{\"@id\":\"https:\\\/\\\/antaris.az\\\/#organization\"},\"potentialAction\":[{\"@type\":\"SearchAction\",\"target\":{\"@type\":\"EntryPoint\",\"urlTemplate\":\"https:\\\/\\\/antaris.az\\\/?s={search_term_string}\"},\"query-input\":{\"@type\":\"PropertyValueSpecification\",\"valueRequired\":true,\"valueName\":\"search_term_string\"}}],\"inLanguage\":\"ru-RU\"},{\"@type\":\"Organization\",\"@id\":\"https:\\\/\\\/antaris.az\\\/#organization\",\"name\":\"Antaris QSC\",\"url\":\"https:\\\/\\\/antaris.az\\\/\",\"logo\":{\"@type\":\"ImageObject\",\"inLanguage\":\"ru-RU\",\"@id\":\"https:\\\/\\\/antaris.az\\\/#\\\/schema\\\/logo\\\/image\\\/\",\"url\":\"https:\\\/\\\/antaris.az\\\/wp-content\\\/uploads\\\/2025\\\/03\\\/Antaris-logo.png\",\"contentUrl\":\"https:\\\/\\\/antaris.az\\\/wp-content\\\/uploads\\\/2025\\\/03\\\/Antaris-logo.png\",\"width\":500,\"height\":500,\"caption\":\"Antaris QSC\"},\"image\":{\"@id\":\"https:\\\/\\\/antaris.az\\\/#\\\/schema\\\/logo\\\/image\\\/\"},\"sameAs\":[\"https:\\\/\\\/www.facebook.com\\\/antaris.az\\\/\",\"https:\\\/\\\/www.instagram.com\\\/antaris.az\\\/\"]}]}<\/script>\n<!-- \/ Yoast SEO plugin. -->","yoast_head_json":{"title":"Q\u0259hv\u0259 1kq ESPRESSO TOP CLASS Lavazza - Antaris","robots":{"index":"index","follow":"follow","max-snippet":"max-snippet:-1","max-image-preview":"max-image-preview:large","max-video-preview":"max-video-preview:-1"},"canonical":"https:\/\/antaris.az\/ru\/m\u0259hsul\/q\u0259hv\u0259-1kq-espresso-top-class\/","og_locale":"ru_RU","og_type":"article","og_title":"Q\u0259hv\u0259 1kq ESPRESSO TOP CLASS Lavazza - Antaris","og_description":"M\u0259hsulun n\u00f6v\u00fc: D\u0259nli T\u0259rkib: 90% arabica, 10% robusta Bi\u015fm\u0259 d\u0259r\u0259c\u0259si: Orta \u00c7\u0259ki: 1kq Qabla\u015fd\u0131rma n\u00f6v\u00fc: vakuum paket Ticar\u0259t markas\u0131: Lavazza","og_url":"https:\/\/antaris.az\/ru\/m\u0259hsul\/q\u0259hv\u0259-1kq-espresso-top-class\/","og_site_name":"Antaris","article_publisher":"https:\/\/www.facebook.com\/antaris.az\/","article_modified_time":"2024-11-26T13:04:08+00:00","og_image":[{"width":800,"height":800,"url":"https:\/\/antaris.az\/wp-content\/uploads\/2020\/04\/AN-00-00006964-Kofe-1kq-Espresso-Top-Class-Lavazza.jpg","type":"image\/jpeg"}],"schema":{"@context":"https:\/\/schema.org","@graph":[{"@type":"WebPage","@id":"https:\/\/antaris.az\/m\u0259hsul\/q%c9%99hv%c9%99-1kq-espresso-top-class\/","url":"https:\/\/antaris.az\/m\u0259hsul\/q%c9%99hv%c9%99-1kq-espresso-top-class\/","name":"Q\u0259hv\u0259 1kq ESPRESSO TOP CLASS Lavazza - Antaris","isPartOf":{"@id":"https:\/\/antaris.az\/#website"},"primaryImageOfPage":{"@id":"https:\/\/antaris.az\/m\u0259hsul\/q%c9%99hv%c9%99-1kq-espresso-top-class\/#primaryimage"},"image":{"@id":"https:\/\/antaris.az\/m\u0259hsul\/q%c9%99hv%c9%99-1kq-espresso-top-class\/#primaryimage"},"thumbnailUrl":"https:\/\/antaris.az\/wp-content\/uploads\/2020\/04\/AN-00-00006964-Kofe-1kq-Espresso-Top-Class-Lavazza.jpg","datePublished":"2020-04-27T12:16:09+00:00","dateModified":"2024-11-26T13:04:08+00:00","breadcrumb":{"@id":"https:\/\/antaris.az\/m\u0259hsul\/q%c9%99hv%c9%99-1kq-espresso-top-class\/#breadcrumb"},"inLanguage":"ru-RU","potentialAction":[{"@type":"ReadAction","target":["https:\/\/antaris.az\/m\u0259hsul\/q%c9%99hv%c9%99-1kq-espresso-top-class\/"]}]},{"@type":"ImageObject","inLanguage":"ru-RU","@id":"https:\/\/antaris.az\/m\u0259hsul\/q%c9%99hv%c9%99-1kq-espresso-top-class\/#primaryimage","url":"https:\/\/antaris.az\/wp-content\/uploads\/2020\/04\/AN-00-00006964-Kofe-1kq-Espresso-Top-Class-Lavazza.jpg","contentUrl":"https:\/\/antaris.az\/wp-content\/uploads\/2020\/04\/AN-00-00006964-Kofe-1kq-Espresso-Top-Class-Lavazza.jpg","width":800,"height":800,"caption":"Kofe 1kq Espresso Top Class Lavazza"},{"@type":"BreadcrumbList","@id":"https:\/\/antaris.az\/m\u0259hsul\/q%c9%99hv%c9%99-1kq-espresso-top-class\/#breadcrumb","itemListElement":[{"@type":"ListItem","position":1,"name":"Home","item":"https:\/\/antaris.az\/"},{"@type":"ListItem","position":2,"name":"Ma\u011faza","item":"https:\/\/antaris.az\/ru\/shop\/"},{"@type":"ListItem","position":3,"name":"Q\u0259hv\u0259 1kq ESPRESSO TOP CLASS Lavazza"}]},{"@type":"WebSite","@id":"https:\/\/antaris.az\/#website","url":"https:\/\/antaris.az\/","name":"Antaris","description":"Ofis, ev, m\u0259kt\u0259b \u00fc\u00e7\u00fcn h\u0259r \u015fey","publisher":{"@id":"https:\/\/antaris.az\/#organization"},"potentialAction":[{"@type":"SearchAction","target":{"@type":"EntryPoint","urlTemplate":"https:\/\/antaris.az\/?s={search_term_string}"},"query-input":{"@type":"PropertyValueSpecification","valueRequired":true,"valueName":"search_term_string"}}],"inLanguage":"ru-RU"},{"@type":"Organization","@id":"https:\/\/antaris.az\/#organization","name":"\u0410\u043d\u0442\u0430\u0440\u0438\u0441 \u0417\u0410\u041e","url":"https:\/\/antaris.az\/","logo":{"@type":"ImageObject","inLanguage":"ru-RU","@id":"https:\/\/antaris.az\/#\/schema\/logo\/image\/","url":"https:\/\/antaris.az\/wp-content\/uploads\/2025\/03\/Antaris-logo.png","contentUrl":"https:\/\/antaris.az\/wp-content\/uploads\/2025\/03\/Antaris-logo.png","width":500,"height":500,"caption":"Antaris QSC"},"image":{"@id":"https:\/\/antaris.az\/#\/schema\/logo\/image\/"},"sameAs":["https:\/\/www.facebook.com\/antaris.az\/","https:\/\/www.instagram.com\/antaris.az\/"]}]}},"_links":{"self":[{"href":"https:\/\/antaris.az\/ru\/wp-json\/wp\/v2\/product\/6605","targetHints":{"allow":["GET"]}}],"collection":[{"href":"https:\/\/antaris.az\/ru\/wp-json\/wp\/v2\/product"}],"about":[{"href":"https:\/\/antaris.az\/ru\/wp-json\/wp\/v2\/types\/product"}],"version-history":[{"count":0,"href":"https:\/\/antaris.az\/ru\/wp-json\/wp\/v2\/product\/6605\/revisions"}],"wp:featuredmedia":[{"embeddable":true,"href":"https:\/\/antaris.az\/ru\/wp-json\/wp\/v2\/media\/6606"}],"wp:attachment":[{"href":"https:\/\/antaris.az\/ru\/wp-json\/wp\/v2\/media?parent=6605"}],"wp:term":[{"taxonomy":"product_brand","embeddable":true,"href":"https:\/\/antaris.az\/ru\/wp-json\/wp\/v2\/product_brand?post=6605"},{"taxonomy":"product_cat","embeddable":true,"href":"https:\/\/antaris.az\/ru\/wp-json\/wp\/v2\/product_cat?post=6605"},{"taxonomy":"product_tag","embeddable":true,"href":"https:\/\/antaris.az\/ru\/wp-json\/wp\/v2\/product_tag?post=6605"}],"curies":[{"name":"wp","href":"https:\/\/api.w.org\/{rel}","templated":true}]}}