{"id":65833,"date":"2021-11-11T17:18:41","date_gmt":"2021-11-11T14:18:41","guid":{"rendered":"http:\/\/www2.antaris.az\/?post_type=product&#038;p=65833"},"modified":"2024-11-26T16:12:09","modified_gmt":"2024-11-26T12:12:09","slug":"r%c9%99ngl%c9%99m%c9%99-kitabi-742580-zoo-1veresnya","status":"publish","type":"product","link":"https:\/\/antaris.az\/ru\/m\u0259hsul\/r%c9%99ngl%c9%99m%c9%99-kitabi-742580-zoo-1veresnya\/","title":{"rendered":"R\u0259ngl\u0259m\u0259 kitab\u0131 742580 ZOO 1Veresnya"},"content":{"rendered":"","protected":false},"excerpt":{"rendered":"<p>V\u0259r\u0259q say\u0131: 12<br \/>\nFormat: A4<br \/>\n\u0130stehsal\u00e7\u0131 m\u0259hsul kodu: 742580<br \/>\nTicar\u0259t markas\u0131: 1Veresnya<br \/>\n\u0421\u0442\u0440\u0430\u043d\u0430 \u043f\u0440\u043e\u0438\u0437\u0432\u043e\u0434\u0438\u0442\u0435\u043b\u044c: \u0423\u043a\u0440\u0430\u0438\u043d\u0430<\/p>","protected":false},"featured_media":65835,"template":"","meta":{"_joinchat":[]},"product_brand":[],"product_cat":[495],"product_tag":[854,855],"class_list":{"0":"post-65833","1":"product","2":"type-product","3":"status-publish","4":"has-post-thumbnail","6":"product_cat-rnglm-kitabi","7":"product_tag-rnglm","8":"product_tag-rnglm-kitabi","9":"pa_brand-1veresnya","11":"first","12":"instock","13":"shipping-taxable","14":"purchasable","15":"product-type-simple"},"yoast_head":"<!-- This site is optimized with the Yoast SEO plugin v27.3 - https:\/\/yoast.com\/product\/yoast-seo-wordpress\/ -->\n<title>R\u0259ngl\u0259m\u0259 kitab\u0131 742580 ZOO 1Veresnya Bak\u0131da ucuz almaq - Antaris<\/title>\n<meta name=\"robots\" content=\"index, follow, max-snippet:-1, max-image-preview:large, max-video-preview:-1\" \/>\n<link rel=\"canonical\" href=\"https:\/\/antaris.az\/ru\/m\u0259hsul\/r\u0259ngl\u0259m\u0259-kitabi-742580-zoo-1veresnya\/\" \/>\n<meta property=\"og:locale\" content=\"ru_RU\" \/>\n<meta property=\"og:type\" content=\"article\" \/>\n<meta property=\"og:title\" content=\"R\u0259ngl\u0259m\u0259 kitab\u0131 742580 ZOO 1Veresnya Bak\u0131da ucuz almaq - Antaris\" \/>\n<meta property=\"og:description\" content=\"V\u0259r\u0259q say\u0131: 12 Format: A4 \u0130stehsal\u00e7\u0131 m\u0259hsul kodu: 742580 Ticar\u0259t markas\u0131: 1Veresnya \u0130stehsal \u00f6lk\u0259si: Ukrayna\" \/>\n<meta property=\"og:url\" content=\"https:\/\/antaris.az\/ru\/m\u0259hsul\/r\u0259ngl\u0259m\u0259-kitabi-742580-zoo-1veresnya\/\" \/>\n<meta property=\"og:site_name\" content=\"Antaris\" \/>\n<meta property=\"article:publisher\" content=\"https:\/\/www.facebook.com\/antaris.az\/\" \/>\n<meta property=\"article:modified_time\" content=\"2024-11-26T12:12:09+00:00\" \/>\n<meta property=\"og:image\" content=\"https:\/\/antaris.az\/wp-content\/uploads\/2021\/11\/742580.webp\" \/>\n\t<meta property=\"og:image:width\" content=\"800\" \/>\n\t<meta property=\"og:image:height\" content=\"800\" \/>\n\t<meta property=\"og:image:type\" content=\"image\/webp\" \/>\n<script type=\"application\/ld+json\" class=\"yoast-schema-graph\">{\"@context\":\"https:\\\/\\\/schema.org\",\"@graph\":[{\"@type\":\"WebPage\",\"@id\":\"https:\\\/\\\/antaris.az\\\/ru\\\/m\u0259hsul\\\/r%c9%99ngl%c9%99m%c9%99-kitabi-742580-zoo-1veresnya\\\/\",\"url\":\"https:\\\/\\\/antaris.az\\\/ru\\\/m\u0259hsul\\\/r%c9%99ngl%c9%99m%c9%99-kitabi-742580-zoo-1veresnya\\\/\",\"name\":\"R\u0259ngl\u0259m\u0259 kitab\u0131 742580 ZOO 1Veresnya Bak\u0131da ucuz almaq - Antaris\",\"isPartOf\":{\"@id\":\"https:\\\/\\\/antaris.az\\\/#website\"},\"primaryImageOfPage\":{\"@id\":\"https:\\\/\\\/antaris.az\\\/ru\\\/m\u0259hsul\\\/r%c9%99ngl%c9%99m%c9%99-kitabi-742580-zoo-1veresnya\\\/#primaryimage\"},\"image\":{\"@id\":\"https:\\\/\\\/antaris.az\\\/ru\\\/m\u0259hsul\\\/r%c9%99ngl%c9%99m%c9%99-kitabi-742580-zoo-1veresnya\\\/#primaryimage\"},\"thumbnailUrl\":\"https:\\\/\\\/antaris.az\\\/wp-content\\\/uploads\\\/2021\\\/11\\\/742580.webp\",\"datePublished\":\"2021-11-11T14:18:41+00:00\",\"dateModified\":\"2024-11-26T12:12:09+00:00\",\"breadcrumb\":{\"@id\":\"https:\\\/\\\/antaris.az\\\/ru\\\/m\u0259hsul\\\/r%c9%99ngl%c9%99m%c9%99-kitabi-742580-zoo-1veresnya\\\/#breadcrumb\"},\"inLanguage\":\"ru-RU\",\"potentialAction\":[{\"@type\":\"ReadAction\",\"target\":[\"https:\\\/\\\/antaris.az\\\/ru\\\/m\u0259hsul\\\/r%c9%99ngl%c9%99m%c9%99-kitabi-742580-zoo-1veresnya\\\/\"]}]},{\"@type\":\"ImageObject\",\"inLanguage\":\"ru-RU\",\"@id\":\"https:\\\/\\\/antaris.az\\\/ru\\\/m\u0259hsul\\\/r%c9%99ngl%c9%99m%c9%99-kitabi-742580-zoo-1veresnya\\\/#primaryimage\",\"url\":\"https:\\\/\\\/antaris.az\\\/wp-content\\\/uploads\\\/2021\\\/11\\\/742580.webp\",\"contentUrl\":\"https:\\\/\\\/antaris.az\\\/wp-content\\\/uploads\\\/2021\\\/11\\\/742580.webp\",\"width\":800,\"height\":800,\"caption\":\"r\u0259ngl\u0259m\u0259 kitab\u0131\"},{\"@type\":\"BreadcrumbList\",\"@id\":\"https:\\\/\\\/antaris.az\\\/ru\\\/m\u0259hsul\\\/r%c9%99ngl%c9%99m%c9%99-kitabi-742580-zoo-1veresnya\\\/#breadcrumb\",\"itemListElement\":[{\"@type\":\"ListItem\",\"position\":1,\"name\":\"Home\",\"item\":\"https:\\\/\\\/antaris.az\\\/\"},{\"@type\":\"ListItem\",\"position\":2,\"name\":\"Ma\u011faza\",\"item\":\"https:\\\/\\\/antaris.az\\\/ru\\\/shop\\\/\"},{\"@type\":\"ListItem\",\"position\":3,\"name\":\"R\u0259ngl\u0259m\u0259 kitab\u0131 742580 ZOO 1Veresnya\"}]},{\"@type\":\"WebSite\",\"@id\":\"https:\\\/\\\/antaris.az\\\/#website\",\"url\":\"https:\\\/\\\/antaris.az\\\/\",\"name\":\"Antaris\",\"description\":\"Ofis, ev, m\u0259kt\u0259b \u00fc\u00e7\u00fcn h\u0259r \u015fey\",\"publisher\":{\"@id\":\"https:\\\/\\\/antaris.az\\\/#organization\"},\"potentialAction\":[{\"@type\":\"SearchAction\",\"target\":{\"@type\":\"EntryPoint\",\"urlTemplate\":\"https:\\\/\\\/antaris.az\\\/?s={search_term_string}\"},\"query-input\":{\"@type\":\"PropertyValueSpecification\",\"valueRequired\":true,\"valueName\":\"search_term_string\"}}],\"inLanguage\":\"ru-RU\"},{\"@type\":\"Organization\",\"@id\":\"https:\\\/\\\/antaris.az\\\/#organization\",\"name\":\"Antaris QSC\",\"url\":\"https:\\\/\\\/antaris.az\\\/\",\"logo\":{\"@type\":\"ImageObject\",\"inLanguage\":\"ru-RU\",\"@id\":\"https:\\\/\\\/antaris.az\\\/#\\\/schema\\\/logo\\\/image\\\/\",\"url\":\"https:\\\/\\\/antaris.az\\\/wp-content\\\/uploads\\\/2025\\\/03\\\/Antaris-logo.png\",\"contentUrl\":\"https:\\\/\\\/antaris.az\\\/wp-content\\\/uploads\\\/2025\\\/03\\\/Antaris-logo.png\",\"width\":500,\"height\":500,\"caption\":\"Antaris QSC\"},\"image\":{\"@id\":\"https:\\\/\\\/antaris.az\\\/#\\\/schema\\\/logo\\\/image\\\/\"},\"sameAs\":[\"https:\\\/\\\/www.facebook.com\\\/antaris.az\\\/\",\"https:\\\/\\\/www.instagram.com\\\/antaris.az\\\/\"]}]}<\/script>\n<!-- \/ Yoast SEO plugin. -->","yoast_head_json":{"title":"R\u0259ngl\u0259m\u0259 kitab\u0131 742580 ZOO 1Veresnya Bak\u0131da ucuz almaq - Antaris","robots":{"index":"index","follow":"follow","max-snippet":"max-snippet:-1","max-image-preview":"max-image-preview:large","max-video-preview":"max-video-preview:-1"},"canonical":"https:\/\/antaris.az\/ru\/m\u0259hsul\/r\u0259ngl\u0259m\u0259-kitabi-742580-zoo-1veresnya\/","og_locale":"ru_RU","og_type":"article","og_title":"R\u0259ngl\u0259m\u0259 kitab\u0131 742580 ZOO 1Veresnya Bak\u0131da ucuz almaq - Antaris","og_description":"V\u0259r\u0259q say\u0131: 12 Format: A4 \u0130stehsal\u00e7\u0131 m\u0259hsul kodu: 742580 Ticar\u0259t markas\u0131: 1Veresnya \u0130stehsal \u00f6lk\u0259si: Ukrayna","og_url":"https:\/\/antaris.az\/ru\/m\u0259hsul\/r\u0259ngl\u0259m\u0259-kitabi-742580-zoo-1veresnya\/","og_site_name":"Antaris","article_publisher":"https:\/\/www.facebook.com\/antaris.az\/","article_modified_time":"2024-11-26T12:12:09+00:00","og_image":[{"width":800,"height":800,"url":"https:\/\/antaris.az\/wp-content\/uploads\/2021\/11\/742580.webp","type":"image\/webp"}],"schema":{"@context":"https:\/\/schema.org","@graph":[{"@type":"WebPage","@id":"https:\/\/antaris.az\/ru\/m\u0259hsul\/r%c9%99ngl%c9%99m%c9%99-kitabi-742580-zoo-1veresnya\/","url":"https:\/\/antaris.az\/ru\/m\u0259hsul\/r%c9%99ngl%c9%99m%c9%99-kitabi-742580-zoo-1veresnya\/","name":"R\u0259ngl\u0259m\u0259 kitab\u0131 742580 ZOO 1Veresnya Bak\u0131da ucuz almaq - Antaris","isPartOf":{"@id":"https:\/\/antaris.az\/#website"},"primaryImageOfPage":{"@id":"https:\/\/antaris.az\/ru\/m\u0259hsul\/r%c9%99ngl%c9%99m%c9%99-kitabi-742580-zoo-1veresnya\/#primaryimage"},"image":{"@id":"https:\/\/antaris.az\/ru\/m\u0259hsul\/r%c9%99ngl%c9%99m%c9%99-kitabi-742580-zoo-1veresnya\/#primaryimage"},"thumbnailUrl":"https:\/\/antaris.az\/wp-content\/uploads\/2021\/11\/742580.webp","datePublished":"2021-11-11T14:18:41+00:00","dateModified":"2024-11-26T12:12:09+00:00","breadcrumb":{"@id":"https:\/\/antaris.az\/ru\/m\u0259hsul\/r%c9%99ngl%c9%99m%c9%99-kitabi-742580-zoo-1veresnya\/#breadcrumb"},"inLanguage":"ru-RU","potentialAction":[{"@type":"ReadAction","target":["https:\/\/antaris.az\/ru\/m\u0259hsul\/r%c9%99ngl%c9%99m%c9%99-kitabi-742580-zoo-1veresnya\/"]}]},{"@type":"ImageObject","inLanguage":"ru-RU","@id":"https:\/\/antaris.az\/ru\/m\u0259hsul\/r%c9%99ngl%c9%99m%c9%99-kitabi-742580-zoo-1veresnya\/#primaryimage","url":"https:\/\/antaris.az\/wp-content\/uploads\/2021\/11\/742580.webp","contentUrl":"https:\/\/antaris.az\/wp-content\/uploads\/2021\/11\/742580.webp","width":800,"height":800,"caption":"r\u0259ngl\u0259m\u0259 kitab\u0131"},{"@type":"BreadcrumbList","@id":"https:\/\/antaris.az\/ru\/m\u0259hsul\/r%c9%99ngl%c9%99m%c9%99-kitabi-742580-zoo-1veresnya\/#breadcrumb","itemListElement":[{"@type":"ListItem","position":1,"name":"Home","item":"https:\/\/antaris.az\/"},{"@type":"ListItem","position":2,"name":"Ma\u011faza","item":"https:\/\/antaris.az\/ru\/shop\/"},{"@type":"ListItem","position":3,"name":"R\u0259ngl\u0259m\u0259 kitab\u0131 742580 ZOO 1Veresnya"}]},{"@type":"WebSite","@id":"https:\/\/antaris.az\/#website","url":"https:\/\/antaris.az\/","name":"Antaris","description":"Ofis, ev, m\u0259kt\u0259b \u00fc\u00e7\u00fcn h\u0259r \u015fey","publisher":{"@id":"https:\/\/antaris.az\/#organization"},"potentialAction":[{"@type":"SearchAction","target":{"@type":"EntryPoint","urlTemplate":"https:\/\/antaris.az\/?s={search_term_string}"},"query-input":{"@type":"PropertyValueSpecification","valueRequired":true,"valueName":"search_term_string"}}],"inLanguage":"ru-RU"},{"@type":"Organization","@id":"https:\/\/antaris.az\/#organization","name":"\u0410\u043d\u0442\u0430\u0440\u0438\u0441 \u0417\u0410\u041e","url":"https:\/\/antaris.az\/","logo":{"@type":"ImageObject","inLanguage":"ru-RU","@id":"https:\/\/antaris.az\/#\/schema\/logo\/image\/","url":"https:\/\/antaris.az\/wp-content\/uploads\/2025\/03\/Antaris-logo.png","contentUrl":"https:\/\/antaris.az\/wp-content\/uploads\/2025\/03\/Antaris-logo.png","width":500,"height":500,"caption":"Antaris QSC"},"image":{"@id":"https:\/\/antaris.az\/#\/schema\/logo\/image\/"},"sameAs":["https:\/\/www.facebook.com\/antaris.az\/","https:\/\/www.instagram.com\/antaris.az\/"]}]}},"_links":{"self":[{"href":"https:\/\/antaris.az\/ru\/wp-json\/wp\/v2\/product\/65833","targetHints":{"allow":["GET"]}}],"collection":[{"href":"https:\/\/antaris.az\/ru\/wp-json\/wp\/v2\/product"}],"about":[{"href":"https:\/\/antaris.az\/ru\/wp-json\/wp\/v2\/types\/product"}],"version-history":[{"count":0,"href":"https:\/\/antaris.az\/ru\/wp-json\/wp\/v2\/product\/65833\/revisions"}],"wp:featuredmedia":[{"embeddable":true,"href":"https:\/\/antaris.az\/ru\/wp-json\/wp\/v2\/media\/65835"}],"wp:attachment":[{"href":"https:\/\/antaris.az\/ru\/wp-json\/wp\/v2\/media?parent=65833"}],"wp:term":[{"taxonomy":"product_brand","embeddable":true,"href":"https:\/\/antaris.az\/ru\/wp-json\/wp\/v2\/product_brand?post=65833"},{"taxonomy":"product_cat","embeddable":true,"href":"https:\/\/antaris.az\/ru\/wp-json\/wp\/v2\/product_cat?post=65833"},{"taxonomy":"product_tag","embeddable":true,"href":"https:\/\/antaris.az\/ru\/wp-json\/wp\/v2\/product_tag?post=65833"}],"curies":[{"name":"wp","href":"https:\/\/api.w.org\/{rel}","templated":true}]}}