{"id":6556,"date":"2020-04-27T15:02:00","date_gmt":"2020-04-27T12:02:00","guid":{"rendered":"http:\/\/www2.antaris.az\/?post_type=product&#038;p=6556"},"modified":"2024-11-26T17:04:08","modified_gmt":"2024-11-26T13:04:08","slug":"mineral-su-qazsiz-0-5lt","status":"publish","type":"product","link":"https:\/\/antaris.az\/ru\/m\u0259hsul\/mineral-su-qazsiz-0-5lt\/","title":{"rendered":"Mineral su 0.5l Erikli"},"content":{"rendered":"<p><span data-sheets-value=\"{&quot;1&quot;:2,&quot;2&quot;:&quot;G\u00fcc\u00fcn\u00fc d\u00fcnyan\u0131n \u0259n \u00e7ox istifad\u0259 olunan su istehsal\u00e7\u0131s\u0131 Nestle ile birl\u0259\u015fdir\u0259n Erikli, \u0259l d\u0259ym\u0259d\u0259n son d\u0259r\u0259c\u0259 texnolojik bir \u015f\u0259kild\u0259 qayna\u011f\u0131ndan \u00e7\u0131xar\u0131lan t\u0259bii qaynaq suyu l\u0259zz\u0259tini s\u00fcfr\u0259l\u0259riniz\u0259 v\u0259 ofisl\u0259riniz\u0259 g\u0259tirir. L\u0259zz\u0259tinin m\u0259nb\u0259yini safl\u0131\u011f\u0131ndan ve t\u0259bi\u0259tin canl\u0131l\u0131\u011f\u0131ndan al\u0131r. Erikli t\u0259bii mineral suyunun m\u0259nb\u0259yi, istehsal yerind\u0259n olduqca uzaqda ve y\u00fcks\u0259kd\u0259dir, Uluda\u011f'\u0131n 2300 metr\u0259 zirv\u0259sind\u0259 t\u0259bii bir yerd\u0259dir. \\n\\nTicar\u0259t markas\u0131: Erikli\\nSuyun n\u00f6v\u00fc: i\u00e7m\u0259li\\nQaz\u0131n miqdar\u0131: qazs\u0131z\\n\u00c7\u0259ki: 0.5 lt\\nQabla\u015fd\u0131rma: \\n\\n&quot;}\" data-sheets-userformat=\"{&quot;2&quot;:10689,&quot;3&quot;:{&quot;1&quot;:0,&quot;3&quot;:1},&quot;9&quot;:0,&quot;10&quot;:0,&quot;11&quot;:4,&quot;14&quot;:{&quot;1&quot;:3,&quot;3&quot;:1},&quot;16&quot;:11}\">G\u00fcc\u00fcn\u00fc d\u00fcnyan\u0131n \u0259n \u00e7ox istifad\u0259 olunan su istehsal\u00e7\u0131s\u0131 Nestle ile birl\u0259\u015fdir\u0259n Erikli, \u0259l d\u0259ym\u0259d\u0259n son d\u0259r\u0259c\u0259 texnolojik bir \u015f\u0259kild\u0259 qayna\u011f\u0131ndan \u00e7\u0131xar\u0131lan t\u0259bii qaynaq suyu l\u0259zz\u0259tini s\u00fcfr\u0259l\u0259riniz\u0259 v\u0259 ofisl\u0259riniz\u0259 g\u0259tirir. L\u0259zz\u0259tinin m\u0259nb\u0259yini safl\u0131\u011f\u0131ndan ve t\u0259bi\u0259tin canl\u0131l\u0131\u011f\u0131ndan al\u0131r. Erikli t\u0259bii mineral suyunun m\u0259nb\u0259yi, istehsal yerind\u0259n olduqca uzaqda ve y\u00fcks\u0259kd\u0259dir, Uluda\u011f&#8217;\u0131n 2300 metr\u0259 zirv\u0259sind\u0259 t\u0259bii bir yerd\u0259dir.<\/span><\/p>\n<p>&nbsp;<\/p>","protected":false},"excerpt":{"rendered":"<p><span data-sheets-value=\"{&quot;1&quot;:2,&quot;2&quot;:&quot;G\u00fcc\u00fcn\u00fc d\u00fcnyan\u0131n \u0259n \u00e7ox istifad\u0259 olunan su istehsal\u00e7\u0131s\u0131 Nestle ile birl\u0259\u015fdir\u0259n Erikli, \u0259l d\u0259ym\u0259d\u0259n son d\u0259r\u0259c\u0259 texnolojik bir \u015f\u0259kild\u0259 qayna\u011f\u0131ndan \u00e7\u0131xar\u0131lan t\u0259bii qaynaq suyu l\u0259zz\u0259tini s\u00fcfr\u0259l\u0259riniz\u0259 v\u0259 ofisl\u0259riniz\u0259 g\u0259tirir. L\u0259zz\u0259tinin m\u0259nb\u0259yini safl\u0131\u011f\u0131ndan ve t\u0259bi\u0259tin canl\u0131l\u0131\u011f\u0131ndan al\u0131r. Erikli t\u0259bii mineral suyunun m\u0259nb\u0259yi, istehsal yerind\u0259n olduqca uzaqda ve y\u00fcks\u0259kd\u0259dir, Uluda\u011f'\u0131n 2300 metr\u0259 zirv\u0259sind\u0259 t\u0259bii bir yerd\u0259dir. \\n\\nTicar\u0259t markas\u0131: Erikli\\nSuyun n\u00f6v\u00fc: i\u00e7m\u0259li\\nQaz\u0131n miqdar\u0131: qazs\u0131z\\n\u00c7\u0259ki: 0.5 lt\\nQabla\u015fd\u0131rma: \\n\\n&quot;}\" data-sheets-userformat=\"{&quot;2&quot;:10689,&quot;3&quot;:{&quot;1&quot;:0,&quot;3&quot;:1},&quot;9&quot;:0,&quot;10&quot;:0,&quot;11&quot;:4,&quot;14&quot;:{&quot;1&quot;:3,&quot;3&quot;:1},&quot;16&quot;:11}\">Qaz\u0131n miqdar\u0131: qazs\u0131z<br \/>\n\u00c7\u0259ki: 0.5 lt<br \/>\nQabla\u015fd\u0131rma: plastik<br \/>\nTicar\u0259t markas\u0131: Erikli<br \/>\n<\/span><\/p>","protected":false},"featured_media":6561,"template":"","meta":{"_joinchat":[]},"product_brand":[],"product_cat":[232],"product_tag":[],"class_list":{"0":"post-6556","1":"product","2":"type-product","3":"status-publish","4":"has-post-thumbnail","6":"product_cat-icmli-su","8":"first","9":"instock","10":"shipping-taxable","11":"purchasable","12":"product-type-simple"},"yoast_head":"<!-- This site is optimized with the Yoast SEO plugin v27.5 - https:\/\/yoast.com\/product\/yoast-seo-wordpress\/ -->\n<title>Mineral su 0.5l Erikli - Antaris<\/title>\n<meta name=\"robots\" content=\"index, follow, max-snippet:-1, max-image-preview:large, max-video-preview:-1\" \/>\n<link rel=\"canonical\" href=\"https:\/\/antaris.az\/ru\/m\u0259hsul\/mineral-su-qazsiz-0-5lt\/\" \/>\n<meta property=\"og:locale\" content=\"ru_RU\" \/>\n<meta property=\"og:type\" content=\"article\" \/>\n<meta property=\"og:title\" content=\"Mineral su 0.5l Erikli - Antaris\" \/>\n<meta property=\"og:description\" content=\"Qaz\u0131n miqdar\u0131: qazs\u0131z \u00c7\u0259ki: 0.5 lt Qabla\u015fd\u0131rma: plastik Ticar\u0259t markas\u0131: Erikli\" \/>\n<meta property=\"og:url\" content=\"https:\/\/antaris.az\/ru\/m\u0259hsul\/mineral-su-qazsiz-0-5lt\/\" \/>\n<meta property=\"og:site_name\" content=\"Antaris\" \/>\n<meta property=\"article:publisher\" content=\"https:\/\/www.facebook.com\/antaris.az\/\" \/>\n<meta property=\"article:modified_time\" content=\"2024-11-26T13:04:08+00:00\" \/>\n<meta property=\"og:image\" content=\"https:\/\/antaris.az\/wp-content\/uploads\/2020\/04\/AN-00-00006365-Mineral-su-qazs\u0131z-0.5lt-Erikli.jpg\" \/>\n\t<meta property=\"og:image:width\" content=\"800\" \/>\n\t<meta property=\"og:image:height\" content=\"800\" \/>\n\t<meta property=\"og:image:type\" content=\"image\/jpeg\" \/>\n<script type=\"application\/ld+json\" class=\"yoast-schema-graph\">{\"@context\":\"https:\\\/\\\/schema.org\",\"@graph\":[{\"@type\":\"WebPage\",\"@id\":\"https:\\\/\\\/antaris.az\\\/m\u0259hsul\\\/mineral-su-qazsiz-0-5lt\\\/\",\"url\":\"https:\\\/\\\/antaris.az\\\/m\u0259hsul\\\/mineral-su-qazsiz-0-5lt\\\/\",\"name\":\"Mineral su 0.5l Erikli - Antaris\",\"isPartOf\":{\"@id\":\"https:\\\/\\\/antaris.az\\\/#website\"},\"primaryImageOfPage\":{\"@id\":\"https:\\\/\\\/antaris.az\\\/m\u0259hsul\\\/mineral-su-qazsiz-0-5lt\\\/#primaryimage\"},\"image\":{\"@id\":\"https:\\\/\\\/antaris.az\\\/m\u0259hsul\\\/mineral-su-qazsiz-0-5lt\\\/#primaryimage\"},\"thumbnailUrl\":\"https:\\\/\\\/antaris.az\\\/wp-content\\\/uploads\\\/2020\\\/04\\\/AN-00-00006365-Mineral-su-qazs\u0131z-0.5lt-Erikli.jpg\",\"datePublished\":\"2020-04-27T12:02:00+00:00\",\"dateModified\":\"2024-11-26T13:04:08+00:00\",\"breadcrumb\":{\"@id\":\"https:\\\/\\\/antaris.az\\\/m\u0259hsul\\\/mineral-su-qazsiz-0-5lt\\\/#breadcrumb\"},\"inLanguage\":\"ru-RU\",\"potentialAction\":[{\"@type\":\"ReadAction\",\"target\":[\"https:\\\/\\\/antaris.az\\\/m\u0259hsul\\\/mineral-su-qazsiz-0-5lt\\\/\"]}]},{\"@type\":\"ImageObject\",\"inLanguage\":\"ru-RU\",\"@id\":\"https:\\\/\\\/antaris.az\\\/m\u0259hsul\\\/mineral-su-qazsiz-0-5lt\\\/#primaryimage\",\"url\":\"https:\\\/\\\/antaris.az\\\/wp-content\\\/uploads\\\/2020\\\/04\\\/AN-00-00006365-Mineral-su-qazs\u0131z-0.5lt-Erikli.jpg\",\"contentUrl\":\"https:\\\/\\\/antaris.az\\\/wp-content\\\/uploads\\\/2020\\\/04\\\/AN-00-00006365-Mineral-su-qazs\u0131z-0.5lt-Erikli.jpg\",\"width\":800,\"height\":800,\"caption\":\"Mineral su qazs\u0131z 0.5lt Erikli\"},{\"@type\":\"BreadcrumbList\",\"@id\":\"https:\\\/\\\/antaris.az\\\/m\u0259hsul\\\/mineral-su-qazsiz-0-5lt\\\/#breadcrumb\",\"itemListElement\":[{\"@type\":\"ListItem\",\"position\":1,\"name\":\"Home\",\"item\":\"https:\\\/\\\/antaris.az\\\/\"},{\"@type\":\"ListItem\",\"position\":2,\"name\":\"Ma\u011faza\",\"item\":\"https:\\\/\\\/antaris.az\\\/ru\\\/shop\\\/\"},{\"@type\":\"ListItem\",\"position\":3,\"name\":\"Mineral su 0.5l Erikli\"}]},{\"@type\":\"WebSite\",\"@id\":\"https:\\\/\\\/antaris.az\\\/#website\",\"url\":\"https:\\\/\\\/antaris.az\\\/\",\"name\":\"Antaris\",\"description\":\"Ofis, ev, m\u0259kt\u0259b \u00fc\u00e7\u00fcn h\u0259r \u015fey\",\"publisher\":{\"@id\":\"https:\\\/\\\/antaris.az\\\/#organization\"},\"potentialAction\":[{\"@type\":\"SearchAction\",\"target\":{\"@type\":\"EntryPoint\",\"urlTemplate\":\"https:\\\/\\\/antaris.az\\\/?s={search_term_string}\"},\"query-input\":{\"@type\":\"PropertyValueSpecification\",\"valueRequired\":true,\"valueName\":\"search_term_string\"}}],\"inLanguage\":\"ru-RU\"},{\"@type\":\"Organization\",\"@id\":\"https:\\\/\\\/antaris.az\\\/#organization\",\"name\":\"Antaris QSC\",\"url\":\"https:\\\/\\\/antaris.az\\\/\",\"logo\":{\"@type\":\"ImageObject\",\"inLanguage\":\"ru-RU\",\"@id\":\"https:\\\/\\\/antaris.az\\\/#\\\/schema\\\/logo\\\/image\\\/\",\"url\":\"https:\\\/\\\/antaris.az\\\/wp-content\\\/uploads\\\/2025\\\/03\\\/Antaris-logo.png\",\"contentUrl\":\"https:\\\/\\\/antaris.az\\\/wp-content\\\/uploads\\\/2025\\\/03\\\/Antaris-logo.png\",\"width\":500,\"height\":500,\"caption\":\"Antaris QSC\"},\"image\":{\"@id\":\"https:\\\/\\\/antaris.az\\\/#\\\/schema\\\/logo\\\/image\\\/\"},\"sameAs\":[\"https:\\\/\\\/www.facebook.com\\\/antaris.az\\\/\",\"https:\\\/\\\/www.instagram.com\\\/antaris.az\\\/\"]}]}<\/script>\n<!-- \/ Yoast SEO plugin. -->","yoast_head_json":{"title":"Mineral su 0.5l Erikli - Antaris","robots":{"index":"index","follow":"follow","max-snippet":"max-snippet:-1","max-image-preview":"max-image-preview:large","max-video-preview":"max-video-preview:-1"},"canonical":"https:\/\/antaris.az\/ru\/m\u0259hsul\/mineral-su-qazsiz-0-5lt\/","og_locale":"ru_RU","og_type":"article","og_title":"Mineral su 0.5l Erikli - Antaris","og_description":"Qaz\u0131n miqdar\u0131: qazs\u0131z \u00c7\u0259ki: 0.5 lt Qabla\u015fd\u0131rma: plastik Ticar\u0259t markas\u0131: Erikli","og_url":"https:\/\/antaris.az\/ru\/m\u0259hsul\/mineral-su-qazsiz-0-5lt\/","og_site_name":"Antaris","article_publisher":"https:\/\/www.facebook.com\/antaris.az\/","article_modified_time":"2024-11-26T13:04:08+00:00","og_image":[{"width":800,"height":800,"url":"https:\/\/antaris.az\/wp-content\/uploads\/2020\/04\/AN-00-00006365-Mineral-su-qazs\u0131z-0.5lt-Erikli.jpg","type":"image\/jpeg"}],"schema":{"@context":"https:\/\/schema.org","@graph":[{"@type":"WebPage","@id":"https:\/\/antaris.az\/m\u0259hsul\/mineral-su-qazsiz-0-5lt\/","url":"https:\/\/antaris.az\/m\u0259hsul\/mineral-su-qazsiz-0-5lt\/","name":"Mineral su 0.5l Erikli - Antaris","isPartOf":{"@id":"https:\/\/antaris.az\/#website"},"primaryImageOfPage":{"@id":"https:\/\/antaris.az\/m\u0259hsul\/mineral-su-qazsiz-0-5lt\/#primaryimage"},"image":{"@id":"https:\/\/antaris.az\/m\u0259hsul\/mineral-su-qazsiz-0-5lt\/#primaryimage"},"thumbnailUrl":"https:\/\/antaris.az\/wp-content\/uploads\/2020\/04\/AN-00-00006365-Mineral-su-qazs\u0131z-0.5lt-Erikli.jpg","datePublished":"2020-04-27T12:02:00+00:00","dateModified":"2024-11-26T13:04:08+00:00","breadcrumb":{"@id":"https:\/\/antaris.az\/m\u0259hsul\/mineral-su-qazsiz-0-5lt\/#breadcrumb"},"inLanguage":"ru-RU","potentialAction":[{"@type":"ReadAction","target":["https:\/\/antaris.az\/m\u0259hsul\/mineral-su-qazsiz-0-5lt\/"]}]},{"@type":"ImageObject","inLanguage":"ru-RU","@id":"https:\/\/antaris.az\/m\u0259hsul\/mineral-su-qazsiz-0-5lt\/#primaryimage","url":"https:\/\/antaris.az\/wp-content\/uploads\/2020\/04\/AN-00-00006365-Mineral-su-qazs\u0131z-0.5lt-Erikli.jpg","contentUrl":"https:\/\/antaris.az\/wp-content\/uploads\/2020\/04\/AN-00-00006365-Mineral-su-qazs\u0131z-0.5lt-Erikli.jpg","width":800,"height":800,"caption":"Mineral su qazs\u0131z 0.5lt Erikli"},{"@type":"BreadcrumbList","@id":"https:\/\/antaris.az\/m\u0259hsul\/mineral-su-qazsiz-0-5lt\/#breadcrumb","itemListElement":[{"@type":"ListItem","position":1,"name":"Home","item":"https:\/\/antaris.az\/"},{"@type":"ListItem","position":2,"name":"Ma\u011faza","item":"https:\/\/antaris.az\/ru\/shop\/"},{"@type":"ListItem","position":3,"name":"Mineral su 0.5l Erikli"}]},{"@type":"WebSite","@id":"https:\/\/antaris.az\/#website","url":"https:\/\/antaris.az\/","name":"Antaris","description":"Ofis, ev, m\u0259kt\u0259b \u00fc\u00e7\u00fcn h\u0259r \u015fey","publisher":{"@id":"https:\/\/antaris.az\/#organization"},"potentialAction":[{"@type":"SearchAction","target":{"@type":"EntryPoint","urlTemplate":"https:\/\/antaris.az\/?s={search_term_string}"},"query-input":{"@type":"PropertyValueSpecification","valueRequired":true,"valueName":"search_term_string"}}],"inLanguage":"ru-RU"},{"@type":"Organization","@id":"https:\/\/antaris.az\/#organization","name":"\u0410\u043d\u0442\u0430\u0440\u0438\u0441 \u0417\u0410\u041e","url":"https:\/\/antaris.az\/","logo":{"@type":"ImageObject","inLanguage":"ru-RU","@id":"https:\/\/antaris.az\/#\/schema\/logo\/image\/","url":"https:\/\/antaris.az\/wp-content\/uploads\/2025\/03\/Antaris-logo.png","contentUrl":"https:\/\/antaris.az\/wp-content\/uploads\/2025\/03\/Antaris-logo.png","width":500,"height":500,"caption":"Antaris QSC"},"image":{"@id":"https:\/\/antaris.az\/#\/schema\/logo\/image\/"},"sameAs":["https:\/\/www.facebook.com\/antaris.az\/","https:\/\/www.instagram.com\/antaris.az\/"]}]}},"_links":{"self":[{"href":"https:\/\/antaris.az\/ru\/wp-json\/wp\/v2\/product\/6556","targetHints":{"allow":["GET"]}}],"collection":[{"href":"https:\/\/antaris.az\/ru\/wp-json\/wp\/v2\/product"}],"about":[{"href":"https:\/\/antaris.az\/ru\/wp-json\/wp\/v2\/types\/product"}],"version-history":[{"count":0,"href":"https:\/\/antaris.az\/ru\/wp-json\/wp\/v2\/product\/6556\/revisions"}],"wp:featuredmedia":[{"embeddable":true,"href":"https:\/\/antaris.az\/ru\/wp-json\/wp\/v2\/media\/6561"}],"wp:attachment":[{"href":"https:\/\/antaris.az\/ru\/wp-json\/wp\/v2\/media?parent=6556"}],"wp:term":[{"taxonomy":"product_brand","embeddable":true,"href":"https:\/\/antaris.az\/ru\/wp-json\/wp\/v2\/product_brand?post=6556"},{"taxonomy":"product_cat","embeddable":true,"href":"https:\/\/antaris.az\/ru\/wp-json\/wp\/v2\/product_cat?post=6556"},{"taxonomy":"product_tag","embeddable":true,"href":"https:\/\/antaris.az\/ru\/wp-json\/wp\/v2\/product_tag?post=6556"}],"curies":[{"name":"wp","href":"https:\/\/api.w.org\/{rel}","templated":true}]}}