{"id":65377,"date":"2021-10-19T20:51:47","date_gmt":"2021-10-19T17:51:47","guid":{"rendered":"http:\/\/www2.antaris.az\/?post_type=product&#038;p=65377"},"modified":"2025-01-15T10:47:48","modified_gmt":"2025-01-15T06:47:48","slug":"seyf-g-160-e-gold-griffon","status":"publish","type":"product","link":"https:\/\/antaris.az\/ru\/m\u0259hsul\/seyf-g-160-e-gold-griffon\/","title":{"rendered":"Seyf G.160.E GOLD Griffon"},"content":{"rendered":"","protected":false},"excerpt":{"rendered":"<p>Seyf n\u00f6v\u00fc: Silah<br \/>\nKilid sistemi:T\u0259k elektron kod LaGard (AB\u015e), class VDS 1<br \/>\nDaxili \u00f6l\u00e7\u00fcl\u0259ri: 1472x554x419 mm<br \/>\nBa\u011flanma n\u00f6v\u00fc: 3 t\u0259r\u0259fli 25mm-lik 6 \u0259d\u0259d riqel sistemi<br \/>\n\u00c7\u0259ki: 180 kq<br \/>\nQap\u0131 v\u0259 g\u00f6vd\u0259 metal\u0131n qal\u0131nl\u0131\u011f\u0131: 3 v\u0259 6 mm<br \/>\nR\u0259f v\u0259 kassa say\u0131: 3 v\u0259 1 \u0259d<br \/>\nH\u0259cmi: 342 l<br \/>\nSilah\u0131n maksimal h\u00fcnd\u00fcrl\u00fcy\u00fc: 1420mm<br \/>\nSilah say: 13 \u0259d<br \/>\n\u018flav\u0259 :d\u00f6\u015f\u0259m\u0259y\u0259 ba\u011flama imkan\u0131<br \/>\n\u0413\u0430\u0440\u0430\u043d\u0442\u0438\u044f \u043d\u0430 \u043a\u043e\u043d\u0441\u0442\u0440\u0443\u043a\u0446\u0438\u044e: 5 \u043b\u0435\u0442<br \/>\n\u0413\u0430\u0440\u0430\u043d\u0442\u0438\u044f \u043d\u0430 \u0437\u0430\u043c\u043e\u043a: 1 \u0433\u043e\u0434<br \/>\n\u0130stehsal\u00e7\u0131 m\u0259hsul kodu: G.160.E Gold<br \/>\n\u0422\u043e\u0440\u0433\u043e\u0432\u0430\u044f \u043c\u0430\u0440\u043a\u0430: Griffon<br \/>\n\u0421\u0442\u0440\u0430\u043d\u0430 \u043f\u0440\u043e\u0438\u0437\u0432\u043e\u0434\u0438\u0442\u0435\u043b\u044c: \u0423\u043a\u0440\u0430\u0438\u043d\u0430<\/p>","protected":false},"featured_media":65379,"template":"","meta":{"_joinchat":[]},"product_brand":[],"product_cat":[2180,756],"product_tag":[812,815],"class_list":{"0":"post-65377","1":"product","2":"type-product","3":"status-publish","4":"has-post-thumbnail","6":"product_cat-mebel","7":"product_cat-silah_seyfleri","8":"product_tag-seyf","9":"product_tag-silah-ucun-seyf","10":"pa_brand-griffon","11":"pa_kilid-sistemi-kodlu","12":"pa_novu-silah-ucun","13":"pa_reng-qara","15":"first","16":"instock","17":"sale","18":"shipping-taxable","19":"purchasable","20":"product-type-simple"},"yoast_head":"<!-- This site is optimized with the Yoast SEO plugin v27.5 - https:\/\/yoast.com\/product\/yoast-seo-wordpress\/ -->\n<title>Seyf G.160.E GOLD Griffon silah \u00fc\u00e7\u00fcn almaq Bak\u0131da - Antaris<\/title>\n<meta name=\"robots\" content=\"index, follow, max-snippet:-1, max-image-preview:large, max-video-preview:-1\" \/>\n<link rel=\"canonical\" href=\"https:\/\/antaris.az\/ru\/m\u0259hsul\/seyf-g-160-e-gold-griffon\/\" \/>\n<meta property=\"og:locale\" content=\"ru_RU\" \/>\n<meta property=\"og:type\" content=\"article\" \/>\n<meta property=\"og:title\" content=\"Seyf G.160.E GOLD Griffon silah \u00fc\u00e7\u00fcn almaq Bak\u0131da - Antaris\" \/>\n<meta property=\"og:description\" content=\"Seyf n\u00f6v\u00fc: Silah Kilid sistemi:T\u0259k elektron kod LaGard (AB\u015e), class VDS 1 Daxili \u00f6l\u00e7\u00fcl\u0259ri: 1472x554x419 mm Ba\u011flanma n\u00f6v\u00fc: 3 t\u0259r\u0259fli 25mm-lik 6 \u0259d\u0259d riqel sistemi \u00c7\u0259ki: 180 kq Qap\u0131 v\u0259 g\u00f6vd\u0259 metal\u0131n qal\u0131nl\u0131\u011f\u0131: 3 v\u0259 6 mm R\u0259f v\u0259 kassa say\u0131: 3 v\u0259 1 \u0259d H\u0259cmi: 342 l Silah\u0131n maksimal h\u00fcnd\u00fcrl\u00fcy\u00fc: 1420mm Silah say: 13 \u0259d \u018flav\u0259 :d\u00f6\u015f\u0259m\u0259y\u0259 ba\u011flama imkan\u0131 Konstruksiya z\u0259man\u0259ti : 5 il Kilid z\u0259man\u0259ti: 1 il \u0130stehsal\u00e7\u0131 m\u0259hsul kodu: G.160.E Gold Ticar\u0259t markas\u0131: Griffon \u0130stehsal \u00f6lk\u0259si: Ukrayna\" \/>\n<meta property=\"og:url\" content=\"https:\/\/antaris.az\/ru\/m\u0259hsul\/seyf-g-160-e-gold-griffon\/\" \/>\n<meta property=\"og:site_name\" content=\"Antaris\" \/>\n<meta property=\"article:publisher\" content=\"https:\/\/www.facebook.com\/antaris.az\/\" \/>\n<meta property=\"article:modified_time\" content=\"2025-01-15T06:47:48+00:00\" \/>\n<meta property=\"og:image\" content=\"https:\/\/antaris.az\/wp-content\/uploads\/2021\/10\/16.G.160.E.GOLD_close1-scaled.webp\" \/>\n\t<meta property=\"og:image:width\" content=\"2560\" \/>\n\t<meta property=\"og:image:height\" content=\"2560\" \/>\n\t<meta property=\"og:image:type\" content=\"image\/webp\" \/>\n<script type=\"application\/ld+json\" class=\"yoast-schema-graph\">{\"@context\":\"https:\\\/\\\/schema.org\",\"@graph\":[{\"@type\":\"WebPage\",\"@id\":\"https:\\\/\\\/antaris.az\\\/m\u0259hsul\\\/seyf-g-160-e-gold-griffon\\\/\",\"url\":\"https:\\\/\\\/antaris.az\\\/m\u0259hsul\\\/seyf-g-160-e-gold-griffon\\\/\",\"name\":\"Seyf G.160.E GOLD Griffon silah \u00fc\u00e7\u00fcn almaq Bak\u0131da - Antaris\",\"isPartOf\":{\"@id\":\"https:\\\/\\\/antaris.az\\\/#website\"},\"primaryImageOfPage\":{\"@id\":\"https:\\\/\\\/antaris.az\\\/m\u0259hsul\\\/seyf-g-160-e-gold-griffon\\\/#primaryimage\"},\"image\":{\"@id\":\"https:\\\/\\\/antaris.az\\\/m\u0259hsul\\\/seyf-g-160-e-gold-griffon\\\/#primaryimage\"},\"thumbnailUrl\":\"https:\\\/\\\/antaris.az\\\/wp-content\\\/uploads\\\/2021\\\/10\\\/16.G.160.E.GOLD_close1-scaled.webp\",\"datePublished\":\"2021-10-19T17:51:47+00:00\",\"dateModified\":\"2025-01-15T06:47:48+00:00\",\"breadcrumb\":{\"@id\":\"https:\\\/\\\/antaris.az\\\/m\u0259hsul\\\/seyf-g-160-e-gold-griffon\\\/#breadcrumb\"},\"inLanguage\":\"ru-RU\",\"potentialAction\":[{\"@type\":\"ReadAction\",\"target\":[\"https:\\\/\\\/antaris.az\\\/m\u0259hsul\\\/seyf-g-160-e-gold-griffon\\\/\"]}]},{\"@type\":\"ImageObject\",\"inLanguage\":\"ru-RU\",\"@id\":\"https:\\\/\\\/antaris.az\\\/m\u0259hsul\\\/seyf-g-160-e-gold-griffon\\\/#primaryimage\",\"url\":\"https:\\\/\\\/antaris.az\\\/wp-content\\\/uploads\\\/2021\\\/10\\\/16.G.160.E.GOLD_close1-scaled.webp\",\"contentUrl\":\"https:\\\/\\\/antaris.az\\\/wp-content\\\/uploads\\\/2021\\\/10\\\/16.G.160.E.GOLD_close1-scaled.webp\",\"width\":2560,\"height\":2560,\"caption\":\"seyf\"},{\"@type\":\"BreadcrumbList\",\"@id\":\"https:\\\/\\\/antaris.az\\\/m\u0259hsul\\\/seyf-g-160-e-gold-griffon\\\/#breadcrumb\",\"itemListElement\":[{\"@type\":\"ListItem\",\"position\":1,\"name\":\"Home\",\"item\":\"https:\\\/\\\/antaris.az\\\/\"},{\"@type\":\"ListItem\",\"position\":2,\"name\":\"Ma\u011faza\",\"item\":\"https:\\\/\\\/antaris.az\\\/ru\\\/shop\\\/\"},{\"@type\":\"ListItem\",\"position\":3,\"name\":\"Seyf G.160.E GOLD Griffon\"}]},{\"@type\":\"WebSite\",\"@id\":\"https:\\\/\\\/antaris.az\\\/#website\",\"url\":\"https:\\\/\\\/antaris.az\\\/\",\"name\":\"Antaris\",\"description\":\"Ofis, ev, m\u0259kt\u0259b \u00fc\u00e7\u00fcn h\u0259r \u015fey\",\"publisher\":{\"@id\":\"https:\\\/\\\/antaris.az\\\/#organization\"},\"potentialAction\":[{\"@type\":\"SearchAction\",\"target\":{\"@type\":\"EntryPoint\",\"urlTemplate\":\"https:\\\/\\\/antaris.az\\\/?s={search_term_string}\"},\"query-input\":{\"@type\":\"PropertyValueSpecification\",\"valueRequired\":true,\"valueName\":\"search_term_string\"}}],\"inLanguage\":\"ru-RU\"},{\"@type\":\"Organization\",\"@id\":\"https:\\\/\\\/antaris.az\\\/#organization\",\"name\":\"Antaris QSC\",\"url\":\"https:\\\/\\\/antaris.az\\\/\",\"logo\":{\"@type\":\"ImageObject\",\"inLanguage\":\"ru-RU\",\"@id\":\"https:\\\/\\\/antaris.az\\\/#\\\/schema\\\/logo\\\/image\\\/\",\"url\":\"https:\\\/\\\/antaris.az\\\/wp-content\\\/uploads\\\/2025\\\/03\\\/Antaris-logo.png\",\"contentUrl\":\"https:\\\/\\\/antaris.az\\\/wp-content\\\/uploads\\\/2025\\\/03\\\/Antaris-logo.png\",\"width\":500,\"height\":500,\"caption\":\"Antaris QSC\"},\"image\":{\"@id\":\"https:\\\/\\\/antaris.az\\\/#\\\/schema\\\/logo\\\/image\\\/\"},\"sameAs\":[\"https:\\\/\\\/www.facebook.com\\\/antaris.az\\\/\",\"https:\\\/\\\/www.instagram.com\\\/antaris.az\\\/\"]}]}<\/script>\n<!-- \/ Yoast SEO plugin. -->","yoast_head_json":{"title":"Seyf G.160.E GOLD Griffon silah \u00fc\u00e7\u00fcn almaq Bak\u0131da - Antaris","robots":{"index":"index","follow":"follow","max-snippet":"max-snippet:-1","max-image-preview":"max-image-preview:large","max-video-preview":"max-video-preview:-1"},"canonical":"https:\/\/antaris.az\/ru\/m\u0259hsul\/seyf-g-160-e-gold-griffon\/","og_locale":"ru_RU","og_type":"article","og_title":"Seyf G.160.E GOLD Griffon silah \u00fc\u00e7\u00fcn almaq Bak\u0131da - Antaris","og_description":"Seyf n\u00f6v\u00fc: Silah Kilid sistemi:T\u0259k elektron kod LaGard (AB\u015e), class VDS 1 Daxili \u00f6l\u00e7\u00fcl\u0259ri: 1472x554x419 mm Ba\u011flanma n\u00f6v\u00fc: 3 t\u0259r\u0259fli 25mm-lik 6 \u0259d\u0259d riqel sistemi \u00c7\u0259ki: 180 kq Qap\u0131 v\u0259 g\u00f6vd\u0259 metal\u0131n qal\u0131nl\u0131\u011f\u0131: 3 v\u0259 6 mm R\u0259f v\u0259 kassa say\u0131: 3 v\u0259 1 \u0259d H\u0259cmi: 342 l Silah\u0131n maksimal h\u00fcnd\u00fcrl\u00fcy\u00fc: 1420mm Silah say: 13 \u0259d \u018flav\u0259 :d\u00f6\u015f\u0259m\u0259y\u0259 ba\u011flama imkan\u0131 Konstruksiya z\u0259man\u0259ti : 5 il Kilid z\u0259man\u0259ti: 1 il \u0130stehsal\u00e7\u0131 m\u0259hsul kodu: G.160.E Gold Ticar\u0259t markas\u0131: Griffon \u0130stehsal \u00f6lk\u0259si: Ukrayna","og_url":"https:\/\/antaris.az\/ru\/m\u0259hsul\/seyf-g-160-e-gold-griffon\/","og_site_name":"Antaris","article_publisher":"https:\/\/www.facebook.com\/antaris.az\/","article_modified_time":"2025-01-15T06:47:48+00:00","og_image":[{"width":2560,"height":2560,"url":"https:\/\/antaris.az\/wp-content\/uploads\/2021\/10\/16.G.160.E.GOLD_close1-scaled.webp","type":"image\/webp"}],"schema":{"@context":"https:\/\/schema.org","@graph":[{"@type":"WebPage","@id":"https:\/\/antaris.az\/m\u0259hsul\/seyf-g-160-e-gold-griffon\/","url":"https:\/\/antaris.az\/m\u0259hsul\/seyf-g-160-e-gold-griffon\/","name":"Seyf G.160.E GOLD Griffon silah \u00fc\u00e7\u00fcn almaq Bak\u0131da - Antaris","isPartOf":{"@id":"https:\/\/antaris.az\/#website"},"primaryImageOfPage":{"@id":"https:\/\/antaris.az\/m\u0259hsul\/seyf-g-160-e-gold-griffon\/#primaryimage"},"image":{"@id":"https:\/\/antaris.az\/m\u0259hsul\/seyf-g-160-e-gold-griffon\/#primaryimage"},"thumbnailUrl":"https:\/\/antaris.az\/wp-content\/uploads\/2021\/10\/16.G.160.E.GOLD_close1-scaled.webp","datePublished":"2021-10-19T17:51:47+00:00","dateModified":"2025-01-15T06:47:48+00:00","breadcrumb":{"@id":"https:\/\/antaris.az\/m\u0259hsul\/seyf-g-160-e-gold-griffon\/#breadcrumb"},"inLanguage":"ru-RU","potentialAction":[{"@type":"ReadAction","target":["https:\/\/antaris.az\/m\u0259hsul\/seyf-g-160-e-gold-griffon\/"]}]},{"@type":"ImageObject","inLanguage":"ru-RU","@id":"https:\/\/antaris.az\/m\u0259hsul\/seyf-g-160-e-gold-griffon\/#primaryimage","url":"https:\/\/antaris.az\/wp-content\/uploads\/2021\/10\/16.G.160.E.GOLD_close1-scaled.webp","contentUrl":"https:\/\/antaris.az\/wp-content\/uploads\/2021\/10\/16.G.160.E.GOLD_close1-scaled.webp","width":2560,"height":2560,"caption":"seyf"},{"@type":"BreadcrumbList","@id":"https:\/\/antaris.az\/m\u0259hsul\/seyf-g-160-e-gold-griffon\/#breadcrumb","itemListElement":[{"@type":"ListItem","position":1,"name":"Home","item":"https:\/\/antaris.az\/"},{"@type":"ListItem","position":2,"name":"Ma\u011faza","item":"https:\/\/antaris.az\/ru\/shop\/"},{"@type":"ListItem","position":3,"name":"Seyf G.160.E GOLD Griffon"}]},{"@type":"WebSite","@id":"https:\/\/antaris.az\/#website","url":"https:\/\/antaris.az\/","name":"Antaris","description":"Ofis, ev, m\u0259kt\u0259b \u00fc\u00e7\u00fcn h\u0259r \u015fey","publisher":{"@id":"https:\/\/antaris.az\/#organization"},"potentialAction":[{"@type":"SearchAction","target":{"@type":"EntryPoint","urlTemplate":"https:\/\/antaris.az\/?s={search_term_string}"},"query-input":{"@type":"PropertyValueSpecification","valueRequired":true,"valueName":"search_term_string"}}],"inLanguage":"ru-RU"},{"@type":"Organization","@id":"https:\/\/antaris.az\/#organization","name":"\u0410\u043d\u0442\u0430\u0440\u0438\u0441 \u0417\u0410\u041e","url":"https:\/\/antaris.az\/","logo":{"@type":"ImageObject","inLanguage":"ru-RU","@id":"https:\/\/antaris.az\/#\/schema\/logo\/image\/","url":"https:\/\/antaris.az\/wp-content\/uploads\/2025\/03\/Antaris-logo.png","contentUrl":"https:\/\/antaris.az\/wp-content\/uploads\/2025\/03\/Antaris-logo.png","width":500,"height":500,"caption":"Antaris QSC"},"image":{"@id":"https:\/\/antaris.az\/#\/schema\/logo\/image\/"},"sameAs":["https:\/\/www.facebook.com\/antaris.az\/","https:\/\/www.instagram.com\/antaris.az\/"]}]}},"_links":{"self":[{"href":"https:\/\/antaris.az\/ru\/wp-json\/wp\/v2\/product\/65377","targetHints":{"allow":["GET"]}}],"collection":[{"href":"https:\/\/antaris.az\/ru\/wp-json\/wp\/v2\/product"}],"about":[{"href":"https:\/\/antaris.az\/ru\/wp-json\/wp\/v2\/types\/product"}],"version-history":[{"count":0,"href":"https:\/\/antaris.az\/ru\/wp-json\/wp\/v2\/product\/65377\/revisions"}],"wp:featuredmedia":[{"embeddable":true,"href":"https:\/\/antaris.az\/ru\/wp-json\/wp\/v2\/media\/65379"}],"wp:attachment":[{"href":"https:\/\/antaris.az\/ru\/wp-json\/wp\/v2\/media?parent=65377"}],"wp:term":[{"taxonomy":"product_brand","embeddable":true,"href":"https:\/\/antaris.az\/ru\/wp-json\/wp\/v2\/product_brand?post=65377"},{"taxonomy":"product_cat","embeddable":true,"href":"https:\/\/antaris.az\/ru\/wp-json\/wp\/v2\/product_cat?post=65377"},{"taxonomy":"product_tag","embeddable":true,"href":"https:\/\/antaris.az\/ru\/wp-json\/wp\/v2\/product_tag?post=65377"}],"curies":[{"name":"wp","href":"https:\/\/api.w.org\/{rel}","templated":true}]}}