{"id":65375,"date":"2021-10-19T21:56:21","date_gmt":"2021-10-19T18:56:21","guid":{"rendered":"http:\/\/www2.antaris.az\/?post_type=product&#038;p=65375"},"modified":"2025-01-15T10:47:48","modified_gmt":"2025-01-15T06:47:48","slug":"seyf-cliii-68-k-e-gold-griffon","status":"publish","type":"product","link":"https:\/\/antaris.az\/ru\/m\u0259hsul\/seyf-cliii-68-k-e-gold-griffon\/","title":{"rendered":"Seyf CLIII.68.K.E GOLD Griffon"},"content":{"rendered":"","protected":false},"excerpt":{"rendered":"<p>Seyf n\u00f6v\u00fc: Oda v\u0259 qar\u0259t\u0259davaml\u0131 seyf III d\u0259r\u0259c\u0259<br \/>\nKilid sistemi: Elektron kod + a\u00e7ar M-LOCKS (Hollandiya)<br \/>\n\u00c7\u00f6l \u00f6l\u00e7\u00fcl\u0259ri: 672x500x500 mm<br \/>\nDaxili \u00f6l\u00e7\u00fcl\u0259ri: 574x420x363 mm<br \/>\nBa\u011flanma n\u00f6v\u00fc: 3 t\u0259r\u0259fli 25mm-lik 7 \u0259d\u0259d riqel sistemi<br \/>\nOda davaml\u0131q: LFS 30P class EN 15659<br \/>\nQar\u0259t\u0259 davaml\u0131q: III class EN 1143-1:2019<br \/>\n\u00c7\u0259ki: 210 kq<br \/>\nG\u00f6vd\u0259nin qal\u0131nl\u0131\u011f\u0131: 40 mm<br \/>\nR\u0259f v\u0259 kassa say\u0131: 1 \u0259d<br \/>\n\u018flav\u0259: 1.d\u00f6\u015f\u0259m\u0259y\u0259 anker boltlar\u0131 il\u0259 ba\u011flama imkan\u0131\/ 2.seyf daxili diod i\u015fi\u011fland\u0131rma sistemi<br \/>\n\u0413\u0430\u0440\u0430\u043d\u0442\u0438\u044f \u043d\u0430 \u043a\u043e\u043d\u0441\u0442\u0440\u0443\u043a\u0446\u0438\u044e: 5 \u043b\u0435\u0442<br \/>\n\u0413\u0430\u0440\u0430\u043d\u0442\u0438\u044f \u043d\u0430 \u0437\u0430\u043c\u043e\u043a: 1 \u0433\u043e\u0434<br \/>\n\u0130stehsal\u00e7\u0131 m\u0259hsul kodu: CLIII.68.K.E Gold<br \/>\n\u0422\u043e\u0440\u0433\u043e\u0432\u0430\u044f \u043c\u0430\u0440\u043a\u0430: Griffon<br \/>\n\u0421\u0442\u0440\u0430\u043d\u0430 \u043f\u0440\u043e\u0438\u0437\u0432\u043e\u0434\u0438\u0442\u0435\u043b\u044c: \u0423\u043a\u0440\u0430\u0438\u043d\u0430<\/p>","protected":false},"featured_media":50866,"template":"","meta":{"_joinchat":[]},"product_brand":[],"product_cat":[2180,754],"product_tag":[817,818,812],"class_list":{"0":"post-65375","1":"product","2":"type-product","3":"status-publish","4":"has-post-thumbnail","6":"product_cat-mebel","7":"product_cat-oda_davamli_seyf","8":"product_tag-odadavamli-seyf","9":"product_tag-qartdavamli-seyf","10":"product_tag-seyf","11":"pa_brand-griffon","12":"pa_kilid-sistemi-kod-ve-acar","13":"pa_novu-oda-ve-qaretedavamli","14":"pa_reng-qara","16":"first","17":"instock","18":"shipping-taxable","19":"purchasable","20":"product-type-simple"},"yoast_head":"<!-- This site is optimized with the Yoast SEO plugin v27.5 - https:\/\/yoast.com\/product\/yoast-seo-wordpress\/ -->\n<title>Seyf CLIII.68.K.E GOLD Griffon almaq Bak\u0131da ucuz - Antaris<\/title>\n<meta name=\"robots\" content=\"index, follow, max-snippet:-1, max-image-preview:large, max-video-preview:-1\" \/>\n<link rel=\"canonical\" href=\"https:\/\/antaris.az\/ru\/m\u0259hsul\/seyf-cliii-68-k-e-gold-griffon\/\" \/>\n<meta property=\"og:locale\" content=\"ru_RU\" \/>\n<meta property=\"og:type\" content=\"article\" \/>\n<meta property=\"og:title\" content=\"Seyf CLIII.68.K.E GOLD Griffon almaq Bak\u0131da ucuz - Antaris\" \/>\n<meta property=\"og:description\" content=\"Seyf n\u00f6v\u00fc: Oda v\u0259 qar\u0259t\u0259davaml\u0131 seyf III d\u0259r\u0259c\u0259 Kilid sistemi: Elektron kod + a\u00e7ar M-LOCKS (Hollandiya) \u00c7\u00f6l \u00f6l\u00e7\u00fcl\u0259ri: 672x500x500 mm Daxili \u00f6l\u00e7\u00fcl\u0259ri: 574x420x363 mm Ba\u011flanma n\u00f6v\u00fc: 3 t\u0259r\u0259fli 25mm-lik 7 \u0259d\u0259d riqel sistemi Oda davaml\u0131q: LFS 30P class EN 15659 Qar\u0259t\u0259 davaml\u0131q: III class EN 1143-1:2019 \u00c7\u0259ki: 210 kq G\u00f6vd\u0259nin qal\u0131nl\u0131\u011f\u0131: 40 mm R\u0259f v\u0259 kassa say\u0131: 1 \u0259d \u018flav\u0259: 1.d\u00f6\u015f\u0259m\u0259y\u0259 anker boltlar\u0131 il\u0259 ba\u011flama imkan\u0131\/ 2.seyf daxili diod i\u015fi\u011fland\u0131rma sistemi Konstruksiya z\u0259man\u0259ti : 5 il Kilid z\u0259man\u0259ti: 1 il \u0130stehsal\u00e7\u0131 m\u0259hsul kodu: CLIII.68.K.E Gold Ticar\u0259t markas\u0131: Griffon \u0130stehsal \u00f6lk\u0259si: Ukrayna\" \/>\n<meta property=\"og:url\" content=\"https:\/\/antaris.az\/ru\/m\u0259hsul\/seyf-cliii-68-k-e-gold-griffon\/\" \/>\n<meta property=\"og:site_name\" content=\"Antaris\" \/>\n<meta property=\"article:publisher\" content=\"https:\/\/www.facebook.com\/antaris.az\/\" \/>\n<meta property=\"article:modified_time\" content=\"2025-01-15T06:47:48+00:00\" \/>\n<meta property=\"og:image\" content=\"https:\/\/antaris.az\/wp-content\/uploads\/2021\/01\/CL.III_.68.K.E-LUX-GOLD-1.jpg\" \/>\n\t<meta property=\"og:image:width\" content=\"800\" \/>\n\t<meta property=\"og:image:height\" content=\"800\" \/>\n\t<meta property=\"og:image:type\" content=\"image\/jpeg\" \/>\n<script type=\"application\/ld+json\" class=\"yoast-schema-graph\">{\"@context\":\"https:\\\/\\\/schema.org\",\"@graph\":[{\"@type\":\"WebPage\",\"@id\":\"https:\\\/\\\/antaris.az\\\/ru\\\/m\u0259hsul\\\/seyf-cliii-68-k-e-gold-griffon\\\/\",\"url\":\"https:\\\/\\\/antaris.az\\\/ru\\\/m\u0259hsul\\\/seyf-cliii-68-k-e-gold-griffon\\\/\",\"name\":\"Seyf CLIII.68.K.E GOLD Griffon almaq Bak\u0131da ucuz - Antaris\",\"isPartOf\":{\"@id\":\"https:\\\/\\\/antaris.az\\\/#website\"},\"primaryImageOfPage\":{\"@id\":\"https:\\\/\\\/antaris.az\\\/ru\\\/m\u0259hsul\\\/seyf-cliii-68-k-e-gold-griffon\\\/#primaryimage\"},\"image\":{\"@id\":\"https:\\\/\\\/antaris.az\\\/ru\\\/m\u0259hsul\\\/seyf-cliii-68-k-e-gold-griffon\\\/#primaryimage\"},\"thumbnailUrl\":\"https:\\\/\\\/antaris.az\\\/wp-content\\\/uploads\\\/2021\\\/01\\\/CL.III_.68.K.E-LUX-GOLD-1.jpg\",\"datePublished\":\"2021-10-19T18:56:21+00:00\",\"dateModified\":\"2025-01-15T06:47:48+00:00\",\"breadcrumb\":{\"@id\":\"https:\\\/\\\/antaris.az\\\/ru\\\/m\u0259hsul\\\/seyf-cliii-68-k-e-gold-griffon\\\/#breadcrumb\"},\"inLanguage\":\"ru-RU\",\"potentialAction\":[{\"@type\":\"ReadAction\",\"target\":[\"https:\\\/\\\/antaris.az\\\/ru\\\/m\u0259hsul\\\/seyf-cliii-68-k-e-gold-griffon\\\/\"]}]},{\"@type\":\"ImageObject\",\"inLanguage\":\"ru-RU\",\"@id\":\"https:\\\/\\\/antaris.az\\\/ru\\\/m\u0259hsul\\\/seyf-cliii-68-k-e-gold-griffon\\\/#primaryimage\",\"url\":\"https:\\\/\\\/antaris.az\\\/wp-content\\\/uploads\\\/2021\\\/01\\\/CL.III_.68.K.E-LUX-GOLD-1.jpg\",\"contentUrl\":\"https:\\\/\\\/antaris.az\\\/wp-content\\\/uploads\\\/2021\\\/01\\\/CL.III_.68.K.E-LUX-GOLD-1.jpg\",\"width\":800,\"height\":800,\"caption\":\"seyf\"},{\"@type\":\"BreadcrumbList\",\"@id\":\"https:\\\/\\\/antaris.az\\\/ru\\\/m\u0259hsul\\\/seyf-cliii-68-k-e-gold-griffon\\\/#breadcrumb\",\"itemListElement\":[{\"@type\":\"ListItem\",\"position\":1,\"name\":\"Home\",\"item\":\"https:\\\/\\\/antaris.az\\\/\"},{\"@type\":\"ListItem\",\"position\":2,\"name\":\"Ma\u011faza\",\"item\":\"https:\\\/\\\/antaris.az\\\/ru\\\/shop\\\/\"},{\"@type\":\"ListItem\",\"position\":3,\"name\":\"Seyf CLIII.68.K.E GOLD Griffon\"}]},{\"@type\":\"WebSite\",\"@id\":\"https:\\\/\\\/antaris.az\\\/#website\",\"url\":\"https:\\\/\\\/antaris.az\\\/\",\"name\":\"Antaris\",\"description\":\"Ofis, ev, m\u0259kt\u0259b \u00fc\u00e7\u00fcn h\u0259r \u015fey\",\"publisher\":{\"@id\":\"https:\\\/\\\/antaris.az\\\/#organization\"},\"potentialAction\":[{\"@type\":\"SearchAction\",\"target\":{\"@type\":\"EntryPoint\",\"urlTemplate\":\"https:\\\/\\\/antaris.az\\\/?s={search_term_string}\"},\"query-input\":{\"@type\":\"PropertyValueSpecification\",\"valueRequired\":true,\"valueName\":\"search_term_string\"}}],\"inLanguage\":\"ru-RU\"},{\"@type\":\"Organization\",\"@id\":\"https:\\\/\\\/antaris.az\\\/#organization\",\"name\":\"Antaris QSC\",\"url\":\"https:\\\/\\\/antaris.az\\\/\",\"logo\":{\"@type\":\"ImageObject\",\"inLanguage\":\"ru-RU\",\"@id\":\"https:\\\/\\\/antaris.az\\\/#\\\/schema\\\/logo\\\/image\\\/\",\"url\":\"https:\\\/\\\/antaris.az\\\/wp-content\\\/uploads\\\/2025\\\/03\\\/Antaris-logo.png\",\"contentUrl\":\"https:\\\/\\\/antaris.az\\\/wp-content\\\/uploads\\\/2025\\\/03\\\/Antaris-logo.png\",\"width\":500,\"height\":500,\"caption\":\"Antaris QSC\"},\"image\":{\"@id\":\"https:\\\/\\\/antaris.az\\\/#\\\/schema\\\/logo\\\/image\\\/\"},\"sameAs\":[\"https:\\\/\\\/www.facebook.com\\\/antaris.az\\\/\",\"https:\\\/\\\/www.instagram.com\\\/antaris.az\\\/\"]}]}<\/script>\n<!-- \/ Yoast SEO plugin. -->","yoast_head_json":{"title":"Seyf CLIII.68.K.E GOLD Griffon almaq Bak\u0131da ucuz - Antaris","robots":{"index":"index","follow":"follow","max-snippet":"max-snippet:-1","max-image-preview":"max-image-preview:large","max-video-preview":"max-video-preview:-1"},"canonical":"https:\/\/antaris.az\/ru\/m\u0259hsul\/seyf-cliii-68-k-e-gold-griffon\/","og_locale":"ru_RU","og_type":"article","og_title":"Seyf CLIII.68.K.E GOLD Griffon almaq Bak\u0131da ucuz - Antaris","og_description":"Seyf n\u00f6v\u00fc: Oda v\u0259 qar\u0259t\u0259davaml\u0131 seyf III d\u0259r\u0259c\u0259 Kilid sistemi: Elektron kod + a\u00e7ar M-LOCKS (Hollandiya) \u00c7\u00f6l \u00f6l\u00e7\u00fcl\u0259ri: 672x500x500 mm Daxili \u00f6l\u00e7\u00fcl\u0259ri: 574x420x363 mm Ba\u011flanma n\u00f6v\u00fc: 3 t\u0259r\u0259fli 25mm-lik 7 \u0259d\u0259d riqel sistemi Oda davaml\u0131q: LFS 30P class EN 15659 Qar\u0259t\u0259 davaml\u0131q: III class EN 1143-1:2019 \u00c7\u0259ki: 210 kq G\u00f6vd\u0259nin qal\u0131nl\u0131\u011f\u0131: 40 mm R\u0259f v\u0259 kassa say\u0131: 1 \u0259d \u018flav\u0259: 1.d\u00f6\u015f\u0259m\u0259y\u0259 anker boltlar\u0131 il\u0259 ba\u011flama imkan\u0131\/ 2.seyf daxili diod i\u015fi\u011fland\u0131rma sistemi Konstruksiya z\u0259man\u0259ti : 5 il Kilid z\u0259man\u0259ti: 1 il \u0130stehsal\u00e7\u0131 m\u0259hsul kodu: CLIII.68.K.E Gold Ticar\u0259t markas\u0131: Griffon \u0130stehsal \u00f6lk\u0259si: Ukrayna","og_url":"https:\/\/antaris.az\/ru\/m\u0259hsul\/seyf-cliii-68-k-e-gold-griffon\/","og_site_name":"Antaris","article_publisher":"https:\/\/www.facebook.com\/antaris.az\/","article_modified_time":"2025-01-15T06:47:48+00:00","og_image":[{"width":800,"height":800,"url":"https:\/\/antaris.az\/wp-content\/uploads\/2021\/01\/CL.III_.68.K.E-LUX-GOLD-1.jpg","type":"image\/jpeg"}],"schema":{"@context":"https:\/\/schema.org","@graph":[{"@type":"WebPage","@id":"https:\/\/antaris.az\/ru\/m\u0259hsul\/seyf-cliii-68-k-e-gold-griffon\/","url":"https:\/\/antaris.az\/ru\/m\u0259hsul\/seyf-cliii-68-k-e-gold-griffon\/","name":"Seyf CLIII.68.K.E GOLD Griffon almaq Bak\u0131da ucuz - Antaris","isPartOf":{"@id":"https:\/\/antaris.az\/#website"},"primaryImageOfPage":{"@id":"https:\/\/antaris.az\/ru\/m\u0259hsul\/seyf-cliii-68-k-e-gold-griffon\/#primaryimage"},"image":{"@id":"https:\/\/antaris.az\/ru\/m\u0259hsul\/seyf-cliii-68-k-e-gold-griffon\/#primaryimage"},"thumbnailUrl":"https:\/\/antaris.az\/wp-content\/uploads\/2021\/01\/CL.III_.68.K.E-LUX-GOLD-1.jpg","datePublished":"2021-10-19T18:56:21+00:00","dateModified":"2025-01-15T06:47:48+00:00","breadcrumb":{"@id":"https:\/\/antaris.az\/ru\/m\u0259hsul\/seyf-cliii-68-k-e-gold-griffon\/#breadcrumb"},"inLanguage":"ru-RU","potentialAction":[{"@type":"ReadAction","target":["https:\/\/antaris.az\/ru\/m\u0259hsul\/seyf-cliii-68-k-e-gold-griffon\/"]}]},{"@type":"ImageObject","inLanguage":"ru-RU","@id":"https:\/\/antaris.az\/ru\/m\u0259hsul\/seyf-cliii-68-k-e-gold-griffon\/#primaryimage","url":"https:\/\/antaris.az\/wp-content\/uploads\/2021\/01\/CL.III_.68.K.E-LUX-GOLD-1.jpg","contentUrl":"https:\/\/antaris.az\/wp-content\/uploads\/2021\/01\/CL.III_.68.K.E-LUX-GOLD-1.jpg","width":800,"height":800,"caption":"seyf"},{"@type":"BreadcrumbList","@id":"https:\/\/antaris.az\/ru\/m\u0259hsul\/seyf-cliii-68-k-e-gold-griffon\/#breadcrumb","itemListElement":[{"@type":"ListItem","position":1,"name":"Home","item":"https:\/\/antaris.az\/"},{"@type":"ListItem","position":2,"name":"Ma\u011faza","item":"https:\/\/antaris.az\/ru\/shop\/"},{"@type":"ListItem","position":3,"name":"Seyf CLIII.68.K.E GOLD Griffon"}]},{"@type":"WebSite","@id":"https:\/\/antaris.az\/#website","url":"https:\/\/antaris.az\/","name":"Antaris","description":"Ofis, ev, m\u0259kt\u0259b \u00fc\u00e7\u00fcn h\u0259r \u015fey","publisher":{"@id":"https:\/\/antaris.az\/#organization"},"potentialAction":[{"@type":"SearchAction","target":{"@type":"EntryPoint","urlTemplate":"https:\/\/antaris.az\/?s={search_term_string}"},"query-input":{"@type":"PropertyValueSpecification","valueRequired":true,"valueName":"search_term_string"}}],"inLanguage":"ru-RU"},{"@type":"Organization","@id":"https:\/\/antaris.az\/#organization","name":"\u0410\u043d\u0442\u0430\u0440\u0438\u0441 \u0417\u0410\u041e","url":"https:\/\/antaris.az\/","logo":{"@type":"ImageObject","inLanguage":"ru-RU","@id":"https:\/\/antaris.az\/#\/schema\/logo\/image\/","url":"https:\/\/antaris.az\/wp-content\/uploads\/2025\/03\/Antaris-logo.png","contentUrl":"https:\/\/antaris.az\/wp-content\/uploads\/2025\/03\/Antaris-logo.png","width":500,"height":500,"caption":"Antaris QSC"},"image":{"@id":"https:\/\/antaris.az\/#\/schema\/logo\/image\/"},"sameAs":["https:\/\/www.facebook.com\/antaris.az\/","https:\/\/www.instagram.com\/antaris.az\/"]}]}},"_links":{"self":[{"href":"https:\/\/antaris.az\/ru\/wp-json\/wp\/v2\/product\/65375","targetHints":{"allow":["GET"]}}],"collection":[{"href":"https:\/\/antaris.az\/ru\/wp-json\/wp\/v2\/product"}],"about":[{"href":"https:\/\/antaris.az\/ru\/wp-json\/wp\/v2\/types\/product"}],"version-history":[{"count":0,"href":"https:\/\/antaris.az\/ru\/wp-json\/wp\/v2\/product\/65375\/revisions"}],"wp:featuredmedia":[{"embeddable":true,"href":"https:\/\/antaris.az\/ru\/wp-json\/wp\/v2\/media\/50866"}],"wp:attachment":[{"href":"https:\/\/antaris.az\/ru\/wp-json\/wp\/v2\/media?parent=65375"}],"wp:term":[{"taxonomy":"product_brand","embeddable":true,"href":"https:\/\/antaris.az\/ru\/wp-json\/wp\/v2\/product_brand?post=65375"},{"taxonomy":"product_cat","embeddable":true,"href":"https:\/\/antaris.az\/ru\/wp-json\/wp\/v2\/product_cat?post=65375"},{"taxonomy":"product_tag","embeddable":true,"href":"https:\/\/antaris.az\/ru\/wp-json\/wp\/v2\/product_tag?post=65375"}],"curies":[{"name":"wp","href":"https:\/\/api.w.org\/{rel}","templated":true}]}}