{"id":6509,"date":"2020-04-27T14:47:14","date_gmt":"2020-04-27T11:47:14","guid":{"rendered":"http:\/\/www2.antaris.az\/?post_type=product&#038;p=6509"},"modified":"2025-09-01T17:15:06","modified_gmt":"2025-09-01T13:15:06","slug":"konfet-c%c9%99ki-il%c9%99-250qr-bounty","status":"publish","type":"product","link":"https:\/\/antaris.az\/ru\/m\u0259hsul\/konfet-c%c9%99ki-il%c9%99-250qr-bounty\/","title":{"rendered":"Konfet \u00e7\u0259ki il\u0259 500 Bounty"},"content":{"rendered":"<p><span data-sheets-value=\"{&quot;1&quot;:2,&quot;2&quot;:&quot;G\u00fcn boyu inan\u0131lmaz z\u00f6vq v\u0259 xo\u015fb\u0259xt anlar b\u0259x\u015f etm\u0259k \u00fc\u00e7\u00fcn yarad\u0131lan h\u0259ssas, s\u00fcdl\u00fc, \u015fokoladl\u0131 hindistan cevizi pulpunun l\u00fcks birl\u0259\u015fm\u0259sidir. \u00c7\u0259tin ki, d\u00fcnyada hindistan cevizi desertinin p\u0259r\u0259sti\u015fkarlar\u0131 aras\u0131nda, kims\u0259 Bounty \u2013 ni dadmas\u0131n. Ki\u00e7ik \u00f6l\u00e7\u00fcl\u00fc dadl\u0131 \u015firniyyatlar i\u015f\u0259 v\u0259 ya ziyar\u0259t etm\u0259k \u00fc\u00e7\u00fcn, h\u0259m\u00e7inin u\u015fa\u011f\u0131n\u0131z\u0131n m\u0259kt\u0259b\u0259 v\u0259 \u0259lav\u0259 d\u0259rsl\u0259r\u0259 getdikd\u0259 verilm\u0259si \u00fc\u00e7\u00fcn ideal se\u00e7imdir. Ofisd\u0259 v\u0259 ya ev divarlar\u0131nda l\u0259zz\u0259tli bir \u00e7ay s\u00fcfr\u0259si \u00fc\u00e7\u00fcn toplanaraq \u00e7oxsayl\u0131 dostlarla b\u00f6l\u00fc\u015fm\u0259k daha asand\u0131r.\\n\\n\\n\\nTicar\u0259t markas\u0131: Bounty\\nDad: s\u00fcdl\u00fc\\n\u018flav\u0259si: kokos\\nForma: baton\\n\u00c7\u0259ki: 250 qr\\nQabla\u015fd\u0131rma: yum\u015faq\\nRaf \u00f6mr\u00fc: 8 ay\\n&quot;}\" data-sheets-userformat=\"{&quot;2&quot;:10689,&quot;3&quot;:{&quot;1&quot;:0,&quot;3&quot;:1},&quot;9&quot;:0,&quot;10&quot;:0,&quot;11&quot;:4,&quot;14&quot;:{&quot;1&quot;:2,&quot;2&quot;:16711680},&quot;16&quot;:11}\">G\u00fcn boyu inan\u0131lmaz z\u00f6vq v\u0259 xo\u015fb\u0259xt anlar b\u0259x\u015f etm\u0259k \u00fc\u00e7\u00fcn yarad\u0131lan h\u0259ssas, s\u00fcdl\u00fc, \u015fokoladl\u0131 hindistan cevizi pulpunun l\u00fcks birl\u0259\u015fm\u0259sidir. \u00c7\u0259tin ki, d\u00fcnyada hindistan cevizi desertinin p\u0259r\u0259sti\u015fkarlar\u0131 aras\u0131nda, kims\u0259 Bounty \u2013 ni dadmas\u0131n. Ki\u00e7ik \u00f6l\u00e7\u00fcl\u00fc dadl\u0131 \u015firniyyatlar i\u015f\u0259 v\u0259 ya ziyar\u0259t etm\u0259k \u00fc\u00e7\u00fcn, h\u0259m\u00e7inin u\u015fa\u011f\u0131n\u0131z\u0131n m\u0259kt\u0259b\u0259 v\u0259 \u0259lav\u0259 d\u0259rsl\u0259r\u0259 getdikd\u0259 verilm\u0259si \u00fc\u00e7\u00fcn ideal se\u00e7imdir. Ofisd\u0259 v\u0259 ya ev divarlar\u0131nda l\u0259zz\u0259tli bir \u00e7ay s\u00fcfr\u0259si \u00fc\u00e7\u00fcn toplanaraq \u00e7oxsayl\u0131 dostlarla b\u00f6l\u00fc\u015fm\u0259k daha asand\u0131r.<\/span><\/p>\n<p>&nbsp;<\/p>\n<p>&nbsp;<\/p>","protected":false},"excerpt":{"rendered":"<p><span data-sheets-value=\"{&quot;1&quot;:2,&quot;2&quot;:&quot;Twix x\u0131rt\u0131ldayan q\u0131sa \u00e7\u00f6r\u0259k pe\u00e7enyel\u0259rind\u0259n, bir qat yum\u015faq karameld\u0259n v\u0259 inc\u0259 s\u00fcd \u015fokolad\u0131ndan haz\u0131rlanan m\u0259\u015fhur \u00e7ubuqlard\u0131r. Ki\u00e7ik \u00f6l\u00e7\u00fcl\u00fc dadl\u0131 \u015firniyyatlar i\u015f\u0259 v\u0259 ya ziyar\u0259t etm\u0259k \u00fc\u00e7\u00fcn, h\u0259m\u00e7inin u\u015fa\u011f\u0131n\u0131z\u0131n m\u0259kt\u0259b\u0259 v\u0259 \u0259lav\u0259 d\u0259rsl\u0259r\u0259 getdikd\u0259 verilm\u0259si \u00fc\u00e7\u00fcn ideal se\u00e7imdir. Ofisd\u0259 v\u0259 ya evd\u0259 m\u00fck\u0259mm\u0259l bir \u00e7ay s\u00fcfr\u0259si \u00fc\u00e7\u00fcn toplanaraq \u00e7oxsayl\u0131 dostlarla b\u00f6l\u00fc\u015fm\u0259k \u00fc\u00e7\u00fcn \u0259la se\u00e7imdir.nnnnTicar\u0259t markas\u0131: TwixnDad: s\u00fcdl\u00fcnForma: batonn\u00c7\u0259ki: 250 qrnQabla\u015fd\u0131rma: yum\u015faqnRaf \u00f6mr\u00fc: 7 aynn&quot;}\" data-sheets-userformat=\"{&quot;2&quot;:10689,&quot;3&quot;:{&quot;1&quot;:0,&quot;3&quot;:1},&quot;9&quot;:0,&quot;10&quot;:0,&quot;11&quot;:4,&quot;14&quot;:{&quot;1&quot;:3,&quot;3&quot;:1},&quot;16&quot;:11}\">Ticar\u0259t markas\u0131: Bounty<br \/>\nDad: s\u00fcdl\u00fc<br \/>\n\u018flav\u0259si: kokos<br \/>\nForma: baton<br \/>\n\u00c7\u0259ki: 500 qr<br \/>\nQabla\u015fd\u0131rma: yum\u015faq<br \/>\nR\u0259f \u00f6mr\u00fc: 8 ay<\/span><\/p>","protected":false},"featured_media":6515,"template":"","meta":{"_joinchat":[]},"product_brand":[],"product_cat":[233],"product_tag":[],"class_list":{"0":"post-6509","1":"product","2":"type-product","3":"status-publish","4":"has-post-thumbnail","6":"product_cat-sirniyyat","8":"first","9":"instock","10":"shipping-taxable","11":"product-type-simple"},"yoast_head":"<!-- This site is optimized with the Yoast SEO plugin v27.5 - https:\/\/yoast.com\/product\/yoast-seo-wordpress\/ -->\n<title>Konfet \u00e7\u0259ki il\u0259 500 Bounty - Antaris<\/title>\n<meta name=\"description\" content=\"Konfet \u00e7\u0259ki il\u0259 500 Bounty\" \/>\n<meta name=\"robots\" content=\"index, follow, max-snippet:-1, max-image-preview:large, max-video-preview:-1\" \/>\n<link rel=\"canonical\" href=\"https:\/\/antaris.az\/ru\/m\u0259hsul\/konfet-c\u0259ki-il\u0259-250qr-bounty\/\" \/>\n<meta property=\"og:locale\" content=\"ru_RU\" \/>\n<meta property=\"og:type\" content=\"article\" \/>\n<meta property=\"og:title\" content=\"Konfet \u00e7\u0259ki il\u0259 500 Bounty - Antaris\" \/>\n<meta property=\"og:description\" content=\"Konfet \u00e7\u0259ki il\u0259 500 Bounty\" \/>\n<meta property=\"og:url\" content=\"https:\/\/antaris.az\/ru\/m\u0259hsul\/konfet-c\u0259ki-il\u0259-250qr-bounty\/\" \/>\n<meta property=\"og:site_name\" content=\"Antaris\" \/>\n<meta property=\"article:publisher\" content=\"https:\/\/www.facebook.com\/antaris.az\/\" \/>\n<meta property=\"article:modified_time\" content=\"2025-09-01T13:15:06+00:00\" \/>\n<meta property=\"og:image\" content=\"https:\/\/antaris.az\/wp-content\/uploads\/2020\/04\/AN-00-00000770-Konfet-\u00e7\u0259ki-il\u0259-250qr-Bounty.jpg\" \/>\n\t<meta property=\"og:image:width\" content=\"800\" \/>\n\t<meta property=\"og:image:height\" content=\"800\" \/>\n\t<meta property=\"og:image:type\" content=\"image\/jpeg\" \/>\n<script type=\"application\/ld+json\" class=\"yoast-schema-graph\">{\"@context\":\"https:\\\/\\\/schema.org\",\"@graph\":[{\"@type\":\"WebPage\",\"@id\":\"https:\\\/\\\/antaris.az\\\/m\u0259hsul\\\/konfet-c%c9%99ki-il%c9%99-250qr-bounty\\\/\",\"url\":\"https:\\\/\\\/antaris.az\\\/m\u0259hsul\\\/konfet-c%c9%99ki-il%c9%99-250qr-bounty\\\/\",\"name\":\"Konfet \u00e7\u0259ki il\u0259 500 Bounty - Antaris\",\"isPartOf\":{\"@id\":\"https:\\\/\\\/antaris.az\\\/#website\"},\"primaryImageOfPage\":{\"@id\":\"https:\\\/\\\/antaris.az\\\/m\u0259hsul\\\/konfet-c%c9%99ki-il%c9%99-250qr-bounty\\\/#primaryimage\"},\"image\":{\"@id\":\"https:\\\/\\\/antaris.az\\\/m\u0259hsul\\\/konfet-c%c9%99ki-il%c9%99-250qr-bounty\\\/#primaryimage\"},\"thumbnailUrl\":\"https:\\\/\\\/antaris.az\\\/wp-content\\\/uploads\\\/2020\\\/04\\\/AN-00-00000770-Konfet-\u00e7\u0259ki-il\u0259-250qr-Bounty.jpg\",\"datePublished\":\"2020-04-27T11:47:14+00:00\",\"dateModified\":\"2025-09-01T13:15:06+00:00\",\"description\":\"Konfet \u00e7\u0259ki il\u0259 500 Bounty\",\"breadcrumb\":{\"@id\":\"https:\\\/\\\/antaris.az\\\/m\u0259hsul\\\/konfet-c%c9%99ki-il%c9%99-250qr-bounty\\\/#breadcrumb\"},\"inLanguage\":\"ru-RU\",\"potentialAction\":[{\"@type\":\"ReadAction\",\"target\":[\"https:\\\/\\\/antaris.az\\\/m\u0259hsul\\\/konfet-c%c9%99ki-il%c9%99-250qr-bounty\\\/\"]}]},{\"@type\":\"ImageObject\",\"inLanguage\":\"ru-RU\",\"@id\":\"https:\\\/\\\/antaris.az\\\/m\u0259hsul\\\/konfet-c%c9%99ki-il%c9%99-250qr-bounty\\\/#primaryimage\",\"url\":\"https:\\\/\\\/antaris.az\\\/wp-content\\\/uploads\\\/2020\\\/04\\\/AN-00-00000770-Konfet-\u00e7\u0259ki-il\u0259-250qr-Bounty.jpg\",\"contentUrl\":\"https:\\\/\\\/antaris.az\\\/wp-content\\\/uploads\\\/2020\\\/04\\\/AN-00-00000770-Konfet-\u00e7\u0259ki-il\u0259-250qr-Bounty.jpg\",\"width\":800,\"height\":800,\"caption\":\"Konfet \u00e7\u0259ki il\u0259 250qr Bounty\"},{\"@type\":\"BreadcrumbList\",\"@id\":\"https:\\\/\\\/antaris.az\\\/m\u0259hsul\\\/konfet-c%c9%99ki-il%c9%99-250qr-bounty\\\/#breadcrumb\",\"itemListElement\":[{\"@type\":\"ListItem\",\"position\":1,\"name\":\"Home\",\"item\":\"https:\\\/\\\/antaris.az\\\/\"},{\"@type\":\"ListItem\",\"position\":2,\"name\":\"Ma\u011faza\",\"item\":\"https:\\\/\\\/antaris.az\\\/ru\\\/shop\\\/\"},{\"@type\":\"ListItem\",\"position\":3,\"name\":\"Konfet \u00e7\u0259ki il\u0259 500 Bounty\"}]},{\"@type\":\"WebSite\",\"@id\":\"https:\\\/\\\/antaris.az\\\/#website\",\"url\":\"https:\\\/\\\/antaris.az\\\/\",\"name\":\"Antaris\",\"description\":\"Ofis, ev, m\u0259kt\u0259b \u00fc\u00e7\u00fcn h\u0259r \u015fey\",\"publisher\":{\"@id\":\"https:\\\/\\\/antaris.az\\\/#organization\"},\"potentialAction\":[{\"@type\":\"SearchAction\",\"target\":{\"@type\":\"EntryPoint\",\"urlTemplate\":\"https:\\\/\\\/antaris.az\\\/?s={search_term_string}\"},\"query-input\":{\"@type\":\"PropertyValueSpecification\",\"valueRequired\":true,\"valueName\":\"search_term_string\"}}],\"inLanguage\":\"ru-RU\"},{\"@type\":\"Organization\",\"@id\":\"https:\\\/\\\/antaris.az\\\/#organization\",\"name\":\"Antaris QSC\",\"url\":\"https:\\\/\\\/antaris.az\\\/\",\"logo\":{\"@type\":\"ImageObject\",\"inLanguage\":\"ru-RU\",\"@id\":\"https:\\\/\\\/antaris.az\\\/#\\\/schema\\\/logo\\\/image\\\/\",\"url\":\"https:\\\/\\\/antaris.az\\\/wp-content\\\/uploads\\\/2025\\\/03\\\/Antaris-logo.png\",\"contentUrl\":\"https:\\\/\\\/antaris.az\\\/wp-content\\\/uploads\\\/2025\\\/03\\\/Antaris-logo.png\",\"width\":500,\"height\":500,\"caption\":\"Antaris QSC\"},\"image\":{\"@id\":\"https:\\\/\\\/antaris.az\\\/#\\\/schema\\\/logo\\\/image\\\/\"},\"sameAs\":[\"https:\\\/\\\/www.facebook.com\\\/antaris.az\\\/\",\"https:\\\/\\\/www.instagram.com\\\/antaris.az\\\/\"]}]}<\/script>\n<!-- \/ Yoast SEO plugin. -->","yoast_head_json":{"title":"Konfet \u00e7\u0259ki il\u0259 500 Bounty - Antaris","description":"Konfet \u00e7\u0259ki il\u0259 500 Bounty","robots":{"index":"index","follow":"follow","max-snippet":"max-snippet:-1","max-image-preview":"max-image-preview:large","max-video-preview":"max-video-preview:-1"},"canonical":"https:\/\/antaris.az\/ru\/m\u0259hsul\/konfet-c\u0259ki-il\u0259-250qr-bounty\/","og_locale":"ru_RU","og_type":"article","og_title":"Konfet \u00e7\u0259ki il\u0259 500 Bounty - Antaris","og_description":"Konfet \u00e7\u0259ki il\u0259 500 Bounty","og_url":"https:\/\/antaris.az\/ru\/m\u0259hsul\/konfet-c\u0259ki-il\u0259-250qr-bounty\/","og_site_name":"Antaris","article_publisher":"https:\/\/www.facebook.com\/antaris.az\/","article_modified_time":"2025-09-01T13:15:06+00:00","og_image":[{"width":800,"height":800,"url":"https:\/\/antaris.az\/wp-content\/uploads\/2020\/04\/AN-00-00000770-Konfet-\u00e7\u0259ki-il\u0259-250qr-Bounty.jpg","type":"image\/jpeg"}],"schema":{"@context":"https:\/\/schema.org","@graph":[{"@type":"WebPage","@id":"https:\/\/antaris.az\/m\u0259hsul\/konfet-c%c9%99ki-il%c9%99-250qr-bounty\/","url":"https:\/\/antaris.az\/m\u0259hsul\/konfet-c%c9%99ki-il%c9%99-250qr-bounty\/","name":"Konfet \u00e7\u0259ki il\u0259 500 Bounty - Antaris","isPartOf":{"@id":"https:\/\/antaris.az\/#website"},"primaryImageOfPage":{"@id":"https:\/\/antaris.az\/m\u0259hsul\/konfet-c%c9%99ki-il%c9%99-250qr-bounty\/#primaryimage"},"image":{"@id":"https:\/\/antaris.az\/m\u0259hsul\/konfet-c%c9%99ki-il%c9%99-250qr-bounty\/#primaryimage"},"thumbnailUrl":"https:\/\/antaris.az\/wp-content\/uploads\/2020\/04\/AN-00-00000770-Konfet-\u00e7\u0259ki-il\u0259-250qr-Bounty.jpg","datePublished":"2020-04-27T11:47:14+00:00","dateModified":"2025-09-01T13:15:06+00:00","description":"Konfet \u00e7\u0259ki il\u0259 500 Bounty","breadcrumb":{"@id":"https:\/\/antaris.az\/m\u0259hsul\/konfet-c%c9%99ki-il%c9%99-250qr-bounty\/#breadcrumb"},"inLanguage":"ru-RU","potentialAction":[{"@type":"ReadAction","target":["https:\/\/antaris.az\/m\u0259hsul\/konfet-c%c9%99ki-il%c9%99-250qr-bounty\/"]}]},{"@type":"ImageObject","inLanguage":"ru-RU","@id":"https:\/\/antaris.az\/m\u0259hsul\/konfet-c%c9%99ki-il%c9%99-250qr-bounty\/#primaryimage","url":"https:\/\/antaris.az\/wp-content\/uploads\/2020\/04\/AN-00-00000770-Konfet-\u00e7\u0259ki-il\u0259-250qr-Bounty.jpg","contentUrl":"https:\/\/antaris.az\/wp-content\/uploads\/2020\/04\/AN-00-00000770-Konfet-\u00e7\u0259ki-il\u0259-250qr-Bounty.jpg","width":800,"height":800,"caption":"Konfet \u00e7\u0259ki il\u0259 250qr Bounty"},{"@type":"BreadcrumbList","@id":"https:\/\/antaris.az\/m\u0259hsul\/konfet-c%c9%99ki-il%c9%99-250qr-bounty\/#breadcrumb","itemListElement":[{"@type":"ListItem","position":1,"name":"Home","item":"https:\/\/antaris.az\/"},{"@type":"ListItem","position":2,"name":"Ma\u011faza","item":"https:\/\/antaris.az\/ru\/shop\/"},{"@type":"ListItem","position":3,"name":"Konfet \u00e7\u0259ki il\u0259 500 Bounty"}]},{"@type":"WebSite","@id":"https:\/\/antaris.az\/#website","url":"https:\/\/antaris.az\/","name":"Antaris","description":"Ofis, ev, m\u0259kt\u0259b \u00fc\u00e7\u00fcn h\u0259r \u015fey","publisher":{"@id":"https:\/\/antaris.az\/#organization"},"potentialAction":[{"@type":"SearchAction","target":{"@type":"EntryPoint","urlTemplate":"https:\/\/antaris.az\/?s={search_term_string}"},"query-input":{"@type":"PropertyValueSpecification","valueRequired":true,"valueName":"search_term_string"}}],"inLanguage":"ru-RU"},{"@type":"Organization","@id":"https:\/\/antaris.az\/#organization","name":"\u0410\u043d\u0442\u0430\u0440\u0438\u0441 \u0417\u0410\u041e","url":"https:\/\/antaris.az\/","logo":{"@type":"ImageObject","inLanguage":"ru-RU","@id":"https:\/\/antaris.az\/#\/schema\/logo\/image\/","url":"https:\/\/antaris.az\/wp-content\/uploads\/2025\/03\/Antaris-logo.png","contentUrl":"https:\/\/antaris.az\/wp-content\/uploads\/2025\/03\/Antaris-logo.png","width":500,"height":500,"caption":"Antaris QSC"},"image":{"@id":"https:\/\/antaris.az\/#\/schema\/logo\/image\/"},"sameAs":["https:\/\/www.facebook.com\/antaris.az\/","https:\/\/www.instagram.com\/antaris.az\/"]}]}},"_links":{"self":[{"href":"https:\/\/antaris.az\/ru\/wp-json\/wp\/v2\/product\/6509","targetHints":{"allow":["GET"]}}],"collection":[{"href":"https:\/\/antaris.az\/ru\/wp-json\/wp\/v2\/product"}],"about":[{"href":"https:\/\/antaris.az\/ru\/wp-json\/wp\/v2\/types\/product"}],"version-history":[{"count":0,"href":"https:\/\/antaris.az\/ru\/wp-json\/wp\/v2\/product\/6509\/revisions"}],"wp:featuredmedia":[{"embeddable":true,"href":"https:\/\/antaris.az\/ru\/wp-json\/wp\/v2\/media\/6515"}],"wp:attachment":[{"href":"https:\/\/antaris.az\/ru\/wp-json\/wp\/v2\/media?parent=6509"}],"wp:term":[{"taxonomy":"product_brand","embeddable":true,"href":"https:\/\/antaris.az\/ru\/wp-json\/wp\/v2\/product_brand?post=6509"},{"taxonomy":"product_cat","embeddable":true,"href":"https:\/\/antaris.az\/ru\/wp-json\/wp\/v2\/product_cat?post=6509"},{"taxonomy":"product_tag","embeddable":true,"href":"https:\/\/antaris.az\/ru\/wp-json\/wp\/v2\/product_tag?post=6509"}],"curies":[{"name":"wp","href":"https:\/\/api.w.org\/{rel}","templated":true}]}}