{"id":6504,"date":"2020-04-27T14:45:21","date_gmt":"2020-04-27T11:45:21","guid":{"rendered":"http:\/\/www2.antaris.az\/?post_type=product&#038;p=6504"},"modified":"2025-09-01T17:13:10","modified_gmt":"2025-09-01T13:13:10","slug":"konfet-c%c9%99ki-il%c9%99-250qr-mars","status":"publish","type":"product","link":"https:\/\/antaris.az\/ru\/m\u0259hsul\/konfet-c%c9%99ki-il%c9%99-250qr-mars\/","title":{"rendered":"Konfet \u00e7\u0259ki il\u0259 500qr Mars"},"content":{"rendered":"<p><span data-sheets-value=\"{&quot;1&quot;:2,&quot;2&quot;:&quot;M\u0259\u015fhur Mars batonunun mini versiyas\u0131d\u0131r. He\u00e7 t\u0259qdimata ehtiyac\u0131 yoxdur v\u0259 dem\u0259k olar ki, h\u0259r \u015firin yey\u0259n \u00fc\u00e7\u00fcn tan\u0131\u015fd\u0131r. M\u00f6ht\u0259\u015f\u0259m bir \u015fokolad t\u0259b\u0259q\u0259si, d\u00fcnyan\u0131n h\u0259r yerind\u0259 istehlak\u00e7\u0131lar\u0131n sevgisini qazanan nuqa v\u0259 yum\u015faq karamel doldurulmas\u0131n\u0131 gizl\u0259dir. L\u0259zz\u0259tli Mars \u015fokolad batonu acl\u0131\u011f\u0131n\u0131z\u0131 t\u0259min etm\u0259y\u0259, nikbin bir ruh hal\u0131na g\u0259tirm\u0259y\u0259 v\u0259 h\u0259d\u0259fl\u0259riniz\u0259 \u00e7atmaq \u00fc\u00e7\u00fcn enerji dolu hiss etm\u0259y\u0259 k\u00f6m\u0259k ed\u0259c\u0259kdir.\\n\\n\\nTicar\u0259t markas\u0131: mars\\nDad: s\u00fcdl\u00fc\\n\u018flav\u0259si: karamel, nuqa\\nForma: baton\\n\u00c7\u0259ki: 250 qr\\nQabla\u015fd\u0131rma: yum\u015faq\\nRaf \u00f6mr\u00fc: 7 ay\\n\\n&quot;}\" data-sheets-userformat=\"{&quot;2&quot;:10689,&quot;3&quot;:{&quot;1&quot;:0,&quot;3&quot;:1},&quot;9&quot;:0,&quot;10&quot;:0,&quot;11&quot;:4,&quot;14&quot;:{&quot;1&quot;:3,&quot;3&quot;:1},&quot;16&quot;:11}\">M\u0259\u015fhur Mars batonunun mini versiyas\u0131d\u0131r. He\u00e7 t\u0259qdimata ehtiyac\u0131 yoxdur v\u0259 dem\u0259k olar ki, h\u0259r \u015firin yey\u0259n \u00fc\u00e7\u00fcn tan\u0131\u015fd\u0131r. M\u00f6ht\u0259\u015f\u0259m bir \u015fokolad t\u0259b\u0259q\u0259si, d\u00fcnyan\u0131n h\u0259r yerind\u0259 istehlak\u00e7\u0131lar\u0131n sevgisini qazanan nuqa v\u0259 yum\u015faq karamel doldurulmas\u0131n\u0131 gizl\u0259dir. L\u0259zz\u0259tli Mars \u015fokolad batonu acl\u0131\u011f\u0131n\u0131z\u0131 t\u0259min etm\u0259y\u0259, nikbin bir ruh hal\u0131na g\u0259tirm\u0259y\u0259 v\u0259 h\u0259d\u0259fl\u0259riniz\u0259 \u00e7atmaq \u00fc\u00e7\u00fcn enerji dolu hiss etm\u0259y\u0259 k\u00f6m\u0259k ed\u0259c\u0259kdir.<br \/>\n<\/span><\/p>","protected":false},"excerpt":{"rendered":"<p><span data-sheets-value=\"{&quot;1&quot;:2,&quot;2&quot;:&quot;M\u0259\u015fhur Mars batonunun mini versiyas\u0131d\u0131r. He\u00e7 t\u0259qdimata ehtiyac\u0131 yoxdur v\u0259 dem\u0259k olar ki, h\u0259r \u015firin yey\u0259n \u00fc\u00e7\u00fcn tan\u0131\u015fd\u0131r. M\u00f6ht\u0259\u015f\u0259m bir \u015fokolad t\u0259b\u0259q\u0259si, d\u00fcnyan\u0131n h\u0259r yerind\u0259 istehlak\u00e7\u0131lar\u0131n sevgisini qazanan nuqa v\u0259 yum\u015faq karamel doldurulmas\u0131n\u0131 gizl\u0259dir. L\u0259zz\u0259tli Mars \u015fokolad batonu acl\u0131\u011f\u0131n\u0131z\u0131 t\u0259min etm\u0259y\u0259, nikbin bir ruh hal\u0131na g\u0259tirm\u0259y\u0259 v\u0259 h\u0259d\u0259fl\u0259riniz\u0259 \u00e7atmaq \u00fc\u00e7\u00fcn enerji dolu hiss etm\u0259y\u0259 k\u00f6m\u0259k ed\u0259c\u0259kdir.\\n\\n\\nTicar\u0259t markas\u0131: mars\\nDad: s\u00fcdl\u00fc\\n\u018flav\u0259si: karamel, nuqa\\nForma: baton\\n\u00c7\u0259ki: 250 qr\\nQabla\u015fd\u0131rma: yum\u015faq\\nRaf \u00f6mr\u00fc: 7 ay\\n\\n&quot;}\" data-sheets-userformat=\"{&quot;2&quot;:10689,&quot;3&quot;:{&quot;1&quot;:0,&quot;3&quot;:1},&quot;9&quot;:0,&quot;10&quot;:0,&quot;11&quot;:4,&quot;14&quot;:{&quot;1&quot;:3,&quot;3&quot;:1},&quot;16&quot;:11}\"><br \/>\nTicar\u0259t markas\u0131: Mars<br \/>\nDad: s\u00fcdl\u00fc<br \/>\n\u018flav\u0259si: karamel, nuqa<br \/>\nForma: baton<br \/>\n\u00c7\u0259ki: 500 qr<br \/>\nQabla\u015fd\u0131rma: yum\u015faq<br \/>\nRaf \u00f6mr\u00fc: 7 ay<\/span><\/p>\n<p>&nbsp;<\/p>\n<p>&nbsp;<\/p>\n<p><span data-sheets-value=\"{&quot;1&quot;:2,&quot;2&quot;:&quot;Twix x\u0131rt\u0131ldayan q\u0131sa \u00e7\u00f6r\u0259k pe\u00e7enyel\u0259rind\u0259n, bir qat yum\u015faq karameld\u0259n v\u0259 inc\u0259 s\u00fcd \u015fokolad\u0131ndan haz\u0131rlanan m\u0259\u015fhur \u00e7ubuqlard\u0131r. Ki\u00e7ik \u00f6l\u00e7\u00fcl\u00fc dadl\u0131 \u015firniyyatlar i\u015f\u0259 v\u0259 ya ziyar\u0259t etm\u0259k \u00fc\u00e7\u00fcn, h\u0259m\u00e7inin u\u015fa\u011f\u0131n\u0131z\u0131n m\u0259kt\u0259b\u0259 v\u0259 \u0259lav\u0259 d\u0259rsl\u0259r\u0259 getdikd\u0259 verilm\u0259si \u00fc\u00e7\u00fcn ideal se\u00e7imdir. Ofisd\u0259 v\u0259 ya evd\u0259 m\u00fck\u0259mm\u0259l bir \u00e7ay s\u00fcfr\u0259si \u00fc\u00e7\u00fcn toplanaraq \u00e7oxsayl\u0131 dostlarla b\u00f6l\u00fc\u015fm\u0259k \u00fc\u00e7\u00fcn \u0259la se\u00e7imdir.nnnnTicar\u0259t markas\u0131: TwixnDad: s\u00fcdl\u00fcnForma: batonn\u00c7\u0259ki: 250 qrnQabla\u015fd\u0131rma: yum\u015faqnRaf \u00f6mr\u00fc: 7 aynn&quot;}\" data-sheets-userformat=\"{&quot;2&quot;:10689,&quot;3&quot;:{&quot;1&quot;:0,&quot;3&quot;:1},&quot;9&quot;:0,&quot;10&quot;:0,&quot;11&quot;:4,&quot;14&quot;:{&quot;1&quot;:3,&quot;3&quot;:1},&quot;16&quot;:11}\">\u00a0<\/span><\/p>","protected":false},"featured_media":6506,"template":"","meta":{"_joinchat":[]},"product_brand":[],"product_cat":[233],"product_tag":[],"class_list":{"0":"post-6504","1":"product","2":"type-product","3":"status-publish","4":"has-post-thumbnail","6":"product_cat-sirniyyat","8":"first","9":"instock","10":"shipping-taxable","11":"product-type-simple"},"yoast_head":"<!-- This site is optimized with the Yoast SEO plugin v27.5 - https:\/\/yoast.com\/product\/yoast-seo-wordpress\/ -->\n<title>Konfet \u00e7\u0259ki il\u0259 500qr Mars - Antaris<\/title>\n<meta name=\"description\" content=\"Konfet \u00e7\u0259ki il\u0259 500qr Mars\" \/>\n<meta name=\"robots\" content=\"index, follow, max-snippet:-1, max-image-preview:large, max-video-preview:-1\" \/>\n<link rel=\"canonical\" href=\"https:\/\/antaris.az\/ru\/m\u0259hsul\/konfet-c\u0259ki-il\u0259-250qr-mars\/\" \/>\n<meta property=\"og:locale\" content=\"ru_RU\" \/>\n<meta property=\"og:type\" content=\"article\" \/>\n<meta property=\"og:title\" content=\"Konfet \u00e7\u0259ki il\u0259 500qr Mars - Antaris\" \/>\n<meta property=\"og:description\" content=\"Konfet \u00e7\u0259ki il\u0259 500qr Mars\" \/>\n<meta property=\"og:url\" content=\"https:\/\/antaris.az\/ru\/m\u0259hsul\/konfet-c\u0259ki-il\u0259-250qr-mars\/\" \/>\n<meta property=\"og:site_name\" content=\"Antaris\" \/>\n<meta property=\"article:publisher\" content=\"https:\/\/www.facebook.com\/antaris.az\/\" \/>\n<meta property=\"article:modified_time\" content=\"2025-09-01T13:13:10+00:00\" \/>\n<meta property=\"og:image\" content=\"https:\/\/antaris.az\/wp-content\/uploads\/2020\/04\/AN-00-00000769-Konfet-\u00e7\u0259ki-il\u0259-250qr-Mars.jpg\" \/>\n\t<meta property=\"og:image:width\" content=\"800\" \/>\n\t<meta property=\"og:image:height\" content=\"800\" \/>\n\t<meta property=\"og:image:type\" content=\"image\/jpeg\" \/>\n<script type=\"application\/ld+json\" class=\"yoast-schema-graph\">{\"@context\":\"https:\\\/\\\/schema.org\",\"@graph\":[{\"@type\":\"WebPage\",\"@id\":\"https:\\\/\\\/antaris.az\\\/m\u0259hsul\\\/konfet-c%c9%99ki-il%c9%99-250qr-mars\\\/\",\"url\":\"https:\\\/\\\/antaris.az\\\/m\u0259hsul\\\/konfet-c%c9%99ki-il%c9%99-250qr-mars\\\/\",\"name\":\"Konfet \u00e7\u0259ki il\u0259 500qr Mars - Antaris\",\"isPartOf\":{\"@id\":\"https:\\\/\\\/antaris.az\\\/#website\"},\"primaryImageOfPage\":{\"@id\":\"https:\\\/\\\/antaris.az\\\/m\u0259hsul\\\/konfet-c%c9%99ki-il%c9%99-250qr-mars\\\/#primaryimage\"},\"image\":{\"@id\":\"https:\\\/\\\/antaris.az\\\/m\u0259hsul\\\/konfet-c%c9%99ki-il%c9%99-250qr-mars\\\/#primaryimage\"},\"thumbnailUrl\":\"https:\\\/\\\/antaris.az\\\/wp-content\\\/uploads\\\/2020\\\/04\\\/AN-00-00000769-Konfet-\u00e7\u0259ki-il\u0259-250qr-Mars.jpg\",\"datePublished\":\"2020-04-27T11:45:21+00:00\",\"dateModified\":\"2025-09-01T13:13:10+00:00\",\"description\":\"Konfet \u00e7\u0259ki il\u0259 500qr Mars\",\"breadcrumb\":{\"@id\":\"https:\\\/\\\/antaris.az\\\/m\u0259hsul\\\/konfet-c%c9%99ki-il%c9%99-250qr-mars\\\/#breadcrumb\"},\"inLanguage\":\"ru-RU\",\"potentialAction\":[{\"@type\":\"ReadAction\",\"target\":[\"https:\\\/\\\/antaris.az\\\/m\u0259hsul\\\/konfet-c%c9%99ki-il%c9%99-250qr-mars\\\/\"]}]},{\"@type\":\"ImageObject\",\"inLanguage\":\"ru-RU\",\"@id\":\"https:\\\/\\\/antaris.az\\\/m\u0259hsul\\\/konfet-c%c9%99ki-il%c9%99-250qr-mars\\\/#primaryimage\",\"url\":\"https:\\\/\\\/antaris.az\\\/wp-content\\\/uploads\\\/2020\\\/04\\\/AN-00-00000769-Konfet-\u00e7\u0259ki-il\u0259-250qr-Mars.jpg\",\"contentUrl\":\"https:\\\/\\\/antaris.az\\\/wp-content\\\/uploads\\\/2020\\\/04\\\/AN-00-00000769-Konfet-\u00e7\u0259ki-il\u0259-250qr-Mars.jpg\",\"width\":800,\"height\":800,\"caption\":\"Konfet \u00e7\u0259ki il\u0259 250qr Mars\"},{\"@type\":\"BreadcrumbList\",\"@id\":\"https:\\\/\\\/antaris.az\\\/m\u0259hsul\\\/konfet-c%c9%99ki-il%c9%99-250qr-mars\\\/#breadcrumb\",\"itemListElement\":[{\"@type\":\"ListItem\",\"position\":1,\"name\":\"Home\",\"item\":\"https:\\\/\\\/antaris.az\\\/\"},{\"@type\":\"ListItem\",\"position\":2,\"name\":\"Ma\u011faza\",\"item\":\"https:\\\/\\\/antaris.az\\\/ru\\\/shop\\\/\"},{\"@type\":\"ListItem\",\"position\":3,\"name\":\"Konfet \u00e7\u0259ki il\u0259 500qr Mars\"}]},{\"@type\":\"WebSite\",\"@id\":\"https:\\\/\\\/antaris.az\\\/#website\",\"url\":\"https:\\\/\\\/antaris.az\\\/\",\"name\":\"Antaris\",\"description\":\"Ofis, ev, m\u0259kt\u0259b \u00fc\u00e7\u00fcn h\u0259r \u015fey\",\"publisher\":{\"@id\":\"https:\\\/\\\/antaris.az\\\/#organization\"},\"potentialAction\":[{\"@type\":\"SearchAction\",\"target\":{\"@type\":\"EntryPoint\",\"urlTemplate\":\"https:\\\/\\\/antaris.az\\\/?s={search_term_string}\"},\"query-input\":{\"@type\":\"PropertyValueSpecification\",\"valueRequired\":true,\"valueName\":\"search_term_string\"}}],\"inLanguage\":\"ru-RU\"},{\"@type\":\"Organization\",\"@id\":\"https:\\\/\\\/antaris.az\\\/#organization\",\"name\":\"Antaris QSC\",\"url\":\"https:\\\/\\\/antaris.az\\\/\",\"logo\":{\"@type\":\"ImageObject\",\"inLanguage\":\"ru-RU\",\"@id\":\"https:\\\/\\\/antaris.az\\\/#\\\/schema\\\/logo\\\/image\\\/\",\"url\":\"https:\\\/\\\/antaris.az\\\/wp-content\\\/uploads\\\/2025\\\/03\\\/Antaris-logo.png\",\"contentUrl\":\"https:\\\/\\\/antaris.az\\\/wp-content\\\/uploads\\\/2025\\\/03\\\/Antaris-logo.png\",\"width\":500,\"height\":500,\"caption\":\"Antaris QSC\"},\"image\":{\"@id\":\"https:\\\/\\\/antaris.az\\\/#\\\/schema\\\/logo\\\/image\\\/\"},\"sameAs\":[\"https:\\\/\\\/www.facebook.com\\\/antaris.az\\\/\",\"https:\\\/\\\/www.instagram.com\\\/antaris.az\\\/\"]}]}<\/script>\n<!-- \/ Yoast SEO plugin. -->","yoast_head_json":{"title":"Konfet \u00e7\u0259ki il\u0259 500qr Mars - Antaris","description":"Konfet \u00e7\u0259ki il\u0259 500qr Mars","robots":{"index":"index","follow":"follow","max-snippet":"max-snippet:-1","max-image-preview":"max-image-preview:large","max-video-preview":"max-video-preview:-1"},"canonical":"https:\/\/antaris.az\/ru\/m\u0259hsul\/konfet-c\u0259ki-il\u0259-250qr-mars\/","og_locale":"ru_RU","og_type":"article","og_title":"Konfet \u00e7\u0259ki il\u0259 500qr Mars - Antaris","og_description":"Konfet \u00e7\u0259ki il\u0259 500qr Mars","og_url":"https:\/\/antaris.az\/ru\/m\u0259hsul\/konfet-c\u0259ki-il\u0259-250qr-mars\/","og_site_name":"Antaris","article_publisher":"https:\/\/www.facebook.com\/antaris.az\/","article_modified_time":"2025-09-01T13:13:10+00:00","og_image":[{"width":800,"height":800,"url":"https:\/\/antaris.az\/wp-content\/uploads\/2020\/04\/AN-00-00000769-Konfet-\u00e7\u0259ki-il\u0259-250qr-Mars.jpg","type":"image\/jpeg"}],"schema":{"@context":"https:\/\/schema.org","@graph":[{"@type":"WebPage","@id":"https:\/\/antaris.az\/m\u0259hsul\/konfet-c%c9%99ki-il%c9%99-250qr-mars\/","url":"https:\/\/antaris.az\/m\u0259hsul\/konfet-c%c9%99ki-il%c9%99-250qr-mars\/","name":"Konfet \u00e7\u0259ki il\u0259 500qr Mars - Antaris","isPartOf":{"@id":"https:\/\/antaris.az\/#website"},"primaryImageOfPage":{"@id":"https:\/\/antaris.az\/m\u0259hsul\/konfet-c%c9%99ki-il%c9%99-250qr-mars\/#primaryimage"},"image":{"@id":"https:\/\/antaris.az\/m\u0259hsul\/konfet-c%c9%99ki-il%c9%99-250qr-mars\/#primaryimage"},"thumbnailUrl":"https:\/\/antaris.az\/wp-content\/uploads\/2020\/04\/AN-00-00000769-Konfet-\u00e7\u0259ki-il\u0259-250qr-Mars.jpg","datePublished":"2020-04-27T11:45:21+00:00","dateModified":"2025-09-01T13:13:10+00:00","description":"Konfet \u00e7\u0259ki il\u0259 500qr Mars","breadcrumb":{"@id":"https:\/\/antaris.az\/m\u0259hsul\/konfet-c%c9%99ki-il%c9%99-250qr-mars\/#breadcrumb"},"inLanguage":"ru-RU","potentialAction":[{"@type":"ReadAction","target":["https:\/\/antaris.az\/m\u0259hsul\/konfet-c%c9%99ki-il%c9%99-250qr-mars\/"]}]},{"@type":"ImageObject","inLanguage":"ru-RU","@id":"https:\/\/antaris.az\/m\u0259hsul\/konfet-c%c9%99ki-il%c9%99-250qr-mars\/#primaryimage","url":"https:\/\/antaris.az\/wp-content\/uploads\/2020\/04\/AN-00-00000769-Konfet-\u00e7\u0259ki-il\u0259-250qr-Mars.jpg","contentUrl":"https:\/\/antaris.az\/wp-content\/uploads\/2020\/04\/AN-00-00000769-Konfet-\u00e7\u0259ki-il\u0259-250qr-Mars.jpg","width":800,"height":800,"caption":"Konfet \u00e7\u0259ki il\u0259 250qr Mars"},{"@type":"BreadcrumbList","@id":"https:\/\/antaris.az\/m\u0259hsul\/konfet-c%c9%99ki-il%c9%99-250qr-mars\/#breadcrumb","itemListElement":[{"@type":"ListItem","position":1,"name":"Home","item":"https:\/\/antaris.az\/"},{"@type":"ListItem","position":2,"name":"Ma\u011faza","item":"https:\/\/antaris.az\/ru\/shop\/"},{"@type":"ListItem","position":3,"name":"Konfet \u00e7\u0259ki il\u0259 500qr Mars"}]},{"@type":"WebSite","@id":"https:\/\/antaris.az\/#website","url":"https:\/\/antaris.az\/","name":"Antaris","description":"Ofis, ev, m\u0259kt\u0259b \u00fc\u00e7\u00fcn h\u0259r \u015fey","publisher":{"@id":"https:\/\/antaris.az\/#organization"},"potentialAction":[{"@type":"SearchAction","target":{"@type":"EntryPoint","urlTemplate":"https:\/\/antaris.az\/?s={search_term_string}"},"query-input":{"@type":"PropertyValueSpecification","valueRequired":true,"valueName":"search_term_string"}}],"inLanguage":"ru-RU"},{"@type":"Organization","@id":"https:\/\/antaris.az\/#organization","name":"\u0410\u043d\u0442\u0430\u0440\u0438\u0441 \u0417\u0410\u041e","url":"https:\/\/antaris.az\/","logo":{"@type":"ImageObject","inLanguage":"ru-RU","@id":"https:\/\/antaris.az\/#\/schema\/logo\/image\/","url":"https:\/\/antaris.az\/wp-content\/uploads\/2025\/03\/Antaris-logo.png","contentUrl":"https:\/\/antaris.az\/wp-content\/uploads\/2025\/03\/Antaris-logo.png","width":500,"height":500,"caption":"Antaris QSC"},"image":{"@id":"https:\/\/antaris.az\/#\/schema\/logo\/image\/"},"sameAs":["https:\/\/www.facebook.com\/antaris.az\/","https:\/\/www.instagram.com\/antaris.az\/"]}]}},"_links":{"self":[{"href":"https:\/\/antaris.az\/ru\/wp-json\/wp\/v2\/product\/6504","targetHints":{"allow":["GET"]}}],"collection":[{"href":"https:\/\/antaris.az\/ru\/wp-json\/wp\/v2\/product"}],"about":[{"href":"https:\/\/antaris.az\/ru\/wp-json\/wp\/v2\/types\/product"}],"version-history":[{"count":0,"href":"https:\/\/antaris.az\/ru\/wp-json\/wp\/v2\/product\/6504\/revisions"}],"wp:featuredmedia":[{"embeddable":true,"href":"https:\/\/antaris.az\/ru\/wp-json\/wp\/v2\/media\/6506"}],"wp:attachment":[{"href":"https:\/\/antaris.az\/ru\/wp-json\/wp\/v2\/media?parent=6504"}],"wp:term":[{"taxonomy":"product_brand","embeddable":true,"href":"https:\/\/antaris.az\/ru\/wp-json\/wp\/v2\/product_brand?post=6504"},{"taxonomy":"product_cat","embeddable":true,"href":"https:\/\/antaris.az\/ru\/wp-json\/wp\/v2\/product_cat?post=6504"},{"taxonomy":"product_tag","embeddable":true,"href":"https:\/\/antaris.az\/ru\/wp-json\/wp\/v2\/product_tag?post=6504"}],"curies":[{"name":"wp","href":"https:\/\/api.w.org\/{rel}","templated":true}]}}