{"id":65031,"date":"2021-09-29T17:35:34","date_gmt":"2021-09-29T14:35:34","guid":{"rendered":"http:\/\/www2.antaris.az\/?post_type=product&#038;p=65031"},"modified":"2025-01-15T10:46:21","modified_gmt":"2025-01-15T06:46:21","slug":"r%c9%99hb%c9%99r-kreslosu-t-995sl-black-burokrat","status":"publish","type":"product","link":"https:\/\/antaris.az\/ru\/m\u0259hsul\/r%c9%99hb%c9%99r-kreslosu-t-995sl-black-burokrat\/","title":{"rendered":"R\u0259hb\u0259r kreslosu T-995SL\/BLACK Burokrat"},"content":{"rendered":"","protected":false},"excerpt":{"rendered":"<p>N\u00f6v\u00fc: Torlu\/ D\u0259ri<br \/>\nBellik: Erqonomik\/ Oturacaqdan ayr\u0131<br \/>\nDirs\u0259kalt\u0131: Xrom\/ \u00dcst\u00fc plastik<br \/>\nAyaqlar: Xrom<br \/>\nH\u00fcnd\u00fcrl\u00fck t\u0259nziml\u0259yici: Vakum qazlift<br \/>\n\u00d6l\u00e7\u00fcl\u0259ri: 1175x450x430mm<br \/>\n\u00c7\u0259ki d\u00f6z\u00fcml\u00fcy\u00fc: 120kq<br \/>\nR\u0259ngi: Qara<br \/>\nZ\u0259man\u0259t: 12ay<br \/>\n\u0130stehsal\u00e7\u0131 m\u0259hsul kodu: T-995SL\/BLACK<br \/>\nTicar\u0259t markas\u0131: Burokrat<br \/>\n\u0130stehsal \u00f6lk\u0259si: Rusiya<\/p>","protected":false},"featured_media":65033,"template":"","meta":{"_joinchat":[]},"product_brand":[],"product_cat":[2180,761],"product_tag":[2094,2091,2099,2089,2092,2093,2098,767,2097,2096,766,2095,2103,2104,765,2090,2100,2101,2102],"class_list":{"0":"post-65031","1":"product","2":"type-product","3":"status-publish","4":"has-post-thumbnail","6":"product_cat-mebel","7":"product_cat-rehber_kreslosu","8":"product_tag-dri-ofis-kreslo","9":"product_tag-keyfiyytli-kreslo","10":"product_tag-kreslo-bakida","11":"product_tag-kreslo-ofis-ucun","12":"product_tag-kreslo-satisi","13":"product_tag-kursulrin-satisi","14":"product_tag-mudur-kreslo","15":"product_tag-ofis-kreslo","16":"product_tag-ofis-kreslo-kredit","17":"product_tag-ofis-kreslo-satilir","18":"product_tag-ofis-kreslosu","19":"product_tag-ofis-kreslosu-sederek","20":"product_tag-ofis-oturacaqlar","21":"product_tag-ofis-torlu-kreslo","22":"product_tag-ofis-ucun-kreslo","23":"product_tag-rahat-kreslo","24":"product_tag-rhbr-kreslo","25":"product_tag-sederek-kreslo","26":"product_tag-ucuz-kreslolar","27":"pa_ayaglar-tekerli","28":"pa_ayaglar-xrom","29":"pa_bellik-oturacagdan-ayri","30":"pa_brand-burokrat","31":"pa_dirsekalti-plastik","32":"pa_dirsekalti-xrom","33":"pa_material-dri","34":"pa_material-torlu","35":"pa_reng-qara","36":"pa_tenzimleyici-tenzimleyicili","38":"first","39":"instock","40":"shipping-taxable","41":"purchasable","42":"product-type-simple"},"yoast_head":"<!-- This site is optimized with the Yoast SEO plugin v27.3 - https:\/\/yoast.com\/product\/yoast-seo-wordpress\/ -->\n<title>Ofis kreslo Burokrat r\u0259hb\u0259r \u00fc\u00e7\u00fcn - Antaris<\/title>\n<meta name=\"description\" content=\"Ofis kreslo Burokrat r\u0259hb\u0259r \u00fc\u00e7\u00fcn - N\u00f6v\u00fc: Torlu\/ D\u0259ri Bellik: Erqonomik\/ Oturacaqdan ayr\u0131 Dirs\u0259kalt\u0131: Xrom\/ \u00dcst\u00fc plastik Ayaqlar: Xrom H\u00fcnd\u00fcrl\u00fck t\u0259nziml\u0259yici: Vakum qazlift \u00d6l\u00e7\u00fcl\u0259ri: 1175x450x430mm \u00c7\u0259ki d\u00f6z\u00fcml\u00fcy\u00fc: 120kq R\u0259ngi: Qara Z\u0259man\u0259t: 12ay \u0130stehsal\u00e7\u0131 m\u0259hsul kodu: T-995SL\/BLACK Ticar\u0259t markas\u0131: Burokrat \u0130stehsal \u00f6lk\u0259si: Rusiya\" \/>\n<meta name=\"robots\" content=\"index, follow, max-snippet:-1, max-image-preview:large, max-video-preview:-1\" \/>\n<link rel=\"canonical\" href=\"https:\/\/antaris.az\/ru\/m\u0259hsul\/r\u0259hb\u0259r-kreslosu-t-995sl-black-burokrat\/\" \/>\n<meta property=\"og:locale\" content=\"ru_RU\" \/>\n<meta property=\"og:type\" content=\"article\" \/>\n<meta property=\"og:title\" content=\"Ofis kreslo Burokrat r\u0259hb\u0259r \u00fc\u00e7\u00fcn - Antaris\" \/>\n<meta property=\"og:description\" content=\"Ofis kreslo Burokrat r\u0259hb\u0259r \u00fc\u00e7\u00fcn - N\u00f6v\u00fc: Torlu\/ D\u0259ri Bellik: Erqonomik\/ Oturacaqdan ayr\u0131 Dirs\u0259kalt\u0131: Xrom\/ \u00dcst\u00fc plastik Ayaqlar: Xrom H\u00fcnd\u00fcrl\u00fck t\u0259nziml\u0259yici: Vakum qazlift \u00d6l\u00e7\u00fcl\u0259ri: 1175x450x430mm \u00c7\u0259ki d\u00f6z\u00fcml\u00fcy\u00fc: 120kq R\u0259ngi: Qara Z\u0259man\u0259t: 12ay \u0130stehsal\u00e7\u0131 m\u0259hsul kodu: T-995SL\/BLACK Ticar\u0259t markas\u0131: Burokrat \u0130stehsal \u00f6lk\u0259si: Rusiya\" \/>\n<meta property=\"og:url\" content=\"https:\/\/antaris.az\/ru\/m\u0259hsul\/r\u0259hb\u0259r-kreslosu-t-995sl-black-burokrat\/\" \/>\n<meta property=\"og:site_name\" content=\"Antaris\" \/>\n<meta property=\"article:publisher\" content=\"https:\/\/www.facebook.com\/antaris.az\/\" \/>\n<meta property=\"article:modified_time\" content=\"2025-01-15T06:46:21+00:00\" \/>\n<meta property=\"og:image\" content=\"https:\/\/antaris.az\/wp-content\/uploads\/2021\/09\/T-995-SL_Black_01.webp\" \/>\n\t<meta property=\"og:image:width\" content=\"800\" \/>\n\t<meta property=\"og:image:height\" content=\"800\" \/>\n\t<meta property=\"og:image:type\" content=\"image\/webp\" \/>\n<script type=\"application\/ld+json\" class=\"yoast-schema-graph\">{\"@context\":\"https:\\\/\\\/schema.org\",\"@graph\":[{\"@type\":\"WebPage\",\"@id\":\"https:\\\/\\\/antaris.az\\\/m\u0259hsul\\\/r%c9%99hb%c9%99r-kreslosu-t-995sl-black-burokrat\\\/\",\"url\":\"https:\\\/\\\/antaris.az\\\/m\u0259hsul\\\/r%c9%99hb%c9%99r-kreslosu-t-995sl-black-burokrat\\\/\",\"name\":\"Ofis kreslo Burokrat r\u0259hb\u0259r \u00fc\u00e7\u00fcn - Antaris\",\"isPartOf\":{\"@id\":\"https:\\\/\\\/antaris.az\\\/#website\"},\"primaryImageOfPage\":{\"@id\":\"https:\\\/\\\/antaris.az\\\/m\u0259hsul\\\/r%c9%99hb%c9%99r-kreslosu-t-995sl-black-burokrat\\\/#primaryimage\"},\"image\":{\"@id\":\"https:\\\/\\\/antaris.az\\\/m\u0259hsul\\\/r%c9%99hb%c9%99r-kreslosu-t-995sl-black-burokrat\\\/#primaryimage\"},\"thumbnailUrl\":\"https:\\\/\\\/antaris.az\\\/wp-content\\\/uploads\\\/2021\\\/09\\\/T-995-SL_Black_01.webp\",\"datePublished\":\"2021-09-29T14:35:34+00:00\",\"dateModified\":\"2025-01-15T06:46:21+00:00\",\"description\":\"Ofis kreslo Burokrat r\u0259hb\u0259r \u00fc\u00e7\u00fcn - N\u00f6v\u00fc: Torlu\\\/ D\u0259ri Bellik: Erqonomik\\\/ Oturacaqdan ayr\u0131 Dirs\u0259kalt\u0131: Xrom\\\/ \u00dcst\u00fc plastik Ayaqlar: Xrom H\u00fcnd\u00fcrl\u00fck t\u0259nziml\u0259yici: Vakum qazlift \u00d6l\u00e7\u00fcl\u0259ri: 1175x450x430mm \u00c7\u0259ki d\u00f6z\u00fcml\u00fcy\u00fc: 120kq R\u0259ngi: Qara Z\u0259man\u0259t: 12ay \u0130stehsal\u00e7\u0131 m\u0259hsul kodu: T-995SL\\\/BLACK Ticar\u0259t markas\u0131: Burokrat \u0130stehsal \u00f6lk\u0259si: Rusiya\",\"breadcrumb\":{\"@id\":\"https:\\\/\\\/antaris.az\\\/m\u0259hsul\\\/r%c9%99hb%c9%99r-kreslosu-t-995sl-black-burokrat\\\/#breadcrumb\"},\"inLanguage\":\"ru-RU\",\"potentialAction\":[{\"@type\":\"ReadAction\",\"target\":[\"https:\\\/\\\/antaris.az\\\/m\u0259hsul\\\/r%c9%99hb%c9%99r-kreslosu-t-995sl-black-burokrat\\\/\"]}]},{\"@type\":\"ImageObject\",\"inLanguage\":\"ru-RU\",\"@id\":\"https:\\\/\\\/antaris.az\\\/m\u0259hsul\\\/r%c9%99hb%c9%99r-kreslosu-t-995sl-black-burokrat\\\/#primaryimage\",\"url\":\"https:\\\/\\\/antaris.az\\\/wp-content\\\/uploads\\\/2021\\\/09\\\/T-995-SL_Black_01.webp\",\"contentUrl\":\"https:\\\/\\\/antaris.az\\\/wp-content\\\/uploads\\\/2021\\\/09\\\/T-995-SL_Black_01.webp\",\"width\":800,\"height\":800,\"caption\":\"ofis kreslo\"},{\"@type\":\"BreadcrumbList\",\"@id\":\"https:\\\/\\\/antaris.az\\\/m\u0259hsul\\\/r%c9%99hb%c9%99r-kreslosu-t-995sl-black-burokrat\\\/#breadcrumb\",\"itemListElement\":[{\"@type\":\"ListItem\",\"position\":1,\"name\":\"Home\",\"item\":\"https:\\\/\\\/antaris.az\\\/\"},{\"@type\":\"ListItem\",\"position\":2,\"name\":\"Ma\u011faza\",\"item\":\"https:\\\/\\\/antaris.az\\\/ru\\\/shop\\\/\"},{\"@type\":\"ListItem\",\"position\":3,\"name\":\"R\u0259hb\u0259r kreslosu T-995SL\\\/BLACK Burokrat\"}]},{\"@type\":\"WebSite\",\"@id\":\"https:\\\/\\\/antaris.az\\\/#website\",\"url\":\"https:\\\/\\\/antaris.az\\\/\",\"name\":\"Antaris\",\"description\":\"Ofis, ev, m\u0259kt\u0259b \u00fc\u00e7\u00fcn h\u0259r \u015fey\",\"publisher\":{\"@id\":\"https:\\\/\\\/antaris.az\\\/#organization\"},\"potentialAction\":[{\"@type\":\"SearchAction\",\"target\":{\"@type\":\"EntryPoint\",\"urlTemplate\":\"https:\\\/\\\/antaris.az\\\/?s={search_term_string}\"},\"query-input\":{\"@type\":\"PropertyValueSpecification\",\"valueRequired\":true,\"valueName\":\"search_term_string\"}}],\"inLanguage\":\"ru-RU\"},{\"@type\":\"Organization\",\"@id\":\"https:\\\/\\\/antaris.az\\\/#organization\",\"name\":\"Antaris QSC\",\"url\":\"https:\\\/\\\/antaris.az\\\/\",\"logo\":{\"@type\":\"ImageObject\",\"inLanguage\":\"ru-RU\",\"@id\":\"https:\\\/\\\/antaris.az\\\/#\\\/schema\\\/logo\\\/image\\\/\",\"url\":\"https:\\\/\\\/antaris.az\\\/wp-content\\\/uploads\\\/2025\\\/03\\\/Antaris-logo.png\",\"contentUrl\":\"https:\\\/\\\/antaris.az\\\/wp-content\\\/uploads\\\/2025\\\/03\\\/Antaris-logo.png\",\"width\":500,\"height\":500,\"caption\":\"Antaris QSC\"},\"image\":{\"@id\":\"https:\\\/\\\/antaris.az\\\/#\\\/schema\\\/logo\\\/image\\\/\"},\"sameAs\":[\"https:\\\/\\\/www.facebook.com\\\/antaris.az\\\/\",\"https:\\\/\\\/www.instagram.com\\\/antaris.az\\\/\"]}]}<\/script>\n<!-- \/ Yoast SEO plugin. -->","yoast_head_json":{"title":"Ofis kreslo Burokrat r\u0259hb\u0259r \u00fc\u00e7\u00fcn - Antaris","description":"Ofis kreslo Burokrat r\u0259hb\u0259r \u00fc\u00e7\u00fcn - N\u00f6v\u00fc: Torlu\/ D\u0259ri Bellik: Erqonomik\/ Oturacaqdan ayr\u0131 Dirs\u0259kalt\u0131: Xrom\/ \u00dcst\u00fc plastik Ayaqlar: Xrom H\u00fcnd\u00fcrl\u00fck t\u0259nziml\u0259yici: Vakum qazlift \u00d6l\u00e7\u00fcl\u0259ri: 1175x450x430mm \u00c7\u0259ki d\u00f6z\u00fcml\u00fcy\u00fc: 120kq R\u0259ngi: Qara Z\u0259man\u0259t: 12ay \u0130stehsal\u00e7\u0131 m\u0259hsul kodu: T-995SL\/BLACK Ticar\u0259t markas\u0131: Burokrat \u0130stehsal \u00f6lk\u0259si: Rusiya","robots":{"index":"index","follow":"follow","max-snippet":"max-snippet:-1","max-image-preview":"max-image-preview:large","max-video-preview":"max-video-preview:-1"},"canonical":"https:\/\/antaris.az\/ru\/m\u0259hsul\/r\u0259hb\u0259r-kreslosu-t-995sl-black-burokrat\/","og_locale":"ru_RU","og_type":"article","og_title":"Ofis kreslo Burokrat r\u0259hb\u0259r \u00fc\u00e7\u00fcn - Antaris","og_description":"Ofis kreslo Burokrat r\u0259hb\u0259r \u00fc\u00e7\u00fcn - N\u00f6v\u00fc: Torlu\/ D\u0259ri Bellik: Erqonomik\/ Oturacaqdan ayr\u0131 Dirs\u0259kalt\u0131: Xrom\/ \u00dcst\u00fc plastik Ayaqlar: Xrom H\u00fcnd\u00fcrl\u00fck t\u0259nziml\u0259yici: Vakum qazlift \u00d6l\u00e7\u00fcl\u0259ri: 1175x450x430mm \u00c7\u0259ki d\u00f6z\u00fcml\u00fcy\u00fc: 120kq R\u0259ngi: Qara Z\u0259man\u0259t: 12ay \u0130stehsal\u00e7\u0131 m\u0259hsul kodu: T-995SL\/BLACK Ticar\u0259t markas\u0131: Burokrat \u0130stehsal \u00f6lk\u0259si: Rusiya","og_url":"https:\/\/antaris.az\/ru\/m\u0259hsul\/r\u0259hb\u0259r-kreslosu-t-995sl-black-burokrat\/","og_site_name":"Antaris","article_publisher":"https:\/\/www.facebook.com\/antaris.az\/","article_modified_time":"2025-01-15T06:46:21+00:00","og_image":[{"width":800,"height":800,"url":"https:\/\/antaris.az\/wp-content\/uploads\/2021\/09\/T-995-SL_Black_01.webp","type":"image\/webp"}],"schema":{"@context":"https:\/\/schema.org","@graph":[{"@type":"WebPage","@id":"https:\/\/antaris.az\/m\u0259hsul\/r%c9%99hb%c9%99r-kreslosu-t-995sl-black-burokrat\/","url":"https:\/\/antaris.az\/m\u0259hsul\/r%c9%99hb%c9%99r-kreslosu-t-995sl-black-burokrat\/","name":"Ofis kreslo Burokrat r\u0259hb\u0259r \u00fc\u00e7\u00fcn - Antaris","isPartOf":{"@id":"https:\/\/antaris.az\/#website"},"primaryImageOfPage":{"@id":"https:\/\/antaris.az\/m\u0259hsul\/r%c9%99hb%c9%99r-kreslosu-t-995sl-black-burokrat\/#primaryimage"},"image":{"@id":"https:\/\/antaris.az\/m\u0259hsul\/r%c9%99hb%c9%99r-kreslosu-t-995sl-black-burokrat\/#primaryimage"},"thumbnailUrl":"https:\/\/antaris.az\/wp-content\/uploads\/2021\/09\/T-995-SL_Black_01.webp","datePublished":"2021-09-29T14:35:34+00:00","dateModified":"2025-01-15T06:46:21+00:00","description":"Ofis kreslo Burokrat r\u0259hb\u0259r \u00fc\u00e7\u00fcn - N\u00f6v\u00fc: Torlu\/ D\u0259ri Bellik: Erqonomik\/ Oturacaqdan ayr\u0131 Dirs\u0259kalt\u0131: Xrom\/ \u00dcst\u00fc plastik Ayaqlar: Xrom H\u00fcnd\u00fcrl\u00fck t\u0259nziml\u0259yici: Vakum qazlift \u00d6l\u00e7\u00fcl\u0259ri: 1175x450x430mm \u00c7\u0259ki d\u00f6z\u00fcml\u00fcy\u00fc: 120kq R\u0259ngi: Qara Z\u0259man\u0259t: 12ay \u0130stehsal\u00e7\u0131 m\u0259hsul kodu: T-995SL\/BLACK Ticar\u0259t markas\u0131: Burokrat \u0130stehsal \u00f6lk\u0259si: Rusiya","breadcrumb":{"@id":"https:\/\/antaris.az\/m\u0259hsul\/r%c9%99hb%c9%99r-kreslosu-t-995sl-black-burokrat\/#breadcrumb"},"inLanguage":"ru-RU","potentialAction":[{"@type":"ReadAction","target":["https:\/\/antaris.az\/m\u0259hsul\/r%c9%99hb%c9%99r-kreslosu-t-995sl-black-burokrat\/"]}]},{"@type":"ImageObject","inLanguage":"ru-RU","@id":"https:\/\/antaris.az\/m\u0259hsul\/r%c9%99hb%c9%99r-kreslosu-t-995sl-black-burokrat\/#primaryimage","url":"https:\/\/antaris.az\/wp-content\/uploads\/2021\/09\/T-995-SL_Black_01.webp","contentUrl":"https:\/\/antaris.az\/wp-content\/uploads\/2021\/09\/T-995-SL_Black_01.webp","width":800,"height":800,"caption":"ofis kreslo"},{"@type":"BreadcrumbList","@id":"https:\/\/antaris.az\/m\u0259hsul\/r%c9%99hb%c9%99r-kreslosu-t-995sl-black-burokrat\/#breadcrumb","itemListElement":[{"@type":"ListItem","position":1,"name":"Home","item":"https:\/\/antaris.az\/"},{"@type":"ListItem","position":2,"name":"Ma\u011faza","item":"https:\/\/antaris.az\/ru\/shop\/"},{"@type":"ListItem","position":3,"name":"R\u0259hb\u0259r kreslosu T-995SL\/BLACK Burokrat"}]},{"@type":"WebSite","@id":"https:\/\/antaris.az\/#website","url":"https:\/\/antaris.az\/","name":"Antaris","description":"Ofis, ev, m\u0259kt\u0259b \u00fc\u00e7\u00fcn h\u0259r \u015fey","publisher":{"@id":"https:\/\/antaris.az\/#organization"},"potentialAction":[{"@type":"SearchAction","target":{"@type":"EntryPoint","urlTemplate":"https:\/\/antaris.az\/?s={search_term_string}"},"query-input":{"@type":"PropertyValueSpecification","valueRequired":true,"valueName":"search_term_string"}}],"inLanguage":"ru-RU"},{"@type":"Organization","@id":"https:\/\/antaris.az\/#organization","name":"\u0410\u043d\u0442\u0430\u0440\u0438\u0441 \u0417\u0410\u041e","url":"https:\/\/antaris.az\/","logo":{"@type":"ImageObject","inLanguage":"ru-RU","@id":"https:\/\/antaris.az\/#\/schema\/logo\/image\/","url":"https:\/\/antaris.az\/wp-content\/uploads\/2025\/03\/Antaris-logo.png","contentUrl":"https:\/\/antaris.az\/wp-content\/uploads\/2025\/03\/Antaris-logo.png","width":500,"height":500,"caption":"Antaris QSC"},"image":{"@id":"https:\/\/antaris.az\/#\/schema\/logo\/image\/"},"sameAs":["https:\/\/www.facebook.com\/antaris.az\/","https:\/\/www.instagram.com\/antaris.az\/"]}]}},"_links":{"self":[{"href":"https:\/\/antaris.az\/ru\/wp-json\/wp\/v2\/product\/65031","targetHints":{"allow":["GET"]}}],"collection":[{"href":"https:\/\/antaris.az\/ru\/wp-json\/wp\/v2\/product"}],"about":[{"href":"https:\/\/antaris.az\/ru\/wp-json\/wp\/v2\/types\/product"}],"version-history":[{"count":0,"href":"https:\/\/antaris.az\/ru\/wp-json\/wp\/v2\/product\/65031\/revisions"}],"wp:featuredmedia":[{"embeddable":true,"href":"https:\/\/antaris.az\/ru\/wp-json\/wp\/v2\/media\/65033"}],"wp:attachment":[{"href":"https:\/\/antaris.az\/ru\/wp-json\/wp\/v2\/media?parent=65031"}],"wp:term":[{"taxonomy":"product_brand","embeddable":true,"href":"https:\/\/antaris.az\/ru\/wp-json\/wp\/v2\/product_brand?post=65031"},{"taxonomy":"product_cat","embeddable":true,"href":"https:\/\/antaris.az\/ru\/wp-json\/wp\/v2\/product_cat?post=65031"},{"taxonomy":"product_tag","embeddable":true,"href":"https:\/\/antaris.az\/ru\/wp-json\/wp\/v2\/product_tag?post=65031"}],"curies":[{"name":"wp","href":"https:\/\/api.w.org\/{rel}","templated":true}]}}