{"id":6485,"date":"2020-04-27T14:43:38","date_gmt":"2020-04-27T11:43:38","guid":{"rendered":"http:\/\/www2.antaris.az\/?post_type=product&#038;p=6485"},"modified":"2024-11-26T17:04:09","modified_gmt":"2024-11-26T13:04:09","slug":"q%c9%99hv%c9%99-95qr-monarch","status":"publish","type":"product","link":"https:\/\/antaris.az\/ru\/m\u0259hsul\/q%c9%99hv%c9%99-95qr-monarch\/","title":{"rendered":"Q\u0259hv\u0259 95qr MONARCH Jacobs"},"content":{"rendered":"<p>95qr Jacobs Monarch d\u0259rhal dondurulmu\u015f qurudulmu\u015f q\u0259hv\u0259dir. Yaln\u0131z q\u0259hv\u0259 deyil, z\u00f6vq \u00fc\u00e7\u00fcn bir i\u00e7kidir! Klassik z\u00f6vq he\u00e7 bir q\u0259hv\u0259 a\u015fiqini laqeyd qoymayacaq, sehrli aromas\u0131 siz\u0259 ilham hissi b\u0259x\u015f ed\u0259c\u0259k v\u0259 yeni u\u011furlara g\u00fcc ver\u0259c\u0259kdir. S\u00fcd, qaymaq, \u0259dviyyat, \u015f\u0259rb\u0259t il\u0259 yax\u015f\u0131 sintez olunur. \u0130\u00e7kinizi \u015fax\u0259l\u0259ndirm\u0259y\u0259 \u00e7al\u0131\u015f\u0131n. Bir fincan Jacobs Monarch q\u0259hv\u0259si ilham tapma\u011fa v\u0259 x\u0259yal\u0131n\u0131z\u0131 oyatma\u011fa imkan verir. Sad\u0259c\u0259 q\u0259hv\u0259niz\u0259 isti su \u0259lav\u0259 edin v\u0259 Jacobs Monarch-\u0131n heyranedici \u0259tirind\u0259n z\u00f6vq al\u0131n. Unutmay\u0131n ki, kofein, serotonin v\u0259 dopamin &#8211; xo\u015f emosiyalara cavab ver\u0259n madd\u0259l\u0259rin istehsal\u0131na t\u0259\u015fviq edir. T\u0259rkibind\u0259ki karotenoidl\u0259r d\u0259riy\u0259 faydal\u0131 t\u0259sir g\u00f6st\u0259rir. Bunlar t\u0259bii \u00fczvi piqmentl\u0259r, A vitamini m\u0259nb\u0259yidir. D\u0259rini daha sa\u011flam edir. Jacobs Monarch q\u0259hv\u0259si il\u0259 h\u0259yatdan z\u00f6vq al\u0131n!<\/p>","protected":false},"excerpt":{"rendered":"<p>Ticar\u0259t markas\u0131: Jacobs<br \/>\nM\u0259hsulun n\u00f6v\u00fc: H\u0259ll oluna bilin\u0259n<br \/>\nT\u0259rkib: 100% t\u0259bii q\u0259hv\u0259<br \/>\n\u00c7\u0259ki: 95qr<br \/>\nQabla\u015fd\u0131rma n\u00f6v\u00fc: \u015e\u00fc\u015f\u0259 banka<\/p>","protected":false},"featured_media":6494,"template":"","meta":{"_joinchat":[]},"product_brand":[],"product_cat":[229],"product_tag":[],"class_list":{"0":"post-6485","1":"product","2":"type-product","3":"status-publish","4":"has-post-thumbnail","6":"product_cat-kofe","7":"pa_brand-jacobs","9":"first","10":"instock","11":"shipping-taxable","12":"purchasable","13":"product-type-simple"},"yoast_head":"<!-- This site is optimized with the Yoast SEO plugin v27.4 - https:\/\/yoast.com\/product\/yoast-seo-wordpress\/ -->\n<title>Q\u0259hv\u0259 95qr MONARCH Jacobs - Antaris<\/title>\n<meta name=\"robots\" content=\"index, follow, max-snippet:-1, max-image-preview:large, max-video-preview:-1\" \/>\n<link rel=\"canonical\" href=\"https:\/\/antaris.az\/ru\/m\u0259hsul\/q\u0259hv\u0259-95qr-monarch\/\" \/>\n<meta property=\"og:locale\" content=\"ru_RU\" \/>\n<meta property=\"og:type\" content=\"article\" \/>\n<meta property=\"og:title\" content=\"Q\u0259hv\u0259 95qr MONARCH Jacobs - Antaris\" \/>\n<meta property=\"og:description\" content=\"Ticar\u0259t markas\u0131: Jacobs M\u0259hsulun n\u00f6v\u00fc: H\u0259ll oluna bilin\u0259n T\u0259rkib: 100% t\u0259bii q\u0259hv\u0259 \u00c7\u0259ki: 95qr Qabla\u015fd\u0131rma n\u00f6v\u00fc: \u015e\u00fc\u015f\u0259 banka\" \/>\n<meta property=\"og:url\" content=\"https:\/\/antaris.az\/ru\/m\u0259hsul\/q\u0259hv\u0259-95qr-monarch\/\" \/>\n<meta property=\"og:site_name\" content=\"Antaris\" \/>\n<meta property=\"article:publisher\" content=\"https:\/\/www.facebook.com\/antaris.az\/\" \/>\n<meta property=\"article:modified_time\" content=\"2024-11-26T13:04:09+00:00\" \/>\n<meta property=\"og:image\" content=\"https:\/\/antaris.az\/wp-content\/uploads\/2020\/04\/AN-00-00000726-Kofe-95qr-Monarch-Jacobs.jpg\" \/>\n\t<meta property=\"og:image:width\" content=\"800\" \/>\n\t<meta property=\"og:image:height\" content=\"800\" \/>\n\t<meta property=\"og:image:type\" content=\"image\/jpeg\" \/>\n<script type=\"application\/ld+json\" class=\"yoast-schema-graph\">{\"@context\":\"https:\\\/\\\/schema.org\",\"@graph\":[{\"@type\":\"WebPage\",\"@id\":\"https:\\\/\\\/antaris.az\\\/m\u0259hsul\\\/q%c9%99hv%c9%99-95qr-monarch\\\/\",\"url\":\"https:\\\/\\\/antaris.az\\\/m\u0259hsul\\\/q%c9%99hv%c9%99-95qr-monarch\\\/\",\"name\":\"Q\u0259hv\u0259 95qr MONARCH Jacobs - Antaris\",\"isPartOf\":{\"@id\":\"https:\\\/\\\/antaris.az\\\/#website\"},\"primaryImageOfPage\":{\"@id\":\"https:\\\/\\\/antaris.az\\\/m\u0259hsul\\\/q%c9%99hv%c9%99-95qr-monarch\\\/#primaryimage\"},\"image\":{\"@id\":\"https:\\\/\\\/antaris.az\\\/m\u0259hsul\\\/q%c9%99hv%c9%99-95qr-monarch\\\/#primaryimage\"},\"thumbnailUrl\":\"https:\\\/\\\/antaris.az\\\/wp-content\\\/uploads\\\/2020\\\/04\\\/AN-00-00000726-Kofe-95qr-Monarch-Jacobs.jpg\",\"datePublished\":\"2020-04-27T11:43:38+00:00\",\"dateModified\":\"2024-11-26T13:04:09+00:00\",\"breadcrumb\":{\"@id\":\"https:\\\/\\\/antaris.az\\\/m\u0259hsul\\\/q%c9%99hv%c9%99-95qr-monarch\\\/#breadcrumb\"},\"inLanguage\":\"ru-RU\",\"potentialAction\":[{\"@type\":\"ReadAction\",\"target\":[\"https:\\\/\\\/antaris.az\\\/m\u0259hsul\\\/q%c9%99hv%c9%99-95qr-monarch\\\/\"]}]},{\"@type\":\"ImageObject\",\"inLanguage\":\"ru-RU\",\"@id\":\"https:\\\/\\\/antaris.az\\\/m\u0259hsul\\\/q%c9%99hv%c9%99-95qr-monarch\\\/#primaryimage\",\"url\":\"https:\\\/\\\/antaris.az\\\/wp-content\\\/uploads\\\/2020\\\/04\\\/AN-00-00000726-Kofe-95qr-Monarch-Jacobs.jpg\",\"contentUrl\":\"https:\\\/\\\/antaris.az\\\/wp-content\\\/uploads\\\/2020\\\/04\\\/AN-00-00000726-Kofe-95qr-Monarch-Jacobs.jpg\",\"width\":800,\"height\":800,\"caption\":\"Kofe 95qr - Monarch Jacobs\"},{\"@type\":\"BreadcrumbList\",\"@id\":\"https:\\\/\\\/antaris.az\\\/m\u0259hsul\\\/q%c9%99hv%c9%99-95qr-monarch\\\/#breadcrumb\",\"itemListElement\":[{\"@type\":\"ListItem\",\"position\":1,\"name\":\"Home\",\"item\":\"https:\\\/\\\/antaris.az\\\/\"},{\"@type\":\"ListItem\",\"position\":2,\"name\":\"Ma\u011faza\",\"item\":\"https:\\\/\\\/antaris.az\\\/ru\\\/shop\\\/\"},{\"@type\":\"ListItem\",\"position\":3,\"name\":\"Q\u0259hv\u0259 95qr MONARCH Jacobs\"}]},{\"@type\":\"WebSite\",\"@id\":\"https:\\\/\\\/antaris.az\\\/#website\",\"url\":\"https:\\\/\\\/antaris.az\\\/\",\"name\":\"Antaris\",\"description\":\"Ofis, ev, m\u0259kt\u0259b \u00fc\u00e7\u00fcn h\u0259r \u015fey\",\"publisher\":{\"@id\":\"https:\\\/\\\/antaris.az\\\/#organization\"},\"potentialAction\":[{\"@type\":\"SearchAction\",\"target\":{\"@type\":\"EntryPoint\",\"urlTemplate\":\"https:\\\/\\\/antaris.az\\\/?s={search_term_string}\"},\"query-input\":{\"@type\":\"PropertyValueSpecification\",\"valueRequired\":true,\"valueName\":\"search_term_string\"}}],\"inLanguage\":\"ru-RU\"},{\"@type\":\"Organization\",\"@id\":\"https:\\\/\\\/antaris.az\\\/#organization\",\"name\":\"Antaris QSC\",\"url\":\"https:\\\/\\\/antaris.az\\\/\",\"logo\":{\"@type\":\"ImageObject\",\"inLanguage\":\"ru-RU\",\"@id\":\"https:\\\/\\\/antaris.az\\\/#\\\/schema\\\/logo\\\/image\\\/\",\"url\":\"https:\\\/\\\/antaris.az\\\/wp-content\\\/uploads\\\/2025\\\/03\\\/Antaris-logo.png\",\"contentUrl\":\"https:\\\/\\\/antaris.az\\\/wp-content\\\/uploads\\\/2025\\\/03\\\/Antaris-logo.png\",\"width\":500,\"height\":500,\"caption\":\"Antaris QSC\"},\"image\":{\"@id\":\"https:\\\/\\\/antaris.az\\\/#\\\/schema\\\/logo\\\/image\\\/\"},\"sameAs\":[\"https:\\\/\\\/www.facebook.com\\\/antaris.az\\\/\",\"https:\\\/\\\/www.instagram.com\\\/antaris.az\\\/\"]}]}<\/script>\n<!-- \/ Yoast SEO plugin. -->","yoast_head_json":{"title":"Q\u0259hv\u0259 95qr MONARCH Jacobs - Antaris","robots":{"index":"index","follow":"follow","max-snippet":"max-snippet:-1","max-image-preview":"max-image-preview:large","max-video-preview":"max-video-preview:-1"},"canonical":"https:\/\/antaris.az\/ru\/m\u0259hsul\/q\u0259hv\u0259-95qr-monarch\/","og_locale":"ru_RU","og_type":"article","og_title":"Q\u0259hv\u0259 95qr MONARCH Jacobs - Antaris","og_description":"Ticar\u0259t markas\u0131: Jacobs M\u0259hsulun n\u00f6v\u00fc: H\u0259ll oluna bilin\u0259n T\u0259rkib: 100% t\u0259bii q\u0259hv\u0259 \u00c7\u0259ki: 95qr Qabla\u015fd\u0131rma n\u00f6v\u00fc: \u015e\u00fc\u015f\u0259 banka","og_url":"https:\/\/antaris.az\/ru\/m\u0259hsul\/q\u0259hv\u0259-95qr-monarch\/","og_site_name":"Antaris","article_publisher":"https:\/\/www.facebook.com\/antaris.az\/","article_modified_time":"2024-11-26T13:04:09+00:00","og_image":[{"width":800,"height":800,"url":"https:\/\/antaris.az\/wp-content\/uploads\/2020\/04\/AN-00-00000726-Kofe-95qr-Monarch-Jacobs.jpg","type":"image\/jpeg"}],"schema":{"@context":"https:\/\/schema.org","@graph":[{"@type":"WebPage","@id":"https:\/\/antaris.az\/m\u0259hsul\/q%c9%99hv%c9%99-95qr-monarch\/","url":"https:\/\/antaris.az\/m\u0259hsul\/q%c9%99hv%c9%99-95qr-monarch\/","name":"Q\u0259hv\u0259 95qr MONARCH Jacobs - Antaris","isPartOf":{"@id":"https:\/\/antaris.az\/#website"},"primaryImageOfPage":{"@id":"https:\/\/antaris.az\/m\u0259hsul\/q%c9%99hv%c9%99-95qr-monarch\/#primaryimage"},"image":{"@id":"https:\/\/antaris.az\/m\u0259hsul\/q%c9%99hv%c9%99-95qr-monarch\/#primaryimage"},"thumbnailUrl":"https:\/\/antaris.az\/wp-content\/uploads\/2020\/04\/AN-00-00000726-Kofe-95qr-Monarch-Jacobs.jpg","datePublished":"2020-04-27T11:43:38+00:00","dateModified":"2024-11-26T13:04:09+00:00","breadcrumb":{"@id":"https:\/\/antaris.az\/m\u0259hsul\/q%c9%99hv%c9%99-95qr-monarch\/#breadcrumb"},"inLanguage":"ru-RU","potentialAction":[{"@type":"ReadAction","target":["https:\/\/antaris.az\/m\u0259hsul\/q%c9%99hv%c9%99-95qr-monarch\/"]}]},{"@type":"ImageObject","inLanguage":"ru-RU","@id":"https:\/\/antaris.az\/m\u0259hsul\/q%c9%99hv%c9%99-95qr-monarch\/#primaryimage","url":"https:\/\/antaris.az\/wp-content\/uploads\/2020\/04\/AN-00-00000726-Kofe-95qr-Monarch-Jacobs.jpg","contentUrl":"https:\/\/antaris.az\/wp-content\/uploads\/2020\/04\/AN-00-00000726-Kofe-95qr-Monarch-Jacobs.jpg","width":800,"height":800,"caption":"Kofe 95qr - Monarch Jacobs"},{"@type":"BreadcrumbList","@id":"https:\/\/antaris.az\/m\u0259hsul\/q%c9%99hv%c9%99-95qr-monarch\/#breadcrumb","itemListElement":[{"@type":"ListItem","position":1,"name":"Home","item":"https:\/\/antaris.az\/"},{"@type":"ListItem","position":2,"name":"Ma\u011faza","item":"https:\/\/antaris.az\/ru\/shop\/"},{"@type":"ListItem","position":3,"name":"Q\u0259hv\u0259 95qr MONARCH Jacobs"}]},{"@type":"WebSite","@id":"https:\/\/antaris.az\/#website","url":"https:\/\/antaris.az\/","name":"Antaris","description":"Ofis, ev, m\u0259kt\u0259b \u00fc\u00e7\u00fcn h\u0259r \u015fey","publisher":{"@id":"https:\/\/antaris.az\/#organization"},"potentialAction":[{"@type":"SearchAction","target":{"@type":"EntryPoint","urlTemplate":"https:\/\/antaris.az\/?s={search_term_string}"},"query-input":{"@type":"PropertyValueSpecification","valueRequired":true,"valueName":"search_term_string"}}],"inLanguage":"ru-RU"},{"@type":"Organization","@id":"https:\/\/antaris.az\/#organization","name":"\u0410\u043d\u0442\u0430\u0440\u0438\u0441 \u0417\u0410\u041e","url":"https:\/\/antaris.az\/","logo":{"@type":"ImageObject","inLanguage":"ru-RU","@id":"https:\/\/antaris.az\/#\/schema\/logo\/image\/","url":"https:\/\/antaris.az\/wp-content\/uploads\/2025\/03\/Antaris-logo.png","contentUrl":"https:\/\/antaris.az\/wp-content\/uploads\/2025\/03\/Antaris-logo.png","width":500,"height":500,"caption":"Antaris QSC"},"image":{"@id":"https:\/\/antaris.az\/#\/schema\/logo\/image\/"},"sameAs":["https:\/\/www.facebook.com\/antaris.az\/","https:\/\/www.instagram.com\/antaris.az\/"]}]}},"_links":{"self":[{"href":"https:\/\/antaris.az\/ru\/wp-json\/wp\/v2\/product\/6485","targetHints":{"allow":["GET"]}}],"collection":[{"href":"https:\/\/antaris.az\/ru\/wp-json\/wp\/v2\/product"}],"about":[{"href":"https:\/\/antaris.az\/ru\/wp-json\/wp\/v2\/types\/product"}],"version-history":[{"count":0,"href":"https:\/\/antaris.az\/ru\/wp-json\/wp\/v2\/product\/6485\/revisions"}],"wp:featuredmedia":[{"embeddable":true,"href":"https:\/\/antaris.az\/ru\/wp-json\/wp\/v2\/media\/6494"}],"wp:attachment":[{"href":"https:\/\/antaris.az\/ru\/wp-json\/wp\/v2\/media?parent=6485"}],"wp:term":[{"taxonomy":"product_brand","embeddable":true,"href":"https:\/\/antaris.az\/ru\/wp-json\/wp\/v2\/product_brand?post=6485"},{"taxonomy":"product_cat","embeddable":true,"href":"https:\/\/antaris.az\/ru\/wp-json\/wp\/v2\/product_cat?post=6485"},{"taxonomy":"product_tag","embeddable":true,"href":"https:\/\/antaris.az\/ru\/wp-json\/wp\/v2\/product_tag?post=6485"}],"curies":[{"name":"wp","href":"https:\/\/api.w.org\/{rel}","templated":true}]}}