{"id":6416,"date":"2020-04-27T13:59:33","date_gmt":"2020-04-27T10:59:33","guid":{"rendered":"http:\/\/www2.antaris.az\/?post_type=product&#038;p=6416"},"modified":"2024-11-26T17:04:11","modified_gmt":"2024-11-26T13:04:11","slug":"s%c9%99k%c9%99r-tozu-800qr","status":"publish","type":"product","link":"https:\/\/antaris.az\/ru\/m\u0259hsul\/s%c9%99k%c9%99r-tozu-800qr\/","title":{"rendered":"\u015e\u0259k\u0259r tozu 800qr Qidam"},"content":{"rendered":"<p>\u015e\u0259k\u0259r \u00e7u\u011fundurundan haz\u0131rlanm\u0131\u015fd\u0131r. M\u00fcxt\u0259lif qida v\u0259 i\u00e7kil\u0259rin haz\u0131rlanmas\u0131nda istifad\u0259 edilir. 800 qraml\u0131q paketl\u0259rd\u0259 qabla\u015fd\u0131r\u0131lm\u0131\u015fd\u0131r.<br \/>\nSaxlanma : temperaturu +40 \u0421\u2013d\u0259n, n\u0259mliyi +70%-dan yuxar\u0131 olmamaq \u015f\u0259rti il\u0259.<\/p>\n<p>&nbsp;<\/p>","protected":false},"excerpt":{"rendered":"<p>M\u0259hsulun n\u00f6v\u00fc: \u015e\u0259k\u0259r tozu<br \/>\n\u00c7\u0259ki: 800q<br \/>\nQabla\u015fd\u0131rma n\u00f6v\u00fc: Yum\u015faq<br \/>\nTicar\u0259t markas\u0131: Qidam<\/p>\n<p>&nbsp;<\/p>","protected":false},"featured_media":6419,"template":"","meta":{"_joinchat":[]},"product_brand":[],"product_cat":[721],"product_tag":[],"class_list":{"0":"post-6416","1":"product","2":"type-product","3":"status-publish","4":"has-post-thumbnail","6":"product_cat-skr-tozu","8":"first","9":"instock","10":"shipping-taxable","11":"purchasable","12":"product-type-simple"},"yoast_head":"<!-- This site is optimized with the Yoast SEO plugin v27.5 - https:\/\/yoast.com\/product\/yoast-seo-wordpress\/ -->\n<title>\u015e\u0259k\u0259r tozu 800qr Qidam - Antaris<\/title>\n<meta name=\"robots\" content=\"index, follow, max-snippet:-1, max-image-preview:large, max-video-preview:-1\" \/>\n<link rel=\"canonical\" href=\"https:\/\/antaris.az\/ru\/m\u0259hsul\/s\u0259k\u0259r-tozu-800qr\/\" \/>\n<meta property=\"og:locale\" content=\"ru_RU\" \/>\n<meta property=\"og:type\" content=\"article\" \/>\n<meta property=\"og:title\" content=\"\u015e\u0259k\u0259r tozu 800qr Qidam - Antaris\" \/>\n<meta property=\"og:description\" content=\"M\u0259hsulun n\u00f6v\u00fc: \u015e\u0259k\u0259r tozu \u00c7\u0259ki: 800q Qabla\u015fd\u0131rma n\u00f6v\u00fc: Yum\u015faq Ticar\u0259t markas\u0131: Qidam  &nbsp;\" \/>\n<meta property=\"og:url\" content=\"https:\/\/antaris.az\/ru\/m\u0259hsul\/s\u0259k\u0259r-tozu-800qr\/\" \/>\n<meta property=\"og:site_name\" content=\"Antaris\" \/>\n<meta property=\"article:publisher\" content=\"https:\/\/www.facebook.com\/antaris.az\/\" \/>\n<meta property=\"article:modified_time\" content=\"2024-11-26T13:04:11+00:00\" \/>\n<meta property=\"og:image\" content=\"https:\/\/antaris.az\/wp-content\/uploads\/2020\/04\/AN-00-00000848-\u015e\u0259k\u0259r-tozu-800qr-Qidam.jpg\" \/>\n\t<meta property=\"og:image:width\" content=\"800\" \/>\n\t<meta property=\"og:image:height\" content=\"800\" \/>\n\t<meta property=\"og:image:type\" content=\"image\/jpeg\" \/>\n<script type=\"application\/ld+json\" class=\"yoast-schema-graph\">{\"@context\":\"https:\\\/\\\/schema.org\",\"@graph\":[{\"@type\":\"WebPage\",\"@id\":\"https:\\\/\\\/antaris.az\\\/m\u0259hsul\\\/s%c9%99k%c9%99r-tozu-800qr\\\/\",\"url\":\"https:\\\/\\\/antaris.az\\\/m\u0259hsul\\\/s%c9%99k%c9%99r-tozu-800qr\\\/\",\"name\":\"\u015e\u0259k\u0259r tozu 800qr Qidam - Antaris\",\"isPartOf\":{\"@id\":\"https:\\\/\\\/antaris.az\\\/#website\"},\"primaryImageOfPage\":{\"@id\":\"https:\\\/\\\/antaris.az\\\/m\u0259hsul\\\/s%c9%99k%c9%99r-tozu-800qr\\\/#primaryimage\"},\"image\":{\"@id\":\"https:\\\/\\\/antaris.az\\\/m\u0259hsul\\\/s%c9%99k%c9%99r-tozu-800qr\\\/#primaryimage\"},\"thumbnailUrl\":\"https:\\\/\\\/antaris.az\\\/wp-content\\\/uploads\\\/2020\\\/04\\\/AN-00-00000848-\u015e\u0259k\u0259r-tozu-800qr-Qidam.jpg\",\"datePublished\":\"2020-04-27T10:59:33+00:00\",\"dateModified\":\"2024-11-26T13:04:11+00:00\",\"breadcrumb\":{\"@id\":\"https:\\\/\\\/antaris.az\\\/m\u0259hsul\\\/s%c9%99k%c9%99r-tozu-800qr\\\/#breadcrumb\"},\"inLanguage\":\"ru-RU\",\"potentialAction\":[{\"@type\":\"ReadAction\",\"target\":[\"https:\\\/\\\/antaris.az\\\/m\u0259hsul\\\/s%c9%99k%c9%99r-tozu-800qr\\\/\"]}]},{\"@type\":\"ImageObject\",\"inLanguage\":\"ru-RU\",\"@id\":\"https:\\\/\\\/antaris.az\\\/m\u0259hsul\\\/s%c9%99k%c9%99r-tozu-800qr\\\/#primaryimage\",\"url\":\"https:\\\/\\\/antaris.az\\\/wp-content\\\/uploads\\\/2020\\\/04\\\/AN-00-00000848-\u015e\u0259k\u0259r-tozu-800qr-Qidam.jpg\",\"contentUrl\":\"https:\\\/\\\/antaris.az\\\/wp-content\\\/uploads\\\/2020\\\/04\\\/AN-00-00000848-\u015e\u0259k\u0259r-tozu-800qr-Qidam.jpg\",\"width\":800,\"height\":800},{\"@type\":\"BreadcrumbList\",\"@id\":\"https:\\\/\\\/antaris.az\\\/m\u0259hsul\\\/s%c9%99k%c9%99r-tozu-800qr\\\/#breadcrumb\",\"itemListElement\":[{\"@type\":\"ListItem\",\"position\":1,\"name\":\"Home\",\"item\":\"https:\\\/\\\/antaris.az\\\/\"},{\"@type\":\"ListItem\",\"position\":2,\"name\":\"Ma\u011faza\",\"item\":\"https:\\\/\\\/antaris.az\\\/ru\\\/shop\\\/\"},{\"@type\":\"ListItem\",\"position\":3,\"name\":\"\u015e\u0259k\u0259r tozu 800qr Qidam\"}]},{\"@type\":\"WebSite\",\"@id\":\"https:\\\/\\\/antaris.az\\\/#website\",\"url\":\"https:\\\/\\\/antaris.az\\\/\",\"name\":\"Antaris\",\"description\":\"Ofis, ev, m\u0259kt\u0259b \u00fc\u00e7\u00fcn h\u0259r \u015fey\",\"publisher\":{\"@id\":\"https:\\\/\\\/antaris.az\\\/#organization\"},\"potentialAction\":[{\"@type\":\"SearchAction\",\"target\":{\"@type\":\"EntryPoint\",\"urlTemplate\":\"https:\\\/\\\/antaris.az\\\/?s={search_term_string}\"},\"query-input\":{\"@type\":\"PropertyValueSpecification\",\"valueRequired\":true,\"valueName\":\"search_term_string\"}}],\"inLanguage\":\"ru-RU\"},{\"@type\":\"Organization\",\"@id\":\"https:\\\/\\\/antaris.az\\\/#organization\",\"name\":\"Antaris QSC\",\"url\":\"https:\\\/\\\/antaris.az\\\/\",\"logo\":{\"@type\":\"ImageObject\",\"inLanguage\":\"ru-RU\",\"@id\":\"https:\\\/\\\/antaris.az\\\/#\\\/schema\\\/logo\\\/image\\\/\",\"url\":\"https:\\\/\\\/antaris.az\\\/wp-content\\\/uploads\\\/2025\\\/03\\\/Antaris-logo.png\",\"contentUrl\":\"https:\\\/\\\/antaris.az\\\/wp-content\\\/uploads\\\/2025\\\/03\\\/Antaris-logo.png\",\"width\":500,\"height\":500,\"caption\":\"Antaris QSC\"},\"image\":{\"@id\":\"https:\\\/\\\/antaris.az\\\/#\\\/schema\\\/logo\\\/image\\\/\"},\"sameAs\":[\"https:\\\/\\\/www.facebook.com\\\/antaris.az\\\/\",\"https:\\\/\\\/www.instagram.com\\\/antaris.az\\\/\"]}]}<\/script>\n<!-- \/ Yoast SEO plugin. -->","yoast_head_json":{"title":"\u015e\u0259k\u0259r tozu 800qr Qidam - Antaris","robots":{"index":"index","follow":"follow","max-snippet":"max-snippet:-1","max-image-preview":"max-image-preview:large","max-video-preview":"max-video-preview:-1"},"canonical":"https:\/\/antaris.az\/ru\/m\u0259hsul\/s\u0259k\u0259r-tozu-800qr\/","og_locale":"ru_RU","og_type":"article","og_title":"\u015e\u0259k\u0259r tozu 800qr Qidam - Antaris","og_description":"M\u0259hsulun n\u00f6v\u00fc: \u015e\u0259k\u0259r tozu \u00c7\u0259ki: 800q Qabla\u015fd\u0131rma n\u00f6v\u00fc: Yum\u015faq Ticar\u0259t markas\u0131: Qidam  &nbsp;","og_url":"https:\/\/antaris.az\/ru\/m\u0259hsul\/s\u0259k\u0259r-tozu-800qr\/","og_site_name":"Antaris","article_publisher":"https:\/\/www.facebook.com\/antaris.az\/","article_modified_time":"2024-11-26T13:04:11+00:00","og_image":[{"width":800,"height":800,"url":"https:\/\/antaris.az\/wp-content\/uploads\/2020\/04\/AN-00-00000848-\u015e\u0259k\u0259r-tozu-800qr-Qidam.jpg","type":"image\/jpeg"}],"schema":{"@context":"https:\/\/schema.org","@graph":[{"@type":"WebPage","@id":"https:\/\/antaris.az\/m\u0259hsul\/s%c9%99k%c9%99r-tozu-800qr\/","url":"https:\/\/antaris.az\/m\u0259hsul\/s%c9%99k%c9%99r-tozu-800qr\/","name":"\u015e\u0259k\u0259r tozu 800qr Qidam - Antaris","isPartOf":{"@id":"https:\/\/antaris.az\/#website"},"primaryImageOfPage":{"@id":"https:\/\/antaris.az\/m\u0259hsul\/s%c9%99k%c9%99r-tozu-800qr\/#primaryimage"},"image":{"@id":"https:\/\/antaris.az\/m\u0259hsul\/s%c9%99k%c9%99r-tozu-800qr\/#primaryimage"},"thumbnailUrl":"https:\/\/antaris.az\/wp-content\/uploads\/2020\/04\/AN-00-00000848-\u015e\u0259k\u0259r-tozu-800qr-Qidam.jpg","datePublished":"2020-04-27T10:59:33+00:00","dateModified":"2024-11-26T13:04:11+00:00","breadcrumb":{"@id":"https:\/\/antaris.az\/m\u0259hsul\/s%c9%99k%c9%99r-tozu-800qr\/#breadcrumb"},"inLanguage":"ru-RU","potentialAction":[{"@type":"ReadAction","target":["https:\/\/antaris.az\/m\u0259hsul\/s%c9%99k%c9%99r-tozu-800qr\/"]}]},{"@type":"ImageObject","inLanguage":"ru-RU","@id":"https:\/\/antaris.az\/m\u0259hsul\/s%c9%99k%c9%99r-tozu-800qr\/#primaryimage","url":"https:\/\/antaris.az\/wp-content\/uploads\/2020\/04\/AN-00-00000848-\u015e\u0259k\u0259r-tozu-800qr-Qidam.jpg","contentUrl":"https:\/\/antaris.az\/wp-content\/uploads\/2020\/04\/AN-00-00000848-\u015e\u0259k\u0259r-tozu-800qr-Qidam.jpg","width":800,"height":800},{"@type":"BreadcrumbList","@id":"https:\/\/antaris.az\/m\u0259hsul\/s%c9%99k%c9%99r-tozu-800qr\/#breadcrumb","itemListElement":[{"@type":"ListItem","position":1,"name":"Home","item":"https:\/\/antaris.az\/"},{"@type":"ListItem","position":2,"name":"Ma\u011faza","item":"https:\/\/antaris.az\/ru\/shop\/"},{"@type":"ListItem","position":3,"name":"\u015e\u0259k\u0259r tozu 800qr Qidam"}]},{"@type":"WebSite","@id":"https:\/\/antaris.az\/#website","url":"https:\/\/antaris.az\/","name":"Antaris","description":"Ofis, ev, m\u0259kt\u0259b \u00fc\u00e7\u00fcn h\u0259r \u015fey","publisher":{"@id":"https:\/\/antaris.az\/#organization"},"potentialAction":[{"@type":"SearchAction","target":{"@type":"EntryPoint","urlTemplate":"https:\/\/antaris.az\/?s={search_term_string}"},"query-input":{"@type":"PropertyValueSpecification","valueRequired":true,"valueName":"search_term_string"}}],"inLanguage":"ru-RU"},{"@type":"Organization","@id":"https:\/\/antaris.az\/#organization","name":"\u0410\u043d\u0442\u0430\u0440\u0438\u0441 \u0417\u0410\u041e","url":"https:\/\/antaris.az\/","logo":{"@type":"ImageObject","inLanguage":"ru-RU","@id":"https:\/\/antaris.az\/#\/schema\/logo\/image\/","url":"https:\/\/antaris.az\/wp-content\/uploads\/2025\/03\/Antaris-logo.png","contentUrl":"https:\/\/antaris.az\/wp-content\/uploads\/2025\/03\/Antaris-logo.png","width":500,"height":500,"caption":"Antaris QSC"},"image":{"@id":"https:\/\/antaris.az\/#\/schema\/logo\/image\/"},"sameAs":["https:\/\/www.facebook.com\/antaris.az\/","https:\/\/www.instagram.com\/antaris.az\/"]}]}},"_links":{"self":[{"href":"https:\/\/antaris.az\/ru\/wp-json\/wp\/v2\/product\/6416","targetHints":{"allow":["GET"]}}],"collection":[{"href":"https:\/\/antaris.az\/ru\/wp-json\/wp\/v2\/product"}],"about":[{"href":"https:\/\/antaris.az\/ru\/wp-json\/wp\/v2\/types\/product"}],"version-history":[{"count":0,"href":"https:\/\/antaris.az\/ru\/wp-json\/wp\/v2\/product\/6416\/revisions"}],"wp:featuredmedia":[{"embeddable":true,"href":"https:\/\/antaris.az\/ru\/wp-json\/wp\/v2\/media\/6419"}],"wp:attachment":[{"href":"https:\/\/antaris.az\/ru\/wp-json\/wp\/v2\/media?parent=6416"}],"wp:term":[{"taxonomy":"product_brand","embeddable":true,"href":"https:\/\/antaris.az\/ru\/wp-json\/wp\/v2\/product_brand?post=6416"},{"taxonomy":"product_cat","embeddable":true,"href":"https:\/\/antaris.az\/ru\/wp-json\/wp\/v2\/product_cat?post=6416"},{"taxonomy":"product_tag","embeddable":true,"href":"https:\/\/antaris.az\/ru\/wp-json\/wp\/v2\/product_tag?post=6416"}],"curies":[{"name":"wp","href":"https:\/\/api.w.org\/{rel}","templated":true}]}}