{"id":6365,"date":"2020-04-26T15:09:18","date_gmt":"2020-04-26T12:09:18","guid":{"rendered":"http:\/\/www2.antaris.az\/?post_type=product&#038;p=6365"},"modified":"2024-11-26T17:04:11","modified_gmt":"2024-11-26T13:04:11","slug":"skoc-qutu-ucun-48mmx100m","status":"publish","type":"product","link":"https:\/\/antaris.az\/ru\/m\u0259hsul\/skoc-qutu-ucun-48mmx100m\/","title":{"rendered":"Sko\u00e7 qutu \u00fc\u00e7\u00fcn EZ10066 Eurozone"},"content":{"rendered":"<p>Qal\u0131nl\u0131\u011f\u0131 45 mikron olan qutu \u00fc\u00e7\u00fcn sko\u00e7. Polipropilend\u0259n haz\u0131rlan\u0131b. S\u0259th\u0259 y\u00fcks\u0259k d\u0259r\u0259c\u0259d\u0259 yap\u0131\u015fqanl\u0131\u011f\u0131 il\u0259 xarakteriz\u0259 edilir. C\u0131r\u0131lmaya qar\u015f\u0131 davaml\u0131d\u0131r. Sko\u00e7un eni -48 mm uzunlu\u011fu 100 m. Enli yap\u0131\u015fqanl\u0131 sko\u00e7 orta \u00f6l\u00e7\u00fcl\u00fc s\u0259rt kartondan olan qutular \u00fc\u00e7\u00fcn dizayn edilib. A\u00e7\u0131q havada 10-30 d\u0259r\u0259c\u0259 selsid\u0259 \u00f6z forma v\u0259 x\u00fcsusiyy\u0259tl\u0259rini itirmir. Yap\u0131\u015fqan qat\u0131;su xass\u0259li akrilik emulsiya. \u018fsas material\u0131; ikili oriyentasiyal\u0131 polipropilen. Qabla\u015fd\u0131r\u0131lm\u0131\u015f kargo \u00e7\u0259kisi; 5-7 kq. Qabla\u015fd\u0131rmada sko\u00e7 say\u0131; 1 \u0259d\u0259d. Transport qutuda qabla\u015fd\u0131rma say\u0131; 36 \u0259d\u0259d<\/p>","protected":false},"excerpt":{"rendered":"<p>\u00d6l\u00e7\u00fcs\u00fc: 48mmx100m<br \/>\n\u0130stehsal\u00e7\u0131 m\u0259hsul kodu: EZ10066<br \/>\nTicar\u0259t markas\u0131: Eurozone<br \/>\nO\u0130stehsal \u00f6lk\u0259si: \u00c7in<\/p>","protected":false},"featured_media":6369,"template":"","meta":{"_joinchat":[]},"product_brand":[],"product_cat":[713],"product_tag":[],"class_list":{"0":"post-6365","1":"product","2":"type-product","3":"status-publish","4":"has-post-thumbnail","6":"product_cat-skoc-v-skoc-dispenserlri","8":"first","9":"instock","10":"shipping-taxable","11":"purchasable","12":"product-type-simple"},"yoast_head":"<!-- This site is optimized with the Yoast SEO plugin v27.5 - https:\/\/yoast.com\/product\/yoast-seo-wordpress\/ -->\n<title>Sko\u00e7 qutu \u00fc\u00e7\u00fcn EZ10066 Eurozone - Antaris<\/title>\n<meta name=\"robots\" content=\"index, follow, max-snippet:-1, max-image-preview:large, max-video-preview:-1\" \/>\n<link rel=\"canonical\" href=\"https:\/\/antaris.az\/ru\/m\u0259hsul\/skoc-qutu-ucun-48mmx100m\/\" \/>\n<meta property=\"og:locale\" content=\"ru_RU\" \/>\n<meta property=\"og:type\" content=\"article\" \/>\n<meta property=\"og:title\" content=\"Sko\u00e7 qutu \u00fc\u00e7\u00fcn EZ10066 Eurozone - Antaris\" \/>\n<meta property=\"og:description\" content=\"\u00d6l\u00e7\u00fcs\u00fc: 48mmx100m \u0130stehsal\u00e7\u0131 m\u0259hsul kodu: EZ10066 Ticar\u0259t markas\u0131: Eurozone O\u0130stehsal \u00f6lk\u0259si: \u00c7in\" \/>\n<meta property=\"og:url\" content=\"https:\/\/antaris.az\/ru\/m\u0259hsul\/skoc-qutu-ucun-48mmx100m\/\" \/>\n<meta property=\"og:site_name\" content=\"Antaris\" \/>\n<meta property=\"article:publisher\" content=\"https:\/\/www.facebook.com\/antaris.az\/\" \/>\n<meta property=\"article:modified_time\" content=\"2024-11-26T13:04:11+00:00\" \/>\n<meta property=\"og:image\" content=\"https:\/\/antaris.az\/wp-content\/uploads\/2020\/04\/AN-00-00002561-Sko\u00e7-qutu-\u00fc\u00e7\u00fcn-48mmx100m.jpg\" \/>\n\t<meta property=\"og:image:width\" content=\"800\" \/>\n\t<meta property=\"og:image:height\" content=\"800\" \/>\n\t<meta property=\"og:image:type\" content=\"image\/jpeg\" \/>\n<script type=\"application\/ld+json\" class=\"yoast-schema-graph\">{\"@context\":\"https:\\\/\\\/schema.org\",\"@graph\":[{\"@type\":\"WebPage\",\"@id\":\"https:\\\/\\\/antaris.az\\\/m\u0259hsul\\\/skoc-qutu-ucun-48mmx100m\\\/\",\"url\":\"https:\\\/\\\/antaris.az\\\/m\u0259hsul\\\/skoc-qutu-ucun-48mmx100m\\\/\",\"name\":\"Sko\u00e7 qutu \u00fc\u00e7\u00fcn EZ10066 Eurozone - Antaris\",\"isPartOf\":{\"@id\":\"https:\\\/\\\/antaris.az\\\/#website\"},\"primaryImageOfPage\":{\"@id\":\"https:\\\/\\\/antaris.az\\\/m\u0259hsul\\\/skoc-qutu-ucun-48mmx100m\\\/#primaryimage\"},\"image\":{\"@id\":\"https:\\\/\\\/antaris.az\\\/m\u0259hsul\\\/skoc-qutu-ucun-48mmx100m\\\/#primaryimage\"},\"thumbnailUrl\":\"https:\\\/\\\/antaris.az\\\/wp-content\\\/uploads\\\/2020\\\/04\\\/AN-00-00002561-Sko\u00e7-qutu-\u00fc\u00e7\u00fcn-48mmx100m.jpg\",\"datePublished\":\"2020-04-26T12:09:18+00:00\",\"dateModified\":\"2024-11-26T13:04:11+00:00\",\"breadcrumb\":{\"@id\":\"https:\\\/\\\/antaris.az\\\/m\u0259hsul\\\/skoc-qutu-ucun-48mmx100m\\\/#breadcrumb\"},\"inLanguage\":\"ru-RU\",\"potentialAction\":[{\"@type\":\"ReadAction\",\"target\":[\"https:\\\/\\\/antaris.az\\\/m\u0259hsul\\\/skoc-qutu-ucun-48mmx100m\\\/\"]}]},{\"@type\":\"ImageObject\",\"inLanguage\":\"ru-RU\",\"@id\":\"https:\\\/\\\/antaris.az\\\/m\u0259hsul\\\/skoc-qutu-ucun-48mmx100m\\\/#primaryimage\",\"url\":\"https:\\\/\\\/antaris.az\\\/wp-content\\\/uploads\\\/2020\\\/04\\\/AN-00-00002561-Sko\u00e7-qutu-\u00fc\u00e7\u00fcn-48mmx100m.jpg\",\"contentUrl\":\"https:\\\/\\\/antaris.az\\\/wp-content\\\/uploads\\\/2020\\\/04\\\/AN-00-00002561-Sko\u00e7-qutu-\u00fc\u00e7\u00fcn-48mmx100m.jpg\",\"width\":800,\"height\":800},{\"@type\":\"BreadcrumbList\",\"@id\":\"https:\\\/\\\/antaris.az\\\/m\u0259hsul\\\/skoc-qutu-ucun-48mmx100m\\\/#breadcrumb\",\"itemListElement\":[{\"@type\":\"ListItem\",\"position\":1,\"name\":\"Home\",\"item\":\"https:\\\/\\\/antaris.az\\\/\"},{\"@type\":\"ListItem\",\"position\":2,\"name\":\"Ma\u011faza\",\"item\":\"https:\\\/\\\/antaris.az\\\/ru\\\/shop\\\/\"},{\"@type\":\"ListItem\",\"position\":3,\"name\":\"Sko\u00e7 qutu \u00fc\u00e7\u00fcn EZ10066 Eurozone\"}]},{\"@type\":\"WebSite\",\"@id\":\"https:\\\/\\\/antaris.az\\\/#website\",\"url\":\"https:\\\/\\\/antaris.az\\\/\",\"name\":\"Antaris\",\"description\":\"Ofis, ev, m\u0259kt\u0259b \u00fc\u00e7\u00fcn h\u0259r \u015fey\",\"publisher\":{\"@id\":\"https:\\\/\\\/antaris.az\\\/#organization\"},\"potentialAction\":[{\"@type\":\"SearchAction\",\"target\":{\"@type\":\"EntryPoint\",\"urlTemplate\":\"https:\\\/\\\/antaris.az\\\/?s={search_term_string}\"},\"query-input\":{\"@type\":\"PropertyValueSpecification\",\"valueRequired\":true,\"valueName\":\"search_term_string\"}}],\"inLanguage\":\"ru-RU\"},{\"@type\":\"Organization\",\"@id\":\"https:\\\/\\\/antaris.az\\\/#organization\",\"name\":\"Antaris QSC\",\"url\":\"https:\\\/\\\/antaris.az\\\/\",\"logo\":{\"@type\":\"ImageObject\",\"inLanguage\":\"ru-RU\",\"@id\":\"https:\\\/\\\/antaris.az\\\/#\\\/schema\\\/logo\\\/image\\\/\",\"url\":\"https:\\\/\\\/antaris.az\\\/wp-content\\\/uploads\\\/2025\\\/03\\\/Antaris-logo.png\",\"contentUrl\":\"https:\\\/\\\/antaris.az\\\/wp-content\\\/uploads\\\/2025\\\/03\\\/Antaris-logo.png\",\"width\":500,\"height\":500,\"caption\":\"Antaris QSC\"},\"image\":{\"@id\":\"https:\\\/\\\/antaris.az\\\/#\\\/schema\\\/logo\\\/image\\\/\"},\"sameAs\":[\"https:\\\/\\\/www.facebook.com\\\/antaris.az\\\/\",\"https:\\\/\\\/www.instagram.com\\\/antaris.az\\\/\"]}]}<\/script>\n<!-- \/ Yoast SEO plugin. -->","yoast_head_json":{"title":"Sko\u00e7 qutu \u00fc\u00e7\u00fcn EZ10066 Eurozone - Antaris","robots":{"index":"index","follow":"follow","max-snippet":"max-snippet:-1","max-image-preview":"max-image-preview:large","max-video-preview":"max-video-preview:-1"},"canonical":"https:\/\/antaris.az\/ru\/m\u0259hsul\/skoc-qutu-ucun-48mmx100m\/","og_locale":"ru_RU","og_type":"article","og_title":"Sko\u00e7 qutu \u00fc\u00e7\u00fcn EZ10066 Eurozone - Antaris","og_description":"\u00d6l\u00e7\u00fcs\u00fc: 48mmx100m \u0130stehsal\u00e7\u0131 m\u0259hsul kodu: EZ10066 Ticar\u0259t markas\u0131: Eurozone O\u0130stehsal \u00f6lk\u0259si: \u00c7in","og_url":"https:\/\/antaris.az\/ru\/m\u0259hsul\/skoc-qutu-ucun-48mmx100m\/","og_site_name":"Antaris","article_publisher":"https:\/\/www.facebook.com\/antaris.az\/","article_modified_time":"2024-11-26T13:04:11+00:00","og_image":[{"width":800,"height":800,"url":"https:\/\/antaris.az\/wp-content\/uploads\/2020\/04\/AN-00-00002561-Sko\u00e7-qutu-\u00fc\u00e7\u00fcn-48mmx100m.jpg","type":"image\/jpeg"}],"schema":{"@context":"https:\/\/schema.org","@graph":[{"@type":"WebPage","@id":"https:\/\/antaris.az\/m\u0259hsul\/skoc-qutu-ucun-48mmx100m\/","url":"https:\/\/antaris.az\/m\u0259hsul\/skoc-qutu-ucun-48mmx100m\/","name":"Sko\u00e7 qutu \u00fc\u00e7\u00fcn EZ10066 Eurozone - Antaris","isPartOf":{"@id":"https:\/\/antaris.az\/#website"},"primaryImageOfPage":{"@id":"https:\/\/antaris.az\/m\u0259hsul\/skoc-qutu-ucun-48mmx100m\/#primaryimage"},"image":{"@id":"https:\/\/antaris.az\/m\u0259hsul\/skoc-qutu-ucun-48mmx100m\/#primaryimage"},"thumbnailUrl":"https:\/\/antaris.az\/wp-content\/uploads\/2020\/04\/AN-00-00002561-Sko\u00e7-qutu-\u00fc\u00e7\u00fcn-48mmx100m.jpg","datePublished":"2020-04-26T12:09:18+00:00","dateModified":"2024-11-26T13:04:11+00:00","breadcrumb":{"@id":"https:\/\/antaris.az\/m\u0259hsul\/skoc-qutu-ucun-48mmx100m\/#breadcrumb"},"inLanguage":"ru-RU","potentialAction":[{"@type":"ReadAction","target":["https:\/\/antaris.az\/m\u0259hsul\/skoc-qutu-ucun-48mmx100m\/"]}]},{"@type":"ImageObject","inLanguage":"ru-RU","@id":"https:\/\/antaris.az\/m\u0259hsul\/skoc-qutu-ucun-48mmx100m\/#primaryimage","url":"https:\/\/antaris.az\/wp-content\/uploads\/2020\/04\/AN-00-00002561-Sko\u00e7-qutu-\u00fc\u00e7\u00fcn-48mmx100m.jpg","contentUrl":"https:\/\/antaris.az\/wp-content\/uploads\/2020\/04\/AN-00-00002561-Sko\u00e7-qutu-\u00fc\u00e7\u00fcn-48mmx100m.jpg","width":800,"height":800},{"@type":"BreadcrumbList","@id":"https:\/\/antaris.az\/m\u0259hsul\/skoc-qutu-ucun-48mmx100m\/#breadcrumb","itemListElement":[{"@type":"ListItem","position":1,"name":"Home","item":"https:\/\/antaris.az\/"},{"@type":"ListItem","position":2,"name":"Ma\u011faza","item":"https:\/\/antaris.az\/ru\/shop\/"},{"@type":"ListItem","position":3,"name":"Sko\u00e7 qutu \u00fc\u00e7\u00fcn EZ10066 Eurozone"}]},{"@type":"WebSite","@id":"https:\/\/antaris.az\/#website","url":"https:\/\/antaris.az\/","name":"Antaris","description":"Ofis, ev, m\u0259kt\u0259b \u00fc\u00e7\u00fcn h\u0259r \u015fey","publisher":{"@id":"https:\/\/antaris.az\/#organization"},"potentialAction":[{"@type":"SearchAction","target":{"@type":"EntryPoint","urlTemplate":"https:\/\/antaris.az\/?s={search_term_string}"},"query-input":{"@type":"PropertyValueSpecification","valueRequired":true,"valueName":"search_term_string"}}],"inLanguage":"ru-RU"},{"@type":"Organization","@id":"https:\/\/antaris.az\/#organization","name":"\u0410\u043d\u0442\u0430\u0440\u0438\u0441 \u0417\u0410\u041e","url":"https:\/\/antaris.az\/","logo":{"@type":"ImageObject","inLanguage":"ru-RU","@id":"https:\/\/antaris.az\/#\/schema\/logo\/image\/","url":"https:\/\/antaris.az\/wp-content\/uploads\/2025\/03\/Antaris-logo.png","contentUrl":"https:\/\/antaris.az\/wp-content\/uploads\/2025\/03\/Antaris-logo.png","width":500,"height":500,"caption":"Antaris QSC"},"image":{"@id":"https:\/\/antaris.az\/#\/schema\/logo\/image\/"},"sameAs":["https:\/\/www.facebook.com\/antaris.az\/","https:\/\/www.instagram.com\/antaris.az\/"]}]}},"_links":{"self":[{"href":"https:\/\/antaris.az\/ru\/wp-json\/wp\/v2\/product\/6365","targetHints":{"allow":["GET"]}}],"collection":[{"href":"https:\/\/antaris.az\/ru\/wp-json\/wp\/v2\/product"}],"about":[{"href":"https:\/\/antaris.az\/ru\/wp-json\/wp\/v2\/types\/product"}],"version-history":[{"count":0,"href":"https:\/\/antaris.az\/ru\/wp-json\/wp\/v2\/product\/6365\/revisions"}],"wp:featuredmedia":[{"embeddable":true,"href":"https:\/\/antaris.az\/ru\/wp-json\/wp\/v2\/media\/6369"}],"wp:attachment":[{"href":"https:\/\/antaris.az\/ru\/wp-json\/wp\/v2\/media?parent=6365"}],"wp:term":[{"taxonomy":"product_brand","embeddable":true,"href":"https:\/\/antaris.az\/ru\/wp-json\/wp\/v2\/product_brand?post=6365"},{"taxonomy":"product_cat","embeddable":true,"href":"https:\/\/antaris.az\/ru\/wp-json\/wp\/v2\/product_cat?post=6365"},{"taxonomy":"product_tag","embeddable":true,"href":"https:\/\/antaris.az\/ru\/wp-json\/wp\/v2\/product_tag?post=6365"}],"curies":[{"name":"wp","href":"https:\/\/api.w.org\/{rel}","templated":true}]}}