{"id":63498,"date":"2021-07-07T17:18:13","date_gmt":"2021-07-07T14:18:13","guid":{"rendered":"http:\/\/www2.antaris.az\/?post_type=product&#038;p=63498"},"modified":"2024-11-26T16:15:20","modified_gmt":"2024-11-26T12:15:20","slug":"portmone-400-petek-2","status":"publish","type":"product","link":"https:\/\/antaris.az\/ru\/m\u0259hsul\/portmone-400-petek-2\/","title":{"rendered":"Portmone 400 Petek"},"content":{"rendered":"","protected":false},"excerpt":{"rendered":"<p>N\u00f6v\u00fc: Qad\u0131n \u00fc\u00e7\u00fcn<br \/>\nR\u0259ngi: Mix<br \/>\nMaterial: D\u0259ri<br \/>\n\u0130stehsal\u00e7\u0131 m\u0259hsul kodu: 400-RBF-999<br \/>\nTicar\u0259t markas\u0131: Petek<br \/>\n\u0130stehsal\u00e7\u0131 \u00f6lk\u0259: T\u00fcrkiy\u0259<\/p>","protected":false},"featured_media":63499,"template":"","meta":{"_joinchat":[]},"product_brand":[],"product_cat":[440],"product_tag":[],"class_list":{"0":"post-63498","1":"product","2":"type-product","3":"status-publish","4":"has-post-thumbnail","6":"product_cat-cuzdan","7":"pa_brand-petek","9":"first","10":"instock","11":"shipping-taxable","12":"purchasable","13":"product-type-simple"},"yoast_head":"<!-- This site is optimized with the Yoast SEO plugin v27.3 - https:\/\/yoast.com\/product\/yoast-seo-wordpress\/ -->\n<title>Portmone 400 Petek - Antaris<\/title>\n<meta name=\"robots\" content=\"index, follow, max-snippet:-1, max-image-preview:large, max-video-preview:-1\" \/>\n<link rel=\"canonical\" href=\"https:\/\/antaris.az\/ru\/m\u0259hsul\/portmone-400-petek-2\/\" \/>\n<meta property=\"og:locale\" content=\"ru_RU\" \/>\n<meta property=\"og:type\" content=\"article\" \/>\n<meta property=\"og:title\" content=\"Portmone 400 Petek - Antaris\" \/>\n<meta property=\"og:description\" content=\"N\u00f6v\u00fc: Qad\u0131n \u00fc\u00e7\u00fcn R\u0259ngi: Mix Material: D\u0259ri \u0130stehsal\u00e7\u0131 m\u0259hsul kodu: 400-RBF-999 Ticar\u0259t markas\u0131: Petek \u0130stehsal\u00e7\u0131 \u00f6lk\u0259: T\u00fcrkiy\u0259\" \/>\n<meta property=\"og:url\" content=\"https:\/\/antaris.az\/ru\/m\u0259hsul\/portmone-400-petek-2\/\" \/>\n<meta property=\"og:site_name\" content=\"Antaris\" \/>\n<meta property=\"article:publisher\" content=\"https:\/\/www.facebook.com\/antaris.az\/\" \/>\n<meta property=\"article:modified_time\" content=\"2024-11-26T12:15:20+00:00\" \/>\n<meta property=\"og:image\" content=\"https:\/\/antaris.az\/wp-content\/uploads\/2021\/07\/8515e50fd43911eb81b90050569bd7c0_c4693d3adf2c11eb81bb0050569bd7c0.jpg\" \/>\n\t<meta property=\"og:image:width\" content=\"800\" \/>\n\t<meta property=\"og:image:height\" content=\"800\" \/>\n\t<meta property=\"og:image:type\" content=\"image\/jpeg\" \/>\n<script type=\"application\/ld+json\" class=\"yoast-schema-graph\">{\"@context\":\"https:\\\/\\\/schema.org\",\"@graph\":[{\"@type\":\"WebPage\",\"@id\":\"https:\\\/\\\/antaris.az\\\/m\u0259hsul\\\/portmone-400-petek-2\\\/\",\"url\":\"https:\\\/\\\/antaris.az\\\/m\u0259hsul\\\/portmone-400-petek-2\\\/\",\"name\":\"Portmone 400 Petek - Antaris\",\"isPartOf\":{\"@id\":\"https:\\\/\\\/antaris.az\\\/#website\"},\"primaryImageOfPage\":{\"@id\":\"https:\\\/\\\/antaris.az\\\/m\u0259hsul\\\/portmone-400-petek-2\\\/#primaryimage\"},\"image\":{\"@id\":\"https:\\\/\\\/antaris.az\\\/m\u0259hsul\\\/portmone-400-petek-2\\\/#primaryimage\"},\"thumbnailUrl\":\"https:\\\/\\\/antaris.az\\\/wp-content\\\/uploads\\\/2021\\\/07\\\/8515e50fd43911eb81b90050569bd7c0_c4693d3adf2c11eb81bb0050569bd7c0.jpg\",\"datePublished\":\"2021-07-07T14:18:13+00:00\",\"dateModified\":\"2024-11-26T12:15:20+00:00\",\"breadcrumb\":{\"@id\":\"https:\\\/\\\/antaris.az\\\/m\u0259hsul\\\/portmone-400-petek-2\\\/#breadcrumb\"},\"inLanguage\":\"ru-RU\",\"potentialAction\":[{\"@type\":\"ReadAction\",\"target\":[\"https:\\\/\\\/antaris.az\\\/m\u0259hsul\\\/portmone-400-petek-2\\\/\"]}]},{\"@type\":\"ImageObject\",\"inLanguage\":\"ru-RU\",\"@id\":\"https:\\\/\\\/antaris.az\\\/m\u0259hsul\\\/portmone-400-petek-2\\\/#primaryimage\",\"url\":\"https:\\\/\\\/antaris.az\\\/wp-content\\\/uploads\\\/2021\\\/07\\\/8515e50fd43911eb81b90050569bd7c0_c4693d3adf2c11eb81bb0050569bd7c0.jpg\",\"contentUrl\":\"https:\\\/\\\/antaris.az\\\/wp-content\\\/uploads\\\/2021\\\/07\\\/8515e50fd43911eb81b90050569bd7c0_c4693d3adf2c11eb81bb0050569bd7c0.jpg\",\"width\":800,\"height\":800},{\"@type\":\"BreadcrumbList\",\"@id\":\"https:\\\/\\\/antaris.az\\\/m\u0259hsul\\\/portmone-400-petek-2\\\/#breadcrumb\",\"itemListElement\":[{\"@type\":\"ListItem\",\"position\":1,\"name\":\"Home\",\"item\":\"https:\\\/\\\/antaris.az\\\/\"},{\"@type\":\"ListItem\",\"position\":2,\"name\":\"Ma\u011faza\",\"item\":\"https:\\\/\\\/antaris.az\\\/ru\\\/shop\\\/\"},{\"@type\":\"ListItem\",\"position\":3,\"name\":\"Portmone 400 Petek\"}]},{\"@type\":\"WebSite\",\"@id\":\"https:\\\/\\\/antaris.az\\\/#website\",\"url\":\"https:\\\/\\\/antaris.az\\\/\",\"name\":\"Antaris\",\"description\":\"Ofis, ev, m\u0259kt\u0259b \u00fc\u00e7\u00fcn h\u0259r \u015fey\",\"publisher\":{\"@id\":\"https:\\\/\\\/antaris.az\\\/#organization\"},\"potentialAction\":[{\"@type\":\"SearchAction\",\"target\":{\"@type\":\"EntryPoint\",\"urlTemplate\":\"https:\\\/\\\/antaris.az\\\/?s={search_term_string}\"},\"query-input\":{\"@type\":\"PropertyValueSpecification\",\"valueRequired\":true,\"valueName\":\"search_term_string\"}}],\"inLanguage\":\"ru-RU\"},{\"@type\":\"Organization\",\"@id\":\"https:\\\/\\\/antaris.az\\\/#organization\",\"name\":\"Antaris QSC\",\"url\":\"https:\\\/\\\/antaris.az\\\/\",\"logo\":{\"@type\":\"ImageObject\",\"inLanguage\":\"ru-RU\",\"@id\":\"https:\\\/\\\/antaris.az\\\/#\\\/schema\\\/logo\\\/image\\\/\",\"url\":\"https:\\\/\\\/antaris.az\\\/wp-content\\\/uploads\\\/2025\\\/03\\\/Antaris-logo.png\",\"contentUrl\":\"https:\\\/\\\/antaris.az\\\/wp-content\\\/uploads\\\/2025\\\/03\\\/Antaris-logo.png\",\"width\":500,\"height\":500,\"caption\":\"Antaris QSC\"},\"image\":{\"@id\":\"https:\\\/\\\/antaris.az\\\/#\\\/schema\\\/logo\\\/image\\\/\"},\"sameAs\":[\"https:\\\/\\\/www.facebook.com\\\/antaris.az\\\/\",\"https:\\\/\\\/www.instagram.com\\\/antaris.az\\\/\"]}]}<\/script>\n<!-- \/ Yoast SEO plugin. -->","yoast_head_json":{"title":"Portmone 400 Petek - Antaris","robots":{"index":"index","follow":"follow","max-snippet":"max-snippet:-1","max-image-preview":"max-image-preview:large","max-video-preview":"max-video-preview:-1"},"canonical":"https:\/\/antaris.az\/ru\/m\u0259hsul\/portmone-400-petek-2\/","og_locale":"ru_RU","og_type":"article","og_title":"Portmone 400 Petek - Antaris","og_description":"N\u00f6v\u00fc: Qad\u0131n \u00fc\u00e7\u00fcn R\u0259ngi: Mix Material: D\u0259ri \u0130stehsal\u00e7\u0131 m\u0259hsul kodu: 400-RBF-999 Ticar\u0259t markas\u0131: Petek \u0130stehsal\u00e7\u0131 \u00f6lk\u0259: T\u00fcrkiy\u0259","og_url":"https:\/\/antaris.az\/ru\/m\u0259hsul\/portmone-400-petek-2\/","og_site_name":"Antaris","article_publisher":"https:\/\/www.facebook.com\/antaris.az\/","article_modified_time":"2024-11-26T12:15:20+00:00","og_image":[{"width":800,"height":800,"url":"https:\/\/antaris.az\/wp-content\/uploads\/2021\/07\/8515e50fd43911eb81b90050569bd7c0_c4693d3adf2c11eb81bb0050569bd7c0.jpg","type":"image\/jpeg"}],"schema":{"@context":"https:\/\/schema.org","@graph":[{"@type":"WebPage","@id":"https:\/\/antaris.az\/m\u0259hsul\/portmone-400-petek-2\/","url":"https:\/\/antaris.az\/m\u0259hsul\/portmone-400-petek-2\/","name":"Portmone 400 Petek - Antaris","isPartOf":{"@id":"https:\/\/antaris.az\/#website"},"primaryImageOfPage":{"@id":"https:\/\/antaris.az\/m\u0259hsul\/portmone-400-petek-2\/#primaryimage"},"image":{"@id":"https:\/\/antaris.az\/m\u0259hsul\/portmone-400-petek-2\/#primaryimage"},"thumbnailUrl":"https:\/\/antaris.az\/wp-content\/uploads\/2021\/07\/8515e50fd43911eb81b90050569bd7c0_c4693d3adf2c11eb81bb0050569bd7c0.jpg","datePublished":"2021-07-07T14:18:13+00:00","dateModified":"2024-11-26T12:15:20+00:00","breadcrumb":{"@id":"https:\/\/antaris.az\/m\u0259hsul\/portmone-400-petek-2\/#breadcrumb"},"inLanguage":"ru-RU","potentialAction":[{"@type":"ReadAction","target":["https:\/\/antaris.az\/m\u0259hsul\/portmone-400-petek-2\/"]}]},{"@type":"ImageObject","inLanguage":"ru-RU","@id":"https:\/\/antaris.az\/m\u0259hsul\/portmone-400-petek-2\/#primaryimage","url":"https:\/\/antaris.az\/wp-content\/uploads\/2021\/07\/8515e50fd43911eb81b90050569bd7c0_c4693d3adf2c11eb81bb0050569bd7c0.jpg","contentUrl":"https:\/\/antaris.az\/wp-content\/uploads\/2021\/07\/8515e50fd43911eb81b90050569bd7c0_c4693d3adf2c11eb81bb0050569bd7c0.jpg","width":800,"height":800},{"@type":"BreadcrumbList","@id":"https:\/\/antaris.az\/m\u0259hsul\/portmone-400-petek-2\/#breadcrumb","itemListElement":[{"@type":"ListItem","position":1,"name":"Home","item":"https:\/\/antaris.az\/"},{"@type":"ListItem","position":2,"name":"Ma\u011faza","item":"https:\/\/antaris.az\/ru\/shop\/"},{"@type":"ListItem","position":3,"name":"Portmone 400 Petek"}]},{"@type":"WebSite","@id":"https:\/\/antaris.az\/#website","url":"https:\/\/antaris.az\/","name":"Antaris","description":"Ofis, ev, m\u0259kt\u0259b \u00fc\u00e7\u00fcn h\u0259r \u015fey","publisher":{"@id":"https:\/\/antaris.az\/#organization"},"potentialAction":[{"@type":"SearchAction","target":{"@type":"EntryPoint","urlTemplate":"https:\/\/antaris.az\/?s={search_term_string}"},"query-input":{"@type":"PropertyValueSpecification","valueRequired":true,"valueName":"search_term_string"}}],"inLanguage":"ru-RU"},{"@type":"Organization","@id":"https:\/\/antaris.az\/#organization","name":"\u0410\u043d\u0442\u0430\u0440\u0438\u0441 \u0417\u0410\u041e","url":"https:\/\/antaris.az\/","logo":{"@type":"ImageObject","inLanguage":"ru-RU","@id":"https:\/\/antaris.az\/#\/schema\/logo\/image\/","url":"https:\/\/antaris.az\/wp-content\/uploads\/2025\/03\/Antaris-logo.png","contentUrl":"https:\/\/antaris.az\/wp-content\/uploads\/2025\/03\/Antaris-logo.png","width":500,"height":500,"caption":"Antaris QSC"},"image":{"@id":"https:\/\/antaris.az\/#\/schema\/logo\/image\/"},"sameAs":["https:\/\/www.facebook.com\/antaris.az\/","https:\/\/www.instagram.com\/antaris.az\/"]}]}},"_links":{"self":[{"href":"https:\/\/antaris.az\/ru\/wp-json\/wp\/v2\/product\/63498","targetHints":{"allow":["GET"]}}],"collection":[{"href":"https:\/\/antaris.az\/ru\/wp-json\/wp\/v2\/product"}],"about":[{"href":"https:\/\/antaris.az\/ru\/wp-json\/wp\/v2\/types\/product"}],"version-history":[{"count":0,"href":"https:\/\/antaris.az\/ru\/wp-json\/wp\/v2\/product\/63498\/revisions"}],"wp:featuredmedia":[{"embeddable":true,"href":"https:\/\/antaris.az\/ru\/wp-json\/wp\/v2\/media\/63499"}],"wp:attachment":[{"href":"https:\/\/antaris.az\/ru\/wp-json\/wp\/v2\/media?parent=63498"}],"wp:term":[{"taxonomy":"product_brand","embeddable":true,"href":"https:\/\/antaris.az\/ru\/wp-json\/wp\/v2\/product_brand?post=63498"},{"taxonomy":"product_cat","embeddable":true,"href":"https:\/\/antaris.az\/ru\/wp-json\/wp\/v2\/product_cat?post=63498"},{"taxonomy":"product_tag","embeddable":true,"href":"https:\/\/antaris.az\/ru\/wp-json\/wp\/v2\/product_tag?post=63498"}],"curies":[{"name":"wp","href":"https:\/\/api.w.org\/{rel}","templated":true}]}}