{"id":62069,"date":"2021-05-19T21:33:04","date_gmt":"2021-05-19T18:33:04","guid":{"rendered":"http:\/\/www2.antaris.az\/?post_type=product&#038;p=62069"},"modified":"2024-11-26T16:18:35","modified_gmt":"2024-11-26T12:18:35","slug":"q%c9%99l%c9%99m-yed%c9%99yi-diyirc%c9%99kli-hpr741bm-hugo-boss","status":"publish","type":"product","link":"https:\/\/antaris.az\/ru\/m\u0259hsul\/q%c9%99l%c9%99m-yed%c9%99yi-diyirc%c9%99kli-hpr741bm-hugo-boss\/","title":{"rendered":"Q\u0259l\u0259m yed\u0259yi diyirc\u0259kli HPR741BM Hugo Boss"},"content":{"rendered":"","protected":false},"excerpt":{"rendered":"<p>N\u00f6v\u00fc: Diyirc\u0259kli<br \/>\n\u00d6l\u00e7\u00fcs\u00fc: M<br \/>\nR\u0259ngi: Qara<br \/>\nSay: 2 \u0259d\u0259d<br \/>\n\u0130stehsal\u00e7\u0131 m\u0259hsul kodu: HPR741BM<br \/>\nTicar\u0259t markas\u0131: HUGO BOSS<br \/>\n\u0130stehsal\u00e7\u0131 \u00f6lk\u0259: Almaniya<\/p>","protected":false},"featured_media":64927,"template":"","meta":{"_joinchat":[]},"product_brand":[],"product_cat":[348],"product_tag":[],"class_list":{"0":"post-62069","1":"product","2":"type-product","3":"status-publish","4":"has-post-thumbnail","6":"product_cat-diyirckli-qlm","7":"pa_brand-hugo-boss","9":"first","10":"instock","11":"shipping-taxable","12":"purchasable","13":"product-type-simple"},"yoast_head":"<!-- This site is optimized with the Yoast SEO plugin v27.3 - https:\/\/yoast.com\/product\/yoast-seo-wordpress\/ -->\n<title>Q\u0259l\u0259m yed\u0259yi diyirc\u0259kli HPR741BM Hugo Boss - Antaris<\/title>\n<meta name=\"robots\" content=\"index, follow, max-snippet:-1, max-image-preview:large, max-video-preview:-1\" \/>\n<link rel=\"canonical\" href=\"https:\/\/antaris.az\/ru\/m\u0259hsul\/q\u0259l\u0259m-yed\u0259yi-diyirc\u0259kli-hpr741bm-hugo-boss\/\" \/>\n<meta property=\"og:locale\" content=\"ru_RU\" \/>\n<meta property=\"og:type\" content=\"article\" \/>\n<meta property=\"og:title\" content=\"Q\u0259l\u0259m yed\u0259yi diyirc\u0259kli HPR741BM Hugo Boss - Antaris\" \/>\n<meta property=\"og:description\" content=\"N\u00f6v\u00fc: Diyirc\u0259kli \u00d6l\u00e7\u00fcs\u00fc: M R\u0259ngi: Qara Say: 2 \u0259d\u0259d \u0130stehsal\u00e7\u0131 m\u0259hsul kodu: HPR741BM Ticar\u0259t markas\u0131: HUGO BOSS \u0130stehsal\u00e7\u0131 \u00f6lk\u0259: Almaniya\" \/>\n<meta property=\"og:url\" content=\"https:\/\/antaris.az\/ru\/m\u0259hsul\/q\u0259l\u0259m-yed\u0259yi-diyirc\u0259kli-hpr741bm-hugo-boss\/\" \/>\n<meta property=\"og:site_name\" content=\"Antaris\" \/>\n<meta property=\"article:publisher\" content=\"https:\/\/www.facebook.com\/antaris.az\/\" \/>\n<meta property=\"article:modified_time\" content=\"2024-11-26T12:18:35+00:00\" \/>\n<meta property=\"og:image\" content=\"https:\/\/antaris.az\/wp-content\/uploads\/2021\/05\/HPR741BM-1.webp\" \/>\n\t<meta property=\"og:image:width\" content=\"800\" \/>\n\t<meta property=\"og:image:height\" content=\"800\" \/>\n\t<meta property=\"og:image:type\" content=\"image\/webp\" \/>\n<script type=\"application\/ld+json\" class=\"yoast-schema-graph\">{\"@context\":\"https:\\\/\\\/schema.org\",\"@graph\":[{\"@type\":\"WebPage\",\"@id\":\"https:\\\/\\\/antaris.az\\\/ru\\\/m\u0259hsul\\\/q%c9%99l%c9%99m-yed%c9%99yi-diyirc%c9%99kli-hpr741bm-hugo-boss\\\/\",\"url\":\"https:\\\/\\\/antaris.az\\\/ru\\\/m\u0259hsul\\\/q%c9%99l%c9%99m-yed%c9%99yi-diyirc%c9%99kli-hpr741bm-hugo-boss\\\/\",\"name\":\"Q\u0259l\u0259m yed\u0259yi diyirc\u0259kli HPR741BM Hugo Boss - Antaris\",\"isPartOf\":{\"@id\":\"https:\\\/\\\/antaris.az\\\/#website\"},\"primaryImageOfPage\":{\"@id\":\"https:\\\/\\\/antaris.az\\\/ru\\\/m\u0259hsul\\\/q%c9%99l%c9%99m-yed%c9%99yi-diyirc%c9%99kli-hpr741bm-hugo-boss\\\/#primaryimage\"},\"image\":{\"@id\":\"https:\\\/\\\/antaris.az\\\/ru\\\/m\u0259hsul\\\/q%c9%99l%c9%99m-yed%c9%99yi-diyirc%c9%99kli-hpr741bm-hugo-boss\\\/#primaryimage\"},\"thumbnailUrl\":\"https:\\\/\\\/antaris.az\\\/wp-content\\\/uploads\\\/2021\\\/05\\\/HPR741BM-1.webp\",\"datePublished\":\"2021-05-19T18:33:04+00:00\",\"dateModified\":\"2024-11-26T12:18:35+00:00\",\"breadcrumb\":{\"@id\":\"https:\\\/\\\/antaris.az\\\/ru\\\/m\u0259hsul\\\/q%c9%99l%c9%99m-yed%c9%99yi-diyirc%c9%99kli-hpr741bm-hugo-boss\\\/#breadcrumb\"},\"inLanguage\":\"ru-RU\",\"potentialAction\":[{\"@type\":\"ReadAction\",\"target\":[\"https:\\\/\\\/antaris.az\\\/ru\\\/m\u0259hsul\\\/q%c9%99l%c9%99m-yed%c9%99yi-diyirc%c9%99kli-hpr741bm-hugo-boss\\\/\"]}]},{\"@type\":\"ImageObject\",\"inLanguage\":\"ru-RU\",\"@id\":\"https:\\\/\\\/antaris.az\\\/ru\\\/m\u0259hsul\\\/q%c9%99l%c9%99m-yed%c9%99yi-diyirc%c9%99kli-hpr741bm-hugo-boss\\\/#primaryimage\",\"url\":\"https:\\\/\\\/antaris.az\\\/wp-content\\\/uploads\\\/2021\\\/05\\\/HPR741BM-1.webp\",\"contentUrl\":\"https:\\\/\\\/antaris.az\\\/wp-content\\\/uploads\\\/2021\\\/05\\\/HPR741BM-1.webp\",\"width\":800,\"height\":800},{\"@type\":\"BreadcrumbList\",\"@id\":\"https:\\\/\\\/antaris.az\\\/ru\\\/m\u0259hsul\\\/q%c9%99l%c9%99m-yed%c9%99yi-diyirc%c9%99kli-hpr741bm-hugo-boss\\\/#breadcrumb\",\"itemListElement\":[{\"@type\":\"ListItem\",\"position\":1,\"name\":\"Home\",\"item\":\"https:\\\/\\\/antaris.az\\\/\"},{\"@type\":\"ListItem\",\"position\":2,\"name\":\"Ma\u011faza\",\"item\":\"https:\\\/\\\/antaris.az\\\/ru\\\/shop\\\/\"},{\"@type\":\"ListItem\",\"position\":3,\"name\":\"Q\u0259l\u0259m yed\u0259yi diyirc\u0259kli HPR741BM Hugo Boss\"}]},{\"@type\":\"WebSite\",\"@id\":\"https:\\\/\\\/antaris.az\\\/#website\",\"url\":\"https:\\\/\\\/antaris.az\\\/\",\"name\":\"Antaris\",\"description\":\"Ofis, ev, m\u0259kt\u0259b \u00fc\u00e7\u00fcn h\u0259r \u015fey\",\"publisher\":{\"@id\":\"https:\\\/\\\/antaris.az\\\/#organization\"},\"potentialAction\":[{\"@type\":\"SearchAction\",\"target\":{\"@type\":\"EntryPoint\",\"urlTemplate\":\"https:\\\/\\\/antaris.az\\\/?s={search_term_string}\"},\"query-input\":{\"@type\":\"PropertyValueSpecification\",\"valueRequired\":true,\"valueName\":\"search_term_string\"}}],\"inLanguage\":\"ru-RU\"},{\"@type\":\"Organization\",\"@id\":\"https:\\\/\\\/antaris.az\\\/#organization\",\"name\":\"Antaris QSC\",\"url\":\"https:\\\/\\\/antaris.az\\\/\",\"logo\":{\"@type\":\"ImageObject\",\"inLanguage\":\"ru-RU\",\"@id\":\"https:\\\/\\\/antaris.az\\\/#\\\/schema\\\/logo\\\/image\\\/\",\"url\":\"https:\\\/\\\/antaris.az\\\/wp-content\\\/uploads\\\/2025\\\/03\\\/Antaris-logo.png\",\"contentUrl\":\"https:\\\/\\\/antaris.az\\\/wp-content\\\/uploads\\\/2025\\\/03\\\/Antaris-logo.png\",\"width\":500,\"height\":500,\"caption\":\"Antaris QSC\"},\"image\":{\"@id\":\"https:\\\/\\\/antaris.az\\\/#\\\/schema\\\/logo\\\/image\\\/\"},\"sameAs\":[\"https:\\\/\\\/www.facebook.com\\\/antaris.az\\\/\",\"https:\\\/\\\/www.instagram.com\\\/antaris.az\\\/\"]}]}<\/script>\n<!-- \/ Yoast SEO plugin. -->","yoast_head_json":{"title":"Q\u0259l\u0259m yed\u0259yi diyirc\u0259kli HPR741BM Hugo Boss - Antaris","robots":{"index":"index","follow":"follow","max-snippet":"max-snippet:-1","max-image-preview":"max-image-preview:large","max-video-preview":"max-video-preview:-1"},"canonical":"https:\/\/antaris.az\/ru\/m\u0259hsul\/q\u0259l\u0259m-yed\u0259yi-diyirc\u0259kli-hpr741bm-hugo-boss\/","og_locale":"ru_RU","og_type":"article","og_title":"Q\u0259l\u0259m yed\u0259yi diyirc\u0259kli HPR741BM Hugo Boss - Antaris","og_description":"N\u00f6v\u00fc: Diyirc\u0259kli \u00d6l\u00e7\u00fcs\u00fc: M R\u0259ngi: Qara Say: 2 \u0259d\u0259d \u0130stehsal\u00e7\u0131 m\u0259hsul kodu: HPR741BM Ticar\u0259t markas\u0131: HUGO BOSS \u0130stehsal\u00e7\u0131 \u00f6lk\u0259: Almaniya","og_url":"https:\/\/antaris.az\/ru\/m\u0259hsul\/q\u0259l\u0259m-yed\u0259yi-diyirc\u0259kli-hpr741bm-hugo-boss\/","og_site_name":"Antaris","article_publisher":"https:\/\/www.facebook.com\/antaris.az\/","article_modified_time":"2024-11-26T12:18:35+00:00","og_image":[{"width":800,"height":800,"url":"https:\/\/antaris.az\/wp-content\/uploads\/2021\/05\/HPR741BM-1.webp","type":"image\/webp"}],"schema":{"@context":"https:\/\/schema.org","@graph":[{"@type":"WebPage","@id":"https:\/\/antaris.az\/ru\/m\u0259hsul\/q%c9%99l%c9%99m-yed%c9%99yi-diyirc%c9%99kli-hpr741bm-hugo-boss\/","url":"https:\/\/antaris.az\/ru\/m\u0259hsul\/q%c9%99l%c9%99m-yed%c9%99yi-diyirc%c9%99kli-hpr741bm-hugo-boss\/","name":"Q\u0259l\u0259m yed\u0259yi diyirc\u0259kli HPR741BM Hugo Boss - Antaris","isPartOf":{"@id":"https:\/\/antaris.az\/#website"},"primaryImageOfPage":{"@id":"https:\/\/antaris.az\/ru\/m\u0259hsul\/q%c9%99l%c9%99m-yed%c9%99yi-diyirc%c9%99kli-hpr741bm-hugo-boss\/#primaryimage"},"image":{"@id":"https:\/\/antaris.az\/ru\/m\u0259hsul\/q%c9%99l%c9%99m-yed%c9%99yi-diyirc%c9%99kli-hpr741bm-hugo-boss\/#primaryimage"},"thumbnailUrl":"https:\/\/antaris.az\/wp-content\/uploads\/2021\/05\/HPR741BM-1.webp","datePublished":"2021-05-19T18:33:04+00:00","dateModified":"2024-11-26T12:18:35+00:00","breadcrumb":{"@id":"https:\/\/antaris.az\/ru\/m\u0259hsul\/q%c9%99l%c9%99m-yed%c9%99yi-diyirc%c9%99kli-hpr741bm-hugo-boss\/#breadcrumb"},"inLanguage":"ru-RU","potentialAction":[{"@type":"ReadAction","target":["https:\/\/antaris.az\/ru\/m\u0259hsul\/q%c9%99l%c9%99m-yed%c9%99yi-diyirc%c9%99kli-hpr741bm-hugo-boss\/"]}]},{"@type":"ImageObject","inLanguage":"ru-RU","@id":"https:\/\/antaris.az\/ru\/m\u0259hsul\/q%c9%99l%c9%99m-yed%c9%99yi-diyirc%c9%99kli-hpr741bm-hugo-boss\/#primaryimage","url":"https:\/\/antaris.az\/wp-content\/uploads\/2021\/05\/HPR741BM-1.webp","contentUrl":"https:\/\/antaris.az\/wp-content\/uploads\/2021\/05\/HPR741BM-1.webp","width":800,"height":800},{"@type":"BreadcrumbList","@id":"https:\/\/antaris.az\/ru\/m\u0259hsul\/q%c9%99l%c9%99m-yed%c9%99yi-diyirc%c9%99kli-hpr741bm-hugo-boss\/#breadcrumb","itemListElement":[{"@type":"ListItem","position":1,"name":"Home","item":"https:\/\/antaris.az\/"},{"@type":"ListItem","position":2,"name":"Ma\u011faza","item":"https:\/\/antaris.az\/ru\/shop\/"},{"@type":"ListItem","position":3,"name":"Q\u0259l\u0259m yed\u0259yi diyirc\u0259kli HPR741BM Hugo Boss"}]},{"@type":"WebSite","@id":"https:\/\/antaris.az\/#website","url":"https:\/\/antaris.az\/","name":"Antaris","description":"Ofis, ev, m\u0259kt\u0259b \u00fc\u00e7\u00fcn h\u0259r \u015fey","publisher":{"@id":"https:\/\/antaris.az\/#organization"},"potentialAction":[{"@type":"SearchAction","target":{"@type":"EntryPoint","urlTemplate":"https:\/\/antaris.az\/?s={search_term_string}"},"query-input":{"@type":"PropertyValueSpecification","valueRequired":true,"valueName":"search_term_string"}}],"inLanguage":"ru-RU"},{"@type":"Organization","@id":"https:\/\/antaris.az\/#organization","name":"\u0410\u043d\u0442\u0430\u0440\u0438\u0441 \u0417\u0410\u041e","url":"https:\/\/antaris.az\/","logo":{"@type":"ImageObject","inLanguage":"ru-RU","@id":"https:\/\/antaris.az\/#\/schema\/logo\/image\/","url":"https:\/\/antaris.az\/wp-content\/uploads\/2025\/03\/Antaris-logo.png","contentUrl":"https:\/\/antaris.az\/wp-content\/uploads\/2025\/03\/Antaris-logo.png","width":500,"height":500,"caption":"Antaris QSC"},"image":{"@id":"https:\/\/antaris.az\/#\/schema\/logo\/image\/"},"sameAs":["https:\/\/www.facebook.com\/antaris.az\/","https:\/\/www.instagram.com\/antaris.az\/"]}]}},"_links":{"self":[{"href":"https:\/\/antaris.az\/ru\/wp-json\/wp\/v2\/product\/62069","targetHints":{"allow":["GET"]}}],"collection":[{"href":"https:\/\/antaris.az\/ru\/wp-json\/wp\/v2\/product"}],"about":[{"href":"https:\/\/antaris.az\/ru\/wp-json\/wp\/v2\/types\/product"}],"version-history":[{"count":0,"href":"https:\/\/antaris.az\/ru\/wp-json\/wp\/v2\/product\/62069\/revisions"}],"wp:featuredmedia":[{"embeddable":true,"href":"https:\/\/antaris.az\/ru\/wp-json\/wp\/v2\/media\/64927"}],"wp:attachment":[{"href":"https:\/\/antaris.az\/ru\/wp-json\/wp\/v2\/media?parent=62069"}],"wp:term":[{"taxonomy":"product_brand","embeddable":true,"href":"https:\/\/antaris.az\/ru\/wp-json\/wp\/v2\/product_brand?post=62069"},{"taxonomy":"product_cat","embeddable":true,"href":"https:\/\/antaris.az\/ru\/wp-json\/wp\/v2\/product_cat?post=62069"},{"taxonomy":"product_tag","embeddable":true,"href":"https:\/\/antaris.az\/ru\/wp-json\/wp\/v2\/product_tag?post=62069"}],"curies":[{"name":"wp","href":"https:\/\/api.w.org\/{rel}","templated":true}]}}